{"id":2663,"date":"2013-09-19T14:44:44","date_gmt":"2013-09-19T14:44:44","guid":{"rendered":"http:\/\/www.humanium.org\/de\/?page_id=2663"},"modified":"2025-12-06T06:23:01","modified_gmt":"2025-12-06T06:23:01","slug":"rolle-und-zustandigkeiten-allgemeine-bemerkungen-und-diskussionstage_der-ausschuss-fur-die-rechte-des-kindes","status":"publish","type":"page","link":"https:\/\/www.humanium.org\/de\/rolle-und-zustandigkeiten-allgemeine-bemerkungen-und-diskussionstage_der-ausschuss-fur-die-rechte-des-kindes\/","title":{"rendered":"Der Ausschuss f\u00fcr die Rechte des Kindes &#8211; Allgemeine Bemerkungen und Diskussionstage"},"content":{"rendered":"<h1>Der Ausschuss f\u00fcr die Rechte des Kindes<\/h1>\n<h2>Funktion und Kompetenzen &#8211; Allgemeine Bemerkungen und Diskussionstage<\/h2>\n<p><strong>Zus\u00e4tzlich zu der Pr\u00fcfung von Berichten und Mitteilungen der Staaten verfasst und ver\u00f6ffentlicht der Ausschuss f\u00fcr die Rechte des Kindes auch allgemeine Bemerkungen und organisiert Diskussionstage.<\/strong><\/p>\n<h3>Allgemeine Bemerkungen<\/h3>\n<p>Der Kinderrechtsausschuss verfasst Kommentare zur Auslegung der <a href=\"https:\/\/www.humanium.org\/de\/konvention-rechte-kindes\/\">Kinderrechtskonvention<\/a> (KRK), um die Schwerpunkte gewisser Rechte zu erl\u00e4utern und damit die Staaten bei der Auslegung und Umsetzung der einzelnen Rechte des \u00dcbereinkommens zu unterst\u00fctzen.<\/p>\n<p>Diese Interpretationsleitlinien sind als Allgemeine Bemerkungen (General Comments) verfasst. Bis heute wurden vom Ausschuss 12 der Allgemeinen Bemerkungen ver\u00f6ffentlicht:<\/p>\n<ul>\n<li>2001: Allgemeine Bemerkung Nr. 1: Bildungsziele<\/li>\n<li>2002: Allgemeine Bemerkung. 2: Die Rolle unabh\u00e4ngiger nationaler Menschenrechtsinstitutionen beim Schutz der Menschenrechte<\/li>\n<li>2003: Allgemeine Bemerkung Nr. 3: HIV\/AIDS und Kinderrechte<\/li>\n<li>2003: Allgemeine Bemerkung Nr. 4 zum Recht auf Gesundheit und Entwicklung Heranwachsender<\/li>\n<li>2003: Allgemeine Bemerkung Nr. 5 \u00fcber allgemeine Ma\u00dfnahmen zur Umsetzung der Konvention \u00fcber die Rechte des Kindes<\/li>\n<li>2005: Allgemeine Bemerkung Nr. 6 zur Behandlung unbegleiteter, von ihren Familien getrennt und au\u00dferhalb ihres Herkunftslandes lebender Kinder<\/li>\n<li>2005: Allgemeine Bemerkung Nr. 7 zur Umsetzung der Kinderrechte in der fr\u00fchen Kindheit<\/li>\n<li>2005: Allgemeine Bemerkung Nr. 8 zum Recht des Kindes auf Schutz vor k\u00f6rperlicher Z\u00fcchtigung und anderer grausamer oder erniedrigender Formen der Bestrafung<\/li>\n<li>2006: Allgemeine Bemerkung Nr. 9 zu Rechten von Kindern mit Behinderungen<\/li>\n<li>2007: Allgemeine Bemerkung Nr. 10 zu Rechten des Kindes in der Jugendgerichtsbarkeit<\/li>\n<li>2009: Allgemeine Bemerkung Nr. 11 zu Rechten von Kindern indigener Bev\u00f6lkerung<\/li>\n<li>2009: Allgemeine Bemerkung Nr. 12 zum Recht des Kindes, geh\u00f6rt zu werden<\/li>\n<\/ul>\n<h3>Allgemeine Diskussionstage<\/h3>\n<p><img loading=\"lazy\" decoding=\"async\" class=\" wp-image-2672 alignright\" title=\"Auf den Diskussionstagen widmen sich Experten der Betrachtung von Themen und Bestimmungen der Konvention \u00a9 Humanium\" src=\"https:\/\/www.humanium.org\/de\/wp-content\/uploads\/2013\/09\/100_15021-300x237.jpg\" alt=\"100_15021\" width=\"270\" height=\"213\" \/>Seit 1992 veranstaltet der Ausschuss einen j\u00e4hrlich stattfindenden allgemeinen Diskussionstag (Day of General Discussion).<\/p>\n<p>Ziel dieses Tages ist es, ein besseres Verst\u00e4ndnis \u00fcber Inhalte und Themen der KRK mit Bezug auf spezifische Bestimmungen oder Bereiche zu schaffen.<\/p>\n<p>An diesem Tag werden \u00f6ffentliche Diskussionen organisiert, an denen Vertreter von Organisationen und andere Personen, die sich f\u00fcr die F\u00f6rderung und den Schutz von Kinderrechten engagieren, teilnehmen k\u00f6nnen.<\/p>\n<p>Eingeladen werden Vertreter von Regierungen, Nichtregierungsorganisationen, VN-Menschenrechtsinstitutionen und VN-Sonderabteilungen sowie andere Fachleute.<\/p>\n<p>Zum Ende des Diskussionstages wird vom Ausschuss eine Empfehlung verabschiedet, welche die aufgeworfenen Fragen und diskutierten Antworten zusammenfasst.<\/p>\n<div id=\"toggle\"><\/div>\n<div id=\"voir_aussi_box\" style=\"display: none;\">\n<ul>\n<li><a href=\"https:\/\/www.humanium.org\/de\/ausschuss-rolle\/\">Entstehen und Funktionieren des Ausschusses<\/a><\/li>\n<li><a href=\"https:\/\/www.humanium.org\/de\/analyse-der-berichte-und-der-kommunikation_der-ausschuss-fur-die-rechte-des-kindes\/\">Funktion und Kompetenzen des Ausschusses: Pr\u00fcfung der Berichte und der Kommunikation<\/a><\/li>\n<li><a href=\"https:\/\/www.humanium.org\/de\/grenzen-des-ausschusses\/\">Grenzen des Ausschusses<\/a><\/li>\n<\/ul>\n<\/div>\n<div id=\"toggle\"><\/div>\n<div id=\"sources_box\" style=\"display: none;\">\n<ul>Siehe verwendete Quellen f\u00fcr die Originalversion in Franz\u00f6sisch.<\/ul>\n<\/div>\n","protected":false},"excerpt":{"rendered":"<p>Der Ausschuss f\u00fcr die Rechte des Kindes Funktion und Kompetenzen &#8211; Allgemeine Bemerkungen und Diskussionstage Zus\u00e4tzlich zu der Pr\u00fcfung von Berichten und Mitteilungen der Staaten verfasst und ver\u00f6ffentlicht der Ausschuss f\u00fcr die Rechte des Kindes auch allgemeine Bemerkungen und organisiert Diskussionstage. Allgemeine Bemerkungen Der Kinderrechtsausschuss verfasst Kommentare zur Auslegung der Kinderrechtskonvention (KRK), um die Schwerpunkte [&hellip;]<\/p>\n","protected":false},"author":1,"featured_media":0,"parent":0,"menu_order":0,"comment_status":"closed","ping_status":"closed","template":"","meta":{"footnotes":""},"class_list":["post-2663","page","type-page","status-publish","hentry"],"yoast_head":"<!-- This site is optimized with the Yoast SEO plugin v26.5 - https:\/\/yoast.com\/wordpress\/plugins\/seo\/ -->\n<title>Der Ausschuss f\u00fcr die Rechte des Kindes - Allgemeine Bemerkungen und Diskussionstage - Humanium<\/title>\n<meta name=\"robots\" content=\"index, follow, max-snippet:-1, max-image-preview:large, max-video-preview:-1\" \/>\n<link rel=\"canonical\" href=\"https:\/\/www.humanium.org\/de\/rolle-und-zustandigkeiten-allgemeine-bemerkungen-und-diskussionstage_der-ausschuss-fur-die-rechte-des-kindes\/\" \/>\n<meta property=\"og:locale\" content=\"de_DE\" \/>\n<meta property=\"og:type\" content=\"article\" \/>\n<meta property=\"og:title\" content=\"Der Ausschuss f\u00fcr die Rechte des Kindes - Allgemeine Bemerkungen und Diskussionstage - Humanium\" \/>\n<meta property=\"og:description\" content=\"Der Ausschuss f\u00fcr die Rechte des Kindes Funktion und Kompetenzen &#8211; Allgemeine Bemerkungen und Diskussionstage Zus\u00e4tzlich zu der Pr\u00fcfung von Berichten und Mitteilungen der Staaten verfasst und ver\u00f6ffentlicht der Ausschuss f\u00fcr die Rechte des Kindes auch allgemeine Bemerkungen und organisiert Diskussionstage. Allgemeine Bemerkungen Der Kinderrechtsausschuss verfasst Kommentare zur Auslegung der Kinderrechtskonvention (KRK), um die Schwerpunkte [&hellip;]\" \/>\n<meta property=\"og:url\" content=\"https:\/\/www.humanium.org\/de\/rolle-und-zustandigkeiten-allgemeine-bemerkungen-und-diskussionstage_der-ausschuss-fur-die-rechte-des-kindes\/\" \/>\n<meta property=\"og:site_name\" content=\"Humanium\" \/>\n<meta property=\"article:modified_time\" content=\"2025-12-06T06:23:01+00:00\" \/>\n<meta name=\"twitter:card\" content=\"summary_large_image\" \/>\n<meta name=\"twitter:label1\" content=\"Gesch\u00e4tzte Lesezeit\" \/>\n\t<meta name=\"twitter:data1\" content=\"3\u00a0Minuten\" \/>\n<script type=\"application\/ld+json\" class=\"yoast-schema-graph\">{\"@context\":\"https:\/\/schema.org\",\"@graph\":[{\"@type\":\"WebPage\",\"@id\":\"https:\/\/www.humanium.org\/de\/rolle-und-zustandigkeiten-allgemeine-bemerkungen-und-diskussionstage_der-ausschuss-fur-die-rechte-des-kindes\/\",\"url\":\"https:\/\/www.humanium.org\/de\/rolle-und-zustandigkeiten-allgemeine-bemerkungen-und-diskussionstage_der-ausschuss-fur-die-rechte-des-kindes\/\",\"name\":\"Der Ausschuss f\u00fcr die Rechte des Kindes - Allgemeine Bemerkungen und Diskussionstage - Humanium\",\"isPartOf\":{\"@id\":\"https:\/\/www.humanium.org\/de\/#website\"},\"primaryImageOfPage\":{\"@id\":\"https:\/\/www.humanium.org\/de\/rolle-und-zustandigkeiten-allgemeine-bemerkungen-und-diskussionstage_der-ausschuss-fur-die-rechte-des-kindes\/#primaryimage\"},\"image\":{\"@id\":\"https:\/\/www.humanium.org\/de\/rolle-und-zustandigkeiten-allgemeine-bemerkungen-und-diskussionstage_der-ausschuss-fur-die-rechte-des-kindes\/#primaryimage\"},\"thumbnailUrl\":\"https:\/\/www.humanium.org\/de\/wp-content\/uploads\/2013\/09\/100_15021-300x237.jpg\",\"datePublished\":\"2013-09-19T14:44:44+00:00\",\"dateModified\":\"2025-12-06T06:23:01+00:00\",\"breadcrumb\":{\"@id\":\"https:\/\/www.humanium.org\/de\/rolle-und-zustandigkeiten-allgemeine-bemerkungen-und-diskussionstage_der-ausschuss-fur-die-rechte-des-kindes\/#breadcrumb\"},\"inLanguage\":\"de\",\"potentialAction\":[{\"@type\":\"ReadAction\",\"target\":[\"https:\/\/www.humanium.org\/de\/rolle-und-zustandigkeiten-allgemeine-bemerkungen-und-diskussionstage_der-ausschuss-fur-die-rechte-des-kindes\/\"]}]},{\"@type\":\"ImageObject\",\"inLanguage\":\"de\",\"@id\":\"https:\/\/www.humanium.org\/de\/rolle-und-zustandigkeiten-allgemeine-bemerkungen-und-diskussionstage_der-ausschuss-fur-die-rechte-des-kindes\/#primaryimage\",\"url\":\"https:\/\/www.humanium.org\/de\/wp-content\/uploads\/2013\/09\/100_15021-300x237.jpg\",\"contentUrl\":\"https:\/\/www.humanium.org\/de\/wp-content\/uploads\/2013\/09\/100_15021-300x237.jpg\"},{\"@type\":\"BreadcrumbList\",\"@id\":\"https:\/\/www.humanium.org\/de\/rolle-und-zustandigkeiten-allgemeine-bemerkungen-und-diskussionstage_der-ausschuss-fur-die-rechte-des-kindes\/#breadcrumb\",\"itemListElement\":[{\"@type\":\"ListItem\",\"position\":1,\"name\":\"Home\",\"item\":\"https:\/\/www.humanium.org\/de\/\"},{\"@type\":\"ListItem\",\"position\":2,\"name\":\"Der Ausschuss f\u00fcr die Rechte des Kindes &#8211; Allgemeine Bemerkungen und Diskussionstage\"}]},{\"@type\":\"WebSite\",\"@id\":\"https:\/\/www.humanium.org\/de\/#website\",\"url\":\"https:\/\/www.humanium.org\/de\/\",\"name\":\"Humanium\",\"description\":\"Kinder zuerst!\",\"potentialAction\":[{\"@type\":\"SearchAction\",\"target\":{\"@type\":\"EntryPoint\",\"urlTemplate\":\"https:\/\/www.humanium.org\/de\/?s={search_term_string}\"},\"query-input\":{\"@type\":\"PropertyValueSpecification\",\"valueRequired\":true,\"valueName\":\"search_term_string\"}}],\"inLanguage\":\"de\"}]}<\/script>\n<!-- \/ Yoast SEO plugin. -->","yoast_head_json":{"title":"Der Ausschuss f\u00fcr die Rechte des Kindes - Allgemeine Bemerkungen und Diskussionstage - Humanium","robots":{"index":"index","follow":"follow","max-snippet":"max-snippet:-1","max-image-preview":"max-image-preview:large","max-video-preview":"max-video-preview:-1"},"canonical":"https:\/\/www.humanium.org\/de\/rolle-und-zustandigkeiten-allgemeine-bemerkungen-und-diskussionstage_der-ausschuss-fur-die-rechte-des-kindes\/","og_locale":"de_DE","og_type":"article","og_title":"Der Ausschuss f\u00fcr die Rechte des Kindes - Allgemeine Bemerkungen und Diskussionstage - Humanium","og_description":"Der Ausschuss f\u00fcr die Rechte des Kindes Funktion und Kompetenzen &#8211; Allgemeine Bemerkungen und Diskussionstage Zus\u00e4tzlich zu der Pr\u00fcfung von Berichten und Mitteilungen der Staaten verfasst und ver\u00f6ffentlicht der Ausschuss f\u00fcr die Rechte des Kindes auch allgemeine Bemerkungen und organisiert Diskussionstage. Allgemeine Bemerkungen Der Kinderrechtsausschuss verfasst Kommentare zur Auslegung der Kinderrechtskonvention (KRK), um die Schwerpunkte [&hellip;]","og_url":"https:\/\/www.humanium.org\/de\/rolle-und-zustandigkeiten-allgemeine-bemerkungen-und-diskussionstage_der-ausschuss-fur-die-rechte-des-kindes\/","og_site_name":"Humanium","article_modified_time":"2025-12-06T06:23:01+00:00","twitter_card":"summary_large_image","twitter_misc":{"Gesch\u00e4tzte Lesezeit":"3\u00a0Minuten"},"schema":{"@context":"https:\/\/schema.org","@graph":[{"@type":"WebPage","@id":"https:\/\/www.humanium.org\/de\/rolle-und-zustandigkeiten-allgemeine-bemerkungen-und-diskussionstage_der-ausschuss-fur-die-rechte-des-kindes\/","url":"https:\/\/www.humanium.org\/de\/rolle-und-zustandigkeiten-allgemeine-bemerkungen-und-diskussionstage_der-ausschuss-fur-die-rechte-des-kindes\/","name":"Der Ausschuss f\u00fcr die Rechte des Kindes - Allgemeine Bemerkungen und Diskussionstage - Humanium","isPartOf":{"@id":"https:\/\/www.humanium.org\/de\/#website"},"primaryImageOfPage":{"@id":"https:\/\/www.humanium.org\/de\/rolle-und-zustandigkeiten-allgemeine-bemerkungen-und-diskussionstage_der-ausschuss-fur-die-rechte-des-kindes\/#primaryimage"},"image":{"@id":"https:\/\/www.humanium.org\/de\/rolle-und-zustandigkeiten-allgemeine-bemerkungen-und-diskussionstage_der-ausschuss-fur-die-rechte-des-kindes\/#primaryimage"},"thumbnailUrl":"https:\/\/www.humanium.org\/de\/wp-content\/uploads\/2013\/09\/100_15021-300x237.jpg","datePublished":"2013-09-19T14:44:44+00:00","dateModified":"2025-12-06T06:23:01+00:00","breadcrumb":{"@id":"https:\/\/www.humanium.org\/de\/rolle-und-zustandigkeiten-allgemeine-bemerkungen-und-diskussionstage_der-ausschuss-fur-die-rechte-des-kindes\/#breadcrumb"},"inLanguage":"de","potentialAction":[{"@type":"ReadAction","target":["https:\/\/www.humanium.org\/de\/rolle-und-zustandigkeiten-allgemeine-bemerkungen-und-diskussionstage_der-ausschuss-fur-die-rechte-des-kindes\/"]}]},{"@type":"ImageObject","inLanguage":"de","@id":"https:\/\/www.humanium.org\/de\/rolle-und-zustandigkeiten-allgemeine-bemerkungen-und-diskussionstage_der-ausschuss-fur-die-rechte-des-kindes\/#primaryimage","url":"https:\/\/www.humanium.org\/de\/wp-content\/uploads\/2013\/09\/100_15021-300x237.jpg","contentUrl":"https:\/\/www.humanium.org\/de\/wp-content\/uploads\/2013\/09\/100_15021-300x237.jpg"},{"@type":"BreadcrumbList","@id":"https:\/\/www.humanium.org\/de\/rolle-und-zustandigkeiten-allgemeine-bemerkungen-und-diskussionstage_der-ausschuss-fur-die-rechte-des-kindes\/#breadcrumb","itemListElement":[{"@type":"ListItem","position":1,"name":"Home","item":"https:\/\/www.humanium.org\/de\/"},{"@type":"ListItem","position":2,"name":"Der Ausschuss f\u00fcr die Rechte des Kindes &#8211; Allgemeine Bemerkungen und Diskussionstage"}]},{"@type":"WebSite","@id":"https:\/\/www.humanium.org\/de\/#website","url":"https:\/\/www.humanium.org\/de\/","name":"Humanium","description":"Kinder zuerst!","potentialAction":[{"@type":"SearchAction","target":{"@type":"EntryPoint","urlTemplate":"https:\/\/www.humanium.org\/de\/?s={search_term_string}"},"query-input":{"@type":"PropertyValueSpecification","valueRequired":true,"valueName":"search_term_string"}}],"inLanguage":"de"}]}},"_links":{"self":[{"href":"https:\/\/www.humanium.org\/de\/wp-json\/wp\/v2\/pages\/2663","targetHints":{"allow":["GET"]}}],"collection":[{"href":"https:\/\/www.humanium.org\/de\/wp-json\/wp\/v2\/pages"}],"about":[{"href":"https:\/\/www.humanium.org\/de\/wp-json\/wp\/v2\/types\/page"}],"author":[{"embeddable":true,"href":"https:\/\/www.humanium.org\/de\/wp-json\/wp\/v2\/users\/1"}],"replies":[{"embeddable":true,"href":"https:\/\/www.humanium.org\/de\/wp-json\/wp\/v2\/comments?post=2663"}],"version-history":[{"count":8,"href":"https:\/\/www.humanium.org\/de\/wp-json\/wp\/v2\/pages\/2663\/revisions"}],"predecessor-version":[{"id":20666,"href":"https:\/\/www.humanium.org\/de\/wp-json\/wp\/v2\/pages\/2663\/revisions\/20666"}],"wp:attachment":[{"href":"https:\/\/www.humanium.org\/de\/wp-json\/wp\/v2\/media?parent=2663"}],"curies":[{"name":"wp","href":"https:\/\/api.w.org\/{rel}","templated":true}]}}