{"id":2683,"date":"2013-09-23T08:33:47","date_gmt":"2013-09-23T08:33:47","guid":{"rendered":"http:\/\/www.humanium.org\/de\/?page_id=2683"},"modified":"2025-12-06T06:23:02","modified_gmt":"2025-12-06T06:23:02","slug":"zeil-der-konvention","status":"publish","type":"page","link":"https:\/\/www.humanium.org\/de\/zeil-der-konvention\/","title":{"rendered":"Ziel der Konvention"},"content":{"rendered":"<h1>Die Kinderrechtskonvention<\/h1>\n<h2>Das Ziel der Konvention<\/h2>\n<p><strong>Der Schutz der Kinderrechte und deren Durchsetzung sind das Hauptanliegen des \u00dcbereinkommens \u00fcber die Rechte des Kindes.<\/strong><\/p>\n<h3>Ein Rechtsdokument \u00fcber die Verpflichtungen der Vertragsstaaten<\/h3>\n<p>Die <a href=\"https:\/\/www.humanium.org\/de\/konvention-rechte-kindes\/\">Kinderrechtskonvention von 1989<\/a> und deren zwei Fakultativprotokolle kennzeichnen einen enormen Fortschritt im Rahmen des Schutzes der Kinderrechte.<\/p>\n<p>Als erstes verbindliches Abkommen im internationalen Recht bez\u00fcglich der Kinderrechte verpflichtet die Kinderrechtskonvention ratifizierende Staaten zu gewissen Obligationen. Die Vertragsstaaten verpflichten sich, die Grunds\u00e4tze und Bestimmungen dieses \u00dcbereinkommens anhand geeigneten und wirksamen Massnahmen durchzusetzen.<\/p>\n<p>Zum Beispiel m\u00fcssen die Staaten innerhalb ihrer Landesgrenzen ein sicheres Umfeld f\u00fcr alle Kinder schaffen (ob diese nun ihrer Jurisdiktion unterliegen oder nicht) und Institutionen zum Schutze des Wohlbefindens der Kinder errichten. Damit werden die Grundrechte der Kinder gesichert.<\/p>\n<p>Des Weiteren verf\u00fcgt die Konvention \u00fcber eine Kontrollinstanz, dem <a href=\"https:\/\/www.humanium.org\/de\/ausschuss-rolle\/\">Ausschuss f\u00fcr die Rechte des Kindes<\/a>. Der Ausschuss \u00fcberwacht die Umsetzung der Konvention und der Zusatzprotokolle von den Vertragsstaaten und nimmt periodische Berichte \u00fcber deren Fortschritte sowie der aktuellen Lage der Kinderrechte entgegen.<\/p>\n<p>Zus\u00e4tzlich empf\u00e4ngt und bearbeitet der Ausschuss auch Berichte von nationalen NROs (Nichtregierungsorganisationen), um eine m\u00f6glichst sachgerechte und transparente Darstellung der Situation der Kinderrechte in den verschiedenen Staaten zu haben.<\/p>\n<h3>Das Kind als Rechtstr\u00e4ger<\/h3>\n<p>Das <a href=\"https:\/\/www.humanium.org\/de\/konvention-rechte-kindes\/\">\u00dcbereinkommen \u00fcber die Rechte des Kindes<\/a> ist das erste internationale Abkommen, welches dem Kind unabdingbare Rechte und Freiheiten anerkennt.<\/p>\n<p>Die wichtigsten Abkommen vor der Kinderrechtskonvention, beispielsweise die Deklaration von 1924 oder 1959, bestimmten lediglich Regeln die Bezug auf Kinder nehmen, erkannten diese jedoch nicht als eigenst\u00e4ndige Rechtstr\u00e4ger an.<\/p>\n<p>Die Kinderrechtskonvention verleiht ihnen die rechtliche Grundlage als selbstbestimmende Individuen ihr Schicksal mitzubestimmen und den Respekt ihrer Rechte zu fordern. Als Rechtstr\u00e4ger haben die Kinder ein Mitbestimmungsrecht bei Entscheidungen, die deren Wohlbefinden betreffen und die M\u00f6glichkeit, ihre Meinung zu relevanten Themen zu \u00e4u\u00dfern.<\/p>\n<p>Die Interessen der Kinder sind nicht mehr lediglich vom Standpunkt der Erwachsenen aus vertreten, sondern die Kinder werden miteinbezogen. Durch die Kinderrechtskonvention wird somit das Mitwirken der Kinder als ausschlaggebend f\u00fcr die erfolgreiche F\u00f6rderung ihrer Rechte und des Kinderwohls angesehen.<\/p>\n<div id=\"toggle\"><\/div>\n<div id=\"voir_aussi_box\" style=\"display: none;\">\n<ul>\n<li><a href=\"https:\/\/www.humanium.org\/de\/konvention\/\">Pr\u00e4sentation des internationalen \u00dcbereinkommens \u00fcber die Rechte des Kindes<\/a><\/li>\n<li><a href=\"https:\/\/www.humanium.org\/de\/definition-der-kinderrechtskonvention\/\">Definition der Konvention<\/a><\/li>\n<li><a href=\"https:\/\/www.humanium.org\/de\/kinderrechte\/\">Definition der Kinderrechte<\/a><\/li>\n<li><a href=\"https:\/\/www.humanium.org\/de\/konvention-rechte-kindes\/\">Konvention \u00fcber die Rechte des Kindes von 1989, Volltext<\/a><\/li>\n<li><a href=\"https:\/\/www.humanium.org\/de\/das-recht-von-kindern-auf-partizipation\/\">Das Recht von Kindern auf Partizipation<\/a><\/li>\n<\/ul>\n<\/div>\n<div id=\"toggle\"><\/div>\n<div id=\"sources_box\" style=\"display: none;\">\n<ul>Siehe verwendete Quellen f\u00fcr die Originalversion in Franz\u00f6sisch.<\/ul>\n<\/div>\n","protected":false},"excerpt":{"rendered":"<p>Die Kinderrechtskonvention Das Ziel der Konvention Der Schutz der Kinderrechte und deren Durchsetzung sind das Hauptanliegen des \u00dcbereinkommens \u00fcber die Rechte des Kindes. Ein Rechtsdokument \u00fcber die Verpflichtungen der Vertragsstaaten Die Kinderrechtskonvention von 1989 und deren zwei Fakultativprotokolle kennzeichnen einen enormen Fortschritt im Rahmen des Schutzes der Kinderrechte. Als erstes verbindliches Abkommen im internationalen Recht [&hellip;]<\/p>\n","protected":false},"author":1,"featured_media":0,"parent":0,"menu_order":0,"comment_status":"closed","ping_status":"closed","template":"","meta":{"footnotes":""},"class_list":["post-2683","page","type-page","status-publish","hentry"],"yoast_head":"<!-- This site is optimized with the Yoast SEO plugin v26.5 - https:\/\/yoast.com\/wordpress\/plugins\/seo\/ -->\n<title>Ziel der Konvention - Humanium<\/title>\n<meta name=\"robots\" content=\"index, follow, max-snippet:-1, max-image-preview:large, max-video-preview:-1\" \/>\n<link rel=\"canonical\" href=\"https:\/\/www.humanium.org\/de\/zeil-der-konvention\/\" \/>\n<meta property=\"og:locale\" content=\"de_DE\" \/>\n<meta property=\"og:type\" content=\"article\" \/>\n<meta property=\"og:title\" content=\"Ziel der Konvention - Humanium\" \/>\n<meta property=\"og:description\" content=\"Die Kinderrechtskonvention Das Ziel der Konvention Der Schutz der Kinderrechte und deren Durchsetzung sind das Hauptanliegen des \u00dcbereinkommens \u00fcber die Rechte des Kindes. Ein Rechtsdokument \u00fcber die Verpflichtungen der Vertragsstaaten Die Kinderrechtskonvention von 1989 und deren zwei Fakultativprotokolle kennzeichnen einen enormen Fortschritt im Rahmen des Schutzes der Kinderrechte. Als erstes verbindliches Abkommen im internationalen Recht [&hellip;]\" \/>\n<meta property=\"og:url\" content=\"https:\/\/www.humanium.org\/de\/zeil-der-konvention\/\" \/>\n<meta property=\"og:site_name\" content=\"Humanium\" \/>\n<meta property=\"article:modified_time\" content=\"2025-12-06T06:23:02+00:00\" \/>\n<meta name=\"twitter:card\" content=\"summary_large_image\" \/>\n<meta name=\"twitter:label1\" content=\"Gesch\u00e4tzte Lesezeit\" \/>\n\t<meta name=\"twitter:data1\" content=\"3\u00a0Minuten\" \/>\n<script type=\"application\/ld+json\" class=\"yoast-schema-graph\">{\"@context\":\"https:\/\/schema.org\",\"@graph\":[{\"@type\":\"WebPage\",\"@id\":\"https:\/\/www.humanium.org\/de\/zeil-der-konvention\/\",\"url\":\"https:\/\/www.humanium.org\/de\/zeil-der-konvention\/\",\"name\":\"Ziel der Konvention - Humanium\",\"isPartOf\":{\"@id\":\"https:\/\/www.humanium.org\/de\/#website\"},\"datePublished\":\"2013-09-23T08:33:47+00:00\",\"dateModified\":\"2025-12-06T06:23:02+00:00\",\"breadcrumb\":{\"@id\":\"https:\/\/www.humanium.org\/de\/zeil-der-konvention\/#breadcrumb\"},\"inLanguage\":\"de\",\"potentialAction\":[{\"@type\":\"ReadAction\",\"target\":[\"https:\/\/www.humanium.org\/de\/zeil-der-konvention\/\"]}]},{\"@type\":\"BreadcrumbList\",\"@id\":\"https:\/\/www.humanium.org\/de\/zeil-der-konvention\/#breadcrumb\",\"itemListElement\":[{\"@type\":\"ListItem\",\"position\":1,\"name\":\"Home\",\"item\":\"https:\/\/www.humanium.org\/de\/\"},{\"@type\":\"ListItem\",\"position\":2,\"name\":\"Ziel der Konvention\"}]},{\"@type\":\"WebSite\",\"@id\":\"https:\/\/www.humanium.org\/de\/#website\",\"url\":\"https:\/\/www.humanium.org\/de\/\",\"name\":\"Humanium\",\"description\":\"Kinder zuerst!\",\"potentialAction\":[{\"@type\":\"SearchAction\",\"target\":{\"@type\":\"EntryPoint\",\"urlTemplate\":\"https:\/\/www.humanium.org\/de\/?s={search_term_string}\"},\"query-input\":{\"@type\":\"PropertyValueSpecification\",\"valueRequired\":true,\"valueName\":\"search_term_string\"}}],\"inLanguage\":\"de\"}]}<\/script>\n<!-- \/ Yoast SEO plugin. -->","yoast_head_json":{"title":"Ziel der Konvention - Humanium","robots":{"index":"index","follow":"follow","max-snippet":"max-snippet:-1","max-image-preview":"max-image-preview:large","max-video-preview":"max-video-preview:-1"},"canonical":"https:\/\/www.humanium.org\/de\/zeil-der-konvention\/","og_locale":"de_DE","og_type":"article","og_title":"Ziel der Konvention - Humanium","og_description":"Die Kinderrechtskonvention Das Ziel der Konvention Der Schutz der Kinderrechte und deren Durchsetzung sind das Hauptanliegen des \u00dcbereinkommens \u00fcber die Rechte des Kindes. Ein Rechtsdokument \u00fcber die Verpflichtungen der Vertragsstaaten Die Kinderrechtskonvention von 1989 und deren zwei Fakultativprotokolle kennzeichnen einen enormen Fortschritt im Rahmen des Schutzes der Kinderrechte. Als erstes verbindliches Abkommen im internationalen Recht [&hellip;]","og_url":"https:\/\/www.humanium.org\/de\/zeil-der-konvention\/","og_site_name":"Humanium","article_modified_time":"2025-12-06T06:23:02+00:00","twitter_card":"summary_large_image","twitter_misc":{"Gesch\u00e4tzte Lesezeit":"3\u00a0Minuten"},"schema":{"@context":"https:\/\/schema.org","@graph":[{"@type":"WebPage","@id":"https:\/\/www.humanium.org\/de\/zeil-der-konvention\/","url":"https:\/\/www.humanium.org\/de\/zeil-der-konvention\/","name":"Ziel der Konvention - Humanium","isPartOf":{"@id":"https:\/\/www.humanium.org\/de\/#website"},"datePublished":"2013-09-23T08:33:47+00:00","dateModified":"2025-12-06T06:23:02+00:00","breadcrumb":{"@id":"https:\/\/www.humanium.org\/de\/zeil-der-konvention\/#breadcrumb"},"inLanguage":"de","potentialAction":[{"@type":"ReadAction","target":["https:\/\/www.humanium.org\/de\/zeil-der-konvention\/"]}]},{"@type":"BreadcrumbList","@id":"https:\/\/www.humanium.org\/de\/zeil-der-konvention\/#breadcrumb","itemListElement":[{"@type":"ListItem","position":1,"name":"Home","item":"https:\/\/www.humanium.org\/de\/"},{"@type":"ListItem","position":2,"name":"Ziel der Konvention"}]},{"@type":"WebSite","@id":"https:\/\/www.humanium.org\/de\/#website","url":"https:\/\/www.humanium.org\/de\/","name":"Humanium","description":"Kinder zuerst!","potentialAction":[{"@type":"SearchAction","target":{"@type":"EntryPoint","urlTemplate":"https:\/\/www.humanium.org\/de\/?s={search_term_string}"},"query-input":{"@type":"PropertyValueSpecification","valueRequired":true,"valueName":"search_term_string"}}],"inLanguage":"de"}]}},"_links":{"self":[{"href":"https:\/\/www.humanium.org\/de\/wp-json\/wp\/v2\/pages\/2683","targetHints":{"allow":["GET"]}}],"collection":[{"href":"https:\/\/www.humanium.org\/de\/wp-json\/wp\/v2\/pages"}],"about":[{"href":"https:\/\/www.humanium.org\/de\/wp-json\/wp\/v2\/types\/page"}],"author":[{"embeddable":true,"href":"https:\/\/www.humanium.org\/de\/wp-json\/wp\/v2\/users\/1"}],"replies":[{"embeddable":true,"href":"https:\/\/www.humanium.org\/de\/wp-json\/wp\/v2\/comments?post=2683"}],"version-history":[{"count":12,"href":"https:\/\/www.humanium.org\/de\/wp-json\/wp\/v2\/pages\/2683\/revisions"}],"predecessor-version":[{"id":20670,"href":"https:\/\/www.humanium.org\/de\/wp-json\/wp\/v2\/pages\/2683\/revisions\/20670"}],"wp:attachment":[{"href":"https:\/\/www.humanium.org\/de\/wp-json\/wp\/v2\/media?parent=2683"}],"curies":[{"name":"wp","href":"https:\/\/api.w.org\/{rel}","templated":true}]}}