{"id":2693,"date":"2013-09-23T09:15:08","date_gmt":"2013-09-23T09:15:08","guid":{"rendered":"http:\/\/www.humanium.org\/de\/?page_id=2693"},"modified":"2025-12-06T06:23:02","modified_gmt":"2025-12-06T06:23:02","slug":"grenzen-des-ausschusses","status":"publish","type":"page","link":"https:\/\/www.humanium.org\/de\/grenzen-des-ausschusses\/","title":{"rendered":"Grenzen des Ausschusses"},"content":{"rendered":"<h1>Der Ausschuss f\u00fcr die Rechte des Kindes<\/h1>\n<h2>Grenzen des Ausschusses<\/h2>\n<p><strong>Seit seiner Gr\u00fcndung am 27. Februar 1991 \u00fcberwacht der\u00a0<a href=\"https:\/\/www.humanium.org\/de\/ausschuss-rolle\/\">Ausschuss f\u00fcr die Rechte des Kindes<\/a> die Umsetzung der <a href=\"https:\/\/www.humanium.org\/de\/konvention-rechte-kindes\/\">Konvention \u00fcber die Rechte des Kindes<\/a> in allen L\u00e4ndern, die diese ratifiziert haben. Dennoch bleibt die Handlungsf\u00e4higkeit dieses Ausschusses begrenzt und erm\u00f6glicht nicht immer eine erfolgreiche Umsetzung der Konvention.<\/strong><\/p>\n<h3>Mangelnde Zusammenarbeit zwischen dem Ausschuss und anderen Institutionen<\/h3>\n<p>Der <a href=\"https:\/\/www.humanium.org\/de\/ausschuss-rolle\/\">Ausschuss f\u00fcr die Rechte des Kindes<\/a> \u00fcberwacht die Einhaltung der Konvention und ihrer beiden Zusatzprotokolle mit verschiedenen Handlungs- und Beobachtungsverfahren. Auf den dreimal j\u00e4hrlich stattfindenden Zusammenk\u00fcnften des Ausschusses werten seine Mitglieder die regelm\u00e4\u00dfig von Staaten und nationalen NGOs vorgelegten Berichte aus.\u00a0Er ver\u00f6ffentlicht au\u00dferdem Berichte und Allgemeine Bemerkungen, die bestimmte Rechte gem\u00e4\u00df der Konvention erl\u00e4utern.<\/p>\n<p>Der Ausschuss versucht also, die in der Konvention festgehaltenen Rechte zu gew\u00e4hrleisten. Diese Aktivit\u00e4t wird allerdings durch die eingeschr\u00e4nkte Zusammenarbeit mit anderen spezialisierten Organisationen auf dem Gebiet der Kinderrechte verlangsamt. Diese Institutionen beteiligen sich nicht an der Arbeit des Ausschusses und k\u00f6nnen daher nicht dazu beisteuern.<\/p>\n<p>Der Ausschuss arbeitet au\u00dferdem sehr wenig mit UNICEF und den anderen Organen der Vereinten Nationen zusammen. Jeglicher Austausch findet \u00fcber den Wirtschafts- und Sozialrat der Vereinten Nationen statt.<\/p>\n<p>Das Fehlen eines direkten Austauschs zwischen dem Ausschuss und diesen anderen Institutionen schr\u00e4nkt zus\u00e4tzlich die M\u00f6glichkeit ein, durch Kooperationen und gemeinsames Handeln bessere Resultate zu erzielen.<\/p>\n<h3>Beschl\u00fcsse des Ausschusses sind nicht verbindlich<\/h3>\n<p>Der <a href=\"https:\/\/www.humanium.org\/de\/ausschuss-rolle\/\">Ausschuss f\u00fcr die Rechte des Kindes<\/a> ist nicht befugt, verbindliche Beschl\u00fcsse zur Gew\u00e4hrleistung des wirksamen Schutzes von Kinderrechten zu fassen.<\/p>\n<p>Er kann keine bindenden Entscheidungen treffen oder Sanktionen f\u00fcr Zuwiderhandlungen verh\u00e4ngen. Die Staaten sind daher im Rahmen der regelm\u00e4\u00dfigen Pr\u00fcfung der Berichte nur dazu verpflichtet, ihre Berichte an den Ausschuss zu schicken.<\/p>\n<p>Da die Entscheidungen des Ausschusses nicht bindend sind, sind die Staaten nicht zu ihrer Umsetzung gezwungen. Daher stellt die Auswertung der Berichte nicht sicher, dass die Kinderrechte in diesen Staaten tats\u00e4chlich eingehalten werden.<\/p>\n<p>Dar\u00fcber hinaus kann der Ausschuss im Rahmen seiner Nachforschungen im Bezug auf Vorw\u00fcrfe von Kinderrechtsverletzungen zwischen Vertragsstaaten im Falle eines Funds keine Ma\u00dfnahmen zur Sanktionierung ergreifen, um diese Verletzungen zu beenden.<\/p>\n<p>Der einzige Weg, der dem Ausschuss zur Eind\u00e4mmung solcher Verletzungen bleibt, ist die Ver\u00f6ffentlichung von Berichten, in denen Verletzungen durch diejenigen Staaten, die sich nicht an ihre Verpflichtungen halten, \u00f6ffentlich verurteilt werden.<\/p>\n<p>Die Macht des Ausschusses h\u00e4ngt zum Gro\u00dfteil vom Wohlwollen der Staaten ab, sowohl durch ihre Kooperation als auch ihr Vertrauen in die Umsetzung der Konvention. Dem Ausschuss steht keine alternative Verfahrensweise zur Verf\u00fcgung, um Staaten dazu zu bringen, ihre Verpflichtungen einzuhalten.<\/p>\n<div id=\"toggle\"><\/div>\n<div id=\"voir_aussi_box\" style=\"display: none;\">\n<ul>\n<li><a href=\"https:\/\/www.humanium.org\/de\/ausschuss-rolle\/\">Entstehen und Funktionieren des Ausschusses<\/a><\/li>\n<li><a href=\"https:\/\/www.humanium.org\/de\/analyse-der-berichte-und-der-kommunikation_der-ausschuss-fur-die-rechte-des-kindes\/\">Funktion und Kompetenzen des Ausschusses: Pr\u00fcfung der Berichte und der Kommunikation<\/a><\/li>\n<li><a href=\"https:\/\/www.humanium.org\/de\/rolle-und-zustandigkeiten-allgemeine-bemerkungen-und-diskussionstage_der-ausschuss-fur-die-rechte-des-kindes\/\">Funktion und Kompetenzen des Ausschusses: Allgemeine Bemerkungen und Diskussionstage<\/a><\/li>\n<\/ul>\n<\/div>\n<div id=\"toggle\"><\/div>\n<div id=\"sources_box\" style=\"display: none;\">\n<ul>Siehe verwendete Quellen f\u00fcr die Originalversion in Franz\u00f6sisch.<\/ul>\n<\/div>\n","protected":false},"excerpt":{"rendered":"<p>Der Ausschuss f\u00fcr die Rechte des Kindes Grenzen des Ausschusses Seit seiner Gr\u00fcndung am 27. Februar 1991 \u00fcberwacht der\u00a0Ausschuss f\u00fcr die Rechte des Kindes die Umsetzung der Konvention \u00fcber die Rechte des Kindes in allen L\u00e4ndern, die diese ratifiziert haben. Dennoch bleibt die Handlungsf\u00e4higkeit dieses Ausschusses begrenzt und erm\u00f6glicht nicht immer eine erfolgreiche Umsetzung der [&hellip;]<\/p>\n","protected":false},"author":1,"featured_media":0,"parent":0,"menu_order":0,"comment_status":"closed","ping_status":"closed","template":"","meta":{"footnotes":""},"class_list":["post-2693","page","type-page","status-publish","hentry"],"yoast_head":"<!-- This site is optimized with the Yoast SEO plugin v26.5 - https:\/\/yoast.com\/wordpress\/plugins\/seo\/ -->\n<title>Grenzen des Ausschusses - Humanium<\/title>\n<meta name=\"robots\" content=\"index, follow, max-snippet:-1, max-image-preview:large, max-video-preview:-1\" \/>\n<link rel=\"canonical\" href=\"https:\/\/www.humanium.org\/de\/grenzen-des-ausschusses\/\" \/>\n<meta property=\"og:locale\" content=\"de_DE\" \/>\n<meta property=\"og:type\" content=\"article\" \/>\n<meta property=\"og:title\" content=\"Grenzen des Ausschusses - Humanium\" \/>\n<meta property=\"og:description\" content=\"Der Ausschuss f\u00fcr die Rechte des Kindes Grenzen des Ausschusses Seit seiner Gr\u00fcndung am 27. Februar 1991 \u00fcberwacht der\u00a0Ausschuss f\u00fcr die Rechte des Kindes die Umsetzung der Konvention \u00fcber die Rechte des Kindes in allen L\u00e4ndern, die diese ratifiziert haben. Dennoch bleibt die Handlungsf\u00e4higkeit dieses Ausschusses begrenzt und erm\u00f6glicht nicht immer eine erfolgreiche Umsetzung der [&hellip;]\" \/>\n<meta property=\"og:url\" content=\"https:\/\/www.humanium.org\/de\/grenzen-des-ausschusses\/\" \/>\n<meta property=\"og:site_name\" content=\"Humanium\" \/>\n<meta property=\"article:modified_time\" content=\"2025-12-06T06:23:02+00:00\" \/>\n<meta name=\"twitter:card\" content=\"summary_large_image\" \/>\n<meta name=\"twitter:label1\" content=\"Gesch\u00e4tzte Lesezeit\" \/>\n\t<meta name=\"twitter:data1\" content=\"3\u00a0Minuten\" \/>\n<script type=\"application\/ld+json\" class=\"yoast-schema-graph\">{\"@context\":\"https:\/\/schema.org\",\"@graph\":[{\"@type\":\"WebPage\",\"@id\":\"https:\/\/www.humanium.org\/de\/grenzen-des-ausschusses\/\",\"url\":\"https:\/\/www.humanium.org\/de\/grenzen-des-ausschusses\/\",\"name\":\"Grenzen des Ausschusses - Humanium\",\"isPartOf\":{\"@id\":\"https:\/\/www.humanium.org\/de\/#website\"},\"datePublished\":\"2013-09-23T09:15:08+00:00\",\"dateModified\":\"2025-12-06T06:23:02+00:00\",\"breadcrumb\":{\"@id\":\"https:\/\/www.humanium.org\/de\/grenzen-des-ausschusses\/#breadcrumb\"},\"inLanguage\":\"de\",\"potentialAction\":[{\"@type\":\"ReadAction\",\"target\":[\"https:\/\/www.humanium.org\/de\/grenzen-des-ausschusses\/\"]}]},{\"@type\":\"BreadcrumbList\",\"@id\":\"https:\/\/www.humanium.org\/de\/grenzen-des-ausschusses\/#breadcrumb\",\"itemListElement\":[{\"@type\":\"ListItem\",\"position\":1,\"name\":\"Home\",\"item\":\"https:\/\/www.humanium.org\/de\/\"},{\"@type\":\"ListItem\",\"position\":2,\"name\":\"Grenzen des Ausschusses\"}]},{\"@type\":\"WebSite\",\"@id\":\"https:\/\/www.humanium.org\/de\/#website\",\"url\":\"https:\/\/www.humanium.org\/de\/\",\"name\":\"Humanium\",\"description\":\"Kinder zuerst!\",\"potentialAction\":[{\"@type\":\"SearchAction\",\"target\":{\"@type\":\"EntryPoint\",\"urlTemplate\":\"https:\/\/www.humanium.org\/de\/?s={search_term_string}\"},\"query-input\":{\"@type\":\"PropertyValueSpecification\",\"valueRequired\":true,\"valueName\":\"search_term_string\"}}],\"inLanguage\":\"de\"}]}<\/script>\n<!-- \/ Yoast SEO plugin. -->","yoast_head_json":{"title":"Grenzen des Ausschusses - Humanium","robots":{"index":"index","follow":"follow","max-snippet":"max-snippet:-1","max-image-preview":"max-image-preview:large","max-video-preview":"max-video-preview:-1"},"canonical":"https:\/\/www.humanium.org\/de\/grenzen-des-ausschusses\/","og_locale":"de_DE","og_type":"article","og_title":"Grenzen des Ausschusses - Humanium","og_description":"Der Ausschuss f\u00fcr die Rechte des Kindes Grenzen des Ausschusses Seit seiner Gr\u00fcndung am 27. Februar 1991 \u00fcberwacht der\u00a0Ausschuss f\u00fcr die Rechte des Kindes die Umsetzung der Konvention \u00fcber die Rechte des Kindes in allen L\u00e4ndern, die diese ratifiziert haben. Dennoch bleibt die Handlungsf\u00e4higkeit dieses Ausschusses begrenzt und erm\u00f6glicht nicht immer eine erfolgreiche Umsetzung der [&hellip;]","og_url":"https:\/\/www.humanium.org\/de\/grenzen-des-ausschusses\/","og_site_name":"Humanium","article_modified_time":"2025-12-06T06:23:02+00:00","twitter_card":"summary_large_image","twitter_misc":{"Gesch\u00e4tzte Lesezeit":"3\u00a0Minuten"},"schema":{"@context":"https:\/\/schema.org","@graph":[{"@type":"WebPage","@id":"https:\/\/www.humanium.org\/de\/grenzen-des-ausschusses\/","url":"https:\/\/www.humanium.org\/de\/grenzen-des-ausschusses\/","name":"Grenzen des Ausschusses - Humanium","isPartOf":{"@id":"https:\/\/www.humanium.org\/de\/#website"},"datePublished":"2013-09-23T09:15:08+00:00","dateModified":"2025-12-06T06:23:02+00:00","breadcrumb":{"@id":"https:\/\/www.humanium.org\/de\/grenzen-des-ausschusses\/#breadcrumb"},"inLanguage":"de","potentialAction":[{"@type":"ReadAction","target":["https:\/\/www.humanium.org\/de\/grenzen-des-ausschusses\/"]}]},{"@type":"BreadcrumbList","@id":"https:\/\/www.humanium.org\/de\/grenzen-des-ausschusses\/#breadcrumb","itemListElement":[{"@type":"ListItem","position":1,"name":"Home","item":"https:\/\/www.humanium.org\/de\/"},{"@type":"ListItem","position":2,"name":"Grenzen des Ausschusses"}]},{"@type":"WebSite","@id":"https:\/\/www.humanium.org\/de\/#website","url":"https:\/\/www.humanium.org\/de\/","name":"Humanium","description":"Kinder zuerst!","potentialAction":[{"@type":"SearchAction","target":{"@type":"EntryPoint","urlTemplate":"https:\/\/www.humanium.org\/de\/?s={search_term_string}"},"query-input":{"@type":"PropertyValueSpecification","valueRequired":true,"valueName":"search_term_string"}}],"inLanguage":"de"}]}},"_links":{"self":[{"href":"https:\/\/www.humanium.org\/de\/wp-json\/wp\/v2\/pages\/2693","targetHints":{"allow":["GET"]}}],"collection":[{"href":"https:\/\/www.humanium.org\/de\/wp-json\/wp\/v2\/pages"}],"about":[{"href":"https:\/\/www.humanium.org\/de\/wp-json\/wp\/v2\/types\/page"}],"author":[{"embeddable":true,"href":"https:\/\/www.humanium.org\/de\/wp-json\/wp\/v2\/users\/1"}],"replies":[{"embeddable":true,"href":"https:\/\/www.humanium.org\/de\/wp-json\/wp\/v2\/comments?post=2693"}],"version-history":[{"count":9,"href":"https:\/\/www.humanium.org\/de\/wp-json\/wp\/v2\/pages\/2693\/revisions"}],"predecessor-version":[{"id":20674,"href":"https:\/\/www.humanium.org\/de\/wp-json\/wp\/v2\/pages\/2693\/revisions\/20674"}],"wp:attachment":[{"href":"https:\/\/www.humanium.org\/de\/wp-json\/wp\/v2\/media?parent=2693"}],"curies":[{"name":"wp","href":"https:\/\/api.w.org\/{rel}","templated":true}]}}