{"id":2785,"date":"2013-09-27T14:29:17","date_gmt":"2013-09-27T14:29:17","guid":{"rendered":"http:\/\/www.humanium.org\/de\/?page_id=2785"},"modified":"2025-12-06T06:23:05","modified_gmt":"2025-12-06T06:23:05","slug":"kinderrechte-kritisch-betrachtet","status":"publish","type":"page","link":"https:\/\/www.humanium.org\/de\/kinderrechte-kritisch-betrachtet\/","title":{"rendered":"Kinderrechte kritisch betrachtet"},"content":{"rendered":"<h1>Kinderrechte kritisch betrachtet<\/h1>\n<h2>Wenn es um Kinder geht, sto\u00dfen die geltenden Gesetze an Grenzen<\/h2>\n<p><strong>Wird ein Kind geboren, ist es erst einmal abh\u00e4ngig von Erwachsenen und schwach. Das Gesetz bietet ihm Schutz und gew\u00e4hrleistet ihm Vorteile und die M\u00f6glichkeit an den Entscheidungen, die es betreffen, mitzuwirken. Dennoch sind die Verfahrensweisen kritisch zu betrachten.<\/strong><\/p>\n<h3>Zwischen \u00dcberbeh\u00fctung und Unabh\u00e4ngigkeit<\/h3>\n<p><strong>Kinder sind anders<\/strong><br \/>\nEin erster Kritikpunkt w\u00e4re der besondere Schutz des Kindes. Dass Kinderrecht und Menschenrecht keine Einheit bilden, l\u00e4sst darauf schlie\u00dfen, dass das Kinderrecht eine Untergruppe der Menschenrechte darstellt. Diese Einordnung\/Unterscheidung k\u00f6nnte bedeuten, dass ein Kind anderen Menschen nicht als gleichgestellt betrachtet wird und somit der Schutz, der ihm zukommt, ein anderer ist, als der, der einem Erwachsenen zukommt.<\/p>\n<p>Andererseits sollen die Kinderrechte im Allgemeinen den erforderlichen Schutz und das Recht auf Freiheit in Einklang bringen, was dem Rechtssystem allerdings nur schwer gelingt. So wird beispielsweise Kindern unter 18 Jahren immer mehr Verantwortung \u00fcbertragen; wird ein Kind aber straff\u00e4llig, \u00fcbernehmen h\u00e4ufig noch die Eltern die damit verbundenen materiellen Kosten und das Kind wird mehr als Last denn als eigenst\u00e4ndige Person betrachtet.<\/p>\n<p>Und schlie\u00dflich z\u00e4hlt f\u00fcr viele: keine Rechte ohne Pflichten. Da die meisten internationalen Gesetzestexte f\u00fcr Kinder lediglich moralische oder disziplin\u00e4re Verpflichtungen beinhalten, wie z.B. seinen Eltern mit Respekt zu begegnen, halten viele sie f\u00fcr unbedeutend.<\/p>\n<p><strong>Bis zu welchem Alter ist man Kind?<\/strong><br \/>\nEs ist nicht leicht, festzulegen, bis zu welchem Alter der Mensch als Kind betrachtet werden kann, da sich jeder je nach M\u00f6glichkeiten und Lebensbedingungen unterschiedlich schnell entwickelt. Eine festgesetzte Altersgrenze kann sich daher in der Praxis oft als unpassend herausstellen.<\/p>\n<p>Andererseits f\u00fchrt das Nichtvorhandensein genauer Regelungen dazu, dass Kinder schon in ganz jungem Alter wie Erwachsene behandelt werden, wodurch es <a href=\"https:\/\/www.humanium.org\/de\/kinderheirat\/\">zu fr\u00fchen Eheschlie\u00dfungen<\/a>, <a href=\"https:\/\/www.humanium.org\/de\/kinderarbeit-2\/\">Kinderarbeit<\/a> und Inhaftierungen kommt. Umgekehrt wird manchen Kindern, obwohl sie selbstst\u00e4ndig denken und handeln k\u00f6nnen, kein Geh\u00f6r geschenkt und kein Respekt entgegengebracht.<\/p>\n<p>Kinderrechte werden dann bem\u00e4ngelt, wenn keinerlei Altersbestimmungen festgelegt sind. In der Tat f\u00fchrt dies in einigen L\u00e4ndern zu Missbrauch, wie das beispielsweise bei der \u201eAfrikanischen Rechtsverfassung f\u00fcr das Wohl des Kindes\u201c der Fall ist. Dort ist zwar der Einzug von Kindern bei bewaffneten Konflikten verboten, allerdings besteht keinerlei Regelung das Alter der Kinder betreffend. Die Wirklichkeit sieht dann so aus, dass \u201eerwachsene\u201c 11-J\u00e4hrige eingezogen werden und damit der Kinderschutz, der ihnen zust\u00fcnde, wegf\u00e4llt.<\/p>\n<p>Andere Rechtstexte hingegen setzen Altersgrenzen fest. Das <a href=\"https:\/\/www.humanium.org\/de\/konvention-rechte-kindes\/\">Internationale Abkommen der Kinderrechte<\/a> erkl\u00e4rt in seinem Leitartikel, dass \u201ejedes menschliche Wesen unter 18 Jahren als Kind gilt, es sei denn, es hat seine Vollj\u00e4hrigkeit laut angewandter Gesetzgebung fr\u00fcher erreicht.\u201c<\/p>\n<p>Diese Altersgrenze wird als wenig wirksam betrachtet, denn auch hier besteht die M\u00f6glichkeit, Kinder schnell erwachsen werden zu lassen. Mehr Schutz w\u00fcrde eine Altersbegrenzung nach unten hin bieten, unter die ein Kind auf keinen Fall als Erwachsener gelten darf. Vorstellbar w\u00e4re, weltweit alle Kinder unter 16 Jahren auf diese Weise zu sch\u00fctzen.<\/p>\n<h3>Allgemeing\u00fcltige Rechte?<\/h3>\n<p>Die in der <a href=\"https:\/\/www.humanium.org\/de\/konvention-rechte-kindes\/\">Kinderrechtskonvention<\/a> erkl\u00e4rten Rechte sollen \u201eallen Kindern dieser Erde die gleichen Rechte garantieren\u201c.<\/p>\n<p>Diese idealistische westliche Sicht wird aufgrund der kulturellen Unterschiede weltweit in Frage gestellt. Schlie\u00dflich haben nicht alle Kinder dieser Welt die gleichen W\u00fcnsche und Bed\u00fcrfnisse. Die von den westlichen L\u00e4ndern verfassten Gesetzestexte nehmen zu wenig R\u00fccksicht auf andere Sitten und Traditionen. Deshalb sind manche Staaten und V\u00f6lker auch nicht bereit, die Rechte des Kindes in ihre Gesetze aufzunehmen, empfinden diese als Bevormundung und bangen um den Verlust ihrer Kulturen.<\/p>\n<p>Auf regionaler Ebene hingegen flie\u00dfen die ortsbedingten Eigenheiten mehr in die Gesetzestexte mit ein. Doch trotz der schrittweisen Ber\u00fccksichtigung werden sie von den internationalen Verb\u00e4nden mit universellem Anspruch noch allzu oft ignoriert.<\/p>\n<p>So wird beispielsweise in der Afrikanischen Charta ein Kind unter dem Begriff \u201eGruppe\u201c aufgef\u00fchrt und anders als in der Kinderrechtskonvention fallen ihm hier Pflichten zu. Gem\u00e4\u00df Artikel 31 \u201etr\u00e4gt jedes Kind seiner Familie, der Gesellschaft, dem Staat und jeder anderen gesetzlich anerkannten Gemeinschaft, sowie der internationalen Gemeinschaft gegen\u00fcber Verantwortung.\u201c Dass der Gruppe mehr Gewicht beigemessen wird als dem einzelnen Menschen, zeigt, dass hier die f\u00fcr Afrika spezifischen Gebr\u00e4uche ber\u00fccksichtigt wurden.<br \/>\nEinige halten auch die Kinderrechte f\u00fcr unrealistisch, weil die \u00f6konomischen, sozialen und politischen Aspekte der unterschiedlichen L\u00e4nder au\u00dfer Acht gelassen werden. Es ist schwierig, f\u00fcr alle Kinder dieser Welt die gleichen Gesetze geltend zu machen, wo doch die Lebensumst\u00e4nde so unterschiedlich sind. Wie k\u00e4me man z.B. dazu, das Recht auf Freizeit in einem Land einzufordern, in dem nicht einmal das <a href=\"https:\/\/www.humanium.org\/de\/recht-leben\/\">Recht auf Leben<\/a> oder auf <a href=\"https:\/\/www.humanium.org\/de\/recht-wasser\/\">Wasser<\/a> gegeben ist?<\/p>\n<h3>Das Recht des Kindes&#8230; und die Realit\u00e4t<\/h3>\n<p><strong>Was tut der Staat, und was nicht?<\/strong><\/p>\n<p><em>Den Gesetzestexten zustimmen?<\/em><br \/>\nViele L\u00e4nder haben die internationalen Gesetzestexte, die Kinderrechte betreffend, noch nicht unterzeichnet oder ratifiziert. Es kommt auch vor, dass bei der Unterzeichnung durch rechtliche und politische Verfahrensweisen deren Tragweite eingeschr\u00e4nkt wird, wodurch bei einigen Gesetzen grundlegende Inhalte einfach wegfallen.<\/p>\n<p>Die Glaubw\u00fcrdigkeit der Kinderrechte leidet auch, wenn Staaten, die bei ihrer Ausarbeitung und Verfassung mitgewirkt haben, diese selbst nicht zu 100 Prozent einhalten.<\/p>\n<p><em>Wie effektiv sind die Kinderrechte?<\/em><br \/>\nLaut Artikel 4 des <a href=\"https:\/\/www.humanium.org\/de\/konvention-rechte-kindes\/\">Internationalen Abkommens f\u00fcr Kinderrechte<\/a> sind die Mitgliedsl\u00e4nder verpflichtet, die Rechte der Kinder anzuwenden. Doch nur in ganz wenigen L\u00e4ndern werden Menschenrechte nicht missachtet, da machen auch die Rechte des Kindes keine Ausnahme. Denn trotz des verpflichtenden Charakters des internationalen Rechtes wird das Recht des Kindes vielerorts immer noch blo\u00df als moralisches Werteprinzip angesehen.<\/p>\n<p>Au\u00dferdem muss jeder internationale Rechtstext, um auf nationaler Ebene angewandt werden zu k\u00f6nnen, durch ein Gesetz verabschiedet werden. Es geht um eine komplexe Verfahrensweise, die nicht immer als vorrangig gilt. So kommt es, dass selbst Staaten, die den internationalen Abkommen zustimmen, aus politischen, religi\u00f6sen oder anderen Gr\u00fcnden die Rechte des Kindes nicht in ihre Gerichtsbarkeit aufnehmen.<\/p>\n<p>Doch auch bei einer Umsetzung der Rechte sind die Institutionen, die daf\u00fcr Sorge tragen, dass diese Rechte auch eingehalten werden, nicht automatisch vorhanden. So fehlt es vor allem aus finanziellen Gr\u00fcnden manchmal an Kinderhilfsstellen, Polizeidienststellen, Krankenh\u00e4usern, usw.<\/p>\n<p>Auch die fehlende Kompetenz dieser Institutionen, sei es weil sie geographisch nicht erreichbar sind, die finanziellen Mittel fehlen, weil sie niemandem bekannt sind oder das Personal korrupt ist, k\u00f6nnen zu einer Beeintr\u00e4chtigung der Kinderrechte f\u00fchren.<\/p>\n<p>Dadurch finden Kinderrechte oft nur dann ihre Anwendung, wenn sie durch staatliche Kontrolle geregelt und die T\u00e4ter im Falle von Verst\u00f6\u00dfen durch Strafma\u00dfnahmen geahndet werden. Doch in vielen L\u00e4ndern ist die M\u00f6glichkeit, \u00fcber den Rechtsweg jemanden f\u00fcr ein Vergehen zu verurteilen, nicht gegeben, da <a href=\"https:\/\/www.humanium.org\/de\/was-ist-gerechtigkeit\/\">Rechtssysteme und Gerichte<\/a> schlichtweg nicht existieren oder unwirksam sind. Und selbst wenn ein Gerichtsbeschluss besteht, ist dieser oft gar nicht umsetzbar.<\/p>\n<p>Die Tatsache, dass Urteile nicht immer vollstreckt werden k\u00f6nnen oder Verst\u00f6\u00dfe gegen die Gesetze nicht bestraft werden, stellt die Kinderrechte als solche in Frage.<\/p>\n<p><em>Das internationale Gerichtswesen und die Rechte des Kindes<\/em><\/p>\n<p>Das Problem bleibt ein internationales. Denn es gibt auch keine Instanz, die dazu befugt ist, die Staaten zu verurteilen oder dazu zu zwingen, die Kinderrechte anzuwenden.<\/p>\n<p>Vereinigungen und Organisationen zeigen zwar Verletzungen der Kinderrechte an, doch ohne Gerichtsurteile und Zwangsma\u00dfnahmen k\u00f6nnen sie selten Ver\u00e4nderungen bewirken.<\/p>\n<p>Die Mitgliedsstaaten des Kinderrechtsabkommens m\u00fcssen zwei Jahre nach der Verabschiedung in einem Bericht darlegen, wie sich in ihrem Land die Kinderrechte entwickeln, danach nur noch alle 5 Jahre. Diese Berichte scheinen also ungenau und unzureichend.<\/p>\n<p>Das Zusatzprotokoll von 2011 bewilligt zwar Individualklagen beim <a href=\"https:\/\/www.humanium.org\/de\/ausschuss-rolle\/\">Kinderrechtskomitee<\/a>, doch sind viele H\u00fcrden auf dem Weg dorthin zu bew\u00e4ltigen (der Staat muss sein Einverst\u00e4ndnis geben, das Verfahren ist schwerf\u00e4llig, teuer und nicht gel\u00e4ufig,&#8230;). Auch der Weg \u00fcber andere, beispielsweise regionale Verfahren, wie den Europ\u00e4ischen Gerichtshof f\u00fcr Menschenrechte oder das Komitee der Afrikanischen Charta erweist sich als genau so schwierig.<\/p>\n<p>Folglich bleibt die Sanktion eines Staates wohl die Ausnahme und noch schwieriger wird es, wenn es um wirtschaftliche und milit\u00e4rische Gro\u00dfm\u00e4chte geht.<\/p>\n<p><em>Im Fall einer fehlenden Regierung<\/em><br \/>\nWenn <a href=\"https:\/\/www.humanium.org\/de\/kinder-in-kriegen\/\">Krieg<\/a> herrscht oder die Regierung gest\u00fcrzt wurde, ist der Staat h\u00e4ufig nicht in der Lage, sein Volk an die Menschenrechte zu erinnern.\u00a0Wenn es dann zu Gewalttaten kommt, werden h\u00e4ufig auch die Kinderrechte au\u00dfer Acht gelassen, ohne dass spezielle Kriegsrechte an deren Stelle treten. Im Prinzip gelten in diesem Fall lediglich die Grundrechte, wie das Recht auf Leben.<\/p>\n<p>Und <a href=\"https:\/\/www.humanium.org\/de\/staatenlos-und-unsichtbar\/\">staatenlose Kinder<\/a>, d.h. diejenigen, die keinem Staat zugeh\u00f6rig oder auf der Flucht sind, k\u00f6nnen auch nicht auf den Schutz ihres urspr\u00fcnglichen Heimatlandes hoffen.<\/p>\n<p><em>Die Aufgabe der Gesellschaft<\/em><br \/>\nDas internationale Recht ist von einer Umsetzung in der Realit\u00e4t leider oft weit entfernt. Ohne die Mithilfe von Eltern, Familie, aber auch von \u00f6ffentlichen und privaten Fachleuten und der restlichen Bev\u00f6lkerung g\u00e4be es gar keine Kinderrechte.<\/p>\n<p>In den meisten L\u00e4ndern kann ein Kind auf eigene Faust keine Klage einreichen. Um sich \u00fcberhaupt Geh\u00f6r zu verschaffen, muss es von einem Erwachsenen begleitet sein.<\/p>\n<p>Und unterst\u00fctzen die internationalen Rechte auch Werte wie Gleichheit und <a href=\"https:\/\/www.humanium.org\/de\/diskriminierung\/\">Nicht-Diskriminierung<\/a>, so bleibt das Ganze doch reine Theorie. In dieser Sache scheint es aber sehr wichtig zu sein, viel aktiver gegen diskriminierende Praktiken anzugehen. Denn gerade die Schw\u00e4chsten und Verletzlichsten, wie kleine M\u00e4dchen oder Kinder aus Minderheiten, sind schlimmer betroffen als andere. Laut einem Bericht von Amnesty International von 2008 wurde beispielsweise in der Slowakei Roma-Kindern systematisch der Zugang zu Schulen verweigert, obschon der Staat s\u00e4mtlichen internationalen Gesetzestexten gegen solche Praktiken zugestimmt hat.<\/p>\n<p>Es ist also Aufgabe der Staaten, die Kinder und ihre Angeh\u00f6rigen noch besser \u00fcber ihre Rechte aufzukl\u00e4ren und sie \u00fcber Hilfsm\u00f6glichkeiten zu informieren, damit (sie von ihren Rechten Gebrauch machen k\u00f6nnen.) ihre Rechte zum Tragen kommen.<\/p>\n<p>&nbsp;<\/p>\n<div id=\"toggle\"><a onclick=\"show_voir_aussi('voir_aussi_box')\" href=\"javascript:show_voir_aussi(id)\"><\/a><\/div>\n<div id=\"voir_aussi_box\" style=\"display: none;\">\n<ul>\n<li><a href=\"https:\/\/www.humanium.org\/de\/kinderrechte\/\">Definition der Kinderrechte<\/a><\/li>\n<li><a href=\"https:\/\/www.humanium.org\/de\/geschichte-kinderrechte\/\">Geschichte der Kinderrechte<\/a><\/li>\n<li><a href=\"https:\/\/www.humanium.org\/de\/verstehen\/\">Definitionen zum besseren Verst\u00e4ndnis der verschiedenen Rechte der Kinder<\/a><\/li>\n<\/ul>\n<\/div>\n<p>&nbsp;<\/p>\n<div id=\"toggle\"><\/div>\n<div id=\"sources_box\" style=\"display: none;\">\n<ul>Siehe verwendete Quellen f\u00fcr die Originalversion in Franz\u00f6sisch.<\/ul>\n<\/div>\n","protected":false},"excerpt":{"rendered":"<p>Kinderrechte kritisch betrachtet Wenn es um Kinder geht, sto\u00dfen die geltenden Gesetze an Grenzen Wird ein Kind geboren, ist es erst einmal abh\u00e4ngig von Erwachsenen und schwach. Das Gesetz bietet ihm Schutz und gew\u00e4hrleistet ihm Vorteile und die M\u00f6glichkeit an den Entscheidungen, die es betreffen, mitzuwirken. Dennoch sind die Verfahrensweisen kritisch zu betrachten. Zwischen \u00dcberbeh\u00fctung [&hellip;]<\/p>\n","protected":false},"author":1,"featured_media":0,"parent":0,"menu_order":0,"comment_status":"closed","ping_status":"closed","template":"","meta":{"footnotes":""},"class_list":["post-2785","page","type-page","status-publish","hentry"],"yoast_head":"<!-- This site is optimized with the Yoast SEO plugin v26.5 - https:\/\/yoast.com\/wordpress\/plugins\/seo\/ -->\n<title>Kinderrechte kritisch betrachtet - Humanium<\/title>\n<meta name=\"robots\" content=\"index, follow, max-snippet:-1, max-image-preview:large, max-video-preview:-1\" \/>\n<link rel=\"canonical\" href=\"https:\/\/www.humanium.org\/de\/kinderrechte-kritisch-betrachtet\/\" \/>\n<meta property=\"og:locale\" content=\"de_DE\" \/>\n<meta property=\"og:type\" content=\"article\" \/>\n<meta property=\"og:title\" content=\"Kinderrechte kritisch betrachtet - Humanium\" \/>\n<meta property=\"og:description\" content=\"Kinderrechte kritisch betrachtet Wenn es um Kinder geht, sto\u00dfen die geltenden Gesetze an Grenzen Wird ein Kind geboren, ist es erst einmal abh\u00e4ngig von Erwachsenen und schwach. Das Gesetz bietet ihm Schutz und gew\u00e4hrleistet ihm Vorteile und die M\u00f6glichkeit an den Entscheidungen, die es betreffen, mitzuwirken. Dennoch sind die Verfahrensweisen kritisch zu betrachten. Zwischen \u00dcberbeh\u00fctung [&hellip;]\" \/>\n<meta property=\"og:url\" content=\"https:\/\/www.humanium.org\/de\/kinderrechte-kritisch-betrachtet\/\" \/>\n<meta property=\"og:site_name\" content=\"Humanium\" \/>\n<meta property=\"article:modified_time\" content=\"2025-12-06T06:23:05+00:00\" \/>\n<meta name=\"twitter:card\" content=\"summary_large_image\" \/>\n<meta name=\"twitter:label1\" content=\"Gesch\u00e4tzte Lesezeit\" \/>\n\t<meta name=\"twitter:data1\" content=\"8\u00a0Minuten\" \/>\n<script type=\"application\/ld+json\" class=\"yoast-schema-graph\">{\"@context\":\"https:\/\/schema.org\",\"@graph\":[{\"@type\":\"WebPage\",\"@id\":\"https:\/\/www.humanium.org\/de\/kinderrechte-kritisch-betrachtet\/\",\"url\":\"https:\/\/www.humanium.org\/de\/kinderrechte-kritisch-betrachtet\/\",\"name\":\"Kinderrechte kritisch betrachtet - Humanium\",\"isPartOf\":{\"@id\":\"https:\/\/www.humanium.org\/de\/#website\"},\"datePublished\":\"2013-09-27T14:29:17+00:00\",\"dateModified\":\"2025-12-06T06:23:05+00:00\",\"breadcrumb\":{\"@id\":\"https:\/\/www.humanium.org\/de\/kinderrechte-kritisch-betrachtet\/#breadcrumb\"},\"inLanguage\":\"de\",\"potentialAction\":[{\"@type\":\"ReadAction\",\"target\":[\"https:\/\/www.humanium.org\/de\/kinderrechte-kritisch-betrachtet\/\"]}]},{\"@type\":\"BreadcrumbList\",\"@id\":\"https:\/\/www.humanium.org\/de\/kinderrechte-kritisch-betrachtet\/#breadcrumb\",\"itemListElement\":[{\"@type\":\"ListItem\",\"position\":1,\"name\":\"Home\",\"item\":\"https:\/\/www.humanium.org\/de\/\"},{\"@type\":\"ListItem\",\"position\":2,\"name\":\"Kinderrechte kritisch betrachtet\"}]},{\"@type\":\"WebSite\",\"@id\":\"https:\/\/www.humanium.org\/de\/#website\",\"url\":\"https:\/\/www.humanium.org\/de\/\",\"name\":\"Humanium\",\"description\":\"Kinder zuerst!\",\"potentialAction\":[{\"@type\":\"SearchAction\",\"target\":{\"@type\":\"EntryPoint\",\"urlTemplate\":\"https:\/\/www.humanium.org\/de\/?s={search_term_string}\"},\"query-input\":{\"@type\":\"PropertyValueSpecification\",\"valueRequired\":true,\"valueName\":\"search_term_string\"}}],\"inLanguage\":\"de\"}]}<\/script>\n<!-- \/ Yoast SEO plugin. -->","yoast_head_json":{"title":"Kinderrechte kritisch betrachtet - Humanium","robots":{"index":"index","follow":"follow","max-snippet":"max-snippet:-1","max-image-preview":"max-image-preview:large","max-video-preview":"max-video-preview:-1"},"canonical":"https:\/\/www.humanium.org\/de\/kinderrechte-kritisch-betrachtet\/","og_locale":"de_DE","og_type":"article","og_title":"Kinderrechte kritisch betrachtet - Humanium","og_description":"Kinderrechte kritisch betrachtet Wenn es um Kinder geht, sto\u00dfen die geltenden Gesetze an Grenzen Wird ein Kind geboren, ist es erst einmal abh\u00e4ngig von Erwachsenen und schwach. Das Gesetz bietet ihm Schutz und gew\u00e4hrleistet ihm Vorteile und die M\u00f6glichkeit an den Entscheidungen, die es betreffen, mitzuwirken. Dennoch sind die Verfahrensweisen kritisch zu betrachten. Zwischen \u00dcberbeh\u00fctung [&hellip;]","og_url":"https:\/\/www.humanium.org\/de\/kinderrechte-kritisch-betrachtet\/","og_site_name":"Humanium","article_modified_time":"2025-12-06T06:23:05+00:00","twitter_card":"summary_large_image","twitter_misc":{"Gesch\u00e4tzte Lesezeit":"8\u00a0Minuten"},"schema":{"@context":"https:\/\/schema.org","@graph":[{"@type":"WebPage","@id":"https:\/\/www.humanium.org\/de\/kinderrechte-kritisch-betrachtet\/","url":"https:\/\/www.humanium.org\/de\/kinderrechte-kritisch-betrachtet\/","name":"Kinderrechte kritisch betrachtet - Humanium","isPartOf":{"@id":"https:\/\/www.humanium.org\/de\/#website"},"datePublished":"2013-09-27T14:29:17+00:00","dateModified":"2025-12-06T06:23:05+00:00","breadcrumb":{"@id":"https:\/\/www.humanium.org\/de\/kinderrechte-kritisch-betrachtet\/#breadcrumb"},"inLanguage":"de","potentialAction":[{"@type":"ReadAction","target":["https:\/\/www.humanium.org\/de\/kinderrechte-kritisch-betrachtet\/"]}]},{"@type":"BreadcrumbList","@id":"https:\/\/www.humanium.org\/de\/kinderrechte-kritisch-betrachtet\/#breadcrumb","itemListElement":[{"@type":"ListItem","position":1,"name":"Home","item":"https:\/\/www.humanium.org\/de\/"},{"@type":"ListItem","position":2,"name":"Kinderrechte kritisch betrachtet"}]},{"@type":"WebSite","@id":"https:\/\/www.humanium.org\/de\/#website","url":"https:\/\/www.humanium.org\/de\/","name":"Humanium","description":"Kinder zuerst!","potentialAction":[{"@type":"SearchAction","target":{"@type":"EntryPoint","urlTemplate":"https:\/\/www.humanium.org\/de\/?s={search_term_string}"},"query-input":{"@type":"PropertyValueSpecification","valueRequired":true,"valueName":"search_term_string"}}],"inLanguage":"de"}]}},"_links":{"self":[{"href":"https:\/\/www.humanium.org\/de\/wp-json\/wp\/v2\/pages\/2785","targetHints":{"allow":["GET"]}}],"collection":[{"href":"https:\/\/www.humanium.org\/de\/wp-json\/wp\/v2\/pages"}],"about":[{"href":"https:\/\/www.humanium.org\/de\/wp-json\/wp\/v2\/types\/page"}],"author":[{"embeddable":true,"href":"https:\/\/www.humanium.org\/de\/wp-json\/wp\/v2\/users\/1"}],"replies":[{"embeddable":true,"href":"https:\/\/www.humanium.org\/de\/wp-json\/wp\/v2\/comments?post=2785"}],"version-history":[{"count":15,"href":"https:\/\/www.humanium.org\/de\/wp-json\/wp\/v2\/pages\/2785\/revisions"}],"predecessor-version":[{"id":20691,"href":"https:\/\/www.humanium.org\/de\/wp-json\/wp\/v2\/pages\/2785\/revisions\/20691"}],"wp:attachment":[{"href":"https:\/\/www.humanium.org\/de\/wp-json\/wp\/v2\/media?parent=2785"}],"curies":[{"name":"wp","href":"https:\/\/api.w.org\/{rel}","templated":true}]}}