{"id":2807,"date":"2013-09-30T09:21:02","date_gmt":"2013-09-30T09:21:02","guid":{"rendered":"http:\/\/www.humanium.org\/de\/?page_id=2807"},"modified":"2025-12-06T06:23:06","modified_gmt":"2025-12-06T06:23:06","slug":"ubereinkommen-nr-138-uber-das-mindestalter-fur-die-zulassung-von-beschaftigung-1973","status":"publish","type":"page","link":"https:\/\/www.humanium.org\/de\/ubereinkommen-nr-138-uber-das-mindestalter-fur-die-zulassung-von-beschaftigung-1973\/","title":{"rendered":"\u00dcbereinkommen Nr.138 \u00fcber das Mindestalter f\u00fcr die Zulassung von Besch\u00e4ftigung, 1973"},"content":{"rendered":"<h1><a href=\"https:\/\/www.humanium.org\/de\/ubereinkommen-uber-das-mindestalter-fur-die-zulassung-zur-beschaftigung\/\" target=\"_self\"><span style=\"color: #800000;\">\u00dcbereinkommen Nr.138 \u00fcber das Mindestalter f\u00fcr die Zulassung von Besch\u00e4ftigung, 1973<\/span><\/a><\/h1>\n<h2>\u00dcber das Abkommen<\/h2>\n<p><strong>Die Internationale Arbeitsorganisation (ILO) ist die erste Organisation, die Kinderarbeit regulierte. Am 26. Juni 1973 f\u00fchrte die Generalkonferenz der ILO ein gesetzlich bindendes Dokument ein, das das legale Mindestalter auf 15 Jahre festlegt.<\/strong><\/p>\n<h3>Inhalt des Abkommens<\/h3>\n<h4>Das durch das Abkommen festgelegte Mindestalter<\/h4>\n<p>Das <a href=\"https:\/\/www.humanium.org\/de\/ubereinkommen-uber-das-mindestalter-fur-die-zulassung-zur-beschaftigung\/\">\u00dcbereinkommen 138<\/a> wurde zur Regulierung von Kinderarbeit entwickelt und legt das Mindestalter zur Zulassung zur Besch\u00e4ftigung fest, das von den Unterzeichnenden zu respektieren ist. Dieses \u00dcbereinkommen trat am 19. Juni 1976 in Kraft. Das Mindestalter wurde auf 15 Jahre festgelegt (13 Jahre bei leichter Arbeit). F\u00fcr gef\u00e4hrliche Arbeiten legte das \u00dcbereinkommen die Grenze zur Zulassung zur Besch\u00e4ftigung auf 18 Jahre (unter bestimmten Bedingungen auf 16 Jahre).<\/p>\n<p>Das \u00dcbereinkommen erlaub Entwicklungsl\u00e4ndern, deren Wirtschaft und Bildungseinrichtungen nur unzureichend entwickelt sind, das Mindestalter zeitweilig auf 14 Jahre zu setzen. Diese Entscheidung muss ausreichend begr\u00fcndet sein.<\/p>\n<p>Die ILO f\u00fchrte zudem die Empfehlung R146 ein, um Mitglieder bei der Bewerbung f\u00fcr diese \u00dcbereinkommen zu leiten.<\/p>\n<h4>Die Rolle des \u00dcbereinkommens f\u00fcr Kinderrechte<\/h4>\n<p>Die Absicht des \u00dcbereinkommens 138 ist es, Kindern ein Recht auf ihre Kindheit einzur\u00e4umen. Ein nicht arbeitendes Kind hat bessere Chancen, sich sowohl k\u00f6rperlich als auch geistig angemessen zu entwickeln und somit zu einem gesunden Erwachsenen heran zu wachsen.<\/p>\n<p>Um das Wohlbefinden des Kindes gew\u00e4hrleisten zu k\u00f6nnen, wurde das Mindestalter auf 15 Jahre festgelegt. Dieser Wert basiert auf dem Alter mit welchem die Kindesentwicklung (Wachstum etc.) und die Grundausbildung als abgeschlossen gelten.<\/p>\n<h3>Umfang des \u00dcbereinkommens<\/h3>\n<p>\u00dcbereinkommen 138 ist rechtlich bindend f\u00fcr jedes Mitglied, das dieses ratifiziert hat. Dies bedeutet, dass von 183 ILO Mitgliedsstaaten (1) 156 dieses \u00dcbereinkommen unterzeichnet haben und es respektieren m\u00fcssen (2).<\/p>\n<p>Dennoch haben manche L\u00e4nder, in denen Ausbeutung von Kindern ein gro\u00dfes Problem darstellt, dies nicht ratifiziert. In Indien zum Beispiel, eines der gr\u00f6\u00dften Reservoirs f\u00fcr Kinderarbeit, wurde dieses Abkommen immer noch nicht unterzeichnet, was zum Fortbestehen von Kinderarbeit beitr\u00e4gt.<\/p>\n<p>Die ILO hat bestimmte Kontrollmechanismen eingerichtet, die sicherstellen sollen, dass dieses Abkommen respektiert wird. Expertenaussch\u00fcsse beobachten die Anwendung dieses \u00dcbereinkommens und pr\u00fcfen die Fortschrittsberichte, welche die Mitglieder verpflichtend einreichen m\u00fcssen.<\/p>\n<p>Zus\u00e4tzlich hat die ILO im Jahr 1992 ein internationales Programm zur Abschaffung von Kinderarbeit (IPEC) geschaffen, mit dem \u00fcbergeordneten Ziel, Kinderarbeit stufenweise abzuschaffen.<\/p>\n<p><a href=\"https:\/\/www.humanium.org\/de\/ubereinkommen-uber-das-mindestalter-fur-die-zulassung-zur-beschaftigung\/\"><img loading=\"lazy\" decoding=\"async\" class=\"aligncenter\" title=\"Text\" alt=\"\" src=\"https:\/\/www.humanium.org\/fr\/wp-content\/uploads\/le-texte.gif\" width=\"67\" height=\"30\" \/><\/a><\/p>\n<p><\/p>\n<div id=\"toggle\"><a onclick=\"show_voir_aussi('voir_aussi_box')\" href=\"javascript:show_voir_aussi(id)\"><\/a><\/div>\n<div id=\"voir_aussi_box\" style=\"display: none;\">\n<ul>\n<li><a href=\"https:\/\/www.humanium.org\/de\/kinderarbeit-2\/\">\u00dcber Kinderarbeit<\/a><\/li>\n<li><a href=\"https:\/\/www.humanium.org\/de\/gesetzesnormen\/\">Andere Referenznormen f\u00fcr Kinderrechte<\/a><\/li>\n<\/ul>\n<\/div>\n<p><\/p>\n<div id=\"toggle\"><\/div>\n<div id=\"sources_box\" style=\"display: none;\">\n<ul>\nSiehe verwendete Quellen f\u00fcr die Originalversion in Franz\u00f6sisch.\n<\/ul>\n<\/div>\n","protected":false},"excerpt":{"rendered":"<p>\u00dcbereinkommen Nr.138 \u00fcber das Mindestalter f\u00fcr die Zulassung von Besch\u00e4ftigung, 1973 \u00dcber das Abkommen Die Internationale Arbeitsorganisation (ILO) ist die erste Organisation, die Kinderarbeit regulierte. Am 26. Juni 1973 f\u00fchrte die Generalkonferenz der ILO ein gesetzlich bindendes Dokument ein, das das legale Mindestalter auf 15 Jahre festlegt. Inhalt des Abkommens Das durch das Abkommen festgelegte [&hellip;]<\/p>\n","protected":false},"author":1,"featured_media":0,"parent":0,"menu_order":0,"comment_status":"closed","ping_status":"closed","template":"","meta":{"footnotes":""},"class_list":["post-2807","page","type-page","status-publish","hentry"],"yoast_head":"<!-- This site is optimized with the Yoast SEO plugin v26.5 - https:\/\/yoast.com\/wordpress\/plugins\/seo\/ -->\n<title>\u00dcbereinkommen Nr.138 \u00fcber das Mindestalter f\u00fcr die Zulassung von Besch\u00e4ftigung, 1973 - Humanium<\/title>\n<meta name=\"robots\" content=\"index, follow, max-snippet:-1, max-image-preview:large, max-video-preview:-1\" \/>\n<link rel=\"canonical\" href=\"https:\/\/www.humanium.org\/de\/ubereinkommen-nr-138-uber-das-mindestalter-fur-die-zulassung-von-beschaftigung-1973\/\" \/>\n<meta property=\"og:locale\" content=\"de_DE\" \/>\n<meta property=\"og:type\" content=\"article\" \/>\n<meta property=\"og:title\" content=\"\u00dcbereinkommen Nr.138 \u00fcber das Mindestalter f\u00fcr die Zulassung von Besch\u00e4ftigung, 1973 - Humanium\" \/>\n<meta property=\"og:description\" content=\"\u00dcbereinkommen Nr.138 \u00fcber das Mindestalter f\u00fcr die Zulassung von Besch\u00e4ftigung, 1973 \u00dcber das Abkommen Die Internationale Arbeitsorganisation (ILO) ist die erste Organisation, die Kinderarbeit regulierte. Am 26. Juni 1973 f\u00fchrte die Generalkonferenz der ILO ein gesetzlich bindendes Dokument ein, das das legale Mindestalter auf 15 Jahre festlegt. Inhalt des Abkommens Das durch das Abkommen festgelegte [&hellip;]\" \/>\n<meta property=\"og:url\" content=\"https:\/\/www.humanium.org\/de\/ubereinkommen-nr-138-uber-das-mindestalter-fur-die-zulassung-von-beschaftigung-1973\/\" \/>\n<meta property=\"og:site_name\" content=\"Humanium\" \/>\n<meta property=\"article:modified_time\" content=\"2025-12-06T06:23:06+00:00\" \/>\n<meta property=\"og:image\" content=\"https:\/\/www.humanium.org\/fr\/wp-content\/uploads\/le-texte.gif\" \/>\n<meta name=\"twitter:card\" content=\"summary_large_image\" \/>\n<meta name=\"twitter:label1\" content=\"Gesch\u00e4tzte Lesezeit\" \/>\n\t<meta name=\"twitter:data1\" content=\"2\u00a0Minuten\" \/>\n<script type=\"application\/ld+json\" class=\"yoast-schema-graph\">{\"@context\":\"https:\/\/schema.org\",\"@graph\":[{\"@type\":\"WebPage\",\"@id\":\"https:\/\/www.humanium.org\/de\/ubereinkommen-nr-138-uber-das-mindestalter-fur-die-zulassung-von-beschaftigung-1973\/\",\"url\":\"https:\/\/www.humanium.org\/de\/ubereinkommen-nr-138-uber-das-mindestalter-fur-die-zulassung-von-beschaftigung-1973\/\",\"name\":\"\u00dcbereinkommen Nr.138 \u00fcber das Mindestalter f\u00fcr die Zulassung von Besch\u00e4ftigung, 1973 - Humanium\",\"isPartOf\":{\"@id\":\"https:\/\/www.humanium.org\/de\/#website\"},\"primaryImageOfPage\":{\"@id\":\"https:\/\/www.humanium.org\/de\/ubereinkommen-nr-138-uber-das-mindestalter-fur-die-zulassung-von-beschaftigung-1973\/#primaryimage\"},\"image\":{\"@id\":\"https:\/\/www.humanium.org\/de\/ubereinkommen-nr-138-uber-das-mindestalter-fur-die-zulassung-von-beschaftigung-1973\/#primaryimage\"},\"thumbnailUrl\":\"https:\/\/www.humanium.org\/fr\/wp-content\/uploads\/le-texte.gif\",\"datePublished\":\"2013-09-30T09:21:02+00:00\",\"dateModified\":\"2025-12-06T06:23:06+00:00\",\"breadcrumb\":{\"@id\":\"https:\/\/www.humanium.org\/de\/ubereinkommen-nr-138-uber-das-mindestalter-fur-die-zulassung-von-beschaftigung-1973\/#breadcrumb\"},\"inLanguage\":\"de\",\"potentialAction\":[{\"@type\":\"ReadAction\",\"target\":[\"https:\/\/www.humanium.org\/de\/ubereinkommen-nr-138-uber-das-mindestalter-fur-die-zulassung-von-beschaftigung-1973\/\"]}]},{\"@type\":\"ImageObject\",\"inLanguage\":\"de\",\"@id\":\"https:\/\/www.humanium.org\/de\/ubereinkommen-nr-138-uber-das-mindestalter-fur-die-zulassung-von-beschaftigung-1973\/#primaryimage\",\"url\":\"https:\/\/www.humanium.org\/fr\/wp-content\/uploads\/le-texte.gif\",\"contentUrl\":\"https:\/\/www.humanium.org\/fr\/wp-content\/uploads\/le-texte.gif\"},{\"@type\":\"BreadcrumbList\",\"@id\":\"https:\/\/www.humanium.org\/de\/ubereinkommen-nr-138-uber-das-mindestalter-fur-die-zulassung-von-beschaftigung-1973\/#breadcrumb\",\"itemListElement\":[{\"@type\":\"ListItem\",\"position\":1,\"name\":\"Home\",\"item\":\"https:\/\/www.humanium.org\/de\/\"},{\"@type\":\"ListItem\",\"position\":2,\"name\":\"\u00dcbereinkommen Nr.138 \u00fcber das Mindestalter f\u00fcr die Zulassung von Besch\u00e4ftigung, 1973\"}]},{\"@type\":\"WebSite\",\"@id\":\"https:\/\/www.humanium.org\/de\/#website\",\"url\":\"https:\/\/www.humanium.org\/de\/\",\"name\":\"Humanium\",\"description\":\"Kinder zuerst!\",\"potentialAction\":[{\"@type\":\"SearchAction\",\"target\":{\"@type\":\"EntryPoint\",\"urlTemplate\":\"https:\/\/www.humanium.org\/de\/?s={search_term_string}\"},\"query-input\":{\"@type\":\"PropertyValueSpecification\",\"valueRequired\":true,\"valueName\":\"search_term_string\"}}],\"inLanguage\":\"de\"}]}<\/script>\n<!-- \/ Yoast SEO plugin. -->","yoast_head_json":{"title":"\u00dcbereinkommen Nr.138 \u00fcber das Mindestalter f\u00fcr die Zulassung von Besch\u00e4ftigung, 1973 - Humanium","robots":{"index":"index","follow":"follow","max-snippet":"max-snippet:-1","max-image-preview":"max-image-preview:large","max-video-preview":"max-video-preview:-1"},"canonical":"https:\/\/www.humanium.org\/de\/ubereinkommen-nr-138-uber-das-mindestalter-fur-die-zulassung-von-beschaftigung-1973\/","og_locale":"de_DE","og_type":"article","og_title":"\u00dcbereinkommen Nr.138 \u00fcber das Mindestalter f\u00fcr die Zulassung von Besch\u00e4ftigung, 1973 - Humanium","og_description":"\u00dcbereinkommen Nr.138 \u00fcber das Mindestalter f\u00fcr die Zulassung von Besch\u00e4ftigung, 1973 \u00dcber das Abkommen Die Internationale Arbeitsorganisation (ILO) ist die erste Organisation, die Kinderarbeit regulierte. Am 26. Juni 1973 f\u00fchrte die Generalkonferenz der ILO ein gesetzlich bindendes Dokument ein, das das legale Mindestalter auf 15 Jahre festlegt. Inhalt des Abkommens Das durch das Abkommen festgelegte [&hellip;]","og_url":"https:\/\/www.humanium.org\/de\/ubereinkommen-nr-138-uber-das-mindestalter-fur-die-zulassung-von-beschaftigung-1973\/","og_site_name":"Humanium","article_modified_time":"2025-12-06T06:23:06+00:00","og_image":[{"url":"https:\/\/www.humanium.org\/fr\/wp-content\/uploads\/le-texte.gif","type":"","width":"","height":""}],"twitter_card":"summary_large_image","twitter_misc":{"Gesch\u00e4tzte Lesezeit":"2\u00a0Minuten"},"schema":{"@context":"https:\/\/schema.org","@graph":[{"@type":"WebPage","@id":"https:\/\/www.humanium.org\/de\/ubereinkommen-nr-138-uber-das-mindestalter-fur-die-zulassung-von-beschaftigung-1973\/","url":"https:\/\/www.humanium.org\/de\/ubereinkommen-nr-138-uber-das-mindestalter-fur-die-zulassung-von-beschaftigung-1973\/","name":"\u00dcbereinkommen Nr.138 \u00fcber das Mindestalter f\u00fcr die Zulassung von Besch\u00e4ftigung, 1973 - Humanium","isPartOf":{"@id":"https:\/\/www.humanium.org\/de\/#website"},"primaryImageOfPage":{"@id":"https:\/\/www.humanium.org\/de\/ubereinkommen-nr-138-uber-das-mindestalter-fur-die-zulassung-von-beschaftigung-1973\/#primaryimage"},"image":{"@id":"https:\/\/www.humanium.org\/de\/ubereinkommen-nr-138-uber-das-mindestalter-fur-die-zulassung-von-beschaftigung-1973\/#primaryimage"},"thumbnailUrl":"https:\/\/www.humanium.org\/fr\/wp-content\/uploads\/le-texte.gif","datePublished":"2013-09-30T09:21:02+00:00","dateModified":"2025-12-06T06:23:06+00:00","breadcrumb":{"@id":"https:\/\/www.humanium.org\/de\/ubereinkommen-nr-138-uber-das-mindestalter-fur-die-zulassung-von-beschaftigung-1973\/#breadcrumb"},"inLanguage":"de","potentialAction":[{"@type":"ReadAction","target":["https:\/\/www.humanium.org\/de\/ubereinkommen-nr-138-uber-das-mindestalter-fur-die-zulassung-von-beschaftigung-1973\/"]}]},{"@type":"ImageObject","inLanguage":"de","@id":"https:\/\/www.humanium.org\/de\/ubereinkommen-nr-138-uber-das-mindestalter-fur-die-zulassung-von-beschaftigung-1973\/#primaryimage","url":"https:\/\/www.humanium.org\/fr\/wp-content\/uploads\/le-texte.gif","contentUrl":"https:\/\/www.humanium.org\/fr\/wp-content\/uploads\/le-texte.gif"},{"@type":"BreadcrumbList","@id":"https:\/\/www.humanium.org\/de\/ubereinkommen-nr-138-uber-das-mindestalter-fur-die-zulassung-von-beschaftigung-1973\/#breadcrumb","itemListElement":[{"@type":"ListItem","position":1,"name":"Home","item":"https:\/\/www.humanium.org\/de\/"},{"@type":"ListItem","position":2,"name":"\u00dcbereinkommen Nr.138 \u00fcber das Mindestalter f\u00fcr die Zulassung von Besch\u00e4ftigung, 1973"}]},{"@type":"WebSite","@id":"https:\/\/www.humanium.org\/de\/#website","url":"https:\/\/www.humanium.org\/de\/","name":"Humanium","description":"Kinder zuerst!","potentialAction":[{"@type":"SearchAction","target":{"@type":"EntryPoint","urlTemplate":"https:\/\/www.humanium.org\/de\/?s={search_term_string}"},"query-input":{"@type":"PropertyValueSpecification","valueRequired":true,"valueName":"search_term_string"}}],"inLanguage":"de"}]}},"_links":{"self":[{"href":"https:\/\/www.humanium.org\/de\/wp-json\/wp\/v2\/pages\/2807","targetHints":{"allow":["GET"]}}],"collection":[{"href":"https:\/\/www.humanium.org\/de\/wp-json\/wp\/v2\/pages"}],"about":[{"href":"https:\/\/www.humanium.org\/de\/wp-json\/wp\/v2\/types\/page"}],"author":[{"embeddable":true,"href":"https:\/\/www.humanium.org\/de\/wp-json\/wp\/v2\/users\/1"}],"replies":[{"embeddable":true,"href":"https:\/\/www.humanium.org\/de\/wp-json\/wp\/v2\/comments?post=2807"}],"version-history":[{"count":11,"href":"https:\/\/www.humanium.org\/de\/wp-json\/wp\/v2\/pages\/2807\/revisions"}],"predecessor-version":[{"id":20697,"href":"https:\/\/www.humanium.org\/de\/wp-json\/wp\/v2\/pages\/2807\/revisions\/20697"}],"wp:attachment":[{"href":"https:\/\/www.humanium.org\/de\/wp-json\/wp\/v2\/media?parent=2807"}],"curies":[{"name":"wp","href":"https:\/\/api.w.org\/{rel}","templated":true}]}}