{"id":2857,"date":"2013-10-07T13:20:33","date_gmt":"2013-10-07T13:20:33","guid":{"rendered":"http:\/\/www.humanium.org\/de\/?page_id=2857"},"modified":"2025-12-06T06:23:06","modified_gmt":"2025-12-06T06:23:06","slug":"erklarung-der-rechte-des-kindes-1959","status":"publish","type":"page","link":"https:\/\/www.humanium.org\/de\/erklarung-der-rechte-des-kindes-1959\/","title":{"rendered":"Erkl\u00e4rung der Rechte des Kindes, 1959"},"content":{"rendered":"<h1><span style=\"color: #800000;\">Erkl\u00e4rung der Rechte des Kindes, 1959<\/span><\/h1>\n<h2>\u00dcber Die Erkl\u00e4rung<\/h2>\n<p><strong>1959 verabschiedete die Generalversammlung der Vereinten Nationen die <a href=\"https:\/\/www.humanium.org\/de\/erklarung-rechte-kindes\/\">Erkl\u00e4rung der Rechte des Kindes<\/a>. Dies war die erste gro\u00dfe internationale \u00dcbereinkunft \u00fcber die Grundprinzipien von Kinderrechten.<\/strong><\/p>\n<h3>Ursprung der \u201eErkl\u00e4rung der Rechte des Kindes\u201c<\/h3>\n<p>1924 verabschiedete der V\u00f6lkerbund die Genfer Erkl\u00e4rung, ein historisches Dokument, das zum ersten Mal die Existenz von spezifischen Kinderrechten sowie die Verantwortung von Erwachsenen gegen\u00fcber Kindern anerkannte und best\u00e4tigte. Die nach dem Zweiten Weltkrieg gegr\u00fcndeten Vereinten Nationen \u00fcbernahmen die Genfer Erkl\u00e4rung im Jahr 1946. Aber nach der Verabschiedung der <a href=\"https:\/\/www.humanium.org\/de\/erklarung-menschenrechte-1948\/\">Allgemeinen Erkl\u00e4rung der Menschenrechte 1948<\/a> wurden die Unzul\u00e4nglichkeiten der Genfer Erkl\u00e4rung im Bereich der Menschenrechte offenbar, die daher erweitert werden musste.<\/p>\n<blockquote><p>&#8222;Mehrere UN-Mitgliedsstaaten forderten daraufhin eine Konvention, also eine internationale \u00dcbereinkunft, die f\u00fcr die Staaten, die sie ratifizierten, rechtlich bindend sein w\u00fcrde. Dieser Vorschlag wurde jedoch nicht angenommen.&#8220; [unsere \u00dcbersetzung]<\/p><\/blockquote>\n<p>Deshalb beschlossen die Mitgliedsstaaten eine zweite Erkl\u00e4rung der Rechte des Kindes aufzusetzen, welche wieder von dem Gedanken ausging, dass \u201edie Menschheit den Kindern das Beste schuldet, was sie zu geben hat\u201c.<br \/>\nAm 20. November 1959 wurde diese <a href=\"https:\/\/www.humanium.org\/de\/erklarung-rechte-kindes\/\">Erkl\u00e4rung der Rechte des Kindes<\/a> einstimmig von allen 78 Mitgliedsstaaten der Generalversammlung der Vereinten Nationen in der Resolution 1386 (XIV) verabschiedet.<\/p>\n<h3>Inhalt der Erkl\u00e4rung der Rechte des Kindes<\/h3>\n<blockquote><p>&#8222;Kinder werden allgemein als menschliche Wesen anerkannt, die die M\u00f6glichkeit haben m\u00fcssen, sich k\u00f6rperlich, psychisch, sozial, moralisch und geistig in Freiheit und W\u00fcrde zu entwickeln.&#8220; [unsere \u00dcbersetzung]<\/p><\/blockquote>\n<p>Doch weder die Genfer Erkl\u00e4rung von 1924 noch die <a href=\"https:\/\/www.humanium.org\/de\/erklarung-rechte-kindes\/\">Erkl\u00e4rung der Rechte des Kindes von 1959<\/a> definieren, wann die Kindheit beginnt und endet, haupts\u00e4chlich, um zu vermeiden, eine Position in Bezug auf Abtreibung einzunehmen.<br \/>\nJedoch betont die Pr\u00e4ambel zur <a href=\"https:\/\/www.humanium.org\/de\/erklarung-rechte-kindes\/\">Erkl\u00e4rung der Rechte des Kindes<\/a> das Bed\u00fcrfnis der Kinder nach besonderer F\u00fcrsorge und Schutz, \u201eeinschlie\u00dflich angemessenem rechtlichen Schutz, vor sowie nach der Geburt\u201c.<\/p>\n<p>Die Erkl\u00e4rung der Rechte des Kindes beinhaltet zehn Grunds\u00e4tze (2):<\/p>\n<ul>\n<li>1. Das Recht auf Gleichheit, ohne Unterschiede auf Grund von ethnischer Herkunft, Religion oder nationaler Herkunft.<\/li>\n<li>2. Das Recht auf besonderen Schutz der k\u00f6rperlichen, psychischen und sozialen Entwicklung.<\/li>\n<li>3. Das Recht auf einen Namen und eine Nationalit\u00e4t.<\/li>\n<li>4. Das Recht auf angemessene Ern\u00e4hrung, Unterkunft und medizinische Versorgung.<\/li>\n<li>5. Das Recht auf besondere Bildung und Behandlung, wenn ein Kind eine physische oder psychische Behinderung hat.<\/li>\n<li>6. Das Recht auf Verst\u00e4ndnis und Liebe von Seiten der Eltern und der Gesellschaft.<\/li>\n<li>7. Das Recht auf Freizeitaktivit\u00e4ten und kostenfreie Bildung.<\/li>\n<li>8. Das Recht darauf, in allen Situationen unter den Ersten zu sein, die Hilfe erhalten.<\/li>\n<li>9. Das Recht auf Schutz vor allen Formen der Vernachl\u00e4ssigung, Grausamkeit und Ausbeutung.<\/li>\n<li>10. Das Recht, in einer Atmosph\u00e4re des Verst\u00e4ndnisses, der Toleranz, der V\u00f6lkerfreundschaft und der allgemeinen Br\u00fcderlichkeit aufzuwachsen.<\/li>\n<\/ul>\n<div id=\"toggle\"><a onclick=\"show_voir_aussi('voir_aussi_box')\" href=\"javascript:show_voir_aussi(id)\"><\/a><\/div>\n<div id=\"voir_aussi_box\" style=\"display: none;\">\n<div id=\"stb-body-box-536\">\n<div id=\"stb-body-box-567\">\n<ul>\n<li><a href=\"https:\/\/www.humanium.org\/de\/gesetzesnormen\/\">Andere Gesetzesnormen der Kinderrechte<\/a><\/li>\n<\/ul>\n<\/div>\n<\/div>\n<\/div>\n","protected":false},"excerpt":{"rendered":"<p>Erkl\u00e4rung der Rechte des Kindes, 1959 \u00dcber Die Erkl\u00e4rung 1959 verabschiedete die Generalversammlung der Vereinten Nationen die Erkl\u00e4rung der Rechte des Kindes. Dies war die erste gro\u00dfe internationale \u00dcbereinkunft \u00fcber die Grundprinzipien von Kinderrechten. Ursprung der \u201eErkl\u00e4rung der Rechte des Kindes\u201c 1924 verabschiedete der V\u00f6lkerbund die Genfer Erkl\u00e4rung, ein historisches Dokument, das zum ersten Mal [&hellip;]<\/p>\n","protected":false},"author":1,"featured_media":0,"parent":0,"menu_order":0,"comment_status":"closed","ping_status":"closed","template":"","meta":{"footnotes":""},"class_list":["post-2857","page","type-page","status-publish","hentry"],"yoast_head":"<!-- This site is optimized with the Yoast SEO plugin v26.5 - https:\/\/yoast.com\/wordpress\/plugins\/seo\/ -->\n<title>Erkl\u00e4rung der Rechte des Kindes, 1959 - Humanium<\/title>\n<meta name=\"robots\" content=\"index, follow, max-snippet:-1, max-image-preview:large, max-video-preview:-1\" \/>\n<link rel=\"canonical\" href=\"https:\/\/www.humanium.org\/de\/erklarung-der-rechte-des-kindes-1959\/\" \/>\n<meta property=\"og:locale\" content=\"de_DE\" \/>\n<meta property=\"og:type\" content=\"article\" \/>\n<meta property=\"og:title\" content=\"Erkl\u00e4rung der Rechte des Kindes, 1959 - Humanium\" \/>\n<meta property=\"og:description\" content=\"Erkl\u00e4rung der Rechte des Kindes, 1959 \u00dcber Die Erkl\u00e4rung 1959 verabschiedete die Generalversammlung der Vereinten Nationen die Erkl\u00e4rung der Rechte des Kindes. Dies war die erste gro\u00dfe internationale \u00dcbereinkunft \u00fcber die Grundprinzipien von Kinderrechten. Ursprung der \u201eErkl\u00e4rung der Rechte des Kindes\u201c 1924 verabschiedete der V\u00f6lkerbund die Genfer Erkl\u00e4rung, ein historisches Dokument, das zum ersten Mal [&hellip;]\" \/>\n<meta property=\"og:url\" content=\"https:\/\/www.humanium.org\/de\/erklarung-der-rechte-des-kindes-1959\/\" \/>\n<meta property=\"og:site_name\" content=\"Humanium\" \/>\n<meta property=\"article:modified_time\" content=\"2025-12-06T06:23:06+00:00\" \/>\n<meta name=\"twitter:card\" content=\"summary_large_image\" \/>\n<meta name=\"twitter:label1\" content=\"Gesch\u00e4tzte Lesezeit\" \/>\n\t<meta name=\"twitter:data1\" content=\"2\u00a0Minuten\" \/>\n<script type=\"application\/ld+json\" class=\"yoast-schema-graph\">{\"@context\":\"https:\/\/schema.org\",\"@graph\":[{\"@type\":\"WebPage\",\"@id\":\"https:\/\/www.humanium.org\/de\/erklarung-der-rechte-des-kindes-1959\/\",\"url\":\"https:\/\/www.humanium.org\/de\/erklarung-der-rechte-des-kindes-1959\/\",\"name\":\"Erkl\u00e4rung der Rechte des Kindes, 1959 - Humanium\",\"isPartOf\":{\"@id\":\"https:\/\/www.humanium.org\/de\/#website\"},\"datePublished\":\"2013-10-07T13:20:33+00:00\",\"dateModified\":\"2025-12-06T06:23:06+00:00\",\"breadcrumb\":{\"@id\":\"https:\/\/www.humanium.org\/de\/erklarung-der-rechte-des-kindes-1959\/#breadcrumb\"},\"inLanguage\":\"de\",\"potentialAction\":[{\"@type\":\"ReadAction\",\"target\":[\"https:\/\/www.humanium.org\/de\/erklarung-der-rechte-des-kindes-1959\/\"]}]},{\"@type\":\"BreadcrumbList\",\"@id\":\"https:\/\/www.humanium.org\/de\/erklarung-der-rechte-des-kindes-1959\/#breadcrumb\",\"itemListElement\":[{\"@type\":\"ListItem\",\"position\":1,\"name\":\"Home\",\"item\":\"https:\/\/www.humanium.org\/de\/\"},{\"@type\":\"ListItem\",\"position\":2,\"name\":\"Erkl\u00e4rung der Rechte des Kindes, 1959\"}]},{\"@type\":\"WebSite\",\"@id\":\"https:\/\/www.humanium.org\/de\/#website\",\"url\":\"https:\/\/www.humanium.org\/de\/\",\"name\":\"Humanium\",\"description\":\"Kinder zuerst!\",\"potentialAction\":[{\"@type\":\"SearchAction\",\"target\":{\"@type\":\"EntryPoint\",\"urlTemplate\":\"https:\/\/www.humanium.org\/de\/?s={search_term_string}\"},\"query-input\":{\"@type\":\"PropertyValueSpecification\",\"valueRequired\":true,\"valueName\":\"search_term_string\"}}],\"inLanguage\":\"de\"}]}<\/script>\n<!-- \/ Yoast SEO plugin. -->","yoast_head_json":{"title":"Erkl\u00e4rung der Rechte des Kindes, 1959 - Humanium","robots":{"index":"index","follow":"follow","max-snippet":"max-snippet:-1","max-image-preview":"max-image-preview:large","max-video-preview":"max-video-preview:-1"},"canonical":"https:\/\/www.humanium.org\/de\/erklarung-der-rechte-des-kindes-1959\/","og_locale":"de_DE","og_type":"article","og_title":"Erkl\u00e4rung der Rechte des Kindes, 1959 - Humanium","og_description":"Erkl\u00e4rung der Rechte des Kindes, 1959 \u00dcber Die Erkl\u00e4rung 1959 verabschiedete die Generalversammlung der Vereinten Nationen die Erkl\u00e4rung der Rechte des Kindes. Dies war die erste gro\u00dfe internationale \u00dcbereinkunft \u00fcber die Grundprinzipien von Kinderrechten. Ursprung der \u201eErkl\u00e4rung der Rechte des Kindes\u201c 1924 verabschiedete der V\u00f6lkerbund die Genfer Erkl\u00e4rung, ein historisches Dokument, das zum ersten Mal [&hellip;]","og_url":"https:\/\/www.humanium.org\/de\/erklarung-der-rechte-des-kindes-1959\/","og_site_name":"Humanium","article_modified_time":"2025-12-06T06:23:06+00:00","twitter_card":"summary_large_image","twitter_misc":{"Gesch\u00e4tzte Lesezeit":"2\u00a0Minuten"},"schema":{"@context":"https:\/\/schema.org","@graph":[{"@type":"WebPage","@id":"https:\/\/www.humanium.org\/de\/erklarung-der-rechte-des-kindes-1959\/","url":"https:\/\/www.humanium.org\/de\/erklarung-der-rechte-des-kindes-1959\/","name":"Erkl\u00e4rung der Rechte des Kindes, 1959 - Humanium","isPartOf":{"@id":"https:\/\/www.humanium.org\/de\/#website"},"datePublished":"2013-10-07T13:20:33+00:00","dateModified":"2025-12-06T06:23:06+00:00","breadcrumb":{"@id":"https:\/\/www.humanium.org\/de\/erklarung-der-rechte-des-kindes-1959\/#breadcrumb"},"inLanguage":"de","potentialAction":[{"@type":"ReadAction","target":["https:\/\/www.humanium.org\/de\/erklarung-der-rechte-des-kindes-1959\/"]}]},{"@type":"BreadcrumbList","@id":"https:\/\/www.humanium.org\/de\/erklarung-der-rechte-des-kindes-1959\/#breadcrumb","itemListElement":[{"@type":"ListItem","position":1,"name":"Home","item":"https:\/\/www.humanium.org\/de\/"},{"@type":"ListItem","position":2,"name":"Erkl\u00e4rung der Rechte des Kindes, 1959"}]},{"@type":"WebSite","@id":"https:\/\/www.humanium.org\/de\/#website","url":"https:\/\/www.humanium.org\/de\/","name":"Humanium","description":"Kinder zuerst!","potentialAction":[{"@type":"SearchAction","target":{"@type":"EntryPoint","urlTemplate":"https:\/\/www.humanium.org\/de\/?s={search_term_string}"},"query-input":{"@type":"PropertyValueSpecification","valueRequired":true,"valueName":"search_term_string"}}],"inLanguage":"de"}]}},"_links":{"self":[{"href":"https:\/\/www.humanium.org\/de\/wp-json\/wp\/v2\/pages\/2857","targetHints":{"allow":["GET"]}}],"collection":[{"href":"https:\/\/www.humanium.org\/de\/wp-json\/wp\/v2\/pages"}],"about":[{"href":"https:\/\/www.humanium.org\/de\/wp-json\/wp\/v2\/types\/page"}],"author":[{"embeddable":true,"href":"https:\/\/www.humanium.org\/de\/wp-json\/wp\/v2\/users\/1"}],"replies":[{"embeddable":true,"href":"https:\/\/www.humanium.org\/de\/wp-json\/wp\/v2\/comments?post=2857"}],"version-history":[{"count":5,"href":"https:\/\/www.humanium.org\/de\/wp-json\/wp\/v2\/pages\/2857\/revisions"}],"predecessor-version":[{"id":20702,"href":"https:\/\/www.humanium.org\/de\/wp-json\/wp\/v2\/pages\/2857\/revisions\/20702"}],"wp:attachment":[{"href":"https:\/\/www.humanium.org\/de\/wp-json\/wp\/v2\/media?parent=2857"}],"curies":[{"name":"wp","href":"https:\/\/api.w.org\/{rel}","templated":true}]}}