{"id":2929,"date":"2013-10-15T09:56:15","date_gmt":"2013-10-15T09:56:15","guid":{"rendered":"http:\/\/www.humanium.org\/de\/?page_id=2929"},"modified":"2025-12-06T06:23:06","modified_gmt":"2025-12-06T06:23:06","slug":"uber-die-genfer-erklarung-uber-die-rechte-des-kindes-1924","status":"publish","type":"page","link":"https:\/\/www.humanium.org\/de\/uber-die-genfer-erklarung-uber-die-rechte-des-kindes-1924\/","title":{"rendered":"\u00dcber die Genfer Erkl\u00e4rung \u00fcber die Rechte des Kindes, 1924"},"content":{"rendered":"<h1><a href=\"https:\/\/www.humanium.org\/de\/genfer-erklarung-1924\/\">Die Genfer Erkl\u00e4rung \u00fcber die Rechte des Kindes, 1924<\/a><\/h1>\n<h2>\u00dcber die Genfer Erkl\u00e4rung<\/h2>\n<p><strong>Im Jahr 1924 \u00fcbernahm der V\u00f6lkerbund <a href=\"https:\/\/www.humanium.org\/de\/genfer-erklarung-1924\/\">die Genfer Erkl\u00e4rung<\/a>, ein historisches Dokument, in dem zum ersten Mal die Existenz von besonderen Kinderrechten und die Verantwortung der Erwachsenen gegen\u00fcber den Kindern anerkannt wurde.<\/strong><\/p>\n<h3>Geschichte der Genfer Erkl\u00e4rung<\/h3>\n<p>Nachdem sie selbst Zeugin der Schrecken im Ersten Weltkrieg geworden war, erkannte Eglantyne Jebb, dass Kinder endlich eines besonderen Schutzes bed\u00fcrfen.<\/p>\n<p>Mit der Hilfe ihrer Schwester Dorothy Buxton gr\u00fcndete Jepp deshalb im Jahr 1919 das \u201eSave the Children\u201c &#8211; Komitee in London, um Kindern Hilfe und Schutz, besonders nach den traumatischen Erfahrungen des Krieges, zu bieten.<\/p>\n<p>1920 wurde \u201eSave the Children\u201c in die \u201eInternational Save the Children Union\u201c eingegliedert, dank der Unterst\u00fctzung des Internationalen Komitees des Roten Kreuzes.<\/p>\n<p>Am 23. Februar 1923, w\u00e4hrend ihrer vierten Generalversammlung, einigte sich die \u201eInternational Save the Children Union\u201c auf die erste Version der Erkl\u00e4rung der Rechte des Kindes. Dieser erste Entwurf wurde ein Jahr sp\u00e4ter w\u00e4hrend der f\u00fcnften Generalversammlung am 28. Februar 1924 best\u00e4tigt.<\/p>\n<p>Jebb schickte dieses Dokument an den V\u00f6lkerbund mit dem Vermerk, sie sei \u00fcberzeugt davon, dass \u201ewir auf bestimmte Rechte der Kinder Anspruch erheben und f\u00fcr ihre universale Anerkennung arbeiten m\u00fcssen.&#8220;<\/p>\n<p>Am 26. September 1924 verabschiedete der V\u00f6lkerbund schlie\u00dflich die Erkl\u00e4rung und nannte sie <a href=\"https:\/\/www.humanium.org\/de\/genfer-erklarung-1924\/\">\u201eGenfer Erkl\u00e4rung\u201c<\/a>. Das war ein historischer Tag, denn zum ersten Mal wurden die besonderen Rechte von Kindern offiziell anerkannt.<\/p>\n<h3>Inhalt der Genfer Erkl\u00e4rung<\/h3>\n<p>Die <a href=\"https:\/\/www.humanium.org\/de\/genfer-erklarung-1924\/\">Genfer Erkl\u00e4rung von 1924<\/a> besagt, dass die Menschheit \u201eihren Kindern das Beste, was sie zu bieten hat, schuldig ist.\u201c<\/p>\n<p>In einfachen Worten, (es gibt an sich keinen Hinweis auf ,Rechte\u2018 als solche) verweist die Erkl\u00e4rung auf die Verpflichtungen der Erwachsenen gegen\u00fcber den Kindern. (1)<\/p>\n<p>Die grundlegenden Bed\u00fcrfnisse der Kinder wurden in f\u00fcnf Punkten zusammengefasst . Das Dokument bezieht sich auf das Wohlergehen des Kindes und seinem Recht auf Entwicklung, Unterst\u00fctzung, F\u00fcrsorge und Schutz.<\/p>\n<p>Doch obwohl sich das Dokument auf bestimmte Grundrechte bezieht, war es rechtlich nicht bindend.<\/p>\n<p>1934 best\u00e4tigte die Generalversammlung des V\u00f6lkerbundes noch einmal die Genfer Erkl\u00e4rung. Die Unterzeichnenden versprachen, die Prinzipien des Dokuments in ihre nationale Gesetzgebung zu \u00fcbernehmen, aber sie wurden dazu nicht gesetzlich verpflichtet.<\/p>\n<p>Die Genfer Erkl\u00e4rung stellt dennoch das erste internationale Dokument dar, das sich \u00fcber die allgemeinen Menschenrechte hinaus speziell auf die Rechte der Kinder bezieht.<\/p>\n<p><a title=\"Voll Text\" href=\"https:\/\/www.humanium.org\/de\/genfer-erklarung-1924\/\"><img loading=\"lazy\" decoding=\"async\" class=\"aligncenter\" title=\"Voll Text Genf Erkl\u00e4rung\" alt=\"\" src=\"https:\/\/www.humanium.org\/fr\/wp-content\/uploads\/le-texte.gif\" width=\"67\" height=\"30\" \/><\/a><\/p>\n<p>&nbsp;<\/p>\n<div id=\"toggle\"><a onclick=\"show_voir_aussi('voir_aussi_box')\" href=\"javascript:show_voir_aussi(id)\"><\/a><\/div>\n<div id=\"voir_aussi_box\" style=\"display: none;\">\n<ul>\n<li><a href=\"https:\/\/www.humanium.org\/de\/genfer-erklarung-1924\/\">Die Genfer Erkl\u00e4rung (Text)<\/a><\/li>\n<li><a href=\"https:\/\/www.humanium.org\/de\/gesetzesnormen\/\">Andere Gesetzesnormen der Kinderrechte<\/a><\/li>\n<\/ul>\n<\/div>\n<p>&nbsp;<\/p>\n<div id=\"toggle\"><\/div>\n<div id=\"sources_box\" style=\"display: none;\">\n<ul>Siehe verwendete Quellen f\u00fcr die Originalversion in Franz\u00f6sisch.<\/ul>\n<\/div>\n<p>&nbsp;<\/p>\n<div id=\"toggle\"><\/div>\n<div id=\"plus_loin_box\" style=\"display: none;\">\n<ul>\n<li><a href=\"https:\/\/www.kinderrechtskonvention.info\/die-genfer-erklaerung-3336\/\">UN-Kinderrechtskonvention, die Genfer Erkl\u00e4rung<\/a><\/li>\n<\/ul>\n<\/div>\n","protected":false},"excerpt":{"rendered":"<p>Die Genfer Erkl\u00e4rung \u00fcber die Rechte des Kindes, 1924 \u00dcber die Genfer Erkl\u00e4rung Im Jahr 1924 \u00fcbernahm der V\u00f6lkerbund die Genfer Erkl\u00e4rung, ein historisches Dokument, in dem zum ersten Mal die Existenz von besonderen Kinderrechten und die Verantwortung der Erwachsenen gegen\u00fcber den Kindern anerkannt wurde. Geschichte der Genfer Erkl\u00e4rung Nachdem sie selbst Zeugin der Schrecken [&hellip;]<\/p>\n","protected":false},"author":1,"featured_media":0,"parent":0,"menu_order":0,"comment_status":"closed","ping_status":"closed","template":"","meta":{"footnotes":""},"class_list":["post-2929","page","type-page","status-publish","hentry"],"yoast_head":"<!-- This site is optimized with the Yoast SEO plugin v26.5 - https:\/\/yoast.com\/wordpress\/plugins\/seo\/ -->\n<title>\u00dcber die Genfer Erkl\u00e4rung \u00fcber die Rechte des Kindes, 1924 - Humanium<\/title>\n<meta name=\"robots\" content=\"index, follow, max-snippet:-1, max-image-preview:large, max-video-preview:-1\" \/>\n<link rel=\"canonical\" href=\"https:\/\/www.humanium.org\/de\/uber-die-genfer-erklarung-uber-die-rechte-des-kindes-1924\/\" \/>\n<meta property=\"og:locale\" content=\"de_DE\" \/>\n<meta property=\"og:type\" content=\"article\" \/>\n<meta property=\"og:title\" content=\"\u00dcber die Genfer Erkl\u00e4rung \u00fcber die Rechte des Kindes, 1924 - Humanium\" \/>\n<meta property=\"og:description\" content=\"Die Genfer Erkl\u00e4rung \u00fcber die Rechte des Kindes, 1924 \u00dcber die Genfer Erkl\u00e4rung Im Jahr 1924 \u00fcbernahm der V\u00f6lkerbund die Genfer Erkl\u00e4rung, ein historisches Dokument, in dem zum ersten Mal die Existenz von besonderen Kinderrechten und die Verantwortung der Erwachsenen gegen\u00fcber den Kindern anerkannt wurde. Geschichte der Genfer Erkl\u00e4rung Nachdem sie selbst Zeugin der Schrecken [&hellip;]\" \/>\n<meta property=\"og:url\" content=\"https:\/\/www.humanium.org\/de\/uber-die-genfer-erklarung-uber-die-rechte-des-kindes-1924\/\" \/>\n<meta property=\"og:site_name\" content=\"Humanium\" \/>\n<meta property=\"article:modified_time\" content=\"2025-12-06T06:23:06+00:00\" \/>\n<meta property=\"og:image\" content=\"https:\/\/www.humanium.org\/fr\/wp-content\/uploads\/le-texte.gif\" \/>\n<meta name=\"twitter:card\" content=\"summary_large_image\" \/>\n<meta name=\"twitter:label1\" content=\"Gesch\u00e4tzte Lesezeit\" \/>\n\t<meta name=\"twitter:data1\" content=\"2\u00a0Minuten\" \/>\n<script type=\"application\/ld+json\" class=\"yoast-schema-graph\">{\"@context\":\"https:\/\/schema.org\",\"@graph\":[{\"@type\":\"WebPage\",\"@id\":\"https:\/\/www.humanium.org\/de\/uber-die-genfer-erklarung-uber-die-rechte-des-kindes-1924\/\",\"url\":\"https:\/\/www.humanium.org\/de\/uber-die-genfer-erklarung-uber-die-rechte-des-kindes-1924\/\",\"name\":\"\u00dcber die Genfer Erkl\u00e4rung \u00fcber die Rechte des Kindes, 1924 - Humanium\",\"isPartOf\":{\"@id\":\"https:\/\/www.humanium.org\/de\/#website\"},\"primaryImageOfPage\":{\"@id\":\"https:\/\/www.humanium.org\/de\/uber-die-genfer-erklarung-uber-die-rechte-des-kindes-1924\/#primaryimage\"},\"image\":{\"@id\":\"https:\/\/www.humanium.org\/de\/uber-die-genfer-erklarung-uber-die-rechte-des-kindes-1924\/#primaryimage\"},\"thumbnailUrl\":\"https:\/\/www.humanium.org\/fr\/wp-content\/uploads\/le-texte.gif\",\"datePublished\":\"2013-10-15T09:56:15+00:00\",\"dateModified\":\"2025-12-06T06:23:06+00:00\",\"breadcrumb\":{\"@id\":\"https:\/\/www.humanium.org\/de\/uber-die-genfer-erklarung-uber-die-rechte-des-kindes-1924\/#breadcrumb\"},\"inLanguage\":\"de\",\"potentialAction\":[{\"@type\":\"ReadAction\",\"target\":[\"https:\/\/www.humanium.org\/de\/uber-die-genfer-erklarung-uber-die-rechte-des-kindes-1924\/\"]}]},{\"@type\":\"ImageObject\",\"inLanguage\":\"de\",\"@id\":\"https:\/\/www.humanium.org\/de\/uber-die-genfer-erklarung-uber-die-rechte-des-kindes-1924\/#primaryimage\",\"url\":\"https:\/\/www.humanium.org\/fr\/wp-content\/uploads\/le-texte.gif\",\"contentUrl\":\"https:\/\/www.humanium.org\/fr\/wp-content\/uploads\/le-texte.gif\"},{\"@type\":\"BreadcrumbList\",\"@id\":\"https:\/\/www.humanium.org\/de\/uber-die-genfer-erklarung-uber-die-rechte-des-kindes-1924\/#breadcrumb\",\"itemListElement\":[{\"@type\":\"ListItem\",\"position\":1,\"name\":\"Home\",\"item\":\"https:\/\/www.humanium.org\/de\/\"},{\"@type\":\"ListItem\",\"position\":2,\"name\":\"\u00dcber die Genfer Erkl\u00e4rung \u00fcber die Rechte des Kindes, 1924\"}]},{\"@type\":\"WebSite\",\"@id\":\"https:\/\/www.humanium.org\/de\/#website\",\"url\":\"https:\/\/www.humanium.org\/de\/\",\"name\":\"Humanium\",\"description\":\"Kinder zuerst!\",\"potentialAction\":[{\"@type\":\"SearchAction\",\"target\":{\"@type\":\"EntryPoint\",\"urlTemplate\":\"https:\/\/www.humanium.org\/de\/?s={search_term_string}\"},\"query-input\":{\"@type\":\"PropertyValueSpecification\",\"valueRequired\":true,\"valueName\":\"search_term_string\"}}],\"inLanguage\":\"de\"}]}<\/script>\n<!-- \/ Yoast SEO plugin. -->","yoast_head_json":{"title":"\u00dcber die Genfer Erkl\u00e4rung \u00fcber die Rechte des Kindes, 1924 - Humanium","robots":{"index":"index","follow":"follow","max-snippet":"max-snippet:-1","max-image-preview":"max-image-preview:large","max-video-preview":"max-video-preview:-1"},"canonical":"https:\/\/www.humanium.org\/de\/uber-die-genfer-erklarung-uber-die-rechte-des-kindes-1924\/","og_locale":"de_DE","og_type":"article","og_title":"\u00dcber die Genfer Erkl\u00e4rung \u00fcber die Rechte des Kindes, 1924 - Humanium","og_description":"Die Genfer Erkl\u00e4rung \u00fcber die Rechte des Kindes, 1924 \u00dcber die Genfer Erkl\u00e4rung Im Jahr 1924 \u00fcbernahm der V\u00f6lkerbund die Genfer Erkl\u00e4rung, ein historisches Dokument, in dem zum ersten Mal die Existenz von besonderen Kinderrechten und die Verantwortung der Erwachsenen gegen\u00fcber den Kindern anerkannt wurde. Geschichte der Genfer Erkl\u00e4rung Nachdem sie selbst Zeugin der Schrecken [&hellip;]","og_url":"https:\/\/www.humanium.org\/de\/uber-die-genfer-erklarung-uber-die-rechte-des-kindes-1924\/","og_site_name":"Humanium","article_modified_time":"2025-12-06T06:23:06+00:00","og_image":[{"url":"https:\/\/www.humanium.org\/fr\/wp-content\/uploads\/le-texte.gif","type":"","width":"","height":""}],"twitter_card":"summary_large_image","twitter_misc":{"Gesch\u00e4tzte Lesezeit":"2\u00a0Minuten"},"schema":{"@context":"https:\/\/schema.org","@graph":[{"@type":"WebPage","@id":"https:\/\/www.humanium.org\/de\/uber-die-genfer-erklarung-uber-die-rechte-des-kindes-1924\/","url":"https:\/\/www.humanium.org\/de\/uber-die-genfer-erklarung-uber-die-rechte-des-kindes-1924\/","name":"\u00dcber die Genfer Erkl\u00e4rung \u00fcber die Rechte des Kindes, 1924 - Humanium","isPartOf":{"@id":"https:\/\/www.humanium.org\/de\/#website"},"primaryImageOfPage":{"@id":"https:\/\/www.humanium.org\/de\/uber-die-genfer-erklarung-uber-die-rechte-des-kindes-1924\/#primaryimage"},"image":{"@id":"https:\/\/www.humanium.org\/de\/uber-die-genfer-erklarung-uber-die-rechte-des-kindes-1924\/#primaryimage"},"thumbnailUrl":"https:\/\/www.humanium.org\/fr\/wp-content\/uploads\/le-texte.gif","datePublished":"2013-10-15T09:56:15+00:00","dateModified":"2025-12-06T06:23:06+00:00","breadcrumb":{"@id":"https:\/\/www.humanium.org\/de\/uber-die-genfer-erklarung-uber-die-rechte-des-kindes-1924\/#breadcrumb"},"inLanguage":"de","potentialAction":[{"@type":"ReadAction","target":["https:\/\/www.humanium.org\/de\/uber-die-genfer-erklarung-uber-die-rechte-des-kindes-1924\/"]}]},{"@type":"ImageObject","inLanguage":"de","@id":"https:\/\/www.humanium.org\/de\/uber-die-genfer-erklarung-uber-die-rechte-des-kindes-1924\/#primaryimage","url":"https:\/\/www.humanium.org\/fr\/wp-content\/uploads\/le-texte.gif","contentUrl":"https:\/\/www.humanium.org\/fr\/wp-content\/uploads\/le-texte.gif"},{"@type":"BreadcrumbList","@id":"https:\/\/www.humanium.org\/de\/uber-die-genfer-erklarung-uber-die-rechte-des-kindes-1924\/#breadcrumb","itemListElement":[{"@type":"ListItem","position":1,"name":"Home","item":"https:\/\/www.humanium.org\/de\/"},{"@type":"ListItem","position":2,"name":"\u00dcber die Genfer Erkl\u00e4rung \u00fcber die Rechte des Kindes, 1924"}]},{"@type":"WebSite","@id":"https:\/\/www.humanium.org\/de\/#website","url":"https:\/\/www.humanium.org\/de\/","name":"Humanium","description":"Kinder zuerst!","potentialAction":[{"@type":"SearchAction","target":{"@type":"EntryPoint","urlTemplate":"https:\/\/www.humanium.org\/de\/?s={search_term_string}"},"query-input":{"@type":"PropertyValueSpecification","valueRequired":true,"valueName":"search_term_string"}}],"inLanguage":"de"}]}},"_links":{"self":[{"href":"https:\/\/www.humanium.org\/de\/wp-json\/wp\/v2\/pages\/2929","targetHints":{"allow":["GET"]}}],"collection":[{"href":"https:\/\/www.humanium.org\/de\/wp-json\/wp\/v2\/pages"}],"about":[{"href":"https:\/\/www.humanium.org\/de\/wp-json\/wp\/v2\/types\/page"}],"author":[{"embeddable":true,"href":"https:\/\/www.humanium.org\/de\/wp-json\/wp\/v2\/users\/1"}],"replies":[{"embeddable":true,"href":"https:\/\/www.humanium.org\/de\/wp-json\/wp\/v2\/comments?post=2929"}],"version-history":[{"count":10,"href":"https:\/\/www.humanium.org\/de\/wp-json\/wp\/v2\/pages\/2929\/revisions"}],"predecessor-version":[{"id":20704,"href":"https:\/\/www.humanium.org\/de\/wp-json\/wp\/v2\/pages\/2929\/revisions\/20704"}],"wp:attachment":[{"href":"https:\/\/www.humanium.org\/de\/wp-json\/wp\/v2\/media?parent=2929"}],"curies":[{"name":"wp","href":"https:\/\/api.w.org\/{rel}","templated":true}]}}