{"id":2934,"date":"2013-10-15T09:45:01","date_gmt":"2013-10-15T09:45:01","guid":{"rendered":"http:\/\/www.humanium.org\/de\/?page_id=2934"},"modified":"2017-10-04T09:26:01","modified_gmt":"2017-10-04T09:26:01","slug":"genfer-erklarung-1924","status":"publish","type":"page","link":"https:\/\/www.humanium.org\/de\/genfer-erklarung-1924\/","title":{"rendered":"Genfer Erkl\u00e4rung 1924"},"content":{"rendered":"<h1>Die Genfer Erkl\u00e4rung \u00fcber die Rechte des Kindes, 1924<\/h1>\n<h3>Artikel 1<\/h3>\n<p>Das Kind soll in der Lage sein, sich sowohl in materieller wie in geistiger Hin\u00adsicht in nat\u00fcr\u00adlicher Weise zu entwickeln.<\/p>\n<h3>Artikel 2<\/h3>\n<p>Das hungernde Kind soll gen\u00e4hrt wer\u00adden; das kranke Kind soll gepflegt wer\u00adden; das zur\u00fcck\u00adge\u00adbliebene Kind soll ermuntert wer\u00adden; das verir\u00adrte Kind soll auf den guten Weg gef\u00fchrt wer\u00adden; das ver\u00adwaiste und ver\u00adlassene Kind soll aufgenom\u00admen und unter\u00adst\u00fctzt werden.<\/p>\n<h3>Artikel 3<\/h3>\n<p>Dem Kind soll in Zeiten der Not zuerst Hilfe zuteil werden.<\/p>\n<h3>Artikel 4<\/h3>\n<p>Das Kind soll in die Lage ver\u00adsetzt wer\u00adden, seinen Leben\u00adsun\u00adter\u00adhalt zu ver\u00addi\u00adenen und soll gegen jede Aus\u00adbeu\u00adtung gesch\u00fctzt werden.<\/p>\n<h3>Artikel 5<\/h3>\n<p>Das Kind soll in dem Gedanken erzo\u00adgen wer\u00adden, seine besten Kr\u00e4fte in den Dienst seiner Mit\u00admen\u00adschen zu stellen.<\/p>\n<p><\/p>\n<div id=\"toggle\"><a onclick=\"show_voir_aussi('voir_aussi_box')\" href=\"javascript:show_voir_aussi(id)\"><\/a><\/div>\n<div id=\"voir_aussi_box\" style=\"display: none;\">\n<ul>\n<li><a href=\"https:\/\/www.humanium.org\/de\/uber-die-genfer-erklarung-uber-die-rechte-des-kindes-1924\/\">\u00dcber die Genfer Erkl\u00e4rung<\/a><\/li>\n<li><a href=\"https:\/\/www.humanium.org\/de\/gesetzesnormen\/\">Andere Gesetzesnormen der Kinderrechte<\/a><\/li>\n<\/ul>\n<\/div>\n<p><\/p>\n<div id=\"toggle\"><\/div>\n<div id=\"sources_box\" style=\"display: none;\">\n<ul>\nSiehe verwendete Quellen f\u00fcr die Originalversion in Franz\u00f6sisch.\n<\/ul>\n<\/div>\n<p><\/p>\n<div id=\"toggle\"><\/div>\n<div id=\"plus_loin_box\" style=\"display: none;\">\n<ul>\n<li><a href=\"https:\/\/www.kinderrechtskonvention.info\/die-genfer-erklaerung-3336\/\">UN-Kinderrechtskonvention, die Genfer Erkl\u00e4rung<\/a><\/li>\n<\/ul>\n<\/div>\n","protected":false},"excerpt":{"rendered":"<p>Die Genfer Erkl\u00e4rung \u00fcber die Rechte des Kindes, 1924 Artikel 1 Das Kind soll in der Lage sein, sich sowohl in materieller wie in geistiger Hin\u00adsicht in nat\u00fcr\u00adlicher Weise zu entwickeln. Artikel 2 Das hungernde Kind soll gen\u00e4hrt wer\u00adden; das kranke Kind soll gepflegt wer\u00adden; das zur\u00fcck\u00adge\u00adbliebene Kind soll ermuntert wer\u00adden; das verir\u00adrte Kind soll [&hellip;]<\/p>\n","protected":false},"author":1,"featured_media":0,"parent":0,"menu_order":0,"comment_status":"closed","ping_status":"closed","template":"","meta":{"footnotes":""},"class_list":["post-2934","page","type-page","status-publish","hentry"],"yoast_head":"<!-- This site is optimized with the Yoast SEO plugin v26.5 - https:\/\/yoast.com\/wordpress\/plugins\/seo\/ -->\n<title>Genfer Erkl\u00e4rung 1924 - Humanium<\/title>\n<meta name=\"robots\" content=\"index, follow, max-snippet:-1, max-image-preview:large, max-video-preview:-1\" \/>\n<link rel=\"canonical\" href=\"https:\/\/www.humanium.org\/de\/genfer-erklarung-1924\/\" \/>\n<meta property=\"og:locale\" content=\"de_DE\" \/>\n<meta property=\"og:type\" content=\"article\" \/>\n<meta property=\"og:title\" content=\"Genfer Erkl\u00e4rung 1924 - Humanium\" \/>\n<meta property=\"og:description\" content=\"Die Genfer Erkl\u00e4rung \u00fcber die Rechte des Kindes, 1924 Artikel 1 Das Kind soll in der Lage sein, sich sowohl in materieller wie in geistiger Hin\u00adsicht in nat\u00fcr\u00adlicher Weise zu entwickeln. Artikel 2 Das hungernde Kind soll gen\u00e4hrt wer\u00adden; das kranke Kind soll gepflegt wer\u00adden; das zur\u00fcck\u00adge\u00adbliebene Kind soll ermuntert wer\u00adden; das verir\u00adrte Kind soll [&hellip;]\" \/>\n<meta property=\"og:url\" content=\"https:\/\/www.humanium.org\/de\/genfer-erklarung-1924\/\" \/>\n<meta property=\"og:site_name\" content=\"Humanium\" \/>\n<meta property=\"article:modified_time\" content=\"2017-10-04T09:26:01+00:00\" \/>\n<meta name=\"twitter:card\" content=\"summary_large_image\" \/>\n<meta name=\"twitter:label1\" content=\"Gesch\u00e4tzte Lesezeit\" \/>\n\t<meta name=\"twitter:data1\" content=\"1\u00a0Minute\" \/>\n<script type=\"application\/ld+json\" class=\"yoast-schema-graph\">{\"@context\":\"https:\/\/schema.org\",\"@graph\":[{\"@type\":\"WebPage\",\"@id\":\"https:\/\/www.humanium.org\/de\/genfer-erklarung-1924\/\",\"url\":\"https:\/\/www.humanium.org\/de\/genfer-erklarung-1924\/\",\"name\":\"Genfer Erkl\u00e4rung 1924 - Humanium\",\"isPartOf\":{\"@id\":\"https:\/\/www.humanium.org\/de\/#website\"},\"datePublished\":\"2013-10-15T09:45:01+00:00\",\"dateModified\":\"2017-10-04T09:26:01+00:00\",\"breadcrumb\":{\"@id\":\"https:\/\/www.humanium.org\/de\/genfer-erklarung-1924\/#breadcrumb\"},\"inLanguage\":\"de\",\"potentialAction\":[{\"@type\":\"ReadAction\",\"target\":[\"https:\/\/www.humanium.org\/de\/genfer-erklarung-1924\/\"]}]},{\"@type\":\"BreadcrumbList\",\"@id\":\"https:\/\/www.humanium.org\/de\/genfer-erklarung-1924\/#breadcrumb\",\"itemListElement\":[{\"@type\":\"ListItem\",\"position\":1,\"name\":\"Home\",\"item\":\"https:\/\/www.humanium.org\/de\/\"},{\"@type\":\"ListItem\",\"position\":2,\"name\":\"Genfer Erkl\u00e4rung 1924\"}]},{\"@type\":\"WebSite\",\"@id\":\"https:\/\/www.humanium.org\/de\/#website\",\"url\":\"https:\/\/www.humanium.org\/de\/\",\"name\":\"Humanium\",\"description\":\"Kinder zuerst!\",\"potentialAction\":[{\"@type\":\"SearchAction\",\"target\":{\"@type\":\"EntryPoint\",\"urlTemplate\":\"https:\/\/www.humanium.org\/de\/?s={search_term_string}\"},\"query-input\":{\"@type\":\"PropertyValueSpecification\",\"valueRequired\":true,\"valueName\":\"search_term_string\"}}],\"inLanguage\":\"de\"}]}<\/script>\n<!-- \/ Yoast SEO plugin. -->","yoast_head_json":{"title":"Genfer Erkl\u00e4rung 1924 - Humanium","robots":{"index":"index","follow":"follow","max-snippet":"max-snippet:-1","max-image-preview":"max-image-preview:large","max-video-preview":"max-video-preview:-1"},"canonical":"https:\/\/www.humanium.org\/de\/genfer-erklarung-1924\/","og_locale":"de_DE","og_type":"article","og_title":"Genfer Erkl\u00e4rung 1924 - Humanium","og_description":"Die Genfer Erkl\u00e4rung \u00fcber die Rechte des Kindes, 1924 Artikel 1 Das Kind soll in der Lage sein, sich sowohl in materieller wie in geistiger Hin\u00adsicht in nat\u00fcr\u00adlicher Weise zu entwickeln. Artikel 2 Das hungernde Kind soll gen\u00e4hrt wer\u00adden; das kranke Kind soll gepflegt wer\u00adden; das zur\u00fcck\u00adge\u00adbliebene Kind soll ermuntert wer\u00adden; das verir\u00adrte Kind soll [&hellip;]","og_url":"https:\/\/www.humanium.org\/de\/genfer-erklarung-1924\/","og_site_name":"Humanium","article_modified_time":"2017-10-04T09:26:01+00:00","twitter_card":"summary_large_image","twitter_misc":{"Gesch\u00e4tzte Lesezeit":"1\u00a0Minute"},"schema":{"@context":"https:\/\/schema.org","@graph":[{"@type":"WebPage","@id":"https:\/\/www.humanium.org\/de\/genfer-erklarung-1924\/","url":"https:\/\/www.humanium.org\/de\/genfer-erklarung-1924\/","name":"Genfer Erkl\u00e4rung 1924 - Humanium","isPartOf":{"@id":"https:\/\/www.humanium.org\/de\/#website"},"datePublished":"2013-10-15T09:45:01+00:00","dateModified":"2017-10-04T09:26:01+00:00","breadcrumb":{"@id":"https:\/\/www.humanium.org\/de\/genfer-erklarung-1924\/#breadcrumb"},"inLanguage":"de","potentialAction":[{"@type":"ReadAction","target":["https:\/\/www.humanium.org\/de\/genfer-erklarung-1924\/"]}]},{"@type":"BreadcrumbList","@id":"https:\/\/www.humanium.org\/de\/genfer-erklarung-1924\/#breadcrumb","itemListElement":[{"@type":"ListItem","position":1,"name":"Home","item":"https:\/\/www.humanium.org\/de\/"},{"@type":"ListItem","position":2,"name":"Genfer Erkl\u00e4rung 1924"}]},{"@type":"WebSite","@id":"https:\/\/www.humanium.org\/de\/#website","url":"https:\/\/www.humanium.org\/de\/","name":"Humanium","description":"Kinder zuerst!","potentialAction":[{"@type":"SearchAction","target":{"@type":"EntryPoint","urlTemplate":"https:\/\/www.humanium.org\/de\/?s={search_term_string}"},"query-input":{"@type":"PropertyValueSpecification","valueRequired":true,"valueName":"search_term_string"}}],"inLanguage":"de"}]}},"_links":{"self":[{"href":"https:\/\/www.humanium.org\/de\/wp-json\/wp\/v2\/pages\/2934","targetHints":{"allow":["GET"]}}],"collection":[{"href":"https:\/\/www.humanium.org\/de\/wp-json\/wp\/v2\/pages"}],"about":[{"href":"https:\/\/www.humanium.org\/de\/wp-json\/wp\/v2\/types\/page"}],"author":[{"embeddable":true,"href":"https:\/\/www.humanium.org\/de\/wp-json\/wp\/v2\/users\/1"}],"replies":[{"embeddable":true,"href":"https:\/\/www.humanium.org\/de\/wp-json\/wp\/v2\/comments?post=2934"}],"version-history":[{"count":8,"href":"https:\/\/www.humanium.org\/de\/wp-json\/wp\/v2\/pages\/2934\/revisions"}],"predecessor-version":[{"id":10446,"href":"https:\/\/www.humanium.org\/de\/wp-json\/wp\/v2\/pages\/2934\/revisions\/10446"}],"wp:attachment":[{"href":"https:\/\/www.humanium.org\/de\/wp-json\/wp\/v2\/media?parent=2934"}],"curies":[{"name":"wp","href":"https:\/\/api.w.org\/{rel}","templated":true}]}}