{"id":2950,"date":"2013-10-16T14:26:26","date_gmt":"2013-10-16T14:26:26","guid":{"rendered":"http:\/\/www.humanium.org\/de\/?page_id=2950"},"modified":"2021-11-14T12:09:12","modified_gmt":"2021-11-14T12:09:12","slug":"der-internationale-kindertag","status":"publish","type":"page","link":"https:\/\/www.humanium.org\/de\/der-internationale-kindertag\/","title":{"rendered":"Der internationale Kindertag"},"content":{"rendered":"<h1>Der internationale Kindertag<\/h1>\n<h2>20. November: Tag der Kinderrechte<\/h2>\n<p><strong>Der Kindertag (oder der Kinderrechtstag) wird j\u00e4hrlich am 20. November begangen. Gleichzeitig wird an diesem Tag auch die Entstehung der internationalen Kinderrechtskonvention vom 20. November 1989 gew\u00fcrdigt.<\/strong><\/p>\n<h3>Die Geschichte des Kindertags<\/h3>\n<p>Im Jahr 1954 empfahlen die VN allen Mitgliedsstaaten die Einf\u00fchrung eines Kindertages, welcher der Br\u00fcderlichkeit aller Kinder dieser Welt gewidmet ist und ihrer Verst\u00e4ndigung dient. Er wird durch weltweite Aktivit\u00e4ten begleitet, die zur Entwicklung des Wohlergehens von Kindern ermutigen sollen.<\/p>\n<p>Doch auch wenn die VN \u201ejedem Staat vorschlagen, den Tag des Kindes an einem selbst gew\u00e4hlten Datum und auf eigene Weise einzuf\u00fchren\u201c, waren es Ereignisse in den Jahren 1959 und 1989, die den 20. November unvermeidlich zum Tag des Kindes werden lie\u00dfen.<\/p>\n<p>Denn am 20. November 1959 verabschiedeten die VN die Erkl\u00e4rung der Kinderrechte, und im November 1989 wurde die Internationale Kinderrechtskonvention von fast allen Mitgliedsstaaten der VN ratifiziert. Bis heute haben lediglich die USA sowie Somalia die Konvention noch nicht ratifiziert.<\/p>\n<h3>Was ist die korrekte Bezeichnung f\u00fcr diesen Tag?<\/h3>\n<p>Gem\u00e4\u00df der Resolution 836 (IX) vom Dezember 1954 der Vereinten Nationen lautet seine genaue Bezeichnung \u201eInternationaler Kindertag\u201c. Jedoch ist der Kindertag aufgrund der historischen Ereignisse von 1959 und 1989 auch als \u201eKinderrechtstag\u201c bekannt.<\/p>\n<h3>Warum Kinderrechtstag?<\/h3>\n<p>Die Einrichtung des Kindertages durch die VN zielt darauf ab, die internationale Aufmerksamkeit auf ein wichtiges Thema zu lenken: Das Wohlergehen von Kindern weltweit.<\/p>\n<p>Die VN gaben zu bedenken, dass sie ohne eine Intensivierung ihrer Bem\u00fchungen zugunsten des Wohlergehens aller Kinder, die zuk\u00fcnftige B\u00fcrgerinnen und B\u00fcrger sind, ihren Verpflichtungen gegen\u00fcber kommenden Generationen nicht nachkommen k\u00f6nnten, und dass die Begehung des Weltkindertages zur weltweiten Solidarit\u00e4t und zur internationalen Zusammenarbeit beitragen w\u00fcrde.<\/p>\n<p>Jedes Jahr erinnert uns der 20. November daran, dass \u201edie Menschheit Kindern das Beste von dem, was sie zu geben in der Lage ist, bereitstellen muss\u201c. Dieser Tag erinnert uns an die Notwendigkeit, zugunsten des Wohlergehens aller Kinder dieser Welt zu handeln.<\/p>\n<div id=\"toggle\"><\/div>\n<div id=\"voir_aussi_box\" style=\"display: none;\">\n<ul>\n<li><a href=\"https:\/\/www.humanium.org\/de\/geschichte-kinderrechte\/\">Geschichte der Kinderrechte<\/a><\/li>\n<li><a href=\"https:\/\/www.humanium.org\/de\/konvention\/\">Die internationale Kinderrechtskonvention vom 20. November 1989 <\/a><\/li>\n<li><a href=\"https:\/\/www.humanium.org\/de\/erklarung-der-rechte-des-kindes-1959\/\">Die Erkl\u00e4rung der Rechte des Kindes, 1959<\/a><\/li>\n<\/ul>\n<\/div>\n<div id=\"toggle\"><\/div>\n<div id=\"sources_box\" style=\"display: none;\">\n<ul>Siehe verwendete Quellen f\u00fcr die Originalversion in Franz\u00f6sisch.<\/ul>\n<\/div>\n","protected":false},"excerpt":{"rendered":"<p>Der internationale Kindertag 20. November: Tag der Kinderrechte Der Kindertag (oder der Kinderrechtstag) wird j\u00e4hrlich am 20. November begangen. Gleichzeitig wird an diesem Tag auch die Entstehung der internationalen Kinderrechtskonvention vom 20. November 1989 gew\u00fcrdigt. Die Geschichte des Kindertags Im Jahr 1954 empfahlen die VN allen Mitgliedsstaaten die Einf\u00fchrung eines Kindertages, welcher der Br\u00fcderlichkeit aller [&hellip;]<\/p>\n","protected":false},"author":1,"featured_media":0,"parent":0,"menu_order":0,"comment_status":"closed","ping_status":"closed","template":"","meta":{"footnotes":""},"class_list":["post-2950","page","type-page","status-publish","hentry"],"yoast_head":"<!-- This site is optimized with the Yoast SEO plugin v26.5 - https:\/\/yoast.com\/wordpress\/plugins\/seo\/ -->\n<title>Der internationale Kindertag - Humanium<\/title>\n<meta name=\"description\" content=\"Der internationale Kindertag (oder der Kinderrechtstag) wird j\u00e4hrlich am 20. November begangen.\" \/>\n<meta name=\"robots\" content=\"index, follow, max-snippet:-1, max-image-preview:large, max-video-preview:-1\" \/>\n<link rel=\"canonical\" href=\"https:\/\/www.humanium.org\/de\/der-internationale-kindertag\/\" \/>\n<meta property=\"og:locale\" content=\"de_DE\" \/>\n<meta property=\"og:type\" content=\"article\" \/>\n<meta property=\"og:title\" content=\"Der internationale Kindertag - Humanium\" \/>\n<meta property=\"og:description\" content=\"Der internationale Kindertag (oder der Kinderrechtstag) wird j\u00e4hrlich am 20. November begangen.\" \/>\n<meta property=\"og:url\" content=\"https:\/\/www.humanium.org\/de\/der-internationale-kindertag\/\" \/>\n<meta property=\"og:site_name\" content=\"Humanium\" \/>\n<meta property=\"article:modified_time\" content=\"2021-11-14T12:09:12+00:00\" \/>\n<meta name=\"twitter:card\" content=\"summary_large_image\" \/>\n<meta name=\"twitter:label1\" content=\"Gesch\u00e4tzte Lesezeit\" \/>\n\t<meta name=\"twitter:data1\" content=\"2\u00a0Minuten\" \/>\n<script type=\"application\/ld+json\" class=\"yoast-schema-graph\">{\"@context\":\"https:\/\/schema.org\",\"@graph\":[{\"@type\":\"WebPage\",\"@id\":\"https:\/\/www.humanium.org\/de\/der-internationale-kindertag\/\",\"url\":\"https:\/\/www.humanium.org\/de\/der-internationale-kindertag\/\",\"name\":\"Der internationale Kindertag - Humanium\",\"isPartOf\":{\"@id\":\"https:\/\/www.humanium.org\/de\/#website\"},\"datePublished\":\"2013-10-16T14:26:26+00:00\",\"dateModified\":\"2021-11-14T12:09:12+00:00\",\"description\":\"Der internationale Kindertag (oder der Kinderrechtstag) wird j\u00e4hrlich am 20. November begangen.\",\"breadcrumb\":{\"@id\":\"https:\/\/www.humanium.org\/de\/der-internationale-kindertag\/#breadcrumb\"},\"inLanguage\":\"de\",\"potentialAction\":[{\"@type\":\"ReadAction\",\"target\":[\"https:\/\/www.humanium.org\/de\/der-internationale-kindertag\/\"]}]},{\"@type\":\"BreadcrumbList\",\"@id\":\"https:\/\/www.humanium.org\/de\/der-internationale-kindertag\/#breadcrumb\",\"itemListElement\":[{\"@type\":\"ListItem\",\"position\":1,\"name\":\"Home\",\"item\":\"https:\/\/www.humanium.org\/de\/\"},{\"@type\":\"ListItem\",\"position\":2,\"name\":\"Der internationale Kindertag\"}]},{\"@type\":\"WebSite\",\"@id\":\"https:\/\/www.humanium.org\/de\/#website\",\"url\":\"https:\/\/www.humanium.org\/de\/\",\"name\":\"Humanium\",\"description\":\"Kinder zuerst!\",\"potentialAction\":[{\"@type\":\"SearchAction\",\"target\":{\"@type\":\"EntryPoint\",\"urlTemplate\":\"https:\/\/www.humanium.org\/de\/?s={search_term_string}\"},\"query-input\":{\"@type\":\"PropertyValueSpecification\",\"valueRequired\":true,\"valueName\":\"search_term_string\"}}],\"inLanguage\":\"de\"}]}<\/script>\n<!-- \/ Yoast SEO plugin. -->","yoast_head_json":{"title":"Der internationale Kindertag - Humanium","description":"Der internationale Kindertag (oder der Kinderrechtstag) wird j\u00e4hrlich am 20. November begangen.","robots":{"index":"index","follow":"follow","max-snippet":"max-snippet:-1","max-image-preview":"max-image-preview:large","max-video-preview":"max-video-preview:-1"},"canonical":"https:\/\/www.humanium.org\/de\/der-internationale-kindertag\/","og_locale":"de_DE","og_type":"article","og_title":"Der internationale Kindertag - Humanium","og_description":"Der internationale Kindertag (oder der Kinderrechtstag) wird j\u00e4hrlich am 20. November begangen.","og_url":"https:\/\/www.humanium.org\/de\/der-internationale-kindertag\/","og_site_name":"Humanium","article_modified_time":"2021-11-14T12:09:12+00:00","twitter_card":"summary_large_image","twitter_misc":{"Gesch\u00e4tzte Lesezeit":"2\u00a0Minuten"},"schema":{"@context":"https:\/\/schema.org","@graph":[{"@type":"WebPage","@id":"https:\/\/www.humanium.org\/de\/der-internationale-kindertag\/","url":"https:\/\/www.humanium.org\/de\/der-internationale-kindertag\/","name":"Der internationale Kindertag - Humanium","isPartOf":{"@id":"https:\/\/www.humanium.org\/de\/#website"},"datePublished":"2013-10-16T14:26:26+00:00","dateModified":"2021-11-14T12:09:12+00:00","description":"Der internationale Kindertag (oder der Kinderrechtstag) wird j\u00e4hrlich am 20. November begangen.","breadcrumb":{"@id":"https:\/\/www.humanium.org\/de\/der-internationale-kindertag\/#breadcrumb"},"inLanguage":"de","potentialAction":[{"@type":"ReadAction","target":["https:\/\/www.humanium.org\/de\/der-internationale-kindertag\/"]}]},{"@type":"BreadcrumbList","@id":"https:\/\/www.humanium.org\/de\/der-internationale-kindertag\/#breadcrumb","itemListElement":[{"@type":"ListItem","position":1,"name":"Home","item":"https:\/\/www.humanium.org\/de\/"},{"@type":"ListItem","position":2,"name":"Der internationale Kindertag"}]},{"@type":"WebSite","@id":"https:\/\/www.humanium.org\/de\/#website","url":"https:\/\/www.humanium.org\/de\/","name":"Humanium","description":"Kinder zuerst!","potentialAction":[{"@type":"SearchAction","target":{"@type":"EntryPoint","urlTemplate":"https:\/\/www.humanium.org\/de\/?s={search_term_string}"},"query-input":{"@type":"PropertyValueSpecification","valueRequired":true,"valueName":"search_term_string"}}],"inLanguage":"de"}]}},"_links":{"self":[{"href":"https:\/\/www.humanium.org\/de\/wp-json\/wp\/v2\/pages\/2950","targetHints":{"allow":["GET"]}}],"collection":[{"href":"https:\/\/www.humanium.org\/de\/wp-json\/wp\/v2\/pages"}],"about":[{"href":"https:\/\/www.humanium.org\/de\/wp-json\/wp\/v2\/types\/page"}],"author":[{"embeddable":true,"href":"https:\/\/www.humanium.org\/de\/wp-json\/wp\/v2\/users\/1"}],"replies":[{"embeddable":true,"href":"https:\/\/www.humanium.org\/de\/wp-json\/wp\/v2\/comments?post=2950"}],"version-history":[{"count":5,"href":"https:\/\/www.humanium.org\/de\/wp-json\/wp\/v2\/pages\/2950\/revisions"}],"predecessor-version":[{"id":15276,"href":"https:\/\/www.humanium.org\/de\/wp-json\/wp\/v2\/pages\/2950\/revisions\/15276"}],"wp:attachment":[{"href":"https:\/\/www.humanium.org\/de\/wp-json\/wp\/v2\/media?parent=2950"}],"curies":[{"name":"wp","href":"https:\/\/api.w.org\/{rel}","templated":true}]}}