{"id":298,"date":"2010-09-27T14:41:44","date_gmt":"2010-09-27T14:41:44","guid":{"rendered":"http:\/\/www.humanium.org\/de\/"},"modified":"2025-12-06T06:18:47","modified_gmt":"2025-12-06T06:18:47","slug":"ethical-and-responsible-sponsorship","status":"publish","type":"page","link":"https:\/\/www.humanium.org\/de\/pate-werden-2\/verstehen\/ethical-and-responsible-sponsorship\/","title":{"rendered":"Die ethisch verantwortliche Patenschaft mit Humanium"},"content":{"rendered":"<h1><a href=\"https:\/\/www.humanium.org\/de\/jetzt\/\"><\/a>Besser Verstehen<\/h1>\n<h2>Ethische und verantwortungsbewusste Patenschaft mit Humanium<\/h2>\n<p><strong>Humanium versucht bestm\u00f6glich zu handeln<\/strong>. Unser Hauptanliegen ist der Schutz und das Wohlergehen der Kinder. Unsere Umsetzung der Kinderpatenschaft ist daher eine ethische Aufgabe.<\/p>\n<p>So bietet Humanium den Spender\/Innen die M\u00f6glichkeit auf ethisch verantwortungsbewusste Weise Pate eines Kindes zu werden.<\/p>\n<p>Sich f\u00fcr eine Kinderpatenschaft mit Humanium zu entscheiden, ist daher eine verantwortungsvolle Entscheidung!<\/p>\n<h3>&gt; Was ist eine ethisch verantwortungsbewusste Kinderpatenschaft ?<\/h3>\n<h4>Das Wohlergehen des Patenkindes sicherstellen<\/h4>\n<p>Einem Kind helfen bedeutet, in sein Leben eingreifen. So kann also die Vorgehensweise wie man einem Kind hilft, positive oder negative Folgen haben. Es ist unsere Meinung, dass die Einzelkinderpatenschaft eher negative Folgen f\u00fcr das Kind hat. Daher ist es wichtig eine allgemeine Patenschaft zu w\u00e4hlen die, wenn sie gut organisiert ist, eine positive Hilfe garantiert !<\/p>\n<h4>Ein ausgeglichenes Umfeld des Kindes erhalten<\/h4>\n<p>Die Hilfe von Humanium richtet sich an alle Kinder, deren Familien und die Dorfgemeinschaft. Wir erhalten damit das Gleichgewicht des Lebensumfeldes des Kindes respektieren seinen freien Willen und den seiner Familie. Die Kinder werden gleich behandelt und es entsteht kein Ungleichgewicht mit Diskriminierung, Eifersucht oder Spannungen.<\/p>\n<p>Unser Handeln steht im Einklang mit der Kultur und dem sozialen Umfeld, in dem das Kind aufw\u00e4chst.<\/p>\n<h4>Zu Autonomie verhelfen und eine nachhaltigen Entwicklung f\u00f6rdern ..<\/h4>\n<p>Eine wahre Herausforderung ist es, den \u00c4rmsten zur Autonomie zu verhelfen und es den Eltern zu erm\u00f6glichen, sich um das Wohl ihrer Kinder zu sorgen. Eine Einzelkinderpatenschaft f\u00f6rdert eine Abh\u00e4ngigkeitsbeziehung, die nicht wirklich zu einer Entwicklung f\u00fchrt. Humanium engagiert sich f\u00fcr und mit den \u00c4rmsten, damit diese die Akteure, die Motoren und Entscheidungstr\u00e4ger in ihrem Leben sind.<\/p>\n<h3>&gt; Was bedeutet es f\u00fcr mich, wenn ich mich f\u00fcr eine verantwortungsvolle Patenschaft entscheide?<\/h3>\n<h4>Eine effiziente Nutzung der vollen Spende<\/h4>\n<p>Wenn die Gelder allgemein genutzt und verwaltet werden, kann Humanium tats\u00e4chlich <span style=\"text-decoration: underline;\">mehr<\/span> Kindern helfen, als dass es Patinnen und Paten gibt. Die Spenden finanzieren direkt die Kinderhilfsprojekte und werden nicht durch unn\u00f6tige Verwaltungsgelder verschwendet. Wenn Sie sich f\u00fcr eine Kinderpatenschaft mit Humanium entscheiden, stellen Sie Ihr Geld direkt f\u00fcr das Wohlergehen des Kindes zur Verf\u00fcgung.<\/p>\n<p>Ganzheitliche Hilfe<\/p>\n<p>Humanium hilft dem ganzen Dorf, in dem das Kind lebt, um dauerhaft die Lebensbedingungen des Kindes, seiner Familie und der Gemeinschaft zu verbessern. Die Hilfe ist gleich, nachhaltig und effizient.<\/p>\n<h4>Allgemeine Informationen<\/h4>\n<p>\u00abPrivilegierte\u00bb Beziehungen mit dem Patenkind stellen, aus unserer Sicht, zahlreiche negative Folgen dar. Stellen Sie sich eine Gruppe Kinder vor, in der nur ein einziges Kind Briefe, Geschenke und Geld erh\u00e4lt. Humanium m\u00f6chte aus dem Patenkind kein Werbeinstrument machen. Um dem Kind vollen Schutz zu garantieren, erhalten Sie allgemeine Informationen \u00fcber die Fortschritte mit dem Projekt im Dorf. Au\u00dferdem werden in dem Blog der Organisation regelm\u00e4\u00dfig neue Informationen \u00fcber Projekte und Augenzeugenberichte ver\u00f6ffentlicht.<\/p>\n<p><span style=\"color: #333333;\">Humanium versucht, so gut wie m\u00f6glich die Bed\u00fcrfnisse des Kindes zu stillen, indem eine Haltung ergriffen wird, die f\u00fcr eine nachhaltige Entwicklung f\u00f6rderlich ist und diese auch unterst\u00fctzt. Gegen die Armut zu k\u00e4mpfen und dauerhaft die Lebensbedingungen der \u00e4rmsten Kinder zu verbessern, hei\u00dft ihnen zu Autonomie zu verhelfen, und genau das wird erreicht durch die ethische und verantwortungsvolle Kinderpatenschaft von Humanium !<br \/>\n<\/span><\/p>\n<div style=\"float: left; width: 100%;\"><span style=\"color: #ffffff;\">.<\/span><\/div>\n<table style=\"height: 70px;\" width=\"640\">\n<tbody>\n<tr>\n<td>\n<ul>\n<li><a href=\"https:\/\/www.humanium.org\/de\/pate-werden-2\/sponsor-with-humanium\/\">Die Vorteile der Kinderpatenschaft mit Humanium<\/a><\/li>\n<li><a href=\"https:\/\/www.humanium.org\/de\/pate-werden-2\/verstehen\/warum-bietet-humanium-nicht-individuelle-namentliche-patenschaften-an\/\">Warum bietet Humanium nicht individuelle namentliche Patenschaften an?<\/a><\/li>\n<li><a href=\"https:\/\/www.humanium.org\/de\/jetzt\/\">Ab sofort Pate werden !<\/a><\/li>\n<\/ul>\n<\/td>\n<\/tr>\n<\/tbody>\n<\/table>\n","protected":false},"excerpt":{"rendered":"<p>Besser Verstehen Ethische und verantwortungsbewusste Patenschaft mit Humanium Humanium versucht bestm\u00f6glich zu handeln. Unser Hauptanliegen ist der Schutz und das Wohlergehen der Kinder. Unsere Umsetzung der Kinderpatenschaft ist daher eine ethische Aufgabe. So bietet Humanium den Spender\/Innen die M\u00f6glichkeit auf ethisch verantwortungsbewusste Weise Pate eines Kindes zu werden. Sich f\u00fcr eine Kinderpatenschaft mit Humanium zu [&hellip;]<\/p>\n","protected":false},"author":1,"featured_media":0,"parent":237,"menu_order":0,"comment_status":"closed","ping_status":"closed","template":"","meta":{"footnotes":""},"class_list":["post-298","page","type-page","status-publish","hentry"],"yoast_head":"<!-- This site is optimized with the Yoast SEO plugin v26.5 - https:\/\/yoast.com\/wordpress\/plugins\/seo\/ -->\n<title>Die ethisch verantwortliche Patenschaft mit Humanium - Humanium<\/title>\n<meta name=\"robots\" content=\"index, follow, max-snippet:-1, max-image-preview:large, max-video-preview:-1\" \/>\n<link rel=\"canonical\" href=\"https:\/\/www.humanium.org\/de\/pate-werden-2\/verstehen\/ethical-and-responsible-sponsorship\/\" \/>\n<meta property=\"og:locale\" content=\"de_DE\" \/>\n<meta property=\"og:type\" content=\"article\" \/>\n<meta property=\"og:title\" content=\"Die ethisch verantwortliche Patenschaft mit Humanium - Humanium\" \/>\n<meta property=\"og:description\" content=\"Besser Verstehen Ethische und verantwortungsbewusste Patenschaft mit Humanium Humanium versucht bestm\u00f6glich zu handeln. Unser Hauptanliegen ist der Schutz und das Wohlergehen der Kinder. Unsere Umsetzung der Kinderpatenschaft ist daher eine ethische Aufgabe. So bietet Humanium den Spender\/Innen die M\u00f6glichkeit auf ethisch verantwortungsbewusste Weise Pate eines Kindes zu werden. Sich f\u00fcr eine Kinderpatenschaft mit Humanium zu [&hellip;]\" \/>\n<meta property=\"og:url\" content=\"https:\/\/www.humanium.org\/de\/pate-werden-2\/verstehen\/ethical-and-responsible-sponsorship\/\" \/>\n<meta property=\"og:site_name\" content=\"Humanium\" \/>\n<meta property=\"article:modified_time\" content=\"2025-12-06T06:18:47+00:00\" \/>\n<meta name=\"twitter:card\" content=\"summary_large_image\" \/>\n<meta name=\"twitter:label1\" content=\"Gesch\u00e4tzte Lesezeit\" \/>\n\t<meta name=\"twitter:data1\" content=\"3\u00a0Minuten\" \/>\n<script type=\"application\/ld+json\" class=\"yoast-schema-graph\">{\"@context\":\"https:\/\/schema.org\",\"@graph\":[{\"@type\":\"WebPage\",\"@id\":\"https:\/\/www.humanium.org\/de\/pate-werden-2\/verstehen\/ethical-and-responsible-sponsorship\/\",\"url\":\"https:\/\/www.humanium.org\/de\/pate-werden-2\/verstehen\/ethical-and-responsible-sponsorship\/\",\"name\":\"Die ethisch verantwortliche Patenschaft mit Humanium - Humanium\",\"isPartOf\":{\"@id\":\"https:\/\/www.humanium.org\/de\/#website\"},\"datePublished\":\"2010-09-27T14:41:44+00:00\",\"dateModified\":\"2025-12-06T06:18:47+00:00\",\"breadcrumb\":{\"@id\":\"https:\/\/www.humanium.org\/de\/pate-werden-2\/verstehen\/ethical-and-responsible-sponsorship\/#breadcrumb\"},\"inLanguage\":\"de\",\"potentialAction\":[{\"@type\":\"ReadAction\",\"target\":[\"https:\/\/www.humanium.org\/de\/pate-werden-2\/verstehen\/ethical-and-responsible-sponsorship\/\"]}]},{\"@type\":\"BreadcrumbList\",\"@id\":\"https:\/\/www.humanium.org\/de\/pate-werden-2\/verstehen\/ethical-and-responsible-sponsorship\/#breadcrumb\",\"itemListElement\":[{\"@type\":\"ListItem\",\"position\":1,\"name\":\"Home\",\"item\":\"https:\/\/www.humanium.org\/de\/\"},{\"@type\":\"ListItem\",\"position\":2,\"name\":\"Pate werden &#8211; Ethisch verantwortliche Patenschaft\",\"item\":\"https:\/\/www.humanium.org\/de\/pate-werden-2\/\"},{\"@type\":\"ListItem\",\"position\":3,\"name\":\"Die Patenschaft verstehen\",\"item\":\"https:\/\/www.humanium.org\/de\/pate-werden-2\/verstehen\/\"},{\"@type\":\"ListItem\",\"position\":4,\"name\":\"Die ethisch verantwortliche Patenschaft mit Humanium\"}]},{\"@type\":\"WebSite\",\"@id\":\"https:\/\/www.humanium.org\/de\/#website\",\"url\":\"https:\/\/www.humanium.org\/de\/\",\"name\":\"Humanium\",\"description\":\"Kinder zuerst!\",\"potentialAction\":[{\"@type\":\"SearchAction\",\"target\":{\"@type\":\"EntryPoint\",\"urlTemplate\":\"https:\/\/www.humanium.org\/de\/?s={search_term_string}\"},\"query-input\":{\"@type\":\"PropertyValueSpecification\",\"valueRequired\":true,\"valueName\":\"search_term_string\"}}],\"inLanguage\":\"de\"}]}<\/script>\n<!-- \/ Yoast SEO plugin. -->","yoast_head_json":{"title":"Die ethisch verantwortliche Patenschaft mit Humanium - Humanium","robots":{"index":"index","follow":"follow","max-snippet":"max-snippet:-1","max-image-preview":"max-image-preview:large","max-video-preview":"max-video-preview:-1"},"canonical":"https:\/\/www.humanium.org\/de\/pate-werden-2\/verstehen\/ethical-and-responsible-sponsorship\/","og_locale":"de_DE","og_type":"article","og_title":"Die ethisch verantwortliche Patenschaft mit Humanium - Humanium","og_description":"Besser Verstehen Ethische und verantwortungsbewusste Patenschaft mit Humanium Humanium versucht bestm\u00f6glich zu handeln. Unser Hauptanliegen ist der Schutz und das Wohlergehen der Kinder. Unsere Umsetzung der Kinderpatenschaft ist daher eine ethische Aufgabe. So bietet Humanium den Spender\/Innen die M\u00f6glichkeit auf ethisch verantwortungsbewusste Weise Pate eines Kindes zu werden. Sich f\u00fcr eine Kinderpatenschaft mit Humanium zu [&hellip;]","og_url":"https:\/\/www.humanium.org\/de\/pate-werden-2\/verstehen\/ethical-and-responsible-sponsorship\/","og_site_name":"Humanium","article_modified_time":"2025-12-06T06:18:47+00:00","twitter_card":"summary_large_image","twitter_misc":{"Gesch\u00e4tzte Lesezeit":"3\u00a0Minuten"},"schema":{"@context":"https:\/\/schema.org","@graph":[{"@type":"WebPage","@id":"https:\/\/www.humanium.org\/de\/pate-werden-2\/verstehen\/ethical-and-responsible-sponsorship\/","url":"https:\/\/www.humanium.org\/de\/pate-werden-2\/verstehen\/ethical-and-responsible-sponsorship\/","name":"Die ethisch verantwortliche Patenschaft mit Humanium - Humanium","isPartOf":{"@id":"https:\/\/www.humanium.org\/de\/#website"},"datePublished":"2010-09-27T14:41:44+00:00","dateModified":"2025-12-06T06:18:47+00:00","breadcrumb":{"@id":"https:\/\/www.humanium.org\/de\/pate-werden-2\/verstehen\/ethical-and-responsible-sponsorship\/#breadcrumb"},"inLanguage":"de","potentialAction":[{"@type":"ReadAction","target":["https:\/\/www.humanium.org\/de\/pate-werden-2\/verstehen\/ethical-and-responsible-sponsorship\/"]}]},{"@type":"BreadcrumbList","@id":"https:\/\/www.humanium.org\/de\/pate-werden-2\/verstehen\/ethical-and-responsible-sponsorship\/#breadcrumb","itemListElement":[{"@type":"ListItem","position":1,"name":"Home","item":"https:\/\/www.humanium.org\/de\/"},{"@type":"ListItem","position":2,"name":"Pate werden &#8211; Ethisch verantwortliche Patenschaft","item":"https:\/\/www.humanium.org\/de\/pate-werden-2\/"},{"@type":"ListItem","position":3,"name":"Die Patenschaft verstehen","item":"https:\/\/www.humanium.org\/de\/pate-werden-2\/verstehen\/"},{"@type":"ListItem","position":4,"name":"Die ethisch verantwortliche Patenschaft mit Humanium"}]},{"@type":"WebSite","@id":"https:\/\/www.humanium.org\/de\/#website","url":"https:\/\/www.humanium.org\/de\/","name":"Humanium","description":"Kinder zuerst!","potentialAction":[{"@type":"SearchAction","target":{"@type":"EntryPoint","urlTemplate":"https:\/\/www.humanium.org\/de\/?s={search_term_string}"},"query-input":{"@type":"PropertyValueSpecification","valueRequired":true,"valueName":"search_term_string"}}],"inLanguage":"de"}]}},"_links":{"self":[{"href":"https:\/\/www.humanium.org\/de\/wp-json\/wp\/v2\/pages\/298","targetHints":{"allow":["GET"]}}],"collection":[{"href":"https:\/\/www.humanium.org\/de\/wp-json\/wp\/v2\/pages"}],"about":[{"href":"https:\/\/www.humanium.org\/de\/wp-json\/wp\/v2\/types\/page"}],"author":[{"embeddable":true,"href":"https:\/\/www.humanium.org\/de\/wp-json\/wp\/v2\/users\/1"}],"replies":[{"embeddable":true,"href":"https:\/\/www.humanium.org\/de\/wp-json\/wp\/v2\/comments?post=298"}],"version-history":[{"count":11,"href":"https:\/\/www.humanium.org\/de\/wp-json\/wp\/v2\/pages\/298\/revisions"}],"predecessor-version":[{"id":20371,"href":"https:\/\/www.humanium.org\/de\/wp-json\/wp\/v2\/pages\/298\/revisions\/20371"}],"up":[{"embeddable":true,"href":"https:\/\/www.humanium.org\/de\/wp-json\/wp\/v2\/pages\/237"}],"wp:attachment":[{"href":"https:\/\/www.humanium.org\/de\/wp-json\/wp\/v2\/media?parent=298"}],"curies":[{"name":"wp","href":"https:\/\/api.w.org\/{rel}","templated":true}]}}