{"id":300,"date":"2010-09-27T14:45:25","date_gmt":"2010-09-27T14:45:25","guid":{"rendered":"http:\/\/www.humanium.org\/de\/"},"modified":"2025-12-06T06:18:48","modified_gmt":"2025-12-06T06:18:48","slug":"sponsor-with-humanium","status":"publish","type":"page","link":"https:\/\/www.humanium.org\/de\/pate-werden-2\/sponsor-with-humanium\/","title":{"rendered":"Die Vorteile der Kinderpatenschaft mit Humanium"},"content":{"rendered":"<h2><strong><span style=\"color: #800000;\">Die Vorteile der Kinderpatenschaft mit Humanium<\/span><\/strong><\/h2>\n<h3><span style=\"color: #800000;\">Eine effiziente Hilfe : eine Patenschaft iHv 30,- EUR = bis zu 6 Kinder, denen geholfen wird !<\/span><\/h3>\n<h4><strong><span style=\"color: #003366;\">&gt; 100% Ihrer Spende kommt der Kinderhilfe zugute<br \/>\n<\/span><\/strong><\/h4>\n<p>Die Verwaltungskosten werden durch die Beitr\u00e4ge finanziert, so dass 100% Ihrer Spenden f\u00fcr die Finanzierung der Kinderhilfsprojekte verwendet werden k\u00f6nnen.<\/p>\n<h4><span style=\"color: #003366;\"><strong>&gt;  Durch eine einzige Patenschaft kann bis zu 6 Kindern geholfen werden<br \/>\n<\/strong><\/span><\/h4>\n<p>Durch allgemeine Patenschaften k\u00f6nnen Ihre Spenden wirklich effizient genutzt werden. Statt nur einem Kind zu helfen, helfen Sie so tats\u00e4chlich bis zu sechs Kindern.<\/p>\n<h3><span style=\"color: #800000;\">Eine ganzheitliche Hilfe f\u00fcr eine Lebensver\u00e4nderung<strong><strong><br \/>\n<\/strong><\/strong><\/span><\/h3>\n<h4><span style=\"color: #003366;\"><strong>&gt; Ihre Patenschaft ist ganzheitlich <\/strong><\/span><\/h4>\n<p>Sie erf\u00fcllen alle Bed\u00fcrfnisse des Kindes. Sie helfen ihm nicht nur sich eine Zukunft aufzubauen, sondern sie helfen auch seiner Familie, die Autonomie erlangt.<span style=\"color: #003366;\"><strong><\/strong><\/span><\/p>\n<p><span style=\"color: #003366;\"><strong>&gt; Ihre Patenschaft ist ethisch und verantwortungsbewusst<\/strong><\/span><\/p>\n<p>Sie stellen sicher, dass das Kind w\u00fcrdig lebt und helfen auf positive Weise, ohne dass durch die Patenschaft ein Ungleichgewicht im sozialen und kulturellen Umfeld des Kindes entstehen k\u00f6nnte &#8211; denn allen Kindern eines Dorfes wird gleichzeitig geholfen.<\/p>\n<h3><span style=\"color: #800000;\">Sie nehmen eine vertrauensw\u00fcrdige Patenschaft ohne vertragliche Bindung auf<\/span><\/h3>\n<h4><span style=\"color: #003366;\"><strong>&gt; Sie gehen mit Ihrer Patenschaft keine Verpflichtung ein<\/strong><\/span><\/h4>\n<p>Die Dauer Ihrer Patenschaft ist frei und ohne feste Bindung. Dank der allgemeinen Verwaltung und Nutzung der Spenden, hat das Beenden Ihrer Patenschaft keine einseitigen Folgen f\u00fcr das Kind.<\/p>\n<h4><span style=\"color: #003366;\"><strong>&gt; Sie helfen und vertrauen uns<\/strong><\/span><\/h4>\n<p>Die Transparenz ist unsere Aufgabe f\u00fcr Ihr Vertrauen.<br \/>\n3 unabh\u00e4ngige Organe kontrollieren unsere Finanzverwaltung und unsere Aufgabengebiete :<br \/>\n&#8211; unsere interne Kontrolle durch Finanzaudits;<br \/>\n&#8211; eine externe Kontrolle durch ein v\u00f6llig unabh\u00e4ngiges und neutrales Unternehmen ;<br \/>\n&#8211; unser Ethikkomitee, das sich um das Einhalten unserer Prinzipien k\u00fcmmert.<\/p>\n<h4><span style=\"color: #003366;\"><strong>&gt; Sie sind stets informiert!<\/strong><\/span><\/h4>\n<p><a href=\"https:\/\/www.humanium.org\/de\/\" target=\"_blank\"><\/a>Dank unseres Blogs, k\u00f6nnen Sie das Fortschreiten der Projekte verfolgen. W\u00f6chentlich werden neue Artikel und aktuelle Fotos eingestellt.<\/p>\n<div style=\"float: right; width: 100%;\"><span style=\"color: #ffffff;\">.<\/span><\/div>\n<table style=\"height: 70px;\" width=\"640\">\n<tbody>\n<tr>\n<td>\n<ul>\n<li><a href=\"https:\/\/www.humanium.org\/de\/pate-werden-2\/verstehen\/\">Die Patenschaft verstehen<\/a><\/li>\n<li> <a href=\"https:\/\/www.humanium.org\/de\/pate-werden-2\/sponsor-with-humanium\/\">Die Vorteile der Kinderpatenschaft mit Humanium<\/a><\/li>\n<li><a href=\"https:\/\/www.humanium.org\/de\/jetzt\/\">Ab sofort Pate werden<\/a><\/li>\n<\/ul>\n<\/td>\n<\/tr>\n<\/tbody>\n<\/table>\n","protected":false},"excerpt":{"rendered":"<p>Die Vorteile der Kinderpatenschaft mit Humanium Eine effiziente Hilfe : eine Patenschaft iHv 30,- EUR = bis zu 6 Kinder, denen geholfen wird ! &gt; 100% Ihrer Spende kommt der Kinderhilfe zugute Die Verwaltungskosten werden durch die Beitr\u00e4ge finanziert, so dass 100% Ihrer Spenden f\u00fcr die Finanzierung der Kinderhilfsprojekte verwendet werden k\u00f6nnen. &gt; Durch eine [&hellip;]<\/p>\n","protected":false},"author":1,"featured_media":0,"parent":7513,"menu_order":0,"comment_status":"closed","ping_status":"closed","template":"","meta":{"footnotes":""},"class_list":["post-300","page","type-page","status-publish","hentry"],"yoast_head":"<!-- This site is optimized with the Yoast SEO plugin v26.5 - https:\/\/yoast.com\/wordpress\/plugins\/seo\/ -->\n<title>Die Vorteile der Kinderpatenschaft mit Humanium - Humanium<\/title>\n<meta name=\"robots\" content=\"index, follow, max-snippet:-1, max-image-preview:large, max-video-preview:-1\" \/>\n<link rel=\"canonical\" href=\"https:\/\/www.humanium.org\/de\/pate-werden-2\/sponsor-with-humanium\/\" \/>\n<meta property=\"og:locale\" content=\"de_DE\" \/>\n<meta property=\"og:type\" content=\"article\" \/>\n<meta property=\"og:title\" content=\"Die Vorteile der Kinderpatenschaft mit Humanium - Humanium\" \/>\n<meta property=\"og:description\" content=\"Die Vorteile der Kinderpatenschaft mit Humanium Eine effiziente Hilfe : eine Patenschaft iHv 30,- EUR = bis zu 6 Kinder, denen geholfen wird ! &gt; 100% Ihrer Spende kommt der Kinderhilfe zugute Die Verwaltungskosten werden durch die Beitr\u00e4ge finanziert, so dass 100% Ihrer Spenden f\u00fcr die Finanzierung der Kinderhilfsprojekte verwendet werden k\u00f6nnen. &gt; Durch eine [&hellip;]\" \/>\n<meta property=\"og:url\" content=\"https:\/\/www.humanium.org\/de\/pate-werden-2\/sponsor-with-humanium\/\" \/>\n<meta property=\"og:site_name\" content=\"Humanium\" \/>\n<meta property=\"article:modified_time\" content=\"2025-12-06T06:18:48+00:00\" \/>\n<meta name=\"twitter:card\" content=\"summary_large_image\" \/>\n<meta name=\"twitter:label1\" content=\"Gesch\u00e4tzte Lesezeit\" \/>\n\t<meta name=\"twitter:data1\" content=\"2\u00a0Minuten\" \/>\n<script type=\"application\/ld+json\" class=\"yoast-schema-graph\">{\"@context\":\"https:\/\/schema.org\",\"@graph\":[{\"@type\":\"WebPage\",\"@id\":\"https:\/\/www.humanium.org\/de\/pate-werden-2\/sponsor-with-humanium\/\",\"url\":\"https:\/\/www.humanium.org\/de\/pate-werden-2\/sponsor-with-humanium\/\",\"name\":\"Die Vorteile der Kinderpatenschaft mit Humanium - Humanium\",\"isPartOf\":{\"@id\":\"https:\/\/www.humanium.org\/de\/#website\"},\"datePublished\":\"2010-09-27T14:45:25+00:00\",\"dateModified\":\"2025-12-06T06:18:48+00:00\",\"breadcrumb\":{\"@id\":\"https:\/\/www.humanium.org\/de\/pate-werden-2\/sponsor-with-humanium\/#breadcrumb\"},\"inLanguage\":\"de\",\"potentialAction\":[{\"@type\":\"ReadAction\",\"target\":[\"https:\/\/www.humanium.org\/de\/pate-werden-2\/sponsor-with-humanium\/\"]}]},{\"@type\":\"BreadcrumbList\",\"@id\":\"https:\/\/www.humanium.org\/de\/pate-werden-2\/sponsor-with-humanium\/#breadcrumb\",\"itemListElement\":[{\"@type\":\"ListItem\",\"position\":1,\"name\":\"Home\",\"item\":\"https:\/\/www.humanium.org\/de\/\"},{\"@type\":\"ListItem\",\"position\":2,\"name\":\"Pate werden &#8211; Ethisch verantwortliche Patenschaft\",\"item\":\"https:\/\/www.humanium.org\/de\/pate-werden-2\/\"},{\"@type\":\"ListItem\",\"position\":3,\"name\":\"Die Vorteile der Kinderpatenschaft mit Humanium\"}]},{\"@type\":\"WebSite\",\"@id\":\"https:\/\/www.humanium.org\/de\/#website\",\"url\":\"https:\/\/www.humanium.org\/de\/\",\"name\":\"Humanium\",\"description\":\"Kinder zuerst!\",\"potentialAction\":[{\"@type\":\"SearchAction\",\"target\":{\"@type\":\"EntryPoint\",\"urlTemplate\":\"https:\/\/www.humanium.org\/de\/?s={search_term_string}\"},\"query-input\":{\"@type\":\"PropertyValueSpecification\",\"valueRequired\":true,\"valueName\":\"search_term_string\"}}],\"inLanguage\":\"de\"}]}<\/script>\n<!-- \/ Yoast SEO plugin. -->","yoast_head_json":{"title":"Die Vorteile der Kinderpatenschaft mit Humanium - Humanium","robots":{"index":"index","follow":"follow","max-snippet":"max-snippet:-1","max-image-preview":"max-image-preview:large","max-video-preview":"max-video-preview:-1"},"canonical":"https:\/\/www.humanium.org\/de\/pate-werden-2\/sponsor-with-humanium\/","og_locale":"de_DE","og_type":"article","og_title":"Die Vorteile der Kinderpatenschaft mit Humanium - Humanium","og_description":"Die Vorteile der Kinderpatenschaft mit Humanium Eine effiziente Hilfe : eine Patenschaft iHv 30,- EUR = bis zu 6 Kinder, denen geholfen wird ! &gt; 100% Ihrer Spende kommt der Kinderhilfe zugute Die Verwaltungskosten werden durch die Beitr\u00e4ge finanziert, so dass 100% Ihrer Spenden f\u00fcr die Finanzierung der Kinderhilfsprojekte verwendet werden k\u00f6nnen. &gt; Durch eine [&hellip;]","og_url":"https:\/\/www.humanium.org\/de\/pate-werden-2\/sponsor-with-humanium\/","og_site_name":"Humanium","article_modified_time":"2025-12-06T06:18:48+00:00","twitter_card":"summary_large_image","twitter_misc":{"Gesch\u00e4tzte Lesezeit":"2\u00a0Minuten"},"schema":{"@context":"https:\/\/schema.org","@graph":[{"@type":"WebPage","@id":"https:\/\/www.humanium.org\/de\/pate-werden-2\/sponsor-with-humanium\/","url":"https:\/\/www.humanium.org\/de\/pate-werden-2\/sponsor-with-humanium\/","name":"Die Vorteile der Kinderpatenschaft mit Humanium - Humanium","isPartOf":{"@id":"https:\/\/www.humanium.org\/de\/#website"},"datePublished":"2010-09-27T14:45:25+00:00","dateModified":"2025-12-06T06:18:48+00:00","breadcrumb":{"@id":"https:\/\/www.humanium.org\/de\/pate-werden-2\/sponsor-with-humanium\/#breadcrumb"},"inLanguage":"de","potentialAction":[{"@type":"ReadAction","target":["https:\/\/www.humanium.org\/de\/pate-werden-2\/sponsor-with-humanium\/"]}]},{"@type":"BreadcrumbList","@id":"https:\/\/www.humanium.org\/de\/pate-werden-2\/sponsor-with-humanium\/#breadcrumb","itemListElement":[{"@type":"ListItem","position":1,"name":"Home","item":"https:\/\/www.humanium.org\/de\/"},{"@type":"ListItem","position":2,"name":"Pate werden &#8211; Ethisch verantwortliche Patenschaft","item":"https:\/\/www.humanium.org\/de\/pate-werden-2\/"},{"@type":"ListItem","position":3,"name":"Die Vorteile der Kinderpatenschaft mit Humanium"}]},{"@type":"WebSite","@id":"https:\/\/www.humanium.org\/de\/#website","url":"https:\/\/www.humanium.org\/de\/","name":"Humanium","description":"Kinder zuerst!","potentialAction":[{"@type":"SearchAction","target":{"@type":"EntryPoint","urlTemplate":"https:\/\/www.humanium.org\/de\/?s={search_term_string}"},"query-input":{"@type":"PropertyValueSpecification","valueRequired":true,"valueName":"search_term_string"}}],"inLanguage":"de"}]}},"_links":{"self":[{"href":"https:\/\/www.humanium.org\/de\/wp-json\/wp\/v2\/pages\/300","targetHints":{"allow":["GET"]}}],"collection":[{"href":"https:\/\/www.humanium.org\/de\/wp-json\/wp\/v2\/pages"}],"about":[{"href":"https:\/\/www.humanium.org\/de\/wp-json\/wp\/v2\/types\/page"}],"author":[{"embeddable":true,"href":"https:\/\/www.humanium.org\/de\/wp-json\/wp\/v2\/users\/1"}],"replies":[{"embeddable":true,"href":"https:\/\/www.humanium.org\/de\/wp-json\/wp\/v2\/comments?post=300"}],"version-history":[{"count":9,"href":"https:\/\/www.humanium.org\/de\/wp-json\/wp\/v2\/pages\/300\/revisions"}],"predecessor-version":[{"id":20380,"href":"https:\/\/www.humanium.org\/de\/wp-json\/wp\/v2\/pages\/300\/revisions\/20380"}],"up":[{"embeddable":true,"href":"https:\/\/www.humanium.org\/de\/wp-json\/wp\/v2\/pages\/7513"}],"wp:attachment":[{"href":"https:\/\/www.humanium.org\/de\/wp-json\/wp\/v2\/media?parent=300"}],"curies":[{"name":"wp","href":"https:\/\/api.w.org\/{rel}","templated":true}]}}