{"id":3059,"date":"2013-10-29T11:42:41","date_gmt":"2013-10-29T11:42:41","guid":{"rendered":"http:\/\/www.humanium.org\/de\/?page_id=3059"},"modified":"2025-12-06T06:23:09","modified_gmt":"2025-12-06T06:23:09","slug":"pariser-prinzipien-gegen-die-rechtswidrige-rekrutierung-von-kindern-fur-streitkrafte-oder-bewaffnete-gruppen-sowie-die-pariser-grundsatze-und-leitlinien-zu-kindern-die-streitkraften-oder-bewaffneten","status":"publish","type":"page","link":"https:\/\/www.humanium.org\/de\/pariser-prinzipien-gegen-die-rechtswidrige-rekrutierung-von-kindern-fur-streitkrafte-oder-bewaffnete-gruppen-sowie-die-pariser-grundsatze-und-leitlinien-zu-kindern-die-streitkraften-oder-bewaffneten\/","title":{"rendered":"Pariser Prinzipien gegen die rechtswidrige Rekrutierung von Kindern f\u00fcr Streitkr\u00e4fte oder bewaffnete Gruppen sowie die Pariser Grunds\u00e4tze und Leitlinien zu Kindern, die Streitkr\u00e4ften oder bewaffneten Gruppen angeschlossen sind"},"content":{"rendered":"<h2><span style=\"color: #800000;\">Pariser Prinzipien gegen die rechtswidrige Rekrutierung von Kindern f\u00fcr Streitkr\u00e4fte oder bewaffnete Gruppen und Pariser Grunds\u00e4tze und Leitlinien zu Kindern, die Streitkr\u00e4ften oder bewaffneten Gruppen angeschlossen sind<\/span><\/h2>\n<h3><span style=\"color: #800000;\"><span style=\"color: #800000;\">Abgeschlossen im Februar 2007<\/span><br \/>\n<\/span><\/h3>\n<ul>\n<li>\n<h3><span style=\"color: #003366;\">Pariser Prinzipien gegen die rechtswidrige Rekrutierung von Kindern f\u00fcr Streitkr\u00e4fte oder bewaffnete Gruppen (nur auf Englisch)<\/span> <img loading=\"lazy\" decoding=\"async\" class=\"alignnone size-full wp-image-973\" title=\"PDF\" src=\"https:\/\/www.humanium.org\/fr\/wp-content\/uploads\/logo-pdf.gif\" alt=\"\" width=\"24\" height=\"24\" \/><\/h3>\n<\/li>\n<\/ul>\n<ul>\n<li>\n<h3><span style=\"color: #003366;\">Pariser Grunds\u00e4tze und Leitlinien zu Kindern, die Streitkr\u00e4ften oder bewaffneten Gruppen angeschlossen sind (nur auf Englisch)<\/span> <img loading=\"lazy\" decoding=\"async\" class=\"alignnone size-full wp-image-973\" title=\"PDF\" src=\"https:\/\/www.humanium.org\/fr\/wp-content\/uploads\/logo-pdf.gif\" alt=\"\" width=\"24\" height=\"24\" \/><\/h3>\n<\/li>\n<\/ul>\n","protected":false},"excerpt":{"rendered":"<p>Pariser Prinzipien gegen die rechtswidrige Rekrutierung von Kindern f\u00fcr Streitkr\u00e4fte oder bewaffnete Gruppen und Pariser Grunds\u00e4tze und Leitlinien zu Kindern, die Streitkr\u00e4ften oder bewaffneten Gruppen angeschlossen sind Abgeschlossen im Februar 2007 Pariser Prinzipien gegen die rechtswidrige Rekrutierung von Kindern f\u00fcr Streitkr\u00e4fte oder bewaffnete Gruppen (nur auf Englisch) Pariser Grunds\u00e4tze und Leitlinien zu Kindern, die Streitkr\u00e4ften [&hellip;]<\/p>\n","protected":false},"author":1,"featured_media":0,"parent":0,"menu_order":0,"comment_status":"closed","ping_status":"closed","template":"","meta":{"footnotes":""},"class_list":["post-3059","page","type-page","status-publish","hentry"],"yoast_head":"<!-- This site is optimized with the Yoast SEO plugin v26.5 - https:\/\/yoast.com\/wordpress\/plugins\/seo\/ -->\n<title>Pariser Prinzipien gegen die rechtswidrige Rekrutierung von Kindern f\u00fcr Streitkr\u00e4fte oder bewaffnete Gruppen sowie die Pariser Grunds\u00e4tze und Leitlinien zu Kindern, die Streitkr\u00e4ften oder bewaffneten Gruppen angeschlossen sind - Humanium<\/title>\n<meta name=\"robots\" content=\"index, follow, max-snippet:-1, max-image-preview:large, max-video-preview:-1\" \/>\n<link rel=\"canonical\" href=\"https:\/\/www.humanium.org\/de\/pariser-prinzipien-gegen-die-rechtswidrige-rekrutierung-von-kindern-fur-streitkrafte-oder-bewaffnete-gruppen-sowie-die-pariser-grundsatze-und-leitlinien-zu-kindern-die-streitkraften-oder-bewaffneten\/\" \/>\n<meta property=\"og:locale\" content=\"de_DE\" \/>\n<meta property=\"og:type\" content=\"article\" \/>\n<meta property=\"og:title\" content=\"Pariser Prinzipien gegen die rechtswidrige Rekrutierung von Kindern f\u00fcr Streitkr\u00e4fte oder bewaffnete Gruppen sowie die Pariser Grunds\u00e4tze und Leitlinien zu Kindern, die Streitkr\u00e4ften oder bewaffneten Gruppen angeschlossen sind - Humanium\" \/>\n<meta property=\"og:description\" content=\"Pariser Prinzipien gegen die rechtswidrige Rekrutierung von Kindern f\u00fcr Streitkr\u00e4fte oder bewaffnete Gruppen und Pariser Grunds\u00e4tze und Leitlinien zu Kindern, die Streitkr\u00e4ften oder bewaffneten Gruppen angeschlossen sind Abgeschlossen im Februar 2007 Pariser Prinzipien gegen die rechtswidrige Rekrutierung von Kindern f\u00fcr Streitkr\u00e4fte oder bewaffnete Gruppen (nur auf Englisch) Pariser Grunds\u00e4tze und Leitlinien zu Kindern, die Streitkr\u00e4ften [&hellip;]\" \/>\n<meta property=\"og:url\" content=\"https:\/\/www.humanium.org\/de\/pariser-prinzipien-gegen-die-rechtswidrige-rekrutierung-von-kindern-fur-streitkrafte-oder-bewaffnete-gruppen-sowie-die-pariser-grundsatze-und-leitlinien-zu-kindern-die-streitkraften-oder-bewaffneten\/\" \/>\n<meta property=\"og:site_name\" content=\"Humanium\" \/>\n<meta property=\"article:modified_time\" content=\"2025-12-06T06:23:09+00:00\" \/>\n<meta name=\"twitter:card\" content=\"summary_large_image\" \/>\n<script type=\"application\/ld+json\" class=\"yoast-schema-graph\">{\"@context\":\"https:\/\/schema.org\",\"@graph\":[{\"@type\":\"WebPage\",\"@id\":\"https:\/\/www.humanium.org\/de\/pariser-prinzipien-gegen-die-rechtswidrige-rekrutierung-von-kindern-fur-streitkrafte-oder-bewaffnete-gruppen-sowie-die-pariser-grundsatze-und-leitlinien-zu-kindern-die-streitkraften-oder-bewaffneten\/\",\"url\":\"https:\/\/www.humanium.org\/de\/pariser-prinzipien-gegen-die-rechtswidrige-rekrutierung-von-kindern-fur-streitkrafte-oder-bewaffnete-gruppen-sowie-die-pariser-grundsatze-und-leitlinien-zu-kindern-die-streitkraften-oder-bewaffneten\/\",\"name\":\"Pariser Prinzipien gegen die rechtswidrige Rekrutierung von Kindern f\u00fcr Streitkr\u00e4fte oder bewaffnete Gruppen sowie die Pariser Grunds\u00e4tze und Leitlinien zu Kindern, die Streitkr\u00e4ften oder bewaffneten Gruppen angeschlossen sind - Humanium\",\"isPartOf\":{\"@id\":\"https:\/\/www.humanium.org\/de\/#website\"},\"primaryImageOfPage\":{\"@id\":\"https:\/\/www.humanium.org\/de\/pariser-prinzipien-gegen-die-rechtswidrige-rekrutierung-von-kindern-fur-streitkrafte-oder-bewaffnete-gruppen-sowie-die-pariser-grundsatze-und-leitlinien-zu-kindern-die-streitkraften-oder-bewaffneten\/#primaryimage\"},\"image\":{\"@id\":\"https:\/\/www.humanium.org\/de\/pariser-prinzipien-gegen-die-rechtswidrige-rekrutierung-von-kindern-fur-streitkrafte-oder-bewaffnete-gruppen-sowie-die-pariser-grundsatze-und-leitlinien-zu-kindern-die-streitkraften-oder-bewaffneten\/#primaryimage\"},\"thumbnailUrl\":\"https:\/\/www.humanium.org\/fr\/wp-content\/uploads\/logo-pdf.gif\",\"datePublished\":\"2013-10-29T11:42:41+00:00\",\"dateModified\":\"2025-12-06T06:23:09+00:00\",\"breadcrumb\":{\"@id\":\"https:\/\/www.humanium.org\/de\/pariser-prinzipien-gegen-die-rechtswidrige-rekrutierung-von-kindern-fur-streitkrafte-oder-bewaffnete-gruppen-sowie-die-pariser-grundsatze-und-leitlinien-zu-kindern-die-streitkraften-oder-bewaffneten\/#breadcrumb\"},\"inLanguage\":\"de\",\"potentialAction\":[{\"@type\":\"ReadAction\",\"target\":[\"https:\/\/www.humanium.org\/de\/pariser-prinzipien-gegen-die-rechtswidrige-rekrutierung-von-kindern-fur-streitkrafte-oder-bewaffnete-gruppen-sowie-die-pariser-grundsatze-und-leitlinien-zu-kindern-die-streitkraften-oder-bewaffneten\/\"]}]},{\"@type\":\"ImageObject\",\"inLanguage\":\"de\",\"@id\":\"https:\/\/www.humanium.org\/de\/pariser-prinzipien-gegen-die-rechtswidrige-rekrutierung-von-kindern-fur-streitkrafte-oder-bewaffnete-gruppen-sowie-die-pariser-grundsatze-und-leitlinien-zu-kindern-die-streitkraften-oder-bewaffneten\/#primaryimage\",\"url\":\"https:\/\/www.humanium.org\/fr\/wp-content\/uploads\/logo-pdf.gif\",\"contentUrl\":\"https:\/\/www.humanium.org\/fr\/wp-content\/uploads\/logo-pdf.gif\"},{\"@type\":\"BreadcrumbList\",\"@id\":\"https:\/\/www.humanium.org\/de\/pariser-prinzipien-gegen-die-rechtswidrige-rekrutierung-von-kindern-fur-streitkrafte-oder-bewaffnete-gruppen-sowie-die-pariser-grundsatze-und-leitlinien-zu-kindern-die-streitkraften-oder-bewaffneten\/#breadcrumb\",\"itemListElement\":[{\"@type\":\"ListItem\",\"position\":1,\"name\":\"Home\",\"item\":\"https:\/\/www.humanium.org\/de\/\"},{\"@type\":\"ListItem\",\"position\":2,\"name\":\"Pariser Prinzipien gegen die rechtswidrige Rekrutierung von Kindern f\u00fcr Streitkr\u00e4fte oder bewaffnete Gruppen sowie die Pariser Grunds\u00e4tze und Leitlinien zu Kindern, die Streitkr\u00e4ften oder bewaffneten Gruppen angeschlossen sind\"}]},{\"@type\":\"WebSite\",\"@id\":\"https:\/\/www.humanium.org\/de\/#website\",\"url\":\"https:\/\/www.humanium.org\/de\/\",\"name\":\"Humanium\",\"description\":\"Kinder zuerst!\",\"potentialAction\":[{\"@type\":\"SearchAction\",\"target\":{\"@type\":\"EntryPoint\",\"urlTemplate\":\"https:\/\/www.humanium.org\/de\/?s={search_term_string}\"},\"query-input\":{\"@type\":\"PropertyValueSpecification\",\"valueRequired\":true,\"valueName\":\"search_term_string\"}}],\"inLanguage\":\"de\"}]}<\/script>\n<!-- \/ Yoast SEO plugin. -->","yoast_head_json":{"title":"Pariser Prinzipien gegen die rechtswidrige Rekrutierung von Kindern f\u00fcr Streitkr\u00e4fte oder bewaffnete Gruppen sowie die Pariser Grunds\u00e4tze und Leitlinien zu Kindern, die Streitkr\u00e4ften oder bewaffneten Gruppen angeschlossen sind - Humanium","robots":{"index":"index","follow":"follow","max-snippet":"max-snippet:-1","max-image-preview":"max-image-preview:large","max-video-preview":"max-video-preview:-1"},"canonical":"https:\/\/www.humanium.org\/de\/pariser-prinzipien-gegen-die-rechtswidrige-rekrutierung-von-kindern-fur-streitkrafte-oder-bewaffnete-gruppen-sowie-die-pariser-grundsatze-und-leitlinien-zu-kindern-die-streitkraften-oder-bewaffneten\/","og_locale":"de_DE","og_type":"article","og_title":"Pariser Prinzipien gegen die rechtswidrige Rekrutierung von Kindern f\u00fcr Streitkr\u00e4fte oder bewaffnete Gruppen sowie die Pariser Grunds\u00e4tze und Leitlinien zu Kindern, die Streitkr\u00e4ften oder bewaffneten Gruppen angeschlossen sind - Humanium","og_description":"Pariser Prinzipien gegen die rechtswidrige Rekrutierung von Kindern f\u00fcr Streitkr\u00e4fte oder bewaffnete Gruppen und Pariser Grunds\u00e4tze und Leitlinien zu Kindern, die Streitkr\u00e4ften oder bewaffneten Gruppen angeschlossen sind Abgeschlossen im Februar 2007 Pariser Prinzipien gegen die rechtswidrige Rekrutierung von Kindern f\u00fcr Streitkr\u00e4fte oder bewaffnete Gruppen (nur auf Englisch) Pariser Grunds\u00e4tze und Leitlinien zu Kindern, die Streitkr\u00e4ften [&hellip;]","og_url":"https:\/\/www.humanium.org\/de\/pariser-prinzipien-gegen-die-rechtswidrige-rekrutierung-von-kindern-fur-streitkrafte-oder-bewaffnete-gruppen-sowie-die-pariser-grundsatze-und-leitlinien-zu-kindern-die-streitkraften-oder-bewaffneten\/","og_site_name":"Humanium","article_modified_time":"2025-12-06T06:23:09+00:00","twitter_card":"summary_large_image","schema":{"@context":"https:\/\/schema.org","@graph":[{"@type":"WebPage","@id":"https:\/\/www.humanium.org\/de\/pariser-prinzipien-gegen-die-rechtswidrige-rekrutierung-von-kindern-fur-streitkrafte-oder-bewaffnete-gruppen-sowie-die-pariser-grundsatze-und-leitlinien-zu-kindern-die-streitkraften-oder-bewaffneten\/","url":"https:\/\/www.humanium.org\/de\/pariser-prinzipien-gegen-die-rechtswidrige-rekrutierung-von-kindern-fur-streitkrafte-oder-bewaffnete-gruppen-sowie-die-pariser-grundsatze-und-leitlinien-zu-kindern-die-streitkraften-oder-bewaffneten\/","name":"Pariser Prinzipien gegen die rechtswidrige Rekrutierung von Kindern f\u00fcr Streitkr\u00e4fte oder bewaffnete Gruppen sowie die Pariser Grunds\u00e4tze und Leitlinien zu Kindern, die Streitkr\u00e4ften oder bewaffneten Gruppen angeschlossen sind - Humanium","isPartOf":{"@id":"https:\/\/www.humanium.org\/de\/#website"},"primaryImageOfPage":{"@id":"https:\/\/www.humanium.org\/de\/pariser-prinzipien-gegen-die-rechtswidrige-rekrutierung-von-kindern-fur-streitkrafte-oder-bewaffnete-gruppen-sowie-die-pariser-grundsatze-und-leitlinien-zu-kindern-die-streitkraften-oder-bewaffneten\/#primaryimage"},"image":{"@id":"https:\/\/www.humanium.org\/de\/pariser-prinzipien-gegen-die-rechtswidrige-rekrutierung-von-kindern-fur-streitkrafte-oder-bewaffnete-gruppen-sowie-die-pariser-grundsatze-und-leitlinien-zu-kindern-die-streitkraften-oder-bewaffneten\/#primaryimage"},"thumbnailUrl":"https:\/\/www.humanium.org\/fr\/wp-content\/uploads\/logo-pdf.gif","datePublished":"2013-10-29T11:42:41+00:00","dateModified":"2025-12-06T06:23:09+00:00","breadcrumb":{"@id":"https:\/\/www.humanium.org\/de\/pariser-prinzipien-gegen-die-rechtswidrige-rekrutierung-von-kindern-fur-streitkrafte-oder-bewaffnete-gruppen-sowie-die-pariser-grundsatze-und-leitlinien-zu-kindern-die-streitkraften-oder-bewaffneten\/#breadcrumb"},"inLanguage":"de","potentialAction":[{"@type":"ReadAction","target":["https:\/\/www.humanium.org\/de\/pariser-prinzipien-gegen-die-rechtswidrige-rekrutierung-von-kindern-fur-streitkrafte-oder-bewaffnete-gruppen-sowie-die-pariser-grundsatze-und-leitlinien-zu-kindern-die-streitkraften-oder-bewaffneten\/"]}]},{"@type":"ImageObject","inLanguage":"de","@id":"https:\/\/www.humanium.org\/de\/pariser-prinzipien-gegen-die-rechtswidrige-rekrutierung-von-kindern-fur-streitkrafte-oder-bewaffnete-gruppen-sowie-die-pariser-grundsatze-und-leitlinien-zu-kindern-die-streitkraften-oder-bewaffneten\/#primaryimage","url":"https:\/\/www.humanium.org\/fr\/wp-content\/uploads\/logo-pdf.gif","contentUrl":"https:\/\/www.humanium.org\/fr\/wp-content\/uploads\/logo-pdf.gif"},{"@type":"BreadcrumbList","@id":"https:\/\/www.humanium.org\/de\/pariser-prinzipien-gegen-die-rechtswidrige-rekrutierung-von-kindern-fur-streitkrafte-oder-bewaffnete-gruppen-sowie-die-pariser-grundsatze-und-leitlinien-zu-kindern-die-streitkraften-oder-bewaffneten\/#breadcrumb","itemListElement":[{"@type":"ListItem","position":1,"name":"Home","item":"https:\/\/www.humanium.org\/de\/"},{"@type":"ListItem","position":2,"name":"Pariser Prinzipien gegen die rechtswidrige Rekrutierung von Kindern f\u00fcr Streitkr\u00e4fte oder bewaffnete Gruppen sowie die Pariser Grunds\u00e4tze und Leitlinien zu Kindern, die Streitkr\u00e4ften oder bewaffneten Gruppen angeschlossen sind"}]},{"@type":"WebSite","@id":"https:\/\/www.humanium.org\/de\/#website","url":"https:\/\/www.humanium.org\/de\/","name":"Humanium","description":"Kinder zuerst!","potentialAction":[{"@type":"SearchAction","target":{"@type":"EntryPoint","urlTemplate":"https:\/\/www.humanium.org\/de\/?s={search_term_string}"},"query-input":{"@type":"PropertyValueSpecification","valueRequired":true,"valueName":"search_term_string"}}],"inLanguage":"de"}]}},"_links":{"self":[{"href":"https:\/\/www.humanium.org\/de\/wp-json\/wp\/v2\/pages\/3059","targetHints":{"allow":["GET"]}}],"collection":[{"href":"https:\/\/www.humanium.org\/de\/wp-json\/wp\/v2\/pages"}],"about":[{"href":"https:\/\/www.humanium.org\/de\/wp-json\/wp\/v2\/types\/page"}],"author":[{"embeddable":true,"href":"https:\/\/www.humanium.org\/de\/wp-json\/wp\/v2\/users\/1"}],"replies":[{"embeddable":true,"href":"https:\/\/www.humanium.org\/de\/wp-json\/wp\/v2\/comments?post=3059"}],"version-history":[{"count":4,"href":"https:\/\/www.humanium.org\/de\/wp-json\/wp\/v2\/pages\/3059\/revisions"}],"predecessor-version":[{"id":20725,"href":"https:\/\/www.humanium.org\/de\/wp-json\/wp\/v2\/pages\/3059\/revisions\/20725"}],"wp:attachment":[{"href":"https:\/\/www.humanium.org\/de\/wp-json\/wp\/v2\/media?parent=3059"}],"curies":[{"name":"wp","href":"https:\/\/api.w.org\/{rel}","templated":true}]}}