{"id":3083,"date":"2013-11-01T11:35:00","date_gmt":"2013-11-01T11:35:00","guid":{"rendered":"http:\/\/www.humanium.org\/de\/?page_id=3083"},"modified":"2025-12-06T06:25:41","modified_gmt":"2025-12-06T06:25:41","slug":"die-entstehung-der-verhandlungen","status":"publish","type":"page","link":"https:\/\/www.humanium.org\/de\/die-entstehung-der-verhandlungen\/","title":{"rendered":"Die Entstehung der Verhandlungen"},"content":{"rendered":"<h1>Das \u00dcbereinkommen \u00fcber die Rechte des Kindes vom 20. November 1989<\/h1>\n<h2>Die Entstehung der Verhandlungen<\/h2>\n<p><strong>In Ermangelung eines rechtlich bindenden Textes schien es schwierig, Kinderrechte wirksam zu sch\u00fctzen. Im Jahr 1978 hatte Polen die Idee zu einem <a>solchen \u00dcbereinkommen<\/a>, das f\u00fcr alle Staaten rechtlich bindend sein sollte.<\/strong><\/p>\n<h3>Die polnische Initiative<\/h3>\n<p>Am 7. Februar 1978 legte Polen der Menschenrechtskommission der Vereinten Nationen den Entwurf einer Konvention \u00fcber die Rechte des Kindes vor.<\/p>\n<p>Dieser Entwurf bestand aus 19 Artikeln (10 wiesen einen normativen Charakter auf, die restlichen 9 befassten sich mit Verfahrensfragen). Anders als die Genfer Erkl\u00e4rung musste das \u00dcbereinkommen f\u00fcr die Staaten verbindlich sein.<\/p>\n<p>Um die Gelegenheit des Jahrestages der Genfer Erkl\u00e4rung zu nutzen, plante Polen, ein solches \u00dcbereinkommen \u00fcber die Rechte des Kindes bereits 1979 zu verabschieden. Allerdings dauerte es tats\u00e4chlich 10 Jahre, bis ein Text einstimmig von der internationalen Gemeinschaft angenommen wurde.<\/p>\n<h3>1979: Das internationale Jahr des Kindes<\/h3>\n<p>Um das kollektive Bewusstsein zu f\u00f6rdern und Staaten zu ermutigen, Ma\u00dfnahmen zu ergreifen, um die Rechte der Kinder zu sch\u00fctzen, riefen die Vereinten Nationen das Jahr 1979 zum &#8222;Internationalen Jahr des Kindes&#8220; aus.<\/p>\n<h3>Die Arbeitsgruppe f\u00fcr die Entwicklung der Konvention<\/h3>\n<p>Im Fr\u00fchjahr 1979 beschloss die Menschenrechtskommission eine Arbeitsgruppe einzurichten, die mit der Ausarbeitung eines \u00dcbereinkommens \u00fcber die Rechte des Kindes betraut wurde.<\/p>\n<p>Diese besondere Arbeitsgruppe setzte sich aus einer nicht begrenzten Anzahl an Mitgliedern zusammen. Unter den Mitgliedern befanden sich unter anderem das Kinderhilfswerk der Vereinten Nationen (UNICEF), verschiedene Nichtregierungsorganisationen und die 48 Mitgliedstaaten der Menschenrechtskommission. Die von dem \u00dcbereinkommen betroffenen Kinder waren nicht am Entstehungsprozess beteiligt.<br \/>\n<img loading=\"lazy\" decoding=\"async\" class=\" wp-image-3088 alignright\" title=\"Das \u00dcbereinkommen \u00fcber die Rechte des Kindes ist das Ergebnis eines internationalen Konsenses \u00a9 UN\/J. Isaac\" alt=\"UN-Photo-John-Isaac-2\" src=\"https:\/\/www.humanium.org\/de\/wp-content\/uploads\/2013\/11\/UN-Photo-John-Isaac-2-293x300.jpg\" width=\"234\" height=\"240\" \/><br \/>\nDie Arbeitsgruppe traf sich einmal im Jahr in Genf (Schweiz). Um Einstimmigkeit zu erzielen, war die Ausarbeitung des \u00dcbereinkommens von Konsens und politischen Kompromissen gepr\u00e4gt.<\/p>\n<p>Auf diese Weise konnten die Anforderungen der an den Verhandlungen teilnehmenden Regierungen am besten erf\u00fcllt werden. Allerdings wurden dadurch zahlreiche Details nicht in den Text aufgenommen. Dies f\u00fchrte dazu, dass Juristen den Text hinsichtlich seiner rechtlichen Klarheit kritisierten.<\/p>\n<h3>Die technische \u00dcberpr\u00fcfung des Entwurfes des \u00dcbereinkommens<\/h3>\n<p>Im Jahr 1988 f\u00fchrte der Bereich Rechtsangelegenheiten der Vereinten Nationen eine technische \u00dcberpr\u00fcfung des \u00dcbereinkommensentwurfes durch. Das Ziel dieser \u00dcberpr\u00fcfung war es, die Kompatibilit\u00e4t des \u00dcbereinkommens mit anderen internationalen Menschenrechtsinstrumenten zu gew\u00e4hrleisten.<\/p>\n<h3>Die Verabschiedung des \u00dcbereinkommens \u00fcber die Rechte des Kindes<\/h3>\n<p>20. November 1989 verabschiedete die Generalversammlung der Vereinten Nationen das <a href=\"https:\/\/www.humanium.org\/de\/konvention-rechte-kindes\/\">\u00dcbereinkommen \u00fcber die Rechte des Kindes<\/a> mit der Resolution A\/RES\/44\/25.<br \/>\nDie Verabschiedung des \u00dcbereinkommens beendete einen Prozess, der fast 10 Jahre gedauert hatte.<\/p>\n<div id=\"toggle\"><a onclick=\"show_voir_aussi('voir_aussi_box')\" href=\"javascript:show_voir_aussi(id)\"><\/a><\/div>\n<div id=\"voir_aussi_box\" style=\"display: none;\">\n<ul>\n<li><a href=\"https:\/\/www.humanium.org\/de\/geschichte-kinderrechte\/\">Geschichte der Kinderrechte<\/a><\/li>\n<li><a href=\"https:\/\/www.humanium.org\/de\/konvention\/\">Konvention \u00fcber die Rechte des Kindes<\/a><\/li>\n<li><a href=\"https:\/\/www.humanium.org\/de\/verabschiedung-ubereinkommens\/\">Verabschiedung des \u00dcbereinkommens<\/a><\/li>\n<li><a href=\"https:\/\/www.humanium.org\/de\/vertragsstaaten-beteiligte-der-konvention\/\">Vertragsstaaten und Beteiligte der Konvention<\/a><\/li>\n<li><a href=\"https:\/\/www.humanium.org\/de\/andere-texte\/\">Texte bez\u00fcglich Kinderrechte<\/a><\/li>\n<li><a href=\"https:\/\/www.humanium.org\/de\/gesetzesnormen\/\">Gesetzesnormen der Kinderrechte<\/a><\/li>\n<li><a href=\"https:\/\/www.humanium.org\/de\/kinderrechte-kritisch-betrachtet\/\">Kinderrechte kritisch betrachtet<\/a><\/li>\n<li><a href=\"https:\/\/www.humanium.org\/de\/der-internationale-kindertag\/\">Der internationale Kindertag<\/a><\/li>\n<\/ul>\n<\/div>\n<p><\/p>\n<div id=\"toggle\"><\/div>\n<div id=\"sources_box\" style=\"display: none;\">\n<ul>\nSiehe verwendete Quellen f\u00fcr die Originalversion in Franz\u00f6sisch.\n<\/ul>\n<\/div>\n<p><\/p>\n<div id=\"toggle\"><\/div>\n<div id=\"plus_loin_box\" style=\"display: none;\">\n<ul>\n<strong>B\u00fccher<\/strong>\n<\/ul>\n<ul>\n<li>J\u00f6rg Maywald, UN-Kinderrechtskonvention: Bilanz und Ausblick, in: Aus Politik und Zeitgeschichte \u2013 Kinderrechte 38\/2010, 8ff;<\/li>\n<li>Judith Wyttenbach, \u00dcbereinkommen \u00fcber die Rechte des Kindes (CRC), in: Arnd Pollmann, Georg Lohmann (Herausgeber), Menschenrechte, Ein interdisziplin\u00e4res Handbuch, J. B. Metzler 2012, 317 ff;<\/li>\n<li>Waltraut Kerber-Ganse, Die UN-Kinderrechtskonvention, in: Gunter Geiger (Herausgeber): Kinderrechte sind Menschenrechte! Kinderrechte in Deutschland, Barabara Budrich 2011, 13 ff.<\/li>\n<\/ul>\n<ul>\n<strong>Auf Internet<\/strong>\n<\/ul>\n<ul>\n<li>UNICEF, Kinder haben Rechte<\/li>\n<li><a href=\"https:\/\/www.unicef.ch\/de\/so-helfen-wir\/kinderrechte\/kinder-haben-rechte\/die-un-konvention-ueber-die-rechte-des-kindes\">UNICEF, Die UN-Konvention \u00fcber die Rechte des Kindes<\/a><\/li>\n<\/ul>\n<\/div>\n","protected":false},"excerpt":{"rendered":"<p>Das \u00dcbereinkommen \u00fcber die Rechte des Kindes vom 20. November 1989 Die Entstehung der Verhandlungen In Ermangelung eines rechtlich bindenden Textes schien es schwierig, Kinderrechte wirksam zu sch\u00fctzen. Im Jahr 1978 hatte Polen die Idee zu einem solchen \u00dcbereinkommen, das f\u00fcr alle Staaten rechtlich bindend sein sollte. Die polnische Initiative Am 7. Februar 1978 legte [&hellip;]<\/p>\n","protected":false},"author":1,"featured_media":0,"parent":0,"menu_order":0,"comment_status":"closed","ping_status":"closed","template":"","meta":{"footnotes":""},"class_list":["post-3083","page","type-page","status-publish","hentry"],"yoast_head":"<!-- This site is optimized with the Yoast SEO plugin v26.5 - https:\/\/yoast.com\/wordpress\/plugins\/seo\/ -->\n<title>Die Entstehung der Verhandlungen - Humanium<\/title>\n<meta name=\"robots\" content=\"index, follow, max-snippet:-1, max-image-preview:large, max-video-preview:-1\" \/>\n<link rel=\"canonical\" href=\"https:\/\/www.humanium.org\/de\/die-entstehung-der-verhandlungen\/\" \/>\n<meta property=\"og:locale\" content=\"de_DE\" \/>\n<meta property=\"og:type\" content=\"article\" \/>\n<meta property=\"og:title\" content=\"Die Entstehung der Verhandlungen - Humanium\" \/>\n<meta property=\"og:description\" content=\"Das \u00dcbereinkommen \u00fcber die Rechte des Kindes vom 20. November 1989 Die Entstehung der Verhandlungen In Ermangelung eines rechtlich bindenden Textes schien es schwierig, Kinderrechte wirksam zu sch\u00fctzen. Im Jahr 1978 hatte Polen die Idee zu einem solchen \u00dcbereinkommen, das f\u00fcr alle Staaten rechtlich bindend sein sollte. Die polnische Initiative Am 7. Februar 1978 legte [&hellip;]\" \/>\n<meta property=\"og:url\" content=\"https:\/\/www.humanium.org\/de\/die-entstehung-der-verhandlungen\/\" \/>\n<meta property=\"og:site_name\" content=\"Humanium\" \/>\n<meta property=\"article:modified_time\" content=\"2025-12-06T06:25:41+00:00\" \/>\n<meta name=\"twitter:card\" content=\"summary_large_image\" \/>\n<meta name=\"twitter:label1\" content=\"Gesch\u00e4tzte Lesezeit\" \/>\n\t<meta name=\"twitter:data1\" content=\"3\u00a0Minuten\" \/>\n<script type=\"application\/ld+json\" class=\"yoast-schema-graph\">{\"@context\":\"https:\/\/schema.org\",\"@graph\":[{\"@type\":\"WebPage\",\"@id\":\"https:\/\/www.humanium.org\/de\/die-entstehung-der-verhandlungen\/\",\"url\":\"https:\/\/www.humanium.org\/de\/die-entstehung-der-verhandlungen\/\",\"name\":\"Die Entstehung der Verhandlungen - Humanium\",\"isPartOf\":{\"@id\":\"https:\/\/www.humanium.org\/de\/#website\"},\"primaryImageOfPage\":{\"@id\":\"https:\/\/www.humanium.org\/de\/die-entstehung-der-verhandlungen\/#primaryimage\"},\"image\":{\"@id\":\"https:\/\/www.humanium.org\/de\/die-entstehung-der-verhandlungen\/#primaryimage\"},\"thumbnailUrl\":\"https:\/\/www.humanium.org\/de\/wp-content\/uploads\/2013\/11\/UN-Photo-John-Isaac-2-293x300.jpg\",\"datePublished\":\"2013-11-01T11:35:00+00:00\",\"dateModified\":\"2025-12-06T06:25:41+00:00\",\"breadcrumb\":{\"@id\":\"https:\/\/www.humanium.org\/de\/die-entstehung-der-verhandlungen\/#breadcrumb\"},\"inLanguage\":\"de\",\"potentialAction\":[{\"@type\":\"ReadAction\",\"target\":[\"https:\/\/www.humanium.org\/de\/die-entstehung-der-verhandlungen\/\"]}]},{\"@type\":\"ImageObject\",\"inLanguage\":\"de\",\"@id\":\"https:\/\/www.humanium.org\/de\/die-entstehung-der-verhandlungen\/#primaryimage\",\"url\":\"https:\/\/www.humanium.org\/de\/wp-content\/uploads\/2013\/11\/UN-Photo-John-Isaac-2-293x300.jpg\",\"contentUrl\":\"https:\/\/www.humanium.org\/de\/wp-content\/uploads\/2013\/11\/UN-Photo-John-Isaac-2-293x300.jpg\"},{\"@type\":\"BreadcrumbList\",\"@id\":\"https:\/\/www.humanium.org\/de\/die-entstehung-der-verhandlungen\/#breadcrumb\",\"itemListElement\":[{\"@type\":\"ListItem\",\"position\":1,\"name\":\"Home\",\"item\":\"https:\/\/www.humanium.org\/de\/\"},{\"@type\":\"ListItem\",\"position\":2,\"name\":\"Die Entstehung der Verhandlungen\"}]},{\"@type\":\"WebSite\",\"@id\":\"https:\/\/www.humanium.org\/de\/#website\",\"url\":\"https:\/\/www.humanium.org\/de\/\",\"name\":\"Humanium\",\"description\":\"Kinder zuerst!\",\"potentialAction\":[{\"@type\":\"SearchAction\",\"target\":{\"@type\":\"EntryPoint\",\"urlTemplate\":\"https:\/\/www.humanium.org\/de\/?s={search_term_string}\"},\"query-input\":{\"@type\":\"PropertyValueSpecification\",\"valueRequired\":true,\"valueName\":\"search_term_string\"}}],\"inLanguage\":\"de\"}]}<\/script>\n<!-- \/ Yoast SEO plugin. -->","yoast_head_json":{"title":"Die Entstehung der Verhandlungen - Humanium","robots":{"index":"index","follow":"follow","max-snippet":"max-snippet:-1","max-image-preview":"max-image-preview:large","max-video-preview":"max-video-preview:-1"},"canonical":"https:\/\/www.humanium.org\/de\/die-entstehung-der-verhandlungen\/","og_locale":"de_DE","og_type":"article","og_title":"Die Entstehung der Verhandlungen - Humanium","og_description":"Das \u00dcbereinkommen \u00fcber die Rechte des Kindes vom 20. November 1989 Die Entstehung der Verhandlungen In Ermangelung eines rechtlich bindenden Textes schien es schwierig, Kinderrechte wirksam zu sch\u00fctzen. Im Jahr 1978 hatte Polen die Idee zu einem solchen \u00dcbereinkommen, das f\u00fcr alle Staaten rechtlich bindend sein sollte. Die polnische Initiative Am 7. Februar 1978 legte [&hellip;]","og_url":"https:\/\/www.humanium.org\/de\/die-entstehung-der-verhandlungen\/","og_site_name":"Humanium","article_modified_time":"2025-12-06T06:25:41+00:00","twitter_card":"summary_large_image","twitter_misc":{"Gesch\u00e4tzte Lesezeit":"3\u00a0Minuten"},"schema":{"@context":"https:\/\/schema.org","@graph":[{"@type":"WebPage","@id":"https:\/\/www.humanium.org\/de\/die-entstehung-der-verhandlungen\/","url":"https:\/\/www.humanium.org\/de\/die-entstehung-der-verhandlungen\/","name":"Die Entstehung der Verhandlungen - Humanium","isPartOf":{"@id":"https:\/\/www.humanium.org\/de\/#website"},"primaryImageOfPage":{"@id":"https:\/\/www.humanium.org\/de\/die-entstehung-der-verhandlungen\/#primaryimage"},"image":{"@id":"https:\/\/www.humanium.org\/de\/die-entstehung-der-verhandlungen\/#primaryimage"},"thumbnailUrl":"https:\/\/www.humanium.org\/de\/wp-content\/uploads\/2013\/11\/UN-Photo-John-Isaac-2-293x300.jpg","datePublished":"2013-11-01T11:35:00+00:00","dateModified":"2025-12-06T06:25:41+00:00","breadcrumb":{"@id":"https:\/\/www.humanium.org\/de\/die-entstehung-der-verhandlungen\/#breadcrumb"},"inLanguage":"de","potentialAction":[{"@type":"ReadAction","target":["https:\/\/www.humanium.org\/de\/die-entstehung-der-verhandlungen\/"]}]},{"@type":"ImageObject","inLanguage":"de","@id":"https:\/\/www.humanium.org\/de\/die-entstehung-der-verhandlungen\/#primaryimage","url":"https:\/\/www.humanium.org\/de\/wp-content\/uploads\/2013\/11\/UN-Photo-John-Isaac-2-293x300.jpg","contentUrl":"https:\/\/www.humanium.org\/de\/wp-content\/uploads\/2013\/11\/UN-Photo-John-Isaac-2-293x300.jpg"},{"@type":"BreadcrumbList","@id":"https:\/\/www.humanium.org\/de\/die-entstehung-der-verhandlungen\/#breadcrumb","itemListElement":[{"@type":"ListItem","position":1,"name":"Home","item":"https:\/\/www.humanium.org\/de\/"},{"@type":"ListItem","position":2,"name":"Die Entstehung der Verhandlungen"}]},{"@type":"WebSite","@id":"https:\/\/www.humanium.org\/de\/#website","url":"https:\/\/www.humanium.org\/de\/","name":"Humanium","description":"Kinder zuerst!","potentialAction":[{"@type":"SearchAction","target":{"@type":"EntryPoint","urlTemplate":"https:\/\/www.humanium.org\/de\/?s={search_term_string}"},"query-input":{"@type":"PropertyValueSpecification","valueRequired":true,"valueName":"search_term_string"}}],"inLanguage":"de"}]}},"_links":{"self":[{"href":"https:\/\/www.humanium.org\/de\/wp-json\/wp\/v2\/pages\/3083","targetHints":{"allow":["GET"]}}],"collection":[{"href":"https:\/\/www.humanium.org\/de\/wp-json\/wp\/v2\/pages"}],"about":[{"href":"https:\/\/www.humanium.org\/de\/wp-json\/wp\/v2\/types\/page"}],"author":[{"embeddable":true,"href":"https:\/\/www.humanium.org\/de\/wp-json\/wp\/v2\/users\/1"}],"replies":[{"embeddable":true,"href":"https:\/\/www.humanium.org\/de\/wp-json\/wp\/v2\/comments?post=3083"}],"version-history":[{"count":14,"href":"https:\/\/www.humanium.org\/de\/wp-json\/wp\/v2\/pages\/3083\/revisions"}],"predecessor-version":[{"id":20732,"href":"https:\/\/www.humanium.org\/de\/wp-json\/wp\/v2\/pages\/3083\/revisions\/20732"}],"wp:attachment":[{"href":"https:\/\/www.humanium.org\/de\/wp-json\/wp\/v2\/media?parent=3083"}],"curies":[{"name":"wp","href":"https:\/\/api.w.org\/{rel}","templated":true}]}}