{"id":3104,"date":"2013-11-04T09:03:58","date_gmt":"2013-11-04T09:03:58","guid":{"rendered":"http:\/\/www.humanium.org\/de\/?page_id=3104"},"modified":"2025-12-06T06:25:41","modified_gmt":"2025-12-06T06:25:41","slug":"definition-der-kinderrechtskonvention","status":"publish","type":"page","link":"https:\/\/www.humanium.org\/de\/definition-der-kinderrechtskonvention\/","title":{"rendered":"Definition der Kinderrechtskonvention"},"content":{"rendered":"<h1>Die Kinderrechtskonvention<\/h1>\n<h2>Definition der Konvention<\/h2>\n<p><strong>Die Kinderrechtskonvention geh\u00f6rt zu den international rechtlich bindenden Abkommen, die Menschenrechte garantieren und sch\u00fctzen sollen. Die Konvention wurde 1989 von der UN-Generalversammlung angenommen und verfolgt das Ziel die Rechte aller Kinder auf der Welt zu sch\u00fctzen.<\/strong><\/p>\n<h3>Das erste rechtlich bindende Abkommen zum Schutz der Kinderrechte<\/h3>\n<p>Die Konvention ist das erste rechtlich bindende Abkommen zum Schutz der Rechte von Kindern.<br \/>\nRechtlich bindend bedeutet, dass die Konvention ein verpflichtendes Regelwerk darstellt.<br \/>\nFolglich sind die Staaten, die die Konvention ratifiziert haben, dazu verpflichtet, sicher zu stellen, dass alle Rechte eingehalten werden, die die Konvention Kindern zuspricht.<\/p>\n<h3>Das umfassendste Abkommen zum Schutz der Kinderrechte<\/h3>\n<p>Die Kinderrechtskonvention stellt das umfassendste internationale Abkommen zum Schutz der Kinderrechte dar.<\/p>\n<p>Obwohl andere internationale Vertr\u00e4ge wie viele internationalen Abkommen, ILO-Konventionen und das Haager Adoptions\u00fcbereinkommen Kinderrechte garantieren, ist die Kinderrechtskonvention das einzige Abkommen, das alle Bereiche der Kinderrechte kl\u00e4rt.<\/p>\n<p>Die Konvention umfasst 54 Artikel, die b\u00fcrgerliche und politische sowie wirtschaftliche, soziale und kulturelle Rechte von Kindern festschreiben.<\/p>\n<p>Die Konvention unterst\u00fctzt ebenfalls den Schutz und die F\u00f6rderung der Rechte von Kindern mit speziellen Bed\u00fcrfnissen, die von Fl\u00fcchtlingskindern und Kindern aus Minderheitsgruppen.<\/p>\n<p>Die Kinderrechtskonvention basiert auf <a href=\"https:\/\/www.humanium.org\/de\/die-richtlinien-der-kinderrechtskonvention\/\">4 Grundprinzipien<\/a>, die allen Rechten zugrunde liegen, die Kindern in der Konvention zugesichert werden:<\/p>\n<ul>\n<li><a href=\"https:\/\/www.humanium.org\/de\/der-grundsatz-der-nichtdiskriminierung\/\">Das Recht auf Gleichbehandlung<\/a><\/li>\n<li><a href=\"https:\/\/www.humanium.org\/de\/der-grundsatz-des-wohl-des-kindes\/\">Die Vorrangstellung des Kindeswohl<\/a><\/li>\n<li><a href=\"https:\/\/www.humanium.org\/de\/der-grundsatz-vom-leben-ueberleben-und-der-entwicklung\/\">Das Recht auf Leben und pers\u00f6nliche Entwicklung<\/a><\/li>\n<li><a href=\"https:\/\/www.humanium.org\/de\/der-grundsatz-der-inklusion-und-mitbestimmung\/\">Achtung vor der Meinung des Kindes<\/a><\/li>\n<\/ul>\n<p>Die Konvention wurde im Jahr 2000 durch zwei Fakultativprotokolle erweitert, ein drittes folgte 2011:<\/p>\n<ul>\n<li>Fakultativprotokoll zum \u00dcbereinkommen \u00fcber die Rechte des Kindes betreffend die Beteiligung von Kindern an bewaffneten Konflikten<\/li>\n<li>Fakultativprotokoll zum \u00dcbereinkommen \u00fcber die Rechte des Kindes betreffend den Verkauf von Kindern, die Kinderprostitution und die Kinderpornographie<\/li>\n<li>Fakultativprotokoll zur Kinderrechtskonvention betreffend Individualbeschwerderecht.<\/li>\n<\/ul>\n<h3>Ein rechtlich bindendes Abkommen mit einem Aufsichtsgremium<\/h3>\n<p>In Teil II der Konvention ist festgeschrieben, dass deren Umsetzung durch ein Expertenkomitee kontrolliert werden soll. Diese Aufgabe \u00fcbernimmt der Ausschuss f\u00fcr die Rechte des Kindes, der \u00fcberwacht, dass alle Beitrittsstaaten die Konvention sowie deren zwei Zusatzprotokolle einhalten.<\/p>\n<p><a href=\"https:\/\/www.humanium.org\/de\/konvention-rechte-kindes\/\"><img loading=\"lazy\" decoding=\"async\" class=\"aligncenter size-full wp-image-2641\" title=\"Le Texte\" src=\"https:\/\/www.humanium.org\/fr\/wp-content\/uploads\/le-texte.gif\" alt=\"\" width=\"67\" height=\"30\" \/><\/a><\/p>\n<div id=\"toggle\"><\/div>\n<div id=\"voir_aussi_box\" style=\"display: none;\">\n<ul>\n<li><a href=\"https:\/\/www.humanium.org\/de\/kinderrechte\/\">Definition der Kinderrechte<\/a><\/li>\n<li><a href=\"https:\/\/www.humanium.org\/de\/zeil-der-konvention\/\">Das Ziel der Konvention<\/a><\/li>\n<li><a href=\"https:\/\/www.humanium.org\/de\/konvention\/\">Andere Informationen \u00fcber die Konvention<\/a><\/li>\n<\/ul>\n<\/div>\n<div id=\"toggle\"><\/div>\n<div id=\"sources_box\" style=\"display: none;\">\n<ul>Siehe verwendete Quellen f\u00fcr die Originalversion in Franz\u00f6sisch.<\/ul>\n<\/div>\n","protected":false},"excerpt":{"rendered":"<p>Die Kinderrechtskonvention Definition der Konvention Die Kinderrechtskonvention geh\u00f6rt zu den international rechtlich bindenden Abkommen, die Menschenrechte garantieren und sch\u00fctzen sollen. Die Konvention wurde 1989 von der UN-Generalversammlung angenommen und verfolgt das Ziel die Rechte aller Kinder auf der Welt zu sch\u00fctzen. Das erste rechtlich bindende Abkommen zum Schutz der Kinderrechte Die Konvention ist das erste [&hellip;]<\/p>\n","protected":false},"author":1,"featured_media":0,"parent":0,"menu_order":0,"comment_status":"closed","ping_status":"closed","template":"","meta":{"footnotes":""},"class_list":["post-3104","page","type-page","status-publish","hentry"],"yoast_head":"<!-- This site is optimized with the Yoast SEO plugin v26.5 - https:\/\/yoast.com\/wordpress\/plugins\/seo\/ -->\n<title>Definition der Kinderrechtskonvention - Humanium<\/title>\n<meta name=\"robots\" content=\"index, follow, max-snippet:-1, max-image-preview:large, max-video-preview:-1\" \/>\n<link rel=\"canonical\" href=\"https:\/\/www.humanium.org\/de\/definition-der-kinderrechtskonvention\/\" \/>\n<meta property=\"og:locale\" content=\"de_DE\" \/>\n<meta property=\"og:type\" content=\"article\" \/>\n<meta property=\"og:title\" content=\"Definition der Kinderrechtskonvention - Humanium\" \/>\n<meta property=\"og:description\" content=\"Die Kinderrechtskonvention Definition der Konvention Die Kinderrechtskonvention geh\u00f6rt zu den international rechtlich bindenden Abkommen, die Menschenrechte garantieren und sch\u00fctzen sollen. Die Konvention wurde 1989 von der UN-Generalversammlung angenommen und verfolgt das Ziel die Rechte aller Kinder auf der Welt zu sch\u00fctzen. Das erste rechtlich bindende Abkommen zum Schutz der Kinderrechte Die Konvention ist das erste [&hellip;]\" \/>\n<meta property=\"og:url\" content=\"https:\/\/www.humanium.org\/de\/definition-der-kinderrechtskonvention\/\" \/>\n<meta property=\"og:site_name\" content=\"Humanium\" \/>\n<meta property=\"article:modified_time\" content=\"2025-12-06T06:25:41+00:00\" \/>\n<meta name=\"twitter:card\" content=\"summary_large_image\" \/>\n<meta name=\"twitter:label1\" content=\"Gesch\u00e4tzte Lesezeit\" \/>\n\t<meta name=\"twitter:data1\" content=\"3\u00a0Minuten\" \/>\n<script type=\"application\/ld+json\" class=\"yoast-schema-graph\">{\"@context\":\"https:\/\/schema.org\",\"@graph\":[{\"@type\":\"WebPage\",\"@id\":\"https:\/\/www.humanium.org\/de\/definition-der-kinderrechtskonvention\/\",\"url\":\"https:\/\/www.humanium.org\/de\/definition-der-kinderrechtskonvention\/\",\"name\":\"Definition der Kinderrechtskonvention - Humanium\",\"isPartOf\":{\"@id\":\"https:\/\/www.humanium.org\/de\/#website\"},\"primaryImageOfPage\":{\"@id\":\"https:\/\/www.humanium.org\/de\/definition-der-kinderrechtskonvention\/#primaryimage\"},\"image\":{\"@id\":\"https:\/\/www.humanium.org\/de\/definition-der-kinderrechtskonvention\/#primaryimage\"},\"thumbnailUrl\":\"https:\/\/www.humanium.org\/fr\/wp-content\/uploads\/le-texte.gif\",\"datePublished\":\"2013-11-04T09:03:58+00:00\",\"dateModified\":\"2025-12-06T06:25:41+00:00\",\"breadcrumb\":{\"@id\":\"https:\/\/www.humanium.org\/de\/definition-der-kinderrechtskonvention\/#breadcrumb\"},\"inLanguage\":\"de\",\"potentialAction\":[{\"@type\":\"ReadAction\",\"target\":[\"https:\/\/www.humanium.org\/de\/definition-der-kinderrechtskonvention\/\"]}]},{\"@type\":\"ImageObject\",\"inLanguage\":\"de\",\"@id\":\"https:\/\/www.humanium.org\/de\/definition-der-kinderrechtskonvention\/#primaryimage\",\"url\":\"https:\/\/www.humanium.org\/fr\/wp-content\/uploads\/le-texte.gif\",\"contentUrl\":\"https:\/\/www.humanium.org\/fr\/wp-content\/uploads\/le-texte.gif\"},{\"@type\":\"BreadcrumbList\",\"@id\":\"https:\/\/www.humanium.org\/de\/definition-der-kinderrechtskonvention\/#breadcrumb\",\"itemListElement\":[{\"@type\":\"ListItem\",\"position\":1,\"name\":\"Home\",\"item\":\"https:\/\/www.humanium.org\/de\/\"},{\"@type\":\"ListItem\",\"position\":2,\"name\":\"Definition der Kinderrechtskonvention\"}]},{\"@type\":\"WebSite\",\"@id\":\"https:\/\/www.humanium.org\/de\/#website\",\"url\":\"https:\/\/www.humanium.org\/de\/\",\"name\":\"Humanium\",\"description\":\"Kinder zuerst!\",\"potentialAction\":[{\"@type\":\"SearchAction\",\"target\":{\"@type\":\"EntryPoint\",\"urlTemplate\":\"https:\/\/www.humanium.org\/de\/?s={search_term_string}\"},\"query-input\":{\"@type\":\"PropertyValueSpecification\",\"valueRequired\":true,\"valueName\":\"search_term_string\"}}],\"inLanguage\":\"de\"}]}<\/script>\n<!-- \/ Yoast SEO plugin. -->","yoast_head_json":{"title":"Definition der Kinderrechtskonvention - Humanium","robots":{"index":"index","follow":"follow","max-snippet":"max-snippet:-1","max-image-preview":"max-image-preview:large","max-video-preview":"max-video-preview:-1"},"canonical":"https:\/\/www.humanium.org\/de\/definition-der-kinderrechtskonvention\/","og_locale":"de_DE","og_type":"article","og_title":"Definition der Kinderrechtskonvention - Humanium","og_description":"Die Kinderrechtskonvention Definition der Konvention Die Kinderrechtskonvention geh\u00f6rt zu den international rechtlich bindenden Abkommen, die Menschenrechte garantieren und sch\u00fctzen sollen. Die Konvention wurde 1989 von der UN-Generalversammlung angenommen und verfolgt das Ziel die Rechte aller Kinder auf der Welt zu sch\u00fctzen. Das erste rechtlich bindende Abkommen zum Schutz der Kinderrechte Die Konvention ist das erste [&hellip;]","og_url":"https:\/\/www.humanium.org\/de\/definition-der-kinderrechtskonvention\/","og_site_name":"Humanium","article_modified_time":"2025-12-06T06:25:41+00:00","twitter_card":"summary_large_image","twitter_misc":{"Gesch\u00e4tzte Lesezeit":"3\u00a0Minuten"},"schema":{"@context":"https:\/\/schema.org","@graph":[{"@type":"WebPage","@id":"https:\/\/www.humanium.org\/de\/definition-der-kinderrechtskonvention\/","url":"https:\/\/www.humanium.org\/de\/definition-der-kinderrechtskonvention\/","name":"Definition der Kinderrechtskonvention - Humanium","isPartOf":{"@id":"https:\/\/www.humanium.org\/de\/#website"},"primaryImageOfPage":{"@id":"https:\/\/www.humanium.org\/de\/definition-der-kinderrechtskonvention\/#primaryimage"},"image":{"@id":"https:\/\/www.humanium.org\/de\/definition-der-kinderrechtskonvention\/#primaryimage"},"thumbnailUrl":"https:\/\/www.humanium.org\/fr\/wp-content\/uploads\/le-texte.gif","datePublished":"2013-11-04T09:03:58+00:00","dateModified":"2025-12-06T06:25:41+00:00","breadcrumb":{"@id":"https:\/\/www.humanium.org\/de\/definition-der-kinderrechtskonvention\/#breadcrumb"},"inLanguage":"de","potentialAction":[{"@type":"ReadAction","target":["https:\/\/www.humanium.org\/de\/definition-der-kinderrechtskonvention\/"]}]},{"@type":"ImageObject","inLanguage":"de","@id":"https:\/\/www.humanium.org\/de\/definition-der-kinderrechtskonvention\/#primaryimage","url":"https:\/\/www.humanium.org\/fr\/wp-content\/uploads\/le-texte.gif","contentUrl":"https:\/\/www.humanium.org\/fr\/wp-content\/uploads\/le-texte.gif"},{"@type":"BreadcrumbList","@id":"https:\/\/www.humanium.org\/de\/definition-der-kinderrechtskonvention\/#breadcrumb","itemListElement":[{"@type":"ListItem","position":1,"name":"Home","item":"https:\/\/www.humanium.org\/de\/"},{"@type":"ListItem","position":2,"name":"Definition der Kinderrechtskonvention"}]},{"@type":"WebSite","@id":"https:\/\/www.humanium.org\/de\/#website","url":"https:\/\/www.humanium.org\/de\/","name":"Humanium","description":"Kinder zuerst!","potentialAction":[{"@type":"SearchAction","target":{"@type":"EntryPoint","urlTemplate":"https:\/\/www.humanium.org\/de\/?s={search_term_string}"},"query-input":{"@type":"PropertyValueSpecification","valueRequired":true,"valueName":"search_term_string"}}],"inLanguage":"de"}]}},"_links":{"self":[{"href":"https:\/\/www.humanium.org\/de\/wp-json\/wp\/v2\/pages\/3104","targetHints":{"allow":["GET"]}}],"collection":[{"href":"https:\/\/www.humanium.org\/de\/wp-json\/wp\/v2\/pages"}],"about":[{"href":"https:\/\/www.humanium.org\/de\/wp-json\/wp\/v2\/types\/page"}],"author":[{"embeddable":true,"href":"https:\/\/www.humanium.org\/de\/wp-json\/wp\/v2\/users\/1"}],"replies":[{"embeddable":true,"href":"https:\/\/www.humanium.org\/de\/wp-json\/wp\/v2\/comments?post=3104"}],"version-history":[{"count":11,"href":"https:\/\/www.humanium.org\/de\/wp-json\/wp\/v2\/pages\/3104\/revisions"}],"predecessor-version":[{"id":20738,"href":"https:\/\/www.humanium.org\/de\/wp-json\/wp\/v2\/pages\/3104\/revisions\/20738"}],"wp:attachment":[{"href":"https:\/\/www.humanium.org\/de\/wp-json\/wp\/v2\/media?parent=3104"}],"curies":[{"name":"wp","href":"https:\/\/api.w.org\/{rel}","templated":true}]}}