{"id":3262,"date":"2013-11-22T16:05:20","date_gmt":"2013-11-22T16:05:20","guid":{"rendered":"http:\/\/www.humanium.org\/de\/?page_id=3262"},"modified":"2025-12-06T06:25:42","modified_gmt":"2025-12-06T06:25:42","slug":"zusatzprotokoll-zur-kinderrechts-konvention-betreffend-kinderhandel-kinderprostitution-und-kinderpornographie-2000","status":"publish","type":"page","link":"https:\/\/www.humanium.org\/de\/zusatzprotokoll-zur-kinderrechts-konvention-betreffend-kinderhandel-kinderprostitution-und-kinderpornographie-2000\/","title":{"rendered":"Fakultativprotokoll zur Kinderrechtskonvention betreffend Kinderhandel, Kinderprostitution und Kinderpornographie, 2000"},"content":{"rendered":"<h1><a href=\"https:\/\/www.humanium.org\/de\/fakultativprotokoll-zum-ubereinkommen-uber-die-rechte-des-kindes-betreffend-den-verkauf-von-kindern-die-kinderprostitution-und-die-kinderpornografie\/\">Fakultativprotokoll zur Kinderrechtskonvention betreffend Kinderhandel, Kinderprostitution und Kinderpornographie, 2000<\/a><\/h1>\n<h2>Vorstellung des Protokolls<\/h2>\n<p><strong>Am 25. Mai 2000 hat die Generalversammlung der Vereinten Nationen das <a href=\"https:\/\/www.humanium.org\/de\/fakultativprotokoll-zum-ubereinkommen-uber-die-rechte-des-kindes-betreffend-den-verkauf-von-kindern-die-kinderprostitution-und-die-kinderpornografie\/\">Zusatzprotokoll zu Kinderhandel, Kinderprostitution und Kinderpornographie<\/a> verabschiedet. Dieses \u00dcbereinkommen ist wirksam seit dem 18. Januar 2002.<\/strong><\/p>\n<h3>Die Entstehung des \u00dcbereinkommens<\/h3>\n<p>Laut UNICEF sind jedes Jahr \u00fcber eine Millionen Kinder, insbesondere M\u00e4dchen, in der Sex-Industrie (Prostitution, Pornographie, etc.) involviert. Manche Kinder sehen diese Art der Besch\u00e4ftigung als Ausweg aus der Armut.<\/p>\n<p>In Wirklichkeit jedoch begehen sie einen gef\u00e4hrlichen Weg, der dramatische Folgen f\u00fcr ihre physische Gesundheit, als auch ihr mentales Wohlbefinden haben kann.. Andere werden gegen ihren Willen in diese Welt gezwungen, entf\u00fchrt, verkauft oder adoptiert f\u00fcr die Bereicherung von Prostitutions- und Pornographienetzwerken.<\/p>\n<p>Oft ist es sehr schwierig f\u00fcr diese Kinder Hilfe zu erhalten, da sie unbemerkt bleiben. Ohne offizielle Papiere sind sie den Beh\u00f6rden unbekannt und ihr Verschwinden geht unbemerkt vonstatten.<\/p>\n<p>Dieses Problem betrifft sowohl Industrie- als auch Entwicklungsl\u00e4nder und hat seit einigen Jahren die Aufmerksamkeit von internationalen Organisationen auf sich gelenkt.<\/p>\n<p>Die ILO hat als erste in <a href=\"https:\/\/www.humanium.org\/de\/konvention-182\/\">Konvention 182<\/a> den Gebrauch, das Anwerben und das Auffordern von Kindern zu sexuellen Handlungen als schlimmste Arbeitsform, der ein Kind unterworfen werden kann, definiert und dies m\u00fcsse schnellstm\u00f6glich durch die jeweiligen Regierungen beseitigt werden.<\/p>\n<p>Der Gr\u00f6\u00dfe und dem Rahmen dieses Ph\u00e4nomens -welches sich weltweit verschlimmert- geschuldet, haben sich die Vereinten Nationen dazu entschieden, ein Zusatzprotokoll zu dem \u00dcbereinkommen \u00fcber die Rechte des Kindes zu verabschieden, welches spezifisch die Verwicklung von Kindern in sexuell ausbeutenden Aktivit\u00e4ten behandelt.<\/p>\n<p>Das <a href=\"https:\/\/www.humanium.org\/de\/fakultativprotokoll-zum-ubereinkommen-uber-die-rechte-des-kindes-betreffend-den-verkauf-von-kindern-die-kinderprostitution-und-die-kinderpornografie\/\">Zusatzprotokoll zu Kinderhandel, Kinderprostitution und Kinderpornographie<\/a> wurde am 25. Mai 2000 zeitgleich mit dem Fakultativprotokoll \u00fcber die Beteiligung von Kindern an bewaffneten Konflikten unterzeichnet. Dieses Protokoll trat am 28. Januar 2002 in Kraft.<\/p>\n<h3>Inhalt des \u00dcbereinkommens<\/h3>\n<p>Das <a href=\"https:\/\/www.humanium.org\/de\/fakultativprotokoll-zum-ubereinkommen-uber-die-rechte-des-kindes-betreffend-den-verkauf-von-kindern-die-kinderprostitution-und-die-kinderpornografie\/\">Zusatzprotokoll zu Kinderhandel, Kinderprostitution und Kinderpornographie<\/a> ist in erster Linie ein juristisches Hilfsmittel, um die Verwicklung von Kindern in Prostitution und Pornographie zu definieren und zu unterbinden.<br \/>\nDiese T\u00e4tigkeiten sind als schwere Verbrechen gegen die Rechte des Kindes und als Straftaten deklariert worden. Das \u00dcbereinkommen ist klar definiert :<\/p>\n<blockquote><p>&#8222;<strong>Artikel 2<\/strong><\/p>\n<p>F\u00fcr die Verwendung des gegenw\u00e4rtigen Protokolls:<\/p>\n<p>a) Mit dem Verkauf von Kindern ist gemeint: jegliche Tat oder Transaktion in der eine Person oder Gruppe ein Kind an eine dritte Person gegen Bezahlung jeglicher Art \u00fcbergibt;<\/p>\n<p>b) Mit Kinderprostitution ist gemeint: die Tat ein Kind f\u00fcr sexuell ausbeutende Zwecke gegen Bezahlung jeglicher Art zu nutzen;<\/p>\n<p>c) Mit pornographischer Darstellung von Kindern ist gemeint: jegliche Darbietung (produziert auf jedwedem Medium aus welchen Gr\u00fcnden auch immer) von Kindern bei explizit sexuellen T\u00e4tigkeiten (real oder simuliert), oder durch die Darstellung der Geschlechtsteile von Kindern zu sexuellen Zwecken.\u201c<\/p><\/blockquote>\n<p>Dieses \u00dcbereinkommen verpflichtet die Staaten, sofortige und drastische Ma\u00dfnahmen gegen dieses \u00dcbel zu ergreifen. Tats\u00e4chlich m\u00fcssen teilnehmende Regierungen die folgenden drei Dinge tun:<\/p>\n<ul>\n<li style=\"list-style-type: none;\">\n<ul>\n<li>Regierungen m\u00fcssen die in Artikel 2 beschriebenen Handlungen als Straftaten ahnden. Das hei\u00dft, dass Regierungen in ihrer innerstaatlichen Gesetzgebung schwere Strafen f\u00fcr Straft\u00e4ter solcher Verbrechen vorsehen (Mindeststrafe von 10 Jahren Haft ohne Bew\u00e4hrung, etc.);<\/li>\n<li>Regierungen werden f\u00fcr die Verfolgung von Straft\u00e4tern dieser Verbrechen verantwortlich gemacht;<\/li>\n<li>Regierungen haben die Pflicht, Unterst\u00fctzung zu leisten. Sie m\u00fcssen minderj\u00e4hrigen Opfern helfen und sie unterst\u00fctzen bis sich ihr Leben wieder normalisiert hat. Falls die Kinder auf sich allein gestellt sind, muss die Regierung alles in ihrer Macht stehende tun, um die Familien wieder zu finden oder, falls dies scheitert, das Kind in einer Adoptivfamilie unterzubringen.<\/li>\n<\/ul>\n<\/li>\n<\/ul>\n<div id=\"toggle\"><\/div>\n<div id=\"voir_aussi_box\" style=\"display: none;\">\n<ul>\n<li><a href=\"https:\/\/www.humanium.org\/de\/fakultativprotokoll-zum-ubereinkommen-uber-die-rechte-des-kindes-betreffend-den-verkauf-von-kindern-die-kinderprostitution-und-die-kinderpornografie\/\">Zusatzprotokoll zur Kinderrechts-Konvention betreffend Kinderhandel, Kinderprostitution und Kinderpornographie<\/a><\/li>\n<li><a href=\"https:\/\/www.humanium.org\/de\/protokoll-beteiligung-von-kindern-konflikten\/\">Fakultativprotokoll zur CRC bez\u00fcglich Kinderbeteiligung an bewaffneten Konflikten<\/a><\/li>\n<li><a href=\"https:\/\/www.humanium.org\/de\/fakultativprotokoll-zum-ubereinkommen-uber-die-rechte-des-kindes-betreffend-ein-individualbeschwerdeverfahren\/\">Fakultativprotokoll zur CRC betreffend ein Individualbeschwerdeverfahren<\/a><\/li>\n<li><a href=\"https:\/\/www.humanium.org\/de\/gesetzesnormen\/\">Andere Gesetzesnormen der Kinderrechte<\/a><\/li>\n<\/ul>\n<\/div>\n<div id=\"toggle\"><\/div>\n<div id=\"sources_box\" style=\"display: none;\">\n<ul>Siehe verwendete Quellen f\u00fcr die Originalversion in Franz\u00f6sisch.<\/ul>\n<\/div>\n<div id=\"toggle\"><\/div>\n<div id=\"plus_loin_box\" style=\"display: none;\">\n<ul>\n<li><a href=\"https:\/\/www.unicef-irc.org\/publications\/pdf\/optional_protocol_ger.pdf\" target=\"_blank\" rel=\"noopener noreferrer\">Handbuch von Unicef<\/a><\/li>\n<\/ul>\n<\/div>\n","protected":false},"excerpt":{"rendered":"<p>Fakultativprotokoll zur Kinderrechtskonvention betreffend Kinderhandel, Kinderprostitution und Kinderpornographie, 2000 Vorstellung des Protokolls Am 25. Mai 2000 hat die Generalversammlung der Vereinten Nationen das Zusatzprotokoll zu Kinderhandel, Kinderprostitution und Kinderpornographie verabschiedet. Dieses \u00dcbereinkommen ist wirksam seit dem 18. Januar 2002. Die Entstehung des \u00dcbereinkommens Laut UNICEF sind jedes Jahr \u00fcber eine Millionen Kinder, insbesondere M\u00e4dchen, in [&hellip;]<\/p>\n","protected":false},"author":1,"featured_media":0,"parent":0,"menu_order":0,"comment_status":"closed","ping_status":"closed","template":"","meta":{"footnotes":""},"class_list":["post-3262","page","type-page","status-publish","hentry"],"yoast_head":"<!-- This site is optimized with the Yoast SEO plugin v26.5 - https:\/\/yoast.com\/wordpress\/plugins\/seo\/ -->\n<title>Fakultativprotokoll zur Kinderrechtskonvention betreffend Kinderhandel, Kinderprostitution und Kinderpornographie, 2000 - Humanium<\/title>\n<meta name=\"robots\" content=\"index, follow, max-snippet:-1, max-image-preview:large, max-video-preview:-1\" \/>\n<link rel=\"canonical\" href=\"https:\/\/www.humanium.org\/de\/zusatzprotokoll-zur-kinderrechts-konvention-betreffend-kinderhandel-kinderprostitution-und-kinderpornographie-2000\/\" \/>\n<meta property=\"og:locale\" content=\"de_DE\" \/>\n<meta property=\"og:type\" content=\"article\" \/>\n<meta property=\"og:title\" content=\"Fakultativprotokoll zur Kinderrechtskonvention betreffend Kinderhandel, Kinderprostitution und Kinderpornographie, 2000 - Humanium\" \/>\n<meta property=\"og:description\" content=\"Fakultativprotokoll zur Kinderrechtskonvention betreffend Kinderhandel, Kinderprostitution und Kinderpornographie, 2000 Vorstellung des Protokolls Am 25. Mai 2000 hat die Generalversammlung der Vereinten Nationen das Zusatzprotokoll zu Kinderhandel, Kinderprostitution und Kinderpornographie verabschiedet. Dieses \u00dcbereinkommen ist wirksam seit dem 18. Januar 2002. Die Entstehung des \u00dcbereinkommens Laut UNICEF sind jedes Jahr \u00fcber eine Millionen Kinder, insbesondere M\u00e4dchen, in [&hellip;]\" \/>\n<meta property=\"og:url\" content=\"https:\/\/www.humanium.org\/de\/zusatzprotokoll-zur-kinderrechts-konvention-betreffend-kinderhandel-kinderprostitution-und-kinderpornographie-2000\/\" \/>\n<meta property=\"og:site_name\" content=\"Humanium\" \/>\n<meta property=\"article:modified_time\" content=\"2025-12-06T06:25:42+00:00\" \/>\n<meta name=\"twitter:card\" content=\"summary_large_image\" \/>\n<meta name=\"twitter:label1\" content=\"Gesch\u00e4tzte Lesezeit\" \/>\n\t<meta name=\"twitter:data1\" content=\"4\u00a0Minuten\" \/>\n<script type=\"application\/ld+json\" class=\"yoast-schema-graph\">{\"@context\":\"https:\/\/schema.org\",\"@graph\":[{\"@type\":\"WebPage\",\"@id\":\"https:\/\/www.humanium.org\/de\/zusatzprotokoll-zur-kinderrechts-konvention-betreffend-kinderhandel-kinderprostitution-und-kinderpornographie-2000\/\",\"url\":\"https:\/\/www.humanium.org\/de\/zusatzprotokoll-zur-kinderrechts-konvention-betreffend-kinderhandel-kinderprostitution-und-kinderpornographie-2000\/\",\"name\":\"Fakultativprotokoll zur Kinderrechtskonvention betreffend Kinderhandel, Kinderprostitution und Kinderpornographie, 2000 - Humanium\",\"isPartOf\":{\"@id\":\"https:\/\/www.humanium.org\/de\/#website\"},\"datePublished\":\"2013-11-22T16:05:20+00:00\",\"dateModified\":\"2025-12-06T06:25:42+00:00\",\"breadcrumb\":{\"@id\":\"https:\/\/www.humanium.org\/de\/zusatzprotokoll-zur-kinderrechts-konvention-betreffend-kinderhandel-kinderprostitution-und-kinderpornographie-2000\/#breadcrumb\"},\"inLanguage\":\"de\",\"potentialAction\":[{\"@type\":\"ReadAction\",\"target\":[\"https:\/\/www.humanium.org\/de\/zusatzprotokoll-zur-kinderrechts-konvention-betreffend-kinderhandel-kinderprostitution-und-kinderpornographie-2000\/\"]}]},{\"@type\":\"BreadcrumbList\",\"@id\":\"https:\/\/www.humanium.org\/de\/zusatzprotokoll-zur-kinderrechts-konvention-betreffend-kinderhandel-kinderprostitution-und-kinderpornographie-2000\/#breadcrumb\",\"itemListElement\":[{\"@type\":\"ListItem\",\"position\":1,\"name\":\"Home\",\"item\":\"https:\/\/www.humanium.org\/de\/\"},{\"@type\":\"ListItem\",\"position\":2,\"name\":\"Fakultativprotokoll zur Kinderrechtskonvention betreffend Kinderhandel, Kinderprostitution und Kinderpornographie, 2000\"}]},{\"@type\":\"WebSite\",\"@id\":\"https:\/\/www.humanium.org\/de\/#website\",\"url\":\"https:\/\/www.humanium.org\/de\/\",\"name\":\"Humanium\",\"description\":\"Kinder zuerst!\",\"potentialAction\":[{\"@type\":\"SearchAction\",\"target\":{\"@type\":\"EntryPoint\",\"urlTemplate\":\"https:\/\/www.humanium.org\/de\/?s={search_term_string}\"},\"query-input\":{\"@type\":\"PropertyValueSpecification\",\"valueRequired\":true,\"valueName\":\"search_term_string\"}}],\"inLanguage\":\"de\"}]}<\/script>\n<!-- \/ Yoast SEO plugin. -->","yoast_head_json":{"title":"Fakultativprotokoll zur Kinderrechtskonvention betreffend Kinderhandel, Kinderprostitution und Kinderpornographie, 2000 - Humanium","robots":{"index":"index","follow":"follow","max-snippet":"max-snippet:-1","max-image-preview":"max-image-preview:large","max-video-preview":"max-video-preview:-1"},"canonical":"https:\/\/www.humanium.org\/de\/zusatzprotokoll-zur-kinderrechts-konvention-betreffend-kinderhandel-kinderprostitution-und-kinderpornographie-2000\/","og_locale":"de_DE","og_type":"article","og_title":"Fakultativprotokoll zur Kinderrechtskonvention betreffend Kinderhandel, Kinderprostitution und Kinderpornographie, 2000 - Humanium","og_description":"Fakultativprotokoll zur Kinderrechtskonvention betreffend Kinderhandel, Kinderprostitution und Kinderpornographie, 2000 Vorstellung des Protokolls Am 25. Mai 2000 hat die Generalversammlung der Vereinten Nationen das Zusatzprotokoll zu Kinderhandel, Kinderprostitution und Kinderpornographie verabschiedet. Dieses \u00dcbereinkommen ist wirksam seit dem 18. Januar 2002. Die Entstehung des \u00dcbereinkommens Laut UNICEF sind jedes Jahr \u00fcber eine Millionen Kinder, insbesondere M\u00e4dchen, in [&hellip;]","og_url":"https:\/\/www.humanium.org\/de\/zusatzprotokoll-zur-kinderrechts-konvention-betreffend-kinderhandel-kinderprostitution-und-kinderpornographie-2000\/","og_site_name":"Humanium","article_modified_time":"2025-12-06T06:25:42+00:00","twitter_card":"summary_large_image","twitter_misc":{"Gesch\u00e4tzte Lesezeit":"4\u00a0Minuten"},"schema":{"@context":"https:\/\/schema.org","@graph":[{"@type":"WebPage","@id":"https:\/\/www.humanium.org\/de\/zusatzprotokoll-zur-kinderrechts-konvention-betreffend-kinderhandel-kinderprostitution-und-kinderpornographie-2000\/","url":"https:\/\/www.humanium.org\/de\/zusatzprotokoll-zur-kinderrechts-konvention-betreffend-kinderhandel-kinderprostitution-und-kinderpornographie-2000\/","name":"Fakultativprotokoll zur Kinderrechtskonvention betreffend Kinderhandel, Kinderprostitution und Kinderpornographie, 2000 - Humanium","isPartOf":{"@id":"https:\/\/www.humanium.org\/de\/#website"},"datePublished":"2013-11-22T16:05:20+00:00","dateModified":"2025-12-06T06:25:42+00:00","breadcrumb":{"@id":"https:\/\/www.humanium.org\/de\/zusatzprotokoll-zur-kinderrechts-konvention-betreffend-kinderhandel-kinderprostitution-und-kinderpornographie-2000\/#breadcrumb"},"inLanguage":"de","potentialAction":[{"@type":"ReadAction","target":["https:\/\/www.humanium.org\/de\/zusatzprotokoll-zur-kinderrechts-konvention-betreffend-kinderhandel-kinderprostitution-und-kinderpornographie-2000\/"]}]},{"@type":"BreadcrumbList","@id":"https:\/\/www.humanium.org\/de\/zusatzprotokoll-zur-kinderrechts-konvention-betreffend-kinderhandel-kinderprostitution-und-kinderpornographie-2000\/#breadcrumb","itemListElement":[{"@type":"ListItem","position":1,"name":"Home","item":"https:\/\/www.humanium.org\/de\/"},{"@type":"ListItem","position":2,"name":"Fakultativprotokoll zur Kinderrechtskonvention betreffend Kinderhandel, Kinderprostitution und Kinderpornographie, 2000"}]},{"@type":"WebSite","@id":"https:\/\/www.humanium.org\/de\/#website","url":"https:\/\/www.humanium.org\/de\/","name":"Humanium","description":"Kinder zuerst!","potentialAction":[{"@type":"SearchAction","target":{"@type":"EntryPoint","urlTemplate":"https:\/\/www.humanium.org\/de\/?s={search_term_string}"},"query-input":{"@type":"PropertyValueSpecification","valueRequired":true,"valueName":"search_term_string"}}],"inLanguage":"de"}]}},"_links":{"self":[{"href":"https:\/\/www.humanium.org\/de\/wp-json\/wp\/v2\/pages\/3262","targetHints":{"allow":["GET"]}}],"collection":[{"href":"https:\/\/www.humanium.org\/de\/wp-json\/wp\/v2\/pages"}],"about":[{"href":"https:\/\/www.humanium.org\/de\/wp-json\/wp\/v2\/types\/page"}],"author":[{"embeddable":true,"href":"https:\/\/www.humanium.org\/de\/wp-json\/wp\/v2\/users\/1"}],"replies":[{"embeddable":true,"href":"https:\/\/www.humanium.org\/de\/wp-json\/wp\/v2\/comments?post=3262"}],"version-history":[{"count":13,"href":"https:\/\/www.humanium.org\/de\/wp-json\/wp\/v2\/pages\/3262\/revisions"}],"predecessor-version":[{"id":20751,"href":"https:\/\/www.humanium.org\/de\/wp-json\/wp\/v2\/pages\/3262\/revisions\/20751"}],"wp:attachment":[{"href":"https:\/\/www.humanium.org\/de\/wp-json\/wp\/v2\/media?parent=3262"}],"curies":[{"name":"wp","href":"https:\/\/api.w.org\/{rel}","templated":true}]}}