{"id":3305,"date":"2013-12-16T14:53:40","date_gmt":"2013-12-16T14:53:40","guid":{"rendered":"http:\/\/www.humanium.org\/de\/?page_id=3305"},"modified":"2020-08-10T07:34:17","modified_gmt":"2020-08-10T07:34:17","slug":"asien-pazifik","status":"publish","type":"page","link":"https:\/\/www.humanium.org\/de\/asien-pazifik\/","title":{"rendered":"Asien und Pazifik"},"content":{"rendered":"<h1>Kinder aus Asien und dem Pazifikraum<\/h1>\n<h2>Die Kinderrechtslage in Asien und im Pazifikraum, nach Land<\/h2>\n<p><strong>Erfahren Sie mehr \u00fcber die Lage der Kinder nach Land in Asien, im Pazifikraum nach Land sowie die dargebrachten L\u00f6sungsans\u00e4tze zur Verwirklichung ihrer Rechte<\/strong><\/p>\n\n\n<div class=\"wp-block-columns is-layout-flex wp-container-core-columns-is-layout-9d6595d7 wp-block-columns-is-layout-flex\">\n<div class=\"wp-block-column is-layout-flow wp-block-column-is-layout-flow\">\n<p><a href=\"https:\/\/www.humanium.org\/de\/afghanistan\/\">Afghanistan<\/a><br><a href=\"https:\/\/www.humanium.org\/de\/australien\/\">Australien<\/a><br><a href=\"https:\/\/www.humanium.org\/de\/kinder-in-bangladesch\/\">Bangladesh<\/a><br><a href=\"https:\/\/www.humanium.org\/de\/bhutan\/\">Bhutan<\/a><br><a href=\"https:\/\/www.humanium.org\/de\/brunei\/\">Brunei<\/a><br><a href=\"https:\/\/www.humanium.org\/de\/china\/\">China<\/a><br><a href=\"https:\/\/www.humanium.org\/de\/cooksinseln\/\">Cooksinseln<\/a><br><a href=\"https:\/\/www.humanium.org\/de\/malediven\/\">Die&nbsp;Malediven<\/a><br><a href=\"https:\/\/www.humanium.org\/de\/marshallinseln\/\">Die&nbsp;Marshallinseln<\/a><br><a href=\"https:\/\/www.humanium.org\/de\/salomonen\/\">Die&nbsp;Salomonen<\/a><br><a href=\"https:\/\/www.humanium.org\/de\/fidschi\/\">Fidschi<\/a><br><a href=\"https:\/\/www.humanium.org\/de\/indien\/\">Indien<\/a><br><a href=\"https:\/\/www.humanium.org\/de\/indonesien\/\">Indonesien<\/a><br><a href=\"https:\/\/www.humanium.org\/de\/japan\/\">Japan<\/a><br><a href=\"https:\/\/www.humanium.org\/de\/kambodscha\/\">Kambodscha<\/a><br><a href=\"https:\/\/www.humanium.org\/de\/kasachstan\/\">Kasachstan<\/a><br><a href=\"https:\/\/www.humanium.org\/de\/kirgistan\/\">Kirgistan<\/a><br><a href=\"https:\/\/www.humanium.org\/de\/die-kinder-auf-kiribati\/\">Kiribati<\/a><br><a href=\"https:\/\/www.humanium.org\/de\/laos\/\">Laos<\/a><br><a href=\"https:\/\/www.humanium.org\/de\/malaysia\/\">Malaysia<\/a><br><a href=\"https:\/\/www.humanium.org\/de\/die-kinder-von-mikronesien\/\">Mikronesien<\/a><br><a href=\"https:\/\/www.humanium.org\/de\/die-kinder-der-mongolei\/\">Mongolei<\/a><br><a href=\"https:\/\/www.humanium.org\/de\/myanmar\/\">Myanmar<\/a><\/p>\n<\/div>\n\n\n\n<div class=\"wp-block-column is-layout-flow wp-block-column-is-layout-flow\">\n<p><a href=\"https:\/\/www.humanium.org\/de\/nauru\/\">Nauru<\/a><br><a href=\"https:\/\/www.humanium.org\/de\/kinder-in-nepal\/\">Nepal<\/a><br><a href=\" https:\/\/www.humanium.org\/de\/die-kinder-von-neuseeland\/\">Neuseeland<\/a><br><a href=\"https:\/\/www.humanium.org\/de\/nordkorea\/\">Nordkorea<\/a><br><a href=\"https:\/\/www.humanium.org\/de\/die-kinder-von-ost-timor\/\">Ost-Timor<\/a><br><a href=\"https:\/\/www.humanium.org\/de\/pakistan\/\">Pakistan<\/a><br><a href=\"https:\/\/www.humanium.org\/de\/die-kinder-von-palau\/\">Palau<\/a><br><a href=\"https:\/\/www.humanium.org\/de\/kinder-in-papua-neuguinea\/\">Papua-Neuguinea<\/a><br><a href=\"https:\/\/www.humanium.org\/de\/philippinen\/\">Philippinen<\/a><br><a href=\"https:\/\/www.humanium.org\/de\/russland\/\">Russland<\/a><br><a href=\"https:\/\/www.humanium.org\/de\/samoa\/\">Samoa<\/a><br><a href=\"https:\/\/www.humanium.org\/de\/kinder-in-singapur\/\">Singapur<\/a><br><a href=\"https:\/\/www.humanium.org\/de\/sri-lanka\/\">Sri Lanka<\/a><br><a href=\"https:\/\/www.humanium.org\/de\/die-kinder-sudkoreas\/\">S\u00fcdkorea<\/a><br><a href=\"https:\/\/www.humanium.org\/de\/tadschikistan\/\">Tadschikistan<\/a><br><a href=\"https:\/\/www.humanium.org\/de\/kinder-thailands\/\">Thailand<\/a><br><a href=\"https:\/\/www.humanium.org\/de\/kinder-in-tonga\/\">Tonga<\/a><br><a href=\"https:\/\/www.humanium.org\/de\/turkmenistan\/\">Turkmenistan<\/a><br><a href=\"https:\/\/www.humanium.org\/de\/tuvalu\/\">Tuvalu<\/a><br><a href=\"https:\/\/www.humanium.org\/de\/usbekistan\/\">Usbekistan<\/a><br><a href=\"https:\/\/www.humanium.org\/de\/kinder-vanuatu\/\">Vanuatu<\/a><br><a href=\"https:\/\/www.humanium.org\/de\/vietnam\/\">Vietnam<\/a><\/p>\n<\/div>\n<\/div>\n\n\n\n<p><\/p>\n","protected":false},"excerpt":{"rendered":"<p>Kinder aus Asien und dem Pazifikraum Die Kinderrechtslage in Asien und im Pazifikraum, nach Land Erfahren Sie mehr \u00fcber die Lage der Kinder nach Land in Asien, im Pazifikraum nach Land sowie die dargebrachten L\u00f6sungsans\u00e4tze zur Verwirklichung ihrer Rechte AfghanistanAustralienBangladeshBhutanBruneiChinaCooksinselnDie&nbsp;MaledivenDie&nbsp;MarshallinselnDie&nbsp;SalomonenFidschiIndienIndonesienJapanKambodschaKasachstanKirgistanKiribatiLaosMalaysiaMikronesienMongoleiMyanmar NauruNepalNeuseelandNordkoreaOst-TimorPakistanPalauPapua-NeuguineaPhilippinenRusslandSamoaSingapurSri LankaS\u00fcdkoreaTadschikistanThailandTongaTurkmenistanTuvaluUsbekistanVanuatuVietnam<\/p>\n","protected":false},"author":1,"featured_media":0,"parent":0,"menu_order":0,"comment_status":"closed","ping_status":"closed","template":"","meta":{"footnotes":""},"class_list":["post-3305","page","type-page","status-publish","hentry"],"yoast_head":"<!-- This site is optimized with the Yoast SEO plugin v26.5 - https:\/\/yoast.com\/wordpress\/plugins\/seo\/ -->\n<title>Kinder aus Asien und dem Pazifikraum - Humanium<\/title>\n<meta name=\"description\" content=\"Erfahren Sie mehr \u00fcber die Lage der Kinder nach Land in Asien, im Pazifikraum nach Land sowie die dargebrachten L\u00f6sungsans\u00e4tze zur Verwirklichung ihrer Rechte\" \/>\n<meta name=\"robots\" content=\"index, follow, max-snippet:-1, max-image-preview:large, max-video-preview:-1\" \/>\n<link rel=\"canonical\" href=\"https:\/\/www.humanium.org\/de\/asien-pazifik\/\" \/>\n<meta property=\"og:locale\" content=\"de_DE\" \/>\n<meta property=\"og:type\" content=\"article\" \/>\n<meta property=\"og:title\" content=\"Kinder aus Asien und dem Pazifikraum - Humanium\" \/>\n<meta property=\"og:description\" content=\"Erfahren Sie mehr \u00fcber die Lage der Kinder nach Land in Asien, im Pazifikraum nach Land sowie die dargebrachten L\u00f6sungsans\u00e4tze zur Verwirklichung ihrer Rechte\" \/>\n<meta property=\"og:url\" content=\"https:\/\/www.humanium.org\/de\/asien-pazifik\/\" \/>\n<meta property=\"og:site_name\" content=\"Humanium\" \/>\n<meta property=\"article:modified_time\" content=\"2020-08-10T07:34:17+00:00\" \/>\n<meta name=\"twitter:card\" content=\"summary_large_image\" \/>\n<script type=\"application\/ld+json\" class=\"yoast-schema-graph\">{\"@context\":\"https:\/\/schema.org\",\"@graph\":[{\"@type\":\"WebPage\",\"@id\":\"https:\/\/www.humanium.org\/de\/asien-pazifik\/\",\"url\":\"https:\/\/www.humanium.org\/de\/asien-pazifik\/\",\"name\":\"Kinder aus Asien und dem Pazifikraum - Humanium\",\"isPartOf\":{\"@id\":\"https:\/\/www.humanium.org\/de\/#website\"},\"datePublished\":\"2013-12-16T14:53:40+00:00\",\"dateModified\":\"2020-08-10T07:34:17+00:00\",\"description\":\"Erfahren Sie mehr \u00fcber die Lage der Kinder nach Land in Asien, im Pazifikraum nach Land sowie die dargebrachten L\u00f6sungsans\u00e4tze zur Verwirklichung ihrer Rechte\",\"breadcrumb\":{\"@id\":\"https:\/\/www.humanium.org\/de\/asien-pazifik\/#breadcrumb\"},\"inLanguage\":\"de\",\"potentialAction\":[{\"@type\":\"ReadAction\",\"target\":[\"https:\/\/www.humanium.org\/de\/asien-pazifik\/\"]}]},{\"@type\":\"BreadcrumbList\",\"@id\":\"https:\/\/www.humanium.org\/de\/asien-pazifik\/#breadcrumb\",\"itemListElement\":[{\"@type\":\"ListItem\",\"position\":1,\"name\":\"Home\",\"item\":\"https:\/\/www.humanium.org\/de\/\"},{\"@type\":\"ListItem\",\"position\":2,\"name\":\"Asien und Pazifik\"}]},{\"@type\":\"WebSite\",\"@id\":\"https:\/\/www.humanium.org\/de\/#website\",\"url\":\"https:\/\/www.humanium.org\/de\/\",\"name\":\"Humanium\",\"description\":\"Kinder zuerst!\",\"potentialAction\":[{\"@type\":\"SearchAction\",\"target\":{\"@type\":\"EntryPoint\",\"urlTemplate\":\"https:\/\/www.humanium.org\/de\/?s={search_term_string}\"},\"query-input\":{\"@type\":\"PropertyValueSpecification\",\"valueRequired\":true,\"valueName\":\"search_term_string\"}}],\"inLanguage\":\"de\"}]}<\/script>\n<!-- \/ Yoast SEO plugin. -->","yoast_head_json":{"title":"Kinder aus Asien und dem Pazifikraum - Humanium","description":"Erfahren Sie mehr \u00fcber die Lage der Kinder nach Land in Asien, im Pazifikraum nach Land sowie die dargebrachten L\u00f6sungsans\u00e4tze zur Verwirklichung ihrer Rechte","robots":{"index":"index","follow":"follow","max-snippet":"max-snippet:-1","max-image-preview":"max-image-preview:large","max-video-preview":"max-video-preview:-1"},"canonical":"https:\/\/www.humanium.org\/de\/asien-pazifik\/","og_locale":"de_DE","og_type":"article","og_title":"Kinder aus Asien und dem Pazifikraum - Humanium","og_description":"Erfahren Sie mehr \u00fcber die Lage der Kinder nach Land in Asien, im Pazifikraum nach Land sowie die dargebrachten L\u00f6sungsans\u00e4tze zur Verwirklichung ihrer Rechte","og_url":"https:\/\/www.humanium.org\/de\/asien-pazifik\/","og_site_name":"Humanium","article_modified_time":"2020-08-10T07:34:17+00:00","twitter_card":"summary_large_image","schema":{"@context":"https:\/\/schema.org","@graph":[{"@type":"WebPage","@id":"https:\/\/www.humanium.org\/de\/asien-pazifik\/","url":"https:\/\/www.humanium.org\/de\/asien-pazifik\/","name":"Kinder aus Asien und dem Pazifikraum - Humanium","isPartOf":{"@id":"https:\/\/www.humanium.org\/de\/#website"},"datePublished":"2013-12-16T14:53:40+00:00","dateModified":"2020-08-10T07:34:17+00:00","description":"Erfahren Sie mehr \u00fcber die Lage der Kinder nach Land in Asien, im Pazifikraum nach Land sowie die dargebrachten L\u00f6sungsans\u00e4tze zur Verwirklichung ihrer Rechte","breadcrumb":{"@id":"https:\/\/www.humanium.org\/de\/asien-pazifik\/#breadcrumb"},"inLanguage":"de","potentialAction":[{"@type":"ReadAction","target":["https:\/\/www.humanium.org\/de\/asien-pazifik\/"]}]},{"@type":"BreadcrumbList","@id":"https:\/\/www.humanium.org\/de\/asien-pazifik\/#breadcrumb","itemListElement":[{"@type":"ListItem","position":1,"name":"Home","item":"https:\/\/www.humanium.org\/de\/"},{"@type":"ListItem","position":2,"name":"Asien und Pazifik"}]},{"@type":"WebSite","@id":"https:\/\/www.humanium.org\/de\/#website","url":"https:\/\/www.humanium.org\/de\/","name":"Humanium","description":"Kinder zuerst!","potentialAction":[{"@type":"SearchAction","target":{"@type":"EntryPoint","urlTemplate":"https:\/\/www.humanium.org\/de\/?s={search_term_string}"},"query-input":{"@type":"PropertyValueSpecification","valueRequired":true,"valueName":"search_term_string"}}],"inLanguage":"de"}]}},"_links":{"self":[{"href":"https:\/\/www.humanium.org\/de\/wp-json\/wp\/v2\/pages\/3305","targetHints":{"allow":["GET"]}}],"collection":[{"href":"https:\/\/www.humanium.org\/de\/wp-json\/wp\/v2\/pages"}],"about":[{"href":"https:\/\/www.humanium.org\/de\/wp-json\/wp\/v2\/types\/page"}],"author":[{"embeddable":true,"href":"https:\/\/www.humanium.org\/de\/wp-json\/wp\/v2\/users\/1"}],"replies":[{"embeddable":true,"href":"https:\/\/www.humanium.org\/de\/wp-json\/wp\/v2\/comments?post=3305"}],"version-history":[{"count":33,"href":"https:\/\/www.humanium.org\/de\/wp-json\/wp\/v2\/pages\/3305\/revisions"}],"predecessor-version":[{"id":13396,"href":"https:\/\/www.humanium.org\/de\/wp-json\/wp\/v2\/pages\/3305\/revisions\/13396"}],"wp:attachment":[{"href":"https:\/\/www.humanium.org\/de\/wp-json\/wp\/v2\/media?parent=3305"}],"curies":[{"name":"wp","href":"https:\/\/api.w.org\/{rel}","templated":true}]}}