{"id":3307,"date":"2013-12-16T15:01:49","date_gmt":"2013-12-16T15:01:49","guid":{"rendered":"http:\/\/www.humanium.org\/de\/?page_id=3307"},"modified":"2025-12-05T17:08:48","modified_gmt":"2025-12-05T17:08:48","slug":"europa-und-kaukasien","status":"publish","type":"page","link":"https:\/\/www.humanium.org\/de\/europa-und-kaukasien\/","title":{"rendered":"Europa und Kaukasien"},"content":{"rendered":"<h1>Kinder aus Europa und dem Kaukasus<\/h1>\n<h2>Die Kinderrechtslage in Europa und dem Kaukasus, nach Land<\/h2>\n<p><strong>Erfahren Sie mehr \u00fcber die Situation der Kinder nach Land aus Europa und dem Kaukasus, sowie die dargebrachten L\u00f6sungsans\u00e4tze zur Verwirklichung ihrer Rechte<\/strong><\/p>\n\n\n<div class=\"wp-block-columns is-layout-flex wp-container-core-columns-is-layout-9d6595d7 wp-block-columns-is-layout-flex\">\n<div class=\"wp-block-column is-layout-flow wp-block-column-is-layout-flow\">\n<p><a href=\"https:\/\/www.humanium.org\/de\/albanien\/\">Albanien<\/a><br><a href=\"https:\/\/www.humanium.org\/de\/andorra\/\">Andorra<\/a><br><a href=\"https:\/\/www.humanium.org\/de\/armenien\/\">Armenien<\/a><br><a href=\"https:\/\/www.humanium.org\/de\/aserbaidschan\/\">Aserbaidschan<\/a><br><a href=\"https:\/\/www.humanium.org\/de\/belgien\/\">Belgien<\/a><br><a href=\"https:\/\/www.humanium.org\/de\/bosnienherzegowina\/\">Bosnien-Herzegowina<\/a><br><a href=\"https:\/\/www.humanium.org\/de\/bulgarien\/\">Bulgarien<\/a><br><a href=\"https:\/\/www.humanium.org\/de\/daenemark\/\">D\u00e4nemark<\/a><br><a href=\"https:\/\/www.humanium.org\/de\/deutschland\/\">Deutschland<\/a><br><a href=\"https:\/\/www.humanium.org\/de\/estland\/\">\u200eEstland<\/a><br><a href=\"https:\/\/www.humanium.org\/de\/finnland\/\">Finnland<\/a><br><a href=\"https:\/\/www.humanium.org\/de\/frankreich\/\">Frankreich<\/a><br><a href=\"https:\/\/www.humanium.org\/de\/georgien\/\">Georgien<\/a><br><a href=\"https:\/\/www.humanium.org\/de\/griechenland\/\">Griechenland<\/a><br><a href=\"https:\/\/www.humanium.org\/de\/irland\/\">Irland<\/a><br><a href=\"https:\/\/www.humanium.org\/de\/island\/\">Island<\/a><br><a href=\"https:\/\/www.humanium.org\/de\/italien\/\">Italien<\/a><br><a href=\"https:\/\/www.humanium.org\/de\/kosovo\/\">Kosovo<\/a><br><a href=\"https:\/\/www.humanium.org\/de\/kroatien\/\">Kroatien<\/a><br><a href=\"https:\/\/www.humanium.org\/de\/lettland\/\">Lettland<\/a><br><a href=\"https:\/\/www.humanium.org\/de\/liechtenstein\/\">Liechtenstein<\/a><br><a href=\"https:\/\/www.humanium.org\/de\/litauen\/\">Litauen<\/a><br><a href=\"https:\/\/www.humanium.org\/de\/luxemburg\/\">Luxemburg<\/a><br><a href=\"https:\/\/www.humanium.org\/de\/mazedonien\/\">Mazedonien<\/a><\/p>\n<\/div>\n\n\n\n<div class=\"wp-block-column is-layout-flow wp-block-column-is-layout-flow\">\n<p><a href=\"https:\/\/www.humanium.org\/de\/malta\/\">Malta<\/a><br><a href=\"https:\/\/www.humanium.org\/de\/moldawien\/\">Moldawien<\/a><br><a href=\"https:\/\/www.humanium.org\/de\/monaco\/\">Monaco<\/a><br><a href=\"https:\/\/www.humanium.org\/de\/montenegro\/\">Montenegro<\/a><br><a href=\"https:\/\/www.humanium.org\/de\/niederlande\/\">Niederlande<\/a><br><a href=\"https:\/\/www.humanium.org\/de\/norwegen\/\">Norwegen<\/a><br><a href=\"https:\/\/www.humanium.org\/de\/osterreich\/\">\u00d6sterreich<\/a><br><a href=\"https:\/\/www.humanium.org\/de\/polen\/\">Polen<\/a><br><a href=\"https:\/\/www.humanium.org\/de\/portugal\/\">Portugal<\/a><br><a href=\"https:\/\/www.humanium.org\/de\/rumaenien\/\">Rum\u00e4nien<\/a><br><a href=\"https:\/\/www.humanium.org\/de\/sanmarino\/\">San Marino<\/a><br><a href=\"https:\/\/www.humanium.org\/de\/schweden\/\">Schweden<\/a><br><a href=\"https:\/\/www.humanium.org\/de\/schweiz\/\">Schweiz<\/a><br><a href=\"https:\/\/www.humanium.org\/de\/serbien\/\">Serbien<\/a><br><a href=\"https:\/\/www.humanium.org\/de\/slowakei\/\">Slowakei<\/a><br><a href=\"https:\/\/www.humanium.org\/de\/slowenien\/\">Slowenien<\/a><br><a href=\"https:\/\/www.humanium.org\/de\/spanien\/\">Spanien<\/a><br><a href=\"https:\/\/www.humanium.org\/de\/tschechien\/\">Tschechische Republik<\/a><br><a href=\"https:\/\/www.humanium.org\/de\/ukraine\/\">Ukraine<\/a><br><a href=\"https:\/\/www.humanium.org\/de\/ungarn\/\">Ungarn<\/a><br>Vatican-Stadt<br><a href=\"https:\/\/www.humanium.org\/de\/vereinigteskonigreich\/\">Vereinigtes K\u00f6nigreich<\/a><br><a href=\"https:\/\/www.humanium.org\/de\/weissrussland\/\">Wei\u00dfrussland<\/a><br><a href=\"https:\/\/www.humanium.org\/de\/zypern\/\">Zypern<\/a><\/p>\n<\/div>\n<\/div>\n\n\n\n<p><\/p>\n","protected":false},"excerpt":{"rendered":"<p>Kinder aus Europa und dem Kaukasus Die Kinderrechtslage in Europa und dem Kaukasus, nach Land Erfahren Sie mehr \u00fcber die Situation der Kinder nach Land aus Europa und dem Kaukasus, sowie die dargebrachten L\u00f6sungsans\u00e4tze zur Verwirklichung ihrer Rechte AlbanienAndorraArmenienAserbaidschanBelgienBosnien-HerzegowinaBulgarienD\u00e4nemarkDeutschland\u200eEstlandFinnlandFrankreichGeorgienGriechenlandIrlandIslandItalienKosovoKroatienLettlandLiechtensteinLitauenLuxemburgMazedonien MaltaMoldawienMonacoMontenegroNiederlandeNorwegen\u00d6sterreichPolenPortugalRum\u00e4nienSan MarinoSchwedenSchweizSerbienSlowakeiSlowenienSpanienTschechische RepublikUkraineUngarnVatican-StadtVereinigtes K\u00f6nigreichWei\u00dfrusslandZypern<\/p>\n","protected":false},"author":1,"featured_media":0,"parent":0,"menu_order":0,"comment_status":"closed","ping_status":"closed","template":"","meta":{"footnotes":""},"class_list":["post-3307","page","type-page","status-publish","hentry"],"yoast_head":"<!-- This site is optimized with the Yoast SEO plugin v26.5 - https:\/\/yoast.com\/wordpress\/plugins\/seo\/ -->\n<title>Kinder aus Europa und dem Kaukasus - Humanium<\/title>\n<meta name=\"description\" content=\"Erfahren Sie mehr \u00fcber die Situation der Kinder nach Land aus Europa und dem Kaukasus, sowie die dargebrachten L\u00f6sungsans\u00e4tze zur Verwirklichung ihrer Rechte\" \/>\n<meta name=\"robots\" content=\"index, follow, max-snippet:-1, max-image-preview:large, max-video-preview:-1\" \/>\n<link rel=\"canonical\" href=\"https:\/\/www.humanium.org\/de\/europa-und-kaukasien\/\" \/>\n<meta property=\"og:locale\" content=\"de_DE\" \/>\n<meta property=\"og:type\" content=\"article\" \/>\n<meta property=\"og:title\" content=\"Kinder aus Europa und dem Kaukasus - Humanium\" \/>\n<meta property=\"og:description\" content=\"Erfahren Sie mehr \u00fcber die Situation der Kinder nach Land aus Europa und dem Kaukasus, sowie die dargebrachten L\u00f6sungsans\u00e4tze zur Verwirklichung ihrer Rechte\" \/>\n<meta property=\"og:url\" content=\"https:\/\/www.humanium.org\/de\/europa-und-kaukasien\/\" \/>\n<meta property=\"og:site_name\" content=\"Humanium\" \/>\n<meta property=\"article:modified_time\" content=\"2025-12-05T17:08:48+00:00\" \/>\n<meta name=\"twitter:card\" content=\"summary_large_image\" \/>\n<meta name=\"twitter:label1\" content=\"Gesch\u00e4tzte Lesezeit\" \/>\n\t<meta name=\"twitter:data1\" content=\"1\u00a0Minute\" \/>\n<script type=\"application\/ld+json\" class=\"yoast-schema-graph\">{\"@context\":\"https:\/\/schema.org\",\"@graph\":[{\"@type\":\"WebPage\",\"@id\":\"https:\/\/www.humanium.org\/de\/europa-und-kaukasien\/\",\"url\":\"https:\/\/www.humanium.org\/de\/europa-und-kaukasien\/\",\"name\":\"Kinder aus Europa und dem Kaukasus - Humanium\",\"isPartOf\":{\"@id\":\"https:\/\/www.humanium.org\/de\/#website\"},\"datePublished\":\"2013-12-16T15:01:49+00:00\",\"dateModified\":\"2025-12-05T17:08:48+00:00\",\"description\":\"Erfahren Sie mehr \u00fcber die Situation der Kinder nach Land aus Europa und dem Kaukasus, sowie die dargebrachten L\u00f6sungsans\u00e4tze zur Verwirklichung ihrer Rechte\",\"breadcrumb\":{\"@id\":\"https:\/\/www.humanium.org\/de\/europa-und-kaukasien\/#breadcrumb\"},\"inLanguage\":\"de\",\"potentialAction\":[{\"@type\":\"ReadAction\",\"target\":[\"https:\/\/www.humanium.org\/de\/europa-und-kaukasien\/\"]}]},{\"@type\":\"BreadcrumbList\",\"@id\":\"https:\/\/www.humanium.org\/de\/europa-und-kaukasien\/#breadcrumb\",\"itemListElement\":[{\"@type\":\"ListItem\",\"position\":1,\"name\":\"Home\",\"item\":\"https:\/\/www.humanium.org\/de\/\"},{\"@type\":\"ListItem\",\"position\":2,\"name\":\"Europa und Kaukasien\"}]},{\"@type\":\"WebSite\",\"@id\":\"https:\/\/www.humanium.org\/de\/#website\",\"url\":\"https:\/\/www.humanium.org\/de\/\",\"name\":\"Humanium\",\"description\":\"Kinder zuerst!\",\"potentialAction\":[{\"@type\":\"SearchAction\",\"target\":{\"@type\":\"EntryPoint\",\"urlTemplate\":\"https:\/\/www.humanium.org\/de\/?s={search_term_string}\"},\"query-input\":{\"@type\":\"PropertyValueSpecification\",\"valueRequired\":true,\"valueName\":\"search_term_string\"}}],\"inLanguage\":\"de\"}]}<\/script>\n<!-- \/ Yoast SEO plugin. -->","yoast_head_json":{"title":"Kinder aus Europa und dem Kaukasus - Humanium","description":"Erfahren Sie mehr \u00fcber die Situation der Kinder nach Land aus Europa und dem Kaukasus, sowie die dargebrachten L\u00f6sungsans\u00e4tze zur Verwirklichung ihrer Rechte","robots":{"index":"index","follow":"follow","max-snippet":"max-snippet:-1","max-image-preview":"max-image-preview:large","max-video-preview":"max-video-preview:-1"},"canonical":"https:\/\/www.humanium.org\/de\/europa-und-kaukasien\/","og_locale":"de_DE","og_type":"article","og_title":"Kinder aus Europa und dem Kaukasus - Humanium","og_description":"Erfahren Sie mehr \u00fcber die Situation der Kinder nach Land aus Europa und dem Kaukasus, sowie die dargebrachten L\u00f6sungsans\u00e4tze zur Verwirklichung ihrer Rechte","og_url":"https:\/\/www.humanium.org\/de\/europa-und-kaukasien\/","og_site_name":"Humanium","article_modified_time":"2025-12-05T17:08:48+00:00","twitter_card":"summary_large_image","twitter_misc":{"Gesch\u00e4tzte Lesezeit":"1\u00a0Minute"},"schema":{"@context":"https:\/\/schema.org","@graph":[{"@type":"WebPage","@id":"https:\/\/www.humanium.org\/de\/europa-und-kaukasien\/","url":"https:\/\/www.humanium.org\/de\/europa-und-kaukasien\/","name":"Kinder aus Europa und dem Kaukasus - Humanium","isPartOf":{"@id":"https:\/\/www.humanium.org\/de\/#website"},"datePublished":"2013-12-16T15:01:49+00:00","dateModified":"2025-12-05T17:08:48+00:00","description":"Erfahren Sie mehr \u00fcber die Situation der Kinder nach Land aus Europa und dem Kaukasus, sowie die dargebrachten L\u00f6sungsans\u00e4tze zur Verwirklichung ihrer Rechte","breadcrumb":{"@id":"https:\/\/www.humanium.org\/de\/europa-und-kaukasien\/#breadcrumb"},"inLanguage":"de","potentialAction":[{"@type":"ReadAction","target":["https:\/\/www.humanium.org\/de\/europa-und-kaukasien\/"]}]},{"@type":"BreadcrumbList","@id":"https:\/\/www.humanium.org\/de\/europa-und-kaukasien\/#breadcrumb","itemListElement":[{"@type":"ListItem","position":1,"name":"Home","item":"https:\/\/www.humanium.org\/de\/"},{"@type":"ListItem","position":2,"name":"Europa und Kaukasien"}]},{"@type":"WebSite","@id":"https:\/\/www.humanium.org\/de\/#website","url":"https:\/\/www.humanium.org\/de\/","name":"Humanium","description":"Kinder zuerst!","potentialAction":[{"@type":"SearchAction","target":{"@type":"EntryPoint","urlTemplate":"https:\/\/www.humanium.org\/de\/?s={search_term_string}"},"query-input":{"@type":"PropertyValueSpecification","valueRequired":true,"valueName":"search_term_string"}}],"inLanguage":"de"}]}},"_links":{"self":[{"href":"https:\/\/www.humanium.org\/de\/wp-json\/wp\/v2\/pages\/3307","targetHints":{"allow":["GET"]}}],"collection":[{"href":"https:\/\/www.humanium.org\/de\/wp-json\/wp\/v2\/pages"}],"about":[{"href":"https:\/\/www.humanium.org\/de\/wp-json\/wp\/v2\/types\/page"}],"author":[{"embeddable":true,"href":"https:\/\/www.humanium.org\/de\/wp-json\/wp\/v2\/users\/1"}],"replies":[{"embeddable":true,"href":"https:\/\/www.humanium.org\/de\/wp-json\/wp\/v2\/comments?post=3307"}],"version-history":[{"count":47,"href":"https:\/\/www.humanium.org\/de\/wp-json\/wp\/v2\/pages\/3307\/revisions"}],"predecessor-version":[{"id":20164,"href":"https:\/\/www.humanium.org\/de\/wp-json\/wp\/v2\/pages\/3307\/revisions\/20164"}],"wp:attachment":[{"href":"https:\/\/www.humanium.org\/de\/wp-json\/wp\/v2\/media?parent=3307"}],"curies":[{"name":"wp","href":"https:\/\/api.w.org\/{rel}","templated":true}]}}