{"id":3392,"date":"2013-12-13T09:23:36","date_gmt":"2013-12-13T09:23:36","guid":{"rendered":"http:\/\/www.humanium.org\/de\/?page_id=3392"},"modified":"2025-12-05T17:21:58","modified_gmt":"2025-12-05T17:21:58","slug":"kinder-weltweit","status":"publish","type":"page","link":"https:\/\/www.humanium.org\/de\/kinder-weltweit\/","title":{"rendered":"Kinder weltweit"},"content":{"rendered":"<h1 class=\"title-post entry-title\">Kinder weltweit<\/h1>\n<h2>Die Kinderrechtslage, nach Land<\/h2>\n<h1><a href=\"https:\/\/www.humanium.org\/de\/afrika\/\">Afrika<\/a><\/h1>\n<h1><a href=\"https:\/\/www.humanium.org\/de\/amerika\/\">Amerika<\/a><\/h1>\n<h1><a href=\"https:\/\/www.humanium.org\/de\/asien-pazifik\/\">Asien und Pazifik<\/a><\/h1>\n<h1><a href=\"https:\/\/www.humanium.org\/de\/europa-und-kaukasien\/\">Europa und Kaukasien<\/a><\/h1>\n<h1><a href=\"https:\/\/www.humanium.org\/de\/mittlerer-osten-und-nord-afrika\/\">Mittlere Osten und Nordafrika<\/a><\/h1>\n","protected":false},"excerpt":{"rendered":"<p>Kinder weltweit Die Kinderrechtslage, nach Land Afrika Amerika Asien und Pazifik Europa und Kaukasien Mittlere Osten und Nordafrika<\/p>\n","protected":false},"author":1,"featured_media":0,"parent":0,"menu_order":0,"comment_status":"closed","ping_status":"closed","template":"","meta":{"footnotes":""},"class_list":["post-3392","page","type-page","status-publish","hentry"],"yoast_head":"<!-- This site is optimized with the Yoast SEO plugin v26.5 - https:\/\/yoast.com\/wordpress\/plugins\/seo\/ -->\n<title>Kinder weltweit - Humanium<\/title>\n<meta name=\"description\" content=\"Erfahren Sie mehr \u00fcber die Lage der Kinder in den verschiedenen L\u00e4ndern der Welt sowie diedargebrachten L\u00f6sungsans\u00e4tze Verwirklichung ihrer Rechte\" \/>\n<meta name=\"robots\" content=\"index, follow, max-snippet:-1, max-image-preview:large, max-video-preview:-1\" \/>\n<link rel=\"canonical\" href=\"https:\/\/www.humanium.org\/de\/kinder-weltweit\/\" \/>\n<meta property=\"og:locale\" content=\"de_DE\" \/>\n<meta property=\"og:type\" content=\"article\" \/>\n<meta property=\"og:title\" content=\"Kinder weltweit - Humanium\" \/>\n<meta property=\"og:description\" content=\"Erfahren Sie mehr \u00fcber die Lage der Kinder in den verschiedenen L\u00e4ndern der Welt sowie diedargebrachten L\u00f6sungsans\u00e4tze Verwirklichung ihrer Rechte\" \/>\n<meta property=\"og:url\" content=\"https:\/\/www.humanium.org\/de\/kinder-weltweit\/\" \/>\n<meta property=\"og:site_name\" content=\"Humanium\" \/>\n<meta property=\"article:modified_time\" content=\"2025-12-05T17:21:58+00:00\" \/>\n<meta name=\"twitter:card\" content=\"summary_large_image\" \/>\n<meta name=\"twitter:label1\" content=\"Gesch\u00e4tzte Lesezeit\" \/>\n\t<meta name=\"twitter:data1\" content=\"1\u00a0Minute\" \/>\n<script type=\"application\/ld+json\" class=\"yoast-schema-graph\">{\"@context\":\"https:\/\/schema.org\",\"@graph\":[{\"@type\":\"WebPage\",\"@id\":\"https:\/\/www.humanium.org\/de\/kinder-weltweit\/\",\"url\":\"https:\/\/www.humanium.org\/de\/kinder-weltweit\/\",\"name\":\"Kinder weltweit - Humanium\",\"isPartOf\":{\"@id\":\"https:\/\/www.humanium.org\/de\/#website\"},\"datePublished\":\"2013-12-13T09:23:36+00:00\",\"dateModified\":\"2025-12-05T17:21:58+00:00\",\"description\":\"Erfahren Sie mehr \u00fcber die Lage der Kinder in den verschiedenen L\u00e4ndern der Welt sowie diedargebrachten L\u00f6sungsans\u00e4tze Verwirklichung ihrer Rechte\",\"breadcrumb\":{\"@id\":\"https:\/\/www.humanium.org\/de\/kinder-weltweit\/#breadcrumb\"},\"inLanguage\":\"de\",\"potentialAction\":[{\"@type\":\"ReadAction\",\"target\":[\"https:\/\/www.humanium.org\/de\/kinder-weltweit\/\"]}]},{\"@type\":\"BreadcrumbList\",\"@id\":\"https:\/\/www.humanium.org\/de\/kinder-weltweit\/#breadcrumb\",\"itemListElement\":[{\"@type\":\"ListItem\",\"position\":1,\"name\":\"Home\",\"item\":\"https:\/\/www.humanium.org\/de\/\"},{\"@type\":\"ListItem\",\"position\":2,\"name\":\"Kinder weltweit\"}]},{\"@type\":\"WebSite\",\"@id\":\"https:\/\/www.humanium.org\/de\/#website\",\"url\":\"https:\/\/www.humanium.org\/de\/\",\"name\":\"Humanium\",\"description\":\"Kinder zuerst!\",\"potentialAction\":[{\"@type\":\"SearchAction\",\"target\":{\"@type\":\"EntryPoint\",\"urlTemplate\":\"https:\/\/www.humanium.org\/de\/?s={search_term_string}\"},\"query-input\":{\"@type\":\"PropertyValueSpecification\",\"valueRequired\":true,\"valueName\":\"search_term_string\"}}],\"inLanguage\":\"de\"}]}<\/script>\n<!-- \/ Yoast SEO plugin. -->","yoast_head_json":{"title":"Kinder weltweit - Humanium","description":"Erfahren Sie mehr \u00fcber die Lage der Kinder in den verschiedenen L\u00e4ndern der Welt sowie diedargebrachten L\u00f6sungsans\u00e4tze Verwirklichung ihrer Rechte","robots":{"index":"index","follow":"follow","max-snippet":"max-snippet:-1","max-image-preview":"max-image-preview:large","max-video-preview":"max-video-preview:-1"},"canonical":"https:\/\/www.humanium.org\/de\/kinder-weltweit\/","og_locale":"de_DE","og_type":"article","og_title":"Kinder weltweit - Humanium","og_description":"Erfahren Sie mehr \u00fcber die Lage der Kinder in den verschiedenen L\u00e4ndern der Welt sowie diedargebrachten L\u00f6sungsans\u00e4tze Verwirklichung ihrer Rechte","og_url":"https:\/\/www.humanium.org\/de\/kinder-weltweit\/","og_site_name":"Humanium","article_modified_time":"2025-12-05T17:21:58+00:00","twitter_card":"summary_large_image","twitter_misc":{"Gesch\u00e4tzte Lesezeit":"1\u00a0Minute"},"schema":{"@context":"https:\/\/schema.org","@graph":[{"@type":"WebPage","@id":"https:\/\/www.humanium.org\/de\/kinder-weltweit\/","url":"https:\/\/www.humanium.org\/de\/kinder-weltweit\/","name":"Kinder weltweit - Humanium","isPartOf":{"@id":"https:\/\/www.humanium.org\/de\/#website"},"datePublished":"2013-12-13T09:23:36+00:00","dateModified":"2025-12-05T17:21:58+00:00","description":"Erfahren Sie mehr \u00fcber die Lage der Kinder in den verschiedenen L\u00e4ndern der Welt sowie diedargebrachten L\u00f6sungsans\u00e4tze Verwirklichung ihrer Rechte","breadcrumb":{"@id":"https:\/\/www.humanium.org\/de\/kinder-weltweit\/#breadcrumb"},"inLanguage":"de","potentialAction":[{"@type":"ReadAction","target":["https:\/\/www.humanium.org\/de\/kinder-weltweit\/"]}]},{"@type":"BreadcrumbList","@id":"https:\/\/www.humanium.org\/de\/kinder-weltweit\/#breadcrumb","itemListElement":[{"@type":"ListItem","position":1,"name":"Home","item":"https:\/\/www.humanium.org\/de\/"},{"@type":"ListItem","position":2,"name":"Kinder weltweit"}]},{"@type":"WebSite","@id":"https:\/\/www.humanium.org\/de\/#website","url":"https:\/\/www.humanium.org\/de\/","name":"Humanium","description":"Kinder zuerst!","potentialAction":[{"@type":"SearchAction","target":{"@type":"EntryPoint","urlTemplate":"https:\/\/www.humanium.org\/de\/?s={search_term_string}"},"query-input":{"@type":"PropertyValueSpecification","valueRequired":true,"valueName":"search_term_string"}}],"inLanguage":"de"}]}},"_links":{"self":[{"href":"https:\/\/www.humanium.org\/de\/wp-json\/wp\/v2\/pages\/3392","targetHints":{"allow":["GET"]}}],"collection":[{"href":"https:\/\/www.humanium.org\/de\/wp-json\/wp\/v2\/pages"}],"about":[{"href":"https:\/\/www.humanium.org\/de\/wp-json\/wp\/v2\/types\/page"}],"author":[{"embeddable":true,"href":"https:\/\/www.humanium.org\/de\/wp-json\/wp\/v2\/users\/1"}],"replies":[{"embeddable":true,"href":"https:\/\/www.humanium.org\/de\/wp-json\/wp\/v2\/comments?post=3392"}],"version-history":[{"count":6,"href":"https:\/\/www.humanium.org\/de\/wp-json\/wp\/v2\/pages\/3392\/revisions"}],"predecessor-version":[{"id":20214,"href":"https:\/\/www.humanium.org\/de\/wp-json\/wp\/v2\/pages\/3392\/revisions\/20214"}],"wp:attachment":[{"href":"https:\/\/www.humanium.org\/de\/wp-json\/wp\/v2\/media?parent=3392"}],"curies":[{"name":"wp","href":"https:\/\/api.w.org\/{rel}","templated":true}]}}