{"id":3395,"date":"2013-12-13T09:20:48","date_gmt":"2013-12-13T09:20:48","guid":{"rendered":"http:\/\/www.humanium.org\/de\/?page_id=3395"},"modified":"2020-08-10T07:39:55","modified_gmt":"2020-08-10T07:39:55","slug":"mittlerer-osten-und-nord-afrika","status":"publish","type":"page","link":"https:\/\/www.humanium.org\/de\/mittlerer-osten-und-nord-afrika\/","title":{"rendered":"Mittlerer Osten und Nord Afrika"},"content":{"rendered":"<h1 style=\"margin-bottom: 30px;\">Kinder aus dem Mittleren Osten und aus Nordafrika<\/h1>\n<h2>Die Kinderrechtslage im Mittleren Osten und Nordafrika, nach Land<\/h2>\n<p><strong>Erfahren Sie mehr \u00fcber Situation der Kinder nach Land aus dem Mittleren Osten und aus Nordafrika sowie die dargebrachten L\u00f6sungsans\u00e4tze zur Verwirklichung ihrer Rechte<\/strong><\/p>\n\n\n<div class=\"wp-block-columns is-layout-flex wp-container-core-columns-is-layout-9d6595d7 wp-block-columns-is-layout-flex\">\n<div class=\"wp-block-column is-layout-flow wp-block-column-is-layout-flow\">\n<p><a href=\"https:\/\/www.humanium.org\/de\/agypten\/\">\u00c4gypten\u00a0\u00a0<\/a><br><a href=\"https:\/\/www.humanium.org\/de\/algerien\/\">Algerien<\/a><br><a href=\"https:\/\/www.humanium.org\/de\/bahrain\/\">Bahrain<\/a><br><a href=\"https:\/\/www.humanium.org\/de\/irak\/\">Irak<\/a><br><a href=\"https:\/\/www.humanium.org\/de\/iran\/\">Iran<\/a><br><a href=\"https:\/\/www.humanium.org\/de\/israel\/\">Israel<\/a><br><a href=\"https:\/\/www.humanium.org\/de\/jemen\/\">Jemen<\/a><br><a href=\"https:\/\/www.humanium.org\/de\/jordanien\/\">Jordanien<\/a><br><a href=\"https:\/\/www.humanium.org\/de\/katar\/\">Katar<\/a><br><a href=\"https:\/\/www.humanium.org\/de\/kuwait\/\">Kuwait<\/a><br><a href=\"https:\/\/www.humanium.org\/de\/libanon\/\">Libanon<\/a><\/p>\n<\/div>\n\n\n\n<div class=\"wp-block-column is-layout-flow wp-block-column-is-layout-flow\">\n<p><a href=\"https:\/\/www.humanium.org\/de\/libyen\/\">Libyen<\/a><br><a href=\"https:\/\/www.humanium.org\/de\/marokko-und-westsahara\/\">Marokko und Westsahara<\/a><br><a href=\"https:\/\/www.humanium.org\/de\/mauretanien\/\">Mauretanien<\/a><br><a href=\"https:\/\/www.humanium.org\/de\/oman\/\">Oman<\/a><br><a href=\"https:\/\/www.humanium.org\/de\/palastina\/\">Pal\u00e4stina<\/a><br><a href=\"https:\/\/www.humanium.org\/de\/saudi-arabien\/\">Saudi-Arabien<\/a><br><a href=\"https:\/\/www.humanium.org\/de\/syrien\/\">Syrien<\/a><br><a href=\"https:\/\/www.humanium.org\/de\/tunesien\/\">Tunesien<\/a><br><a href=\"https:\/\/www.humanium.org\/de\/turkei\/\">T\u00fcrkei<\/a><br><a href=\"https:\/\/www.humanium.org\/de\/vereinigten-arabischen-emiraten\/\">Vereinigte Arabische Emirate<\/a><\/p>\n<\/div>\n<\/div>\n\n\n\n<p><\/p>\n","protected":false},"excerpt":{"rendered":"<p>Kinder aus dem Mittleren Osten und aus Nordafrika Die Kinderrechtslage im Mittleren Osten und Nordafrika, nach Land Erfahren Sie mehr \u00fcber Situation der Kinder nach Land aus dem Mittleren Osten und aus Nordafrika sowie die dargebrachten L\u00f6sungsans\u00e4tze zur Verwirklichung ihrer Rechte \u00c4gypten\u00a0\u00a0AlgerienBahrainIrakIranIsraelJemenJordanienKatarKuwaitLibanon LibyenMarokko und WestsaharaMauretanienOmanPal\u00e4stinaSaudi-ArabienSyrienTunesienT\u00fcrkeiVereinigte Arabische Emirate<\/p>\n","protected":false},"author":1,"featured_media":0,"parent":0,"menu_order":0,"comment_status":"closed","ping_status":"closed","template":"","meta":{"footnotes":""},"class_list":["post-3395","page","type-page","status-publish","hentry"],"yoast_head":"<!-- This site is optimized with the Yoast SEO plugin v26.5 - https:\/\/yoast.com\/wordpress\/plugins\/seo\/ -->\n<title>Kinder aus dem Mittleren Osten und aus Nordafrika - Humanium<\/title>\n<meta name=\"description\" content=\"Erfahren Sie mehr \u00fcber Situation der Kinder nach Land aus dem Mittleren Osten und aus Nordafrika sowie die dargebrachten L\u00f6sungsans\u00e4tze zur Verwirklichung ihrer Rechte\" \/>\n<meta name=\"robots\" content=\"index, follow, max-snippet:-1, max-image-preview:large, max-video-preview:-1\" \/>\n<link rel=\"canonical\" href=\"https:\/\/www.humanium.org\/de\/mittlerer-osten-und-nord-afrika\/\" \/>\n<meta property=\"og:locale\" content=\"de_DE\" \/>\n<meta property=\"og:type\" content=\"article\" \/>\n<meta property=\"og:title\" content=\"Kinder aus dem Mittleren Osten und aus Nordafrika - Humanium\" \/>\n<meta property=\"og:description\" content=\"Erfahren Sie mehr \u00fcber Situation der Kinder nach Land aus dem Mittleren Osten und aus Nordafrika sowie die dargebrachten L\u00f6sungsans\u00e4tze zur Verwirklichung ihrer Rechte\" \/>\n<meta property=\"og:url\" content=\"https:\/\/www.humanium.org\/de\/mittlerer-osten-und-nord-afrika\/\" \/>\n<meta property=\"og:site_name\" content=\"Humanium\" \/>\n<meta property=\"article:modified_time\" content=\"2020-08-10T07:39:55+00:00\" \/>\n<meta name=\"twitter:card\" content=\"summary_large_image\" \/>\n<script type=\"application\/ld+json\" class=\"yoast-schema-graph\">{\"@context\":\"https:\/\/schema.org\",\"@graph\":[{\"@type\":\"WebPage\",\"@id\":\"https:\/\/www.humanium.org\/de\/mittlerer-osten-und-nord-afrika\/\",\"url\":\"https:\/\/www.humanium.org\/de\/mittlerer-osten-und-nord-afrika\/\",\"name\":\"Kinder aus dem Mittleren Osten und aus Nordafrika - Humanium\",\"isPartOf\":{\"@id\":\"https:\/\/www.humanium.org\/de\/#website\"},\"datePublished\":\"2013-12-13T09:20:48+00:00\",\"dateModified\":\"2020-08-10T07:39:55+00:00\",\"description\":\"Erfahren Sie mehr \u00fcber Situation der Kinder nach Land aus dem Mittleren Osten und aus Nordafrika sowie die dargebrachten L\u00f6sungsans\u00e4tze zur Verwirklichung ihrer Rechte\",\"breadcrumb\":{\"@id\":\"https:\/\/www.humanium.org\/de\/mittlerer-osten-und-nord-afrika\/#breadcrumb\"},\"inLanguage\":\"de\",\"potentialAction\":[{\"@type\":\"ReadAction\",\"target\":[\"https:\/\/www.humanium.org\/de\/mittlerer-osten-und-nord-afrika\/\"]}]},{\"@type\":\"BreadcrumbList\",\"@id\":\"https:\/\/www.humanium.org\/de\/mittlerer-osten-und-nord-afrika\/#breadcrumb\",\"itemListElement\":[{\"@type\":\"ListItem\",\"position\":1,\"name\":\"Home\",\"item\":\"https:\/\/www.humanium.org\/de\/\"},{\"@type\":\"ListItem\",\"position\":2,\"name\":\"Mittlerer Osten und Nord Afrika\"}]},{\"@type\":\"WebSite\",\"@id\":\"https:\/\/www.humanium.org\/de\/#website\",\"url\":\"https:\/\/www.humanium.org\/de\/\",\"name\":\"Humanium\",\"description\":\"Kinder zuerst!\",\"potentialAction\":[{\"@type\":\"SearchAction\",\"target\":{\"@type\":\"EntryPoint\",\"urlTemplate\":\"https:\/\/www.humanium.org\/de\/?s={search_term_string}\"},\"query-input\":{\"@type\":\"PropertyValueSpecification\",\"valueRequired\":true,\"valueName\":\"search_term_string\"}}],\"inLanguage\":\"de\"}]}<\/script>\n<!-- \/ Yoast SEO plugin. -->","yoast_head_json":{"title":"Kinder aus dem Mittleren Osten und aus Nordafrika - Humanium","description":"Erfahren Sie mehr \u00fcber Situation der Kinder nach Land aus dem Mittleren Osten und aus Nordafrika sowie die dargebrachten L\u00f6sungsans\u00e4tze zur Verwirklichung ihrer Rechte","robots":{"index":"index","follow":"follow","max-snippet":"max-snippet:-1","max-image-preview":"max-image-preview:large","max-video-preview":"max-video-preview:-1"},"canonical":"https:\/\/www.humanium.org\/de\/mittlerer-osten-und-nord-afrika\/","og_locale":"de_DE","og_type":"article","og_title":"Kinder aus dem Mittleren Osten und aus Nordafrika - Humanium","og_description":"Erfahren Sie mehr \u00fcber Situation der Kinder nach Land aus dem Mittleren Osten und aus Nordafrika sowie die dargebrachten L\u00f6sungsans\u00e4tze zur Verwirklichung ihrer Rechte","og_url":"https:\/\/www.humanium.org\/de\/mittlerer-osten-und-nord-afrika\/","og_site_name":"Humanium","article_modified_time":"2020-08-10T07:39:55+00:00","twitter_card":"summary_large_image","schema":{"@context":"https:\/\/schema.org","@graph":[{"@type":"WebPage","@id":"https:\/\/www.humanium.org\/de\/mittlerer-osten-und-nord-afrika\/","url":"https:\/\/www.humanium.org\/de\/mittlerer-osten-und-nord-afrika\/","name":"Kinder aus dem Mittleren Osten und aus Nordafrika - Humanium","isPartOf":{"@id":"https:\/\/www.humanium.org\/de\/#website"},"datePublished":"2013-12-13T09:20:48+00:00","dateModified":"2020-08-10T07:39:55+00:00","description":"Erfahren Sie mehr \u00fcber Situation der Kinder nach Land aus dem Mittleren Osten und aus Nordafrika sowie die dargebrachten L\u00f6sungsans\u00e4tze zur Verwirklichung ihrer Rechte","breadcrumb":{"@id":"https:\/\/www.humanium.org\/de\/mittlerer-osten-und-nord-afrika\/#breadcrumb"},"inLanguage":"de","potentialAction":[{"@type":"ReadAction","target":["https:\/\/www.humanium.org\/de\/mittlerer-osten-und-nord-afrika\/"]}]},{"@type":"BreadcrumbList","@id":"https:\/\/www.humanium.org\/de\/mittlerer-osten-und-nord-afrika\/#breadcrumb","itemListElement":[{"@type":"ListItem","position":1,"name":"Home","item":"https:\/\/www.humanium.org\/de\/"},{"@type":"ListItem","position":2,"name":"Mittlerer Osten und Nord Afrika"}]},{"@type":"WebSite","@id":"https:\/\/www.humanium.org\/de\/#website","url":"https:\/\/www.humanium.org\/de\/","name":"Humanium","description":"Kinder zuerst!","potentialAction":[{"@type":"SearchAction","target":{"@type":"EntryPoint","urlTemplate":"https:\/\/www.humanium.org\/de\/?s={search_term_string}"},"query-input":{"@type":"PropertyValueSpecification","valueRequired":true,"valueName":"search_term_string"}}],"inLanguage":"de"}]}},"_links":{"self":[{"href":"https:\/\/www.humanium.org\/de\/wp-json\/wp\/v2\/pages\/3395","targetHints":{"allow":["GET"]}}],"collection":[{"href":"https:\/\/www.humanium.org\/de\/wp-json\/wp\/v2\/pages"}],"about":[{"href":"https:\/\/www.humanium.org\/de\/wp-json\/wp\/v2\/types\/page"}],"author":[{"embeddable":true,"href":"https:\/\/www.humanium.org\/de\/wp-json\/wp\/v2\/users\/1"}],"replies":[{"embeddable":true,"href":"https:\/\/www.humanium.org\/de\/wp-json\/wp\/v2\/comments?post=3395"}],"version-history":[{"count":25,"href":"https:\/\/www.humanium.org\/de\/wp-json\/wp\/v2\/pages\/3395\/revisions"}],"predecessor-version":[{"id":13399,"href":"https:\/\/www.humanium.org\/de\/wp-json\/wp\/v2\/pages\/3395\/revisions\/13399"}],"wp:attachment":[{"href":"https:\/\/www.humanium.org\/de\/wp-json\/wp\/v2\/media?parent=3395"}],"curies":[{"name":"wp","href":"https:\/\/api.w.org\/{rel}","templated":true}]}}