{"id":3406,"date":"2013-12-13T12:09:10","date_gmt":"2013-12-13T12:09:10","guid":{"rendered":"http:\/\/www.humanium.org\/de\/?page_id=3406"},"modified":"2025-12-05T16:38:58","modified_gmt":"2025-12-05T16:38:58","slug":"afrika","status":"publish","type":"page","link":"https:\/\/www.humanium.org\/de\/afrika\/","title":{"rendered":"Afrika"},"content":{"rendered":"<h1 style=\"margin-bottom: 30px;\">Kinder in Afrika<\/h1>\n<h2>Die Lage der Kinderrechte in Afrika s\u00fcdlich der Sahara, nach Land<\/h2>\n<p><strong>Erfahren Sie mehr \u00fcber die Lage der Kinder nach Land in Afrika s\u00fcdlich der Sahara sowie die dargebrachten L\u00f6sungsans\u00e4tze zur Verwirklichung ihrer Rechte.<\/strong><\/p>\n\n\n<div class=\"wp-block-columns is-layout-flex wp-container-core-columns-is-layout-9d6595d7 wp-block-columns-is-layout-flex\">\n<div class=\"wp-block-column is-layout-flow wp-block-column-is-layout-flow\">\n<p><a href=\"https:\/\/www.humanium.org\/de\/angola\/\">Angola<\/a><br><a href=\"https:\/\/www.humanium.org\/de\/athiopien\/\">\u00c4thiopien<\/a><br><a href=\"https:\/\/www.humanium.org\/de\/aquatorialguinea\/\">\u00c4quatorialguinea<\/a><br><a href=\"https:\/\/www.humanium.org\/de\/benin\/\">Benin<\/a><br><a href=\"https:\/\/www.humanium.org\/de\/botswana\/\">Botsuana<\/a><br><a href=\"https:\/\/www.humanium.org\/de\/burkina-faso\/\">Burkina Faso<\/a><br><a href=\"https:\/\/www.humanium.org\/de\/burundi\/\">Burundi<\/a><br><a href=\"https:\/\/www.humanium.org\/de\/demokratischerepublikkongo\/\">Demokratische Republik Kongo<\/a><br><a href=\"https:\/\/www.humanium.org\/de\/dschibuti\/\">Dschibuti<\/a><br><a href=\"https:\/\/www.humanium.org\/de\/elfenbeinkuste\/\">Elfenbeink\u00fcste<\/a><br><a href=\"https:\/\/www.humanium.org\/de\/eritrea\/\">Eritrea<\/a><br><a href=\"https:\/\/www.humanium.org\/de\/gabun\/\">Gabun<\/a><br><a href=\"https:\/\/www.humanium.org\/de\/gambia\/\">Gambia<\/a><br><a href=\"https:\/\/www.humanium.org\/de\/ghana\/\">Ghana<\/a><br><a href=\"https:\/\/www.humanium.org\/de\/die-kinder-von-guinea\/\">Guinea<\/a><br><a href=\"https:\/\/www.humanium.org\/de\/guinea-bissau\/\">Guinea-Bissau<\/a><br><a href=\"https:\/\/www.humanium.org\/de\/kamerun\/\">Kamerun<\/a><br><a href=\"https:\/\/www.humanium.org\/de\/kapverde\/\">Kap Verde<\/a><br><a href=\"https:\/\/www.humanium.org\/de\/kenia\/\">Kenia<\/a><br><a href=\"https:\/\/www.humanium.org\/de\/komoren\/\">Komoren<\/a><br><a href=\"https:\/\/www.humanium.org\/de\/lesotho\/\">Lesotho<\/a><br><a href=\"https:\/\/www.humanium.org\/de\/liberia\/\">Liberia<\/a><br><a href=\"https:\/\/www.humanium.org\/de\/madagaskar\/\">Madagaskar<\/a><br><a href=\"https:\/\/www.humanium.org\/de\/malawi\/\">Malawi<\/a><\/p>\n<\/div>\n\n\n\n<div class=\"wp-block-column is-layout-flow wp-block-column-is-layout-flow\">\n<p><a href=\"https:\/\/www.humanium.org\/de\/mali\/\">Mali<\/a><br><a href=\"https:\/\/www.humanium.org\/de\/mauritius\/\">Mauritius<\/a><br><a href=\"https:\/\/www.humanium.org\/de\/mosambik\/\">Mosambik<\/a><br><a href=\"https:\/\/www.humanium.org\/de\/namibia\/\">Namibia<\/a><br><a href=\"https:\/\/www.humanium.org\/de\/niger\/\">Niger<\/a><br><a href=\"https:\/\/www.humanium.org\/de\/nigeria\/\">Nigeria<\/a><br><a href=\"https:\/\/www.humanium.org\/de\/afrika\/kongo\/\">Republik Kongo<\/a><br><a href=\"https:\/\/www.humanium.org\/de\/ruanda\/\" target=\"_blank\" rel=\"noreferrer noopener\">Ruanda<\/a><br><a href=\"https:\/\/www.humanium.org\/de\/sambia\/\">Sambia<\/a><br><a href=\"https:\/\/www.humanium.org\/de\/sao-tome-und-principe\/\">Sao Tome und Principe<\/a><br><a href=\"https:\/\/www.humanium.org\/de\/senegal\/\">Senegal<\/a><br><a href=\"https:\/\/www.humanium.org\/de\/seychellen\/\">Seychellen<\/a><br><a href=\"https:\/\/www.humanium.org\/de\/sierra-leone\/\">Sierra Leone<\/a><br><a href=\"https:\/\/www.humanium.org\/de\/simbabwe\/\">Simbabwe<\/a><br><a href=\"https:\/\/www.humanium.org\/de\/somalia\/\">Somalia<\/a><br><a href=\"https:\/\/www.humanium.org\/de\/sudafrika\/\">S\u00fcdafrika<\/a><br><a href=\"https:\/\/www.humanium.org\/de\/sudan\/\">Sudan<\/a><br><a href=\"https:\/\/www.humanium.org\/de\/sudsudan\/\">S\u00fcd-Sudan<\/a><br><a href=\"https:\/\/www.humanium.org\/de\/swasiland\/\">Swasiland<\/a><br><a href=\"https:\/\/www.humanium.org\/de\/tansania\/\">Tansania<\/a><br><a href=\"https:\/\/www.humanium.org\/de\/togo\/\">Togo<\/a><br><a href=\"https:\/\/www.humanium.org\/de\/tschad\/\">Tschad<\/a><br><a href=\"https:\/\/www.humanium.org\/de\/uganda\/\">Uganda<\/a><br><a href=\"https:\/\/www.humanium.org\/de\/zentralafrikanischen-republik\/\">Zentralafrikanische Republik<\/a><\/p>\n<\/div>\n<\/div>\n\n\n\n<p><\/p>\n","protected":false},"excerpt":{"rendered":"<p>Kinder in Afrika Die Lage der Kinderrechte in Afrika s\u00fcdlich der Sahara, nach Land Erfahren Sie mehr \u00fcber die Lage der Kinder nach Land in Afrika s\u00fcdlich der Sahara sowie die dargebrachten L\u00f6sungsans\u00e4tze zur Verwirklichung ihrer Rechte. Angola\u00c4thiopien\u00c4quatorialguineaBeninBotsuanaBurkina FasoBurundiDemokratische Republik KongoDschibutiElfenbeink\u00fcsteEritreaGabunGambiaGhanaGuineaGuinea-BissauKamerunKap VerdeKeniaKomorenLesothoLiberiaMadagaskarMalawi MaliMauritiusMosambikNamibiaNigerNigeriaRepublik KongoRuandaSambiaSao Tome und PrincipeSenegalSeychellenSierra LeoneSimbabweSomaliaS\u00fcdafrikaSudanS\u00fcd-SudanSwasilandTansaniaTogoTschadUgandaZentralafrikanische Republik<\/p>\n","protected":false},"author":1,"featured_media":0,"parent":0,"menu_order":0,"comment_status":"closed","ping_status":"closed","template":"","meta":{"footnotes":""},"class_list":["post-3406","page","type-page","status-publish","hentry"],"yoast_head":"<!-- This site is optimized with the Yoast SEO plugin v26.5 - https:\/\/yoast.com\/wordpress\/plugins\/seo\/ -->\n<title>Kinder in Afrika - Humanium<\/title>\n<meta name=\"description\" content=\"Erfahren Sie mehr \u00fcber die Lage der Kinder nach Land in Afrika s\u00fcdlich der Sahara sowie die dargebrachten L\u00f6sungsans\u00e4tze zur Verwirklichung ihrer Rechte\" \/>\n<meta name=\"robots\" content=\"index, follow, max-snippet:-1, max-image-preview:large, max-video-preview:-1\" \/>\n<link rel=\"canonical\" href=\"https:\/\/www.humanium.org\/de\/afrika\/\" \/>\n<meta property=\"og:locale\" content=\"de_DE\" \/>\n<meta property=\"og:type\" content=\"article\" \/>\n<meta property=\"og:title\" content=\"Kinder in Afrika - Humanium\" \/>\n<meta property=\"og:description\" content=\"Erfahren Sie mehr \u00fcber die Lage der Kinder nach Land in Afrika s\u00fcdlich der Sahara sowie die dargebrachten L\u00f6sungsans\u00e4tze zur Verwirklichung ihrer Rechte\" \/>\n<meta property=\"og:url\" content=\"https:\/\/www.humanium.org\/de\/afrika\/\" \/>\n<meta property=\"og:site_name\" content=\"Humanium\" \/>\n<meta property=\"article:modified_time\" content=\"2025-12-05T16:38:58+00:00\" \/>\n<meta name=\"twitter:card\" content=\"summary_large_image\" \/>\n<meta name=\"twitter:label1\" content=\"Gesch\u00e4tzte Lesezeit\" \/>\n\t<meta name=\"twitter:data1\" content=\"1\u00a0Minute\" \/>\n<script type=\"application\/ld+json\" class=\"yoast-schema-graph\">{\"@context\":\"https:\/\/schema.org\",\"@graph\":[{\"@type\":\"WebPage\",\"@id\":\"https:\/\/www.humanium.org\/de\/afrika\/\",\"url\":\"https:\/\/www.humanium.org\/de\/afrika\/\",\"name\":\"Kinder in Afrika - Humanium\",\"isPartOf\":{\"@id\":\"https:\/\/www.humanium.org\/de\/#website\"},\"datePublished\":\"2013-12-13T12:09:10+00:00\",\"dateModified\":\"2025-12-05T16:38:58+00:00\",\"description\":\"Erfahren Sie mehr \u00fcber die Lage der Kinder nach Land in Afrika s\u00fcdlich der Sahara sowie die dargebrachten L\u00f6sungsans\u00e4tze zur Verwirklichung ihrer Rechte\",\"breadcrumb\":{\"@id\":\"https:\/\/www.humanium.org\/de\/afrika\/#breadcrumb\"},\"inLanguage\":\"de\",\"potentialAction\":[{\"@type\":\"ReadAction\",\"target\":[\"https:\/\/www.humanium.org\/de\/afrika\/\"]}]},{\"@type\":\"BreadcrumbList\",\"@id\":\"https:\/\/www.humanium.org\/de\/afrika\/#breadcrumb\",\"itemListElement\":[{\"@type\":\"ListItem\",\"position\":1,\"name\":\"Home\",\"item\":\"https:\/\/www.humanium.org\/de\/\"},{\"@type\":\"ListItem\",\"position\":2,\"name\":\"Afrika\"}]},{\"@type\":\"WebSite\",\"@id\":\"https:\/\/www.humanium.org\/de\/#website\",\"url\":\"https:\/\/www.humanium.org\/de\/\",\"name\":\"Humanium\",\"description\":\"Kinder zuerst!\",\"potentialAction\":[{\"@type\":\"SearchAction\",\"target\":{\"@type\":\"EntryPoint\",\"urlTemplate\":\"https:\/\/www.humanium.org\/de\/?s={search_term_string}\"},\"query-input\":{\"@type\":\"PropertyValueSpecification\",\"valueRequired\":true,\"valueName\":\"search_term_string\"}}],\"inLanguage\":\"de\"}]}<\/script>\n<!-- \/ Yoast SEO plugin. -->","yoast_head_json":{"title":"Kinder in Afrika - Humanium","description":"Erfahren Sie mehr \u00fcber die Lage der Kinder nach Land in Afrika s\u00fcdlich der Sahara sowie die dargebrachten L\u00f6sungsans\u00e4tze zur Verwirklichung ihrer Rechte","robots":{"index":"index","follow":"follow","max-snippet":"max-snippet:-1","max-image-preview":"max-image-preview:large","max-video-preview":"max-video-preview:-1"},"canonical":"https:\/\/www.humanium.org\/de\/afrika\/","og_locale":"de_DE","og_type":"article","og_title":"Kinder in Afrika - Humanium","og_description":"Erfahren Sie mehr \u00fcber die Lage der Kinder nach Land in Afrika s\u00fcdlich der Sahara sowie die dargebrachten L\u00f6sungsans\u00e4tze zur Verwirklichung ihrer Rechte","og_url":"https:\/\/www.humanium.org\/de\/afrika\/","og_site_name":"Humanium","article_modified_time":"2025-12-05T16:38:58+00:00","twitter_card":"summary_large_image","twitter_misc":{"Gesch\u00e4tzte Lesezeit":"1\u00a0Minute"},"schema":{"@context":"https:\/\/schema.org","@graph":[{"@type":"WebPage","@id":"https:\/\/www.humanium.org\/de\/afrika\/","url":"https:\/\/www.humanium.org\/de\/afrika\/","name":"Kinder in Afrika - Humanium","isPartOf":{"@id":"https:\/\/www.humanium.org\/de\/#website"},"datePublished":"2013-12-13T12:09:10+00:00","dateModified":"2025-12-05T16:38:58+00:00","description":"Erfahren Sie mehr \u00fcber die Lage der Kinder nach Land in Afrika s\u00fcdlich der Sahara sowie die dargebrachten L\u00f6sungsans\u00e4tze zur Verwirklichung ihrer Rechte","breadcrumb":{"@id":"https:\/\/www.humanium.org\/de\/afrika\/#breadcrumb"},"inLanguage":"de","potentialAction":[{"@type":"ReadAction","target":["https:\/\/www.humanium.org\/de\/afrika\/"]}]},{"@type":"BreadcrumbList","@id":"https:\/\/www.humanium.org\/de\/afrika\/#breadcrumb","itemListElement":[{"@type":"ListItem","position":1,"name":"Home","item":"https:\/\/www.humanium.org\/de\/"},{"@type":"ListItem","position":2,"name":"Afrika"}]},{"@type":"WebSite","@id":"https:\/\/www.humanium.org\/de\/#website","url":"https:\/\/www.humanium.org\/de\/","name":"Humanium","description":"Kinder zuerst!","potentialAction":[{"@type":"SearchAction","target":{"@type":"EntryPoint","urlTemplate":"https:\/\/www.humanium.org\/de\/?s={search_term_string}"},"query-input":{"@type":"PropertyValueSpecification","valueRequired":true,"valueName":"search_term_string"}}],"inLanguage":"de"}]}},"_links":{"self":[{"href":"https:\/\/www.humanium.org\/de\/wp-json\/wp\/v2\/pages\/3406","targetHints":{"allow":["GET"]}}],"collection":[{"href":"https:\/\/www.humanium.org\/de\/wp-json\/wp\/v2\/pages"}],"about":[{"href":"https:\/\/www.humanium.org\/de\/wp-json\/wp\/v2\/types\/page"}],"author":[{"embeddable":true,"href":"https:\/\/www.humanium.org\/de\/wp-json\/wp\/v2\/users\/1"}],"replies":[{"embeddable":true,"href":"https:\/\/www.humanium.org\/de\/wp-json\/wp\/v2\/comments?post=3406"}],"version-history":[{"count":44,"href":"https:\/\/www.humanium.org\/de\/wp-json\/wp\/v2\/pages\/3406\/revisions"}],"predecessor-version":[{"id":20053,"href":"https:\/\/www.humanium.org\/de\/wp-json\/wp\/v2\/pages\/3406\/revisions\/20053"}],"wp:attachment":[{"href":"https:\/\/www.humanium.org\/de\/wp-json\/wp\/v2\/media?parent=3406"}],"curies":[{"name":"wp","href":"https:\/\/api.w.org\/{rel}","templated":true}]}}