{"id":3564,"date":"2014-01-13T07:50:19","date_gmt":"2014-01-13T07:50:19","guid":{"rendered":"http:\/\/www.humanium.org\/de\/?page_id=3564"},"modified":"2025-12-06T06:25:44","modified_gmt":"2025-12-06T06:25:44","slug":"palastina","status":"publish","type":"page","link":"https:\/\/www.humanium.org\/de\/palastina\/","title":{"rendered":"Pal\u00e4stinas Kinder"},"content":{"rendered":"<h1>Pal\u00e4stinas Kinder<\/h1>\n<h2>Die Kinderrechte in Pal\u00e4stina verwirklichen<\/h2>\n<p style=\"text-align: center;\"><img loading=\"lazy\" decoding=\"async\" class=\"alignnone size-full wp-image-16386\" title=\"Fillette palestinienne \u00a9 Afps14 (flickr)\" src=\"https:\/\/www.humanium.org\/fr\/wp-content\/uploads\/2011\/11\/petite-fille-afpsquatorze-flickr.jpg\" alt=\"\" width=\"136\" height=\"200\" \/> <img loading=\"lazy\" decoding=\"async\" class=\"alignnone size-full wp-image-16387\" title=\"Gar\u00e7on palestinien \u00a9 Gregg Carlstrom (flickr)\" src=\"https:\/\/www.humanium.org\/fr\/wp-content\/uploads\/2011\/11\/garcon-gregg-carlstrom-flickr.jpg\" alt=\"\" width=\"142\" height=\"200\" \/><\/p>\n<p>Mit Bezug auf den Israelisch-Pal\u00e4stinensischen Konflikt, erkl\u00e4rte das Komitee f\u00fcr die Rechte des Kindes 2013 seine tiefe Besorgnis \u00fcber die Tatsache, dass Kinder beider Konfliktparteien weiterhin get\u00f6tet oder verletzt werden, und dass jene Kinder, die in den besetzten Pal\u00e4stinensergebieten leben eine unverh\u00e4ltnism\u00e4\u00dfig gro\u00dfe Anzahl dieser Opfer ausmachen.<\/p>\n<p><strong>Der Staat Israel ist f\u00fcr die richtige Umsetzung der Internationalen Kinderrechtskonvention in Israel <em>und<\/em> in den besetzten pal\u00e4stinensischen Gebieten verantwortlich.<\/strong> Tats\u00e4chlich ist er, laut dem Internationalen Gerichtshof, in der Funktion des Besatzers f\u00fcr die Menschenrechtssituation in den Pal\u00e4stinensergebieten verantwortlich. <strong>Der israelische Staat lehnt es jedoch ab, diese Verantwortung anzuerkennen. Als Konsequenz daraus, bleiben die zahlreich auftretenden Kinderrechtsverletzungen ungestraft.<\/strong><\/p>\n<h3>Hauptprobleme mit denen Kinder in Pal\u00e4stina konfrontiert sind:<\/h3>\n<p><strong><a href=\"https:\/\/www.humanium.org\/de\/kinder-in-kriegen\/\" target=\"_blank\" rel=\"noopener\">Kinder als Kriegsopfer<br \/>\n<\/a><\/strong><br \/>\nIm bewaffneten Konflikt zwischen Israel und den Pal\u00e4stinensern beklagen wir den Tod vieler pal\u00e4stinensischer Kinder, unschuldige Opfer, die aus Versehen get\u00f6tet, aber auch kaltbl\u00fctig und grundlos von israelischen Soldaten abgeschlachtet werden.<\/p>\n<p>Im Gazastreifen, wo Israel einen Krieg gegen die Hamas f\u00fchrt, werden die verschiedenen israelischen Angriffe und \u00dcberfalle auf Kosten des Lebens vieler Kinder ausgetragen.<\/p>\n<p>Die Angriffe zielen oft auf \u00f6ffentliche Orte ab, welche als Zufluchtsorte f\u00fcr die Zivilbev\u00f6lkerung dienen, wie zum Beispiel Schulen, Krankenh\u00e4user usw. Abgesehen vom Verlust ihres Lebens erleiden zehntausende von Kindern Verletzungen und einige werden ein Leben lang gezeichnet sein.<\/p>\n<p>\u201eFlashbacks, Albtr\u00e4ume, Agoraphobie: die negativen Folgen des Krieges verschonen die Kinder nicht\u201c, sagte UNICEF nach einer Befragung von Kindern in Gaza. Diese sind traumatisiert: 80% von ihnen haben Angst.<\/p>\n<p>Die Hamas z\u00f6gert nicht, pal\u00e4stinensische Kinder aus dem Gazastreifen als aktive K\u00e4mpfer in ihrem Konflikt mit Israel zu rekrutieren. So kann man auf einer Internetseite beobachten, wie die Hamas die Kinder zum Suizid anstiftet und diesen glorifiziert, um die pal\u00e4stinensische Sache voranzutreiben. Mit dem Slogan: \u201eDas Sterben f\u00fcr Gott ist der Sieg\u201c, werden die Kinder ermutigt, sich aktiv am Konflikt zu beteiligen, auf Kosten ihres Rechts auf Leben und Schutz.<\/p>\n<p><strong>Kinder als Opfer der Besatzung<br \/>\n<\/strong><br \/>\nAndererseits beeintr\u00e4chtigt die Besatzung der Pal\u00e4stinensergebiete durch Israel t\u00e4glich das Leben der Kinder.<\/p>\n<p>Die pal\u00e4stinensische Autonomiebeh\u00f6rde ist gr\u00f6\u00dftenteils von internationaler Hilfe abh\u00e4ngig, die finanziellen Ressourcen sind gering und der \u00f6ffentliche Dienst ist nicht voll leistungsf\u00e4hig.<\/p>\n<p>Die Mauer, welche teilweise die Form eines Zauns annimmt, verl\u00e4uft im Zick-Zack durch das Westjordanland und hat vielerlei Auswirkungen auf den Zugang zu Bildung, zu Wasser, zu medizinischer Versorgung und auf die wirtschaftliche Entwicklung des Landes. (Siehe folgende Kapitel).<\/p>\n<p>Au\u00dferdem zeigen Berichte von Nichtregierungsorganisationen, dass Israel pro-pal\u00e4stinensische Demonstrationen unter Anwendung von Gewalt unterdr\u00fcckt und nicht z\u00f6gert Tr\u00e4nengas anzuwenden oder in die Menge zu feuern, auch wenn es sich dabei um Kinder handelt.<\/p>\n<p>Ein Kieselstein wird von der israelischen Armee als gef\u00e4hrliches Geschoss eingestuft, ebenso wie eine echte Kugel. Sollte also ein Kind einen Kieselstein auf einen israelischen Soldaten werfen, kann dieser darauf mit einer Waffe antworten und das Kind kann zu bis zu 20 Jahre Gef\u00e4ngnis verurteilt werden.<\/p>\n<p><strong><a href=\"https:\/\/www.humanium.org\/de\/kinderarmut\/\" target=\"_blank\" rel=\"noopener\">Armut<br \/>\n<\/a><\/strong><br \/>\nDie israelischen Einschr\u00e4nkungen f\u00fcr die Bewegungsfreiheit von Personen und G\u00fctern ist eines der Hauptprobleme f\u00fcr die pal\u00e4stinensische Wirtschaft.<\/p>\n<p>Im Jahr 2012 lag die Arbeitslosenquote bei 27% und neueren Zahlen zufolge leben 26% der Pal\u00e4stinenser unter der Armutsgrenze.<\/p>\n<p>In Gaza, wo die Armut besonders gro\u00df ist, hat nur jeder zweite junge Mensch die Chance Arbeit zu finden.<\/p>\n<p>Die Auswirkungen der Armut auf das Leben der Kinder sind vielf\u00e4ltig. Ihre Bildung bleibt oft unvollst\u00e4ndig, da sie die Schule fr\u00fch abbrechen, um zu arbeiten und um ihre Familien zu unterst\u00fctzen. Die fr\u00fche Heirat von M\u00e4dchen und Jugendkriminalit\u00e4t sind ebenfalls Auswirkungen der Armut.<\/p>\n<p><strong><a href=\"https:\/\/www.humanium.org\/de\/recht-bildung\/\" target=\"_blank\" rel=\"noopener\">Bildung<br \/>\n<\/a><\/strong><br \/>\nIn Pal\u00e4stina besuchen etwa 70% der Kinder die Grundschule.<br \/>\nDer Zugang zu Bildung ist schwierig f\u00fcr die Kinder, die in Fl\u00fcchtlingscamps und in D\u00f6rfern ohne eigene Schule leben.<\/p>\n<p>Einer UNICEF-Studie von 2013 zufolge durchqueren mehr als 2500 Kinder aus den untersuchten Gemeinden zwischen einem und mehreren Checkpoints um zur Schule zu gelangen. Eine Situation, die zum Abbruch der Schulausbildung und zur Kinderarbeit beitr\u00e4gt.<\/p>\n<p>Au\u00dferdem sind die Klassen \u00fcbergro\u00df, ihre Anzahl ist zu gering, der Unterricht ist von schlechter Qualit\u00e4t und die Schulen m\u00fcssen mit wenigen Mitteln zurechtkommen.<\/p>\n<p>In Gaza wurden als Folge der Operation \u201eGegossenes Blei\u201c 2012 viele Schulen besch\u00e4digt oder zerst\u00f6rt. Laut UNICEF haben 2013 mehr als 123000 Kinder ihre Schulausbildung abgebrochen.<\/p>\n<p><strong><a href=\"https:\/\/www.humanium.org\/de\/das-recht-auf-gesundheit\/\" target=\"_blank\" rel=\"noopener\">Recht auf Gesundheit<br \/>\n<\/a><\/strong><br \/>\nIn Pal\u00e4stina ist die Kleinkindersterblichkeitsrate siebenmal h\u00f6her als in Israel. Tats\u00e4chlich sterben 22 \u2030 der pal\u00e4stinensischen Kinder bevor sie das 5. Lebensjahr erreichen. Die Gr\u00fcnde f\u00fcr diese hohe Kindersterblichkeit sind vielf\u00e4ltig: An\u00e4mie, Mangelern\u00e4hrung und chronische Unterern\u00e4hrung.<\/p>\n<p>Der Zugang zu medizinischer Versorgung kann sich in Pal\u00e4stina durch das Vorhandensein der Mauer und der Checkpoints \u00e4u\u00dferst schwierig gestalten. Es gibt Berichte \u00fcber F\u00e4lle, in denen die israelische Armee es verhindert hat, dass Familien die Checkpoints durchquerten, um ein Krankenhaus zu erreichen, wo sie ihre kranken Kinder behandeln lassen wollten.<\/p>\n<p>Wenn die medizinische Versorgung bereits \u00fcberf\u00e4llig ist, kann dieses Problem t\u00f6dlich enden. Durch den Konflikt wurden auch viele der vorhandenen Krankenh\u00e4user zerst\u00f6rt, was die Kinder ihres Rechts auf Gesundheit beraubt.<\/p>\n<p><strong><a href=\"https:\/\/www.humanium.org\/de\/recht-wasser\/\" target=\"_blank\" rel=\"noopener\">Recht auf Wasser<br \/>\n<\/a><\/strong><br \/>\nDie Wasserressourcen sind stark eingeschr\u00e4nkt, daher wird die Hygiene der Befriedigung der Grundbed\u00fcrfnisse (Trinken und Essen) nachgestellt. Dar\u00fcber hinaus bewirkt der Konsum des unsauberen Wassers schwere Krankheiten bei den Kindern (Durchf\u00e4lle, Hepatitis\u2026).<\/p>\n<p>Im Westjordanland mussten sich 2013 mehr als eine Million Pal\u00e4stinenser auf 60 Liter Wasser pro Tag und pro Person beschr\u00e4nken, was deutlich unter der von der UN empfohlenen Tagesmenge von 100 Litern pro Person liegt.<\/p>\n<p><strong>In Gaza sind 95% des Wassers nicht f\u00fcr den menschlichen Verzehr geeignet.<\/strong> Es ist so sehr verschmutzt, dass das Gebiet 2016 kein Trinkwasser mehr haben wird, mit irreversiblen Auswirkungen im Jahr 2020. Der gestiegene Nitratgehalt (verursacht durch schlechte Abwasseraufbereitung) ist die Quelle vieler Krankheiten, welche vor allem Kleinkinder und Kinder betreffen.<\/p>\n<p><strong><a href=\"https:\/\/www.humanium.org\/de\/kinderheirat\/\" target=\"_blank\" rel=\"noopener\">Kinderheirat<br \/>\n<\/a><\/strong><br \/>\nObwohl die gesetzliche Vollj\u00e4hrigkeit bei 18 Jahren liegt, ist Kinderheirat eine Praxis, die in Pal\u00e4stina bereits sehr verbreitet ist. Eines von zehn M\u00e4dchen zwischen 15 und 19 Jahren ist verheiratet, 2% von ihnen bereits vor dem 15. Lebensjahr.<\/p>\n<p>Diese Ehen k\u00f6nnen negative Auswirkungen auf die jungen M\u00e4dchen haben, die sich dieser Auswirkungen nicht bewusst sind. In den meisten F\u00e4llen sind die M\u00e4dchen gezwungen, nachdem sie verheiratet wurden, zu Frauen zu werden und sich um den Haushalt und um ihre Ehem\u00e4nner zu k\u00fcmmern. Dar\u00fcber hinaus werden viele M\u00e4dchen im Zuge der Heirat schwanger und m\u00fcssen sich um ihren Nachwuchs k\u00fcmmern, obwohl sie selbst noch Kinder sind.<\/p>\n<p><strong><a href=\"https:\/\/www.humanium.org\/de\/diskriminierung\/\" target=\"_blank\" rel=\"noopener\">Diskriminierung<br \/>\n<\/a><\/strong><br \/>\nFrauen und M\u00e4dchen sind weiterhin Opfer von Diskriminierung. Sie sind besonders von \u201eEhrenverbrechen\u201c betroffen. Obwohl diese Verbrechen nach dem Gesetz strafbar sind, erhalten die M\u00e4nner oft nur eine Abmahnung vor Gericht und der Hilferuf der Frauen wird nicht geh\u00f6rt.<\/p>\n","protected":false},"excerpt":{"rendered":"<p>Pal\u00e4stinas Kinder Die Kinderrechte in Pal\u00e4stina verwirklichen Mit Bezug auf den Israelisch-Pal\u00e4stinensischen Konflikt, erkl\u00e4rte das Komitee f\u00fcr die Rechte des Kindes 2013 seine tiefe Besorgnis \u00fcber die Tatsache, dass Kinder beider Konfliktparteien weiterhin get\u00f6tet oder verletzt werden, und dass jene Kinder, die in den besetzten Pal\u00e4stinensergebieten leben eine unverh\u00e4ltnism\u00e4\u00dfig gro\u00dfe Anzahl dieser Opfer ausmachen. Der [&hellip;]<\/p>\n","protected":false},"author":1,"featured_media":0,"parent":0,"menu_order":0,"comment_status":"closed","ping_status":"closed","template":"","meta":{"footnotes":""},"class_list":["post-3564","page","type-page","status-publish","hentry"],"yoast_head":"<!-- This site is optimized with the Yoast SEO plugin v26.5 - https:\/\/yoast.com\/wordpress\/plugins\/seo\/ -->\n<title>Pal\u00e4stinas Kinder - Humanium<\/title>\n<meta name=\"description\" content=\"Mit Bezug auf den Israelisch-Pal\u00e4stinensischen Konflikt, Kinder beider Konfliktparteien werden weiterhin get\u00f6tet oder verletzt.\" \/>\n<meta name=\"robots\" content=\"index, follow, max-snippet:-1, max-image-preview:large, max-video-preview:-1\" \/>\n<link rel=\"canonical\" href=\"https:\/\/www.humanium.org\/de\/palastina\/\" \/>\n<meta property=\"og:locale\" content=\"de_DE\" \/>\n<meta property=\"og:type\" content=\"article\" \/>\n<meta property=\"og:title\" content=\"Pal\u00e4stinas Kinder - Humanium\" \/>\n<meta property=\"og:description\" content=\"Mit Bezug auf den Israelisch-Pal\u00e4stinensischen Konflikt, Kinder beider Konfliktparteien werden weiterhin get\u00f6tet oder verletzt.\" \/>\n<meta property=\"og:url\" content=\"https:\/\/www.humanium.org\/de\/palastina\/\" \/>\n<meta property=\"og:site_name\" content=\"Humanium\" \/>\n<meta property=\"article:modified_time\" content=\"2025-12-06T06:25:44+00:00\" \/>\n<meta name=\"twitter:card\" content=\"summary_large_image\" \/>\n<meta name=\"twitter:label1\" content=\"Gesch\u00e4tzte Lesezeit\" \/>\n\t<meta name=\"twitter:data1\" content=\"8\u00a0Minuten\" \/>\n<script type=\"application\/ld+json\" class=\"yoast-schema-graph\">{\"@context\":\"https:\/\/schema.org\",\"@graph\":[{\"@type\":\"WebPage\",\"@id\":\"https:\/\/www.humanium.org\/de\/palastina\/\",\"url\":\"https:\/\/www.humanium.org\/de\/palastina\/\",\"name\":\"Pal\u00e4stinas Kinder - Humanium\",\"isPartOf\":{\"@id\":\"https:\/\/www.humanium.org\/de\/#website\"},\"primaryImageOfPage\":{\"@id\":\"https:\/\/www.humanium.org\/de\/palastina\/#primaryimage\"},\"image\":{\"@id\":\"https:\/\/www.humanium.org\/de\/palastina\/#primaryimage\"},\"thumbnailUrl\":\"https:\/\/www.humanium.org\/fr\/wp-content\/uploads\/2011\/11\/petite-fille-afpsquatorze-flickr.jpg\",\"datePublished\":\"2014-01-13T07:50:19+00:00\",\"dateModified\":\"2025-12-06T06:25:44+00:00\",\"description\":\"Mit Bezug auf den Israelisch-Pal\u00e4stinensischen Konflikt, Kinder beider Konfliktparteien werden weiterhin get\u00f6tet oder verletzt.\",\"breadcrumb\":{\"@id\":\"https:\/\/www.humanium.org\/de\/palastina\/#breadcrumb\"},\"inLanguage\":\"de\",\"potentialAction\":[{\"@type\":\"ReadAction\",\"target\":[\"https:\/\/www.humanium.org\/de\/palastina\/\"]}]},{\"@type\":\"ImageObject\",\"inLanguage\":\"de\",\"@id\":\"https:\/\/www.humanium.org\/de\/palastina\/#primaryimage\",\"url\":\"https:\/\/www.humanium.org\/fr\/wp-content\/uploads\/2011\/11\/petite-fille-afpsquatorze-flickr.jpg\",\"contentUrl\":\"https:\/\/www.humanium.org\/fr\/wp-content\/uploads\/2011\/11\/petite-fille-afpsquatorze-flickr.jpg\"},{\"@type\":\"BreadcrumbList\",\"@id\":\"https:\/\/www.humanium.org\/de\/palastina\/#breadcrumb\",\"itemListElement\":[{\"@type\":\"ListItem\",\"position\":1,\"name\":\"Home\",\"item\":\"https:\/\/www.humanium.org\/de\/\"},{\"@type\":\"ListItem\",\"position\":2,\"name\":\"Pal\u00e4stinas Kinder\"}]},{\"@type\":\"WebSite\",\"@id\":\"https:\/\/www.humanium.org\/de\/#website\",\"url\":\"https:\/\/www.humanium.org\/de\/\",\"name\":\"Humanium\",\"description\":\"Kinder zuerst!\",\"potentialAction\":[{\"@type\":\"SearchAction\",\"target\":{\"@type\":\"EntryPoint\",\"urlTemplate\":\"https:\/\/www.humanium.org\/de\/?s={search_term_string}\"},\"query-input\":{\"@type\":\"PropertyValueSpecification\",\"valueRequired\":true,\"valueName\":\"search_term_string\"}}],\"inLanguage\":\"de\"}]}<\/script>\n<!-- \/ Yoast SEO plugin. -->","yoast_head_json":{"title":"Pal\u00e4stinas Kinder - Humanium","description":"Mit Bezug auf den Israelisch-Pal\u00e4stinensischen Konflikt, Kinder beider Konfliktparteien werden weiterhin get\u00f6tet oder verletzt.","robots":{"index":"index","follow":"follow","max-snippet":"max-snippet:-1","max-image-preview":"max-image-preview:large","max-video-preview":"max-video-preview:-1"},"canonical":"https:\/\/www.humanium.org\/de\/palastina\/","og_locale":"de_DE","og_type":"article","og_title":"Pal\u00e4stinas Kinder - Humanium","og_description":"Mit Bezug auf den Israelisch-Pal\u00e4stinensischen Konflikt, Kinder beider Konfliktparteien werden weiterhin get\u00f6tet oder verletzt.","og_url":"https:\/\/www.humanium.org\/de\/palastina\/","og_site_name":"Humanium","article_modified_time":"2025-12-06T06:25:44+00:00","twitter_card":"summary_large_image","twitter_misc":{"Gesch\u00e4tzte Lesezeit":"8\u00a0Minuten"},"schema":{"@context":"https:\/\/schema.org","@graph":[{"@type":"WebPage","@id":"https:\/\/www.humanium.org\/de\/palastina\/","url":"https:\/\/www.humanium.org\/de\/palastina\/","name":"Pal\u00e4stinas Kinder - Humanium","isPartOf":{"@id":"https:\/\/www.humanium.org\/de\/#website"},"primaryImageOfPage":{"@id":"https:\/\/www.humanium.org\/de\/palastina\/#primaryimage"},"image":{"@id":"https:\/\/www.humanium.org\/de\/palastina\/#primaryimage"},"thumbnailUrl":"https:\/\/www.humanium.org\/fr\/wp-content\/uploads\/2011\/11\/petite-fille-afpsquatorze-flickr.jpg","datePublished":"2014-01-13T07:50:19+00:00","dateModified":"2025-12-06T06:25:44+00:00","description":"Mit Bezug auf den Israelisch-Pal\u00e4stinensischen Konflikt, Kinder beider Konfliktparteien werden weiterhin get\u00f6tet oder verletzt.","breadcrumb":{"@id":"https:\/\/www.humanium.org\/de\/palastina\/#breadcrumb"},"inLanguage":"de","potentialAction":[{"@type":"ReadAction","target":["https:\/\/www.humanium.org\/de\/palastina\/"]}]},{"@type":"ImageObject","inLanguage":"de","@id":"https:\/\/www.humanium.org\/de\/palastina\/#primaryimage","url":"https:\/\/www.humanium.org\/fr\/wp-content\/uploads\/2011\/11\/petite-fille-afpsquatorze-flickr.jpg","contentUrl":"https:\/\/www.humanium.org\/fr\/wp-content\/uploads\/2011\/11\/petite-fille-afpsquatorze-flickr.jpg"},{"@type":"BreadcrumbList","@id":"https:\/\/www.humanium.org\/de\/palastina\/#breadcrumb","itemListElement":[{"@type":"ListItem","position":1,"name":"Home","item":"https:\/\/www.humanium.org\/de\/"},{"@type":"ListItem","position":2,"name":"Pal\u00e4stinas Kinder"}]},{"@type":"WebSite","@id":"https:\/\/www.humanium.org\/de\/#website","url":"https:\/\/www.humanium.org\/de\/","name":"Humanium","description":"Kinder zuerst!","potentialAction":[{"@type":"SearchAction","target":{"@type":"EntryPoint","urlTemplate":"https:\/\/www.humanium.org\/de\/?s={search_term_string}"},"query-input":{"@type":"PropertyValueSpecification","valueRequired":true,"valueName":"search_term_string"}}],"inLanguage":"de"}]}},"_links":{"self":[{"href":"https:\/\/www.humanium.org\/de\/wp-json\/wp\/v2\/pages\/3564","targetHints":{"allow":["GET"]}}],"collection":[{"href":"https:\/\/www.humanium.org\/de\/wp-json\/wp\/v2\/pages"}],"about":[{"href":"https:\/\/www.humanium.org\/de\/wp-json\/wp\/v2\/types\/page"}],"author":[{"embeddable":true,"href":"https:\/\/www.humanium.org\/de\/wp-json\/wp\/v2\/users\/1"}],"replies":[{"embeddable":true,"href":"https:\/\/www.humanium.org\/de\/wp-json\/wp\/v2\/comments?post=3564"}],"version-history":[{"count":9,"href":"https:\/\/www.humanium.org\/de\/wp-json\/wp\/v2\/pages\/3564\/revisions"}],"predecessor-version":[{"id":20774,"href":"https:\/\/www.humanium.org\/de\/wp-json\/wp\/v2\/pages\/3564\/revisions\/20774"}],"wp:attachment":[{"href":"https:\/\/www.humanium.org\/de\/wp-json\/wp\/v2\/media?parent=3564"}],"curies":[{"name":"wp","href":"https:\/\/api.w.org\/{rel}","templated":true}]}}