{"id":3630,"date":"2014-01-20T11:29:09","date_gmt":"2014-01-20T11:29:09","guid":{"rendered":"http:\/\/www.humanium.org\/de\/?page_id=3630"},"modified":"2025-12-06T06:25:45","modified_gmt":"2025-12-06T06:25:45","slug":"israel","status":"publish","type":"page","link":"https:\/\/www.humanium.org\/de\/israel\/","title":{"rendered":"Kinder Israels"},"content":{"rendered":"<h1>Israels Kinder<\/h1>\n<h2>Die Kinderrechte in Israel verwirklichen<\/h2>\n<p style=\"text-align: center;\"><img loading=\"lazy\" decoding=\"async\" class=\"size-full wp-image-16399 alignnone\" title=\"Israelisches M\u00e4dchen \u00a9 David Urieli (flickr)\" src=\"https:\/\/www.humanium.org\/fr\/wp-content\/uploads\/2011\/11\/petite-fille-david-urieli.jpg\" alt=\"\" width=\"155\" height=\"200\" \/>\u00a0 <img loading=\"lazy\" decoding=\"async\" class=\"size-full wp-image-7971 alignnone\" title=\"Junger israelisch \u00a9 Jewish Agency Israel\" src=\"https:\/\/www.humanium.org\/fr\/wp-content\/uploads\/jewish-agency-israel.jpg\" alt=\"\" width=\"134\" height=\"200\" \/><\/p>\n<p><strong>Die Situation der Kinderrechte in Israel ist auch heute noch problematisch. Auch wenn seit der Gr\u00fcndung des Staates Israel im Jahr 1948 Fortschritte verzeichnet wurden, sch\u00e4tzt das <a href=\"https:\/\/www.humanium.org\/de\/ausschuss-rolle\/\" target=\"_blank\" rel=\"noopener\">Kinderrechts-Komitee<\/a>, dass noch \u201eviel getan werden muss\u201c, besonders hinsichtlich der Migrantenkinder und der Kinder der Minderheiten der israelischen Gesellschaft.<\/strong><\/p>\n<p>Der fortw\u00e4hrende Konflikt zwischen Israel und Pal\u00e4stina hat unbestreitbare Folgen f\u00fcr die Kinderrechte in Israel (<a href=\"https:\/\/www.humanium.org\/de\/recht-leben\/\" target=\"_blank\" rel=\"noopener\">Recht auf Leben<\/a>, <a href=\"https:\/\/www.humanium.org\/de\/das-recht-auf-schutz\/\" target=\"_blank\" rel=\"noopener\">Sicherheit<\/a>, usw.), aber auch in Pal\u00e4stina, wo sich die israelische Besatzung dramatisch auswirkt: Die Rechte der pal\u00e4stinensischen Kinder werden t\u00e4glich verletzt, insbesondere durch die israelischen Streitkr\u00e4fte und Siedler (siehe auch: <a href=\"https:\/\/www.humanium.org\/de\/palastina\/\" target=\"_blank\" rel=\"noopener\">Kinder Pal\u00e4stinas<\/a>).<\/p>\n<p>Der Staat Israel ist f\u00fcr die richtige Anwendung der <a href=\"https:\/\/www.humanium.org\/de\/konvention\/\" target=\"_blank\" rel=\"noopener\">Internationalen Kinderrechtskonvention (KRK)<\/a> in Israel <em>und<\/em> im pal\u00e4stinensischen Gebiet, das er seit 1967 besetzt, (Pal\u00e4stinensische Autonomiegebiete)1 verantwortlich. In der Tat ist nach dem Internationalen Gerichtshof der israelische Staat als Besatzungsmacht f\u00fcr die Menschenrechte in Pal\u00e4stina verantwortlich. Jedoch lehnt er es ab, diese Verpflichtung anzuerkennen.<\/p>\n<h3>Hauptprobleme, mit denen die Kinder in Israel konfrontiert sind (und Folgen der israelischen Politik f\u00fcr die Kinder der Autonomiegebiete):<\/h3>\n<p><strong><a href=\"https:\/\/www.humanium.org\/de\/kinderarmut\/\" target=\"_blank\" rel=\"noopener\">Armut<br \/>\n<\/a><\/strong><br \/>\nIn Israel leidet sch\u00e4tzungsweise ungef\u00e4hr ein Viertel der Bev\u00f6lkerung unter Armut.<\/p>\n<p><img loading=\"lazy\" decoding=\"async\" class=\"alignright wp-image-8076\" title=\"Die am st\u00e4rksten Betroffenen sind die Kinder ethnischer Minderheiten wie die Beduinen \u00a9 James Emery\" src=\"https:\/\/www.humanium.org\/fr\/wp-content\/uploads\/james-emery-beduin-boy.jpg\" alt=\"\" width=\"110\" height=\"149\" \/>Eines von drei Kindern lebt demnach unter bedenklichen Bedingungen und leidet an Mangelern\u00e4hrung, Tendenz steigend.<\/p>\n<p>Die am st\u00e4rksten Betroffenen sind die Kinder ethnischer Minderheiten wie die Beduinen.<\/p>\n<p><strong><a href=\"https:\/\/www.humanium.org\/de\/das-recht-auf-gesundheit\/\" target=\"_blank\" rel=\"noopener\">Recht auf Gesundheit<br \/>\n<\/a><\/strong><br \/>\nAllgemein wird das Recht auf Gesundheit der israelischen Kinder gew\u00e4hrleistet und das Gesundheitssystem ist qualitativ hochwertig.<\/p>\n<p>Indessen ist der Zugang zu dieser F\u00fcrsorge f\u00fcr die Kinder, die Minderheiten oder Randgruppen angeh\u00f6ren, erschwert.<\/p>\n<p>Insbesondere l\u00e4sst sich eine erh\u00f6hte Sterblichkeitsrate bei den beduinischen Kindern, die aus von Israel \u201enicht anerkannten\u201c D\u00f6rfern stammen, feststellen. Im Negev haben viele Kinder keinen Zugang zu ausreichendem Trinkwasser.<\/p>\n<p>Au\u00dferdem mangelt es den Krankenh\u00e4usern erheblich an arabisch-sprachigem Fachpersonal, was die Pflege erschwert und die arabisch-israelische Bev\u00f6lkerung diskriminiert, die laut Gesetz jedoch die gleichen Rechte wie die israelisch-j\u00fcdische Bev\u00f6lkerung genie\u00dft.<\/p>\n<p><strong><a href=\"https:\/\/www.humanium.org\/de\/recht-bildung\/\" target=\"_blank\" rel=\"noopener\">Bildung<br \/>\n<\/a><\/strong><br \/>\nIn Israel ist die Schulbildung bis zum Alter von elf Jahren verpflichtend und f\u00fcr alle Kinder zwischen f\u00fcnf und 16 Jahren kostenlos.<\/p>\n<p>Hebr\u00e4isch und Arabisch sind die beiden offiziellen Sprachen in Israel. Jedoch lernen arabische und j\u00fcdische Kinder in zwei unterschiedlichen Schulsystemen.<\/p>\n<p>Dar\u00fcber hinaus investiert der Staat eher in das j\u00fcdische Schulsystem \u2013 zu Lasten der arabischen Kinder, die eine mittelm\u00e4\u00dfige Bildung bekommen und h\u00e4ufiger die Schule abbrechen.<\/p>\n<p><img loading=\"lazy\" decoding=\"async\" class=\"wp-image-8077 alignright\" title=\"Der israelische Staat investiert eher in das j\u00fcdische Schulsystem zu Lasten der arabischen Kinder, die eine mittelm\u00e4\u00dfige Bildung bekommen und h\u00e4ufiger die Schule abbrechen \u00a9 Delayed gratification (Flickr)\" src=\"https:\/\/www.humanium.org\/fr\/wp-content\/uploads\/560565435_1aeec35de0_z.jpg\" alt=\"\" width=\"186\" height=\"155\" \/>Die \u201estarke Militarisierung des Bildungssystems\u201c, die vom <a href=\"https:\/\/www.humanium.org\/de\/ausschuss-rolle\/\" target=\"_blank\" rel=\"noopener\">Kinderrechts-Komitee<\/a> beobachtet wird und zu Lasten einer Erziehung zum Frieden geht, verst\u00e4rkt bei den jungen, vor allem j\u00fcdischen, Israelis den Kreislauf des Desinteresses und sogar des Hasses gegen\u00fcber den pal\u00e4stinensischen und arabischen Kindern.<\/p>\n<p><strong><a href=\"https:\/\/www.humanium.org\/de\/kinder-in-kriegen\/\" target=\"_blank\" rel=\"noopener\">Kinder als Kriegsopfer<br \/>\n<\/a><\/strong><br \/>\nIm Rahmen des israelisch-pal\u00e4stinensischen Konflikts sterben viele israelische Kinder, irrt\u00fcmlich oder infolge eines Angriffs w\u00e4hrend der Auseinandersetzungen, als unschuldige Todesopfer.<\/p>\n<p>Berichten zufolge wurden israelische Schulbusse zum Ziel von Sch\u00fcssen, und Raketen, die im Gaza-Streifen von bewaffneten pal\u00e4stinensischen Gruppen abgefeuert werden, sind zum Teil auf zivile Ziele in Israel gerichtet, was gegen das Kriegsrecht verst\u00f6\u00dft und Kinder in Lebensgefahr bringt.<\/p>\n<p><strong><a href=\"https:\/\/www.humanium.org\/de\/misshandlung\/\" target=\"_blank\" rel=\"noopener\">Misshandlungen<br \/>\n<\/a><\/strong><br \/>\nTrotz der Bem\u00fchungen der Regierung und der Verk\u00fcndung von Schutzgesetzen werden zahlreiche Kinder Opfer von Gewalt oder Misshandlungen in der Familie, der Schule oder durch staatliche Institutionen. In den K\u00f6pfen der Leute ist Disziplin h\u00e4ufig immer noch mit Gewalt verbunden.<\/p>\n<p>Die Medien berichten auch \u00fcber F\u00e4lle sexuellen Missbrauchs, die durch Milit\u00e4rangeh\u00f6rige oder im Gef\u00e4ngnis an Kindern begangen werden.<\/p>\n<p><strong>Misshandlungen und F\u00e4lle von Folter bei pal\u00e4stinensischen Kindern<br \/>\n<\/strong><br \/>\nDas Verhalten der Milit\u00e4r- und Polizeieinheiten gegen\u00fcber pal\u00e4stinensischen Kindern erregt beim <a href=\"https:\/\/www.humanium.org\/de\/ausschuss-rolle\/\" target=\"_blank\" rel=\"noopener\">Kinderrechts-Komitee<\/a> noch immer Besorgnis.<\/p>\n<p>Diese Einheiten werden beschuldigt, pal\u00e4stinensische Kinder als menschliche Schutzschilder bei Kundgebungen oder als Informanten zu missbrauchen und au\u00dfergerichtlich Folter oder Morde an ihnen zu ver\u00fcben.<\/p>\n<p>So richteten zum Beispiel Soldaten ihr Gewehr auf ein neunj\u00e4hriges Kind um es zu zwingen S\u00e4cke, in denen Sprengstoff vermutet wurde, zu durchsuchen.<\/p>\n<p>Laut UNICEF sind physische und psychische Misshandlungen junger Pal\u00e4stinenser im israelischen Milit\u00e4rhaftsystem &#8222;verbreitet, systematisch und institutionalisiert&#8220;.<\/p>\n<p>Physische und verbale Gewalt, Dem\u00fctigungen, Todesdrohungen oder sexueller Missbrauch, Schlafentzug, Fesseln an Handgelenken und F\u00fc\u00dfen durch Ketten, Str\u00e4flingskleidung, Begrenzung des Zugangs zu Wasser, Nahrung oder sanit\u00e4ren Anlagen \u2013 dies alles sind Akte der Grausamkeit, Unmenschlichkeit und Entw\u00fcrdigung, die die israelischen Einheiten jungen Pal\u00e4stinensern von Beginn ihrer Inhaftierung bis zum Prozess antun.<\/p>\n<p><strong><a href=\"https:\/\/www.humanium.org\/de\/kinder-im-justizsystem\/\" target=\"_blank\" rel=\"noopener\">Jugendstrafrecht<br \/>\n<\/a><\/strong><br \/>\nIsrael wendet ein Rechtssystem an, das zwischen israelischen und pal\u00e4stinensischen Kindern unterscheidet und verst\u00f6\u00dft damit gegen den Gleichheitsgrundsatz und gegen das Prinzip der <a href=\"https:\/\/www.humanium.org\/de\/diskriminierung\/\" target=\"_blank\" rel=\"noopener\">Nichtdiskriminierung<\/a>. So werden israelische Kinder vor ein Zivilgericht gestellt und pal\u00e4stinensische vor ein Milit\u00e4rgericht.<\/p>\n<p>So wird nach der Milit\u00e4rordnung 1651 ein pal\u00e4stinensisches Kind ab zw\u00f6lf Jahren f\u00fcr seine Taten verantwortlich gemacht und kann bis zu sechs Monaten inhaftiert werden und verb\u00fc\u00dft ab 16 Jahren die gleichen Strafen wie ein Erwachsener.<\/p>\n<p>Das Gesetz wurde k\u00fcrzlich ge\u00e4ndert und das M\u00fcndigkeitsalter von 16 auf 18 Jahre angehoben, jedoch wird es in der Realit\u00e4t nicht vollst\u00e4ndig angewandt, wie das <a href=\"https:\/\/www.humanium.org\/de\/ausschuss-rolle\/\" target=\"_blank\" rel=\"noopener\">Kinderrechts-Komitee<\/a> in seiner Evaluation 2013 betont.<\/p>\n<p>In der Mehrzahl der F\u00e4lle werden pal\u00e4stinensische Kinder wegen Steinewerfens angeklagt, was ihnen 20 Jahre Haft einbringen kann.<\/p>\n<p>Laut UNICEF werden jedes Jahr ungef\u00e4hr 700 junge Pal\u00e4stinenser zwischen zw\u00f6lf und 17 Jahren von israelischen Einheiten festgenommen, verh\u00f6rt und inhaftiert.<\/p>\n<p>Gem\u00e4\u00df der <a href=\"https:\/\/www.humanium.org\/de\/konvention\/\" target=\"_blank\" rel=\"noopener\">KRK<\/a> \u201emuss die Festnahme, Inhaftierung und Haftstrafe eines Kindes im Einklang mit dem Gesetz und darf nur ein letztes Mittel sein\u201c.<\/p>\n<p>Pal\u00e4stinensische Kinder k\u00f6nnen vor ihrer Gerichtsverhandlung willk\u00fcrlich vier Tage inhaftiert werden.<\/p>\n<p>Ihr Recht auf einen fairen Prozess wird eindeutig verletzt: Sie werden kaum \u00fcber ihre Rechte aufgekl\u00e4rt und werden mit Einsch\u00fcchterung und Gewalt dazu gezwungen \u201eGest\u00e4ndnisse\u201c auf Hebr\u00e4isch zu unterzeichnen \u2013 in einer Sprache, die die Mehrheit unter ihnen nicht beherrscht.<\/p>\n<p>Rund 90 % der Kinder bekennen sich laut einem Bericht des Menschenrechtsrats schuldig, um den Misshandlungen, die sie bis dahin erlitten haben, zu entgehen.<\/p>\n<p><strong><a href=\"https:\/\/www.humanium.org\/de\/diskriminierung\/\" target=\"_blank\" rel=\"noopener\">Diskriminierung<br \/>\n<\/a><\/strong><br \/>\nDas <a href=\"https:\/\/www.humanium.org\/de\/ausschuss-rolle\/\" target=\"_blank\" rel=\"noopener\">Kinderrechts-Komitee<\/a> zeigte sich in seinem letzten Bericht \u00fcber Israel besorgt ob der zahlreichen Diskriminierungen gegen\u00fcber pal\u00e4stinensischen, israelisch-arabischen, beduinischen oder \u00e4thiopischen Kindern oder Kindern von Arbeitsmigranten oder Asylbewerbern.<\/p>\n<p><strong><a href=\"https:\/\/www.humanium.org\/de\/recht-auf-identitat\/\" target=\"_blank\" rel=\"noopener\">Recht auf Identit\u00e4t<br \/>\n<\/a><\/strong><br \/>\nF\u00fcr Kinder ausl\u00e4ndischer Eltern ist es sehr schwer, ihre Existenz in Israel offiziell anerkannt zu bekommen: Der Geburtsanmeldung stehen zahlreiche administrative Hindernisse entgegen, insbesondere da der Staat die doppelte Staatsb\u00fcrgerschaft nicht anerkennt.<\/p>\n<p>So wurden Migrantenfamilien sogar gezwungen, eine Erkl\u00e4rung \u00fcber ihre freiwillige R\u00fcckkehr zu unterzeichnen um eine Geburtsurkunde f\u00fcr ihr Kind zu erhalten.<\/p>\n<p><img loading=\"lazy\" decoding=\"async\" class=\" wp-image-8074 alignright\" title=\"Alle Kinder haben das Recht auf eine Identit\u00e4t \u00a9 Delayed gratification(Flickr)\" src=\"https:\/\/www.humanium.org\/fr\/wp-content\/uploads\/delayed-gratification.jpg\" alt=\"\" width=\"220\" height=\"168\" \/>Ein Kind mit einem israelischen Elternteil und einem Elternteil, der in den besetzten pal\u00e4stinensischen Gebieten lebt, kann keine israelische Staatsb\u00fcrgerschaft erhalten, was ein gro\u00dfes Hindernis f\u00fcr die Vereinigung der Familie darstellt.<\/p>\n<p>Israel ist der Auffassung, dass Kinder mit pal\u00e4stinensischen Wurzeln, die in Jerusalem leben, jordanische Staatsb\u00fcrger seien, auch wenn dies oft nicht der Fall ist \u2013 viele Kinder sind so staatenlos, was dem in der <a href=\"https:\/\/www.humanium.org\/de\/konvention\/\" target=\"_blank\" rel=\"noopener\">KRK<\/a> garantierten Recht auf Identit\u00e4t widerspricht.<\/p>\n<p><strong><a href=\"https:\/\/www.humanium.org\/de\/vertriebene-kinder\/\" target=\"_blank\" rel=\"noopener\">Recht des Fl\u00fcchtlingskinds<br \/>\n<\/a><\/strong><br \/>\nIsrael wendet seit Januar 2012 das Gesetz\u00a0\u201e\u00fcber die Vermeidung von Infiltration\u201c an, das den Staat autorisiert, Kinder, die illegal auf israelisches Staatsgebiet gelangt sind, lange Zeit festzuhalten und sie dann in ihr Land oder ein Drittland auszuweisen, auch wenn sie dort Folter oder Misshandlung bef\u00fcrchten m\u00fcssen.<\/p>\n<p>Dies stellt eine Verletzung der Fl\u00fcchtlings-Konvention dar, die Israel unterzeichnet hat.<\/p>\n<p><strong>Umwelt und Zukunftsaussichten<br \/>\n<\/strong><br \/>\nMit j\u00e4hrlich 10,3 Tonnen CO2-Emissionen pro Kopf geh\u00f6rt Israel zu den L\u00e4ndern, die am meisten Schadstoffe aussto\u00dfen. Dies wird sich auf die Kinder und ihre Zukunftsaussichten auswirken. Israel muss Anstrengungen unternehmen, um seinen \u00f6kologischen Fu\u00dfabdruck zu verringern.<\/p>\n","protected":false},"excerpt":{"rendered":"<p>Israels Kinder Die Kinderrechte in Israel verwirklichen \u00a0 Die Situation der Kinderrechte in Israel ist auch heute noch problematisch. Auch wenn seit der Gr\u00fcndung des Staates Israel im Jahr 1948 Fortschritte verzeichnet wurden, sch\u00e4tzt das Kinderrechts-Komitee, dass noch \u201eviel getan werden muss\u201c, besonders hinsichtlich der Migrantenkinder und der Kinder der Minderheiten der israelischen Gesellschaft. Der [&hellip;]<\/p>\n","protected":false},"author":1,"featured_media":0,"parent":0,"menu_order":0,"comment_status":"closed","ping_status":"closed","template":"","meta":{"footnotes":""},"class_list":["post-3630","page","type-page","status-publish","hentry"],"yoast_head":"<!-- This site is optimized with the Yoast SEO plugin v26.5 - https:\/\/yoast.com\/wordpress\/plugins\/seo\/ -->\n<title>Kinder Israels - Humanium<\/title>\n<meta name=\"description\" content=\"Die Situation der Kinderrechte in Israel ist auch heute noch problematisch. das Kinderrechts-Komitee denkt dass noch viel getan werden muss.\" \/>\n<meta name=\"robots\" content=\"index, follow, max-snippet:-1, max-image-preview:large, max-video-preview:-1\" \/>\n<link rel=\"canonical\" href=\"https:\/\/www.humanium.org\/de\/israel\/\" \/>\n<meta property=\"og:locale\" content=\"de_DE\" \/>\n<meta property=\"og:type\" content=\"article\" \/>\n<meta property=\"og:title\" content=\"Kinder Israels - Humanium\" \/>\n<meta property=\"og:description\" content=\"Die Situation der Kinderrechte in Israel ist auch heute noch problematisch. das Kinderrechts-Komitee denkt dass noch viel getan werden muss.\" \/>\n<meta property=\"og:url\" content=\"https:\/\/www.humanium.org\/de\/israel\/\" \/>\n<meta property=\"og:site_name\" content=\"Humanium\" \/>\n<meta property=\"article:modified_time\" content=\"2025-12-06T06:25:45+00:00\" \/>\n<meta property=\"og:image\" content=\"https:\/\/www.humanium.org\/de\/wp-content\/uploads\/2023\/02\/shutterstock_2150933193-scaled.jpg\" \/>\n\t<meta property=\"og:image:width\" content=\"2560\" \/>\n\t<meta property=\"og:image:height\" content=\"1642\" \/>\n\t<meta property=\"og:image:type\" content=\"image\/jpeg\" \/>\n<meta name=\"twitter:card\" content=\"summary_large_image\" \/>\n<meta name=\"twitter:label1\" content=\"Gesch\u00e4tzte Lesezeit\" \/>\n\t<meta name=\"twitter:data1\" content=\"8\u00a0Minuten\" \/>\n<script type=\"application\/ld+json\" class=\"yoast-schema-graph\">{\"@context\":\"https:\/\/schema.org\",\"@graph\":[{\"@type\":\"WebPage\",\"@id\":\"https:\/\/www.humanium.org\/de\/israel\/\",\"url\":\"https:\/\/www.humanium.org\/de\/israel\/\",\"name\":\"Kinder Israels - Humanium\",\"isPartOf\":{\"@id\":\"https:\/\/www.humanium.org\/de\/#website\"},\"primaryImageOfPage\":{\"@id\":\"https:\/\/www.humanium.org\/de\/israel\/#primaryimage\"},\"image\":{\"@id\":\"https:\/\/www.humanium.org\/de\/israel\/#primaryimage\"},\"thumbnailUrl\":\"https:\/\/www.humanium.org\/fr\/wp-content\/uploads\/2011\/11\/petite-fille-david-urieli.jpg\",\"datePublished\":\"2014-01-20T11:29:09+00:00\",\"dateModified\":\"2025-12-06T06:25:45+00:00\",\"description\":\"Die Situation der Kinderrechte in Israel ist auch heute noch problematisch. das Kinderrechts-Komitee denkt dass noch viel getan werden muss.\",\"breadcrumb\":{\"@id\":\"https:\/\/www.humanium.org\/de\/israel\/#breadcrumb\"},\"inLanguage\":\"de\",\"potentialAction\":[{\"@type\":\"ReadAction\",\"target\":[\"https:\/\/www.humanium.org\/de\/israel\/\"]}]},{\"@type\":\"ImageObject\",\"inLanguage\":\"de\",\"@id\":\"https:\/\/www.humanium.org\/de\/israel\/#primaryimage\",\"url\":\"https:\/\/www.humanium.org\/fr\/wp-content\/uploads\/2011\/11\/petite-fille-david-urieli.jpg\",\"contentUrl\":\"https:\/\/www.humanium.org\/fr\/wp-content\/uploads\/2011\/11\/petite-fille-david-urieli.jpg\"},{\"@type\":\"BreadcrumbList\",\"@id\":\"https:\/\/www.humanium.org\/de\/israel\/#breadcrumb\",\"itemListElement\":[{\"@type\":\"ListItem\",\"position\":1,\"name\":\"Home\",\"item\":\"https:\/\/www.humanium.org\/de\/\"},{\"@type\":\"ListItem\",\"position\":2,\"name\":\"Kinder Israels\"}]},{\"@type\":\"WebSite\",\"@id\":\"https:\/\/www.humanium.org\/de\/#website\",\"url\":\"https:\/\/www.humanium.org\/de\/\",\"name\":\"Humanium\",\"description\":\"Kinder zuerst!\",\"potentialAction\":[{\"@type\":\"SearchAction\",\"target\":{\"@type\":\"EntryPoint\",\"urlTemplate\":\"https:\/\/www.humanium.org\/de\/?s={search_term_string}\"},\"query-input\":{\"@type\":\"PropertyValueSpecification\",\"valueRequired\":true,\"valueName\":\"search_term_string\"}}],\"inLanguage\":\"de\"}]}<\/script>\n<!-- \/ Yoast SEO plugin. -->","yoast_head_json":{"title":"Kinder Israels - Humanium","description":"Die Situation der Kinderrechte in Israel ist auch heute noch problematisch. das Kinderrechts-Komitee denkt dass noch viel getan werden muss.","robots":{"index":"index","follow":"follow","max-snippet":"max-snippet:-1","max-image-preview":"max-image-preview:large","max-video-preview":"max-video-preview:-1"},"canonical":"https:\/\/www.humanium.org\/de\/israel\/","og_locale":"de_DE","og_type":"article","og_title":"Kinder Israels - Humanium","og_description":"Die Situation der Kinderrechte in Israel ist auch heute noch problematisch. das Kinderrechts-Komitee denkt dass noch viel getan werden muss.","og_url":"https:\/\/www.humanium.org\/de\/israel\/","og_site_name":"Humanium","article_modified_time":"2025-12-06T06:25:45+00:00","og_image":[{"width":2560,"height":1642,"url":"https:\/\/www.humanium.org\/de\/wp-content\/uploads\/2023\/02\/shutterstock_2150933193-scaled.jpg","type":"image\/jpeg"}],"twitter_card":"summary_large_image","twitter_misc":{"Gesch\u00e4tzte Lesezeit":"8\u00a0Minuten"},"schema":{"@context":"https:\/\/schema.org","@graph":[{"@type":"WebPage","@id":"https:\/\/www.humanium.org\/de\/israel\/","url":"https:\/\/www.humanium.org\/de\/israel\/","name":"Kinder Israels - Humanium","isPartOf":{"@id":"https:\/\/www.humanium.org\/de\/#website"},"primaryImageOfPage":{"@id":"https:\/\/www.humanium.org\/de\/israel\/#primaryimage"},"image":{"@id":"https:\/\/www.humanium.org\/de\/israel\/#primaryimage"},"thumbnailUrl":"https:\/\/www.humanium.org\/fr\/wp-content\/uploads\/2011\/11\/petite-fille-david-urieli.jpg","datePublished":"2014-01-20T11:29:09+00:00","dateModified":"2025-12-06T06:25:45+00:00","description":"Die Situation der Kinderrechte in Israel ist auch heute noch problematisch. das Kinderrechts-Komitee denkt dass noch viel getan werden muss.","breadcrumb":{"@id":"https:\/\/www.humanium.org\/de\/israel\/#breadcrumb"},"inLanguage":"de","potentialAction":[{"@type":"ReadAction","target":["https:\/\/www.humanium.org\/de\/israel\/"]}]},{"@type":"ImageObject","inLanguage":"de","@id":"https:\/\/www.humanium.org\/de\/israel\/#primaryimage","url":"https:\/\/www.humanium.org\/fr\/wp-content\/uploads\/2011\/11\/petite-fille-david-urieli.jpg","contentUrl":"https:\/\/www.humanium.org\/fr\/wp-content\/uploads\/2011\/11\/petite-fille-david-urieli.jpg"},{"@type":"BreadcrumbList","@id":"https:\/\/www.humanium.org\/de\/israel\/#breadcrumb","itemListElement":[{"@type":"ListItem","position":1,"name":"Home","item":"https:\/\/www.humanium.org\/de\/"},{"@type":"ListItem","position":2,"name":"Kinder Israels"}]},{"@type":"WebSite","@id":"https:\/\/www.humanium.org\/de\/#website","url":"https:\/\/www.humanium.org\/de\/","name":"Humanium","description":"Kinder zuerst!","potentialAction":[{"@type":"SearchAction","target":{"@type":"EntryPoint","urlTemplate":"https:\/\/www.humanium.org\/de\/?s={search_term_string}"},"query-input":{"@type":"PropertyValueSpecification","valueRequired":true,"valueName":"search_term_string"}}],"inLanguage":"de"}]}},"_links":{"self":[{"href":"https:\/\/www.humanium.org\/de\/wp-json\/wp\/v2\/pages\/3630","targetHints":{"allow":["GET"]}}],"collection":[{"href":"https:\/\/www.humanium.org\/de\/wp-json\/wp\/v2\/pages"}],"about":[{"href":"https:\/\/www.humanium.org\/de\/wp-json\/wp\/v2\/types\/page"}],"author":[{"embeddable":true,"href":"https:\/\/www.humanium.org\/de\/wp-json\/wp\/v2\/users\/1"}],"replies":[{"embeddable":true,"href":"https:\/\/www.humanium.org\/de\/wp-json\/wp\/v2\/comments?post=3630"}],"version-history":[{"count":8,"href":"https:\/\/www.humanium.org\/de\/wp-json\/wp\/v2\/pages\/3630\/revisions"}],"predecessor-version":[{"id":20776,"href":"https:\/\/www.humanium.org\/de\/wp-json\/wp\/v2\/pages\/3630\/revisions\/20776"}],"wp:attachment":[{"href":"https:\/\/www.humanium.org\/de\/wp-json\/wp\/v2\/media?parent=3630"}],"curies":[{"name":"wp","href":"https:\/\/api.w.org\/{rel}","templated":true}]}}