{"id":3673,"date":"2016-10-18T15:00:26","date_gmt":"2016-10-18T15:00:26","guid":{"rendered":"http:\/\/www.humanium.org\/de\/?page_id=3673"},"modified":"2025-12-06T06:25:44","modified_gmt":"2025-12-06T06:25:44","slug":"kinderhilfsprojekt-auf-madagaskar","status":"publish","type":"page","link":"https:\/\/www.humanium.org\/de\/afrika\/kinderhilfsprojekt-auf-madagaskar\/","title":{"rendered":"Kinderhilfsprojekt auf Madagaskar"},"content":{"rendered":"<h1>Kinderhilfsprojekt auf Madagaskar<\/h1>\n<table>\n<tbody>\n<tr>\n<td>\n<h3 style=\"text-align: center;\" align=\"left\"><span style=\"color: #003366;\"><b>Schulkantinen im Kampf gegen die Mangelern\u00e4hrung und den Schulabbruch der Kinder in Madagaskar<br \/>\n<\/b><\/span><b><br \/>\n<\/b><\/h3>\n<p align=\"left\">Ein Projekt, das \u00fcber 700 Kindern erm\u00f6glicht, die Schule zu besuchen und einmal t\u00e4glich eine warme Mahlzeit zu erhalten!<\/p>\n<p style=\"text-align: center;\">\n<h3 style=\"text-align: center;\"><strong>Kontext und Problem<\/strong><\/h3>\n<p>Die chronische Mangelern\u00e4hrung betrifft in Madagaskar die H\u00e4lfte der Kinder unter 5 Jahren. Somit liegt die Insel weltweit an 6. Stelle der L\u00e4nder mit der h\u00f6chsten Quote an Mangelern\u00e4hrung. Die chronische Mangelern\u00e4hrung ist ein Problem, das mit Armut zusammenh\u00e4ngt. Sie hat Auswirkungen auf den Schulbesuch: Eltern mit sehr geringen Einkommen geraten bei der Entscheidung zwischen Schulbesuch oder Ern\u00e4hrung ihrer Kinder in eine Zwickm\u00fchle und entscheiden sich manchmal daf\u00fcr, sie nicht in die Schule zu schicken, um sie ern\u00e4hren zu k\u00f6nnen. So gehen in Madagaskar 1,5 Millionen Kinder nicht zur Schule. Au\u00dferdem fehlen in den Vorschulen nahezu 2 Millionen Kinder.<\/p>\n<table>\n<tbody>\n<tr>\n<td>\n<h2 style=\"text-align: center;\"><span style=\"color: #3366ff;\"><b><i>Die Eckdaten des Projekts<\/i><\/b><\/span><\/h2>\n<p><strong>Ort <span style=\"font-weight: 400;\">Tul\u00e9ar, Madagaskar<\/span><\/strong><br \/>\n<strong>Beg\u00fcnstigte <\/strong> 705 Kinder<br \/>\n<strong>Partner <\/strong> Les Enfants du Soleil und das Weltern\u00e4hrungsprogramm (WFP)<br \/>\n<strong>Jahre <\/strong> <span style=\"font-weight: 400;\">2016-2018 (24 Monate)<\/span><\/td>\n<\/tr>\n<\/tbody>\n<\/table>\n<h3 style=\"text-align: center;\"><span style=\"font-weight: 400;\"><strong>Unsere L\u00f6sung und deren Nachhaltigkeit<br \/>\n<\/strong> <\/span><\/h3>\n<p>Dieses Projekt kommt dem Grundbed\u00fcrfnis von Kindern aus armen Familien entgegen, sich satt zu essen und gleichzeitig die M\u00f6glichkeit zu haben, wie jedes andere Kind die Schule zu besuchen.<\/p>\n<p>Damit Kinder \u00fcberleben und zur Schule gehen k\u00f6nnen, hat die Vereinigung Les Enfants du Soleil in Madagaskar sieben Schulkantinen eingerichtet. Die Vereinigung k\u00fcmmert sich um den Betrieb der Kantinen und beteiligt sich an den Schulkosten der Kinder. Das Projekt erm\u00f6glicht den Kindern den Schulbesuch und eine t\u00e4gliche Mahlzeit zu sich zu nehmen.<\/p>\n<p> Humanium unterst\u00fctzt Les Enfants du Soleil bei drei Schulkantinen in Tul\u00e9ar: Die Kantine AMIKA f\u00fcr 255 Kinder, die Kantine von Tsimenatse f\u00fcr 225 Kinder und die Kantine von Mahavatse, die Platz f\u00fcr 225 Kinder bietet. Zur Versorgung dieser 705 Kinder ist das Ziel des Projekts, zwei Jahre lang mit zus\u00e4tzlicher Unterst\u00fctzung des Weltern\u00e4hrungsprogramms Lebensmittel (Reis, Mais, \u00d6l, verschiedene Mehlsorten, Zucker\u2026), frische Produkte (Gem\u00fcse, Fleisch\u2026) sowie Material (\u00d6fen, Holz, usw.) zu liefern und die Betreuung zu gew\u00e4hrleisten. In das Projekt sind auch die Eltern mit der Zubereitung und Essensausgabe der Mahlzeiten eingebunden.<\/p>\n<h3 style=\"text-align: center;\"><span style=\"font-weight: 400;\"><strong>Eine messbare und dauerhafte Wirkung<br \/>\n<\/strong> <\/span><\/h3>\n<p>Den Kindern in der Schule zu Essen zu geben, stellt die Eltern nicht mehr vor die schwierige Entscheidung, ob sie ihre Kinder ern\u00e4hren oder zur Schule schicken sollen; sie sind daher umso motivierter, den Schulbesuch zuzulassen. Dank der drei Schulen in Tul\u00e9ar erhalten 705 Kinder mindestens eine in der Schule servierte Mahlzeit. Die N\u00e4hrstoffm\u00e4ngel werden kompensiert, sie k\u00f6nnen besser aufwachsen und eine normale Schulzeit erleben.<\/p>\n<p style=\"text-align: center;\">\n<p>Die Sch\u00fcler besuchen die Schule, sind motiviert und im Unterricht aufmerksam. Au\u00dferdem sind die Eltern eingebunden und dazu motiviert, ihre Kinder zur Schule zu schicken. Zwischen den Eltern und der schulischen Einrichtung wird ein soziales Band geschaffen.<\/p>\n<p>Somit verbindet diese Initiative die Freude am Lernen mit einer gemeinsamen Mahlzeit mit Klassenkameraden und tr\u00e4gt zur intellektuellen und k\u00f6rperlichen Entwicklung des Kindes bei. Dank ihrer gelingt es, einen Ort des Miteinanders zu schaffen und eine soziale Bindung, insbesondere mit den Eltern zu kn\u00fcpfen.<\/p>\n<p style=\"text-align: center;\"><strong> WIR BEN\u00d6TIGEN IHRE HILFE, DAMIT DIESE KINDER DIE SCHULE BESUCHEN UND ERN\u00c4HRT WERDEN K\u00d6NNEN!Sie k\u00f6nnen <a href=\"https:\/\/www.humanium.org\/de\/spenden\/\">EINE SPENDE T\u00c4TIGEN<\/a>, um das Leben der Kinder zu ver\u00e4ndern und ihnen eine bessere Zukunft zu sichern.<\/strong><\/p>\n<p style=\"text-align: center;\"><strong><br \/>\n<\/strong><\/p>\n<\/td>\n<\/tr>\n<\/tbody>\n<\/table>\n<h1><\/h1>\n","protected":false},"excerpt":{"rendered":"<p>Kinderhilfsprojekt auf Madagaskar Schulkantinen im Kampf gegen die Mangelern\u00e4hrung und den Schulabbruch der Kinder in Madagaskar Ein Projekt, das \u00fcber 700 Kindern erm\u00f6glicht, die Schule zu besuchen und einmal t\u00e4glich eine warme Mahlzeit zu erhalten! Kontext und Problem Die chronische Mangelern\u00e4hrung betrifft in Madagaskar die H\u00e4lfte der Kinder unter 5 Jahren. Somit liegt die Insel [&hellip;]<\/p>\n","protected":false},"author":1,"featured_media":0,"parent":3406,"menu_order":0,"comment_status":"closed","ping_status":"closed","template":"","meta":{"footnotes":""},"class_list":["post-3673","page","type-page","status-publish","hentry"],"yoast_head":"<!-- This site is optimized with the Yoast SEO plugin v26.5 - https:\/\/yoast.com\/wordpress\/plugins\/seo\/ -->\n<title>Kinderhilfsprojekt auf Madagaskar - Humanium<\/title>\n<meta name=\"robots\" content=\"index, follow, max-snippet:-1, max-image-preview:large, max-video-preview:-1\" \/>\n<link rel=\"canonical\" href=\"https:\/\/www.humanium.org\/de\/afrika\/kinderhilfsprojekt-auf-madagaskar\/\" \/>\n<meta property=\"og:locale\" content=\"de_DE\" \/>\n<meta property=\"og:type\" content=\"article\" \/>\n<meta property=\"og:title\" content=\"Kinderhilfsprojekt auf Madagaskar - Humanium\" \/>\n<meta property=\"og:description\" content=\"Kinderhilfsprojekt auf Madagaskar Schulkantinen im Kampf gegen die Mangelern\u00e4hrung und den Schulabbruch der Kinder in Madagaskar Ein Projekt, das \u00fcber 700 Kindern erm\u00f6glicht, die Schule zu besuchen und einmal t\u00e4glich eine warme Mahlzeit zu erhalten! Kontext und Problem Die chronische Mangelern\u00e4hrung betrifft in Madagaskar die H\u00e4lfte der Kinder unter 5 Jahren. Somit liegt die Insel [&hellip;]\" \/>\n<meta property=\"og:url\" content=\"https:\/\/www.humanium.org\/de\/afrika\/kinderhilfsprojekt-auf-madagaskar\/\" \/>\n<meta property=\"og:site_name\" content=\"Humanium\" \/>\n<meta property=\"article:modified_time\" content=\"2025-12-06T06:25:44+00:00\" \/>\n<meta name=\"twitter:card\" content=\"summary_large_image\" \/>\n<meta name=\"twitter:label1\" content=\"Gesch\u00e4tzte Lesezeit\" \/>\n\t<meta name=\"twitter:data1\" content=\"3\u00a0Minuten\" \/>\n<script type=\"application\/ld+json\" class=\"yoast-schema-graph\">{\"@context\":\"https:\/\/schema.org\",\"@graph\":[{\"@type\":\"WebPage\",\"@id\":\"https:\/\/www.humanium.org\/de\/afrika\/kinderhilfsprojekt-auf-madagaskar\/\",\"url\":\"https:\/\/www.humanium.org\/de\/afrika\/kinderhilfsprojekt-auf-madagaskar\/\",\"name\":\"Kinderhilfsprojekt auf Madagaskar - Humanium\",\"isPartOf\":{\"@id\":\"https:\/\/www.humanium.org\/de\/#website\"},\"datePublished\":\"2016-10-18T15:00:26+00:00\",\"dateModified\":\"2025-12-06T06:25:44+00:00\",\"breadcrumb\":{\"@id\":\"https:\/\/www.humanium.org\/de\/afrika\/kinderhilfsprojekt-auf-madagaskar\/#breadcrumb\"},\"inLanguage\":\"de\",\"potentialAction\":[{\"@type\":\"ReadAction\",\"target\":[\"https:\/\/www.humanium.org\/de\/afrika\/kinderhilfsprojekt-auf-madagaskar\/\"]}]},{\"@type\":\"BreadcrumbList\",\"@id\":\"https:\/\/www.humanium.org\/de\/afrika\/kinderhilfsprojekt-auf-madagaskar\/#breadcrumb\",\"itemListElement\":[{\"@type\":\"ListItem\",\"position\":1,\"name\":\"Home\",\"item\":\"https:\/\/www.humanium.org\/de\/\"},{\"@type\":\"ListItem\",\"position\":2,\"name\":\"Afrika\",\"item\":\"https:\/\/www.humanium.org\/de\/afrika\/\"},{\"@type\":\"ListItem\",\"position\":3,\"name\":\"Kinderhilfsprojekt auf Madagaskar\"}]},{\"@type\":\"WebSite\",\"@id\":\"https:\/\/www.humanium.org\/de\/#website\",\"url\":\"https:\/\/www.humanium.org\/de\/\",\"name\":\"Humanium\",\"description\":\"Kinder zuerst!\",\"potentialAction\":[{\"@type\":\"SearchAction\",\"target\":{\"@type\":\"EntryPoint\",\"urlTemplate\":\"https:\/\/www.humanium.org\/de\/?s={search_term_string}\"},\"query-input\":{\"@type\":\"PropertyValueSpecification\",\"valueRequired\":true,\"valueName\":\"search_term_string\"}}],\"inLanguage\":\"de\"}]}<\/script>\n<!-- \/ Yoast SEO plugin. -->","yoast_head_json":{"title":"Kinderhilfsprojekt auf Madagaskar - Humanium","robots":{"index":"index","follow":"follow","max-snippet":"max-snippet:-1","max-image-preview":"max-image-preview:large","max-video-preview":"max-video-preview:-1"},"canonical":"https:\/\/www.humanium.org\/de\/afrika\/kinderhilfsprojekt-auf-madagaskar\/","og_locale":"de_DE","og_type":"article","og_title":"Kinderhilfsprojekt auf Madagaskar - Humanium","og_description":"Kinderhilfsprojekt auf Madagaskar Schulkantinen im Kampf gegen die Mangelern\u00e4hrung und den Schulabbruch der Kinder in Madagaskar Ein Projekt, das \u00fcber 700 Kindern erm\u00f6glicht, die Schule zu besuchen und einmal t\u00e4glich eine warme Mahlzeit zu erhalten! Kontext und Problem Die chronische Mangelern\u00e4hrung betrifft in Madagaskar die H\u00e4lfte der Kinder unter 5 Jahren. Somit liegt die Insel [&hellip;]","og_url":"https:\/\/www.humanium.org\/de\/afrika\/kinderhilfsprojekt-auf-madagaskar\/","og_site_name":"Humanium","article_modified_time":"2025-12-06T06:25:44+00:00","twitter_card":"summary_large_image","twitter_misc":{"Gesch\u00e4tzte Lesezeit":"3\u00a0Minuten"},"schema":{"@context":"https:\/\/schema.org","@graph":[{"@type":"WebPage","@id":"https:\/\/www.humanium.org\/de\/afrika\/kinderhilfsprojekt-auf-madagaskar\/","url":"https:\/\/www.humanium.org\/de\/afrika\/kinderhilfsprojekt-auf-madagaskar\/","name":"Kinderhilfsprojekt auf Madagaskar - Humanium","isPartOf":{"@id":"https:\/\/www.humanium.org\/de\/#website"},"datePublished":"2016-10-18T15:00:26+00:00","dateModified":"2025-12-06T06:25:44+00:00","breadcrumb":{"@id":"https:\/\/www.humanium.org\/de\/afrika\/kinderhilfsprojekt-auf-madagaskar\/#breadcrumb"},"inLanguage":"de","potentialAction":[{"@type":"ReadAction","target":["https:\/\/www.humanium.org\/de\/afrika\/kinderhilfsprojekt-auf-madagaskar\/"]}]},{"@type":"BreadcrumbList","@id":"https:\/\/www.humanium.org\/de\/afrika\/kinderhilfsprojekt-auf-madagaskar\/#breadcrumb","itemListElement":[{"@type":"ListItem","position":1,"name":"Home","item":"https:\/\/www.humanium.org\/de\/"},{"@type":"ListItem","position":2,"name":"Afrika","item":"https:\/\/www.humanium.org\/de\/afrika\/"},{"@type":"ListItem","position":3,"name":"Kinderhilfsprojekt auf Madagaskar"}]},{"@type":"WebSite","@id":"https:\/\/www.humanium.org\/de\/#website","url":"https:\/\/www.humanium.org\/de\/","name":"Humanium","description":"Kinder zuerst!","potentialAction":[{"@type":"SearchAction","target":{"@type":"EntryPoint","urlTemplate":"https:\/\/www.humanium.org\/de\/?s={search_term_string}"},"query-input":{"@type":"PropertyValueSpecification","valueRequired":true,"valueName":"search_term_string"}}],"inLanguage":"de"}]}},"_links":{"self":[{"href":"https:\/\/www.humanium.org\/de\/wp-json\/wp\/v2\/pages\/3673","targetHints":{"allow":["GET"]}}],"collection":[{"href":"https:\/\/www.humanium.org\/de\/wp-json\/wp\/v2\/pages"}],"about":[{"href":"https:\/\/www.humanium.org\/de\/wp-json\/wp\/v2\/types\/page"}],"author":[{"embeddable":true,"href":"https:\/\/www.humanium.org\/de\/wp-json\/wp\/v2\/users\/1"}],"replies":[{"embeddable":true,"href":"https:\/\/www.humanium.org\/de\/wp-json\/wp\/v2\/comments?post=3673"}],"version-history":[{"count":8,"href":"https:\/\/www.humanium.org\/de\/wp-json\/wp\/v2\/pages\/3673\/revisions"}],"predecessor-version":[{"id":20769,"href":"https:\/\/www.humanium.org\/de\/wp-json\/wp\/v2\/pages\/3673\/revisions\/20769"}],"up":[{"embeddable":true,"href":"https:\/\/www.humanium.org\/de\/wp-json\/wp\/v2\/pages\/3406"}],"wp:attachment":[{"href":"https:\/\/www.humanium.org\/de\/wp-json\/wp\/v2\/media?parent=3673"}],"curies":[{"name":"wp","href":"https:\/\/api.w.org\/{rel}","templated":true}]}}