{"id":3704,"date":"2014-01-27T17:29:08","date_gmt":"2014-01-27T17:29:08","guid":{"rendered":"http:\/\/www.humanium.org\/de\/?page_id=3704"},"modified":"2025-12-06T06:25:45","modified_gmt":"2025-12-06T06:25:45","slug":"azakusamudram","status":"publish","type":"page","link":"https:\/\/www.humanium.org\/de\/azakusamudram\/","title":{"rendered":"Hilfsprojekt f\u00fcr nachhaltige Entwicklung in Azakusamudram"},"content":{"rendered":"<h1>Kinderhilfsprojekte in Indien<\/h1>\n<table>\n<tbody>\n<tr>\n<td>\n<h2>Hilfsprojekt f\u00fcr nachhaltige Entwicklung in Azakusamudram<\/h2>\n<p><b>Schulen f\u00fcr die Kinder, eine sauberere Umwelt und ein verbessertes Gesundheitswesen \u2013 das sind die schillernden Hauptergebnisse des Projekts.<\/b><\/p>\n<table>\n<tbody>\n<tr>\n<td><b>Standort:<\/b> Azakusamudram, Tamil Nadu, Indien<br \/>\n<strong>Partner:<\/strong><span style=\"color: #000000; font-family: Verdana, Arial, Helvetica, sans-serif;\">\u00a0<\/span><a href=\"http:\/\/www.hihindia.org\/\" target=\"_blank\">Hand in Hand Tamil Nadu und SEED Trust<br \/>\n<\/a><b>Beg\u00fcnstigte: <\/b>770 Personen, wovon 233 Kinder<br \/>\n<b>Zur Verf\u00fcgung stehende Hilfsmittel: <\/b>44.107 CHF<br \/>\n<strong>Jahr:<\/strong><span style=\"color: #000000; font-family: Verdana, Arial, Helvetica, sans-serif;\"> 2010-2012<\/span><\/td>\n<\/tr>\n<\/tbody>\n<\/table>\n<h3>Projektbeschreibung<\/h3>\n<p>Vor 2010 geh\u00f6rten ein schwieriger Zugang zum Gesundheitswesen, harte Arbeit und Mangelern\u00e4hrung zum Alltag der Kinder von Azakusamudram. Dank dieses Projekts ist diese Zeit endg\u00fcltig vorbei.<\/p>\n<p align=\"center\"><img loading=\"lazy\" decoding=\"async\" class=\"alignnone  wp-image-33109\" title=\"Die Kinder von Azakusamudram - \u00a9 Humanium\" alt=\"P1050837\" src=\"https:\/\/www.humanium.org\/fr\/wp-content\/uploads\/2013\/12\/P10508371-300x213.jpg\" width=\"240\" height=\"180\" \/>\u00a0<\/p>\n<p>Alle Kinder des Dorfes gehen heute regelm\u00e4\u00dfig zur Schule. Sie haben ebenfalls mit viel Freude und Enthusiasmus an Sommercamps teilgenommen, die es ihnen erm\u00f6glicht haben, Freundschaften zu kn\u00fcpfen.<\/p>\n<p>Frauen sind dank der Selbsthilfegruppen eigenst\u00e4ndiger und haben mehr Vertrauen in sich selbst. Die Gruppen erm\u00f6glichen es ihnen, L\u00f6sungen f\u00fcr die Probleme des Alltags zu finden. Frauen sind zugleich besser informiert und wissen besser, wie sie sich um ihre Kinder k\u00fcmmern k\u00f6nnen. Sie haben gelernt, ihre Kinder richtig zu ern\u00e4hren, um eine einseitige Ern\u00e4hrung zu vermeiden. Mangelern\u00e4hrung ist von nun an nur noch eine b\u00f6se Erinnerung.<\/p>\n<p>Zudem hat das Projekt die Gesundheit der Dorfbewohner dauerhaft verbessert. Zeichnungen an den W\u00e4nden unterst\u00fctzen die Familien dabei, sich an die Prinzipien von Hygiene und Gesundheit zu erinnern.<\/p>\n<p align=\"left\">\n<p>Au\u00dferdem haben Kampagnen zur Sensibilisierung f\u00fcr Umweltschutz und f\u00fcr Abfallbewirtschaftung den Menschen das notwendige Wissen f\u00fcr eine gesunde Umwelt an die Hand gegeben. Das Dorf ist nun sauber und Abf\u00e4lle werden getrennt und wiederverwertet.<\/p>\n<p>Vielen Dank an alle Spender, die die Umsetzung dieses Projekts erm\u00f6glicht haben!<\/td>\n<\/tr>\n<\/tbody>\n<\/table>\n","protected":false},"excerpt":{"rendered":"<p>Kinderhilfsprojekte in Indien Hilfsprojekt f\u00fcr nachhaltige Entwicklung in Azakusamudram Schulen f\u00fcr die Kinder, eine sauberere Umwelt und ein verbessertes Gesundheitswesen \u2013 das sind die schillernden Hauptergebnisse des Projekts. Standort: Azakusamudram, Tamil Nadu, Indien Partner:\u00a0Hand in Hand Tamil Nadu und SEED Trust Beg\u00fcnstigte: 770 Personen, wovon 233 Kinder Zur Verf\u00fcgung stehende Hilfsmittel: 44.107 CHF Jahr: 2010-2012 [&hellip;]<\/p>\n","protected":false},"author":1,"featured_media":0,"parent":0,"menu_order":0,"comment_status":"closed","ping_status":"closed","template":"","meta":{"footnotes":""},"class_list":["post-3704","page","type-page","status-publish","hentry"],"yoast_head":"<!-- This site is optimized with the Yoast SEO plugin v26.5 - https:\/\/yoast.com\/wordpress\/plugins\/seo\/ -->\n<title>Hilfsprojekt f\u00fcr nachhaltige Entwicklung in Azakusamudram - Humanium<\/title>\n<meta name=\"robots\" content=\"index, follow, max-snippet:-1, max-image-preview:large, max-video-preview:-1\" \/>\n<link rel=\"canonical\" href=\"https:\/\/www.humanium.org\/de\/azakusamudram\/\" \/>\n<meta property=\"og:locale\" content=\"de_DE\" \/>\n<meta property=\"og:type\" content=\"article\" \/>\n<meta property=\"og:title\" content=\"Hilfsprojekt f\u00fcr nachhaltige Entwicklung in Azakusamudram - Humanium\" \/>\n<meta property=\"og:description\" content=\"Kinderhilfsprojekte in Indien Hilfsprojekt f\u00fcr nachhaltige Entwicklung in Azakusamudram Schulen f\u00fcr die Kinder, eine sauberere Umwelt und ein verbessertes Gesundheitswesen \u2013 das sind die schillernden Hauptergebnisse des Projekts. Standort: Azakusamudram, Tamil Nadu, Indien Partner:\u00a0Hand in Hand Tamil Nadu und SEED Trust Beg\u00fcnstigte: 770 Personen, wovon 233 Kinder Zur Verf\u00fcgung stehende Hilfsmittel: 44.107 CHF Jahr: 2010-2012 [&hellip;]\" \/>\n<meta property=\"og:url\" content=\"https:\/\/www.humanium.org\/de\/azakusamudram\/\" \/>\n<meta property=\"og:site_name\" content=\"Humanium\" \/>\n<meta property=\"article:modified_time\" content=\"2025-12-06T06:25:45+00:00\" \/>\n<meta name=\"twitter:card\" content=\"summary_large_image\" \/>\n<meta name=\"twitter:label1\" content=\"Gesch\u00e4tzte Lesezeit\" \/>\n\t<meta name=\"twitter:data1\" content=\"1\u00a0Minute\" \/>\n<script type=\"application\/ld+json\" class=\"yoast-schema-graph\">{\"@context\":\"https:\/\/schema.org\",\"@graph\":[{\"@type\":\"WebPage\",\"@id\":\"https:\/\/www.humanium.org\/de\/azakusamudram\/\",\"url\":\"https:\/\/www.humanium.org\/de\/azakusamudram\/\",\"name\":\"Hilfsprojekt f\u00fcr nachhaltige Entwicklung in Azakusamudram - Humanium\",\"isPartOf\":{\"@id\":\"https:\/\/www.humanium.org\/de\/#website\"},\"primaryImageOfPage\":{\"@id\":\"https:\/\/www.humanium.org\/de\/azakusamudram\/#primaryimage\"},\"image\":{\"@id\":\"https:\/\/www.humanium.org\/de\/azakusamudram\/#primaryimage\"},\"thumbnailUrl\":\"https:\/\/www.humanium.org\/fr\/wp-content\/uploads\/2013\/12\/P10508371-300x213.jpg\",\"datePublished\":\"2014-01-27T17:29:08+00:00\",\"dateModified\":\"2025-12-06T06:25:45+00:00\",\"breadcrumb\":{\"@id\":\"https:\/\/www.humanium.org\/de\/azakusamudram\/#breadcrumb\"},\"inLanguage\":\"de\",\"potentialAction\":[{\"@type\":\"ReadAction\",\"target\":[\"https:\/\/www.humanium.org\/de\/azakusamudram\/\"]}]},{\"@type\":\"ImageObject\",\"inLanguage\":\"de\",\"@id\":\"https:\/\/www.humanium.org\/de\/azakusamudram\/#primaryimage\",\"url\":\"https:\/\/www.humanium.org\/fr\/wp-content\/uploads\/2013\/12\/P10508371-300x213.jpg\",\"contentUrl\":\"https:\/\/www.humanium.org\/fr\/wp-content\/uploads\/2013\/12\/P10508371-300x213.jpg\"},{\"@type\":\"BreadcrumbList\",\"@id\":\"https:\/\/www.humanium.org\/de\/azakusamudram\/#breadcrumb\",\"itemListElement\":[{\"@type\":\"ListItem\",\"position\":1,\"name\":\"Home\",\"item\":\"https:\/\/www.humanium.org\/de\/\"},{\"@type\":\"ListItem\",\"position\":2,\"name\":\"Hilfsprojekt f\u00fcr nachhaltige Entwicklung in Azakusamudram\"}]},{\"@type\":\"WebSite\",\"@id\":\"https:\/\/www.humanium.org\/de\/#website\",\"url\":\"https:\/\/www.humanium.org\/de\/\",\"name\":\"Humanium\",\"description\":\"Kinder zuerst!\",\"potentialAction\":[{\"@type\":\"SearchAction\",\"target\":{\"@type\":\"EntryPoint\",\"urlTemplate\":\"https:\/\/www.humanium.org\/de\/?s={search_term_string}\"},\"query-input\":{\"@type\":\"PropertyValueSpecification\",\"valueRequired\":true,\"valueName\":\"search_term_string\"}}],\"inLanguage\":\"de\"}]}<\/script>\n<!-- \/ Yoast SEO plugin. -->","yoast_head_json":{"title":"Hilfsprojekt f\u00fcr nachhaltige Entwicklung in Azakusamudram - Humanium","robots":{"index":"index","follow":"follow","max-snippet":"max-snippet:-1","max-image-preview":"max-image-preview:large","max-video-preview":"max-video-preview:-1"},"canonical":"https:\/\/www.humanium.org\/de\/azakusamudram\/","og_locale":"de_DE","og_type":"article","og_title":"Hilfsprojekt f\u00fcr nachhaltige Entwicklung in Azakusamudram - Humanium","og_description":"Kinderhilfsprojekte in Indien Hilfsprojekt f\u00fcr nachhaltige Entwicklung in Azakusamudram Schulen f\u00fcr die Kinder, eine sauberere Umwelt und ein verbessertes Gesundheitswesen \u2013 das sind die schillernden Hauptergebnisse des Projekts. Standort: Azakusamudram, Tamil Nadu, Indien Partner:\u00a0Hand in Hand Tamil Nadu und SEED Trust Beg\u00fcnstigte: 770 Personen, wovon 233 Kinder Zur Verf\u00fcgung stehende Hilfsmittel: 44.107 CHF Jahr: 2010-2012 [&hellip;]","og_url":"https:\/\/www.humanium.org\/de\/azakusamudram\/","og_site_name":"Humanium","article_modified_time":"2025-12-06T06:25:45+00:00","twitter_card":"summary_large_image","twitter_misc":{"Gesch\u00e4tzte Lesezeit":"1\u00a0Minute"},"schema":{"@context":"https:\/\/schema.org","@graph":[{"@type":"WebPage","@id":"https:\/\/www.humanium.org\/de\/azakusamudram\/","url":"https:\/\/www.humanium.org\/de\/azakusamudram\/","name":"Hilfsprojekt f\u00fcr nachhaltige Entwicklung in Azakusamudram - Humanium","isPartOf":{"@id":"https:\/\/www.humanium.org\/de\/#website"},"primaryImageOfPage":{"@id":"https:\/\/www.humanium.org\/de\/azakusamudram\/#primaryimage"},"image":{"@id":"https:\/\/www.humanium.org\/de\/azakusamudram\/#primaryimage"},"thumbnailUrl":"https:\/\/www.humanium.org\/fr\/wp-content\/uploads\/2013\/12\/P10508371-300x213.jpg","datePublished":"2014-01-27T17:29:08+00:00","dateModified":"2025-12-06T06:25:45+00:00","breadcrumb":{"@id":"https:\/\/www.humanium.org\/de\/azakusamudram\/#breadcrumb"},"inLanguage":"de","potentialAction":[{"@type":"ReadAction","target":["https:\/\/www.humanium.org\/de\/azakusamudram\/"]}]},{"@type":"ImageObject","inLanguage":"de","@id":"https:\/\/www.humanium.org\/de\/azakusamudram\/#primaryimage","url":"https:\/\/www.humanium.org\/fr\/wp-content\/uploads\/2013\/12\/P10508371-300x213.jpg","contentUrl":"https:\/\/www.humanium.org\/fr\/wp-content\/uploads\/2013\/12\/P10508371-300x213.jpg"},{"@type":"BreadcrumbList","@id":"https:\/\/www.humanium.org\/de\/azakusamudram\/#breadcrumb","itemListElement":[{"@type":"ListItem","position":1,"name":"Home","item":"https:\/\/www.humanium.org\/de\/"},{"@type":"ListItem","position":2,"name":"Hilfsprojekt f\u00fcr nachhaltige Entwicklung in Azakusamudram"}]},{"@type":"WebSite","@id":"https:\/\/www.humanium.org\/de\/#website","url":"https:\/\/www.humanium.org\/de\/","name":"Humanium","description":"Kinder zuerst!","potentialAction":[{"@type":"SearchAction","target":{"@type":"EntryPoint","urlTemplate":"https:\/\/www.humanium.org\/de\/?s={search_term_string}"},"query-input":{"@type":"PropertyValueSpecification","valueRequired":true,"valueName":"search_term_string"}}],"inLanguage":"de"}]}},"_links":{"self":[{"href":"https:\/\/www.humanium.org\/de\/wp-json\/wp\/v2\/pages\/3704","targetHints":{"allow":["GET"]}}],"collection":[{"href":"https:\/\/www.humanium.org\/de\/wp-json\/wp\/v2\/pages"}],"about":[{"href":"https:\/\/www.humanium.org\/de\/wp-json\/wp\/v2\/types\/page"}],"author":[{"embeddable":true,"href":"https:\/\/www.humanium.org\/de\/wp-json\/wp\/v2\/users\/1"}],"replies":[{"embeddable":true,"href":"https:\/\/www.humanium.org\/de\/wp-json\/wp\/v2\/comments?post=3704"}],"version-history":[{"count":3,"href":"https:\/\/www.humanium.org\/de\/wp-json\/wp\/v2\/pages\/3704\/revisions"}],"predecessor-version":[{"id":20778,"href":"https:\/\/www.humanium.org\/de\/wp-json\/wp\/v2\/pages\/3704\/revisions\/20778"}],"wp:attachment":[{"href":"https:\/\/www.humanium.org\/de\/wp-json\/wp\/v2\/media?parent=3704"}],"curies":[{"name":"wp","href":"https:\/\/api.w.org\/{rel}","templated":true}]}}