{"id":3722,"date":"2014-01-29T18:56:51","date_gmt":"2014-01-29T18:56:51","guid":{"rendered":"http:\/\/www.humanium.org\/de\/?page_id=3722"},"modified":"2025-12-06T06:25:45","modified_gmt":"2025-12-06T06:25:45","slug":"sankarapuram","status":"publish","type":"page","link":"https:\/\/www.humanium.org\/de\/sankarapuram\/","title":{"rendered":"Hilfsprojekt f\u00fcr nachhaltige Entwicklung in Sankarapuram"},"content":{"rendered":"<h1 align=\"left\">Kinderhilfsprojekt in Indien<\/h1>\n<table>\n<tbody>\n<tr>\n<td>\n<h2 align=\"left\">Hilfsprojekt f\u00fcr nachhaltige Entwicklung in Sankarapuram<\/h2>\n<p align=\"left\"><b>Eine Zukunftsperspektive f\u00fcr die Kinder! Dieses Projekt hat die Kinderarbeit beseitigt und den Kindern durch die M\u00f6glichkeit, eine Schule zu besuchen, eine bessere Zukunft gesichert.\u00a0<\/b><\/p>\n<table>\n<tbody>\n<tr>\n<td>\n<p align=\"left\"><b>Standort: <\/b>Sankarapuram, Indien<br \/>\n<b>Partner: <\/b><a href=\"http:\/\/www.hihindia.org\/\" target=\"_blank\">Hand in Hand Tamil Nadu und SEED Trust<\/a><br \/>\n<b>Beg\u00fcnstigte: <\/b>1.390 Personen, wovon 270 Kinder<br \/>\n<b>Zur Verf\u00fcgung stehende Hilfsmittel: <\/b>32.621 CHF<br \/>\n<b>Jahr: <\/b>2009-2011<\/p>\n<\/td>\n<\/tr>\n<\/tbody>\n<\/table>\n<h3 align=\"left\">Projektbeschreibung<\/h3>\n<p align=\"left\">Sankarapuram war eines des \u00e4rmsten D\u00f6rfer S\u00fcd-Ost-Indiens. Viele Kinder gingen arbeiten und ihre Rechte wurden missachtet.<\/p>\n<p align=\"left\">Heute arbeitet in Sankarapuram kein einziges Kind mehr. Dies ist der ganzheitlichen und nachhaltigen Vorgehensweise Humaniums und seinen Partnern zu verdanken.<\/p>\n<p align=\"center\">\u00a0\u00a0\u00a0\u00a0<\/p>\n<p align=\"left\">Indem man den Dorfbewohnern und insbesondere den Frauen Ausbildungs- und Besch\u00e4ftigungsm\u00f6glichkeiten bietet, sichert man den Familien ein dauerhaftes Einkommen. Auf diese Weise werden Kinder, die als Einkommensquelle dienten, entlastet.<\/p>\n<p align=\"left\">Aber damit nicht genug! Der integrierte Ansatz dieses Projektes schaffte auch weitere Missst\u00e4nde aus der Welt:<\/p>\n<p align=\"left\">Kein Kind muss mehr an Unterern\u00e4hrung sterben, da die M\u00fctter mit ihrem Einkommen ihre Spr\u00f6sslinge richtig ern\u00e4hren k\u00f6nnen.<\/p>\n<p align=\"left\">Jetzt, wo ihnen Trinkwasser zur Verf\u00fcgung steht und der Boden nicht mehr mit Abfall \u00fcbers\u00e4t ist, sind die Dorfbewohner nicht mehr so vielen Krankheitsherden ausgesetzt.<\/p>\n<p align=\"left\">Ein Kind konnte sogar am Herzen operiert werden. Ein Eingriff, der ohne die Gr\u00fcndung unserer Klinik niemals h\u00e4tte m\u00f6glich werden k\u00f6nnen.<\/p>\n<p align=\"left\">Im Namen aller Kinder und Dorfbewohner m\u00f6chten wir uns an dieser Stelle gerne bei allen Spendern f\u00fcr die wertvolle Unterst\u00fctzung bedanken!<\/p>\n<p align=\"center\">\u00a0\u00a0<\/p>\n<\/td>\n<\/tr>\n<\/tbody>\n<\/table>\n","protected":false},"excerpt":{"rendered":"<p>Kinderhilfsprojekt in Indien Hilfsprojekt f\u00fcr nachhaltige Entwicklung in Sankarapuram Eine Zukunftsperspektive f\u00fcr die Kinder! Dieses Projekt hat die Kinderarbeit beseitigt und den Kindern durch die M\u00f6glichkeit, eine Schule zu besuchen, eine bessere Zukunft gesichert.\u00a0 Standort: Sankarapuram, Indien Partner: Hand in Hand Tamil Nadu und SEED Trust Beg\u00fcnstigte: 1.390 Personen, wovon 270 Kinder Zur Verf\u00fcgung stehende [&hellip;]<\/p>\n","protected":false},"author":1,"featured_media":0,"parent":0,"menu_order":0,"comment_status":"closed","ping_status":"closed","template":"","meta":{"footnotes":""},"class_list":["post-3722","page","type-page","status-publish","hentry"],"yoast_head":"<!-- This site is optimized with the Yoast SEO plugin v26.5 - https:\/\/yoast.com\/wordpress\/plugins\/seo\/ -->\n<title>Hilfsprojekt f\u00fcr nachhaltige Entwicklung in Sankarapuram - Humanium<\/title>\n<meta name=\"robots\" content=\"index, follow, max-snippet:-1, max-image-preview:large, max-video-preview:-1\" \/>\n<link rel=\"canonical\" href=\"https:\/\/www.humanium.org\/de\/sankarapuram\/\" \/>\n<meta property=\"og:locale\" content=\"de_DE\" \/>\n<meta property=\"og:type\" content=\"article\" \/>\n<meta property=\"og:title\" content=\"Hilfsprojekt f\u00fcr nachhaltige Entwicklung in Sankarapuram - Humanium\" \/>\n<meta property=\"og:description\" content=\"Kinderhilfsprojekt in Indien Hilfsprojekt f\u00fcr nachhaltige Entwicklung in Sankarapuram Eine Zukunftsperspektive f\u00fcr die Kinder! Dieses Projekt hat die Kinderarbeit beseitigt und den Kindern durch die M\u00f6glichkeit, eine Schule zu besuchen, eine bessere Zukunft gesichert.\u00a0 Standort: Sankarapuram, Indien Partner: Hand in Hand Tamil Nadu und SEED Trust Beg\u00fcnstigte: 1.390 Personen, wovon 270 Kinder Zur Verf\u00fcgung stehende [&hellip;]\" \/>\n<meta property=\"og:url\" content=\"https:\/\/www.humanium.org\/de\/sankarapuram\/\" \/>\n<meta property=\"og:site_name\" content=\"Humanium\" \/>\n<meta property=\"article:modified_time\" content=\"2025-12-06T06:25:45+00:00\" \/>\n<meta name=\"twitter:card\" content=\"summary_large_image\" \/>\n<meta name=\"twitter:label1\" content=\"Gesch\u00e4tzte Lesezeit\" \/>\n\t<meta name=\"twitter:data1\" content=\"1\u00a0Minute\" \/>\n<script type=\"application\/ld+json\" class=\"yoast-schema-graph\">{\"@context\":\"https:\/\/schema.org\",\"@graph\":[{\"@type\":\"WebPage\",\"@id\":\"https:\/\/www.humanium.org\/de\/sankarapuram\/\",\"url\":\"https:\/\/www.humanium.org\/de\/sankarapuram\/\",\"name\":\"Hilfsprojekt f\u00fcr nachhaltige Entwicklung in Sankarapuram - Humanium\",\"isPartOf\":{\"@id\":\"https:\/\/www.humanium.org\/de\/#website\"},\"datePublished\":\"2014-01-29T18:56:51+00:00\",\"dateModified\":\"2025-12-06T06:25:45+00:00\",\"breadcrumb\":{\"@id\":\"https:\/\/www.humanium.org\/de\/sankarapuram\/#breadcrumb\"},\"inLanguage\":\"de\",\"potentialAction\":[{\"@type\":\"ReadAction\",\"target\":[\"https:\/\/www.humanium.org\/de\/sankarapuram\/\"]}]},{\"@type\":\"BreadcrumbList\",\"@id\":\"https:\/\/www.humanium.org\/de\/sankarapuram\/#breadcrumb\",\"itemListElement\":[{\"@type\":\"ListItem\",\"position\":1,\"name\":\"Home\",\"item\":\"https:\/\/www.humanium.org\/de\/\"},{\"@type\":\"ListItem\",\"position\":2,\"name\":\"Hilfsprojekt f\u00fcr nachhaltige Entwicklung in Sankarapuram\"}]},{\"@type\":\"WebSite\",\"@id\":\"https:\/\/www.humanium.org\/de\/#website\",\"url\":\"https:\/\/www.humanium.org\/de\/\",\"name\":\"Humanium\",\"description\":\"Kinder zuerst!\",\"potentialAction\":[{\"@type\":\"SearchAction\",\"target\":{\"@type\":\"EntryPoint\",\"urlTemplate\":\"https:\/\/www.humanium.org\/de\/?s={search_term_string}\"},\"query-input\":{\"@type\":\"PropertyValueSpecification\",\"valueRequired\":true,\"valueName\":\"search_term_string\"}}],\"inLanguage\":\"de\"}]}<\/script>\n<!-- \/ Yoast SEO plugin. -->","yoast_head_json":{"title":"Hilfsprojekt f\u00fcr nachhaltige Entwicklung in Sankarapuram - Humanium","robots":{"index":"index","follow":"follow","max-snippet":"max-snippet:-1","max-image-preview":"max-image-preview:large","max-video-preview":"max-video-preview:-1"},"canonical":"https:\/\/www.humanium.org\/de\/sankarapuram\/","og_locale":"de_DE","og_type":"article","og_title":"Hilfsprojekt f\u00fcr nachhaltige Entwicklung in Sankarapuram - Humanium","og_description":"Kinderhilfsprojekt in Indien Hilfsprojekt f\u00fcr nachhaltige Entwicklung in Sankarapuram Eine Zukunftsperspektive f\u00fcr die Kinder! Dieses Projekt hat die Kinderarbeit beseitigt und den Kindern durch die M\u00f6glichkeit, eine Schule zu besuchen, eine bessere Zukunft gesichert.\u00a0 Standort: Sankarapuram, Indien Partner: Hand in Hand Tamil Nadu und SEED Trust Beg\u00fcnstigte: 1.390 Personen, wovon 270 Kinder Zur Verf\u00fcgung stehende [&hellip;]","og_url":"https:\/\/www.humanium.org\/de\/sankarapuram\/","og_site_name":"Humanium","article_modified_time":"2025-12-06T06:25:45+00:00","twitter_card":"summary_large_image","twitter_misc":{"Gesch\u00e4tzte Lesezeit":"1\u00a0Minute"},"schema":{"@context":"https:\/\/schema.org","@graph":[{"@type":"WebPage","@id":"https:\/\/www.humanium.org\/de\/sankarapuram\/","url":"https:\/\/www.humanium.org\/de\/sankarapuram\/","name":"Hilfsprojekt f\u00fcr nachhaltige Entwicklung in Sankarapuram - Humanium","isPartOf":{"@id":"https:\/\/www.humanium.org\/de\/#website"},"datePublished":"2014-01-29T18:56:51+00:00","dateModified":"2025-12-06T06:25:45+00:00","breadcrumb":{"@id":"https:\/\/www.humanium.org\/de\/sankarapuram\/#breadcrumb"},"inLanguage":"de","potentialAction":[{"@type":"ReadAction","target":["https:\/\/www.humanium.org\/de\/sankarapuram\/"]}]},{"@type":"BreadcrumbList","@id":"https:\/\/www.humanium.org\/de\/sankarapuram\/#breadcrumb","itemListElement":[{"@type":"ListItem","position":1,"name":"Home","item":"https:\/\/www.humanium.org\/de\/"},{"@type":"ListItem","position":2,"name":"Hilfsprojekt f\u00fcr nachhaltige Entwicklung in Sankarapuram"}]},{"@type":"WebSite","@id":"https:\/\/www.humanium.org\/de\/#website","url":"https:\/\/www.humanium.org\/de\/","name":"Humanium","description":"Kinder zuerst!","potentialAction":[{"@type":"SearchAction","target":{"@type":"EntryPoint","urlTemplate":"https:\/\/www.humanium.org\/de\/?s={search_term_string}"},"query-input":{"@type":"PropertyValueSpecification","valueRequired":true,"valueName":"search_term_string"}}],"inLanguage":"de"}]}},"_links":{"self":[{"href":"https:\/\/www.humanium.org\/de\/wp-json\/wp\/v2\/pages\/3722","targetHints":{"allow":["GET"]}}],"collection":[{"href":"https:\/\/www.humanium.org\/de\/wp-json\/wp\/v2\/pages"}],"about":[{"href":"https:\/\/www.humanium.org\/de\/wp-json\/wp\/v2\/types\/page"}],"author":[{"embeddable":true,"href":"https:\/\/www.humanium.org\/de\/wp-json\/wp\/v2\/users\/1"}],"replies":[{"embeddable":true,"href":"https:\/\/www.humanium.org\/de\/wp-json\/wp\/v2\/comments?post=3722"}],"version-history":[{"count":5,"href":"https:\/\/www.humanium.org\/de\/wp-json\/wp\/v2\/pages\/3722\/revisions"}],"predecessor-version":[{"id":20782,"href":"https:\/\/www.humanium.org\/de\/wp-json\/wp\/v2\/pages\/3722\/revisions\/20782"}],"wp:attachment":[{"href":"https:\/\/www.humanium.org\/de\/wp-json\/wp\/v2\/media?parent=3722"}],"curies":[{"name":"wp","href":"https:\/\/api.w.org\/{rel}","templated":true}]}}