{"id":3811,"date":"2014-02-12T10:16:54","date_gmt":"2014-02-12T10:16:54","guid":{"rendered":"http:\/\/www.humanium.org\/de\/?page_id=3811"},"modified":"2025-12-06T06:25:45","modified_gmt":"2025-12-06T06:25:45","slug":"kinderhilfsprojekte-in-indienhochschulwesen","status":"publish","type":"page","link":"https:\/\/www.humanium.org\/de\/kinderhilfsprojekte-in-indienhochschulwesen\/","title":{"rendered":"Projekt zur Unterst\u00fctzung von Hochschulbildung"},"content":{"rendered":"<h1>Projekt zur Unterst\u00fctzung von Hochschulbildung<\/h1>\n<table>\n<tbody>\n<tr>\n<td>\n<h2 style=\"margin-top: 15px;\">Projet : Projekt zur Unterst\u00fctzung von Hochschulbildung<\/h2>\n<p><b><\/b><b>Ein Projekt zur Bereitstellung von finanzieller Unterst\u00fctzung, um jungen Menschen aus armen Familien eine Hochschulbildung zu erm\u00f6glichen.<\/b><\/p>\n<table>\n<tbody>\n<tr>\n<td><strong>Ort :<\/strong> D\u00f6rfer im Bundesstaat Tamil Nadu, Indien<br \/>\n<strong>Partner :<\/strong> <a href=\"http:\/\/www.hihindia.org\/\" target=\"_blank\">Hand in Hand India<\/a><br \/>\n<strong>Empf\u00e4nger :<\/strong> 14 Jugendliche<br \/>\n<strong>Gesamtzuteilung :<\/strong> 3&#8217;077 CHF<br \/>\n<strong>Zeitraum :<\/strong> 2012-2013<\/td>\n<\/tr>\n<\/tbody>\n<\/table>\n<h3>Projektbeschreibung<\/h3>\n<p>Dieses Projekt bietet 14 Jugendlichen konkrete finanzielle Unterst\u00fctzung f\u00fcr den Abschluss ihrer Studien. Es fallen Kosten f\u00fcr Schulmaterialen, Schulgeb\u00fchren und teilweise f\u00fcr die Unterbringung der Studenten an. Hochschulausbildungen stellen in Indien eine wichtige Investition dar, die arme Familien sich nicht leisten k\u00f6nnen.<\/p>\n<p align=\"center\">\n<p>Humanium gibt diesen Jugendlichen daher eine Chance der Armut zu entfliehen. Mit Erwerb ihres Diploms haben sie Zugang zu gut bezahlten Arbeitsstellen und k\u00f6nnen dann ihre Familien finanziell unterst\u00fctzen.<\/p>\n<p>Jeder dieser Jugendlichen hat eine einzigartige Lebensgeschichte. Vijayan, zum Beispiel, stammt aus einer umherziehenden Familie, deren h\u00e4ufige Ortswechsel einen regelm\u00e4\u00dfigen Schulbesuch schwer gemacht haben. Er war jedoch in der Lage, die verlorene Zeit aufzuholen und ben\u00f6tigt jetzt Unterst\u00fctzung, um seinen Abschluss in Betriebswirtschaft zu machen.<\/p>\n<p>Suguna hingegen musste in ihrer Kindheit als Weberin arbeiten anstatt in die Schule zu gehen. Nach der Teilnahme an einem Br\u00fcckenprogramm studiert sie nun Informatik und ben\u00f6tigt Hilfe, um ihr Studium beenden zu k\u00f6nnen.<\/p>\n<p>Dinesh, schlie\u00dflich, hat nach Beendigung der Grundschule 3 Jahre in einer Mechaniker-Werkstatt gearbeitet. Nach seiner R\u00fcckkehr in die Schule hat er alle Vers\u00e4umnisse aufgeholt und braucht jetzt finanzielle Unterst\u00fctzung um das 3. Jahr seiner Universit\u00e4tsausbildung in den Naturwissenschaften beenden zu k\u00f6nnen.<\/td>\n<\/tr>\n<\/tbody>\n<\/table>\n","protected":false},"excerpt":{"rendered":"<p>Projekt zur Unterst\u00fctzung von Hochschulbildung Projet : Projekt zur Unterst\u00fctzung von Hochschulbildung Ein Projekt zur Bereitstellung von finanzieller Unterst\u00fctzung, um jungen Menschen aus armen Familien eine Hochschulbildung zu erm\u00f6glichen. Ort : D\u00f6rfer im Bundesstaat Tamil Nadu, Indien Partner : Hand in Hand India Empf\u00e4nger : 14 Jugendliche Gesamtzuteilung : 3&#8217;077 CHF Zeitraum : 2012-2013 Projektbeschreibung [&hellip;]<\/p>\n","protected":false},"author":1,"featured_media":0,"parent":0,"menu_order":0,"comment_status":"closed","ping_status":"closed","template":"","meta":{"footnotes":""},"class_list":["post-3811","page","type-page","status-publish","hentry"],"yoast_head":"<!-- This site is optimized with the Yoast SEO plugin v26.5 - https:\/\/yoast.com\/wordpress\/plugins\/seo\/ -->\n<title>Projekt zur Unterst\u00fctzung von Hochschulbildung - Humanium<\/title>\n<meta name=\"robots\" content=\"index, follow, max-snippet:-1, max-image-preview:large, max-video-preview:-1\" \/>\n<link rel=\"canonical\" href=\"https:\/\/www.humanium.org\/de\/kinderhilfsprojekte-in-indienhochschulwesen\/\" \/>\n<meta property=\"og:locale\" content=\"de_DE\" \/>\n<meta property=\"og:type\" content=\"article\" \/>\n<meta property=\"og:title\" content=\"Projekt zur Unterst\u00fctzung von Hochschulbildung - Humanium\" \/>\n<meta property=\"og:description\" content=\"Projekt zur Unterst\u00fctzung von Hochschulbildung Projet : Projekt zur Unterst\u00fctzung von Hochschulbildung Ein Projekt zur Bereitstellung von finanzieller Unterst\u00fctzung, um jungen Menschen aus armen Familien eine Hochschulbildung zu erm\u00f6glichen. Ort : D\u00f6rfer im Bundesstaat Tamil Nadu, Indien Partner : Hand in Hand India Empf\u00e4nger : 14 Jugendliche Gesamtzuteilung : 3&#8217;077 CHF Zeitraum : 2012-2013 Projektbeschreibung [&hellip;]\" \/>\n<meta property=\"og:url\" content=\"https:\/\/www.humanium.org\/de\/kinderhilfsprojekte-in-indienhochschulwesen\/\" \/>\n<meta property=\"og:site_name\" content=\"Humanium\" \/>\n<meta property=\"article:modified_time\" content=\"2025-12-06T06:25:45+00:00\" \/>\n<meta name=\"twitter:card\" content=\"summary_large_image\" \/>\n<meta name=\"twitter:label1\" content=\"Gesch\u00e4tzte Lesezeit\" \/>\n\t<meta name=\"twitter:data1\" content=\"1\u00a0Minute\" \/>\n<script type=\"application\/ld+json\" class=\"yoast-schema-graph\">{\"@context\":\"https:\/\/schema.org\",\"@graph\":[{\"@type\":\"WebPage\",\"@id\":\"https:\/\/www.humanium.org\/de\/kinderhilfsprojekte-in-indienhochschulwesen\/\",\"url\":\"https:\/\/www.humanium.org\/de\/kinderhilfsprojekte-in-indienhochschulwesen\/\",\"name\":\"Projekt zur Unterst\u00fctzung von Hochschulbildung - Humanium\",\"isPartOf\":{\"@id\":\"https:\/\/www.humanium.org\/de\/#website\"},\"datePublished\":\"2014-02-12T10:16:54+00:00\",\"dateModified\":\"2025-12-06T06:25:45+00:00\",\"breadcrumb\":{\"@id\":\"https:\/\/www.humanium.org\/de\/kinderhilfsprojekte-in-indienhochschulwesen\/#breadcrumb\"},\"inLanguage\":\"de\",\"potentialAction\":[{\"@type\":\"ReadAction\",\"target\":[\"https:\/\/www.humanium.org\/de\/kinderhilfsprojekte-in-indienhochschulwesen\/\"]}]},{\"@type\":\"BreadcrumbList\",\"@id\":\"https:\/\/www.humanium.org\/de\/kinderhilfsprojekte-in-indienhochschulwesen\/#breadcrumb\",\"itemListElement\":[{\"@type\":\"ListItem\",\"position\":1,\"name\":\"Home\",\"item\":\"https:\/\/www.humanium.org\/de\/\"},{\"@type\":\"ListItem\",\"position\":2,\"name\":\"Projekt zur Unterst\u00fctzung von Hochschulbildung\"}]},{\"@type\":\"WebSite\",\"@id\":\"https:\/\/www.humanium.org\/de\/#website\",\"url\":\"https:\/\/www.humanium.org\/de\/\",\"name\":\"Humanium\",\"description\":\"Kinder zuerst!\",\"potentialAction\":[{\"@type\":\"SearchAction\",\"target\":{\"@type\":\"EntryPoint\",\"urlTemplate\":\"https:\/\/www.humanium.org\/de\/?s={search_term_string}\"},\"query-input\":{\"@type\":\"PropertyValueSpecification\",\"valueRequired\":true,\"valueName\":\"search_term_string\"}}],\"inLanguage\":\"de\"}]}<\/script>\n<!-- \/ Yoast SEO plugin. -->","yoast_head_json":{"title":"Projekt zur Unterst\u00fctzung von Hochschulbildung - Humanium","robots":{"index":"index","follow":"follow","max-snippet":"max-snippet:-1","max-image-preview":"max-image-preview:large","max-video-preview":"max-video-preview:-1"},"canonical":"https:\/\/www.humanium.org\/de\/kinderhilfsprojekte-in-indienhochschulwesen\/","og_locale":"de_DE","og_type":"article","og_title":"Projekt zur Unterst\u00fctzung von Hochschulbildung - Humanium","og_description":"Projekt zur Unterst\u00fctzung von Hochschulbildung Projet : Projekt zur Unterst\u00fctzung von Hochschulbildung Ein Projekt zur Bereitstellung von finanzieller Unterst\u00fctzung, um jungen Menschen aus armen Familien eine Hochschulbildung zu erm\u00f6glichen. Ort : D\u00f6rfer im Bundesstaat Tamil Nadu, Indien Partner : Hand in Hand India Empf\u00e4nger : 14 Jugendliche Gesamtzuteilung : 3&#8217;077 CHF Zeitraum : 2012-2013 Projektbeschreibung [&hellip;]","og_url":"https:\/\/www.humanium.org\/de\/kinderhilfsprojekte-in-indienhochschulwesen\/","og_site_name":"Humanium","article_modified_time":"2025-12-06T06:25:45+00:00","twitter_card":"summary_large_image","twitter_misc":{"Gesch\u00e4tzte Lesezeit":"1\u00a0Minute"},"schema":{"@context":"https:\/\/schema.org","@graph":[{"@type":"WebPage","@id":"https:\/\/www.humanium.org\/de\/kinderhilfsprojekte-in-indienhochschulwesen\/","url":"https:\/\/www.humanium.org\/de\/kinderhilfsprojekte-in-indienhochschulwesen\/","name":"Projekt zur Unterst\u00fctzung von Hochschulbildung - Humanium","isPartOf":{"@id":"https:\/\/www.humanium.org\/de\/#website"},"datePublished":"2014-02-12T10:16:54+00:00","dateModified":"2025-12-06T06:25:45+00:00","breadcrumb":{"@id":"https:\/\/www.humanium.org\/de\/kinderhilfsprojekte-in-indienhochschulwesen\/#breadcrumb"},"inLanguage":"de","potentialAction":[{"@type":"ReadAction","target":["https:\/\/www.humanium.org\/de\/kinderhilfsprojekte-in-indienhochschulwesen\/"]}]},{"@type":"BreadcrumbList","@id":"https:\/\/www.humanium.org\/de\/kinderhilfsprojekte-in-indienhochschulwesen\/#breadcrumb","itemListElement":[{"@type":"ListItem","position":1,"name":"Home","item":"https:\/\/www.humanium.org\/de\/"},{"@type":"ListItem","position":2,"name":"Projekt zur Unterst\u00fctzung von Hochschulbildung"}]},{"@type":"WebSite","@id":"https:\/\/www.humanium.org\/de\/#website","url":"https:\/\/www.humanium.org\/de\/","name":"Humanium","description":"Kinder zuerst!","potentialAction":[{"@type":"SearchAction","target":{"@type":"EntryPoint","urlTemplate":"https:\/\/www.humanium.org\/de\/?s={search_term_string}"},"query-input":{"@type":"PropertyValueSpecification","valueRequired":true,"valueName":"search_term_string"}}],"inLanguage":"de"}]}},"_links":{"self":[{"href":"https:\/\/www.humanium.org\/de\/wp-json\/wp\/v2\/pages\/3811","targetHints":{"allow":["GET"]}}],"collection":[{"href":"https:\/\/www.humanium.org\/de\/wp-json\/wp\/v2\/pages"}],"about":[{"href":"https:\/\/www.humanium.org\/de\/wp-json\/wp\/v2\/types\/page"}],"author":[{"embeddable":true,"href":"https:\/\/www.humanium.org\/de\/wp-json\/wp\/v2\/users\/1"}],"replies":[{"embeddable":true,"href":"https:\/\/www.humanium.org\/de\/wp-json\/wp\/v2\/comments?post=3811"}],"version-history":[{"count":4,"href":"https:\/\/www.humanium.org\/de\/wp-json\/wp\/v2\/pages\/3811\/revisions"}],"predecessor-version":[{"id":20787,"href":"https:\/\/www.humanium.org\/de\/wp-json\/wp\/v2\/pages\/3811\/revisions\/20787"}],"wp:attachment":[{"href":"https:\/\/www.humanium.org\/de\/wp-json\/wp\/v2\/media?parent=3811"}],"curies":[{"name":"wp","href":"https:\/\/api.w.org\/{rel}","templated":true}]}}