{"id":400,"date":"2010-09-28T19:13:31","date_gmt":"2010-09-28T19:13:31","guid":{"rendered":"http:\/\/www.humanium.org\/de\/"},"modified":"2025-12-06T06:18:42","modified_gmt":"2025-12-06T06:18:42","slug":"hgf","status":"publish","type":"page","link":"https:\/\/www.humanium.org\/de\/pate-werden-2\/hgf\/","title":{"rendered":"H\u00e4ufig Gestellte Fragen"},"content":{"rendered":"<h1><a href=\"https:\/\/www.humanium.org\/de\/jetzt\/\"><\/a>F.A.Q.<\/h1>\n<h2>Fragen &#8211; Antworten zur Patenschaft von Kindern mit Humanium<\/h2>\n<p>&nbsp;<\/p>\n<h3>&gt; Wer ist das Patenkind ?<\/h3>\n<p>Ihr Patenkind ist Inder, es wohnt in einem armen Dorf im S\u00fcden von Indien. Einige Kinder sind Arbeiter und die meisten Grundbed\u00fcrfnisse des Kindes sind weder gedeckt noch gesichert.<\/p>\n<p>Da Ihre Patenschaft mehreren Kindern hilft, gibt es keine Patentanten und Patenonkeln. Der Begriff eines \u00ab Patenkindes \u00bb ist symbolisch, da Sie in Wirklichkeit bis zu 6 Kindern helfen!<\/p>\n<p>&nbsp;<\/p>\n<h3>&gt;Darf ich einen Briefwechsel mit dem Patenkind f\u00fchren, ihm Geschenke schicken ?<\/h3>\n<p>Dies ist bei uns nicht m\u00f6glich. Stellen Sie sich eine Gruppe von Kindern vor, aus der nur ein Kind Briefe, Geschenke usw. bekommt .. dies schafft ein Ungleichgewicht und Ungleichheiten, Eifersucht und Diskrimination ..<\/p>\n<p>Unsere Priorit\u00e4t ist der Schutz des Kindes und der Respekt vor seiner sozialen und kulturellen Umgebung.<\/p>\n<p>&nbsp;<\/p>\n<h3>&gt; Welche Informationen werde ich erhalten ?<\/h3>\n<p>Jede Woche wird ein neuer Artikel, ein Testimonial, Fotos .. auf unserem Blog ver\u00f6ffentlicht.<\/p>\n<p>Sie k\u00f6nnen sich so viel wie Sie wollen \u00fcber die Fortschritte des Projekts informieren, welches dem Leben der Kinder und deren Familien zugutekommt ..<\/p>\n<p>Alle zwei bis drei Monate erhalten Sie ebenfalls den Newsletter vom Humanium via E-Mail.<\/p>\n<p>&nbsp;<\/p>\n<h3>&gt; Kennen uns die Patenkinder ?<\/h3>\n<p>Die Kinder werden \u00fcber die Unterst\u00fctzung von mehreren Spendern informiert, aber wir geben Ihnen keine Informationen \u00fcber Ihre Identit\u00e4t.<\/p>\n<p>Um sich bei Ihnen zu bedanken, zeichnen die Kinder Bilder, die Sie auf unserem blog finden.<\/p>\n<p>&gt; Wie lange dauert die Patenschaft ?<\/p>\n<p>Mit Humanium ist die Patenschaft unverbindlich! Es gibt keine Verpflichtung zur Dauer und ihre Gestaltung tr\u00e4gt dazu bei, dass das Kind bei der K\u00fcndigung nicht leidet.<\/p>\n<p>Eine Dauer von 24 Monaten erm\u00f6glicht den Erfolg der Projekte zugunsten der Kinder, deswegen <span style=\"text-decoration: underline;\">empfehlen wir ein Minimum von 2 Jahren, es ist aber nicht obligatorisch<\/span>.<\/p>\n<p>Wenn Ihre Patenschaft l\u00e4nger als 24 Monate dauert, k\u00f6nnen wir nat\u00fcrlich weiteren Kindern helfen. Danke, im Namen der Kinder !!!<\/p>\n<table style=\"height: 67px;\" width=\"470\">\n<tbody>\n<tr>\n<td>\n<ul>\n<li><a href=\"https:\/\/www.humanium.org\/de\/pate-werden-2\/verstehen\/\">Die Patenschaft verstehen<\/a><\/li>\n<li><a href=\"https:\/\/www.humanium.org\/de\/jetzt\/\">Ab sofort Pate werden !<\/a><\/li>\n<\/ul>\n<\/td>\n<\/tr>\n<\/tbody>\n<\/table>\n","protected":false},"excerpt":{"rendered":"<p>F.A.Q. Fragen &#8211; Antworten zur Patenschaft von Kindern mit Humanium &nbsp; &gt; Wer ist das Patenkind ? Ihr Patenkind ist Inder, es wohnt in einem armen Dorf im S\u00fcden von Indien. Einige Kinder sind Arbeiter und die meisten Grundbed\u00fcrfnisse des Kindes sind weder gedeckt noch gesichert. Da Ihre Patenschaft mehreren Kindern hilft, gibt es keine [&hellip;]<\/p>\n","protected":false},"author":1,"featured_media":0,"parent":7513,"menu_order":0,"comment_status":"closed","ping_status":"closed","template":"","meta":{"footnotes":""},"class_list":["post-400","page","type-page","status-publish","hentry"],"yoast_head":"<!-- This site is optimized with the Yoast SEO plugin v26.5 - https:\/\/yoast.com\/wordpress\/plugins\/seo\/ -->\n<title>H\u00e4ufig Gestellte Fragen - Humanium<\/title>\n<meta name=\"robots\" content=\"index, follow, max-snippet:-1, max-image-preview:large, max-video-preview:-1\" \/>\n<link rel=\"canonical\" href=\"https:\/\/www.humanium.org\/de\/pate-werden-2\/hgf\/\" \/>\n<meta property=\"og:locale\" content=\"de_DE\" \/>\n<meta property=\"og:type\" content=\"article\" \/>\n<meta property=\"og:title\" content=\"H\u00e4ufig Gestellte Fragen - Humanium\" \/>\n<meta property=\"og:description\" content=\"F.A.Q. Fragen &#8211; Antworten zur Patenschaft von Kindern mit Humanium &nbsp; &gt; Wer ist das Patenkind ? Ihr Patenkind ist Inder, es wohnt in einem armen Dorf im S\u00fcden von Indien. Einige Kinder sind Arbeiter und die meisten Grundbed\u00fcrfnisse des Kindes sind weder gedeckt noch gesichert. Da Ihre Patenschaft mehreren Kindern hilft, gibt es keine [&hellip;]\" \/>\n<meta property=\"og:url\" content=\"https:\/\/www.humanium.org\/de\/pate-werden-2\/hgf\/\" \/>\n<meta property=\"og:site_name\" content=\"Humanium\" \/>\n<meta property=\"article:modified_time\" content=\"2025-12-06T06:18:42+00:00\" \/>\n<meta name=\"twitter:card\" content=\"summary_large_image\" \/>\n<meta name=\"twitter:label1\" content=\"Gesch\u00e4tzte Lesezeit\" \/>\n\t<meta name=\"twitter:data1\" content=\"2\u00a0Minuten\" \/>\n<script type=\"application\/ld+json\" class=\"yoast-schema-graph\">{\"@context\":\"https:\/\/schema.org\",\"@graph\":[{\"@type\":\"WebPage\",\"@id\":\"https:\/\/www.humanium.org\/de\/pate-werden-2\/hgf\/\",\"url\":\"https:\/\/www.humanium.org\/de\/pate-werden-2\/hgf\/\",\"name\":\"H\u00e4ufig Gestellte Fragen - Humanium\",\"isPartOf\":{\"@id\":\"https:\/\/www.humanium.org\/de\/#website\"},\"datePublished\":\"2010-09-28T19:13:31+00:00\",\"dateModified\":\"2025-12-06T06:18:42+00:00\",\"breadcrumb\":{\"@id\":\"https:\/\/www.humanium.org\/de\/pate-werden-2\/hgf\/#breadcrumb\"},\"inLanguage\":\"de\",\"potentialAction\":[{\"@type\":\"ReadAction\",\"target\":[\"https:\/\/www.humanium.org\/de\/pate-werden-2\/hgf\/\"]}]},{\"@type\":\"BreadcrumbList\",\"@id\":\"https:\/\/www.humanium.org\/de\/pate-werden-2\/hgf\/#breadcrumb\",\"itemListElement\":[{\"@type\":\"ListItem\",\"position\":1,\"name\":\"Home\",\"item\":\"https:\/\/www.humanium.org\/de\/\"},{\"@type\":\"ListItem\",\"position\":2,\"name\":\"Pate werden &#8211; Ethisch verantwortliche Patenschaft\",\"item\":\"https:\/\/www.humanium.org\/de\/pate-werden-2\/\"},{\"@type\":\"ListItem\",\"position\":3,\"name\":\"H\u00e4ufig Gestellte Fragen\"}]},{\"@type\":\"WebSite\",\"@id\":\"https:\/\/www.humanium.org\/de\/#website\",\"url\":\"https:\/\/www.humanium.org\/de\/\",\"name\":\"Humanium\",\"description\":\"Kinder zuerst!\",\"potentialAction\":[{\"@type\":\"SearchAction\",\"target\":{\"@type\":\"EntryPoint\",\"urlTemplate\":\"https:\/\/www.humanium.org\/de\/?s={search_term_string}\"},\"query-input\":{\"@type\":\"PropertyValueSpecification\",\"valueRequired\":true,\"valueName\":\"search_term_string\"}}],\"inLanguage\":\"de\"}]}<\/script>\n<!-- \/ Yoast SEO plugin. -->","yoast_head_json":{"title":"H\u00e4ufig Gestellte Fragen - Humanium","robots":{"index":"index","follow":"follow","max-snippet":"max-snippet:-1","max-image-preview":"max-image-preview:large","max-video-preview":"max-video-preview:-1"},"canonical":"https:\/\/www.humanium.org\/de\/pate-werden-2\/hgf\/","og_locale":"de_DE","og_type":"article","og_title":"H\u00e4ufig Gestellte Fragen - Humanium","og_description":"F.A.Q. Fragen &#8211; Antworten zur Patenschaft von Kindern mit Humanium &nbsp; &gt; Wer ist das Patenkind ? Ihr Patenkind ist Inder, es wohnt in einem armen Dorf im S\u00fcden von Indien. Einige Kinder sind Arbeiter und die meisten Grundbed\u00fcrfnisse des Kindes sind weder gedeckt noch gesichert. Da Ihre Patenschaft mehreren Kindern hilft, gibt es keine [&hellip;]","og_url":"https:\/\/www.humanium.org\/de\/pate-werden-2\/hgf\/","og_site_name":"Humanium","article_modified_time":"2025-12-06T06:18:42+00:00","twitter_card":"summary_large_image","twitter_misc":{"Gesch\u00e4tzte Lesezeit":"2\u00a0Minuten"},"schema":{"@context":"https:\/\/schema.org","@graph":[{"@type":"WebPage","@id":"https:\/\/www.humanium.org\/de\/pate-werden-2\/hgf\/","url":"https:\/\/www.humanium.org\/de\/pate-werden-2\/hgf\/","name":"H\u00e4ufig Gestellte Fragen - Humanium","isPartOf":{"@id":"https:\/\/www.humanium.org\/de\/#website"},"datePublished":"2010-09-28T19:13:31+00:00","dateModified":"2025-12-06T06:18:42+00:00","breadcrumb":{"@id":"https:\/\/www.humanium.org\/de\/pate-werden-2\/hgf\/#breadcrumb"},"inLanguage":"de","potentialAction":[{"@type":"ReadAction","target":["https:\/\/www.humanium.org\/de\/pate-werden-2\/hgf\/"]}]},{"@type":"BreadcrumbList","@id":"https:\/\/www.humanium.org\/de\/pate-werden-2\/hgf\/#breadcrumb","itemListElement":[{"@type":"ListItem","position":1,"name":"Home","item":"https:\/\/www.humanium.org\/de\/"},{"@type":"ListItem","position":2,"name":"Pate werden &#8211; Ethisch verantwortliche Patenschaft","item":"https:\/\/www.humanium.org\/de\/pate-werden-2\/"},{"@type":"ListItem","position":3,"name":"H\u00e4ufig Gestellte Fragen"}]},{"@type":"WebSite","@id":"https:\/\/www.humanium.org\/de\/#website","url":"https:\/\/www.humanium.org\/de\/","name":"Humanium","description":"Kinder zuerst!","potentialAction":[{"@type":"SearchAction","target":{"@type":"EntryPoint","urlTemplate":"https:\/\/www.humanium.org\/de\/?s={search_term_string}"},"query-input":{"@type":"PropertyValueSpecification","valueRequired":true,"valueName":"search_term_string"}}],"inLanguage":"de"}]}},"_links":{"self":[{"href":"https:\/\/www.humanium.org\/de\/wp-json\/wp\/v2\/pages\/400","targetHints":{"allow":["GET"]}}],"collection":[{"href":"https:\/\/www.humanium.org\/de\/wp-json\/wp\/v2\/pages"}],"about":[{"href":"https:\/\/www.humanium.org\/de\/wp-json\/wp\/v2\/types\/page"}],"author":[{"embeddable":true,"href":"https:\/\/www.humanium.org\/de\/wp-json\/wp\/v2\/users\/1"}],"replies":[{"embeddable":true,"href":"https:\/\/www.humanium.org\/de\/wp-json\/wp\/v2\/comments?post=400"}],"version-history":[{"count":5,"href":"https:\/\/www.humanium.org\/de\/wp-json\/wp\/v2\/pages\/400\/revisions"}],"predecessor-version":[{"id":20327,"href":"https:\/\/www.humanium.org\/de\/wp-json\/wp\/v2\/pages\/400\/revisions\/20327"}],"up":[{"embeddable":true,"href":"https:\/\/www.humanium.org\/de\/wp-json\/wp\/v2\/pages\/7513"}],"wp:attachment":[{"href":"https:\/\/www.humanium.org\/de\/wp-json\/wp\/v2\/media?parent=400"}],"curies":[{"name":"wp","href":"https:\/\/api.w.org\/{rel}","templated":true}]}}