{"id":4734,"date":"2015-01-12T20:20:56","date_gmt":"2015-01-12T20:20:56","guid":{"rendered":"http:\/\/www.humanium.org\/de\/?page_id=4734"},"modified":"2025-12-05T16:54:59","modified_gmt":"2025-12-05T16:54:59","slug":"afghanistan","status":"publish","type":"page","link":"https:\/\/www.humanium.org\/de\/afghanistan\/","title":{"rendered":"Kinder in Afghanistan"},"content":{"rendered":"<h1>Kinder in Afghanistan<\/h1>\n<h2>Die Kinderrechte in Afghanistan verwirklichen<\/h2>\n<p style=\"text-align: center;\"><img loading=\"lazy\" decoding=\"async\" class=\"size-full wp-image-7250 alignnone\" title=\"Fillette afghane \u00a9 UN Photos\/ Luke Powell\" src=\"https:\/\/www.humanium.org\/fr\/wp-content\/uploads\/fille-afghanistan-UNLuke-Powell.jpg\" alt=\"\" width=\"137\" height=\"200\" \/>\u00a0<img loading=\"lazy\" decoding=\"async\" class=\"alignnone size-full wp-image-11723\" title=\"Gar\u00e7on afghan \u00a9 Luke Powell (unphoto) \" src=\"https:\/\/www.humanium.org\/fr\/wp-content\/uploads\/2011\/07\/Garcon-afghan-unphoto-lukepowell.jpg\" alt=\"\" width=\"143\" height=\"200\" \/><\/p>\n<p>Ein Unicefbericht bezeichnet Afghanistan als \u201eschlimmsten Ort auf der Welt, um Kinder zu geb\u00e4ren\u201c, da die Kinder in Afghanistan t\u00e4glich Elend und Gewalt ausgesetzt sind. Ihre Situation ist dramatisch: Kindersterblichkeit, Unterern\u00e4hrung, Zwangsverheiratungen, sexueller Missbrauch&#8230;<\/p>\n<h3>Die Verletzungen der Rechte des Kindes sind in Afghanistan keine Seltenheit:<\/h3>\n<p>Nach vielen Jahren blutiger Konflikte muss der Staat viele Anstrengungen unternehmen, um sich neu aufzubauen und den Kindern ein w\u00fcrdiges Leben zusichern zu k\u00f6nnen.<\/p>\n<p><strong><a href=\"https:\/\/www.humanium.org\/de\/armut\/\">Armut<\/a><\/strong><\/p>\n<p>Beinahe die H\u00e4lfte der afghanischen Bev\u00f6lkerung (46%) lebt unterhalb der Armutsgrenze. Laut Statistiken der UNO ist Afghanistan das zweit\u00e4rmste Land der Welt. Das durchschnittliche Bruttoeinkommen pro Einwohner bel\u00e4uft sich auf 370 Dollar im Jahr; beispielsweise verdient ein Richter oder Professor ungef\u00e4hr 50 Dollar pro Monat.<\/p>\n<p><strong><a href=\"https:\/\/www.humanium.org\/de\/das-recht-auf-gesundheit\/\">Gesundheit<\/a><\/strong><\/p>\n<p>Die Kindersterblichkeit ist in Afghanistan besonders hoch und die Lebenserwartung bei der Geburt ist die weltweit niedrigste (44 Jahre).<\/p>\n<p>Statistiken zeigen, dass 35% der Neugeborenen untergewichtig sind. Noch heute finden 87% der Entbindungen zuhause statt, im Allgemeinen ohne jegliche medizinische Hilfe. In der sehr patriarchalisch gepr\u00e4gten afghanischen Gesellschaft haben Frauen oft nicht einmal das Recht, das Haus zu verlassen &#8211; auch nicht, um ins Krankenhaus zu gehen. So stirbt jede achte Frau bei der Entbindung.<\/p>\n<p>Es gibt sehr wenige Krankenh\u00e4user in Afghanistan; manchmal muss eine Strecke von mehreren hundert Kilometern zur\u00fcckgelegt werden, um eine Klink zu erreichen. Au\u00dferdem fehlt dem medizinischen Personal h\u00e4ufig eine angemessene Ausbildung und geeignete Ausr\u00fcstung.<\/p>\n<p>Zudem hat ungef\u00e4hr 70% der Bev\u00f6lkerung keinen Zugang zu Trinkwasser, was enorme Risiken f\u00fcr die Gesundheit birgt, besonders f\u00fcr die J\u00fcngsten.<\/p>\n<p><strong><a href=\"https:\/\/www.humanium.org\/de\/recht-bildung\/\">Bildung<\/a><\/strong><\/p>\n<p><img loading=\"lazy\" decoding=\"async\" class=\"alignright size-full wp-image-7272\" title=\"Fille afghane\" src=\"https:\/\/www.humanium.org\/fr\/wp-content\/uploads\/Fille-afghane.jpg\" alt=\"\" width=\"171\" height=\"200\" \/>Nur ungef\u00e4hr 60% der afghanischen Kinder gehen heute zur Schule. Nur 28% der erwachsenen Bev\u00f6lkerung k\u00f6nnen schreiben und lesen. Zudem fehlt es im Bildungssystem an Infrastruktur: In Kabul sind teilweise \u00fcber 60 Sch\u00fcler in einer Klasse.<\/p>\n<p>Afghanistan h\u00e4lt auch den traurigen Rekord als das Land, in dem die meisten terroristischen Anschl\u00e4ge auf Schulen, besonders auf M\u00e4dchenschulen, ver\u00fcbt werden. Auch wenn durch die Beendigung der Talibanherrschaft viele Kinder wieder zur Schule gehen k\u00f6nnen, braucht es weitere Fortschritte, um die Sicherheit der Sch\u00fcler und das Recht auf Bildung f\u00fcr alle afghanischen Kinder zu garantieren.<\/p>\n<p><strong><a href=\"https:\/\/www.humanium.org\/de\/kinderarbeit-2\/\">Kinderarbeit<\/a><\/strong><\/p>\n<p>In Afghanistan m\u00fcssen ungef\u00e4hr 20% der Kinder arbeiten, um ihre Versorgung und die ihrer Eltern sicherzustellen. So \u00fcben Kinder zum Beispiel folgende Berufe aus: Stra\u00dfenverk\u00e4ufer, Wassertr\u00e4ger, Kartonsammler, Schuhputzer, Taxitreiber, Haushaltshilfen oder auch Gehilfen in Gesch\u00e4ften.<\/p>\n<p><img loading=\"lazy\" decoding=\"async\" class=\"size-full wp-image-11724 alignright\" title=\"\u00a9 UN Shehzad Noorani\" src=\"https:\/\/www.humanium.org\/fr\/wp-content\/uploads\/2011\/07\/travail-enfant-un-shehzad-noorani.jpg\" alt=\"\" width=\"203\" height=\"182\" \/>Das Kind \u00fcbernimmt eine wichtige wirtschaftliche Rolle im Kreise der Familie, denn die Geh\u00e4lter der Eltern sind so niedrig, dass damit keine Familie ern\u00e4hrt werden kann. Au\u00dferdem kommt es aus kulturellen Gr\u00fcnden sehr selten vor, dass die M\u00fctter au\u00dferhalb des eigenen Heimes arbeiten. Daher z\u00e4hlt man auf die Einkommen des Kindes, auch wenn das hei\u00dft, dass das Kind daf\u00fcr auf der Stra\u00dfe betteln muss.<\/p>\n<p>Die daraus entstehenden Folgen sind besonders dramatisch: keine schulische Ausbildung, polizeiliche Gewalt, Krankheiten aufgrund von Umweltverschmutzung und dem stark schwankendem Klima (im Sommer herrschen oft Temperaturen von \u00fcber 40\u00b0 C, im Winter f\u00e4llt das Thermometer auf \u201320\u00b0 C).<\/p>\n<p><strong><a href=\"https:\/\/www.humanium.org\/de\/misshandlung\/\">Gewalt und Ausbeutung der Kinder<\/a><\/strong><br \/>\nDie afghanischen Kinder und Jugendlichen sind oft Opfer von Gewalt. 2009 wurden ungef\u00e4hr 250 Kinder bei terroristischen Anschl\u00e4gen get\u00f6tet.<\/p>\n<p>Zudem sind viele von ihnen Opfer sexuellen Missbrauchs: Ungef\u00e4hr 1500 F\u00e4lle werden jedes Jahr registriert, aber viele von ihnen sprechen niemals \u00fcber diese Gewaltakte. In den meisten F\u00e4llen werden die T\u00e4ter aus politischen Gr\u00fcnden nicht strafrechtlich verfolgt (ehemalige milit\u00e4rische F\u00fchrer oder Regierungsangeh\u00f6rige, Korruption etc.) Nur ein tiefgreifender Mentalit\u00e4tswandel kann die afghanischen Kinder davor bewahren, weiterhin ausgebeutet zu werden.<\/p>\n<p><strong><a href=\"https:\/\/www.humanium.org\/de\/kindersoldaten\/\">Kindersoldaten<\/a><\/strong><\/p>\n<p>Unter dem Taliban-Regime sind Tausende afghanischer Minderj\u00e4hriger in terroristische Kampfgruppen eingezogen worden. Sie wurden einer \u201eGehirnw\u00e4sche\u201c unterzogen, anschlie\u00dfend in der Benutzung von Waffen geschult und in den Krieg geschickt. Einige Kinder, die noch nicht einmal 6 Jahre alt waren, wurden auch als Kamikazekinder benutzt.<\/p>\n<p>Anfang 2011 unterzeichnete Afghanistan ein Abkommen mit den Vereinten Nationen, welches darauf abzielte, die Rekrutierung von Kindern f\u00fcr die Staatspolizei zu stoppen, die seit 2010 auf der schwarzen Liste der UNO vermerkt war. Die Regierung hat so einen ersten Schritt in einem Prozess gemacht, der es erm\u00f6glichen k\u00f6nnte, dem Einsatz von Kindersoldaten bald ein Ende zu setzen und so denen zu helfen, die diese H\u00f6lle erlebt haben, und sie wieder in das zivile Leben zur\u00fcckzuf\u00fchren.<\/p>\n<p><strong><a href=\"https:\/\/www.humanium.org\/de\/waisenkinder\/\">Waisenkinder<\/a><\/strong><\/p>\n<p>Afghanistan z\u00e4hlt tausende Waisenkinder, eine direkte Folge des Krieges, der das Land zerrissen hat. Nichtsdestotrotz sind nur wenige Waisenkinder auf sich selbst gestellt, denn die afghanische Kultur, die auf islamischen Prinzipien basiert, setzt sich als Aufgabe, den Kindern zu helfen. Die Waisenkinder werden im Allgemeinen von Familienmitgliedern oder anderen Dorfbewohnern aufgenommen.<\/p>\n<p>Leider behandeln einige \u201eAdoptiveltern\u201c diese Kinder wie kleine Sklaven. Manchmal werden sie im Vergleich mit den eigenen Kindern des Vormundes benachteiligt: Ihre Ausbildung steht an letzter Stelle.<\/p>\n<p>Immer wieder beobachtet man, dass die Waisenkinder ein starkes Interesse zeigen, arbeiten zu gehen, um ihre Gastfamilie als Dank \u201ezu entsch\u00e4digen\u201c. Es ist notwendig, dass Strukturen geschaffen werden, durch die diese Kinder eine Ausbildung, Pflege und ein offenes Ohr erhalten. Ein nationaler Plan zum Schutz der Kinder wurde bereits jetzt ins Leben gerufen, um diese Situation zu verbessern.<\/p>\n<p><a href=\"https:\/\/www.humanium.org\/de\/kinder-mit-behinderung\/\"><strong>Behinderte Kinder<\/strong><\/a><\/p>\n<p><img loading=\"lazy\" decoding=\"async\" class=\"alignright size-full wp-image-7315\" title=\"\u00a9 UN Photos\/Hassan Zakizada\" src=\"https:\/\/www.humanium.org\/fr\/wp-content\/uploads\/enfanthandicap-un-hassan-zakizada.jpg\" alt=\"\" width=\"184\" height=\"197\" \/>Das Vorhandensein zahlreicher Tretminen in Afghanistan verursacht noch immer regelm\u00e4\u00dfig Unf\u00e4lle, manchmal mit t\u00f6dlichem Ausgang, besonders bei den ganz kleinen Kindern, die nicht so achtsam sind. Viele afghanische Kinder sind aufgrund einer Minenexplosion behindert. Die Regierung und verschiedene NGO\u2019s haben Aufkl\u00e4rungssprogramme und Programme zur Beseitigung der Tretminen ins Leben gerufen.<\/p>\n<p><strong><a href=\"https:\/\/www.humanium.org\/de\/kinderheirat\/\">Kinderheirat<\/a><\/strong><\/p>\n<p>Zwischen 2000 und 2009 haben fast 40% der befragten jungen afghanischen Frauen berichtet, dass sie noch vor ihrem 18. Geburtstag verheiratet wurden. Diese verfr\u00fchten Heiraten haben schlimme Folgen f\u00fcr die Gesundheit der jungen M\u00e4dchen, insbesondere, weil sie noch nicht bereit sind f\u00fcr eine Schwangerschaft.<\/p>\n<p><a href=\"https:\/\/www.humanium.org\/de\/recht-auf-identitat\/\"><strong>Recht auf Identit\u00e4t<\/strong><\/a><\/p>\n<p>Nur 6% der Geburten werden in Afghanistan offiziell registriert. Folglich hat die Mehrheit der afghanischen Kinder weder eine offizielle Identit\u00e4t noch eine Nationalit\u00e4t: Sie sind in den Augen der Gesellschaft nicht existent.<\/p>\n<p><img loading=\"lazy\" decoding=\"async\" class=\"size-full wp-image-11725 alignright\" title=\"\u00a9 UN Photos\/Eric Kanalstein\" src=\"https:\/\/www.humanium.org\/fr\/wp-content\/uploads\/2011\/07\/camprefugies-un-eric-kanasltein.jpg\" alt=\"\" width=\"201\" height=\"139\" \/>Das ist vor allem f\u00fcr die afghanischen Kinder problematisch, die vor dem Krieg geflohen sind. Das betrifft ungef\u00e4hr 1,5 Millionen Kinder in den Fl\u00fcchtlingslagern in Pakistan und im Iran. Diese Kinder haben keinen Status und somit keinerlei Rechte, da sie offiziell, im juristischen Sinne, nicht existieren.<\/p>\n<p><strong><a href=\"https:\/\/www.humanium.org\/de\/minderjahrigenrecht\/\">Jugendstrafrecht<\/a><\/strong><\/p>\n<p>Das afghanische Strafrecht unterscheidet nicht zwischen schweren und weniger schweren Straftaten. Trotz der Verabschiedung eines Strafgesetzbuches f\u00fcr Minderj\u00e4hrige im Jahr 2005 gibt es f\u00fcr einen jungen Straft\u00e4ter praktisch keine Alternative zum Gef\u00e4ngnis, was insbesondere dem Paragraphen 40 der <a href=\"https:\/\/www.humanium.org\/de\/konvention\/\">UN-Kinderrechtskonvention<\/a> (CRC) widerspricht. Dank der Arbeit der NGO\u2019s konnten in einigen Regionen Fortschritte erzielt werden. Das Rechtssystem muss allerdings ganzheitlich verbessert werden, um Kinderrechte zu gew\u00e4hrleisten.<\/p>\n","protected":false},"excerpt":{"rendered":"<p>Kinder in Afghanistan Die Kinderrechte in Afghanistan verwirklichen \u00a0 Ein Unicefbericht bezeichnet Afghanistan als \u201eschlimmsten Ort auf der Welt, um Kinder zu geb\u00e4ren\u201c, da die Kinder in Afghanistan t\u00e4glich Elend und Gewalt ausgesetzt sind. Ihre Situation ist dramatisch: Kindersterblichkeit, Unterern\u00e4hrung, Zwangsverheiratungen, sexueller Missbrauch&#8230; Die Verletzungen der Rechte des Kindes sind in Afghanistan keine Seltenheit: Nach [&hellip;]<\/p>\n","protected":false},"author":1,"featured_media":0,"parent":0,"menu_order":0,"comment_status":"closed","ping_status":"closed","template":"","meta":{"footnotes":""},"class_list":["post-4734","page","type-page","status-publish","hentry"],"yoast_head":"<!-- This site is optimized with the Yoast SEO plugin v26.5 - https:\/\/yoast.com\/wordpress\/plugins\/seo\/ -->\n<title>Kinder in Afghanistan - Humanium<\/title>\n<meta name=\"description\" content=\"Die Kinder in Afghanistan t\u00e4glich Elend und Gewalt ausgesetzt sind. Ihre Situation ist dramatisch: Kindersterblichkeit, Unterern\u00e4hrung, Zwangsverheiratunge.\" \/>\n<meta name=\"robots\" content=\"index, follow, max-snippet:-1, max-image-preview:large, max-video-preview:-1\" \/>\n<link rel=\"canonical\" href=\"https:\/\/www.humanium.org\/de\/afghanistan\/\" \/>\n<meta property=\"og:locale\" content=\"de_DE\" \/>\n<meta property=\"og:type\" content=\"article\" \/>\n<meta property=\"og:title\" content=\"Kinder in Afghanistan - Humanium\" \/>\n<meta property=\"og:description\" content=\"Die Kinder in Afghanistan t\u00e4glich Elend und Gewalt ausgesetzt sind. Ihre Situation ist dramatisch: Kindersterblichkeit, Unterern\u00e4hrung, Zwangsverheiratunge.\" \/>\n<meta property=\"og:url\" content=\"https:\/\/www.humanium.org\/de\/afghanistan\/\" \/>\n<meta property=\"og:site_name\" content=\"Humanium\" \/>\n<meta property=\"article:modified_time\" content=\"2025-12-05T16:54:59+00:00\" \/>\n<meta name=\"twitter:card\" content=\"summary_large_image\" \/>\n<meta name=\"twitter:label1\" content=\"Gesch\u00e4tzte Lesezeit\" \/>\n\t<meta name=\"twitter:data1\" content=\"8\u00a0Minuten\" \/>\n<script type=\"application\/ld+json\" class=\"yoast-schema-graph\">{\"@context\":\"https:\/\/schema.org\",\"@graph\":[{\"@type\":\"WebPage\",\"@id\":\"https:\/\/www.humanium.org\/de\/afghanistan\/\",\"url\":\"https:\/\/www.humanium.org\/de\/afghanistan\/\",\"name\":\"Kinder in Afghanistan - Humanium\",\"isPartOf\":{\"@id\":\"https:\/\/www.humanium.org\/de\/#website\"},\"primaryImageOfPage\":{\"@id\":\"https:\/\/www.humanium.org\/de\/afghanistan\/#primaryimage\"},\"image\":{\"@id\":\"https:\/\/www.humanium.org\/de\/afghanistan\/#primaryimage\"},\"thumbnailUrl\":\"https:\/\/www.humanium.org\/fr\/wp-content\/uploads\/fille-afghanistan-UNLuke-Powell.jpg\",\"datePublished\":\"2015-01-12T20:20:56+00:00\",\"dateModified\":\"2025-12-05T16:54:59+00:00\",\"description\":\"Die Kinder in Afghanistan t\u00e4glich Elend und Gewalt ausgesetzt sind. Ihre Situation ist dramatisch: Kindersterblichkeit, Unterern\u00e4hrung, Zwangsverheiratunge.\",\"breadcrumb\":{\"@id\":\"https:\/\/www.humanium.org\/de\/afghanistan\/#breadcrumb\"},\"inLanguage\":\"de\",\"potentialAction\":[{\"@type\":\"ReadAction\",\"target\":[\"https:\/\/www.humanium.org\/de\/afghanistan\/\"]}]},{\"@type\":\"ImageObject\",\"inLanguage\":\"de\",\"@id\":\"https:\/\/www.humanium.org\/de\/afghanistan\/#primaryimage\",\"url\":\"https:\/\/www.humanium.org\/fr\/wp-content\/uploads\/fille-afghanistan-UNLuke-Powell.jpg\",\"contentUrl\":\"https:\/\/www.humanium.org\/fr\/wp-content\/uploads\/fille-afghanistan-UNLuke-Powell.jpg\"},{\"@type\":\"BreadcrumbList\",\"@id\":\"https:\/\/www.humanium.org\/de\/afghanistan\/#breadcrumb\",\"itemListElement\":[{\"@type\":\"ListItem\",\"position\":1,\"name\":\"Home\",\"item\":\"https:\/\/www.humanium.org\/de\/\"},{\"@type\":\"ListItem\",\"position\":2,\"name\":\"Kinder in Afghanistan\"}]},{\"@type\":\"WebSite\",\"@id\":\"https:\/\/www.humanium.org\/de\/#website\",\"url\":\"https:\/\/www.humanium.org\/de\/\",\"name\":\"Humanium\",\"description\":\"Kinder zuerst!\",\"potentialAction\":[{\"@type\":\"SearchAction\",\"target\":{\"@type\":\"EntryPoint\",\"urlTemplate\":\"https:\/\/www.humanium.org\/de\/?s={search_term_string}\"},\"query-input\":{\"@type\":\"PropertyValueSpecification\",\"valueRequired\":true,\"valueName\":\"search_term_string\"}}],\"inLanguage\":\"de\"}]}<\/script>\n<!-- \/ Yoast SEO plugin. -->","yoast_head_json":{"title":"Kinder in Afghanistan - Humanium","description":"Die Kinder in Afghanistan t\u00e4glich Elend und Gewalt ausgesetzt sind. Ihre Situation ist dramatisch: Kindersterblichkeit, Unterern\u00e4hrung, Zwangsverheiratunge.","robots":{"index":"index","follow":"follow","max-snippet":"max-snippet:-1","max-image-preview":"max-image-preview:large","max-video-preview":"max-video-preview:-1"},"canonical":"https:\/\/www.humanium.org\/de\/afghanistan\/","og_locale":"de_DE","og_type":"article","og_title":"Kinder in Afghanistan - Humanium","og_description":"Die Kinder in Afghanistan t\u00e4glich Elend und Gewalt ausgesetzt sind. Ihre Situation ist dramatisch: Kindersterblichkeit, Unterern\u00e4hrung, Zwangsverheiratunge.","og_url":"https:\/\/www.humanium.org\/de\/afghanistan\/","og_site_name":"Humanium","article_modified_time":"2025-12-05T16:54:59+00:00","twitter_card":"summary_large_image","twitter_misc":{"Gesch\u00e4tzte Lesezeit":"8\u00a0Minuten"},"schema":{"@context":"https:\/\/schema.org","@graph":[{"@type":"WebPage","@id":"https:\/\/www.humanium.org\/de\/afghanistan\/","url":"https:\/\/www.humanium.org\/de\/afghanistan\/","name":"Kinder in Afghanistan - Humanium","isPartOf":{"@id":"https:\/\/www.humanium.org\/de\/#website"},"primaryImageOfPage":{"@id":"https:\/\/www.humanium.org\/de\/afghanistan\/#primaryimage"},"image":{"@id":"https:\/\/www.humanium.org\/de\/afghanistan\/#primaryimage"},"thumbnailUrl":"https:\/\/www.humanium.org\/fr\/wp-content\/uploads\/fille-afghanistan-UNLuke-Powell.jpg","datePublished":"2015-01-12T20:20:56+00:00","dateModified":"2025-12-05T16:54:59+00:00","description":"Die Kinder in Afghanistan t\u00e4glich Elend und Gewalt ausgesetzt sind. Ihre Situation ist dramatisch: Kindersterblichkeit, Unterern\u00e4hrung, Zwangsverheiratunge.","breadcrumb":{"@id":"https:\/\/www.humanium.org\/de\/afghanistan\/#breadcrumb"},"inLanguage":"de","potentialAction":[{"@type":"ReadAction","target":["https:\/\/www.humanium.org\/de\/afghanistan\/"]}]},{"@type":"ImageObject","inLanguage":"de","@id":"https:\/\/www.humanium.org\/de\/afghanistan\/#primaryimage","url":"https:\/\/www.humanium.org\/fr\/wp-content\/uploads\/fille-afghanistan-UNLuke-Powell.jpg","contentUrl":"https:\/\/www.humanium.org\/fr\/wp-content\/uploads\/fille-afghanistan-UNLuke-Powell.jpg"},{"@type":"BreadcrumbList","@id":"https:\/\/www.humanium.org\/de\/afghanistan\/#breadcrumb","itemListElement":[{"@type":"ListItem","position":1,"name":"Home","item":"https:\/\/www.humanium.org\/de\/"},{"@type":"ListItem","position":2,"name":"Kinder in Afghanistan"}]},{"@type":"WebSite","@id":"https:\/\/www.humanium.org\/de\/#website","url":"https:\/\/www.humanium.org\/de\/","name":"Humanium","description":"Kinder zuerst!","potentialAction":[{"@type":"SearchAction","target":{"@type":"EntryPoint","urlTemplate":"https:\/\/www.humanium.org\/de\/?s={search_term_string}"},"query-input":{"@type":"PropertyValueSpecification","valueRequired":true,"valueName":"search_term_string"}}],"inLanguage":"de"}]}},"_links":{"self":[{"href":"https:\/\/www.humanium.org\/de\/wp-json\/wp\/v2\/pages\/4734","targetHints":{"allow":["GET"]}}],"collection":[{"href":"https:\/\/www.humanium.org\/de\/wp-json\/wp\/v2\/pages"}],"about":[{"href":"https:\/\/www.humanium.org\/de\/wp-json\/wp\/v2\/types\/page"}],"author":[{"embeddable":true,"href":"https:\/\/www.humanium.org\/de\/wp-json\/wp\/v2\/users\/1"}],"replies":[{"embeddable":true,"href":"https:\/\/www.humanium.org\/de\/wp-json\/wp\/v2\/comments?post=4734"}],"version-history":[{"count":3,"href":"https:\/\/www.humanium.org\/de\/wp-json\/wp\/v2\/pages\/4734\/revisions"}],"predecessor-version":[{"id":20115,"href":"https:\/\/www.humanium.org\/de\/wp-json\/wp\/v2\/pages\/4734\/revisions\/20115"}],"wp:attachment":[{"href":"https:\/\/www.humanium.org\/de\/wp-json\/wp\/v2\/media?parent=4734"}],"curies":[{"name":"wp","href":"https:\/\/api.w.org\/{rel}","templated":true}]}}