{"id":4809,"date":"2015-02-23T15:10:11","date_gmt":"2015-02-23T15:10:11","guid":{"rendered":"http:\/\/www.humanium.org\/de\/?page_id=4809"},"modified":"2025-12-06T06:19:07","modified_gmt":"2025-12-06T06:19:07","slug":"australien","status":"publish","type":"page","link":"https:\/\/www.humanium.org\/de\/australien\/","title":{"rendered":"Australiens Kinder"},"content":{"rendered":"<h1>Australiens Kinder<\/h1>\n<h2>Die Verwirklichung von Kinderrechten in Australien<\/h2>\n<p style=\"text-align: center;\"><img loading=\"lazy\" decoding=\"async\" class=\"alignnone size-full wp-image-9760\" title=\" Fillette australienne \u00a9 Kim Steele (Getty images)\" src=\"https:\/\/www.humanium.org\/fr\/wp-content\/uploads\/2011\/06\/petite-australienne-Kim-Steele-Getty-images3.jpg\" alt=\"\" width=\"167\" height=\"200\" \/>\u00a0 <img loading=\"lazy\" decoding=\"async\" class=\"alignnone size-full wp-image-10752\" title=\"Gar\u00e7on australien \u00a9 Lyn Walkerden Photography (getty-image)\" src=\"https:\/\/www.humanium.org\/fr\/wp-content\/uploads\/2011\/07\/garcon-australien-lyn-walkerden-photography-getty-image.jpg\" alt=\"\" width=\"215\" height=\"200\" \/><\/p>\n<p>Im Allgemeinen sind australische Kinder in Bezug auf ihre Rechte privilegiert. Allerdings werden die Rechte mancher Kinder, besonders derer die unter Armut leiden oder Kinder von Ureinwohnern sind, verletzt.<\/p>\n<h3>Die Hauptprobleme der Kinder in Australien: :<\/h3>\n<p><strong><a href=\"https:\/\/www.humanium.org\/de\/armut\/\">Armut<\/a><\/strong><\/p>\n<p style=\"text-align: justify;\"><img loading=\"lazy\" decoding=\"async\" class=\"size-full wp-image-10753 alignright\" title=\"\u00a9 Jodie Griggs (getty images)\" src=\"https:\/\/www.humanium.org\/fr\/wp-content\/uploads\/2011\/07\/pauvrete-jodie-griggs-getty-images.jpg\" alt=\"\" width=\"191\" height=\"103\" \/>Etwa jedes siebte Kind in Australien lebt in Armut und kann dieser nicht entkommen. Familien mit geringem Einkommen haben Schwierigkeiten, ihre Kinder gro\u00df zu ziehen, und so werden diese manchmal Opfer von Missbrauch und Misshandlungen.<\/p>\n<p style=\"text-align: justify;\">In Australien sind haupts\u00e4chlich Familien mit Migrationshintergrund von Armut betroffen. Das hat einen erheblichen Einfluss auf das Leben der Kinder, die deshalb unter schlechteren gesundheitlichen Bedingungen leben und einen schlechteren Zugang zu h\u00f6herer Bildung haben.<\/p>\n<p><strong><a href=\"https:\/\/www.humanium.org\/de\/vertriebene-kinder\/\">Fl\u00fcchtlingskinder<\/a><\/strong><\/p>\n<p style=\"text-align: justify;\">Die Situation von Migrantenkindern in Australien verschlimmert sich. Viele Kinder, meistens Afghanen und Sri Lanker, erreichen Australien \u00fcber den Seeweg um Asyl zu beantragen.<\/p>\n<p style=\"text-align: justify;\">Im Jahr 2010 hat Australien die Bearbeitung neuer Asylantr\u00e4ge von sri-lankischen und afghanischen Kindern ausgesetzt. Die Gefahr besteht nun darin, dass diese Kinder willk\u00fcrlich verhaftet und festgehalten werden, obwohl sie einen legitimen Grund f\u00fcr ihre Asylbewerbung haben.<\/p>\n<p style=\"text-align: justify;\">Amnesty International sagt dazu: \u201eLeider sieht es so aus, als ob die australische Regierung die Rechte der Schutzlosen mit F\u00fc\u00dfen tritt.\u201c<\/p>\n<p style=\"text-align: justify;\">2011 erkl\u00e4rte Australien, unbegleitete, minderj\u00e4hrige Migranten w\u00fcrden wieder zur\u00fcck nach Malaysia geschickt. Die Situation dieser Kinder, die nun f\u00fcr sich selbst sorgen m\u00fcssen, ist kritisch. Der Weg nach Australien ist lang und schwierig und einmal dort angekommen, leiden sie oft an gesundheitlichen Problemen und Unterern\u00e4hrung.<\/p>\n<p style=\"text-align: justify;\">In dieser Situation werden die Rechte der Kinder nicht immer gewahrt, weshalb der Hohe Kommissar der Vereinten Nationen f\u00fcr Fl\u00fcchtlinge eine \u201e spezielle Ber\u00fccksichtigung und angemessenen Schutz f\u00fcr gef\u00e4hrdete Gruppen und unbegleitete Minderj\u00e4hrige\u201c fordert.<\/p>\n<p><strong>Kinder von Aborigines<\/strong><\/p>\n<p><img loading=\"lazy\" decoding=\"async\" class=\"alignright size-full wp-image-10754\" title=\"Les groupes aborig\u00e8nes sont victimes de discriminations en Australie \u00a9 Youth With Mission International (flickr)\" src=\"https:\/\/www.humanium.org\/fr\/wp-content\/uploads\/2011\/07\/groupes-aborigenes-youth-with-mission-international-flickr.jpg\" alt=\"\" width=\"159\" height=\"200\" \/><\/p>\n<p style=\"text-align: justify;\">Indigene V\u00f6lker, die als erstes in Australien vorgefunden wurden, empfinden ihre Rechte nun als missachtet und verkannt. Diese Menschen haben miterlebt, wie ihr Land und ihre Ernte zerst\u00f6rt wurden. Das hat auch tragische Auswirkungen auf indigene Kinder. Die meisten von ihnen leben in Armut, mit wenig Hoffnung auf eine Ver\u00e4nderung der australischen Gesellschaft.<\/p>\n<p style=\"text-align: justify;\">Die indigenen Menschen bilden eine Randgesellschaft, der grundlegende Rechte wie Bildung oder eine Gesundheitsversorgung vorenthalten werden. Kinder, die keinen angemessenen Zugang zu Bildung erhalten, bleiben als Erwachsene zum Gro\u00dfteil arbeitslos.<\/p>\n<p style=\"text-align: justify;\">Sobald sie in eine &#8222;Stadt&#8220; kommen, sind sie oft Diskriminierungen ausgesetzt und m\u00fcssen gegen ihre Identit\u00e4t ank\u00e4mpfen. Diese Kinder sind Opfer von Rassismus in der Gesellschaft. Sie werden ausgeschlossen und ihnen stehen nur wenige M\u00f6glichkeiten zur Verf\u00fcgung.<\/p>\n<p style=\"text-align: justify;\">Diese <a href=\"https:\/\/www.humanium.org\/de\/focusdiskriminierung\/\">Diskriminierung <\/a>f\u00fchrt dazu, dass Kinder sich oft innerhalb ihres eigenen Klans verkriechen und Alkohol und Drogen konsumieren.<\/p>\n<p style=\"text-align: justify;\">Aborigines sind sehr arm, weshalb viele indigene Kinder an Hunger und Unterern\u00e4hrung leiden.<\/p>\n<p style=\"text-align: justify;\">Ein Bericht der Regierung des Nordterritoriums zeigt, dass viele Kinder in abgeschiedenen Gemeinden Opfer sexuellen Missbrauchs wurden. Die Kinder werden dadurch traumatisiert und es ist sehr schwierig f\u00fcr sie, die Justizbeh\u00f6rden zu verstehen.<\/p>\n<p style=\"text-align: justify;\">Die Vergewaltigungen f\u00fcgen den Kindern nicht nur emotionale Traumata zu, sondern erh\u00f6hen auch das Risiko sexuell \u00fcbertragbarer Krankheiten oder ungewollter Schwangerschaften.<\/p>\n<p><strong><a href=\"https:\/\/www.humanium.org\/de\/misshandlung\/\">Kinder: Die Opfer von Missbrauch<\/a><\/strong><\/p>\n<p><img loading=\"lazy\" decoding=\"async\" class=\"size-full wp-image-9744 alignright\" title=\"Les enfants australiens ne sont pas \u00e9pargn\u00e9s par la violence physique ou psychologique \u00a9 Free range jace (flickr)\" src=\"https:\/\/www.humanium.org\/fr\/wp-content\/uploads\/2011\/06\/enfants-victimes-violences-free-range-jace-flickr.jpg\" alt=\"\" width=\"142\" height=\"174\" \/><\/p>\n<p style=\"text-align: justify;\">Jedes Jahr werden rund 46.187 Kinder Opfer von Missbrauch in Australien.<\/p>\n<p style=\"text-align: justify;\">Am meisten betroffenen von Missbrauch oder Vernachl\u00e4ssigung sind Kinder, die j\u00fcnger als ein Jahr und zwischen ein und vier Jahren alt sind.<\/p>\n<p style=\"text-align: justify;\">Die Anzahl der F\u00e4lle psychischer Gewalt in Australien hat sich erh\u00f6ht. Viele Kinder werden regelm\u00e4\u00dfig Zeugen h\u00e4uslicher Gewalt, die sie beunruhigt und negativ beeinflusst. In diesen Situationen ist es wichtig, dass ein Kind Zugang zu gesundheitlichen und sozialen Diensten hat, um psychische Traumata fr\u00fchzeitig zu erkennen und zu behandeln.<\/p>\n<p><strong>Umwelt<\/strong><\/p>\n<p style=\"text-align: justify;\">Mit einem j\u00e4hrlichen Pro-Kopf-Aussto\u00df von 18,1 Tonnen CO2 ist Australien unter den Staaten mit der gr\u00f6\u00dften Umweltverschmutzung weltweit. Das hat auch einen Einfluss auf das Leben der Kinder und ihre Zukunftsaussichten. Jedes Kind hat das Recht, in einer gesunden Umwelt zu leben. Australien muss also bedeutende Fortschritte machen, um seinen \u00f6kologischen Fu\u00dfabdruck zu verbessern.<\/p>\n","protected":false},"excerpt":{"rendered":"<p>Australiens Kinder Die Verwirklichung von Kinderrechten in Australien \u00a0 Im Allgemeinen sind australische Kinder in Bezug auf ihre Rechte privilegiert. Allerdings werden die Rechte mancher Kinder, besonders derer die unter Armut leiden oder Kinder von Ureinwohnern sind, verletzt. Die Hauptprobleme der Kinder in Australien: : Armut Etwa jedes siebte Kind in Australien lebt in Armut [&hellip;]<\/p>\n","protected":false},"author":1,"featured_media":0,"parent":0,"menu_order":0,"comment_status":"closed","ping_status":"closed","template":"","meta":{"footnotes":""},"class_list":["post-4809","page","type-page","status-publish","hentry"],"yoast_head":"<!-- This site is optimized with the Yoast SEO plugin v26.5 - https:\/\/yoast.com\/wordpress\/plugins\/seo\/ -->\n<title>Australiens Kinder - Humanium<\/title>\n<meta name=\"description\" content=\"Im Allgemeinen sind australische Kinder in Bezug auf ihre Rechte privilegiert. Allerdings werden die Rechte mancher Kinder verletzt.\" \/>\n<meta name=\"robots\" content=\"index, follow, max-snippet:-1, max-image-preview:large, max-video-preview:-1\" \/>\n<link rel=\"canonical\" href=\"https:\/\/www.humanium.org\/de\/australien\/\" \/>\n<meta property=\"og:locale\" content=\"de_DE\" \/>\n<meta property=\"og:type\" content=\"article\" \/>\n<meta property=\"og:title\" content=\"Australiens Kinder - Humanium\" \/>\n<meta property=\"og:description\" content=\"Im Allgemeinen sind australische Kinder in Bezug auf ihre Rechte privilegiert. Allerdings werden die Rechte mancher Kinder verletzt.\" \/>\n<meta property=\"og:url\" content=\"https:\/\/www.humanium.org\/de\/australien\/\" \/>\n<meta property=\"og:site_name\" content=\"Humanium\" \/>\n<meta property=\"article:modified_time\" content=\"2025-12-06T06:19:07+00:00\" \/>\n<meta name=\"twitter:card\" content=\"summary_large_image\" \/>\n<meta name=\"twitter:label1\" content=\"Gesch\u00e4tzte Lesezeit\" \/>\n\t<meta name=\"twitter:data1\" content=\"5\u00a0Minuten\" \/>\n<script type=\"application\/ld+json\" class=\"yoast-schema-graph\">{\"@context\":\"https:\/\/schema.org\",\"@graph\":[{\"@type\":\"WebPage\",\"@id\":\"https:\/\/www.humanium.org\/de\/australien\/\",\"url\":\"https:\/\/www.humanium.org\/de\/australien\/\",\"name\":\"Australiens Kinder - Humanium\",\"isPartOf\":{\"@id\":\"https:\/\/www.humanium.org\/de\/#website\"},\"primaryImageOfPage\":{\"@id\":\"https:\/\/www.humanium.org\/de\/australien\/#primaryimage\"},\"image\":{\"@id\":\"https:\/\/www.humanium.org\/de\/australien\/#primaryimage\"},\"thumbnailUrl\":\"https:\/\/www.humanium.org\/fr\/wp-content\/uploads\/2011\/06\/petite-australienne-Kim-Steele-Getty-images3.jpg\",\"datePublished\":\"2015-02-23T15:10:11+00:00\",\"dateModified\":\"2025-12-06T06:19:07+00:00\",\"description\":\"Im Allgemeinen sind australische Kinder in Bezug auf ihre Rechte privilegiert. Allerdings werden die Rechte mancher Kinder verletzt.\",\"breadcrumb\":{\"@id\":\"https:\/\/www.humanium.org\/de\/australien\/#breadcrumb\"},\"inLanguage\":\"de\",\"potentialAction\":[{\"@type\":\"ReadAction\",\"target\":[\"https:\/\/www.humanium.org\/de\/australien\/\"]}]},{\"@type\":\"ImageObject\",\"inLanguage\":\"de\",\"@id\":\"https:\/\/www.humanium.org\/de\/australien\/#primaryimage\",\"url\":\"https:\/\/www.humanium.org\/fr\/wp-content\/uploads\/2011\/06\/petite-australienne-Kim-Steele-Getty-images3.jpg\",\"contentUrl\":\"https:\/\/www.humanium.org\/fr\/wp-content\/uploads\/2011\/06\/petite-australienne-Kim-Steele-Getty-images3.jpg\"},{\"@type\":\"BreadcrumbList\",\"@id\":\"https:\/\/www.humanium.org\/de\/australien\/#breadcrumb\",\"itemListElement\":[{\"@type\":\"ListItem\",\"position\":1,\"name\":\"Home\",\"item\":\"https:\/\/www.humanium.org\/de\/\"},{\"@type\":\"ListItem\",\"position\":2,\"name\":\"Australiens Kinder\"}]},{\"@type\":\"WebSite\",\"@id\":\"https:\/\/www.humanium.org\/de\/#website\",\"url\":\"https:\/\/www.humanium.org\/de\/\",\"name\":\"Humanium\",\"description\":\"Kinder zuerst!\",\"potentialAction\":[{\"@type\":\"SearchAction\",\"target\":{\"@type\":\"EntryPoint\",\"urlTemplate\":\"https:\/\/www.humanium.org\/de\/?s={search_term_string}\"},\"query-input\":{\"@type\":\"PropertyValueSpecification\",\"valueRequired\":true,\"valueName\":\"search_term_string\"}}],\"inLanguage\":\"de\"}]}<\/script>\n<!-- \/ Yoast SEO plugin. -->","yoast_head_json":{"title":"Australiens Kinder - Humanium","description":"Im Allgemeinen sind australische Kinder in Bezug auf ihre Rechte privilegiert. Allerdings werden die Rechte mancher Kinder verletzt.","robots":{"index":"index","follow":"follow","max-snippet":"max-snippet:-1","max-image-preview":"max-image-preview:large","max-video-preview":"max-video-preview:-1"},"canonical":"https:\/\/www.humanium.org\/de\/australien\/","og_locale":"de_DE","og_type":"article","og_title":"Australiens Kinder - Humanium","og_description":"Im Allgemeinen sind australische Kinder in Bezug auf ihre Rechte privilegiert. Allerdings werden die Rechte mancher Kinder verletzt.","og_url":"https:\/\/www.humanium.org\/de\/australien\/","og_site_name":"Humanium","article_modified_time":"2025-12-06T06:19:07+00:00","twitter_card":"summary_large_image","twitter_misc":{"Gesch\u00e4tzte Lesezeit":"5\u00a0Minuten"},"schema":{"@context":"https:\/\/schema.org","@graph":[{"@type":"WebPage","@id":"https:\/\/www.humanium.org\/de\/australien\/","url":"https:\/\/www.humanium.org\/de\/australien\/","name":"Australiens Kinder - Humanium","isPartOf":{"@id":"https:\/\/www.humanium.org\/de\/#website"},"primaryImageOfPage":{"@id":"https:\/\/www.humanium.org\/de\/australien\/#primaryimage"},"image":{"@id":"https:\/\/www.humanium.org\/de\/australien\/#primaryimage"},"thumbnailUrl":"https:\/\/www.humanium.org\/fr\/wp-content\/uploads\/2011\/06\/petite-australienne-Kim-Steele-Getty-images3.jpg","datePublished":"2015-02-23T15:10:11+00:00","dateModified":"2025-12-06T06:19:07+00:00","description":"Im Allgemeinen sind australische Kinder in Bezug auf ihre Rechte privilegiert. Allerdings werden die Rechte mancher Kinder verletzt.","breadcrumb":{"@id":"https:\/\/www.humanium.org\/de\/australien\/#breadcrumb"},"inLanguage":"de","potentialAction":[{"@type":"ReadAction","target":["https:\/\/www.humanium.org\/de\/australien\/"]}]},{"@type":"ImageObject","inLanguage":"de","@id":"https:\/\/www.humanium.org\/de\/australien\/#primaryimage","url":"https:\/\/www.humanium.org\/fr\/wp-content\/uploads\/2011\/06\/petite-australienne-Kim-Steele-Getty-images3.jpg","contentUrl":"https:\/\/www.humanium.org\/fr\/wp-content\/uploads\/2011\/06\/petite-australienne-Kim-Steele-Getty-images3.jpg"},{"@type":"BreadcrumbList","@id":"https:\/\/www.humanium.org\/de\/australien\/#breadcrumb","itemListElement":[{"@type":"ListItem","position":1,"name":"Home","item":"https:\/\/www.humanium.org\/de\/"},{"@type":"ListItem","position":2,"name":"Australiens Kinder"}]},{"@type":"WebSite","@id":"https:\/\/www.humanium.org\/de\/#website","url":"https:\/\/www.humanium.org\/de\/","name":"Humanium","description":"Kinder zuerst!","potentialAction":[{"@type":"SearchAction","target":{"@type":"EntryPoint","urlTemplate":"https:\/\/www.humanium.org\/de\/?s={search_term_string}"},"query-input":{"@type":"PropertyValueSpecification","valueRequired":true,"valueName":"search_term_string"}}],"inLanguage":"de"}]}},"_links":{"self":[{"href":"https:\/\/www.humanium.org\/de\/wp-json\/wp\/v2\/pages\/4809","targetHints":{"allow":["GET"]}}],"collection":[{"href":"https:\/\/www.humanium.org\/de\/wp-json\/wp\/v2\/pages"}],"about":[{"href":"https:\/\/www.humanium.org\/de\/wp-json\/wp\/v2\/types\/page"}],"author":[{"embeddable":true,"href":"https:\/\/www.humanium.org\/de\/wp-json\/wp\/v2\/users\/1"}],"replies":[{"embeddable":true,"href":"https:\/\/www.humanium.org\/de\/wp-json\/wp\/v2\/comments?post=4809"}],"version-history":[{"count":4,"href":"https:\/\/www.humanium.org\/de\/wp-json\/wp\/v2\/pages\/4809\/revisions"}],"predecessor-version":[{"id":20451,"href":"https:\/\/www.humanium.org\/de\/wp-json\/wp\/v2\/pages\/4809\/revisions\/20451"}],"wp:attachment":[{"href":"https:\/\/www.humanium.org\/de\/wp-json\/wp\/v2\/media?parent=4809"}],"curies":[{"name":"wp","href":"https:\/\/api.w.org\/{rel}","templated":true}]}}