{"id":4980,"date":"2015-04-19T16:39:26","date_gmt":"2015-04-19T16:39:26","guid":{"rendered":"http:\/\/www.humanium.org\/de\/?page_id=4980"},"modified":"2025-12-06T06:25:48","modified_gmt":"2025-12-06T06:25:48","slug":"agypten","status":"publish","type":"page","link":"https:\/\/www.humanium.org\/de\/agypten\/","title":{"rendered":"Kinder in \u00c4gypten"},"content":{"rendered":"<h1>Kinder in \u00c4gypten<\/h1>\n<h2>Die Kinderrechte in \u00c4gypten verwirklichen<\/h2>\n<p>F\u00fcr \u00c4gypten ist es bei einer derart schwierigen Wirtschaftslage unm\u00f6glich, das Armutsniveau zu reduzieren. Trotz Bem\u00fchungen zugunsten der Situation im Bereich Kinderrechte, ist es Kindern in \u00c4gypten nicht m\u00f6glich ihre Rechte in Frieden und Freiheit zu genie\u00dfen.<\/p>\n<h3>Hauptprobleme mit denen Kinder in \u00c4gypten\u00a0konfrontiert sind:<\/h3>\n<p><strong><a href=\"https:\/\/www.humanium.org\/de\/armut\/\" target=\"_blank\" rel=\"noopener\">Armut<br \/>\n<\/a><\/strong>Ungef\u00e4hr 20 % der \u00e4gyptischen Bev\u00f6lkerung lebt unter der Armutsgrenze. Kinder aus armen Familien k\u00f6nnen nicht alle ihre Rechte wahrnehmen,\u00a0wie das Recht auf Gesundheit, das Recht auf Bildung etc.<\/p>\n<p>H\u00e4ufig sind die vorhandenen schulischen und medizinischen Einrichtungen nicht berechtigt, die Dienste anzubieten, die die Kinder ben\u00f6tigen.<\/p>\n<p><strong><a href=\"https:\/\/www.humanium.org\/de\/recht-bildung\/\" target=\"_blank\" rel=\"noopener\">Recht auf Bildung<br \/>\n<\/a><\/strong>Trotz einer relativ hohen Schulbesuchsquote mit fast 94 % eingeschulten \u00e4gyptischen Kindern, werden M\u00e4dchen in diesem Bereich oft diskriminiert, denn f\u00fcr M\u00e4dchen ist es traditionsgem\u00e4\u00df nicht vorgesehen, eine lange Schulausbildung abzulegen.<\/p>\n<p>Ein k\u00fcrzlich aufgestelltes Programm soll den Schulbesuch von M\u00e4dchen f\u00f6rdern und ihre Rolle in der Gesellschaft st\u00e4rken.<\/p>\n<p><strong><a href=\"https:\/\/www.humanium.org\/de\/gewalt\/\" target=\"_blank\" rel=\"noopener\">Gewalt gegen Kinder<br \/>\n<\/a><\/strong>Die Problematik von Kindesmisshandlung ist in \u00c4gypten sehr pr\u00e4sent. Kindesmisshandlung, sei sie psychologischer, physischer oder sexueller Art, verursacht bei Kindern schwerwiegende Traumata.<\/p>\n<p>Diese Kinder erleben Gewalt im schulischen Umfeld und ebenso in ihren Familien, obwohl diese sie sch\u00fctzen und ihnen eine sichere Zuflucht bieten sollten.<\/p>\n<p>Die Situation ist dramatisch, denn manche Kinder werden von ihren Eltern oder Lehrern zu Tode gepr\u00fcgelt. Die \u00e4rmlichen Gebiete des Landes sind am st\u00e4rksten von dieser Problematik betroffen. Besonders Lehrer denken, dass Gewalt das einzige Mittel ist, um Ordnung und Gehorsam zu erhalten. Dieses \u201ekulturelle\u201c Problem ist schwer zu l\u00f6sen.<\/p>\n<p><strong><a href=\"https:\/\/www.humanium.org\/de\/kinderarbeit-2\/\" target=\"_blank\" rel=\"noopener\">Kinderarbeit<\/a><a href=\"https:\/\/www.humanium.org\/de\/kinderarbeit-2\/\" target=\"_blank\" rel=\"noopener\"><br \/>\n<\/a><\/strong>Viele Kinder arbeiten in \u00c4gypten, laut den Statistiken sind es 7 %.\u00a0Diese Kinder arbeiten als Stra\u00dfenh\u00e4ndler, Baumwollpfl\u00fccker oder Werkstattgehilfe.<\/p>\n<p>Die Kinder leisten schwere Arbeit und sind sich der m\u00f6glichen sch\u00e4dlichen Auswirkungen auf\u00a0 ihren Gesundheitszustand, wie Atemwegserkrankungen oder zunehmende chronische Krankheiten gar nicht bewusst.<\/p>\n<p>Stra\u00dfenkinder in \u00c4gypten sind in erster Linie von diesem Problem betroffen. Au\u00dferdem sind auch Kinder aus armen Familien gezwungen zu arbeiten, da sie zum Unterhalt ihrer Familie beitragen m\u00fcssen.<\/p>\n<p><strong><a href=\"https:\/\/www.humanium.org\/de\/kinderheirat\/\" target=\"_blank\" rel=\"noopener\">Kinderheirat<br \/>\n<\/a><\/strong>Ungef\u00e4hr 17 % der Frauen zwischen 20 und 24 Jahren geben zu dass sie unter 18 Jahren verheiratet wurden. Diese Heiraten haben oft schwerwiegende Konsequenzen f\u00fcr die Gesundheit der jungen M\u00e4dchen, die aufgrund mangelnder Information die Konsequenzen einer Heirat (Beispiel zitieren) nicht verstehen.<\/p>\n<p>Seit 2008 ist das vom Gesetz zum Personenstatus (Code du statut personnel) festgelegte Mindestalter f\u00fcr eine Heirat sowohl f\u00fcr M\u00e4dchen als auch f\u00fcr Jungen 18 Jahre. Diese Entwicklung soll den R\u00fcckgang von Kinderheiraten erm\u00f6glichen.<\/p>\n<p><strong><a href=\"https:\/\/www.humanium.org\/de\/vertriebene-kinder\/\">Fl\u00fcchtlinskinder<\/a><br \/>\n<\/strong>Mit dem benachbarten Libyen ist \u00c4gypten zu einem Zufluchtsland f\u00fcr Libyer geworden, die vor der Gewalt fliehen. Oft m\u00fcssen Frauen und Kinder Tausende von Kilometern zur\u00fccklegen, mit wenig Nahrung und Wasser in der Hoffnung auf ein besseres Leben in \u00c4gypten oder Pal\u00e4stina.<\/p>\n<p>Zahlreiche NRO bieten diesen Kindern psychologische Betreuung\u00a0 und Trauma-Aufbearbeitung an.<\/p>\n<p><strong><a href=\"https:\/\/www.humanium.org\/de\/genitalverstummelung\/\">Genitalverst\u00fcmmlung<\/a><br \/>\n<\/strong>Beschneidung wird mehr als 2000 Jahre Praktiziert und ist heute noch in \u00c4gypten verbreitet. Ungef\u00e4hr 25\u00a0% der Frauen zwischen 15 und 49 Jahren wurden beschnitten.\u00a0 Traditionsgem\u00e4\u00df f\u00fchrt die Hebamme des Dorfs, die sogenannte \u201eDaya\u201c w\u00e4hrend den Schulferien diese Beschneidungen durch.<\/p>\n<p>Diese Genitalverst\u00fcmmlungen haben f\u00fcr M\u00e4dchen schwerwiegende k\u00f6rperliche und psychologische Konsequenzen. Sie werden dadurch nicht nur traumatisiert, sondern k\u00f6nnen als Folge der Beschneidung auch Blutungen und Komplikationen erleiden.<\/p>\n<p>Die fr\u00fcher als notwendige Etappe f\u00fcr das Erwachsenwerden angesehene Beschneidung ist heute besonders durch den Umstand, dass sie nunmehr eine strafbare Handlung darstellt, im Verschwinden.<\/p>\n<p><strong><a href=\"https:\/\/www.humanium.org\/de\/staatenlos-und-unsichtbar\/\">Recht auf Identit\u00e4t<\/a><br \/>\n<\/strong>In manchen Regionen \u00c4gyptens, wie auf der Sinai-Halbinsel, verk\u00fcnden Familien nur ungern die Geburt und Identit\u00e4t eines Neugeborenen. Die \u00e4gyptischen Beh\u00f6rden bem\u00fchen sich, gegen diese Unsitte vorzugehen, denn ein Kind ohne Staatszugeh\u00f6rigkeit hat gro\u00dfe Probleme, seine Rechte wahrzunehmen.<\/p>\n<p>Aus gesellschaftlicher Sicht ist es dann \u201eunsichtbar\u201c.<\/p>\n","protected":false},"excerpt":{"rendered":"<p>Kinder in \u00c4gypten Die Kinderrechte in \u00c4gypten verwirklichen F\u00fcr \u00c4gypten ist es bei einer derart schwierigen Wirtschaftslage unm\u00f6glich, das Armutsniveau zu reduzieren. Trotz Bem\u00fchungen zugunsten der Situation im Bereich Kinderrechte, ist es Kindern in \u00c4gypten nicht m\u00f6glich ihre Rechte in Frieden und Freiheit zu genie\u00dfen. Hauptprobleme mit denen Kinder in \u00c4gypten\u00a0konfrontiert sind: Armut Ungef\u00e4hr 20 [&hellip;]<\/p>\n","protected":false},"author":1,"featured_media":0,"parent":0,"menu_order":0,"comment_status":"closed","ping_status":"closed","template":"","meta":{"footnotes":""},"class_list":["post-4980","page","type-page","status-publish","hentry"],"yoast_head":"<!-- This site is optimized with the Yoast SEO plugin v26.5 - https:\/\/yoast.com\/wordpress\/plugins\/seo\/ -->\n<title>Kinder in \u00c4gypten - Humanium<\/title>\n<meta name=\"description\" content=\"Trotz Bem\u00fchungen zugunsten der Situation im Bereich Kinderrechte, ist es Kindern in \u00c4gypten nicht m\u00f6glich ihre Rechte in Frieden und Freiheit zu genie\u00dfen.\" \/>\n<meta name=\"robots\" content=\"index, follow, max-snippet:-1, max-image-preview:large, max-video-preview:-1\" \/>\n<link rel=\"canonical\" href=\"https:\/\/www.humanium.org\/de\/agypten\/\" \/>\n<meta property=\"og:locale\" content=\"de_DE\" \/>\n<meta property=\"og:type\" content=\"article\" \/>\n<meta property=\"og:title\" content=\"Kinder in \u00c4gypten - Humanium\" \/>\n<meta property=\"og:description\" content=\"Trotz Bem\u00fchungen zugunsten der Situation im Bereich Kinderrechte, ist es Kindern in \u00c4gypten nicht m\u00f6glich ihre Rechte in Frieden und Freiheit zu genie\u00dfen.\" \/>\n<meta property=\"og:url\" content=\"https:\/\/www.humanium.org\/de\/agypten\/\" \/>\n<meta property=\"og:site_name\" content=\"Humanium\" \/>\n<meta property=\"article:modified_time\" content=\"2025-12-06T06:25:48+00:00\" \/>\n<meta name=\"twitter:card\" content=\"summary_large_image\" \/>\n<meta name=\"twitter:label1\" content=\"Gesch\u00e4tzte Lesezeit\" \/>\n\t<meta name=\"twitter:data1\" content=\"4\u00a0Minuten\" \/>\n<script type=\"application\/ld+json\" class=\"yoast-schema-graph\">{\"@context\":\"https:\/\/schema.org\",\"@graph\":[{\"@type\":\"WebPage\",\"@id\":\"https:\/\/www.humanium.org\/de\/agypten\/\",\"url\":\"https:\/\/www.humanium.org\/de\/agypten\/\",\"name\":\"Kinder in \u00c4gypten - Humanium\",\"isPartOf\":{\"@id\":\"https:\/\/www.humanium.org\/de\/#website\"},\"datePublished\":\"2015-04-19T16:39:26+00:00\",\"dateModified\":\"2025-12-06T06:25:48+00:00\",\"description\":\"Trotz Bem\u00fchungen zugunsten der Situation im Bereich Kinderrechte, ist es Kindern in \u00c4gypten nicht m\u00f6glich ihre Rechte in Frieden und Freiheit zu genie\u00dfen.\",\"breadcrumb\":{\"@id\":\"https:\/\/www.humanium.org\/de\/agypten\/#breadcrumb\"},\"inLanguage\":\"de\",\"potentialAction\":[{\"@type\":\"ReadAction\",\"target\":[\"https:\/\/www.humanium.org\/de\/agypten\/\"]}]},{\"@type\":\"BreadcrumbList\",\"@id\":\"https:\/\/www.humanium.org\/de\/agypten\/#breadcrumb\",\"itemListElement\":[{\"@type\":\"ListItem\",\"position\":1,\"name\":\"Home\",\"item\":\"https:\/\/www.humanium.org\/de\/\"},{\"@type\":\"ListItem\",\"position\":2,\"name\":\"Kinder in \u00c4gypten\"}]},{\"@type\":\"WebSite\",\"@id\":\"https:\/\/www.humanium.org\/de\/#website\",\"url\":\"https:\/\/www.humanium.org\/de\/\",\"name\":\"Humanium\",\"description\":\"Kinder zuerst!\",\"potentialAction\":[{\"@type\":\"SearchAction\",\"target\":{\"@type\":\"EntryPoint\",\"urlTemplate\":\"https:\/\/www.humanium.org\/de\/?s={search_term_string}\"},\"query-input\":{\"@type\":\"PropertyValueSpecification\",\"valueRequired\":true,\"valueName\":\"search_term_string\"}}],\"inLanguage\":\"de\"}]}<\/script>\n<!-- \/ Yoast SEO plugin. -->","yoast_head_json":{"title":"Kinder in \u00c4gypten - Humanium","description":"Trotz Bem\u00fchungen zugunsten der Situation im Bereich Kinderrechte, ist es Kindern in \u00c4gypten nicht m\u00f6glich ihre Rechte in Frieden und Freiheit zu genie\u00dfen.","robots":{"index":"index","follow":"follow","max-snippet":"max-snippet:-1","max-image-preview":"max-image-preview:large","max-video-preview":"max-video-preview:-1"},"canonical":"https:\/\/www.humanium.org\/de\/agypten\/","og_locale":"de_DE","og_type":"article","og_title":"Kinder in \u00c4gypten - Humanium","og_description":"Trotz Bem\u00fchungen zugunsten der Situation im Bereich Kinderrechte, ist es Kindern in \u00c4gypten nicht m\u00f6glich ihre Rechte in Frieden und Freiheit zu genie\u00dfen.","og_url":"https:\/\/www.humanium.org\/de\/agypten\/","og_site_name":"Humanium","article_modified_time":"2025-12-06T06:25:48+00:00","twitter_card":"summary_large_image","twitter_misc":{"Gesch\u00e4tzte Lesezeit":"4\u00a0Minuten"},"schema":{"@context":"https:\/\/schema.org","@graph":[{"@type":"WebPage","@id":"https:\/\/www.humanium.org\/de\/agypten\/","url":"https:\/\/www.humanium.org\/de\/agypten\/","name":"Kinder in \u00c4gypten - Humanium","isPartOf":{"@id":"https:\/\/www.humanium.org\/de\/#website"},"datePublished":"2015-04-19T16:39:26+00:00","dateModified":"2025-12-06T06:25:48+00:00","description":"Trotz Bem\u00fchungen zugunsten der Situation im Bereich Kinderrechte, ist es Kindern in \u00c4gypten nicht m\u00f6glich ihre Rechte in Frieden und Freiheit zu genie\u00dfen.","breadcrumb":{"@id":"https:\/\/www.humanium.org\/de\/agypten\/#breadcrumb"},"inLanguage":"de","potentialAction":[{"@type":"ReadAction","target":["https:\/\/www.humanium.org\/de\/agypten\/"]}]},{"@type":"BreadcrumbList","@id":"https:\/\/www.humanium.org\/de\/agypten\/#breadcrumb","itemListElement":[{"@type":"ListItem","position":1,"name":"Home","item":"https:\/\/www.humanium.org\/de\/"},{"@type":"ListItem","position":2,"name":"Kinder in \u00c4gypten"}]},{"@type":"WebSite","@id":"https:\/\/www.humanium.org\/de\/#website","url":"https:\/\/www.humanium.org\/de\/","name":"Humanium","description":"Kinder zuerst!","potentialAction":[{"@type":"SearchAction","target":{"@type":"EntryPoint","urlTemplate":"https:\/\/www.humanium.org\/de\/?s={search_term_string}"},"query-input":{"@type":"PropertyValueSpecification","valueRequired":true,"valueName":"search_term_string"}}],"inLanguage":"de"}]}},"_links":{"self":[{"href":"https:\/\/www.humanium.org\/de\/wp-json\/wp\/v2\/pages\/4980","targetHints":{"allow":["GET"]}}],"collection":[{"href":"https:\/\/www.humanium.org\/de\/wp-json\/wp\/v2\/pages"}],"about":[{"href":"https:\/\/www.humanium.org\/de\/wp-json\/wp\/v2\/types\/page"}],"author":[{"embeddable":true,"href":"https:\/\/www.humanium.org\/de\/wp-json\/wp\/v2\/users\/1"}],"replies":[{"embeddable":true,"href":"https:\/\/www.humanium.org\/de\/wp-json\/wp\/v2\/comments?post=4980"}],"version-history":[{"count":8,"href":"https:\/\/www.humanium.org\/de\/wp-json\/wp\/v2\/pages\/4980\/revisions"}],"predecessor-version":[{"id":20795,"href":"https:\/\/www.humanium.org\/de\/wp-json\/wp\/v2\/pages\/4980\/revisions\/20795"}],"wp:attachment":[{"href":"https:\/\/www.humanium.org\/de\/wp-json\/wp\/v2\/media?parent=4980"}],"curies":[{"name":"wp","href":"https:\/\/api.w.org\/{rel}","templated":true}]}}