{"id":5040,"date":"2015-05-19T21:03:26","date_gmt":"2015-05-19T21:03:26","guid":{"rendered":"http:\/\/www.humanium.org\/de\/?page_id=5040"},"modified":"2025-12-05T17:16:43","modified_gmt":"2025-12-05T17:16:43","slug":"mauretanien","status":"publish","type":"page","link":"https:\/\/www.humanium.org\/de\/mauretanien\/","title":{"rendered":"Kinder in Mauretanien"},"content":{"rendered":"<h1>Kinder in Mauretanien<\/h1>\n<h2>Die Kinderrechte in Mauretanien\u00a0verwirklichen<\/h2>\n<p>40\u00a0% der Bev\u00f6lkerung Mauretaniens lebt unterhalb der Armutsgrenze und das BSP (Bruttosozialprodukt) pro Person geh\u00f6rt weltweit zu den niedrigsten. In einigen abgelegenen D\u00f6rfern ist die Armut besonders alarmierend, wo jeder einzelne Einwohner von ihr betroffen ist.<\/p>\n<h3>Hauptprobleme mit denen Kinder in\u00a0Mauretanien\u00a0konfrontiert sind:<\/h3>\n<p><strong>Recht auf Gesundheit<\/strong><\/p>\n<p>Die Kindersterblichkeitsrate ist in Mauretanien besonders hoch. Die Zahl der Neugeborenen mit niedrigem Geburtsgewicht liegt bei Besorgnis erregenden 34\u00a0%. Des Weiteren geh\u00f6ren trotz j\u00fcngster Impfkampagnen Tetanusinfektionen bei M\u00fcttern und Neugeborenen zum Alltag in den medizinischen Zentren und beeintr\u00e4chtigen somit die Gesundheit der Kinder. Die Bev\u00f6lkerung in Mauretanien beginnt zudem gerade erst, die Vorteile von Impfungen zu akzeptieren. Bisher wurden sie als Angriff auf ihren religi\u00f6sen Glauben wahrgenommen.<\/p>\n<p>Kinder mit psychischen Erkrankungen werden in Mauretanien g\u00e4nzlich ignoriert. F\u00fcr sie gibt es keine Alternativen, keine Regelungen und keine Sozialarbeiter. Diese Kinder werden vollkommen sich selbst \u00fcberlassen.<\/p>\n<p><strong><a href=\"https:\/\/www.humanium.org\/de\/recht-wasser\/\">Recht auf\u00a0Wasser<\/a>\u00a0<\/strong><\/p>\n<p>Der Mangel an Wasser ist die Hauptursache f\u00fcr viele ernste Krankheiten, zum Beispiel Durchfall, Fieber und akute Schmerzen. Hygienema\u00dfnahmen haben aufgrund des Wassermangels in Badezimmern und Sp\u00fclbecken keine Priorit\u00e4t. Das Wasser in tragbaren Beh\u00e4ltern ist oft nur zum Trinken bestimmt.<\/p>\n<p>Die Dekontaminierung des Wassers gelingt in Mauretanien im Allgemeinen gut, doch in einigen Regionen bleibt die Lage kritisch.<\/p>\n<p><a href=\"https:\/\/www.humanium.org\/de\/gewalt\/\" target=\"_blank\" rel=\"noopener\"><strong>Kindermisshandlung<\/strong><\/a><\/p>\n<p>In einigen Schulen in Mauretanien werden immer noch brutale Erziehungsmethoden angewendet. Viele Kinder werden regelm\u00e4\u00dfig geschlagen und die Lehrer bedienen sich grausamer und ungew\u00f6hnlicher Strafen.<\/p>\n<p>In Mauretanien wird k\u00f6rperliche Z\u00fcchtigung immer noch landl\u00e4ufig akzeptiert. In Familien und Schulen wird allgemein erwartet, dass Kinder geschlagen werden, wenn sie einen Fehler machen.<\/p>\n<p>Um hier ein Umdenken zu erwirken, wurde eine Gruppe zur Erforschung des Korans ins Leben gerufen. In ihrem Bericht kommt die Gruppe zu dem Schluss, dass der Koran Gewalt gegen Kinder nicht bef\u00fcrwortet. Seit Erscheinen dieses Berichts wurde eine religi\u00f6se Verordnung erlassen, die Gewalt in Familien und Schulen verbietet.<\/p>\n<p>Trotzdem werden tausende Kinder in Mauretanien misshandelt; dies ist ein direkter Versto\u00df gegen die UN-Kinderrechtskonvention.<\/p>\n<p><a href=\"https:\/\/www.humanium.org\/de\/recht-bildung\/\"><strong>Das Recht auf Bildung<\/strong><\/a><\/p>\n<p>Beinahe jedes sechste Kind in Mauretanien besucht keine Schule. Die meisten f\u00fcr die Schulbildung vorgesehenen Geb\u00e4ude sind heruntergekommen und schlecht ausgestattet. Pausenbereiche oder Spielpl\u00e4tze sind selten vorhanden. Durch die fehlende Spielzeit ist die physische und psychische Gesundheit der Kinder gef\u00e4hrdet.<\/p>\n<p>Hinzu kommt, dass viele Familien nicht akzeptieren, dass sie ihre Kinder in die Schule schicken m\u00fcssen. Sie erkennen die Vorteile der Schulbildung nicht und verlangen von den Kindern, zu arbeiten und die Familie zu unterst\u00fctzen.<\/p>\n<p><a href=\"https:\/\/www.humanium.org\/de\/genitalverstummelung\/\" target=\"_blank\" rel=\"noopener\"><strong>Genitalverst\u00fcmmelung<\/strong><\/a><\/p>\n<p>Genitalverst\u00fcmmelung ist in Mauretanien ein ernstes Problem. Etwa 66 % der jungen M\u00e4dchen sind von diesem Brauch betroffen. Die riskanten und unhygienischen Bedin-gungen im Zusammenhang mit dieser Praktik f\u00fchren h\u00e4ufig zu ernsthaften Gesundheits-problemen bei den betroffenen M\u00e4dchen. Infektionen, Blutungen und andere mit der Operation in Verbindung stehende Probleme geh\u00f6ren zu den regelm\u00e4\u00dfig auftauchenden Folgesch\u00e4den.<\/p>\n<p><a href=\"https:\/\/www.humanium.org\/de\/kinderarbeit-2\/\" target=\"_blank\" rel=\"noopener\"><strong>Kinderarbeit<\/strong><\/a><\/p>\n<p>Beinahe jedes sechste Kind in Mauretanien wird zur Arbeit gezwungen. Kleine Jungs arbeiten h\u00e4ufig in der Landwirtschaft, in der Viehhaltung oder als Mechaniker. Kleine M\u00e4dchen werden h\u00e4ufig unter sehr schlechten Bedingungen als Haushaltshilfen angestellt.<\/p>\n<p>Einige arme Familien schicken ihre Kinder bereits in jungen Jahren zu <em>Marabouts.<\/em> Diese Kinder werden \u201e<em>Almuudo<\/em>\u201c genannt und m\u00fcssen unter erb\u00e4rmlichen Bedingungen leben. Sie werden an dunklen, schmutzigen Orten untergebracht. H\u00e4ufig werden sie Opfer von Missbrauch und Misshandlungen. Der <em>Marabout <\/em>k\u00fcmmert sich um ihre religi\u00f6se Erziehung. In der Realit\u00e4t wiederholen die Kinder jedoch nur endlos die Spr\u00fcche aus dem Koran, ohne sie tats\u00e4chlich zu verstehen. Wenn sie einen Fehler machen, werden sie geschlagen. Diese <em>Almuudo-Kinder <\/em>werden gezwungen, in der sengenden Hitze betteln zu gehen, um f\u00fcr ihre Nahrung und f\u00fcr die F\u00fcrsorge des <em>Marabout<\/em> bezahlen zu k\u00f6nnen.<\/p>\n<p>In manchen dieser Einrichtungen werden die Rechte der Kinder respektiert, doch viele verletzen die Kinderrechte in hohem Ma\u00dfe und haben einen sch\u00e4dlichen Einfluss auf das Leben, die Schulbildung und die Gesundheit der Kinder.<\/p>\n<p><a href=\"https:\/\/www.humanium.org\/de\/diskriminierung\/\" target=\"_blank\" rel=\"noopener\"><strong>Das Recht auf Nichtdiskriminierung<\/strong><\/a><\/p>\n<p>In Mauretanien wurden in j\u00fcngster Zeit ernsthafte Anstrengungen gegen Diskriminierung unternommen. Ungl\u00fccklicherweise hatte der Fortschritt in der Gesetzgebung bisher kaum Auswirkungen auf die gelebte Realit\u00e4t. Rassismus, der sich gegen die schwarze Bev\u00f6lkerung richtet, existiert daher immer noch. Viele Menschen leugnen die Existenz dieses Problems, unter anderem in den politischen, wirtschaftlichen und sozialen Bereichen. Auch hat sich die Entwicklung der Gesetzgebung in Mauretanien als nutzlos erwiesen, da die Opfer es nicht wagen, rechtliche Schritte zu unternehmen.<\/p>\n<p>Diskriminierung von Kindern mit Behinderungen kommt ebenfalls vor. In den Schulen sind keine speziellen Kurse oder Personal f\u00fcr sie vorgesehen. Dadurch ist eine Gleichbehandlung mit anderen Kindern nicht gegeben; dies widerspricht der UN-Kinderrechtskonvention.<\/p>\n<p>Dar\u00fcber hinaus gibt es noch eine weitere Kategorie von Kindern, die unter extremer Diskriminierung leiden: die unehelich geborenen Kinder. Die Gesetzgebung ist ihnen gegen\u00fcber sehr streng und sie genie\u00dfen nicht dieselben Rechte wie die sogenannten \u201erechtm\u00e4\u00dfigen\u201c Kinder.<\/p>\n<p><strong>Redefreiheit<\/strong><\/p>\n<p>Korruption ist in Mauretanien weit verbreitet. Trotz \u00fcberf\u00fcllter Gef\u00e4ngnisse f\u00e4hrt die Polizei mit den Verhaftungen fort. Demonstranten oder Bef\u00fcrworter von Menschenrechten und Meinungsfreiheit gehen in diesem Land das Risiko ein, illegaler Weise verhaftet, gefoltert, bedroht und eingesch\u00fcchtert zu werden. Die Sicherheitskr\u00e4fte sind \u00e4u\u00dferst gewaltt\u00e4tig, und \u00f6ffentliche Versammlungen enden meist in einem Blutbad, oft auch mit Todesf\u00e4llen. Bei den Opfern handelt es sich um M\u00e4nner wie Frauen, wobei die Frauen h\u00e4ufig vergewaltigt werden, bevor sie von den Beamten brutal zusammengeschlagen werden. Zuweilen sind auch ihre Kinder bei diesen Massakern zugegen.<\/p>\n<p>Die Meinung der Kinder wird von den Beh\u00f6rden eindeutig missachtet. Ihr Platz ist strikt definiert und es wird ihnen keine Meinungsfreiheit gew\u00e4hrt.<\/p>\n<p><a href=\"https:\/\/www.humanium.org\/de\/kinderheirat\/\" target=\"_blank\" rel=\"noopener\"><strong>Kinderheirat<\/strong><\/a><\/p>\n<p>In Mauretanien wird fast ein Drittel der jungen M\u00e4dchen unter 18 Jahren zwangsverheiratet. Sie werden sehr fr\u00fch auf ihre Rolle als Ehefrau vorbereitet. Diese Ehen bergen jedoch ernste Gesundheitsrisiken f\u00fcr die jungen M\u00e4dchen, die noch nicht verstehen, welche Konsequenzen eine Eheschlie\u00dfung mit sich bringt.<\/p>\n<p><a href=\"https:\/\/www.humanium.org\/de\/staatenlos-und-unsichtbar\/\" target=\"_blank\" rel=\"noopener\"><strong>Das Recht auf Identit\u00e4t<\/strong><\/a><\/p>\n<p>In Mauretanien werden 56\u00a0% der Geburten nicht offiziell gemeldet. Auf diese Weise erhalten die Kinder keine offiziellen Papiere oder einen Nachweis der Nationalit\u00e4t.<\/p>\n<p>Dadurch ergeben sich f\u00fcr die Betroffenen erhebliche Probleme, da sie ihre Rechte nicht wahrnehmen k\u00f6nnen und in den Augen der Gesellschaft als unsichtbar gelten.<\/p>\n","protected":false},"excerpt":{"rendered":"<p>Kinder in Mauretanien Die Kinderrechte in Mauretanien\u00a0verwirklichen 40\u00a0% der Bev\u00f6lkerung Mauretaniens lebt unterhalb der Armutsgrenze und das BSP (Bruttosozialprodukt) pro Person geh\u00f6rt weltweit zu den niedrigsten. In einigen abgelegenen D\u00f6rfern ist die Armut besonders alarmierend, wo jeder einzelne Einwohner von ihr betroffen ist. Hauptprobleme mit denen Kinder in\u00a0Mauretanien\u00a0konfrontiert sind: Recht auf Gesundheit Die Kindersterblichkeitsrate ist [&hellip;]<\/p>\n","protected":false},"author":1,"featured_media":0,"parent":0,"menu_order":0,"comment_status":"closed","ping_status":"closed","template":"","meta":{"footnotes":""},"class_list":["post-5040","page","type-page","status-publish","hentry"],"yoast_head":"<!-- This site is optimized with the Yoast SEO plugin v26.5 - https:\/\/yoast.com\/wordpress\/plugins\/seo\/ -->\n<title>Kinder in Mauretanien - Humanium<\/title>\n<meta name=\"robots\" content=\"index, follow, max-snippet:-1, max-image-preview:large, max-video-preview:-1\" \/>\n<link rel=\"canonical\" href=\"https:\/\/www.humanium.org\/de\/mauretanien\/\" \/>\n<meta property=\"og:locale\" content=\"de_DE\" \/>\n<meta property=\"og:type\" content=\"article\" \/>\n<meta property=\"og:title\" content=\"Kinder in Mauretanien - Humanium\" \/>\n<meta property=\"og:description\" content=\"Kinder in Mauretanien Die Kinderrechte in Mauretanien\u00a0verwirklichen 40\u00a0% der Bev\u00f6lkerung Mauretaniens lebt unterhalb der Armutsgrenze und das BSP (Bruttosozialprodukt) pro Person geh\u00f6rt weltweit zu den niedrigsten. In einigen abgelegenen D\u00f6rfern ist die Armut besonders alarmierend, wo jeder einzelne Einwohner von ihr betroffen ist. Hauptprobleme mit denen Kinder in\u00a0Mauretanien\u00a0konfrontiert sind: Recht auf Gesundheit Die Kindersterblichkeitsrate ist [&hellip;]\" \/>\n<meta property=\"og:url\" content=\"https:\/\/www.humanium.org\/de\/mauretanien\/\" \/>\n<meta property=\"og:site_name\" content=\"Humanium\" \/>\n<meta property=\"article:modified_time\" content=\"2025-12-05T17:16:43+00:00\" \/>\n<meta name=\"twitter:card\" content=\"summary_large_image\" \/>\n<meta name=\"twitter:label1\" content=\"Gesch\u00e4tzte Lesezeit\" \/>\n\t<meta name=\"twitter:data1\" content=\"6\u00a0Minuten\" \/>\n<script type=\"application\/ld+json\" class=\"yoast-schema-graph\">{\"@context\":\"https:\/\/schema.org\",\"@graph\":[{\"@type\":\"WebPage\",\"@id\":\"https:\/\/www.humanium.org\/de\/mauretanien\/\",\"url\":\"https:\/\/www.humanium.org\/de\/mauretanien\/\",\"name\":\"Kinder in Mauretanien - Humanium\",\"isPartOf\":{\"@id\":\"https:\/\/www.humanium.org\/de\/#website\"},\"datePublished\":\"2015-05-19T21:03:26+00:00\",\"dateModified\":\"2025-12-05T17:16:43+00:00\",\"breadcrumb\":{\"@id\":\"https:\/\/www.humanium.org\/de\/mauretanien\/#breadcrumb\"},\"inLanguage\":\"de\",\"potentialAction\":[{\"@type\":\"ReadAction\",\"target\":[\"https:\/\/www.humanium.org\/de\/mauretanien\/\"]}]},{\"@type\":\"BreadcrumbList\",\"@id\":\"https:\/\/www.humanium.org\/de\/mauretanien\/#breadcrumb\",\"itemListElement\":[{\"@type\":\"ListItem\",\"position\":1,\"name\":\"Home\",\"item\":\"https:\/\/www.humanium.org\/de\/\"},{\"@type\":\"ListItem\",\"position\":2,\"name\":\"Kinder in Mauretanien\"}]},{\"@type\":\"WebSite\",\"@id\":\"https:\/\/www.humanium.org\/de\/#website\",\"url\":\"https:\/\/www.humanium.org\/de\/\",\"name\":\"Humanium\",\"description\":\"Kinder zuerst!\",\"potentialAction\":[{\"@type\":\"SearchAction\",\"target\":{\"@type\":\"EntryPoint\",\"urlTemplate\":\"https:\/\/www.humanium.org\/de\/?s={search_term_string}\"},\"query-input\":{\"@type\":\"PropertyValueSpecification\",\"valueRequired\":true,\"valueName\":\"search_term_string\"}}],\"inLanguage\":\"de\"}]}<\/script>\n<!-- \/ Yoast SEO plugin. -->","yoast_head_json":{"title":"Kinder in Mauretanien - Humanium","robots":{"index":"index","follow":"follow","max-snippet":"max-snippet:-1","max-image-preview":"max-image-preview:large","max-video-preview":"max-video-preview:-1"},"canonical":"https:\/\/www.humanium.org\/de\/mauretanien\/","og_locale":"de_DE","og_type":"article","og_title":"Kinder in Mauretanien - Humanium","og_description":"Kinder in Mauretanien Die Kinderrechte in Mauretanien\u00a0verwirklichen 40\u00a0% der Bev\u00f6lkerung Mauretaniens lebt unterhalb der Armutsgrenze und das BSP (Bruttosozialprodukt) pro Person geh\u00f6rt weltweit zu den niedrigsten. In einigen abgelegenen D\u00f6rfern ist die Armut besonders alarmierend, wo jeder einzelne Einwohner von ihr betroffen ist. Hauptprobleme mit denen Kinder in\u00a0Mauretanien\u00a0konfrontiert sind: Recht auf Gesundheit Die Kindersterblichkeitsrate ist [&hellip;]","og_url":"https:\/\/www.humanium.org\/de\/mauretanien\/","og_site_name":"Humanium","article_modified_time":"2025-12-05T17:16:43+00:00","twitter_card":"summary_large_image","twitter_misc":{"Gesch\u00e4tzte Lesezeit":"6\u00a0Minuten"},"schema":{"@context":"https:\/\/schema.org","@graph":[{"@type":"WebPage","@id":"https:\/\/www.humanium.org\/de\/mauretanien\/","url":"https:\/\/www.humanium.org\/de\/mauretanien\/","name":"Kinder in Mauretanien - Humanium","isPartOf":{"@id":"https:\/\/www.humanium.org\/de\/#website"},"datePublished":"2015-05-19T21:03:26+00:00","dateModified":"2025-12-05T17:16:43+00:00","breadcrumb":{"@id":"https:\/\/www.humanium.org\/de\/mauretanien\/#breadcrumb"},"inLanguage":"de","potentialAction":[{"@type":"ReadAction","target":["https:\/\/www.humanium.org\/de\/mauretanien\/"]}]},{"@type":"BreadcrumbList","@id":"https:\/\/www.humanium.org\/de\/mauretanien\/#breadcrumb","itemListElement":[{"@type":"ListItem","position":1,"name":"Home","item":"https:\/\/www.humanium.org\/de\/"},{"@type":"ListItem","position":2,"name":"Kinder in Mauretanien"}]},{"@type":"WebSite","@id":"https:\/\/www.humanium.org\/de\/#website","url":"https:\/\/www.humanium.org\/de\/","name":"Humanium","description":"Kinder zuerst!","potentialAction":[{"@type":"SearchAction","target":{"@type":"EntryPoint","urlTemplate":"https:\/\/www.humanium.org\/de\/?s={search_term_string}"},"query-input":{"@type":"PropertyValueSpecification","valueRequired":true,"valueName":"search_term_string"}}],"inLanguage":"de"}]}},"_links":{"self":[{"href":"https:\/\/www.humanium.org\/de\/wp-json\/wp\/v2\/pages\/5040","targetHints":{"allow":["GET"]}}],"collection":[{"href":"https:\/\/www.humanium.org\/de\/wp-json\/wp\/v2\/pages"}],"about":[{"href":"https:\/\/www.humanium.org\/de\/wp-json\/wp\/v2\/types\/page"}],"author":[{"embeddable":true,"href":"https:\/\/www.humanium.org\/de\/wp-json\/wp\/v2\/users\/1"}],"replies":[{"embeddable":true,"href":"https:\/\/www.humanium.org\/de\/wp-json\/wp\/v2\/comments?post=5040"}],"version-history":[{"count":4,"href":"https:\/\/www.humanium.org\/de\/wp-json\/wp\/v2\/pages\/5040\/revisions"}],"predecessor-version":[{"id":20197,"href":"https:\/\/www.humanium.org\/de\/wp-json\/wp\/v2\/pages\/5040\/revisions\/20197"}],"wp:attachment":[{"href":"https:\/\/www.humanium.org\/de\/wp-json\/wp\/v2\/media?parent=5040"}],"curies":[{"name":"wp","href":"https:\/\/api.w.org\/{rel}","templated":true}]}}