{"id":5084,"date":"2015-06-11T19:47:34","date_gmt":"2015-06-11T19:47:34","guid":{"rendered":"http:\/\/www.humanium.org\/de\/?page_id=5084"},"modified":"2025-12-06T06:25:51","modified_gmt":"2025-12-06T06:25:51","slug":"tunesien","status":"publish","type":"page","link":"https:\/\/www.humanium.org\/de\/tunesien\/","title":{"rendered":"Kinder in Tunesien"},"content":{"rendered":"<h1>Kinder in\u00a0Tunesien<\/h1>\n<h2>Die Kinderrechte in Tunesien \u00a0verwirklichen<\/h2>\n<p>Internationale Organisationen, die sich f\u00fcr den Kinderschutz einsetzen, sind mit der gerichtlichen und institutionellen Infrastruktur Tunesiens \u00fcberwiegend zufrieden. Dieser Fortschritt muss aber auch erhalten und weiter vorangetrieben werden.<\/p>\n<h3>Hauptprobleme mit denen Kinder in Tunesien konfrontiert sind:<\/h3>\n<p><strong><a href=\"https:\/\/www.humanium.org\/de\/armut\/\" target=\"_blank\" rel=\"noopener\">Armut<\/a><\/strong><\/p>\n<p>Die Armut in Tunesien liegt bei \u00fcber 24\u00a0%. Das Bruttonationaleinkommen (BNE) pro Person betr\u00e4gt lediglich 3.700 Dollar im Vergleich zu 43.990 Dollar in Frankreich. Am meisten sind die westlichen Regionen des Landes von der Armut betroffen, und leider hat die wirtschaftliche Situation des Landes auch erhebliche Auswirkungen auf die Situation der Kinder.<\/p>\n<p><strong>Recht auf Gesundheit<\/strong><\/p>\n<p>Trotz des bedeutenden Fortschritts ist die Gesundheit tunesischer Kinder nach wie vor ein Problem. Die Sterblichkeitsrate von Kindern unter f\u00fcnf Jahren liegt bei 12 \u2030, dem muss unbedingt entgegen gesteuert werden.<\/p>\n<p><strong>Auswanderung mit Kindern<\/strong><\/p>\n<p>W\u00e4hrend der konstitutionellen Krise und der Revolution 2011 sind viele Menschen geflohen, \u00fcberwiegend nach Italien und Frankreich, auf der Suche nach dem \u201eParadies\u201c Europa. Sie wurden jedoch nicht immer willkommen gehei\u00dfen, sondern lebten unter katastrophalen Bedingungen, bevor sie in den meisten F\u00e4llen wieder in ihr Heimatland zur\u00fcckgeschickt wurden. Auch viele Kinder mussten diese H\u00f6lle der Emigration durchmachen und ebenfalls unter schrecklichsten Bedingungen leben, die bei weitem nicht ihre Bed\u00fcrfnisse erf\u00fcllten.<\/p>\n<p>Viele wurden in ihrem Gastland wie Feinde behandelt und manche waren sogar Gewalt ausgesetzt. Sie lebten auf der Stra\u00dfe, wo es selbst an den elementarsten Grundversorgungseinrichtungen fehlte und warteten auf die Entscheidung des Gastlandes \u00fcber ihre Zukunft. Im Allgemeinen blieben den Emigrantenkindern diese Misshandlungen nicht erspart. Es gibt keinen Zweifel, dass solche Bedingungen Kinderrechte verletzen: das Recht auf eine stabile Umgebung, das Recht auf Bildung, das Recht auf Gesundheit \u2026<\/p>\n<p><a href=\"https:\/\/www.humanium.org\/de\/vertriebene-kinder\/\"><strong>Fl\u00fcchtlingskinder<br \/>\n<\/strong><\/a><br \/>\nIm Osten des Landes sieht sich Tunesien mit einer gro\u00dfen Zahl von Fl\u00fcchtlingen konfrontiert, die sehr stark auf humanit\u00e4re Hilfe angewiesen sind. UNICEF hat in Tunesien \u00dcbergangslager wie zum Beispiel Ras Jdir gebaut, um Opfer der Krise in Libyen aufzunehmen. Aber auch in diesen Lagern sind die Familien und vor allem auch Kinder Gewalt ausgesetzt.<\/p>\n<p>Schulen und andere Bereiche f\u00fcr Kinder wurden zerst\u00f6rt und gepl\u00fcndert, wodurch Anwohner weiterer Gewalt ausgesetzt sind. Viele Kinder f\u00fchlen sich nach ihrer Flucht allein gelassen und von ihren Familien getrennt. In den \u00dcbergangslagern gibt es ernsthafte Sicherheitsprobleme, wodurch auch die Sicherheit und der Schutz von Kindern nicht zu 100\u00a0% gew\u00e4hrleistet werden kann.<\/p>\n<p><b><a href=\"https:\/\/www.humanium.org\/de\/misshandlung\/\">Kindermissbrauch<\/a><\/b><\/p>\n<p>Physische Gewalt als eine Form von Bestrafung ist in der Gesellschaft in Tunesien fest verankert und trotz j\u00fcngster gesetzlicher Verbote noch immer weit verbreitet. Solch tief verwurzelte Mentalit\u00e4ten lassen sich oft schwer \u00e4ndern. Auch wenn physische Gewalt heutzutage nur in Ausnahmef\u00e4llen vorkommt, gibt es sie noch sowohl in den Schulen als auch zu Hause und ist somit auch weiterhin ein Problem in Tunesien.<\/p>\n<p><strong>Freie Meinungs\u00e4usserung<\/strong><\/p>\n<p>Obwohl die Gesetzgebung in Tunesien freie Meinungs\u00e4u\u00dferung f\u00fcr jeden garantiert, ist diese in der Praxis doch sehr eingeschr\u00e4nkt: Die Medien werden stark kontrolliert und Menschenrechtsaktivisten werden oft inhaftiert.<\/p>\n<p>Diese Einschr\u00e4nkungen verletzen den Artikel 13 der UN-Kinderrechtskonvention, da es den Kindern das Recht auf Informationen und freie Meinungs\u00e4u\u00dferung nimmt.<\/p>\n<p>In der j\u00fcngsten Revolution gegen ihre Regierung forderten die Tunesier Meinungsfreiheit und es ist zu hoffen, dass sich die momentane Situation verbessern wird.<\/p>\n","protected":false},"excerpt":{"rendered":"<p>Kinder in\u00a0Tunesien Die Kinderrechte in Tunesien \u00a0verwirklichen Internationale Organisationen, die sich f\u00fcr den Kinderschutz einsetzen, sind mit der gerichtlichen und institutionellen Infrastruktur Tunesiens \u00fcberwiegend zufrieden. Dieser Fortschritt muss aber auch erhalten und weiter vorangetrieben werden. Hauptprobleme mit denen Kinder in Tunesien konfrontiert sind: Armut Die Armut in Tunesien liegt bei \u00fcber 24\u00a0%. Das Bruttonationaleinkommen (BNE) [&hellip;]<\/p>\n","protected":false},"author":1,"featured_media":0,"parent":0,"menu_order":0,"comment_status":"closed","ping_status":"closed","template":"","meta":{"footnotes":""},"class_list":["post-5084","page","type-page","status-publish","hentry"],"yoast_head":"<!-- This site is optimized with the Yoast SEO plugin v26.5 - https:\/\/yoast.com\/wordpress\/plugins\/seo\/ -->\n<title>Kinder in Tunesien - Humanium<\/title>\n<meta name=\"description\" content=\"Internationale Organisationen, die sich f\u00fcr den Kinderschutz einsetzen, sind mit der institutionellen Infrastruktur Tunesiens \u00fcberwiegend zufrieden.\" \/>\n<meta name=\"robots\" content=\"index, follow, max-snippet:-1, max-image-preview:large, max-video-preview:-1\" \/>\n<link rel=\"canonical\" href=\"https:\/\/www.humanium.org\/de\/tunesien\/\" \/>\n<meta property=\"og:locale\" content=\"de_DE\" \/>\n<meta property=\"og:type\" content=\"article\" \/>\n<meta property=\"og:title\" content=\"Kinder in Tunesien - Humanium\" \/>\n<meta property=\"og:description\" content=\"Internationale Organisationen, die sich f\u00fcr den Kinderschutz einsetzen, sind mit der institutionellen Infrastruktur Tunesiens \u00fcberwiegend zufrieden.\" \/>\n<meta property=\"og:url\" content=\"https:\/\/www.humanium.org\/de\/tunesien\/\" \/>\n<meta property=\"og:site_name\" content=\"Humanium\" \/>\n<meta property=\"article:modified_time\" content=\"2025-12-06T06:25:51+00:00\" \/>\n<meta name=\"twitter:card\" content=\"summary_large_image\" \/>\n<meta name=\"twitter:label1\" content=\"Gesch\u00e4tzte Lesezeit\" \/>\n\t<meta name=\"twitter:data1\" content=\"4\u00a0Minuten\" \/>\n<script type=\"application\/ld+json\" class=\"yoast-schema-graph\">{\"@context\":\"https:\/\/schema.org\",\"@graph\":[{\"@type\":\"WebPage\",\"@id\":\"https:\/\/www.humanium.org\/de\/tunesien\/\",\"url\":\"https:\/\/www.humanium.org\/de\/tunesien\/\",\"name\":\"Kinder in Tunesien - Humanium\",\"isPartOf\":{\"@id\":\"https:\/\/www.humanium.org\/de\/#website\"},\"datePublished\":\"2015-06-11T19:47:34+00:00\",\"dateModified\":\"2025-12-06T06:25:51+00:00\",\"description\":\"Internationale Organisationen, die sich f\u00fcr den Kinderschutz einsetzen, sind mit der institutionellen Infrastruktur Tunesiens \u00fcberwiegend zufrieden.\",\"breadcrumb\":{\"@id\":\"https:\/\/www.humanium.org\/de\/tunesien\/#breadcrumb\"},\"inLanguage\":\"de\",\"potentialAction\":[{\"@type\":\"ReadAction\",\"target\":[\"https:\/\/www.humanium.org\/de\/tunesien\/\"]}]},{\"@type\":\"BreadcrumbList\",\"@id\":\"https:\/\/www.humanium.org\/de\/tunesien\/#breadcrumb\",\"itemListElement\":[{\"@type\":\"ListItem\",\"position\":1,\"name\":\"Home\",\"item\":\"https:\/\/www.humanium.org\/de\/\"},{\"@type\":\"ListItem\",\"position\":2,\"name\":\"Kinder in Tunesien\"}]},{\"@type\":\"WebSite\",\"@id\":\"https:\/\/www.humanium.org\/de\/#website\",\"url\":\"https:\/\/www.humanium.org\/de\/\",\"name\":\"Humanium\",\"description\":\"Kinder zuerst!\",\"potentialAction\":[{\"@type\":\"SearchAction\",\"target\":{\"@type\":\"EntryPoint\",\"urlTemplate\":\"https:\/\/www.humanium.org\/de\/?s={search_term_string}\"},\"query-input\":{\"@type\":\"PropertyValueSpecification\",\"valueRequired\":true,\"valueName\":\"search_term_string\"}}],\"inLanguage\":\"de\"}]}<\/script>\n<!-- \/ Yoast SEO plugin. -->","yoast_head_json":{"title":"Kinder in Tunesien - Humanium","description":"Internationale Organisationen, die sich f\u00fcr den Kinderschutz einsetzen, sind mit der institutionellen Infrastruktur Tunesiens \u00fcberwiegend zufrieden.","robots":{"index":"index","follow":"follow","max-snippet":"max-snippet:-1","max-image-preview":"max-image-preview:large","max-video-preview":"max-video-preview:-1"},"canonical":"https:\/\/www.humanium.org\/de\/tunesien\/","og_locale":"de_DE","og_type":"article","og_title":"Kinder in Tunesien - Humanium","og_description":"Internationale Organisationen, die sich f\u00fcr den Kinderschutz einsetzen, sind mit der institutionellen Infrastruktur Tunesiens \u00fcberwiegend zufrieden.","og_url":"https:\/\/www.humanium.org\/de\/tunesien\/","og_site_name":"Humanium","article_modified_time":"2025-12-06T06:25:51+00:00","twitter_card":"summary_large_image","twitter_misc":{"Gesch\u00e4tzte Lesezeit":"4\u00a0Minuten"},"schema":{"@context":"https:\/\/schema.org","@graph":[{"@type":"WebPage","@id":"https:\/\/www.humanium.org\/de\/tunesien\/","url":"https:\/\/www.humanium.org\/de\/tunesien\/","name":"Kinder in Tunesien - Humanium","isPartOf":{"@id":"https:\/\/www.humanium.org\/de\/#website"},"datePublished":"2015-06-11T19:47:34+00:00","dateModified":"2025-12-06T06:25:51+00:00","description":"Internationale Organisationen, die sich f\u00fcr den Kinderschutz einsetzen, sind mit der institutionellen Infrastruktur Tunesiens \u00fcberwiegend zufrieden.","breadcrumb":{"@id":"https:\/\/www.humanium.org\/de\/tunesien\/#breadcrumb"},"inLanguage":"de","potentialAction":[{"@type":"ReadAction","target":["https:\/\/www.humanium.org\/de\/tunesien\/"]}]},{"@type":"BreadcrumbList","@id":"https:\/\/www.humanium.org\/de\/tunesien\/#breadcrumb","itemListElement":[{"@type":"ListItem","position":1,"name":"Home","item":"https:\/\/www.humanium.org\/de\/"},{"@type":"ListItem","position":2,"name":"Kinder in Tunesien"}]},{"@type":"WebSite","@id":"https:\/\/www.humanium.org\/de\/#website","url":"https:\/\/www.humanium.org\/de\/","name":"Humanium","description":"Kinder zuerst!","potentialAction":[{"@type":"SearchAction","target":{"@type":"EntryPoint","urlTemplate":"https:\/\/www.humanium.org\/de\/?s={search_term_string}"},"query-input":{"@type":"PropertyValueSpecification","valueRequired":true,"valueName":"search_term_string"}}],"inLanguage":"de"}]}},"_links":{"self":[{"href":"https:\/\/www.humanium.org\/de\/wp-json\/wp\/v2\/pages\/5084","targetHints":{"allow":["GET"]}}],"collection":[{"href":"https:\/\/www.humanium.org\/de\/wp-json\/wp\/v2\/pages"}],"about":[{"href":"https:\/\/www.humanium.org\/de\/wp-json\/wp\/v2\/types\/page"}],"author":[{"embeddable":true,"href":"https:\/\/www.humanium.org\/de\/wp-json\/wp\/v2\/users\/1"}],"replies":[{"embeddable":true,"href":"https:\/\/www.humanium.org\/de\/wp-json\/wp\/v2\/comments?post=5084"}],"version-history":[{"count":8,"href":"https:\/\/www.humanium.org\/de\/wp-json\/wp\/v2\/pages\/5084\/revisions"}],"predecessor-version":[{"id":20812,"href":"https:\/\/www.humanium.org\/de\/wp-json\/wp\/v2\/pages\/5084\/revisions\/20812"}],"wp:attachment":[{"href":"https:\/\/www.humanium.org\/de\/wp-json\/wp\/v2\/media?parent=5084"}],"curies":[{"name":"wp","href":"https:\/\/api.w.org\/{rel}","templated":true}]}}