{"id":5577,"date":"2015-12-09T16:29:39","date_gmt":"2015-12-09T16:29:39","guid":{"rendered":"http:\/\/www.humanium.org\/de\/?page_id=5577"},"modified":"2025-12-06T06:18:47","modified_gmt":"2025-12-06T06:18:47","slug":"ethische-und-verantwortungsvolle-patenschaften","status":"publish","type":"page","link":"https:\/\/www.humanium.org\/de\/ethische-und-verantwortungsvolle-patenschaften\/","title":{"rendered":"Ethische und verantwortungsvolle Patenschaften"},"content":{"rendered":"<h1>Ethische und verantwortungsvolle Patenschaften<\/h1>\n<p><strong>Humanium versucht, bestm\u00f6glich zu handeln<\/strong>. An erster Stelle steht bei uns der Kinderschutz und das kindliche Wohlbefinden. Bei den Patenschaften folgen wir daher einem ethischen Ansatz.<\/p>\n<p>Humanium bietet Spenderinnen und Spendern die M\u00f6glichkeit, eine ethisch einwandfreie Patenschaft zu \u00fcbernehmen und somit eine verantwortungsvolle Entscheidung zu treffen.<\/p>\n<h3>&gt; Was ist eine ethisch einwandfreie Patenschaft?<\/h3>\n<h4>Das Wohlbefinden des Patenkindes gew\u00e4hrleisten<\/h4>\n<p>Einem Kind zu helfen hei\u00dft, sich an seinem Leben zu beteiligen. Jedoch kann sich die Art, in der man einem Kind hilft, positiv oder negativ auswirken. Man geht davon aus, dass sich individuelle, namentliche Patenschaften \u00e4u\u00dferst nachteilig auf Kinder auswirken. Daher ist es wichtig, eine kollektive Patenschaft zu w\u00e4hlen, die bei guter Umsetzung eine wirkliche Hilfe darstellt.<\/p>\n<h4>Den Lebensraum des Kindes im Gleichgewicht belassen<\/h4>\n<p>Bei Humanium richtet sich die Hilfe an die Gesamtheit der Kinder, an ihre Familien und ihr Dorf. Dieser Ansatz erlaubt, den Lebensraum des Kindes im Gleichgewicht zu belassen, seinen Willen und den seiner Familie zu respektieren. Die Kinder werden alle gleich behandelt, so dass es weder zu Diskriminierungen, noch zu Eifersucht oder Spannungen kommt.<br \/>\nDer Ansatz unserer Organisation ist es, die Kultur und das soziale Gleichgewicht, in dem das Kind heranw\u00e4chst, zu ber\u00fccksichtigen.<\/p>\n<h4>Zu Autonomie und nachhaltiger Entwicklung verhelfen<\/h4>\n<p>Den \u00c4rmsten zu Autonomie zu verhelfen und den Eltern zu erm\u00f6glichen, sich um ihre Kinder zu k\u00fcmmern \u2013 darin liegt die wahre Herausforderung. Eine Einzelpatenschaft schafft ein Abh\u00e4ngigkeitsverh\u00e4ltnis, das keine wirkliche Entwicklung bewirkt.<br \/>\nHumanium arbeitet mit den \u00c4rmsten zusammen und setzt sich f\u00fcr sie ein, damit sie Akteur, Motor und Entscheidungstr\u00e4ger in ihrem Leben sind.<\/p>\n<h3>&gt; Was bedeutet die Entscheidung zu einer verantwortungsvollen Patenschaft f\u00fcr mich ?<\/h3>\n<h4>Eine effiziente Verwendung der Spenden<\/h4>\n<p>Durch den gemeinsamen Fonds kann Humanium mehr Kindern helfen, als es Paten oder Patinnen gibt. Die Spenden finanzieren Kinderhilfsprojekte direkt und werden nicht durch unn\u00fctze Verwaltungskosten verschwendet.<br \/>\nSich f\u00fcr eine Patenschaft bei Humanium zu entscheiden hei\u00dft daher, Ihr Geld direkt dem kindlichen Wohlbefinden zugutekommen zu lassen.<\/p>\n<h4>Global helfen<\/h4>\n<p>Humanium verwirklicht alle Kinderrechte, hilft dem Kind in jeder Hinsicht und hilft auch seiner Gemeinschaft, wenn es in einer solchen aufw\u00e4chst.<br \/>\nSo hilft Humanium beispielsweise dem gesamten Dorf, in dem das Kind lebt, um die Lebensumst\u00e4nde des Kindes, seiner Familie und seiner Gemeinschaft nachhaltig zu verbessern. Diese Hilfe ist fair, nachhaltig und effizient.<\/p>\n<h4>Allgemeine Informationen<\/h4>\n<p>Die &#8222;privilegierten&#8220; Beziehungen zu einem Patenkind haben zahlreiche negative Folgen. Stellen Sie sich eine Gruppe von Kindern vor, in dem ein einzelnes Kind Briefe, Geschenke&#8230; oder Geld bekommt. Humanium lehnt es ab, Kinder zu einem Werbeinstrument zu machen. Um den vollkommenen Schutz der Kinder zu gew\u00e4hrleisten, werden allgemeine Informationen \u00fcber das Projekt in seiner Gesamtheit an Sie weitergegeben. Au\u00dferdem werden,<a href=\"https:\/\/www.humanium.org\/fr\/blog\" target=\"_blank\"> auf unserem Blog <\/a> regelm\u00e4\u00dfig Neuigkeiten zum Projekt sowie Erfahrungsberichte ver\u00f6ffentlicht.<\/p>\n<p><span style=\"color: #333333;\">Durch eine respektvolle, auf eine nachhaltige Entwicklung gerichtete Haltung versucht Humanium, den Bed\u00fcrfnissen der Kinder bestm\u00f6glich gerecht zu werden.<\/span><\/p>\n<p><span style=\"color: #333333;\">Armut zu bek\u00e4mpfen und die Lebensbedingungen der \u00e4rmsten Kinder nachhaltig zu verbessern hei\u00dft, ihnen zu Autonomie zu verhelfen. Genau dies erm\u00f6glicht Humanium mit einer ethischen und verantwortungsvollen Patenschaft. <\/span><\/p>\n<p><strong>Mehr zu: <\/strong> <a href=\"https:\/\/www.humanium.org\/de\/pate-werden\/hier-erklaren-wir-die-kinderpatenschaft\/\">Kinderpatenschaften verstehen<\/a><\/p>\n<p><strong><a href=\"https:\/\/www.humanium.org\/de\/pate-werden-2\/\">WERDEN SIE JETZT PATE &gt;&gt;&gt; &gt;&gt;&gt;<\/a><\/strong><\/p>\n","protected":false},"excerpt":{"rendered":"<p>Ethische und verantwortungsvolle Patenschaften Humanium versucht, bestm\u00f6glich zu handeln. An erster Stelle steht bei uns der Kinderschutz und das kindliche Wohlbefinden. Bei den Patenschaften folgen wir daher einem ethischen Ansatz. Humanium bietet Spenderinnen und Spendern die M\u00f6glichkeit, eine ethisch einwandfreie Patenschaft zu \u00fcbernehmen und somit eine verantwortungsvolle Entscheidung zu treffen. &gt; Was ist eine ethisch [&hellip;]<\/p>\n","protected":false},"author":1,"featured_media":0,"parent":0,"menu_order":0,"comment_status":"closed","ping_status":"closed","template":"","meta":{"footnotes":""},"class_list":["post-5577","page","type-page","status-publish","hentry"],"yoast_head":"<!-- This site is optimized with the Yoast SEO plugin v26.5 - https:\/\/yoast.com\/wordpress\/plugins\/seo\/ -->\n<title>Ethische und verantwortungsvolle Patenschaften - Humanium<\/title>\n<meta name=\"robots\" content=\"index, follow, max-snippet:-1, max-image-preview:large, max-video-preview:-1\" \/>\n<link rel=\"canonical\" href=\"https:\/\/www.humanium.org\/de\/ethische-und-verantwortungsvolle-patenschaften\/\" \/>\n<meta property=\"og:locale\" content=\"de_DE\" \/>\n<meta property=\"og:type\" content=\"article\" \/>\n<meta property=\"og:title\" content=\"Ethische und verantwortungsvolle Patenschaften - Humanium\" \/>\n<meta property=\"og:description\" content=\"Ethische und verantwortungsvolle Patenschaften Humanium versucht, bestm\u00f6glich zu handeln. An erster Stelle steht bei uns der Kinderschutz und das kindliche Wohlbefinden. Bei den Patenschaften folgen wir daher einem ethischen Ansatz. Humanium bietet Spenderinnen und Spendern die M\u00f6glichkeit, eine ethisch einwandfreie Patenschaft zu \u00fcbernehmen und somit eine verantwortungsvolle Entscheidung zu treffen. &gt; Was ist eine ethisch [&hellip;]\" \/>\n<meta property=\"og:url\" content=\"https:\/\/www.humanium.org\/de\/ethische-und-verantwortungsvolle-patenschaften\/\" \/>\n<meta property=\"og:site_name\" content=\"Humanium\" \/>\n<meta property=\"article:modified_time\" content=\"2025-12-06T06:18:47+00:00\" \/>\n<meta name=\"twitter:card\" content=\"summary_large_image\" \/>\n<meta name=\"twitter:label1\" content=\"Gesch\u00e4tzte Lesezeit\" \/>\n\t<meta name=\"twitter:data1\" content=\"3\u00a0Minuten\" \/>\n<script type=\"application\/ld+json\" class=\"yoast-schema-graph\">{\"@context\":\"https:\/\/schema.org\",\"@graph\":[{\"@type\":\"WebPage\",\"@id\":\"https:\/\/www.humanium.org\/de\/ethische-und-verantwortungsvolle-patenschaften\/\",\"url\":\"https:\/\/www.humanium.org\/de\/ethische-und-verantwortungsvolle-patenschaften\/\",\"name\":\"Ethische und verantwortungsvolle Patenschaften - Humanium\",\"isPartOf\":{\"@id\":\"https:\/\/www.humanium.org\/de\/#website\"},\"datePublished\":\"2015-12-09T16:29:39+00:00\",\"dateModified\":\"2025-12-06T06:18:47+00:00\",\"breadcrumb\":{\"@id\":\"https:\/\/www.humanium.org\/de\/ethische-und-verantwortungsvolle-patenschaften\/#breadcrumb\"},\"inLanguage\":\"de\",\"potentialAction\":[{\"@type\":\"ReadAction\",\"target\":[\"https:\/\/www.humanium.org\/de\/ethische-und-verantwortungsvolle-patenschaften\/\"]}]},{\"@type\":\"BreadcrumbList\",\"@id\":\"https:\/\/www.humanium.org\/de\/ethische-und-verantwortungsvolle-patenschaften\/#breadcrumb\",\"itemListElement\":[{\"@type\":\"ListItem\",\"position\":1,\"name\":\"Home\",\"item\":\"https:\/\/www.humanium.org\/de\/\"},{\"@type\":\"ListItem\",\"position\":2,\"name\":\"Ethische und verantwortungsvolle Patenschaften\"}]},{\"@type\":\"WebSite\",\"@id\":\"https:\/\/www.humanium.org\/de\/#website\",\"url\":\"https:\/\/www.humanium.org\/de\/\",\"name\":\"Humanium\",\"description\":\"Kinder zuerst!\",\"potentialAction\":[{\"@type\":\"SearchAction\",\"target\":{\"@type\":\"EntryPoint\",\"urlTemplate\":\"https:\/\/www.humanium.org\/de\/?s={search_term_string}\"},\"query-input\":{\"@type\":\"PropertyValueSpecification\",\"valueRequired\":true,\"valueName\":\"search_term_string\"}}],\"inLanguage\":\"de\"}]}<\/script>\n<!-- \/ Yoast SEO plugin. -->","yoast_head_json":{"title":"Ethische und verantwortungsvolle Patenschaften - Humanium","robots":{"index":"index","follow":"follow","max-snippet":"max-snippet:-1","max-image-preview":"max-image-preview:large","max-video-preview":"max-video-preview:-1"},"canonical":"https:\/\/www.humanium.org\/de\/ethische-und-verantwortungsvolle-patenschaften\/","og_locale":"de_DE","og_type":"article","og_title":"Ethische und verantwortungsvolle Patenschaften - Humanium","og_description":"Ethische und verantwortungsvolle Patenschaften Humanium versucht, bestm\u00f6glich zu handeln. An erster Stelle steht bei uns der Kinderschutz und das kindliche Wohlbefinden. Bei den Patenschaften folgen wir daher einem ethischen Ansatz. Humanium bietet Spenderinnen und Spendern die M\u00f6glichkeit, eine ethisch einwandfreie Patenschaft zu \u00fcbernehmen und somit eine verantwortungsvolle Entscheidung zu treffen. &gt; Was ist eine ethisch [&hellip;]","og_url":"https:\/\/www.humanium.org\/de\/ethische-und-verantwortungsvolle-patenschaften\/","og_site_name":"Humanium","article_modified_time":"2025-12-06T06:18:47+00:00","twitter_card":"summary_large_image","twitter_misc":{"Gesch\u00e4tzte Lesezeit":"3\u00a0Minuten"},"schema":{"@context":"https:\/\/schema.org","@graph":[{"@type":"WebPage","@id":"https:\/\/www.humanium.org\/de\/ethische-und-verantwortungsvolle-patenschaften\/","url":"https:\/\/www.humanium.org\/de\/ethische-und-verantwortungsvolle-patenschaften\/","name":"Ethische und verantwortungsvolle Patenschaften - Humanium","isPartOf":{"@id":"https:\/\/www.humanium.org\/de\/#website"},"datePublished":"2015-12-09T16:29:39+00:00","dateModified":"2025-12-06T06:18:47+00:00","breadcrumb":{"@id":"https:\/\/www.humanium.org\/de\/ethische-und-verantwortungsvolle-patenschaften\/#breadcrumb"},"inLanguage":"de","potentialAction":[{"@type":"ReadAction","target":["https:\/\/www.humanium.org\/de\/ethische-und-verantwortungsvolle-patenschaften\/"]}]},{"@type":"BreadcrumbList","@id":"https:\/\/www.humanium.org\/de\/ethische-und-verantwortungsvolle-patenschaften\/#breadcrumb","itemListElement":[{"@type":"ListItem","position":1,"name":"Home","item":"https:\/\/www.humanium.org\/de\/"},{"@type":"ListItem","position":2,"name":"Ethische und verantwortungsvolle Patenschaften"}]},{"@type":"WebSite","@id":"https:\/\/www.humanium.org\/de\/#website","url":"https:\/\/www.humanium.org\/de\/","name":"Humanium","description":"Kinder zuerst!","potentialAction":[{"@type":"SearchAction","target":{"@type":"EntryPoint","urlTemplate":"https:\/\/www.humanium.org\/de\/?s={search_term_string}"},"query-input":{"@type":"PropertyValueSpecification","valueRequired":true,"valueName":"search_term_string"}}],"inLanguage":"de"}]}},"_links":{"self":[{"href":"https:\/\/www.humanium.org\/de\/wp-json\/wp\/v2\/pages\/5577","targetHints":{"allow":["GET"]}}],"collection":[{"href":"https:\/\/www.humanium.org\/de\/wp-json\/wp\/v2\/pages"}],"about":[{"href":"https:\/\/www.humanium.org\/de\/wp-json\/wp\/v2\/types\/page"}],"author":[{"embeddable":true,"href":"https:\/\/www.humanium.org\/de\/wp-json\/wp\/v2\/users\/1"}],"replies":[{"embeddable":true,"href":"https:\/\/www.humanium.org\/de\/wp-json\/wp\/v2\/comments?post=5577"}],"version-history":[{"count":8,"href":"https:\/\/www.humanium.org\/de\/wp-json\/wp\/v2\/pages\/5577\/revisions"}],"predecessor-version":[{"id":20373,"href":"https:\/\/www.humanium.org\/de\/wp-json\/wp\/v2\/pages\/5577\/revisions\/20373"}],"wp:attachment":[{"href":"https:\/\/www.humanium.org\/de\/wp-json\/wp\/v2\/media?parent=5577"}],"curies":[{"name":"wp","href":"https:\/\/api.w.org\/{rel}","templated":true}]}}