{"id":5583,"date":"2015-12-09T16:31:38","date_gmt":"2015-12-09T16:31:38","guid":{"rendered":"http:\/\/www.humanium.org\/de\/?page_id=5583"},"modified":"2025-12-06T06:18:43","modified_gmt":"2025-12-06T06:18:43","slug":"hier-erklaren-wir-die-kinderpatenschaft","status":"publish","type":"page","link":"https:\/\/www.humanium.org\/de\/hier-erklaren-wir-die-kinderpatenschaft\/","title":{"rendered":"Hier erkl\u00e4ren wir die Kinderpatenschaft"},"content":{"rendered":"<h1>Hier erkl\u00e4ren wir die Kinderpatenschaft<\/h1>\n<p><strong>Die Patenschaft f\u00fcr ein Kind zu \u00fcbernehmen ist eine wichtige Entscheidung : Es geht um das Wohl des Kinds.<\/strong><\/p>\n<p>Die Kinderpatenschaft ist ein wichtiges Mittel, das den PatInnen die M\u00f6glichkeit gibt, dauerhaft und gezielt den am meisten benachteiligten Kindern zu helfen.<\/p>\n<p><span style=\"color: #003366;\"><strong>Es existieren zwei unterschiedliche Formen der Kinderpatenschaft:<\/strong><\/span><\/p>\n<p>&gt; <strong>Die individuelle Patenschaft :<\/strong>\u00a0Die Hilfe kommt einem Kind zugute.<\/p>\n<p>&gt; <strong>Die gemeinsame oder kollektive Patenschaft: <\/strong>Allen Kindern, die dem selben Projekt angeh\u00f6ren, wird geholfen.<br \/>\nHumanium schl\u00e4gt ausdr\u00fccklich keine individuellen Patenschaften vor, statt dessen die kollektive Patenschaft mittels derer allen Kindern gemeinsam geholfen wird. Alle Kinder werden unterst\u00fctzt, aber auch individuell betreut.<br \/>\nDie Patenschaft mit Humanium ist ethisch und verantwortlich. Die Patenschaft favorisiert nicht einige Kinder zum Nachteil anderer, im Gegenteil, sie h\u00e4lt das Wohl aller Kinder im Auge und wacht dar\u00fcber, dass allen Kindern geholfen wird und alle die gleichen Entwicklungsm\u00f6glichkeiten erhalten.<\/p>\n<p><strong>Um mehr zu erfahren:\u00a0<\/strong><a href=\"https:\/\/www.humanium.org\/de\/pate-werden\/keine-individuelle-patenschaft\/\">Warum schl\u00e4gt Humanium keine individuelle Patenschaft vor ?<\/a><\/p>\n<p><strong><a href=\"https:\/\/www.humanium.org\/de\/pate-werden-2\/\">ICH WERDE JETZT PATE &gt;&gt;&gt; &gt;&gt;&gt;<\/a><\/strong><\/p>\n","protected":false},"excerpt":{"rendered":"<p>Hier erkl\u00e4ren wir die Kinderpatenschaft Die Patenschaft f\u00fcr ein Kind zu \u00fcbernehmen ist eine wichtige Entscheidung : Es geht um das Wohl des Kinds. Die Kinderpatenschaft ist ein wichtiges Mittel, das den PatInnen die M\u00f6glichkeit gibt, dauerhaft und gezielt den am meisten benachteiligten Kindern zu helfen. Es existieren zwei unterschiedliche Formen der Kinderpatenschaft: &gt; Die [&hellip;]<\/p>\n","protected":false},"author":1,"featured_media":0,"parent":0,"menu_order":0,"comment_status":"closed","ping_status":"closed","template":"","meta":{"footnotes":""},"class_list":["post-5583","page","type-page","status-publish","hentry"],"yoast_head":"<!-- This site is optimized with the Yoast SEO plugin v26.5 - https:\/\/yoast.com\/wordpress\/plugins\/seo\/ -->\n<title>Hier erkl\u00e4ren wir die Kinderpatenschaft - Humanium<\/title>\n<meta name=\"robots\" content=\"index, follow, max-snippet:-1, max-image-preview:large, max-video-preview:-1\" \/>\n<link rel=\"canonical\" href=\"https:\/\/www.humanium.org\/de\/hier-erklaren-wir-die-kinderpatenschaft\/\" \/>\n<meta property=\"og:locale\" content=\"de_DE\" \/>\n<meta property=\"og:type\" content=\"article\" \/>\n<meta property=\"og:title\" content=\"Hier erkl\u00e4ren wir die Kinderpatenschaft - Humanium\" \/>\n<meta property=\"og:description\" content=\"Hier erkl\u00e4ren wir die Kinderpatenschaft Die Patenschaft f\u00fcr ein Kind zu \u00fcbernehmen ist eine wichtige Entscheidung : Es geht um das Wohl des Kinds. Die Kinderpatenschaft ist ein wichtiges Mittel, das den PatInnen die M\u00f6glichkeit gibt, dauerhaft und gezielt den am meisten benachteiligten Kindern zu helfen. Es existieren zwei unterschiedliche Formen der Kinderpatenschaft: &gt; Die [&hellip;]\" \/>\n<meta property=\"og:url\" content=\"https:\/\/www.humanium.org\/de\/hier-erklaren-wir-die-kinderpatenschaft\/\" \/>\n<meta property=\"og:site_name\" content=\"Humanium\" \/>\n<meta property=\"article:modified_time\" content=\"2025-12-06T06:18:43+00:00\" \/>\n<meta name=\"twitter:card\" content=\"summary_large_image\" \/>\n<meta name=\"twitter:label1\" content=\"Gesch\u00e4tzte Lesezeit\" \/>\n\t<meta name=\"twitter:data1\" content=\"1\u00a0Minute\" \/>\n<script type=\"application\/ld+json\" class=\"yoast-schema-graph\">{\"@context\":\"https:\/\/schema.org\",\"@graph\":[{\"@type\":\"WebPage\",\"@id\":\"https:\/\/www.humanium.org\/de\/hier-erklaren-wir-die-kinderpatenschaft\/\",\"url\":\"https:\/\/www.humanium.org\/de\/hier-erklaren-wir-die-kinderpatenschaft\/\",\"name\":\"Hier erkl\u00e4ren wir die Kinderpatenschaft - Humanium\",\"isPartOf\":{\"@id\":\"https:\/\/www.humanium.org\/de\/#website\"},\"datePublished\":\"2015-12-09T16:31:38+00:00\",\"dateModified\":\"2025-12-06T06:18:43+00:00\",\"breadcrumb\":{\"@id\":\"https:\/\/www.humanium.org\/de\/hier-erklaren-wir-die-kinderpatenschaft\/#breadcrumb\"},\"inLanguage\":\"de\",\"potentialAction\":[{\"@type\":\"ReadAction\",\"target\":[\"https:\/\/www.humanium.org\/de\/hier-erklaren-wir-die-kinderpatenschaft\/\"]}]},{\"@type\":\"BreadcrumbList\",\"@id\":\"https:\/\/www.humanium.org\/de\/hier-erklaren-wir-die-kinderpatenschaft\/#breadcrumb\",\"itemListElement\":[{\"@type\":\"ListItem\",\"position\":1,\"name\":\"Home\",\"item\":\"https:\/\/www.humanium.org\/de\/\"},{\"@type\":\"ListItem\",\"position\":2,\"name\":\"Hier erkl\u00e4ren wir die Kinderpatenschaft\"}]},{\"@type\":\"WebSite\",\"@id\":\"https:\/\/www.humanium.org\/de\/#website\",\"url\":\"https:\/\/www.humanium.org\/de\/\",\"name\":\"Humanium\",\"description\":\"Kinder zuerst!\",\"potentialAction\":[{\"@type\":\"SearchAction\",\"target\":{\"@type\":\"EntryPoint\",\"urlTemplate\":\"https:\/\/www.humanium.org\/de\/?s={search_term_string}\"},\"query-input\":{\"@type\":\"PropertyValueSpecification\",\"valueRequired\":true,\"valueName\":\"search_term_string\"}}],\"inLanguage\":\"de\"}]}<\/script>\n<!-- \/ Yoast SEO plugin. -->","yoast_head_json":{"title":"Hier erkl\u00e4ren wir die Kinderpatenschaft - Humanium","robots":{"index":"index","follow":"follow","max-snippet":"max-snippet:-1","max-image-preview":"max-image-preview:large","max-video-preview":"max-video-preview:-1"},"canonical":"https:\/\/www.humanium.org\/de\/hier-erklaren-wir-die-kinderpatenschaft\/","og_locale":"de_DE","og_type":"article","og_title":"Hier erkl\u00e4ren wir die Kinderpatenschaft - Humanium","og_description":"Hier erkl\u00e4ren wir die Kinderpatenschaft Die Patenschaft f\u00fcr ein Kind zu \u00fcbernehmen ist eine wichtige Entscheidung : Es geht um das Wohl des Kinds. Die Kinderpatenschaft ist ein wichtiges Mittel, das den PatInnen die M\u00f6glichkeit gibt, dauerhaft und gezielt den am meisten benachteiligten Kindern zu helfen. Es existieren zwei unterschiedliche Formen der Kinderpatenschaft: &gt; Die [&hellip;]","og_url":"https:\/\/www.humanium.org\/de\/hier-erklaren-wir-die-kinderpatenschaft\/","og_site_name":"Humanium","article_modified_time":"2025-12-06T06:18:43+00:00","twitter_card":"summary_large_image","twitter_misc":{"Gesch\u00e4tzte Lesezeit":"1\u00a0Minute"},"schema":{"@context":"https:\/\/schema.org","@graph":[{"@type":"WebPage","@id":"https:\/\/www.humanium.org\/de\/hier-erklaren-wir-die-kinderpatenschaft\/","url":"https:\/\/www.humanium.org\/de\/hier-erklaren-wir-die-kinderpatenschaft\/","name":"Hier erkl\u00e4ren wir die Kinderpatenschaft - Humanium","isPartOf":{"@id":"https:\/\/www.humanium.org\/de\/#website"},"datePublished":"2015-12-09T16:31:38+00:00","dateModified":"2025-12-06T06:18:43+00:00","breadcrumb":{"@id":"https:\/\/www.humanium.org\/de\/hier-erklaren-wir-die-kinderpatenschaft\/#breadcrumb"},"inLanguage":"de","potentialAction":[{"@type":"ReadAction","target":["https:\/\/www.humanium.org\/de\/hier-erklaren-wir-die-kinderpatenschaft\/"]}]},{"@type":"BreadcrumbList","@id":"https:\/\/www.humanium.org\/de\/hier-erklaren-wir-die-kinderpatenschaft\/#breadcrumb","itemListElement":[{"@type":"ListItem","position":1,"name":"Home","item":"https:\/\/www.humanium.org\/de\/"},{"@type":"ListItem","position":2,"name":"Hier erkl\u00e4ren wir die Kinderpatenschaft"}]},{"@type":"WebSite","@id":"https:\/\/www.humanium.org\/de\/#website","url":"https:\/\/www.humanium.org\/de\/","name":"Humanium","description":"Kinder zuerst!","potentialAction":[{"@type":"SearchAction","target":{"@type":"EntryPoint","urlTemplate":"https:\/\/www.humanium.org\/de\/?s={search_term_string}"},"query-input":{"@type":"PropertyValueSpecification","valueRequired":true,"valueName":"search_term_string"}}],"inLanguage":"de"}]}},"_links":{"self":[{"href":"https:\/\/www.humanium.org\/de\/wp-json\/wp\/v2\/pages\/5583","targetHints":{"allow":["GET"]}}],"collection":[{"href":"https:\/\/www.humanium.org\/de\/wp-json\/wp\/v2\/pages"}],"about":[{"href":"https:\/\/www.humanium.org\/de\/wp-json\/wp\/v2\/types\/page"}],"author":[{"embeddable":true,"href":"https:\/\/www.humanium.org\/de\/wp-json\/wp\/v2\/users\/1"}],"replies":[{"embeddable":true,"href":"https:\/\/www.humanium.org\/de\/wp-json\/wp\/v2\/comments?post=5583"}],"version-history":[{"count":3,"href":"https:\/\/www.humanium.org\/de\/wp-json\/wp\/v2\/pages\/5583\/revisions"}],"predecessor-version":[{"id":20337,"href":"https:\/\/www.humanium.org\/de\/wp-json\/wp\/v2\/pages\/5583\/revisions\/20337"}],"wp:attachment":[{"href":"https:\/\/www.humanium.org\/de\/wp-json\/wp\/v2\/media?parent=5583"}],"curies":[{"name":"wp","href":"https:\/\/api.w.org\/{rel}","templated":true}]}}