{"id":5585,"date":"2015-12-09T16:45:55","date_gmt":"2015-12-09T16:45:55","guid":{"rendered":"http:\/\/www.humanium.org\/de\/?page_id=5585"},"modified":"2025-12-06T06:25:53","modified_gmt":"2025-12-06T06:25:53","slug":"keine-individuelle-patenschaft","status":"publish","type":"page","link":"https:\/\/www.humanium.org\/de\/keine-individuelle-patenschaft\/","title":{"rendered":"Warum sollten Sie keine individuelle Patenschaft eingehen?"},"content":{"rendered":"<h1>Warum sollten Sie keine individuelle Patenschaft eingehen?<\/h1>\n<p><strong>Die individuelle Patenschaft bedeutet zahlreiche Nachteile f\u00fcr das Kind, aber auch f\u00fcr den Paten sowie die Organisation. <\/strong><\/p>\n<h3>&gt; Die Nachteile eines privilegierten Verh\u00e4ltnisses zwischen Patenkind und Paten<\/h3>\n<h4>Nicht erf\u00fcllte Erwartungen<\/h4>\n<p>Die Besonderheit der individuellen Patenschaft ist, dass sie eine personalisierte Patenschaft zwischen Paten und Patenkind generiert. Dieses Verh\u00e4ltnis, oft zun\u00e4chst als n\u00fctzlich f\u00fcr das Kind angesehen, kann Erwartungen von Seiten des Kinds aber auch des Paten erzeugen, die dann nicht erf\u00fcllt werden. Beide Seiten k\u00f6nnen sich falsche Hoffnungen machen, die gr\u00f6sser und gr\u00f6sser werden.<\/p>\n<h4>Zerbrechliche Hilfe<\/h4>\n<p>Die individuelle Kinderpatenschaft kann au\u03b2erdem, f\u00fcr den Fall, dass der Pate nicht so engagiert ist, grosse Probleme in der Entwicklung des Kinds hervorrufen. In der Tat, wenn sich der Pate gegen die Patenschaft entscheidet und die Organisation keinen neuen Paten findet, bleibt das Kind von heute auf morgen ohne Paten und es bleiben entt\u00e4uschte Erwartungen.<\/p>\n<h4>Der Einfluss der Paten<\/h4>\n<p>Au\u03b2erdem k\u00f6nnen die Paten annehmen, dass Sie ein Recht auf das Kind haben, z.B. das Recht seine geistige und pers\u00f6nliche Entwicklung beeinflussen zu d\u00fcrfen. Auch existieren zahlreiche Organisationen, die auf eine religi\u00f6se Entwicklung des Kinds Wert legen, damit sie derselben religi\u00f6sen Ausrichtung folgen wie der ihres Paten.<\/p>\n<h4>Unpassender Briefwechsel<\/h4>\n<p>Trotz der Lekt\u00fcre der Organisationsmitglieder, k\u00f6nnen die Briefaustausche zwischen Patenkind und Paten kulturell unagemessen sein. In der Tat ist es oft so, dass das kulturelle Milieu, in dem das Kind lebt, nicht ber\u00fccksichtigt wird und das Kind die Briefe im besten Fall nicht versteht, sonst aber auch verwirrt zur\u00fcckbleibt.<\/p>\n<h3>&gt; Ausschliesslich das Patenkind erh\u00e4lt Hilfe\u2026 das hat Konsequenzen\u2026<\/h3>\n<h4>Neid und Eifers\u00fcchteleien<\/h4>\n<p>Ein weiterer Nachteil der individuellen Patenschaft ist, dass diese ausschliesslich auf ein Kind ausgelegt ist. Daher kann dieser Patenschaftstyp Eifersucht von seiten der anderen Kinder, die keine Hilfe erhalten, hervorrufen. Die Kinder ohne Paten f\u00fchlen sich \u201enicht w\u00fcrdig\u201c Hilfe zu bekommen, und ihr Selbstvertrauen leidet. Selbst in Schulen kommt es vor, dass der Lehrer den Patenkindern mehr Aufmerksamkeit widmet als den anderen Kindern.<br \/>\nSogar das Patenkind selbst entwickelt h\u00e4ufig ein Schuldgef\u00fchl hinsichtlich seiner Kameraden, da es ihm besser geht. Daher meinen wir von Humanium, dass die individuelle Patenschaft eine Reihe von Ungleichheiten hervorruft und auch der Gemeinschaft nicht hilft, sich zu entwickeln.<\/p>\n<h4>Famili\u00e4re Spannungen<\/h4>\n<p>Mit der individuellen Patenschaft k\u00f6nnen sich au\u03b2erdem auch die Eltern der Paten gedem\u00fctigt f\u00fchlen, da sie nicht selbst f\u00fcr das Wohl ihres Kindes aufkommen k\u00f6nnen und dass statt dessen ein Ausl\u00e4nder f\u00fcr das Wohl ihres Kindes sorgt. Es kann auch dadurch zu Frustrationen kommen, dass lediglich einem Kind von mehreren geholfen wird. Br\u00fcder und Schwestern k\u00f6nnen ebenfalls ein Gef\u00fchl von Neid entwickeln, wodurch sich das Patenkind infolgedessen von seiner Familie isoliert f\u00fchlen kann.<\/p>\n<h4>Ineffektive Hilfe<\/h4>\n<p>Nach der Ausbildung kann das Kind meistens keine Arbeit in seinem Dorf finden. Daher muss es oft sein Dorf verlassen um in der Stadt zu arbeiten. Es ist also keine Hilfe f\u00fcr seiner Gemeinschaft. Es kann auch die Entscheidung treffen in seinem Dorf zu bleiben, findet dann allerdings h\u00e4ufig keine Arbeit, die dem entspricht, was es gelernt hat. Andere Kinder k\u00f6nnen sich entmutigt f\u00fchlen: Warum mit der Schule weitermachen? Auch k\u00f6nnen sich die Patenkinder verpflichtet f\u00fchlen, nur deswegen weiterzustudieren um auch weiterhin Hilfe zu erhalten, obwohl es f\u00fcr sie und ihre Familien sinnvoll w\u00e4re ein Metier zu lernen, welches f\u00fcr die Dorfgemeinschaft von Interesse ist.<\/p>\n<h3>&gt; Die individuelle Hilfe: Eine Kultur der Abh\u00e4ngigkeit<\/h3>\n<h4>Paternalistisches Verh\u00e4ltnis<\/h4>\n<p>Das Verh\u00e4ltnis zwischen Patenkind und Paten ist h\u00e4ufig ein solches, das auf Paternalismus basiert. In der Tat kommt es immer wieder dazu, dass der Pate einen gewissen Einfluss, sogar Autorit\u00e4t, auf das Kind aus\u00fcbt. Die individuellen Initiativen des Kinds werden nicht gef\u00f6rdert, es bleibt in einem Verh\u00e4ltnis in dem der \u201eReiche\u201c der oder dem \u201eArmen\u201c hilft. Dar\u00fcber hinaus verlangt die Organisation h\u00e4ufig, dass das Kind regelm\u00e4ssig Briefe an den Paten schreibt, durch die das Kind seine Dankbarkeit zum Ausdruck bringen muss. Dieses Verh\u00e4ltnis unterst\u00fctzt schliesslich die negativen Stereotypen der Entwicklungsl\u00e4nder, in den die Menschen als \u201epassiv\u201c und \u201eAssistenzempf\u00e4nger\u201c gelten.<\/p>\n<h4>Eine Bremse f\u00fcr lokale Aktivit\u00e4ten<\/h4>\n<p>Mit der individuellen Patenschaft wird den Familien nicht geholfen, nachhaltige Initiativen auf die Beine zu stellen, um sich selbst aus der Misere zu befreien. In der Tat, das Geld, das \u201evom Himmel f\u00e4llt\u201c f\u00fchrt eher dazu, dass die Familien entmutigt werden zu arbeiten. Die individuelle Patenschaft ist tats\u00e4chlich eine M\u00f6glichkeit der Hilfe, die nicht der nachhaltigen Entwicklung einer Gemeinschaft f\u00f6rdert.<br \/>\nHumanium meint, dass die individuelle Patenschaft Neid und Eifersucht im Umfeld des Kinds erzeugt. Sie ist oft schlecht in das soziale Umfeld eines Kindes integriert und verursacht soziale Probleme. Vor dem Hintergrund der Nachhaltigkeit ist sie nachteilig.<\/p>\n<p><strong>Humanium steht f\u00fcr Ethik und den Schutz aller Kinder. Humanium sichert nachhaltige Patenschaft, wirksam und gerecht. <\/strong><\/p>\n<p><strong>Um mehr zu erfahren\u00a0:<\/strong> <a href=\"https:\/\/www.humanium.org\/de\/pate-werden\/vorteile-patenschaft-bei-humanium\/\">Die Vorteile einer Patenschaft mit Humanium<\/a><\/p>\n<p><strong><a href=\"https:\/\/www.humanium.org\/de\/pate-werden-2\/\">JETZT PATE WERDEN &gt;&gt;&gt; &gt;&gt;&gt;<br \/>\n<\/a><\/strong><\/p>\n","protected":false},"excerpt":{"rendered":"<p>Warum sollten Sie keine individuelle Patenschaft eingehen? Die individuelle Patenschaft bedeutet zahlreiche Nachteile f\u00fcr das Kind, aber auch f\u00fcr den Paten sowie die Organisation. &gt; Die Nachteile eines privilegierten Verh\u00e4ltnisses zwischen Patenkind und Paten Nicht erf\u00fcllte Erwartungen Die Besonderheit der individuellen Patenschaft ist, dass sie eine personalisierte Patenschaft zwischen Paten und Patenkind generiert. Dieses Verh\u00e4ltnis, [&hellip;]<\/p>\n","protected":false},"author":1,"featured_media":0,"parent":0,"menu_order":0,"comment_status":"closed","ping_status":"closed","template":"","meta":{"footnotes":""},"class_list":["post-5585","page","type-page","status-publish","hentry"],"yoast_head":"<!-- This site is optimized with the Yoast SEO plugin v26.5 - https:\/\/yoast.com\/wordpress\/plugins\/seo\/ -->\n<title>Warum sollten Sie keine individuelle Patenschaft eingehen? - Humanium<\/title>\n<meta name=\"robots\" content=\"index, follow, max-snippet:-1, max-image-preview:large, max-video-preview:-1\" \/>\n<link rel=\"canonical\" href=\"https:\/\/www.humanium.org\/de\/keine-individuelle-patenschaft\/\" \/>\n<meta property=\"og:locale\" content=\"de_DE\" \/>\n<meta property=\"og:type\" content=\"article\" \/>\n<meta property=\"og:title\" content=\"Warum sollten Sie keine individuelle Patenschaft eingehen? - Humanium\" \/>\n<meta property=\"og:description\" content=\"Warum sollten Sie keine individuelle Patenschaft eingehen? Die individuelle Patenschaft bedeutet zahlreiche Nachteile f\u00fcr das Kind, aber auch f\u00fcr den Paten sowie die Organisation. &gt; Die Nachteile eines privilegierten Verh\u00e4ltnisses zwischen Patenkind und Paten Nicht erf\u00fcllte Erwartungen Die Besonderheit der individuellen Patenschaft ist, dass sie eine personalisierte Patenschaft zwischen Paten und Patenkind generiert. Dieses Verh\u00e4ltnis, [&hellip;]\" \/>\n<meta property=\"og:url\" content=\"https:\/\/www.humanium.org\/de\/keine-individuelle-patenschaft\/\" \/>\n<meta property=\"og:site_name\" content=\"Humanium\" \/>\n<meta property=\"article:modified_time\" content=\"2025-12-06T06:25:53+00:00\" \/>\n<meta name=\"twitter:card\" content=\"summary_large_image\" \/>\n<meta name=\"twitter:label1\" content=\"Gesch\u00e4tzte Lesezeit\" \/>\n\t<meta name=\"twitter:data1\" content=\"4\u00a0Minuten\" \/>\n<script type=\"application\/ld+json\" class=\"yoast-schema-graph\">{\"@context\":\"https:\/\/schema.org\",\"@graph\":[{\"@type\":\"WebPage\",\"@id\":\"https:\/\/www.humanium.org\/de\/keine-individuelle-patenschaft\/\",\"url\":\"https:\/\/www.humanium.org\/de\/keine-individuelle-patenschaft\/\",\"name\":\"Warum sollten Sie keine individuelle Patenschaft eingehen? - Humanium\",\"isPartOf\":{\"@id\":\"https:\/\/www.humanium.org\/de\/#website\"},\"datePublished\":\"2015-12-09T16:45:55+00:00\",\"dateModified\":\"2025-12-06T06:25:53+00:00\",\"breadcrumb\":{\"@id\":\"https:\/\/www.humanium.org\/de\/keine-individuelle-patenschaft\/#breadcrumb\"},\"inLanguage\":\"de\",\"potentialAction\":[{\"@type\":\"ReadAction\",\"target\":[\"https:\/\/www.humanium.org\/de\/keine-individuelle-patenschaft\/\"]}]},{\"@type\":\"BreadcrumbList\",\"@id\":\"https:\/\/www.humanium.org\/de\/keine-individuelle-patenschaft\/#breadcrumb\",\"itemListElement\":[{\"@type\":\"ListItem\",\"position\":1,\"name\":\"Home\",\"item\":\"https:\/\/www.humanium.org\/de\/\"},{\"@type\":\"ListItem\",\"position\":2,\"name\":\"Warum sollten Sie keine individuelle Patenschaft eingehen?\"}]},{\"@type\":\"WebSite\",\"@id\":\"https:\/\/www.humanium.org\/de\/#website\",\"url\":\"https:\/\/www.humanium.org\/de\/\",\"name\":\"Humanium\",\"description\":\"Kinder zuerst!\",\"potentialAction\":[{\"@type\":\"SearchAction\",\"target\":{\"@type\":\"EntryPoint\",\"urlTemplate\":\"https:\/\/www.humanium.org\/de\/?s={search_term_string}\"},\"query-input\":{\"@type\":\"PropertyValueSpecification\",\"valueRequired\":true,\"valueName\":\"search_term_string\"}}],\"inLanguage\":\"de\"}]}<\/script>\n<!-- \/ Yoast SEO plugin. -->","yoast_head_json":{"title":"Warum sollten Sie keine individuelle Patenschaft eingehen? - Humanium","robots":{"index":"index","follow":"follow","max-snippet":"max-snippet:-1","max-image-preview":"max-image-preview:large","max-video-preview":"max-video-preview:-1"},"canonical":"https:\/\/www.humanium.org\/de\/keine-individuelle-patenschaft\/","og_locale":"de_DE","og_type":"article","og_title":"Warum sollten Sie keine individuelle Patenschaft eingehen? - Humanium","og_description":"Warum sollten Sie keine individuelle Patenschaft eingehen? Die individuelle Patenschaft bedeutet zahlreiche Nachteile f\u00fcr das Kind, aber auch f\u00fcr den Paten sowie die Organisation. &gt; Die Nachteile eines privilegierten Verh\u00e4ltnisses zwischen Patenkind und Paten Nicht erf\u00fcllte Erwartungen Die Besonderheit der individuellen Patenschaft ist, dass sie eine personalisierte Patenschaft zwischen Paten und Patenkind generiert. Dieses Verh\u00e4ltnis, [&hellip;]","og_url":"https:\/\/www.humanium.org\/de\/keine-individuelle-patenschaft\/","og_site_name":"Humanium","article_modified_time":"2025-12-06T06:25:53+00:00","twitter_card":"summary_large_image","twitter_misc":{"Gesch\u00e4tzte Lesezeit":"4\u00a0Minuten"},"schema":{"@context":"https:\/\/schema.org","@graph":[{"@type":"WebPage","@id":"https:\/\/www.humanium.org\/de\/keine-individuelle-patenschaft\/","url":"https:\/\/www.humanium.org\/de\/keine-individuelle-patenschaft\/","name":"Warum sollten Sie keine individuelle Patenschaft eingehen? - Humanium","isPartOf":{"@id":"https:\/\/www.humanium.org\/de\/#website"},"datePublished":"2015-12-09T16:45:55+00:00","dateModified":"2025-12-06T06:25:53+00:00","breadcrumb":{"@id":"https:\/\/www.humanium.org\/de\/keine-individuelle-patenschaft\/#breadcrumb"},"inLanguage":"de","potentialAction":[{"@type":"ReadAction","target":["https:\/\/www.humanium.org\/de\/keine-individuelle-patenschaft\/"]}]},{"@type":"BreadcrumbList","@id":"https:\/\/www.humanium.org\/de\/keine-individuelle-patenschaft\/#breadcrumb","itemListElement":[{"@type":"ListItem","position":1,"name":"Home","item":"https:\/\/www.humanium.org\/de\/"},{"@type":"ListItem","position":2,"name":"Warum sollten Sie keine individuelle Patenschaft eingehen?"}]},{"@type":"WebSite","@id":"https:\/\/www.humanium.org\/de\/#website","url":"https:\/\/www.humanium.org\/de\/","name":"Humanium","description":"Kinder zuerst!","potentialAction":[{"@type":"SearchAction","target":{"@type":"EntryPoint","urlTemplate":"https:\/\/www.humanium.org\/de\/?s={search_term_string}"},"query-input":{"@type":"PropertyValueSpecification","valueRequired":true,"valueName":"search_term_string"}}],"inLanguage":"de"}]}},"_links":{"self":[{"href":"https:\/\/www.humanium.org\/de\/wp-json\/wp\/v2\/pages\/5585","targetHints":{"allow":["GET"]}}],"collection":[{"href":"https:\/\/www.humanium.org\/de\/wp-json\/wp\/v2\/pages"}],"about":[{"href":"https:\/\/www.humanium.org\/de\/wp-json\/wp\/v2\/types\/page"}],"author":[{"embeddable":true,"href":"https:\/\/www.humanium.org\/de\/wp-json\/wp\/v2\/users\/1"}],"replies":[{"embeddable":true,"href":"https:\/\/www.humanium.org\/de\/wp-json\/wp\/v2\/comments?post=5585"}],"version-history":[{"count":7,"href":"https:\/\/www.humanium.org\/de\/wp-json\/wp\/v2\/pages\/5585\/revisions"}],"predecessor-version":[{"id":20829,"href":"https:\/\/www.humanium.org\/de\/wp-json\/wp\/v2\/pages\/5585\/revisions\/20829"}],"wp:attachment":[{"href":"https:\/\/www.humanium.org\/de\/wp-json\/wp\/v2\/media?parent=5585"}],"curies":[{"name":"wp","href":"https:\/\/api.w.org\/{rel}","templated":true}]}}