{"id":5588,"date":"2015-12-09T16:48:37","date_gmt":"2015-12-09T16:48:37","guid":{"rendered":"http:\/\/www.humanium.org\/de\/?page_id=5588"},"modified":"2025-12-06T06:18:49","modified_gmt":"2025-12-06T06:18:49","slug":"vorteile-patenschaft-bei-humanium","status":"publish","type":"page","link":"https:\/\/www.humanium.org\/de\/vorteile-patenschaft-bei-humanium\/","title":{"rendered":"Die Vorteile der Patenschaft bei Humanium"},"content":{"rendered":"<h1>Die Vorteile der Patenschaft bei Humanium<\/h1>\n<h4><span style=\"color: #003366;\"><strong>&gt; Eine einzige Patenschaft hilft mehreren Kindern gleichzeitig<\/strong><\/span><\/h4>\n<p>Die B\u00fcndelung meherer Patenschaften erlaubt eine wirklich starke Unterst\u00fctzung mit Ihrer Spende. Sie helfen nicht nur einem Kind sondern einer Gruppe von Kindern. Eine Gruppe kann sich dann gemeinsam lange und weit entwickeln wenn ihnen allen geholfen wird !<\/p>\n<h3><span style=\"color: #800000;\">Umfassende Hilfe f\u00fcr nachhaltige Entwicklung!<strong><strong><br \/>\n<\/strong><\/strong><\/span><\/h3>\n<h4><span style=\"color: #003366;\"><strong>&gt; Ihre Patenschaft ist nachhaltig !<\/strong><\/span><\/h4>\n<p>Sie antworten auf alle Bed\u00fcrfnisse unserer Kinder. Sie konkretisieren die Gesamtheit Ihrer Rechte. Sie erlauben den Kindern nicht nur ihre Zukunft zu gestalten, sie erlauben auch ihren Familien selbstst\u00e4ndig zu werden!<\/p>\n<h4><span style=\"color: #003366;\"><strong>&gt; Ihre Patenschaft: Ethisch verantwortlich !<\/strong><\/span><\/h4>\n<p>Sie garantieren den Kindern w\u00fcrdig zu leben und sie helfen auf positive Art, ohne das soziale und kulturelle Umfeld des Kinds aus dem Gleichgewicht zu bringen!<\/p>\n<h3><span style=\"color: #800000;\">Sie \u00fcbernehmen eine Patenschaft mit Vertrauen und ohne Vertragsbindung!<\/span><\/h3>\n<h4><span style=\"color: #003366;\"><strong>&gt; Ihre Patenschaft ist freiwillig !<\/strong><\/span><\/h4>\n<p>Die Dauer Ihrer Patenschaft liegt ganz in Ihren H\u00e4nden, ist frei und ohne Vertragsbindung. Dank der B\u00fcndelung meherer Patenschaften k\u00f6nnen Sie jederzeit ihre Patenschaft beenden, ohne dass dies nachteilige Konsequenzen f\u00fcr ein Kind hat!<\/p>\n<h4><span style=\"color: #003366;\"><strong>&gt; Sie helfen vertrauensvoll und wir sind transparent!!<\/strong><\/span><\/h4>\n<p>Transparenz und unser Engagement f\u00fcr Ihr Vertrauen.<br \/>\n3 unabh\u00e4ngige Organe kontrollieren unsere Finanzen und Aktivit\u00e4ten:<br \/>\n&#8211; Interne Kontrolle, durch Finanzaudits;<br \/>\n&#8211; Externe Kontrolle, durch ein externes Kontrollorgan komplett neutral,<br \/>\n&#8211; Ethikkommittee, um den Respekt unserer Prinzipien zu kontrollieren.<\/p>\n<h4><span style=\"color: #003366;\"><strong>&gt; Sie sind st\u00e4ndig informiert!<\/strong><\/span><\/h4>\n<p><a href=\"https:\/\/www.humanium.org\/fr\/blog\" target=\"_blank\"><\/a>Dank unserses Blogs, k\u00f6nnen Sie der Entwicklung unserer Projekte folgen. Jede Woche erscheinen neue Artikel und Photos bez\u00fcglich der Unterst\u00fctzung die Sie und wir den Kindern gew\u00e4hren. Genauso sind wir auf den sozialen Netzwerken vertreten und dar\u00fcber hinaus k\u00f6nnen Sie uns nat\u00fcrlich auch jederzeit individuell erreichen. Regelm\u00e4ssig, mindestens aber 5 x im Jahr, erscheint unser Newsletter.<\/p>\n<p><strong>Um mehr zu erfahren\u00a0:<\/strong> <a href=\"https:\/\/www.humanium.org\/de\/pate-werden\/fragen-antworten-zur-patenschaft\/\">Fragen-Antworten zur Kinderpatenschaft<\/a><\/p>\n<p><strong><a href=\"https:\/\/www.humanium.org\/de\/pate-werden-2\/\">JETZT PATE WERDEN &gt;&gt;&gt; &gt;&gt;&gt;<\/a><\/strong><\/p>\n","protected":false},"excerpt":{"rendered":"<p>Die Vorteile der Patenschaft bei Humanium &gt; Eine einzige Patenschaft hilft mehreren Kindern gleichzeitig Die B\u00fcndelung meherer Patenschaften erlaubt eine wirklich starke Unterst\u00fctzung mit Ihrer Spende. Sie helfen nicht nur einem Kind sondern einer Gruppe von Kindern. Eine Gruppe kann sich dann gemeinsam lange und weit entwickeln wenn ihnen allen geholfen wird ! Umfassende Hilfe [&hellip;]<\/p>\n","protected":false},"author":1,"featured_media":0,"parent":0,"menu_order":0,"comment_status":"closed","ping_status":"closed","template":"","meta":{"footnotes":""},"class_list":["post-5588","page","type-page","status-publish","hentry"],"yoast_head":"<!-- This site is optimized with the Yoast SEO plugin v26.5 - https:\/\/yoast.com\/wordpress\/plugins\/seo\/ -->\n<title>Die Vorteile der Patenschaft bei Humanium - Humanium<\/title>\n<meta name=\"robots\" content=\"index, follow, max-snippet:-1, max-image-preview:large, max-video-preview:-1\" \/>\n<link rel=\"canonical\" href=\"https:\/\/www.humanium.org\/de\/vorteile-patenschaft-bei-humanium\/\" \/>\n<meta property=\"og:locale\" content=\"de_DE\" \/>\n<meta property=\"og:type\" content=\"article\" \/>\n<meta property=\"og:title\" content=\"Die Vorteile der Patenschaft bei Humanium - Humanium\" \/>\n<meta property=\"og:description\" content=\"Die Vorteile der Patenschaft bei Humanium &gt; Eine einzige Patenschaft hilft mehreren Kindern gleichzeitig Die B\u00fcndelung meherer Patenschaften erlaubt eine wirklich starke Unterst\u00fctzung mit Ihrer Spende. Sie helfen nicht nur einem Kind sondern einer Gruppe von Kindern. Eine Gruppe kann sich dann gemeinsam lange und weit entwickeln wenn ihnen allen geholfen wird ! Umfassende Hilfe [&hellip;]\" \/>\n<meta property=\"og:url\" content=\"https:\/\/www.humanium.org\/de\/vorteile-patenschaft-bei-humanium\/\" \/>\n<meta property=\"og:site_name\" content=\"Humanium\" \/>\n<meta property=\"article:modified_time\" content=\"2025-12-06T06:18:49+00:00\" \/>\n<meta name=\"twitter:card\" content=\"summary_large_image\" \/>\n<meta name=\"twitter:label1\" content=\"Gesch\u00e4tzte Lesezeit\" \/>\n\t<meta name=\"twitter:data1\" content=\"2\u00a0Minuten\" \/>\n<script type=\"application\/ld+json\" class=\"yoast-schema-graph\">{\"@context\":\"https:\/\/schema.org\",\"@graph\":[{\"@type\":\"WebPage\",\"@id\":\"https:\/\/www.humanium.org\/de\/vorteile-patenschaft-bei-humanium\/\",\"url\":\"https:\/\/www.humanium.org\/de\/vorteile-patenschaft-bei-humanium\/\",\"name\":\"Die Vorteile der Patenschaft bei Humanium - Humanium\",\"isPartOf\":{\"@id\":\"https:\/\/www.humanium.org\/de\/#website\"},\"datePublished\":\"2015-12-09T16:48:37+00:00\",\"dateModified\":\"2025-12-06T06:18:49+00:00\",\"breadcrumb\":{\"@id\":\"https:\/\/www.humanium.org\/de\/vorteile-patenschaft-bei-humanium\/#breadcrumb\"},\"inLanguage\":\"de\",\"potentialAction\":[{\"@type\":\"ReadAction\",\"target\":[\"https:\/\/www.humanium.org\/de\/vorteile-patenschaft-bei-humanium\/\"]}]},{\"@type\":\"BreadcrumbList\",\"@id\":\"https:\/\/www.humanium.org\/de\/vorteile-patenschaft-bei-humanium\/#breadcrumb\",\"itemListElement\":[{\"@type\":\"ListItem\",\"position\":1,\"name\":\"Home\",\"item\":\"https:\/\/www.humanium.org\/de\/\"},{\"@type\":\"ListItem\",\"position\":2,\"name\":\"Die Vorteile der Patenschaft bei Humanium\"}]},{\"@type\":\"WebSite\",\"@id\":\"https:\/\/www.humanium.org\/de\/#website\",\"url\":\"https:\/\/www.humanium.org\/de\/\",\"name\":\"Humanium\",\"description\":\"Kinder zuerst!\",\"potentialAction\":[{\"@type\":\"SearchAction\",\"target\":{\"@type\":\"EntryPoint\",\"urlTemplate\":\"https:\/\/www.humanium.org\/de\/?s={search_term_string}\"},\"query-input\":{\"@type\":\"PropertyValueSpecification\",\"valueRequired\":true,\"valueName\":\"search_term_string\"}}],\"inLanguage\":\"de\"}]}<\/script>\n<!-- \/ Yoast SEO plugin. -->","yoast_head_json":{"title":"Die Vorteile der Patenschaft bei Humanium - Humanium","robots":{"index":"index","follow":"follow","max-snippet":"max-snippet:-1","max-image-preview":"max-image-preview:large","max-video-preview":"max-video-preview:-1"},"canonical":"https:\/\/www.humanium.org\/de\/vorteile-patenschaft-bei-humanium\/","og_locale":"de_DE","og_type":"article","og_title":"Die Vorteile der Patenschaft bei Humanium - Humanium","og_description":"Die Vorteile der Patenschaft bei Humanium &gt; Eine einzige Patenschaft hilft mehreren Kindern gleichzeitig Die B\u00fcndelung meherer Patenschaften erlaubt eine wirklich starke Unterst\u00fctzung mit Ihrer Spende. Sie helfen nicht nur einem Kind sondern einer Gruppe von Kindern. Eine Gruppe kann sich dann gemeinsam lange und weit entwickeln wenn ihnen allen geholfen wird ! Umfassende Hilfe [&hellip;]","og_url":"https:\/\/www.humanium.org\/de\/vorteile-patenschaft-bei-humanium\/","og_site_name":"Humanium","article_modified_time":"2025-12-06T06:18:49+00:00","twitter_card":"summary_large_image","twitter_misc":{"Gesch\u00e4tzte Lesezeit":"2\u00a0Minuten"},"schema":{"@context":"https:\/\/schema.org","@graph":[{"@type":"WebPage","@id":"https:\/\/www.humanium.org\/de\/vorteile-patenschaft-bei-humanium\/","url":"https:\/\/www.humanium.org\/de\/vorteile-patenschaft-bei-humanium\/","name":"Die Vorteile der Patenschaft bei Humanium - Humanium","isPartOf":{"@id":"https:\/\/www.humanium.org\/de\/#website"},"datePublished":"2015-12-09T16:48:37+00:00","dateModified":"2025-12-06T06:18:49+00:00","breadcrumb":{"@id":"https:\/\/www.humanium.org\/de\/vorteile-patenschaft-bei-humanium\/#breadcrumb"},"inLanguage":"de","potentialAction":[{"@type":"ReadAction","target":["https:\/\/www.humanium.org\/de\/vorteile-patenschaft-bei-humanium\/"]}]},{"@type":"BreadcrumbList","@id":"https:\/\/www.humanium.org\/de\/vorteile-patenschaft-bei-humanium\/#breadcrumb","itemListElement":[{"@type":"ListItem","position":1,"name":"Home","item":"https:\/\/www.humanium.org\/de\/"},{"@type":"ListItem","position":2,"name":"Die Vorteile der Patenschaft bei Humanium"}]},{"@type":"WebSite","@id":"https:\/\/www.humanium.org\/de\/#website","url":"https:\/\/www.humanium.org\/de\/","name":"Humanium","description":"Kinder zuerst!","potentialAction":[{"@type":"SearchAction","target":{"@type":"EntryPoint","urlTemplate":"https:\/\/www.humanium.org\/de\/?s={search_term_string}"},"query-input":{"@type":"PropertyValueSpecification","valueRequired":true,"valueName":"search_term_string"}}],"inLanguage":"de"}]}},"_links":{"self":[{"href":"https:\/\/www.humanium.org\/de\/wp-json\/wp\/v2\/pages\/5588","targetHints":{"allow":["GET"]}}],"collection":[{"href":"https:\/\/www.humanium.org\/de\/wp-json\/wp\/v2\/pages"}],"about":[{"href":"https:\/\/www.humanium.org\/de\/wp-json\/wp\/v2\/types\/page"}],"author":[{"embeddable":true,"href":"https:\/\/www.humanium.org\/de\/wp-json\/wp\/v2\/users\/1"}],"replies":[{"embeddable":true,"href":"https:\/\/www.humanium.org\/de\/wp-json\/wp\/v2\/comments?post=5588"}],"version-history":[{"count":6,"href":"https:\/\/www.humanium.org\/de\/wp-json\/wp\/v2\/pages\/5588\/revisions"}],"predecessor-version":[{"id":20381,"href":"https:\/\/www.humanium.org\/de\/wp-json\/wp\/v2\/pages\/5588\/revisions\/20381"}],"wp:attachment":[{"href":"https:\/\/www.humanium.org\/de\/wp-json\/wp\/v2\/media?parent=5588"}],"curies":[{"name":"wp","href":"https:\/\/api.w.org\/{rel}","templated":true}]}}