{"id":5594,"date":"2015-12-09T16:51:24","date_gmt":"2015-12-09T16:51:24","guid":{"rendered":"http:\/\/www.humanium.org\/de\/?page_id=5594"},"modified":"2017-10-04T09:13:36","modified_gmt":"2017-10-04T09:13:36","slug":"fragen-antworten-zur-patenschaft","status":"publish","type":"page","link":"https:\/\/www.humanium.org\/de\/pate-werden-2\/fragen-antworten-zur-patenschaft\/","title":{"rendered":"Fragen \u2013 Antworten zur Patenschaft"},"content":{"rendered":"<h1>Fragen \u2013 Antworten zur Patenschaft<\/h1>\n<h3><strong>&gt;\u00a0Wer ist das Patenkind?<\/strong><\/h3>\n<p>Das Patenkind ist ein gef\u00e4hrdetes Kind, das einem der von Humanium gef\u00f6rderten Projekte angeh\u00f6rt. Sie k\u00f6nnen das Land, in dem Ihr Patenkind lebt frei im Patenschaftsformular \u00a0bestimmen oder aber auch die Wahl Humanium \u00fcberlassen, abh\u00e4ngig davon wo Hilfe am N\u00f6tigsten ist.<br \/>\nDa es unsere Patenschaft erlaubt, eine grosse Anzahl von Kindern zu helfen, ist der Begriff \u00ab Patenkind \u00bb symbolisch, da Sie in Wahrheit einer Gruppe von Kindern und damit sogar einer Gemeinschaft, optimal helfen!<\/p>\n<h3><strong>&gt; Kann ich mit dem Kind korrespondieren und ihm Geschenke schicken?<\/strong><\/h3>\n<p>Stellen Sie sich eine Gruppe von Kindern vor in der nur ein einziges Kind Geschenke und Briefe erh\u00e4lt\u2026 das bedeutet Ungleichheit, Neid, Eifers\u00fcchteleien bis hin zu Diskriminierung&#8230;<br \/>\nUnsere Priorit\u00e4t ist der Schutz des Kindes und der Respekt seiner sozialen und kulturellen Umgebung und Werte. Daher ist es nicht m\u00f6glich nur mit einem Kind individuell Kontakt zu pflegen.<\/p>\n<h3><strong>&gt;\u00a0Welche Informationen erhalte ich?<\/strong><\/h3>\n<p>Jede Woche erscheint ein neuer Artikel, ein Bericht, Photos\u2026 sowohl auf unserem Bolg, wie auch bei den sozialen Netzwerken wie Facebook oder Twitter und alle 6-8 Wochen erhalten Sie unseren Newsletter.<\/p>\n<h3><strong>&gt; Kennen die Patenkinder uns, ihre Paten?<\/strong><\/h3>\n<p>Die Kinder wissen, dass sie von mehreren Paten gemeinsam unterst\u00fctzt werden, wir geben Ihnen allerdings keine Namen von Paten.<\/p>\n<p>&gt;\u00a0<strong>Wie lange dauert meine Patenschaft ?<\/strong><\/p>\n<p>Ihre Patenschaft mit Humanium ist frei! Daher gibt es keine Vertragsdauer und kein Kind muss individuell leiden, sollten Sie ihre Patenschaft beenden.<br \/>\nWir empfehlen eine Mindestlaufzeit von 2 Jahren, aber das ist keine Verpflichtung. Sie bleiben frei in Ihrer Entscheidung!<\/p>\n<p><strong><a href=\"https:\/\/www.humanium.org\/de\/pate-werden-2\/\">JETZT PATE WERDEN &gt;&gt;&gt;&gt;&gt;&gt;<\/a><\/strong><\/p>\n","protected":false},"excerpt":{"rendered":"<p>Fragen \u2013 Antworten zur Patenschaft &gt;\u00a0Wer ist das Patenkind? Das Patenkind ist ein gef\u00e4hrdetes Kind, das einem der von Humanium gef\u00f6rderten Projekte angeh\u00f6rt. Sie k\u00f6nnen das Land, in dem Ihr Patenkind lebt frei im Patenschaftsformular \u00a0bestimmen oder aber auch die Wahl Humanium \u00fcberlassen, abh\u00e4ngig davon wo Hilfe am N\u00f6tigsten ist. Da es unsere Patenschaft erlaubt, [&hellip;]<\/p>\n","protected":false},"author":1,"featured_media":0,"parent":7513,"menu_order":0,"comment_status":"closed","ping_status":"closed","template":"","meta":{"footnotes":""},"class_list":["post-5594","page","type-page","status-publish","hentry"],"yoast_head":"<!-- This site is optimized with the Yoast SEO plugin v26.5 - https:\/\/yoast.com\/wordpress\/plugins\/seo\/ -->\n<title>Fragen \u2013 Antworten zur Patenschaft - Humanium<\/title>\n<meta name=\"robots\" content=\"index, follow, max-snippet:-1, max-image-preview:large, max-video-preview:-1\" \/>\n<link rel=\"canonical\" href=\"https:\/\/www.humanium.org\/de\/pate-werden-2\/fragen-antworten-zur-patenschaft\/\" \/>\n<meta property=\"og:locale\" content=\"de_DE\" \/>\n<meta property=\"og:type\" content=\"article\" \/>\n<meta property=\"og:title\" content=\"Fragen \u2013 Antworten zur Patenschaft - Humanium\" \/>\n<meta property=\"og:description\" content=\"Fragen \u2013 Antworten zur Patenschaft &gt;\u00a0Wer ist das Patenkind? Das Patenkind ist ein gef\u00e4hrdetes Kind, das einem der von Humanium gef\u00f6rderten Projekte angeh\u00f6rt. Sie k\u00f6nnen das Land, in dem Ihr Patenkind lebt frei im Patenschaftsformular \u00a0bestimmen oder aber auch die Wahl Humanium \u00fcberlassen, abh\u00e4ngig davon wo Hilfe am N\u00f6tigsten ist. Da es unsere Patenschaft erlaubt, [&hellip;]\" \/>\n<meta property=\"og:url\" content=\"https:\/\/www.humanium.org\/de\/pate-werden-2\/fragen-antworten-zur-patenschaft\/\" \/>\n<meta property=\"og:site_name\" content=\"Humanium\" \/>\n<meta property=\"article:modified_time\" content=\"2017-10-04T09:13:36+00:00\" \/>\n<meta name=\"twitter:card\" content=\"summary_large_image\" \/>\n<meta name=\"twitter:label1\" content=\"Gesch\u00e4tzte Lesezeit\" \/>\n\t<meta name=\"twitter:data1\" content=\"1\u00a0Minute\" \/>\n<script type=\"application\/ld+json\" class=\"yoast-schema-graph\">{\"@context\":\"https:\/\/schema.org\",\"@graph\":[{\"@type\":\"WebPage\",\"@id\":\"https:\/\/www.humanium.org\/de\/pate-werden-2\/fragen-antworten-zur-patenschaft\/\",\"url\":\"https:\/\/www.humanium.org\/de\/pate-werden-2\/fragen-antworten-zur-patenschaft\/\",\"name\":\"Fragen \u2013 Antworten zur Patenschaft - Humanium\",\"isPartOf\":{\"@id\":\"https:\/\/www.humanium.org\/de\/#website\"},\"datePublished\":\"2015-12-09T16:51:24+00:00\",\"dateModified\":\"2017-10-04T09:13:36+00:00\",\"breadcrumb\":{\"@id\":\"https:\/\/www.humanium.org\/de\/pate-werden-2\/fragen-antworten-zur-patenschaft\/#breadcrumb\"},\"inLanguage\":\"de\",\"potentialAction\":[{\"@type\":\"ReadAction\",\"target\":[\"https:\/\/www.humanium.org\/de\/pate-werden-2\/fragen-antworten-zur-patenschaft\/\"]}]},{\"@type\":\"BreadcrumbList\",\"@id\":\"https:\/\/www.humanium.org\/de\/pate-werden-2\/fragen-antworten-zur-patenschaft\/#breadcrumb\",\"itemListElement\":[{\"@type\":\"ListItem\",\"position\":1,\"name\":\"Home\",\"item\":\"https:\/\/www.humanium.org\/de\/\"},{\"@type\":\"ListItem\",\"position\":2,\"name\":\"Pate werden &#8211; Ethisch verantwortliche Patenschaft\",\"item\":\"https:\/\/www.humanium.org\/de\/pate-werden-2\/\"},{\"@type\":\"ListItem\",\"position\":3,\"name\":\"Fragen \u2013 Antworten zur Patenschaft\"}]},{\"@type\":\"WebSite\",\"@id\":\"https:\/\/www.humanium.org\/de\/#website\",\"url\":\"https:\/\/www.humanium.org\/de\/\",\"name\":\"Humanium\",\"description\":\"Kinder zuerst!\",\"potentialAction\":[{\"@type\":\"SearchAction\",\"target\":{\"@type\":\"EntryPoint\",\"urlTemplate\":\"https:\/\/www.humanium.org\/de\/?s={search_term_string}\"},\"query-input\":{\"@type\":\"PropertyValueSpecification\",\"valueRequired\":true,\"valueName\":\"search_term_string\"}}],\"inLanguage\":\"de\"}]}<\/script>\n<!-- \/ Yoast SEO plugin. -->","yoast_head_json":{"title":"Fragen \u2013 Antworten zur Patenschaft - Humanium","robots":{"index":"index","follow":"follow","max-snippet":"max-snippet:-1","max-image-preview":"max-image-preview:large","max-video-preview":"max-video-preview:-1"},"canonical":"https:\/\/www.humanium.org\/de\/pate-werden-2\/fragen-antworten-zur-patenschaft\/","og_locale":"de_DE","og_type":"article","og_title":"Fragen \u2013 Antworten zur Patenschaft - Humanium","og_description":"Fragen \u2013 Antworten zur Patenschaft &gt;\u00a0Wer ist das Patenkind? Das Patenkind ist ein gef\u00e4hrdetes Kind, das einem der von Humanium gef\u00f6rderten Projekte angeh\u00f6rt. Sie k\u00f6nnen das Land, in dem Ihr Patenkind lebt frei im Patenschaftsformular \u00a0bestimmen oder aber auch die Wahl Humanium \u00fcberlassen, abh\u00e4ngig davon wo Hilfe am N\u00f6tigsten ist. Da es unsere Patenschaft erlaubt, [&hellip;]","og_url":"https:\/\/www.humanium.org\/de\/pate-werden-2\/fragen-antworten-zur-patenschaft\/","og_site_name":"Humanium","article_modified_time":"2017-10-04T09:13:36+00:00","twitter_card":"summary_large_image","twitter_misc":{"Gesch\u00e4tzte Lesezeit":"1\u00a0Minute"},"schema":{"@context":"https:\/\/schema.org","@graph":[{"@type":"WebPage","@id":"https:\/\/www.humanium.org\/de\/pate-werden-2\/fragen-antworten-zur-patenschaft\/","url":"https:\/\/www.humanium.org\/de\/pate-werden-2\/fragen-antworten-zur-patenschaft\/","name":"Fragen \u2013 Antworten zur Patenschaft - Humanium","isPartOf":{"@id":"https:\/\/www.humanium.org\/de\/#website"},"datePublished":"2015-12-09T16:51:24+00:00","dateModified":"2017-10-04T09:13:36+00:00","breadcrumb":{"@id":"https:\/\/www.humanium.org\/de\/pate-werden-2\/fragen-antworten-zur-patenschaft\/#breadcrumb"},"inLanguage":"de","potentialAction":[{"@type":"ReadAction","target":["https:\/\/www.humanium.org\/de\/pate-werden-2\/fragen-antworten-zur-patenschaft\/"]}]},{"@type":"BreadcrumbList","@id":"https:\/\/www.humanium.org\/de\/pate-werden-2\/fragen-antworten-zur-patenschaft\/#breadcrumb","itemListElement":[{"@type":"ListItem","position":1,"name":"Home","item":"https:\/\/www.humanium.org\/de\/"},{"@type":"ListItem","position":2,"name":"Pate werden &#8211; Ethisch verantwortliche Patenschaft","item":"https:\/\/www.humanium.org\/de\/pate-werden-2\/"},{"@type":"ListItem","position":3,"name":"Fragen \u2013 Antworten zur Patenschaft"}]},{"@type":"WebSite","@id":"https:\/\/www.humanium.org\/de\/#website","url":"https:\/\/www.humanium.org\/de\/","name":"Humanium","description":"Kinder zuerst!","potentialAction":[{"@type":"SearchAction","target":{"@type":"EntryPoint","urlTemplate":"https:\/\/www.humanium.org\/de\/?s={search_term_string}"},"query-input":{"@type":"PropertyValueSpecification","valueRequired":true,"valueName":"search_term_string"}}],"inLanguage":"de"}]}},"_links":{"self":[{"href":"https:\/\/www.humanium.org\/de\/wp-json\/wp\/v2\/pages\/5594","targetHints":{"allow":["GET"]}}],"collection":[{"href":"https:\/\/www.humanium.org\/de\/wp-json\/wp\/v2\/pages"}],"about":[{"href":"https:\/\/www.humanium.org\/de\/wp-json\/wp\/v2\/types\/page"}],"author":[{"embeddable":true,"href":"https:\/\/www.humanium.org\/de\/wp-json\/wp\/v2\/users\/1"}],"replies":[{"embeddable":true,"href":"https:\/\/www.humanium.org\/de\/wp-json\/wp\/v2\/comments?post=5594"}],"version-history":[{"count":2,"href":"https:\/\/www.humanium.org\/de\/wp-json\/wp\/v2\/pages\/5594\/revisions"}],"predecessor-version":[{"id":10408,"href":"https:\/\/www.humanium.org\/de\/wp-json\/wp\/v2\/pages\/5594\/revisions\/10408"}],"up":[{"embeddable":true,"href":"https:\/\/www.humanium.org\/de\/wp-json\/wp\/v2\/pages\/7513"}],"wp:attachment":[{"href":"https:\/\/www.humanium.org\/de\/wp-json\/wp\/v2\/media?parent=5594"}],"curies":[{"name":"wp","href":"https:\/\/api.w.org\/{rel}","templated":true}]}}