{"id":5770,"date":"2015-12-03T10:21:38","date_gmt":"2015-12-03T10:21:38","guid":{"rendered":"http:\/\/www.humanium.org\/de\/?page_id=5770"},"modified":"2025-12-05T16:54:22","modified_gmt":"2025-12-05T16:54:22","slug":"brunei","status":"publish","type":"page","link":"https:\/\/www.humanium.org\/de\/brunei\/","title":{"rendered":"Die Kinder von Brunei"},"content":{"rendered":"<h1>Die Kinder von Brunei<\/h1>\n<h2>Kinderrechte in Brunei verwirklichen<\/h2>\n<p style=\"text-align: center;\"><img loading=\"lazy\" decoding=\"async\" class=\" wp-image-27400 alignnone\" title=\"Little girl from Brunei \u00a9 HaniSham (flickr)\" src=\"https:\/\/www.humanium.org\/fr\/wp-content\/uploads\/2012\/12\/HaniSham-300x199.jpg\" alt=\"\" width=\"302\" height=\"200\" \/>\u00a0 \u00a0<img decoding=\"async\" class=\" wp-image-27401 alignnone\" title=\"Boy from Brunei \u00a9 HaniSham (flickr)\" src=\"https:\/\/www.humanium.org\/fr\/wp-content\/uploads\/2012\/12\/HaniSham2-199x300.jpg\" alt=\"\" height=\"200\" \/><\/p>\n<p><span style=\"font-weight: 400;\">Das kleine Land Brunei hat viele Fortschritte im Bezug auf \u00a0Kinder und die Einhaltung der in den <a href=\"https:\/\/www.humanium.org\/de\/konvention\/\">UN-Kinderrechtskonventionen<\/a> festgelegten Grunds\u00e4tze erzielt.<\/span><\/p>\n<p><span style=\"font-weight: 400;\">Hier muss allerdings noch nachgebessert werden, denn obwohl Minderj\u00e4hrige mehr als ein Drittel der Bev\u00f6lkerung ausmachen, sind einige Rechte noch immer nicht durch die Verfassung garantiert. Zudem bestehen immer noch einige grausame kulturelle Praktiken, wie zum Beispiel k\u00f6rperliche Z\u00fcchtigungen, die sowohl zu Hause als auch in den Schulen erlaubt sind.<\/span><\/p>\n<h3>Die gr\u00f6\u00dften Probleme der Kinder in Brunei:<\/h3>\n<p><strong><a href=\"https:\/\/www.humanium.org\/de\/recht-bildung\/\">Das Recht auf Bildung<\/a><\/strong><\/p>\n<p><img loading=\"lazy\" decoding=\"async\" class=\"alignright size-medium wp-image-27403\" title=\"Boy reading \u00a9 Kids britannica (flickr)\" src=\"https:\/\/www.humanium.org\/fr\/wp-content\/uploads\/2012\/12\/kidsbritannica-300x201.jpg\" alt=\"\" width=\"300\" height=\"201\" \/>Eine Schulpflicht besteht erst seit den 2000er Jahren. Seitdem ist jedoch f\u00fcr alle Kinder der kostenfreie Schulbesuch in den ersten neun Schuljahren obligatorisch. Die dar\u00fcber hinausgehende <a href=\"https:\/\/www.humanium.org\/de\/recht-bildung\/\">Schulbildung<\/a> ist weiterhin kostenfrei, jedoch nicht mehr obligatorisch. Zudem wurden die Schulgeb\u00fchren f\u00fcr Nicht-Staatsb\u00fcrger mit einer dauerhaften Aufenthaltsgenehmigung abgeschafft.<\/p>\n<p>Etwa 93 % der Kinder im Land besuchen die Schule &#8211; ein sehr hoher Prozentsatz. Die Alphabetisierungsrate ist mit \u00fcber 90 % ebenfalls hoch.<\/p>\n<p>Kurse \u00fcber den Islam, die vorherrschende Religion, und \u00fcber die nationale Ideologie sind Pflicht. Zudem ist es verboten, Kurse \u00fcber andere <a href=\"https:\/\/www.humanium.org\/de\/kinder-und-religionen\/\">Religionen<\/a> abzuhalten.<\/p>\n<p><strong><a href=\"https:\/\/www.humanium.org\/de\/das-recht-auf-gesundheit\/\">Das Recht auf Gesundheit<\/a><\/strong><\/p>\n<p>Die Gesundheitsf\u00fcrsorge in Brunei ist durch die kostenfreie medizinische Versorgung f\u00fcr Staatsb\u00fcrger und Personen mit einer unbefristeten Aufenthaltsgenehmigung weiterhin gut.<\/p>\n<p>Die <a href=\"https:\/\/www.humanium.org\/de\/kindersterblichkeit\/\">Kindersterblichkeitsrate<\/a> ist drastisch gesunken und mehr als 95 % der Kinder werden geimpft, um Brunei bei der Eliminierung aller \u00fcbertragbarer Krankheiten zu befreien.<\/p>\n<p>Abtreibungen sind in Brunei jedoch nicht erlaubt, und es muss mehr f\u00fcr die Aufkl\u00e4rung \u00fcber medizinische Geburtenkontrolle und Hygienemassnahmen getan werden.<\/p>\n<p><strong><a href=\"https:\/\/www.humanium.org\/de\/kinder-im-justizsystem\/\">Justizsystem<\/a><\/strong><\/p>\n<p>Die Altersgrenze f\u00fcr die Strafm\u00fcndigkeit ist in Brunei entschieden zu niedrig: Bereits mit sieben Jahren ist ein Kind vor Gericht schuldf\u00e4hig.<\/p>\n<p>Es besteht kein angemessenes <a href=\"https:\/\/www.humanium.org\/de\/kinder-im-justizsystem\/\">Rechtsprechungssystem<\/a> f\u00fcr Kinder. Im Falle einer Verurteilung m\u00fcssen sie ihre Strafe in einem Gef\u00e4ngnis f\u00fcr Erwachsene absitzen. Hierbei handelt es sich um ein staatliches Rehabilitationszentrum, wo es immer noch \u00fcblich ist, dass die Jungen ausgepeitscht werden. Das Auspeitschen ist bei Drogendelikten und Straftaten vorgeschrieben und wird bei 80 % der Haftstrafen angeordnet.<\/p>\n<p><strong><a href=\"https:\/\/www.humanium.org\/de\/kinder-mit-behinderung\/\">Kinder mit speziellen Bed\u00fcrfnissen<\/a><\/strong><\/p>\n<p>Es bestehen keine gesetzliche Vorschriften f\u00fcr Barrierefreiheit oder andere Hilfen f\u00fcr Personen mit <a href=\"https:\/\/www.humanium.org\/de\/kinder-mit-behinderung\/\">Behinderungen<\/a>. Projekte, bei denen behinderten Kindern Bildungsmassnahmen zug\u00e4nglich gemacht werden sollen, richten sich laut Gutachten nicht nach den internationalen Massst\u00e4ben.<\/p>\n<p><strong><a href=\"https:\/\/www.humanium.org\/de\/diskriminierung\/\">Diskriminierung <\/a><\/strong><\/p>\n<p><a href=\"https:\/\/www.humanium.org\/de\/diskriminierung\/\">Anti-Diskriminierungsgesetze<\/a> sind nicht in der Verfassung des Landes verankert, obwohl Diskriminierung \u00fcberall im Land verbreitet zu sein scheint.<\/p>\n<p>W\u00e4hrend der Bev\u00f6lkerungsanteil ethnischer Malayen bei 70 % liegt, macht die chinesische Minderheit ganze 18 % der Bev\u00f6lkerung aus. Zudem gibt es eine starke indische Minderheit.<\/p>\n<p>Die Daten auf dem Personalausweis beinhalten unter anderem auch die ethnische Zugeh\u00f6rigkeit einer Person, was zu Diskriminierung f\u00fchren kann.<\/p>\n","protected":false},"excerpt":{"rendered":"<p>Die Kinder von Brunei Kinderrechte in Brunei verwirklichen \u00a0 \u00a0 Das kleine Land Brunei hat viele Fortschritte im Bezug auf \u00a0Kinder und die Einhaltung der in den UN-Kinderrechtskonventionen festgelegten Grunds\u00e4tze erzielt. Hier muss allerdings noch nachgebessert werden, denn obwohl Minderj\u00e4hrige mehr als ein Drittel der Bev\u00f6lkerung ausmachen, sind einige Rechte noch immer nicht durch die [&hellip;]<\/p>\n","protected":false},"author":1,"featured_media":0,"parent":0,"menu_order":0,"comment_status":"closed","ping_status":"closed","template":"","meta":{"footnotes":""},"class_list":["post-5770","page","type-page","status-publish","hentry"],"yoast_head":"<!-- This site is optimized with the Yoast SEO plugin v26.5 - https:\/\/yoast.com\/wordpress\/plugins\/seo\/ -->\n<title>Die Kinder von Brunei - Humanium<\/title>\n<meta name=\"description\" content=\"Das kleine Land Brunei hat viele Fortschritte im Bezug auf \u00a0Kinder und die Einhaltung der in den UN-Kinderrechtskonventionen festgelegten Grunds\u00e4tze erzielt.\" \/>\n<meta name=\"robots\" content=\"index, follow, max-snippet:-1, max-image-preview:large, max-video-preview:-1\" \/>\n<link rel=\"canonical\" href=\"https:\/\/www.humanium.org\/de\/brunei\/\" \/>\n<meta property=\"og:locale\" content=\"de_DE\" \/>\n<meta property=\"og:type\" content=\"article\" \/>\n<meta property=\"og:title\" content=\"Die Kinder von Brunei - Humanium\" \/>\n<meta property=\"og:description\" content=\"Das kleine Land Brunei hat viele Fortschritte im Bezug auf \u00a0Kinder und die Einhaltung der in den UN-Kinderrechtskonventionen festgelegten Grunds\u00e4tze erzielt.\" \/>\n<meta property=\"og:url\" content=\"https:\/\/www.humanium.org\/de\/brunei\/\" \/>\n<meta property=\"og:site_name\" content=\"Humanium\" \/>\n<meta property=\"article:modified_time\" content=\"2025-12-05T16:54:22+00:00\" \/>\n<meta name=\"twitter:card\" content=\"summary_large_image\" \/>\n<meta name=\"twitter:label1\" content=\"Gesch\u00e4tzte Lesezeit\" \/>\n\t<meta name=\"twitter:data1\" content=\"4\u00a0Minuten\" \/>\n<script type=\"application\/ld+json\" class=\"yoast-schema-graph\">{\"@context\":\"https:\/\/schema.org\",\"@graph\":[{\"@type\":\"WebPage\",\"@id\":\"https:\/\/www.humanium.org\/de\/brunei\/\",\"url\":\"https:\/\/www.humanium.org\/de\/brunei\/\",\"name\":\"Die Kinder von Brunei - Humanium\",\"isPartOf\":{\"@id\":\"https:\/\/www.humanium.org\/de\/#website\"},\"primaryImageOfPage\":{\"@id\":\"https:\/\/www.humanium.org\/de\/brunei\/#primaryimage\"},\"image\":{\"@id\":\"https:\/\/www.humanium.org\/de\/brunei\/#primaryimage\"},\"thumbnailUrl\":\"https:\/\/www.humanium.org\/fr\/wp-content\/uploads\/2012\/12\/HaniSham-300x199.jpg\",\"datePublished\":\"2015-12-03T10:21:38+00:00\",\"dateModified\":\"2025-12-05T16:54:22+00:00\",\"description\":\"Das kleine Land Brunei hat viele Fortschritte im Bezug auf \u00a0Kinder und die Einhaltung der in den UN-Kinderrechtskonventionen festgelegten Grunds\u00e4tze erzielt.\",\"breadcrumb\":{\"@id\":\"https:\/\/www.humanium.org\/de\/brunei\/#breadcrumb\"},\"inLanguage\":\"de\",\"potentialAction\":[{\"@type\":\"ReadAction\",\"target\":[\"https:\/\/www.humanium.org\/de\/brunei\/\"]}]},{\"@type\":\"ImageObject\",\"inLanguage\":\"de\",\"@id\":\"https:\/\/www.humanium.org\/de\/brunei\/#primaryimage\",\"url\":\"https:\/\/www.humanium.org\/fr\/wp-content\/uploads\/2012\/12\/HaniSham-300x199.jpg\",\"contentUrl\":\"https:\/\/www.humanium.org\/fr\/wp-content\/uploads\/2012\/12\/HaniSham-300x199.jpg\"},{\"@type\":\"BreadcrumbList\",\"@id\":\"https:\/\/www.humanium.org\/de\/brunei\/#breadcrumb\",\"itemListElement\":[{\"@type\":\"ListItem\",\"position\":1,\"name\":\"Home\",\"item\":\"https:\/\/www.humanium.org\/de\/\"},{\"@type\":\"ListItem\",\"position\":2,\"name\":\"Die Kinder von Brunei\"}]},{\"@type\":\"WebSite\",\"@id\":\"https:\/\/www.humanium.org\/de\/#website\",\"url\":\"https:\/\/www.humanium.org\/de\/\",\"name\":\"Humanium\",\"description\":\"Kinder zuerst!\",\"potentialAction\":[{\"@type\":\"SearchAction\",\"target\":{\"@type\":\"EntryPoint\",\"urlTemplate\":\"https:\/\/www.humanium.org\/de\/?s={search_term_string}\"},\"query-input\":{\"@type\":\"PropertyValueSpecification\",\"valueRequired\":true,\"valueName\":\"search_term_string\"}}],\"inLanguage\":\"de\"}]}<\/script>\n<!-- \/ Yoast SEO plugin. -->","yoast_head_json":{"title":"Die Kinder von Brunei - Humanium","description":"Das kleine Land Brunei hat viele Fortschritte im Bezug auf \u00a0Kinder und die Einhaltung der in den UN-Kinderrechtskonventionen festgelegten Grunds\u00e4tze erzielt.","robots":{"index":"index","follow":"follow","max-snippet":"max-snippet:-1","max-image-preview":"max-image-preview:large","max-video-preview":"max-video-preview:-1"},"canonical":"https:\/\/www.humanium.org\/de\/brunei\/","og_locale":"de_DE","og_type":"article","og_title":"Die Kinder von Brunei - Humanium","og_description":"Das kleine Land Brunei hat viele Fortschritte im Bezug auf \u00a0Kinder und die Einhaltung der in den UN-Kinderrechtskonventionen festgelegten Grunds\u00e4tze erzielt.","og_url":"https:\/\/www.humanium.org\/de\/brunei\/","og_site_name":"Humanium","article_modified_time":"2025-12-05T16:54:22+00:00","twitter_card":"summary_large_image","twitter_misc":{"Gesch\u00e4tzte Lesezeit":"4\u00a0Minuten"},"schema":{"@context":"https:\/\/schema.org","@graph":[{"@type":"WebPage","@id":"https:\/\/www.humanium.org\/de\/brunei\/","url":"https:\/\/www.humanium.org\/de\/brunei\/","name":"Die Kinder von Brunei - Humanium","isPartOf":{"@id":"https:\/\/www.humanium.org\/de\/#website"},"primaryImageOfPage":{"@id":"https:\/\/www.humanium.org\/de\/brunei\/#primaryimage"},"image":{"@id":"https:\/\/www.humanium.org\/de\/brunei\/#primaryimage"},"thumbnailUrl":"https:\/\/www.humanium.org\/fr\/wp-content\/uploads\/2012\/12\/HaniSham-300x199.jpg","datePublished":"2015-12-03T10:21:38+00:00","dateModified":"2025-12-05T16:54:22+00:00","description":"Das kleine Land Brunei hat viele Fortschritte im Bezug auf \u00a0Kinder und die Einhaltung der in den UN-Kinderrechtskonventionen festgelegten Grunds\u00e4tze erzielt.","breadcrumb":{"@id":"https:\/\/www.humanium.org\/de\/brunei\/#breadcrumb"},"inLanguage":"de","potentialAction":[{"@type":"ReadAction","target":["https:\/\/www.humanium.org\/de\/brunei\/"]}]},{"@type":"ImageObject","inLanguage":"de","@id":"https:\/\/www.humanium.org\/de\/brunei\/#primaryimage","url":"https:\/\/www.humanium.org\/fr\/wp-content\/uploads\/2012\/12\/HaniSham-300x199.jpg","contentUrl":"https:\/\/www.humanium.org\/fr\/wp-content\/uploads\/2012\/12\/HaniSham-300x199.jpg"},{"@type":"BreadcrumbList","@id":"https:\/\/www.humanium.org\/de\/brunei\/#breadcrumb","itemListElement":[{"@type":"ListItem","position":1,"name":"Home","item":"https:\/\/www.humanium.org\/de\/"},{"@type":"ListItem","position":2,"name":"Die Kinder von Brunei"}]},{"@type":"WebSite","@id":"https:\/\/www.humanium.org\/de\/#website","url":"https:\/\/www.humanium.org\/de\/","name":"Humanium","description":"Kinder zuerst!","potentialAction":[{"@type":"SearchAction","target":{"@type":"EntryPoint","urlTemplate":"https:\/\/www.humanium.org\/de\/?s={search_term_string}"},"query-input":{"@type":"PropertyValueSpecification","valueRequired":true,"valueName":"search_term_string"}}],"inLanguage":"de"}]}},"_links":{"self":[{"href":"https:\/\/www.humanium.org\/de\/wp-json\/wp\/v2\/pages\/5770","targetHints":{"allow":["GET"]}}],"collection":[{"href":"https:\/\/www.humanium.org\/de\/wp-json\/wp\/v2\/pages"}],"about":[{"href":"https:\/\/www.humanium.org\/de\/wp-json\/wp\/v2\/types\/page"}],"author":[{"embeddable":true,"href":"https:\/\/www.humanium.org\/de\/wp-json\/wp\/v2\/users\/1"}],"replies":[{"embeddable":true,"href":"https:\/\/www.humanium.org\/de\/wp-json\/wp\/v2\/comments?post=5770"}],"version-history":[{"count":3,"href":"https:\/\/www.humanium.org\/de\/wp-json\/wp\/v2\/pages\/5770\/revisions"}],"predecessor-version":[{"id":20111,"href":"https:\/\/www.humanium.org\/de\/wp-json\/wp\/v2\/pages\/5770\/revisions\/20111"}],"wp:attachment":[{"href":"https:\/\/www.humanium.org\/de\/wp-json\/wp\/v2\/media?parent=5770"}],"curies":[{"name":"wp","href":"https:\/\/api.w.org\/{rel}","templated":true}]}}