{"id":6137,"date":"2016-03-07T19:10:29","date_gmt":"2016-03-07T19:10:29","guid":{"rendered":"http:\/\/www.humanium.org\/de\/?page_id=6137"},"modified":"2025-12-05T16:53:28","modified_gmt":"2025-12-05T16:53:28","slug":"fidschi","status":"publish","type":"page","link":"https:\/\/www.humanium.org\/de\/fidschi\/","title":{"rendered":"Kinder aus Fidschi"},"content":{"rendered":"<h1>Kinder aus Fidschi<\/h1>\n<h2><\/h2>\n<h2>Die Kinderrechte in Fidschi verwirklichen<\/h2>\n<p style=\"text-align: center;\"><img loading=\"lazy\" decoding=\"async\" class=\"alignnone wp-image-12463\" src=\"https:\/\/www.humanium.org\/en\/wp-content\/uploads\/2013\/01\/fille-de-Taveuni-\u00a9-jgaustralie-e1359582399283.jpg\" alt=\"fille des fidji_de Taveuni \u00a9 jgaustralie\" width=\"180\" height=\"200\" \/><\/p>\n<p>Seit dem Putsch im Jahr 2006 befindet sich die Republik Fidschi, die aus einem Archipel mit 322 Inseln besteht, in einer instabilen politischen Lage. Die Verfassung wurde ausgesetzt und der Notstand ausgerufen. Dieser Kontext erkl\u00e4rt, warum die Regierung Probleme hat, die Kinderrechte zu respektieren. Es gab jedoch viele Bem\u00fchungen in diesem Sinne, aber trotz der erreichten Fortschritte bleibt die Lage noch schwierig.<\/p>\n<h2 style=\"font-size: 1.3em; margin-top: 5px; margin-bottom: 18px; line-height: 40px;\">Wesentliche Probleme der Kinder auf Fidschi<span style=\"color: #003366;\">:<\/span><\/h2>\n<p><a href=\"https:\/\/www.humanium.org\/fr\/focus\/pauvrete\/\"><b>Armut<\/b><\/a><\/p>\n<p>31% der Bev\u00f6lkerung lebt unter der Armutsgrenze und ist haupts\u00e4chlich in den l\u00e4ndlichen Gebieten wohnhaft &#8211; das entspricht ungef\u00e4hr 43% der Gesamtbev\u00f6lkerung. 15% der Bev\u00f6lkerung Fidschis wohnt in Kolonien von Landbesetzern.<\/p>\n<p><a href=\"https:\/\/www.humanium.org\/fr\/comprendre\/droit-a-la-sante\/\"><b>Recht auf Gesundheit<\/b><\/a><\/p>\n<p>Es wird gesch\u00e4tzt, dass 80% der Bev\u00f6lkerung des Archipels Zugang zu Gesundheitsleistungen hat, aber nur 40% zu qualitativ hochwertigen Leistungen. Deshalb liegt die Sterblichkeitsrate bei Kindern bis zum ersten Lebensjahr bei 15.2\u2030 und bei Kindern bis zum f\u00fcnften Lebensjahr bei 23.2\u2030.<\/p>\n<p><a href=\"https:\/\/www.humanium.org\/en\/wp-content\/uploads\/2013\/01\/hopital-\u00a9-UNICEF.jpg\"><img loading=\"lazy\" decoding=\"async\" class=\"alignright size-thumbnail wp-image-12508\" title=\"hospital \u00a9 UNICEF\" src=\"https:\/\/www.humanium.org\/en\/wp-content\/uploads\/2013\/01\/hopital-\u00a9-UNICEF-150x140.jpg\" alt=\"\" width=\"150\" height=\"140\" \/><\/a><\/p>\n<p>Der Zugang zu Trinkwasser ist in vielen F\u00e4llen schwierig. Das f\u00fchrt zu zahlreichen Durchfallepidemien. Zudem sind nur 60% der Kinder gegen Masern geimpft.<\/p>\n<p>Trotz der Einf\u00fchrung einer medizinischen Versorgung f\u00fcr Schulkinder leiden ein Achtel der Kinder an Fettleibigkeit oder Diabetes.<\/p>\n<p>Letztendlich wird ein Abwandern von Pflegepersonal in die Nachbarl\u00e4nder beobachtet. Deshalb muss die Regierung etwas tun, damit diese Tendenz einged\u00e4mmt werden und somit das Pflegeniveau verbessert werden kann.<\/p>\n<p><b>Zugang zu Bildung<\/b><\/p>\n<p><span style=\"font-weight: 400;\">Die Anmeldung in Schulen ist bis zum Ende der Sekundarstufe kostenlos. Aber die Kosten f\u00fcr Schuluniform, Schuhe, B\u00fccher und Transport zur Schule sind sehr hoch. <\/span><\/p>\n<p><a href=\"https:\/\/www.humanium.org\/en\/wp-content\/uploads\/2013\/01\/mission-enseignement-anglais-iles-fidji-\u00a9-projects-abroad.jpg\"><img loading=\"lazy\" decoding=\"async\" class=\"alignright size-thumbnail wp-image-12511\" title=\"school \u00a9 projects abroad\" src=\"https:\/\/www.humanium.org\/en\/wp-content\/uploads\/2013\/01\/mission-enseignement-anglais-iles-fidji-\u00a9-projects-abroad-150x150.jpg\" alt=\"\" width=\"150\" height=\"150\" \/><\/a><\/p>\n<p><span style=\"font-weight: 400;\">Zudem ist der Transport ein ernstes Problem auf dem Archipel, wo die Infrastruktur auf Land und Meer unzureichend ist. Das erkl\u00e4rt die Kluft, die im Hinblick auf den Schulbesuch zwischen Kindern aus st\u00e4dtischen und l\u00e4ndlichen Gebieten existiert. <\/span><\/p>\n<p><span style=\"font-weight: 400;\">Deshalb gehen nur 65% der Kinder zur Grundschule und 33% zur weiterf\u00fchrenden Schule. <\/span><\/p>\n<p><span style=\"font-weight: 400;\">Schlie\u00dflich ist das Schulsystem Fidschis, obwohl es eines der besten in der ganzen Pazifikregion ist, schlecht auf die Nachfrage nach Arbeit in der Region abgestimmt. Das f\u00fchrt dazu, dass mehr als die H\u00e4lfte der Sch\u00fcler in die Arbeitslosigkeit fallen. \u00a0<\/span><\/p>\n<p><a href=\"https:\/\/www.humanium.org\/fr\/travail-des-enfants\/\"><b>Kinderarbeit<\/b><\/a><\/p>\n<p><span style=\"font-weight: 400;\">Aufgrund der zuvor genannten Bedingungen ist Kinderarbeit nicht selten. Tats\u00e4chlich sind 9,5% der Kinder zwischen 10 und 14 und 23,5% der Kinder zwischen 15 und 19 Jahren als Arbeiter erfasst. <\/span><\/p>\n<p><span style=\"font-weight: 400;\">Verschiedene Arbeiten werden ausgef\u00fchrt: Meistens sind die Kinder als Haushaltshilfen oder als Arbeiter auf Bauernh\u00f6fen oder Feldern eingestellt. <\/span><\/p>\n<p><span style=\"font-weight: 400;\">Die Kinder, die auf der Stra\u00dfe leben, f\u00fchren h\u00e4ufig kleinere Arbeiten aus, so arbeiten sie zum Beispiel als Schuhputzer oder Tr\u00e4ger, fallen aber h\u00e4ufig auch in die Schiene der Prostitution oder Pornografie. <\/span><\/p>\n<p><span style=\"font-weight: 400;\">Diese Kinder sind besonders verletzlich, da die Hilfsma\u00dfnahmen der Regierung auf Familien abgestimmt sind und diese Kinder nicht erreichen. <\/span><\/p>\n<p><a href=\"https:\/\/www.humanium.org\/fr\/focus\/discriminations\/\"><b>Diskriminierung<\/b><\/a><\/p>\n<p><span style=\"font-weight: 400;\">Verschiedene Arten der Diskriminierung finden statt, vom Zugang zu Bildung bis hin zum Zugang zu Gesundheitsleistungen. <\/span><\/p>\n<p><span style=\"font-weight: 400;\">Zun\u00e4chst kann eine Rassendiskriminierung gegen\u00fcber der Eingeborenen Fidschis festgestellt werden. <\/span><\/p>\n<p><span style=\"font-weight: 400;\">Frauen werden ebenfalls weniger gesch\u00e4tzt als\u00a0M\u00e4nner. <\/span><\/p>\n<p><span style=\"font-weight: 400;\">Auch Kinder mit Lernproblemen verlassen die Schule, wenn sie Gl\u00fcck haben erst nach der Sekundarstufe.<\/span><\/p>\n<p><span style=\"font-weight: 400;\">Des Weiteren sind Kinder, die au\u00dferehelich geboren wurden, Opfer von Diskriminierungen. <\/span><\/p>\n<p><span style=\"font-weight: 400;\">Menschen mit Behinderung haben \u00fcberhaupt keinen Rechtsschutz und Strukturen zu ihrem Schutz existieren so gut wie gar nicht. <\/span><\/p>\n<p><a href=\"https:\/\/www.humanium.org\/fr\/focus\/violences\/\"><b>Gewaltverherrlichung<\/b><\/a><\/p>\n<p>Innerhalb des h\u00e4uslichen Umfelds sind k\u00f6rperliche Bestrafungen legal.<\/p>\n<p><span style=\"font-weight: 400;\">Der Anstieg von h\u00e4uslicher Gewalt, sexuelle Gewalt mit inbegriffen, ist beunruhigend. Diese Gewalt richtet sich haupts\u00e4chlich gegen Frauen und Kinder.<\/span><\/p>\n<p><span style=\"font-weight: 400;\">In der Schule sind k\u00f6rperliche Bestrafungen verboten, werden aber noch regelm\u00e4\u00dfig in bestimmten Teilen des Landes durchgef\u00fchrt. <\/span><\/p>\n<p><span style=\"font-weight: 400;\">Fr\u00fchehen\u00a0sind ebenfalls Gang und G\u00e4be, da M\u00e4dchen als Belastung f\u00fcr die Familien angesehen werden. <\/span><\/p>\n<p><a href=\"https:\/\/www.humanium.org\/fr\/comprendre\/droit-aux-libertes\/\"><b>Meinungs- und Versammlungsfreiheit<\/b><\/a><\/p>\n<p><span style=\"font-weight: 400;\">Religionsaus\u00fcbungen und Versammlungen mit mehr als 10 Personen sind verboten, sei es f\u00fcr Kinder oder f\u00fcr Erwachsene. <\/span><\/p>\n","protected":false},"excerpt":{"rendered":"<p>Kinder aus Fidschi Die Kinderrechte in Fidschi verwirklichen Seit dem Putsch im Jahr 2006 befindet sich die Republik Fidschi, die aus einem Archipel mit 322 Inseln besteht, in einer instabilen politischen Lage. Die Verfassung wurde ausgesetzt und der Notstand ausgerufen. Dieser Kontext erkl\u00e4rt, warum die Regierung Probleme hat, die Kinderrechte zu respektieren. Es gab jedoch [&hellip;]<\/p>\n","protected":false},"author":1,"featured_media":0,"parent":0,"menu_order":0,"comment_status":"closed","ping_status":"closed","template":"","meta":{"footnotes":""},"class_list":["post-6137","page","type-page","status-publish","hentry"],"yoast_head":"<!-- This site is optimized with the Yoast SEO plugin v26.5 - https:\/\/yoast.com\/wordpress\/plugins\/seo\/ -->\n<title>Kinder aus Fidschi - Humanium<\/title>\n<meta name=\"description\" content=\"Die Republik Fidschi befindet sich in einer instabilen politischen Lage. Die Regierung hat Probleme, die Kinderrechte zu respektieren.\" \/>\n<meta name=\"robots\" content=\"index, follow, max-snippet:-1, max-image-preview:large, max-video-preview:-1\" \/>\n<link rel=\"canonical\" href=\"https:\/\/www.humanium.org\/de\/fidschi\/\" \/>\n<meta property=\"og:locale\" content=\"de_DE\" \/>\n<meta property=\"og:type\" content=\"article\" \/>\n<meta property=\"og:title\" content=\"Kinder aus Fidschi - Humanium\" \/>\n<meta property=\"og:description\" content=\"Die Republik Fidschi befindet sich in einer instabilen politischen Lage. Die Regierung hat Probleme, die Kinderrechte zu respektieren.\" \/>\n<meta property=\"og:url\" content=\"https:\/\/www.humanium.org\/de\/fidschi\/\" \/>\n<meta property=\"og:site_name\" content=\"Humanium\" \/>\n<meta property=\"article:modified_time\" content=\"2025-12-05T16:53:28+00:00\" \/>\n<meta name=\"twitter:card\" content=\"summary_large_image\" \/>\n<meta name=\"twitter:label1\" content=\"Gesch\u00e4tzte Lesezeit\" \/>\n\t<meta name=\"twitter:data1\" content=\"4\u00a0Minuten\" \/>\n<script type=\"application\/ld+json\" class=\"yoast-schema-graph\">{\"@context\":\"https:\/\/schema.org\",\"@graph\":[{\"@type\":\"WebPage\",\"@id\":\"https:\/\/www.humanium.org\/de\/fidschi\/\",\"url\":\"https:\/\/www.humanium.org\/de\/fidschi\/\",\"name\":\"Kinder aus Fidschi - Humanium\",\"isPartOf\":{\"@id\":\"https:\/\/www.humanium.org\/de\/#website\"},\"datePublished\":\"2016-03-07T19:10:29+00:00\",\"dateModified\":\"2025-12-05T16:53:28+00:00\",\"description\":\"Die Republik Fidschi befindet sich in einer instabilen politischen Lage. Die Regierung hat Probleme, die Kinderrechte zu respektieren.\",\"breadcrumb\":{\"@id\":\"https:\/\/www.humanium.org\/de\/fidschi\/#breadcrumb\"},\"inLanguage\":\"de\",\"potentialAction\":[{\"@type\":\"ReadAction\",\"target\":[\"https:\/\/www.humanium.org\/de\/fidschi\/\"]}]},{\"@type\":\"BreadcrumbList\",\"@id\":\"https:\/\/www.humanium.org\/de\/fidschi\/#breadcrumb\",\"itemListElement\":[{\"@type\":\"ListItem\",\"position\":1,\"name\":\"Home\",\"item\":\"https:\/\/www.humanium.org\/de\/\"},{\"@type\":\"ListItem\",\"position\":2,\"name\":\"Kinder aus Fidschi\"}]},{\"@type\":\"WebSite\",\"@id\":\"https:\/\/www.humanium.org\/de\/#website\",\"url\":\"https:\/\/www.humanium.org\/de\/\",\"name\":\"Humanium\",\"description\":\"Kinder zuerst!\",\"potentialAction\":[{\"@type\":\"SearchAction\",\"target\":{\"@type\":\"EntryPoint\",\"urlTemplate\":\"https:\/\/www.humanium.org\/de\/?s={search_term_string}\"},\"query-input\":{\"@type\":\"PropertyValueSpecification\",\"valueRequired\":true,\"valueName\":\"search_term_string\"}}],\"inLanguage\":\"de\"}]}<\/script>\n<!-- \/ Yoast SEO plugin. -->","yoast_head_json":{"title":"Kinder aus Fidschi - Humanium","description":"Die Republik Fidschi befindet sich in einer instabilen politischen Lage. Die Regierung hat Probleme, die Kinderrechte zu respektieren.","robots":{"index":"index","follow":"follow","max-snippet":"max-snippet:-1","max-image-preview":"max-image-preview:large","max-video-preview":"max-video-preview:-1"},"canonical":"https:\/\/www.humanium.org\/de\/fidschi\/","og_locale":"de_DE","og_type":"article","og_title":"Kinder aus Fidschi - Humanium","og_description":"Die Republik Fidschi befindet sich in einer instabilen politischen Lage. Die Regierung hat Probleme, die Kinderrechte zu respektieren.","og_url":"https:\/\/www.humanium.org\/de\/fidschi\/","og_site_name":"Humanium","article_modified_time":"2025-12-05T16:53:28+00:00","twitter_card":"summary_large_image","twitter_misc":{"Gesch\u00e4tzte Lesezeit":"4\u00a0Minuten"},"schema":{"@context":"https:\/\/schema.org","@graph":[{"@type":"WebPage","@id":"https:\/\/www.humanium.org\/de\/fidschi\/","url":"https:\/\/www.humanium.org\/de\/fidschi\/","name":"Kinder aus Fidschi - Humanium","isPartOf":{"@id":"https:\/\/www.humanium.org\/de\/#website"},"datePublished":"2016-03-07T19:10:29+00:00","dateModified":"2025-12-05T16:53:28+00:00","description":"Die Republik Fidschi befindet sich in einer instabilen politischen Lage. Die Regierung hat Probleme, die Kinderrechte zu respektieren.","breadcrumb":{"@id":"https:\/\/www.humanium.org\/de\/fidschi\/#breadcrumb"},"inLanguage":"de","potentialAction":[{"@type":"ReadAction","target":["https:\/\/www.humanium.org\/de\/fidschi\/"]}]},{"@type":"BreadcrumbList","@id":"https:\/\/www.humanium.org\/de\/fidschi\/#breadcrumb","itemListElement":[{"@type":"ListItem","position":1,"name":"Home","item":"https:\/\/www.humanium.org\/de\/"},{"@type":"ListItem","position":2,"name":"Kinder aus Fidschi"}]},{"@type":"WebSite","@id":"https:\/\/www.humanium.org\/de\/#website","url":"https:\/\/www.humanium.org\/de\/","name":"Humanium","description":"Kinder zuerst!","potentialAction":[{"@type":"SearchAction","target":{"@type":"EntryPoint","urlTemplate":"https:\/\/www.humanium.org\/de\/?s={search_term_string}"},"query-input":{"@type":"PropertyValueSpecification","valueRequired":true,"valueName":"search_term_string"}}],"inLanguage":"de"}]}},"_links":{"self":[{"href":"https:\/\/www.humanium.org\/de\/wp-json\/wp\/v2\/pages\/6137","targetHints":{"allow":["GET"]}}],"collection":[{"href":"https:\/\/www.humanium.org\/de\/wp-json\/wp\/v2\/pages"}],"about":[{"href":"https:\/\/www.humanium.org\/de\/wp-json\/wp\/v2\/types\/page"}],"author":[{"embeddable":true,"href":"https:\/\/www.humanium.org\/de\/wp-json\/wp\/v2\/users\/1"}],"replies":[{"embeddable":true,"href":"https:\/\/www.humanium.org\/de\/wp-json\/wp\/v2\/comments?post=6137"}],"version-history":[{"count":8,"href":"https:\/\/www.humanium.org\/de\/wp-json\/wp\/v2\/pages\/6137\/revisions"}],"predecessor-version":[{"id":20105,"href":"https:\/\/www.humanium.org\/de\/wp-json\/wp\/v2\/pages\/6137\/revisions\/20105"}],"wp:attachment":[{"href":"https:\/\/www.humanium.org\/de\/wp-json\/wp\/v2\/media?parent=6137"}],"curies":[{"name":"wp","href":"https:\/\/api.w.org\/{rel}","templated":true}]}}