{"id":6148,"date":"2016-03-07T20:54:58","date_gmt":"2016-03-07T20:54:58","guid":{"rendered":"http:\/\/www.humanium.org\/de\/?page_id=6148"},"modified":"2025-12-05T16:54:00","modified_gmt":"2025-12-05T16:54:00","slug":"cooksinseln","status":"publish","type":"page","link":"https:\/\/www.humanium.org\/de\/cooksinseln\/","title":{"rendered":"Die Kinder der Cooksinseln"},"content":{"rendered":"<h1>Die Kinder der Cooksinseln<\/h1>\n<h2>Die Kinderrechte in\u00a0Cooksinseln\u00a0verwirklichen<\/h2>\n<p>Die Cookinseln sind ein unabh\u00e4ngiger Staat, der mit seinen 15 Inseln seit 1965 in freier Assoziation mit Neuseeland besteht. Seit den Wirtschaftsreformen in den Jahren 1995 und 1996 ist ein Gro\u00dfteil der Bev\u00f6lkerung nach Neuseeland ausgewandert. Die Regierung versucht dem Bev\u00f6lkerungsverlust, der heute die gr\u00f6\u00dfte Sorge des Staates ist, mit einem st\u00e4rkeren Fokus auf Bildung und Ausbildung entgegenzuwirken.<\/p>\n<h2 style=\"font-size: 1.3em; margin-top: 5px; margin-bottom: 18px; line-height: 40px;\">Wesentliche Probleme der Kinder auf Fidschi:<\/h2>\n<p><strong><b>Recht auf Bildung<\/b><\/strong><\/p>\n<p><span style=\"font-weight: 400;\">Aufgrund des engen Verh\u00e4ltnisses mit Neuseeland wurde auch auf den Cookinseln die Schulpflicht f\u00fcr Kinder zwischen 5 und 15 Jahren eingef\u00fchrt. Der Schulbesuch ist kostenlos. Im Jahr 2010 haben 98% aller Kinder eine Grundschulausbildung genossen. 47% der Sch\u00fcler sind M\u00e4dchen, was die hohe Priorit\u00e4t des Schulsystems f\u00fcr die Regierung erkennen l\u00e4sst. Zudem gibt es ein freiwilliges Bildungssystem f\u00fcr Kinder von 3 bis 5 Jahren. Auf der anderen Seite besuchen nur 64% der Kinder ab 11 Jahren eine weiterf\u00fchrende Schule. Die Beh\u00f6rden sind beunruhigt, da immer mehr junge Menschen die Schule verlassen, ohne h\u00f6here Bildungswege einzuschlagen.<\/span><\/p>\n<p><span style=\"font-weight: 400;\"><strong><b>Recht auf Gleichbehandlung\u00a0<\/b><\/strong><\/span><\/p>\n<p><span style=\"font-weight: 400;\">In der Vergangenheit wurden<\/span>\u00a0 <span style=\"font-weight: 400;\"><a href=\"http:\/\/www.droitsenfant.org\/enfants-handicapes\/\">behinderte Menschen<\/a>\u00a0besonders im Bildungswesen stark\u00a0benachteiligt. Auf den Cookinseln erlangten diese Menschen nun gleiche Rechte, was als \u00e4u\u00dferst positive Ver\u00e4nderung zu sehen ist. Seit 2008 wurden Richtlinien und Ma\u00dfnahmen entwickelt, um integrierte Bildung weiter zu f\u00f6rdern.<\/span><\/p>\n<p><strong><a href=\"http:\/\/www.droitsenfant.org\/comprendre\/droit-a-la-sante\/\"><b>Recht auf Gesundheit<\/b><\/a><\/strong><\/p>\n<p><span style=\"font-weight: 400;\">Die Kindersterblichkeitsrate ist relativ gering (9 von 1.000), doch auch die Rechte der Kinder auf Gesundheit m\u00fcssen st\u00e4rker beachtet werden. Das schwache Gesundheitssystem f\u00fcr Kinder und die fehlende sexuelle Aufkl\u00e4rung f\u00fchren zu einer relativ starken Verbreitung von Geschlechtskrankheiten.<\/span><\/p>\n<p><span style=\"font-weight: 400;\">Die vielen heranwachsenden M\u00fctter auf den Cookinseln sind eine direkte Folge von <\/span>\u00a0<a href=\"http:\/\/www.droitsenfant.org\/exploitation-sexuelle-enfants\/\"><span style=\"font-weight: 400;\">sexuellem Missbrauch, Vergewaltigungen oder sogar Inzest<\/span><\/a>.<\/p>\n<p><span style=\"font-weight: 400;\"> Jugendliche unter 16 haben au\u00dferdem kaum Zugriff auf Verh\u00fctungsmittel und wurden in den meisten F\u00e4llen nicht entsprechend aufgekl\u00e4rt.<\/span><\/p>\n<p><span style=\"font-weight: 400;\">Seit dem <\/span><i><span style=\"font-weight: 400;\">Cook Island Act<\/span><\/i><span style=\"font-weight: 400;\"> von 1915 sind Abtreibungen aufgrund von Inzest oder Vergewaltigung verboten.<\/span><\/p>\n<p><strong><br \/>\n<a href=\"http:\/\/www.droitsenfant.org\/la-maltraitance-des-enfants\/\"><b>Gewalt gegen Kinder<\/b><\/a><\/strong><\/p>\n<p><span style=\"font-weight: 400;\">Auf den Cookinseln herrscht bez\u00fcglich der h\u00e4ufig auftretenden h\u00e4uslichen<\/span>\u00a0<span style=\"font-weight: 400;\"><a href=\"http:\/\/www.droitsenfant.org\/la-maltraitance-des-enfants\/\">Gewalt<\/a>\u00a0<\/span>\u00a0<span style=\"font-weight: 400;\">eine Mentalit\u00e4t von Scham und Schweigen, weshalb die betroffenen Kinder keine Anzeige erstatten. Jedes Jahr werden durchschnittlich 8 F\u00e4lle von sexuellem Missbrauch an Kindern gemeldet, doch die \u00f6rtlichen NGOs bef\u00fcrchten einen stetigen Wachstum. Am meisten betroffen sind dadurch Kinder zwischen 10 und 14 Jahren. Die Polizei ist aufgrund der vorherrschenden Gesetzgebung meist nicht in der Lage, in solchen F\u00e4llen einzugreifen.<\/span><\/p>\n<p><strong><b><a href=\"http:\/\/www.droitsenfant.org\/trafic-enfants\/\">Kinderhandel<\/a>\u00a0 \u00a0\u00a0<\/b><\/strong><\/p>\n<p><strong><b><span style=\"font-weight: 400;\">Nichtregierungsorganisationen (NGOs) sind \u00fcber die<\/span><\/b><\/strong><a href=\"https:\/\/www.humanium.org\/en\/child-trafficking\/\">\u00a0<\/a><a href=\"http:\/\/www.droitsenfant.org\/exploitation-sexuelle-enfants\/\"><span style=\"font-weight: 400;\">sexuelle Ausbeutung<\/span><\/a>\u00a0<span style=\"font-weight: 400;\">junger M\u00e4dchen und die ansteigende Prostitution durch den Tourismus stark beunruhigt.\u00a0<\/span><span style=\"font-weight: 400;\">Laut einer Studie einer lokalen NGO aus dem Jahr 2007 findet<\/span>,\u00a0<a href=\"http:\/\/www.droitsenfant.org\/prostitution-infantile\/\"><span style=\"font-weight: 400;\">Kinderprostitution<\/span><\/a>\u00a0<span style=\"font-weight: 400;\">geheim und unorganisiert statt, weshalb kaum exakte Daten verf\u00fcgbar sind. Die Studie zeigt au\u00dferdem, dass sich M\u00e4nner die sexuelle Ausbeutung von kleinen Jungs mit Geld, Alkohol und Zigaretten erkaufen. Die betroffenen Jungs melden die Vorf\u00e4lle nicht bei der Polizei, da Homosexualit\u00e4t auf den Cookinseln verboten ist und sie Repressalien f\u00fcrchten m\u00fcssen.<\/span><\/p>\n<p><strong><a href=\"http:\/\/www.droitsenfant.org\/travail-des-enfants\/\"><b>Kinderarbeit<\/b><\/a><\/strong><\/p>\n<p><span style=\"font-weight: 400;\">Die Entscheidung, ob ein Kind unter 16 Jahren arbeiten darf, unterliegt allein dem zust\u00e4ndigen Arbeitsdirektor. Kinderarbeit ist nur dann gesetzlich verboten, wenn es sich um eine \u201egef\u00e4hrliche T\u00e4tigkeit\u201c handelt. Es ist jedoch nicht n\u00e4her spezifiziert, was darunter zu verstehen ist.<\/span><\/p>\n<p><strong><a href=\"http:\/\/www.droitsenfant.org\/mariage-enfants\/\"><b>Heirat<\/b><\/a><\/strong><\/p>\n<p><span style=\"font-weight: 400;\">Das 1973 verabschiedete Ehegesetz legt ein Mindestalter von 16 Jahren fest. Eine Heirat ist jedoch auch fr\u00fcher m\u00f6glich, wenn das Einverst\u00e4ndnis der Eltern bzw. des Vormunds vorliegt. Die UN-Kinderrechtskonvention legitimiert eine Heirat erst ab 18 Jahren. Die Gesetzgebung der Cookinseln bietet hier leider wenig Schutz.<\/span><\/p>\n","protected":false},"excerpt":{"rendered":"<p>Die Kinder der Cooksinseln Die Kinderrechte in\u00a0Cooksinseln\u00a0verwirklichen Die Cookinseln sind ein unabh\u00e4ngiger Staat, der mit seinen 15 Inseln seit 1965 in freier Assoziation mit Neuseeland besteht. Seit den Wirtschaftsreformen in den Jahren 1995 und 1996 ist ein Gro\u00dfteil der Bev\u00f6lkerung nach Neuseeland ausgewandert. Die Regierung versucht dem Bev\u00f6lkerungsverlust, der heute die gr\u00f6\u00dfte Sorge des Staates [&hellip;]<\/p>\n","protected":false},"author":1,"featured_media":0,"parent":0,"menu_order":0,"comment_status":"closed","ping_status":"closed","template":"","meta":{"footnotes":""},"class_list":["post-6148","page","type-page","status-publish","hentry"],"yoast_head":"<!-- This site is optimized with the Yoast SEO plugin v26.5 - https:\/\/yoast.com\/wordpress\/plugins\/seo\/ -->\n<title>Die Kinder der Cooksinseln - Humanium<\/title>\n<meta name=\"description\" content=\"Die Regierung versucht dem Bev\u00f6lkerungsverlust, die gr\u00f6\u00dfte Sorge des Staates, mit einem st\u00e4rkeren Fokus auf Bildung und Ausbildung entgegenzuwirken.\" \/>\n<meta name=\"robots\" content=\"index, follow, max-snippet:-1, max-image-preview:large, max-video-preview:-1\" \/>\n<link rel=\"canonical\" href=\"https:\/\/www.humanium.org\/de\/cooksinseln\/\" \/>\n<meta property=\"og:locale\" content=\"de_DE\" \/>\n<meta property=\"og:type\" content=\"article\" \/>\n<meta property=\"og:title\" content=\"Die Kinder der Cooksinseln - Humanium\" \/>\n<meta property=\"og:description\" content=\"Die Regierung versucht dem Bev\u00f6lkerungsverlust, die gr\u00f6\u00dfte Sorge des Staates, mit einem st\u00e4rkeren Fokus auf Bildung und Ausbildung entgegenzuwirken.\" \/>\n<meta property=\"og:url\" content=\"https:\/\/www.humanium.org\/de\/cooksinseln\/\" \/>\n<meta property=\"og:site_name\" content=\"Humanium\" \/>\n<meta property=\"article:modified_time\" content=\"2025-12-05T16:54:00+00:00\" \/>\n<meta name=\"twitter:card\" content=\"summary_large_image\" \/>\n<meta name=\"twitter:label1\" content=\"Gesch\u00e4tzte Lesezeit\" \/>\n\t<meta name=\"twitter:data1\" content=\"4\u00a0Minuten\" \/>\n<script type=\"application\/ld+json\" class=\"yoast-schema-graph\">{\"@context\":\"https:\/\/schema.org\",\"@graph\":[{\"@type\":\"WebPage\",\"@id\":\"https:\/\/www.humanium.org\/de\/cooksinseln\/\",\"url\":\"https:\/\/www.humanium.org\/de\/cooksinseln\/\",\"name\":\"Die Kinder der Cooksinseln - Humanium\",\"isPartOf\":{\"@id\":\"https:\/\/www.humanium.org\/de\/#website\"},\"datePublished\":\"2016-03-07T20:54:58+00:00\",\"dateModified\":\"2025-12-05T16:54:00+00:00\",\"description\":\"Die Regierung versucht dem Bev\u00f6lkerungsverlust, die gr\u00f6\u00dfte Sorge des Staates, mit einem st\u00e4rkeren Fokus auf Bildung und Ausbildung entgegenzuwirken.\",\"breadcrumb\":{\"@id\":\"https:\/\/www.humanium.org\/de\/cooksinseln\/#breadcrumb\"},\"inLanguage\":\"de\",\"potentialAction\":[{\"@type\":\"ReadAction\",\"target\":[\"https:\/\/www.humanium.org\/de\/cooksinseln\/\"]}]},{\"@type\":\"BreadcrumbList\",\"@id\":\"https:\/\/www.humanium.org\/de\/cooksinseln\/#breadcrumb\",\"itemListElement\":[{\"@type\":\"ListItem\",\"position\":1,\"name\":\"Home\",\"item\":\"https:\/\/www.humanium.org\/de\/\"},{\"@type\":\"ListItem\",\"position\":2,\"name\":\"Die Kinder der Cooksinseln\"}]},{\"@type\":\"WebSite\",\"@id\":\"https:\/\/www.humanium.org\/de\/#website\",\"url\":\"https:\/\/www.humanium.org\/de\/\",\"name\":\"Humanium\",\"description\":\"Kinder zuerst!\",\"potentialAction\":[{\"@type\":\"SearchAction\",\"target\":{\"@type\":\"EntryPoint\",\"urlTemplate\":\"https:\/\/www.humanium.org\/de\/?s={search_term_string}\"},\"query-input\":{\"@type\":\"PropertyValueSpecification\",\"valueRequired\":true,\"valueName\":\"search_term_string\"}}],\"inLanguage\":\"de\"}]}<\/script>\n<!-- \/ Yoast SEO plugin. -->","yoast_head_json":{"title":"Die Kinder der Cooksinseln - Humanium","description":"Die Regierung versucht dem Bev\u00f6lkerungsverlust, die gr\u00f6\u00dfte Sorge des Staates, mit einem st\u00e4rkeren Fokus auf Bildung und Ausbildung entgegenzuwirken.","robots":{"index":"index","follow":"follow","max-snippet":"max-snippet:-1","max-image-preview":"max-image-preview:large","max-video-preview":"max-video-preview:-1"},"canonical":"https:\/\/www.humanium.org\/de\/cooksinseln\/","og_locale":"de_DE","og_type":"article","og_title":"Die Kinder der Cooksinseln - Humanium","og_description":"Die Regierung versucht dem Bev\u00f6lkerungsverlust, die gr\u00f6\u00dfte Sorge des Staates, mit einem st\u00e4rkeren Fokus auf Bildung und Ausbildung entgegenzuwirken.","og_url":"https:\/\/www.humanium.org\/de\/cooksinseln\/","og_site_name":"Humanium","article_modified_time":"2025-12-05T16:54:00+00:00","twitter_card":"summary_large_image","twitter_misc":{"Gesch\u00e4tzte Lesezeit":"4\u00a0Minuten"},"schema":{"@context":"https:\/\/schema.org","@graph":[{"@type":"WebPage","@id":"https:\/\/www.humanium.org\/de\/cooksinseln\/","url":"https:\/\/www.humanium.org\/de\/cooksinseln\/","name":"Die Kinder der Cooksinseln - Humanium","isPartOf":{"@id":"https:\/\/www.humanium.org\/de\/#website"},"datePublished":"2016-03-07T20:54:58+00:00","dateModified":"2025-12-05T16:54:00+00:00","description":"Die Regierung versucht dem Bev\u00f6lkerungsverlust, die gr\u00f6\u00dfte Sorge des Staates, mit einem st\u00e4rkeren Fokus auf Bildung und Ausbildung entgegenzuwirken.","breadcrumb":{"@id":"https:\/\/www.humanium.org\/de\/cooksinseln\/#breadcrumb"},"inLanguage":"de","potentialAction":[{"@type":"ReadAction","target":["https:\/\/www.humanium.org\/de\/cooksinseln\/"]}]},{"@type":"BreadcrumbList","@id":"https:\/\/www.humanium.org\/de\/cooksinseln\/#breadcrumb","itemListElement":[{"@type":"ListItem","position":1,"name":"Home","item":"https:\/\/www.humanium.org\/de\/"},{"@type":"ListItem","position":2,"name":"Die Kinder der Cooksinseln"}]},{"@type":"WebSite","@id":"https:\/\/www.humanium.org\/de\/#website","url":"https:\/\/www.humanium.org\/de\/","name":"Humanium","description":"Kinder zuerst!","potentialAction":[{"@type":"SearchAction","target":{"@type":"EntryPoint","urlTemplate":"https:\/\/www.humanium.org\/de\/?s={search_term_string}"},"query-input":{"@type":"PropertyValueSpecification","valueRequired":true,"valueName":"search_term_string"}}],"inLanguage":"de"}]}},"_links":{"self":[{"href":"https:\/\/www.humanium.org\/de\/wp-json\/wp\/v2\/pages\/6148","targetHints":{"allow":["GET"]}}],"collection":[{"href":"https:\/\/www.humanium.org\/de\/wp-json\/wp\/v2\/pages"}],"about":[{"href":"https:\/\/www.humanium.org\/de\/wp-json\/wp\/v2\/types\/page"}],"author":[{"embeddable":true,"href":"https:\/\/www.humanium.org\/de\/wp-json\/wp\/v2\/users\/1"}],"replies":[{"embeddable":true,"href":"https:\/\/www.humanium.org\/de\/wp-json\/wp\/v2\/comments?post=6148"}],"version-history":[{"count":9,"href":"https:\/\/www.humanium.org\/de\/wp-json\/wp\/v2\/pages\/6148\/revisions"}],"predecessor-version":[{"id":20109,"href":"https:\/\/www.humanium.org\/de\/wp-json\/wp\/v2\/pages\/6148\/revisions\/20109"}],"wp:attachment":[{"href":"https:\/\/www.humanium.org\/de\/wp-json\/wp\/v2\/media?parent=6148"}],"curies":[{"name":"wp","href":"https:\/\/api.w.org\/{rel}","templated":true}]}}