{"id":6246,"date":"2016-04-01T08:39:02","date_gmt":"2016-04-01T08:39:02","guid":{"rendered":"http:\/\/www.humanium.org\/de\/?page_id=6246"},"modified":"2025-12-05T17:10:59","modified_gmt":"2025-12-05T17:10:59","slug":"spanien","status":"publish","type":"page","link":"https:\/\/www.humanium.org\/de\/spanien\/","title":{"rendered":"Kinder in Spanien"},"content":{"rendered":"<h1>Kinder in Spanien<\/h1>\n<h2>Die Verwirklichung der\u00a0Kinderrechte in Spanien<\/h2>\n<p style=\"text-align: center;\"><img loading=\"lazy\" decoding=\"async\" class=\"alignnone size-full wp-image-18546\" title=\"Spanisches M\u00e4dchen \u00a9 Maessive (flickr)\" src=\"https:\/\/www.humanium.org\/fr\/wp-content\/uploads\/2011\/11\/fillette-maessive-flickr.jpg\" alt=\"\" width=\"129\" height=\"200\" \/> <img loading=\"lazy\" decoding=\"async\" class=\"alignnone size-full wp-image-3577\" title=\"Spanischer Junge \u00a9 Cesarastudillo (flickr)\" src=\"https:\/\/www.humanium.org\/en\/wp-content\/uploads\/2011\/09\/garcon-cesarastudillo-flickr.jpg\" alt=\"\" width=\"133\" height=\"200\" \/><\/p>\n<p>Spanien ist ein entwickeltes und in die europ\u00e4ische Wirtschaft integriertes Land, besitzt jedoch einen relativ hohen Prozentsatz an armen Menschen. Es herrschen gro\u00dfe Unterschiede zwischen denen, die am reichsten und denen die am \u00e4rmsten sind. Das sorgt f\u00fcr Diskriminierung, die Kindern aus armen Familien den uneingeschr\u00e4nkten Zugang zu Ihren Rechten verwehrt.<\/p>\n<h3>Hauptprobleme, mit denen Kinder in Spanien konfrontiert sind:<\/h3>\n<p><strong><a href=\"https:\/\/www.humanium.org\/de\/armut\/\">Armut<\/a><\/strong><\/p>\n<p><img loading=\"lazy\" decoding=\"async\" class=\"alignright size-full wp-image-3884\" title=\"Armut hat sch\u00e4dliche Folgen f\u00fcr das Leben der Kinder \u00a9 Dr John2005 (flickr)\" src=\"https:\/\/www.humanium.org\/en\/wp-content\/uploads\/2011\/09\/pauvrete-dr-john2005-flickr.jpg\" alt=\"\" width=\"181\" height=\"169\" \/>Spanien, muss sich mit einer sehr schwierigen Belastung auseinandersetzen: der Armut. 20% der Bev\u00f6lkerung leben unter der Armutsgrenze.<br \/>\nDiese Zahl ist dramatisch, wenn man bedenkt, dass Spanien ein Land ist, in dem der Lebensstandard eher hoch ist. Und dies hat negative Folgen f\u00fcr die Situation der Kinder.<br \/>\nAufgrund von fehlenden finanziellen Ressourcen, haben arme Kinder Schwierigkeiten, Zugang zu Bildung, Gesundheit und gesunder Ern\u00e4hrung zu erhalten.<\/p>\n<p><strong><a href=\"https:\/\/www.humanium.org\/de\/das-recht-auf-gesundheit\/\">Das Recht auf Gesundheit<\/a><\/strong><\/p>\n<p>Das spanische Gesundheitssystem ist gut entwickelt: Personal und medizinisches Material stehen der Bev\u00f6lkerung zur Verf\u00fcgung. Au\u00dferdem ist in Spanien der Zugang zur medizinischen Behandlung kostenlos &#8211; ein wichtiger Faktor im Kampf gegen Diskriminierung.<br \/>\nJedoch bleibt die Zahl der Personen, die HIV haben, ziemlich hoch. Die Gesundheitsbeh\u00f6rden m\u00fcssen Informationskampagnen zur Vorbeugung der \u00dcbertragungsrisiken von HIV auf Kinder durchf\u00fchren, um die Ausbreitung einzuschr\u00e4nken.<\/p>\n<p><strong><a href=\"https:\/\/www.humanium.org\/de\/gewalt\/\">Gewalt<\/a><\/strong><\/p>\n<p><img loading=\"lazy\" decoding=\"async\" class=\"alignright size-full wp-image-3885\" title=\"Einige Kinder sind Opfer von Gewalt in Haftungseinrichtungen \u00a9 Isafmedia (flickr)\" src=\"https:\/\/www.humanium.org\/en\/wp-content\/uploads\/2011\/09\/violence-isafmedia.flickr.jpg\" alt=\"\" width=\"130\" height=\"185\" \/>Trotz der Schaffung von Fachstellen f\u00fcr den Kinderschutz, z\u00e4hlt Spanien j\u00e4hrlich viele F\u00e4lle von Kindesmisshandlungen: ungef\u00e4hr 800 000 F\u00e4lle von h\u00e4uslicher Gewalt wurden 2007 erfasst.<br \/>\nKinder sind entweder indirekt als Zeugen oder direkt Opfer von Misshandlungen. Es ist dramatisch, dass einige Kinder extremer Gewalt ausgesetzt sind, weil sie eine andere Nationalit\u00e4t haben.<br \/>\nAuch Migrationskinder sind manchmal Opfer von physischer oder psychischer Gewalt in Hafteinrichtungen. Bisweilen sind sie von Bildung ausgeschlossen, d\u00fcrfen weder Freizeitaktivit\u00e4ten machen, noch nach drau\u00dfen gehen, was dazu f\u00fchrt, dass sie sich verschlie\u00dfen und aggressiver werden. In einem Bericht des nationalen Mediators von 2009 wird pr\u00e4zisiert, um die Unruhe von Kindern zu beruhigen, erhalten sie diverse Medikamente.<\/p>\n<p><strong><a href=\"https:\/\/www.humanium.org\/de\/vertriebene-kinder\/\">Fl\u00fcchtlingskinder<\/a><\/strong><\/p>\n<p>Spanien ist mit einer hohen Immigration von Menschen aus Afrika und Osteuropa konfrontiert. Diese Migranten oder Fl\u00fcchtlinge kommen oft in Gruppen und mit ihren Kindern.<br \/>\nDie Kinder, die verletzlich und schwach sind, m\u00fcssen oft stundenlang laufen oder sich in Lastwagen verstecken, um in Spanien anzukommen. Dieser Weg ist f\u00fcr einige oftmals so belasten, dass manche ihr Leben dabei lassen.<br \/>\nEinmal angekommen, wird nicht garantiert, dass sich ihre Situation verbessert. Eine gro\u00dfe Anzahl der Minderj\u00e4hrigen ist oftmals allein in Spanien, ohne ihre Eltern. Sie haben nicht genug Nahrungsmittel, leben auf der Stra\u00dfe und haben schwer Zugang zu Wasser.<br \/>\nDie spanische Regierung muss also die Aufnahme verbessern aber auch die Bedingungen, unter welchen sie die Kinder wieder in ihre Heimatl\u00e4nder zur\u00fcckschickt.<\/p>\n<p><strong><a href=\"https:\/\/www.humanium.org\/de\/focusdiskriminierung\/\">Diskriminierung<\/a><\/strong><\/p>\n<p><img loading=\"lazy\" decoding=\"async\" class=\"alignright size-full wp-image-3886\" title=\"Ausl\u00e4ndische Kinder sind die ersten Opfer von Diskriminierung \u00a9 Martathegoodone (flickr)\" src=\"https:\/\/www.humanium.org\/en\/wp-content\/uploads\/2011\/09\/discrimination-martathegoodone-flickr.jpg\" alt=\"\" width=\"164\" height=\"181\" \/>Am meisten betroffen sind die Kinder der Roma und Migrantenkinder: sie haben begrenzt oder gar keinen Zugang zu Bildung, vor allem wegen ihrer unterschiedlichen Herkunft.<br \/>\nPositive Ma\u00dfnahmen wurden ergriffen. Es gibt jedoch noch viel zu tun. Spanien, Unterzeichner der internationalen Konvention der Kinderrechte, muss versuchen die Formen der Diskriminierung auszurotten, denen Kinder auf nationaler Ebene ausgesetzt sind<\/p>\n<p><strong>Rechts- und Strafrechtsschutz<\/strong><\/p>\n<p>Laut geltendem Gesetz haben ausl\u00e4ndische Kinder in Spanien, genauso wie spanische Kinder, den selben Rechts-und Strafrechtsschutz. Die Realit\u00e4t sieht jedoch anders aus.<br \/>\nAusl\u00e4ndische Kinder sind der Langsamkeit und der Versp\u00e4tung der spanischen Beh\u00f6rden ausgesetzt. Die Kinder werden in Hafteinrichtungen gebracht, in denen nicht immer garantiert wird, dass ihre Rechte respektiert werden.<\/p>\n","protected":false},"excerpt":{"rendered":"<p>Kinder in Spanien Die Verwirklichung der\u00a0Kinderrechte in Spanien Spanien ist ein entwickeltes und in die europ\u00e4ische Wirtschaft integriertes Land, besitzt jedoch einen relativ hohen Prozentsatz an armen Menschen. Es herrschen gro\u00dfe Unterschiede zwischen denen, die am reichsten und denen die am \u00e4rmsten sind. Das sorgt f\u00fcr Diskriminierung, die Kindern aus armen Familien den uneingeschr\u00e4nkten Zugang [&hellip;]<\/p>\n","protected":false},"author":1,"featured_media":0,"parent":0,"menu_order":0,"comment_status":"closed","ping_status":"closed","template":"","meta":{"footnotes":""},"class_list":["post-6246","page","type-page","status-publish","hentry"],"yoast_head":"<!-- This site is optimized with the Yoast SEO plugin v26.5 - https:\/\/yoast.com\/wordpress\/plugins\/seo\/ -->\n<title>Kinder in Spanien - Humanium<\/title>\n<meta name=\"description\" content=\"Spanien besitzt einen hohen Prozentsatz an armen Menschen. Das sorgt f\u00fcr Diskriminierung, die Kindern den Zugang zu Ihren Rechten verwehrt.\" \/>\n<meta name=\"robots\" content=\"index, follow, max-snippet:-1, max-image-preview:large, max-video-preview:-1\" \/>\n<link rel=\"canonical\" href=\"https:\/\/www.humanium.org\/de\/spanien\/\" \/>\n<meta property=\"og:locale\" content=\"de_DE\" \/>\n<meta property=\"og:type\" content=\"article\" \/>\n<meta property=\"og:title\" content=\"Kinder in Spanien - Humanium\" \/>\n<meta property=\"og:description\" content=\"Spanien besitzt einen hohen Prozentsatz an armen Menschen. Das sorgt f\u00fcr Diskriminierung, die Kindern den Zugang zu Ihren Rechten verwehrt.\" \/>\n<meta property=\"og:url\" content=\"https:\/\/www.humanium.org\/de\/spanien\/\" \/>\n<meta property=\"og:site_name\" content=\"Humanium\" \/>\n<meta property=\"article:modified_time\" content=\"2025-12-05T17:10:59+00:00\" \/>\n<meta property=\"og:image\" content=\"https:\/\/www.humanium.org\/de\/wp-content\/uploads\/2025\/04\/shutterstock_2155374219-scaled.jpg\" \/>\n\t<meta property=\"og:image:width\" content=\"2560\" \/>\n\t<meta property=\"og:image:height\" content=\"1707\" \/>\n\t<meta property=\"og:image:type\" content=\"image\/jpeg\" \/>\n<meta name=\"twitter:card\" content=\"summary_large_image\" \/>\n<meta name=\"twitter:label1\" content=\"Gesch\u00e4tzte Lesezeit\" \/>\n\t<meta name=\"twitter:data1\" content=\"5\u00a0Minuten\" \/>\n<script type=\"application\/ld+json\" class=\"yoast-schema-graph\">{\"@context\":\"https:\/\/schema.org\",\"@graph\":[{\"@type\":\"WebPage\",\"@id\":\"https:\/\/www.humanium.org\/de\/spanien\/\",\"url\":\"https:\/\/www.humanium.org\/de\/spanien\/\",\"name\":\"Kinder in Spanien - Humanium\",\"isPartOf\":{\"@id\":\"https:\/\/www.humanium.org\/de\/#website\"},\"primaryImageOfPage\":{\"@id\":\"https:\/\/www.humanium.org\/de\/spanien\/#primaryimage\"},\"image\":{\"@id\":\"https:\/\/www.humanium.org\/de\/spanien\/#primaryimage\"},\"thumbnailUrl\":\"https:\/\/www.humanium.org\/fr\/wp-content\/uploads\/2011\/11\/fillette-maessive-flickr.jpg\",\"datePublished\":\"2016-04-01T08:39:02+00:00\",\"dateModified\":\"2025-12-05T17:10:59+00:00\",\"description\":\"Spanien besitzt einen hohen Prozentsatz an armen Menschen. Das sorgt f\u00fcr Diskriminierung, die Kindern den Zugang zu Ihren Rechten verwehrt.\",\"breadcrumb\":{\"@id\":\"https:\/\/www.humanium.org\/de\/spanien\/#breadcrumb\"},\"inLanguage\":\"de\",\"potentialAction\":[{\"@type\":\"ReadAction\",\"target\":[\"https:\/\/www.humanium.org\/de\/spanien\/\"]}]},{\"@type\":\"ImageObject\",\"inLanguage\":\"de\",\"@id\":\"https:\/\/www.humanium.org\/de\/spanien\/#primaryimage\",\"url\":\"https:\/\/www.humanium.org\/fr\/wp-content\/uploads\/2011\/11\/fillette-maessive-flickr.jpg\",\"contentUrl\":\"https:\/\/www.humanium.org\/fr\/wp-content\/uploads\/2011\/11\/fillette-maessive-flickr.jpg\"},{\"@type\":\"BreadcrumbList\",\"@id\":\"https:\/\/www.humanium.org\/de\/spanien\/#breadcrumb\",\"itemListElement\":[{\"@type\":\"ListItem\",\"position\":1,\"name\":\"Home\",\"item\":\"https:\/\/www.humanium.org\/de\/\"},{\"@type\":\"ListItem\",\"position\":2,\"name\":\"Kinder in Spanien\"}]},{\"@type\":\"WebSite\",\"@id\":\"https:\/\/www.humanium.org\/de\/#website\",\"url\":\"https:\/\/www.humanium.org\/de\/\",\"name\":\"Humanium\",\"description\":\"Kinder zuerst!\",\"potentialAction\":[{\"@type\":\"SearchAction\",\"target\":{\"@type\":\"EntryPoint\",\"urlTemplate\":\"https:\/\/www.humanium.org\/de\/?s={search_term_string}\"},\"query-input\":{\"@type\":\"PropertyValueSpecification\",\"valueRequired\":true,\"valueName\":\"search_term_string\"}}],\"inLanguage\":\"de\"}]}<\/script>\n<!-- \/ Yoast SEO plugin. -->","yoast_head_json":{"title":"Kinder in Spanien - Humanium","description":"Spanien besitzt einen hohen Prozentsatz an armen Menschen. Das sorgt f\u00fcr Diskriminierung, die Kindern den Zugang zu Ihren Rechten verwehrt.","robots":{"index":"index","follow":"follow","max-snippet":"max-snippet:-1","max-image-preview":"max-image-preview:large","max-video-preview":"max-video-preview:-1"},"canonical":"https:\/\/www.humanium.org\/de\/spanien\/","og_locale":"de_DE","og_type":"article","og_title":"Kinder in Spanien - Humanium","og_description":"Spanien besitzt einen hohen Prozentsatz an armen Menschen. Das sorgt f\u00fcr Diskriminierung, die Kindern den Zugang zu Ihren Rechten verwehrt.","og_url":"https:\/\/www.humanium.org\/de\/spanien\/","og_site_name":"Humanium","article_modified_time":"2025-12-05T17:10:59+00:00","og_image":[{"width":2560,"height":1707,"url":"https:\/\/www.humanium.org\/de\/wp-content\/uploads\/2025\/04\/shutterstock_2155374219-scaled.jpg","type":"image\/jpeg"}],"twitter_card":"summary_large_image","twitter_misc":{"Gesch\u00e4tzte Lesezeit":"5\u00a0Minuten"},"schema":{"@context":"https:\/\/schema.org","@graph":[{"@type":"WebPage","@id":"https:\/\/www.humanium.org\/de\/spanien\/","url":"https:\/\/www.humanium.org\/de\/spanien\/","name":"Kinder in Spanien - Humanium","isPartOf":{"@id":"https:\/\/www.humanium.org\/de\/#website"},"primaryImageOfPage":{"@id":"https:\/\/www.humanium.org\/de\/spanien\/#primaryimage"},"image":{"@id":"https:\/\/www.humanium.org\/de\/spanien\/#primaryimage"},"thumbnailUrl":"https:\/\/www.humanium.org\/fr\/wp-content\/uploads\/2011\/11\/fillette-maessive-flickr.jpg","datePublished":"2016-04-01T08:39:02+00:00","dateModified":"2025-12-05T17:10:59+00:00","description":"Spanien besitzt einen hohen Prozentsatz an armen Menschen. Das sorgt f\u00fcr Diskriminierung, die Kindern den Zugang zu Ihren Rechten verwehrt.","breadcrumb":{"@id":"https:\/\/www.humanium.org\/de\/spanien\/#breadcrumb"},"inLanguage":"de","potentialAction":[{"@type":"ReadAction","target":["https:\/\/www.humanium.org\/de\/spanien\/"]}]},{"@type":"ImageObject","inLanguage":"de","@id":"https:\/\/www.humanium.org\/de\/spanien\/#primaryimage","url":"https:\/\/www.humanium.org\/fr\/wp-content\/uploads\/2011\/11\/fillette-maessive-flickr.jpg","contentUrl":"https:\/\/www.humanium.org\/fr\/wp-content\/uploads\/2011\/11\/fillette-maessive-flickr.jpg"},{"@type":"BreadcrumbList","@id":"https:\/\/www.humanium.org\/de\/spanien\/#breadcrumb","itemListElement":[{"@type":"ListItem","position":1,"name":"Home","item":"https:\/\/www.humanium.org\/de\/"},{"@type":"ListItem","position":2,"name":"Kinder in Spanien"}]},{"@type":"WebSite","@id":"https:\/\/www.humanium.org\/de\/#website","url":"https:\/\/www.humanium.org\/de\/","name":"Humanium","description":"Kinder zuerst!","potentialAction":[{"@type":"SearchAction","target":{"@type":"EntryPoint","urlTemplate":"https:\/\/www.humanium.org\/de\/?s={search_term_string}"},"query-input":{"@type":"PropertyValueSpecification","valueRequired":true,"valueName":"search_term_string"}}],"inLanguage":"de"}]}},"_links":{"self":[{"href":"https:\/\/www.humanium.org\/de\/wp-json\/wp\/v2\/pages\/6246","targetHints":{"allow":["GET"]}}],"collection":[{"href":"https:\/\/www.humanium.org\/de\/wp-json\/wp\/v2\/pages"}],"about":[{"href":"https:\/\/www.humanium.org\/de\/wp-json\/wp\/v2\/types\/page"}],"author":[{"embeddable":true,"href":"https:\/\/www.humanium.org\/de\/wp-json\/wp\/v2\/users\/1"}],"replies":[{"embeddable":true,"href":"https:\/\/www.humanium.org\/de\/wp-json\/wp\/v2\/comments?post=6246"}],"version-history":[{"count":3,"href":"https:\/\/www.humanium.org\/de\/wp-json\/wp\/v2\/pages\/6246\/revisions"}],"predecessor-version":[{"id":20172,"href":"https:\/\/www.humanium.org\/de\/wp-json\/wp\/v2\/pages\/6246\/revisions\/20172"}],"wp:attachment":[{"href":"https:\/\/www.humanium.org\/de\/wp-json\/wp\/v2\/media?parent=6246"}],"curies":[{"name":"wp","href":"https:\/\/api.w.org\/{rel}","templated":true}]}}