{"id":6251,"date":"2016-04-05T08:25:00","date_gmt":"2016-04-05T08:25:00","guid":{"rendered":"http:\/\/www.humanium.org\/de\/?page_id=6251"},"modified":"2025-12-05T17:12:56","modified_gmt":"2025-12-05T17:12:56","slug":"montenegro","status":"publish","type":"page","link":"https:\/\/www.humanium.org\/de\/montenegro\/","title":{"rendered":"Kinder in Montenegro"},"content":{"rendered":"<h1>Kinder in Montenegro<\/h1>\n<h2>Die Verwirklichung der\u00a0Kinderrechte in Montenegro<\/h2>\n<p style=\"text-align: center;\"><img loading=\"lazy\" decoding=\"async\" class=\"alignnone size-full wp-image-24997\" title=\"Junges M\u00e4dchen in Montenegro \u00a9 Donchili (Flickr)\" src=\"https:\/\/www.humanium.org\/fr\/wp-content\/uploads\/2012\/11\/jeune-fille-donchili.jpg\" alt=\"\" width=\"154\" height=\"200\" \/><\/p>\n<p>Montenegro hat sich zum Schutz der Rechte von Kindern verpflichtet, was sich unter anderem in der Ratifizierung der Internationalen Kinderrechtskonvention und der dazugeh\u00f6rigen optionalen Protokolle zeigt. Doch obwohl das Land sogar Programme ins Leben ruft, um Diskriminierung insbesondere gegen\u00fcber behinderten Kindern zu bek\u00e4mpfen, sind die Beh\u00f6rden weiterhin mit diesem tief in der Gesellschaft verwurzelten Problem konfrontiert.<\/p>\n<h3>Hauptprobleme, mit denen Kinder in Montenegro konfrontiert sind:<\/h3>\n<p><strong>Diskriminierung<\/strong><\/p>\n<p>Unterschiede in der Behandlung, wenn es um den Zugang zu Bildung und zur Gesundheitsversorgung geht, bestehen f\u00fcr Fl\u00fcchtlings- und behinderte Kinder ebenso wie f\u00fcr Kinder, die Minderheiten angeh\u00f6ren.<\/p>\n<p><a href=\"https:\/\/www.humanium.org\/de\/recht-bildung\/\"><strong>Das Recht auf Bildung<\/strong><\/a><\/p>\n<p><img loading=\"lazy\" decoding=\"async\" class=\"alignright size-full wp-image-25001\" title=\"Armut unter den Roma in Montenegro besteht weiterhin \u00a9 Aleksandar Uro\u0161evi\u0107 (Flickr)\" src=\"https:\/\/www.humanium.org\/fr\/wp-content\/uploads\/2012\/11\/Aleksandar-Urosevic-Flickr.jpg\" alt=\"\" width=\"240\" height=\"167\" \/>Obwohl das Land eine Strategie implementiert hat, um die Situation der Roma-Gemeinden zu verbessern, ist man sich in Montenegro bewusst dar\u00fcber, dass eine bedeutende Zahl der Kinder aus diesen Gemeinden keine Grundschulbildung genie\u00dft.<br \/>\nEiner der Gr\u00fcnde daf\u00fcr ist das Fehlen von Unterrichtsstunden in ihrer Muttersprache und die Schwierigkeit, ihnen ein Grundwissen der montenegrinischen Sprache zu vermitteln, bevor sie eingeschult werden.<\/p>\n<p>Obwohl es ein Programm gibt, mit dem Unterrichtsassistenten eingestellt werden sollen, um Roma-Kindern bei der Eingew\u00f6hnung in der neuen Klasse zu helfen und Sprachschwierigkeiten zu \u00fcberwinden, fehlt es dem Bildungssystem an einer ausreichenden Zahl geeigneter Kandidaten, die die n\u00f6tigen Qualifikationen f\u00fcr diese Stellen mitbringen.<\/p>\n<p>Dar\u00fcber hinaus leben viele Roma-Kinder in entlegenen Gegenden oder in Fl\u00fcchtlingslagern, was den Weg zur Schule f\u00fcr sie sehr beschwerlich macht.<\/p>\n<p><a href=\"https:\/\/www.humanium.org\/de\/das-recht-auf-gesundheit\/\"><strong>Das Recht auf Gesundheit<\/strong><\/a><\/p>\n<p>Der ungekl\u00e4rte rechtliche Status von Roma-, Ashkali- und \u00e4gyptischen Familien stellt ein gro\u00dfes Hindernis f\u00fcr den Zugang zur Krankenversicherung dar.<\/p>\n<p>Zugang zur Gesundheitsversorgung ist ebenfalls begrenzt und au\u00dferhalb der Hauptstadt ungerecht verteilt. Leider sind Roma- und behinderte Kinder davon am st\u00e4rksten betroffen.<\/p>\n<p><strong><img loading=\"lazy\" decoding=\"async\" class=\"alignright size-full wp-image-25002\" title=\"Eine bedeutende Zahl von Menschen in Montenegro greift noch immer zur Pr\u00fcgelstrafe \u00a9 Darij et Ana (Flickr)\" src=\"https:\/\/www.humanium.org\/fr\/wp-content\/uploads\/2012\/11\/darij-et-ana.jpg\" alt=\"\" width=\"208\" height=\"185\" \/><a href=\"https:\/\/www.humanium.org\/de\/armut\/\">Armut<\/a><\/strong><\/p>\n<p>Das Kinderrechtskommittee ist besorgt dar\u00fcber, dass zahlreiche Roma-Familien in Armut leben und deshalb sozial benachteiligt und isoliert unter entsetzlichen Bedingungen leben m\u00fcssen.<\/p>\n<p><a href=\"https:\/\/www.humanium.org\/de\/recht-auf-identitat\/\"><strong>Das Recht auf Identit\u00e4t<\/strong><\/a><\/p>\n<p>Das Land beherbergt viele vertriebene Menschen, aber nur wenige von ihnen sind registriert und im Besitz von Dokumenten, aus denen ihre Identit\u00e4t hervorgeht.<br \/>\nMit dem Fehlen dieser Dokumente ist es auch schwerer f\u00fcr Eltern, ihre Kinder registrieren zu lassen.<\/p>\n<p>In Verbindung mit der Strategie zur Verbesserung der Lebenssituation der Roma h\u00e4tte das Land auch bei der Erstellung und Herausgabe pers\u00f6nlicher Dokumente behilflich sein sollen. 2011 hatte Montenegro von diesem Vorsto\u00df aber nur sehr selten Gebrauch gemacht.<\/p>\n<p><a href=\"https:\/\/www.humanium.org\/de\/gewalt\/\"><strong>Gewalt<\/strong><\/a><\/p>\n<p>Die Rechtm\u00e4\u00dfigkeit der Pr\u00fcgelstrafe im Land sorgt daf\u00fcr, dass diese Praxis auch in vielen Familien verbreitet ist, ebenso wie in bestimmten Institutionen sowie im Rechts- und im Schulsystem. Behinderte Kinder werden besonders h\u00e4ufig Opfer dieser Praxis.<\/p>\n<p>Die erhebliche Zahl der Kinder, die missbraucht oder sexuell ausgebeutet wurden und die Tatsache, dass nur wenige derjenigen, die Gewalt gegen\u00fcber Kindern anwenden, strafrechtlich verfolgt werden, ist ein weiterer Grund zur Sorge.<\/p>\n<p><a href=\"https:\/\/www.humanium.org\/de\/kinder-im-justizsystem\/\"><strong>Das Jugendstrafrecht<\/strong><\/a><\/p>\n<p>Obwohl die Implementierung von spezieller Gesetzgebung und speziellen Ma\u00dfnahmen f\u00fcr straff\u00e4llige Minderj\u00e4hrige empfohlen wird, sind die Gesetze, die hierzu in Montenegro zur Anwendung kommen, praktisch die gleichen f\u00fcr Minderj\u00e4hrige wie f\u00fcr Erwachsene.<\/p>\n<p>Diese Praxis besteht fort, obwohl Studien gezeigt haben, dass ein spezielles Strafrecht f\u00fcr Minderj\u00e4hrige \u201evielversprechender\u201c sei.<\/p>\n<p><img loading=\"lazy\" decoding=\"async\" class=\"alignright size-full wp-image-24999\" title=\"Eine bedeutende Zahl von Menschen in Montenegro greift noch immer zur Pr\u00fcgelstrafe \u00a9 Amekinfo (Flickr)\" src=\"https:\/\/www.humanium.org\/fr\/wp-content\/uploads\/2012\/11\/amekinfo.jpg\" alt=\"\" width=\"178\" height=\"185\" \/><a href=\"https:\/\/www.humanium.org\/de\/strasenkinder\/\"><strong>Stra\u00dfenkinder<\/strong><\/a><\/p>\n<p>Auch in Montenegro gibt es Kinder, die auf den Stra\u00dfen leben und arbeiten m\u00fcssen, von denen die meisten Roma Kinder sind. Diese Kinder sind in Gefahr und \u201eleichte Beute\u201c f\u00fcr all jene, die sexuelle Ausbeutung betreiben oder Menschenhandel betreiben.<\/p>\n<p><strong>Datensicherung<\/strong><\/p>\n<p>Gem\u00e4\u00df der internationalen Kinderrechtskonvention ist es von zentraler Bedeutung, dass Staaten Mechanismen zur Sammlung und Analyse von relevanten Daten schaffen, um die Auswirkungen von Richtlinien, die die Kinderrechte betreffen, zu beobachten und zu evaluieren.<\/p>\n<p>Nichtsdestotrotz stellte das Kinderrechtskommittee 2010 M\u00e4ngel bei dieser Datensammlung von Seiten Montenegros fest.<\/p>\n","protected":false},"excerpt":{"rendered":"<p>Kinder in Montenegro Die Verwirklichung der\u00a0Kinderrechte in Montenegro Montenegro hat sich zum Schutz der Rechte von Kindern verpflichtet, was sich unter anderem in der Ratifizierung der Internationalen Kinderrechtskonvention und der dazugeh\u00f6rigen optionalen Protokolle zeigt. Doch obwohl das Land sogar Programme ins Leben ruft, um Diskriminierung insbesondere gegen\u00fcber behinderten Kindern zu bek\u00e4mpfen, sind die Beh\u00f6rden weiterhin [&hellip;]<\/p>\n","protected":false},"author":1,"featured_media":0,"parent":0,"menu_order":0,"comment_status":"closed","ping_status":"closed","template":"","meta":{"footnotes":""},"class_list":["post-6251","page","type-page","status-publish","hentry"],"yoast_head":"<!-- This site is optimized with the Yoast SEO plugin v26.5 - https:\/\/yoast.com\/wordpress\/plugins\/seo\/ -->\n<title>Kinder in Montenegro - Humanium<\/title>\n<meta name=\"description\" content=\"Obwohl Montenegro sogar Programme ins Leben ruft, um Diskriminierung zu bek\u00e4mpfen, sind die Beh\u00f6rden weiterhin mit diesem Problem konfrontiert.\" \/>\n<meta name=\"robots\" content=\"index, follow, max-snippet:-1, max-image-preview:large, max-video-preview:-1\" \/>\n<link rel=\"canonical\" href=\"https:\/\/www.humanium.org\/de\/montenegro\/\" \/>\n<meta property=\"og:locale\" content=\"de_DE\" \/>\n<meta property=\"og:type\" content=\"article\" \/>\n<meta property=\"og:title\" content=\"Kinder in Montenegro - Humanium\" \/>\n<meta property=\"og:description\" content=\"Obwohl Montenegro sogar Programme ins Leben ruft, um Diskriminierung zu bek\u00e4mpfen, sind die Beh\u00f6rden weiterhin mit diesem Problem konfrontiert.\" \/>\n<meta property=\"og:url\" content=\"https:\/\/www.humanium.org\/de\/montenegro\/\" \/>\n<meta property=\"og:site_name\" content=\"Humanium\" \/>\n<meta property=\"article:modified_time\" content=\"2025-12-05T17:12:56+00:00\" \/>\n<meta name=\"twitter:card\" content=\"summary_large_image\" \/>\n<meta name=\"twitter:label1\" content=\"Gesch\u00e4tzte Lesezeit\" \/>\n\t<meta name=\"twitter:data1\" content=\"5\u00a0Minuten\" \/>\n<script type=\"application\/ld+json\" class=\"yoast-schema-graph\">{\"@context\":\"https:\/\/schema.org\",\"@graph\":[{\"@type\":\"WebPage\",\"@id\":\"https:\/\/www.humanium.org\/de\/montenegro\/\",\"url\":\"https:\/\/www.humanium.org\/de\/montenegro\/\",\"name\":\"Kinder in Montenegro - Humanium\",\"isPartOf\":{\"@id\":\"https:\/\/www.humanium.org\/de\/#website\"},\"primaryImageOfPage\":{\"@id\":\"https:\/\/www.humanium.org\/de\/montenegro\/#primaryimage\"},\"image\":{\"@id\":\"https:\/\/www.humanium.org\/de\/montenegro\/#primaryimage\"},\"thumbnailUrl\":\"https:\/\/www.humanium.org\/fr\/wp-content\/uploads\/2012\/11\/jeune-fille-donchili.jpg\",\"datePublished\":\"2016-04-05T08:25:00+00:00\",\"dateModified\":\"2025-12-05T17:12:56+00:00\",\"description\":\"Obwohl Montenegro sogar Programme ins Leben ruft, um Diskriminierung zu bek\u00e4mpfen, sind die Beh\u00f6rden weiterhin mit diesem Problem konfrontiert.\",\"breadcrumb\":{\"@id\":\"https:\/\/www.humanium.org\/de\/montenegro\/#breadcrumb\"},\"inLanguage\":\"de\",\"potentialAction\":[{\"@type\":\"ReadAction\",\"target\":[\"https:\/\/www.humanium.org\/de\/montenegro\/\"]}]},{\"@type\":\"ImageObject\",\"inLanguage\":\"de\",\"@id\":\"https:\/\/www.humanium.org\/de\/montenegro\/#primaryimage\",\"url\":\"https:\/\/www.humanium.org\/fr\/wp-content\/uploads\/2012\/11\/jeune-fille-donchili.jpg\",\"contentUrl\":\"https:\/\/www.humanium.org\/fr\/wp-content\/uploads\/2012\/11\/jeune-fille-donchili.jpg\"},{\"@type\":\"BreadcrumbList\",\"@id\":\"https:\/\/www.humanium.org\/de\/montenegro\/#breadcrumb\",\"itemListElement\":[{\"@type\":\"ListItem\",\"position\":1,\"name\":\"Home\",\"item\":\"https:\/\/www.humanium.org\/de\/\"},{\"@type\":\"ListItem\",\"position\":2,\"name\":\"Kinder in Montenegro\"}]},{\"@type\":\"WebSite\",\"@id\":\"https:\/\/www.humanium.org\/de\/#website\",\"url\":\"https:\/\/www.humanium.org\/de\/\",\"name\":\"Humanium\",\"description\":\"Kinder zuerst!\",\"potentialAction\":[{\"@type\":\"SearchAction\",\"target\":{\"@type\":\"EntryPoint\",\"urlTemplate\":\"https:\/\/www.humanium.org\/de\/?s={search_term_string}\"},\"query-input\":{\"@type\":\"PropertyValueSpecification\",\"valueRequired\":true,\"valueName\":\"search_term_string\"}}],\"inLanguage\":\"de\"}]}<\/script>\n<!-- \/ Yoast SEO plugin. -->","yoast_head_json":{"title":"Kinder in Montenegro - Humanium","description":"Obwohl Montenegro sogar Programme ins Leben ruft, um Diskriminierung zu bek\u00e4mpfen, sind die Beh\u00f6rden weiterhin mit diesem Problem konfrontiert.","robots":{"index":"index","follow":"follow","max-snippet":"max-snippet:-1","max-image-preview":"max-image-preview:large","max-video-preview":"max-video-preview:-1"},"canonical":"https:\/\/www.humanium.org\/de\/montenegro\/","og_locale":"de_DE","og_type":"article","og_title":"Kinder in Montenegro - Humanium","og_description":"Obwohl Montenegro sogar Programme ins Leben ruft, um Diskriminierung zu bek\u00e4mpfen, sind die Beh\u00f6rden weiterhin mit diesem Problem konfrontiert.","og_url":"https:\/\/www.humanium.org\/de\/montenegro\/","og_site_name":"Humanium","article_modified_time":"2025-12-05T17:12:56+00:00","twitter_card":"summary_large_image","twitter_misc":{"Gesch\u00e4tzte Lesezeit":"5\u00a0Minuten"},"schema":{"@context":"https:\/\/schema.org","@graph":[{"@type":"WebPage","@id":"https:\/\/www.humanium.org\/de\/montenegro\/","url":"https:\/\/www.humanium.org\/de\/montenegro\/","name":"Kinder in Montenegro - Humanium","isPartOf":{"@id":"https:\/\/www.humanium.org\/de\/#website"},"primaryImageOfPage":{"@id":"https:\/\/www.humanium.org\/de\/montenegro\/#primaryimage"},"image":{"@id":"https:\/\/www.humanium.org\/de\/montenegro\/#primaryimage"},"thumbnailUrl":"https:\/\/www.humanium.org\/fr\/wp-content\/uploads\/2012\/11\/jeune-fille-donchili.jpg","datePublished":"2016-04-05T08:25:00+00:00","dateModified":"2025-12-05T17:12:56+00:00","description":"Obwohl Montenegro sogar Programme ins Leben ruft, um Diskriminierung zu bek\u00e4mpfen, sind die Beh\u00f6rden weiterhin mit diesem Problem konfrontiert.","breadcrumb":{"@id":"https:\/\/www.humanium.org\/de\/montenegro\/#breadcrumb"},"inLanguage":"de","potentialAction":[{"@type":"ReadAction","target":["https:\/\/www.humanium.org\/de\/montenegro\/"]}]},{"@type":"ImageObject","inLanguage":"de","@id":"https:\/\/www.humanium.org\/de\/montenegro\/#primaryimage","url":"https:\/\/www.humanium.org\/fr\/wp-content\/uploads\/2012\/11\/jeune-fille-donchili.jpg","contentUrl":"https:\/\/www.humanium.org\/fr\/wp-content\/uploads\/2012\/11\/jeune-fille-donchili.jpg"},{"@type":"BreadcrumbList","@id":"https:\/\/www.humanium.org\/de\/montenegro\/#breadcrumb","itemListElement":[{"@type":"ListItem","position":1,"name":"Home","item":"https:\/\/www.humanium.org\/de\/"},{"@type":"ListItem","position":2,"name":"Kinder in Montenegro"}]},{"@type":"WebSite","@id":"https:\/\/www.humanium.org\/de\/#website","url":"https:\/\/www.humanium.org\/de\/","name":"Humanium","description":"Kinder zuerst!","potentialAction":[{"@type":"SearchAction","target":{"@type":"EntryPoint","urlTemplate":"https:\/\/www.humanium.org\/de\/?s={search_term_string}"},"query-input":{"@type":"PropertyValueSpecification","valueRequired":true,"valueName":"search_term_string"}}],"inLanguage":"de"}]}},"_links":{"self":[{"href":"https:\/\/www.humanium.org\/de\/wp-json\/wp\/v2\/pages\/6251","targetHints":{"allow":["GET"]}}],"collection":[{"href":"https:\/\/www.humanium.org\/de\/wp-json\/wp\/v2\/pages"}],"about":[{"href":"https:\/\/www.humanium.org\/de\/wp-json\/wp\/v2\/types\/page"}],"author":[{"embeddable":true,"href":"https:\/\/www.humanium.org\/de\/wp-json\/wp\/v2\/users\/1"}],"replies":[{"embeddable":true,"href":"https:\/\/www.humanium.org\/de\/wp-json\/wp\/v2\/comments?post=6251"}],"version-history":[{"count":6,"href":"https:\/\/www.humanium.org\/de\/wp-json\/wp\/v2\/pages\/6251\/revisions"}],"predecessor-version":[{"id":20186,"href":"https:\/\/www.humanium.org\/de\/wp-json\/wp\/v2\/pages\/6251\/revisions\/20186"}],"wp:attachment":[{"href":"https:\/\/www.humanium.org\/de\/wp-json\/wp\/v2\/media?parent=6251"}],"curies":[{"name":"wp","href":"https:\/\/api.w.org\/{rel}","templated":true}]}}