{"id":6314,"date":"2016-04-14T20:09:50","date_gmt":"2016-04-14T20:09:50","guid":{"rendered":"http:\/\/www.humanium.org\/de\/?page_id=6314"},"modified":"2025-12-05T17:03:48","modified_gmt":"2025-12-05T17:03:48","slug":"liechtenstein","status":"publish","type":"page","link":"https:\/\/www.humanium.org\/de\/liechtenstein\/","title":{"rendered":"Kinder in Liechtenstein"},"content":{"rendered":"<h1>Kinder in Liechtenstein<\/h1>\n<h2>Die Verwirklichung der Kinderrechte in Liechtenstein<\/h2>\n<p style=\"text-align: center;\"><img loading=\"lazy\" decoding=\"async\" class=\"alignnone size-full wp-image-6803\" title=\"Ein M\u00e4dchen aus Liechtenstein \u00a9 Vauvau (flickr)\" src=\"https:\/\/www.humanium.org\/en\/wp-content\/uploads\/2012\/03\/fillette-en-rose-vauvau-flickr.jpg\" alt=\"\" width=\"125\" height=\"200\" \/> <img loading=\"lazy\" decoding=\"async\" class=\"alignnone size-full wp-image-6804\" title=\"Ein Junge aus Liechtenstein \u00a9 Sola Deo Gloria (gettyimages)\" src=\"https:\/\/www.humanium.org\/en\/wp-content\/uploads\/2012\/03\/garcon-souriant-sola-deo-gloria-gettyimages.jpg\" alt=\"\" width=\"229\" height=\"200\" \/><\/p>\n<p>Liechtenstein steht an erster Stelle unseres Index zur Umsetzung von Kinderrechten (ICDE) und somit kann dem Land im Bereich des Schutzes der Kinderrechte nichts nachgesagt werden. Die Lage der Kinder ist tats\u00e4chlich sehr gut in Liechtenstein. Das liegt zum Teil daran, dass das Land sehr klein ist; die Gr\u00f6\u00dfe vereinfacht die Kontrolle und Umsetzung der Gesetze. Allerdings sind immer noch ein paar Verbesserungen m\u00f6glich.<\/p>\n<h3>Hauptprobleme, mit denen Kinder in Liechtenstein konfrontiert sind:<\/h3>\n<p><strong>Die Justiz<\/strong><\/p>\n<p><img loading=\"lazy\" decoding=\"async\" class=\"alignright size-full wp-image-6805\" title=\"Angemessene Bedingungen f\u00fcr Minderj\u00e4hrige in Haft ist sehr wichtig \u00a9 Katerha (flickr)\" src=\"https:\/\/www.humanium.org\/en\/wp-content\/uploads\/2012\/03\/barbele-katerha-flickr.jpg\" alt=\"\" width=\"200\" height=\"150\" \/>Das Gesetz Liechtensteins definiert die maximale Haftzeit vor dem Gerichtsurteil von Jugendlichen unter 18 Jahren nicht eindeutig. Nach der <a href=\"https:\/\/www.humanium.org\/de\/kinderrechte\/\">Kinderrechtskonvention<\/a> sollte die Haftzeit geringer sein als die maximale Haftzeit f\u00fcr Erwachsene. Dabei sollte eine Haft nur als letzte M\u00f6glichkeit in Betracht gezogen werden und unter angemessenen Bedingungen stattfinden. Die Haftdauer sollte dabei so gering wie m\u00f6glich sein.<\/p>\n<p>Liechtenstein verf\u00fcgt \u00fcber keine Armee. Dennoch k\u00f6nnen im Falle eines Krieges oder einer Notsituation die B\u00fcrger des Landes eingezogen werden und das Gesetz gibt hierf\u00fcr kein Mindestalter an. Kinder k\u00f6nnten also theoretisch eingezogen werden.<\/p>\n<p>Ebenso wird der Einzug von <a href=\"https:\/\/www.humanium.org\/de\/kindersoldaten\/\">Kindern in bewaffnete Gruppen<\/a> (innerhalb des Landes oder au\u00dferhalb) nicht vom Gesetz bestraft.<\/p>\n<p><strong>Die Aufnahme von Ausl\u00e4ndern<\/strong><\/p>\n<p>Obwohl Liechtenstein \u00fcber ein gutes Aufnahmezentrum f\u00fcr Asylbewerber verf\u00fcgt, ist der zust\u00e4ndige Vertreter von Nichtregierungsorganisationen nicht immer anwesend bei den Terminen zur \u00dcberpr\u00fcfung der Bewerber. Seine Anwesenheit hingegen sorgt daf\u00fcr, dass es nicht zu <a href=\"https:\/\/www.humanium.org\/de\/focusdiskriminierung\/\">Diskriminierungen<\/a> kommt.<\/p>\n<p>Zudem ist es sehr schwierig, die liechtensteinische Staatsangeh\u00f6rigkeit zu bekommen. Die Bewerber, die sie nicht durch Heirat erlangen, m\u00fcssen 30 Jahre lang im Land gelebt haben (die Jahre, die man vor dem 20. Lebensjahr in Liechtenstein verbracht hat, z\u00e4hlen doppelt). Die doppelte Staatsangeh\u00f6rigkeit ist verboten, also m\u00fcssen Kinder, die die liechtensteinische Staatsangeh\u00f6rigkeit erhalten wollen, ihre vorherige aufgeben. Das trennt sie von ihrem Ursprungsland.<\/p>\n<p><strong>Die Integration von Ausl\u00e4ndern<\/strong><\/p>\n<p>Die Regierung k\u00fcmmert sich aktiv um die \u00dcberwachung von rassistischen Bewegungen und rechtsextremistischen Str\u00f6mungen, die Gewalt auch in den Schulen provozieren. Dennoch ist die Integration von Ausl\u00e4ndern, die immerhin fast 35% der Bev\u00f6lkerung ausmachen, noch immer unzureichend und es f\u00e4llt Ausl\u00e4ndern schwer, ihren Platz in der Gesellschaft zu finden.<\/p>\n<p><img loading=\"lazy\" decoding=\"async\" class=\"alignright size-full wp-image-6806\" title=\"Ausl\u00e4nder sind in der Schule benachteiligt \u00a9 Alamosbasement (flickr)\" src=\"https:\/\/www.humanium.org\/en\/wp-content\/uploads\/2012\/03\/ecole-alamosbasement-flickr.jpg\" alt=\"\" width=\"200\" height=\"150\" \/>Die Sprachbarriere ist zudem ein gro\u00dfes Problem f\u00fcr eingewanderte Kinder, die kein Deutsch sprechen, welche die offizielle Sprache des Landes ist. Sie erfahren erhebliche Nachteile in der Schule: Ihre Schulnoten sind schlechter und sie haben im Durchschnitt weniger Unterrichtsstunden als Kinder aus Liechtenstein.<\/p>\n<p><strong>Sexualit\u00e4t<\/strong><\/p>\n<p>Die Regierung misst jungen M\u00e4dchen, die schon im jungen Alter, gewollt oder ungewollt, schwanger werden, nicht genug Aufmerksamkeit bei. So muss die Regierung einen besseren Zugang zu Informationen \u00fcber die sexuelle Gesundheit und Verh\u00fctung f\u00fcr Jugendliche schaffen. Das ist umso wichtiger, da Abtreibungen in Liechtenstein nicht erlaubt sind, au\u00dfer wenn die Gesundheit der Mutter in Gefahr ist oder diese j\u00fcnger als 14 Jahre ist.<\/p>\n<p><a title=\"Abuse\" href=\"https:\/\/www.humanium.org\/de\/misshandlung\/\"><strong>Misshandlungen<\/strong><\/a><\/p>\n<p><img loading=\"lazy\" decoding=\"async\" class=\"alignright size-full wp-image-6807\" title=\"Zu viele Kinder erfahren noch immer Misshandlungen \u00a9 Henning K Vogelsang (gettyimages)\" src=\"https:\/\/www.humanium.org\/en\/wp-content\/uploads\/2012\/03\/fillette-bulle-henning-k-vogelsang-gettyimages.jpg\" alt=\"\" width=\"200\" height=\"150\" \/>H\u00e4usliche Gewalt ist ein besorgniserregendes Problem. Zu viele Kinder m\u00fcssen noch Misshandlungen \u00fcber sich ergehen lassen. Das Gesetz zum Verbot von K\u00f6rperstrafen innerhalb der Familie wurde erst vor kurzem erlassen und die Gewohnheiten sind noch immer in den K\u00f6pfen der Menschen verankert. Die materielle und psychologische Hilfe, die von den Beh\u00f6rden angeboten wird, ist noch immer nicht ausreichend, um den Opfern angemessen zu helfen. Zudem wird nicht ausreichend sensibilisiert und die Ausbildung des polizeilichen und medizinischen Personals ist in diesem Bereich unzureichend, sodass diese sich nicht angemessen k\u00fcmmern k\u00f6nnen.<\/p>\n","protected":false},"excerpt":{"rendered":"<p>Kinder in Liechtenstein Die Verwirklichung der Kinderrechte in Liechtenstein Liechtenstein steht an erster Stelle unseres Index zur Umsetzung von Kinderrechten (ICDE) und somit kann dem Land im Bereich des Schutzes der Kinderrechte nichts nachgesagt werden. Die Lage der Kinder ist tats\u00e4chlich sehr gut in Liechtenstein. Das liegt zum Teil daran, dass das Land sehr klein [&hellip;]<\/p>\n","protected":false},"author":1,"featured_media":0,"parent":0,"menu_order":0,"comment_status":"closed","ping_status":"closed","template":"","meta":{"footnotes":""},"class_list":["post-6314","page","type-page","status-publish","hentry"],"yoast_head":"<!-- This site is optimized with the Yoast SEO plugin v26.5 - https:\/\/yoast.com\/wordpress\/plugins\/seo\/ -->\n<title>Kinder in Liechtenstein - Humanium<\/title>\n<meta name=\"description\" content=\"Die Lage der Kinder ist tats\u00e4chlich sehr gut in Liechtenstein. Allerdings sind immer noch ein paar Verbesserungen m\u00f6glich.\" \/>\n<meta name=\"robots\" content=\"index, follow, max-snippet:-1, max-image-preview:large, max-video-preview:-1\" \/>\n<link rel=\"canonical\" href=\"https:\/\/www.humanium.org\/de\/liechtenstein\/\" \/>\n<meta property=\"og:locale\" content=\"de_DE\" \/>\n<meta property=\"og:type\" content=\"article\" \/>\n<meta property=\"og:title\" content=\"Kinder in Liechtenstein - Humanium\" \/>\n<meta property=\"og:description\" content=\"Die Lage der Kinder ist tats\u00e4chlich sehr gut in Liechtenstein. Allerdings sind immer noch ein paar Verbesserungen m\u00f6glich.\" \/>\n<meta property=\"og:url\" content=\"https:\/\/www.humanium.org\/de\/liechtenstein\/\" \/>\n<meta property=\"og:site_name\" content=\"Humanium\" \/>\n<meta property=\"article:modified_time\" content=\"2025-12-05T17:03:48+00:00\" \/>\n<meta name=\"twitter:card\" content=\"summary_large_image\" \/>\n<meta name=\"twitter:label1\" content=\"Gesch\u00e4tzte Lesezeit\" \/>\n\t<meta name=\"twitter:data1\" content=\"5\u00a0Minuten\" \/>\n<script type=\"application\/ld+json\" class=\"yoast-schema-graph\">{\"@context\":\"https:\/\/schema.org\",\"@graph\":[{\"@type\":\"WebPage\",\"@id\":\"https:\/\/www.humanium.org\/de\/liechtenstein\/\",\"url\":\"https:\/\/www.humanium.org\/de\/liechtenstein\/\",\"name\":\"Kinder in Liechtenstein - Humanium\",\"isPartOf\":{\"@id\":\"https:\/\/www.humanium.org\/de\/#website\"},\"primaryImageOfPage\":{\"@id\":\"https:\/\/www.humanium.org\/de\/liechtenstein\/#primaryimage\"},\"image\":{\"@id\":\"https:\/\/www.humanium.org\/de\/liechtenstein\/#primaryimage\"},\"thumbnailUrl\":\"https:\/\/www.humanium.org\/en\/wp-content\/uploads\/2012\/03\/fillette-en-rose-vauvau-flickr.jpg\",\"datePublished\":\"2016-04-14T20:09:50+00:00\",\"dateModified\":\"2025-12-05T17:03:48+00:00\",\"description\":\"Die Lage der Kinder ist tats\u00e4chlich sehr gut in Liechtenstein. Allerdings sind immer noch ein paar Verbesserungen m\u00f6glich.\",\"breadcrumb\":{\"@id\":\"https:\/\/www.humanium.org\/de\/liechtenstein\/#breadcrumb\"},\"inLanguage\":\"de\",\"potentialAction\":[{\"@type\":\"ReadAction\",\"target\":[\"https:\/\/www.humanium.org\/de\/liechtenstein\/\"]}]},{\"@type\":\"ImageObject\",\"inLanguage\":\"de\",\"@id\":\"https:\/\/www.humanium.org\/de\/liechtenstein\/#primaryimage\",\"url\":\"https:\/\/www.humanium.org\/en\/wp-content\/uploads\/2012\/03\/fillette-en-rose-vauvau-flickr.jpg\",\"contentUrl\":\"https:\/\/www.humanium.org\/en\/wp-content\/uploads\/2012\/03\/fillette-en-rose-vauvau-flickr.jpg\"},{\"@type\":\"BreadcrumbList\",\"@id\":\"https:\/\/www.humanium.org\/de\/liechtenstein\/#breadcrumb\",\"itemListElement\":[{\"@type\":\"ListItem\",\"position\":1,\"name\":\"Home\",\"item\":\"https:\/\/www.humanium.org\/de\/\"},{\"@type\":\"ListItem\",\"position\":2,\"name\":\"Kinder in Liechtenstein\"}]},{\"@type\":\"WebSite\",\"@id\":\"https:\/\/www.humanium.org\/de\/#website\",\"url\":\"https:\/\/www.humanium.org\/de\/\",\"name\":\"Humanium\",\"description\":\"Kinder zuerst!\",\"potentialAction\":[{\"@type\":\"SearchAction\",\"target\":{\"@type\":\"EntryPoint\",\"urlTemplate\":\"https:\/\/www.humanium.org\/de\/?s={search_term_string}\"},\"query-input\":{\"@type\":\"PropertyValueSpecification\",\"valueRequired\":true,\"valueName\":\"search_term_string\"}}],\"inLanguage\":\"de\"}]}<\/script>\n<!-- \/ Yoast SEO plugin. -->","yoast_head_json":{"title":"Kinder in Liechtenstein - Humanium","description":"Die Lage der Kinder ist tats\u00e4chlich sehr gut in Liechtenstein. Allerdings sind immer noch ein paar Verbesserungen m\u00f6glich.","robots":{"index":"index","follow":"follow","max-snippet":"max-snippet:-1","max-image-preview":"max-image-preview:large","max-video-preview":"max-video-preview:-1"},"canonical":"https:\/\/www.humanium.org\/de\/liechtenstein\/","og_locale":"de_DE","og_type":"article","og_title":"Kinder in Liechtenstein - Humanium","og_description":"Die Lage der Kinder ist tats\u00e4chlich sehr gut in Liechtenstein. Allerdings sind immer noch ein paar Verbesserungen m\u00f6glich.","og_url":"https:\/\/www.humanium.org\/de\/liechtenstein\/","og_site_name":"Humanium","article_modified_time":"2025-12-05T17:03:48+00:00","twitter_card":"summary_large_image","twitter_misc":{"Gesch\u00e4tzte Lesezeit":"5\u00a0Minuten"},"schema":{"@context":"https:\/\/schema.org","@graph":[{"@type":"WebPage","@id":"https:\/\/www.humanium.org\/de\/liechtenstein\/","url":"https:\/\/www.humanium.org\/de\/liechtenstein\/","name":"Kinder in Liechtenstein - Humanium","isPartOf":{"@id":"https:\/\/www.humanium.org\/de\/#website"},"primaryImageOfPage":{"@id":"https:\/\/www.humanium.org\/de\/liechtenstein\/#primaryimage"},"image":{"@id":"https:\/\/www.humanium.org\/de\/liechtenstein\/#primaryimage"},"thumbnailUrl":"https:\/\/www.humanium.org\/en\/wp-content\/uploads\/2012\/03\/fillette-en-rose-vauvau-flickr.jpg","datePublished":"2016-04-14T20:09:50+00:00","dateModified":"2025-12-05T17:03:48+00:00","description":"Die Lage der Kinder ist tats\u00e4chlich sehr gut in Liechtenstein. Allerdings sind immer noch ein paar Verbesserungen m\u00f6glich.","breadcrumb":{"@id":"https:\/\/www.humanium.org\/de\/liechtenstein\/#breadcrumb"},"inLanguage":"de","potentialAction":[{"@type":"ReadAction","target":["https:\/\/www.humanium.org\/de\/liechtenstein\/"]}]},{"@type":"ImageObject","inLanguage":"de","@id":"https:\/\/www.humanium.org\/de\/liechtenstein\/#primaryimage","url":"https:\/\/www.humanium.org\/en\/wp-content\/uploads\/2012\/03\/fillette-en-rose-vauvau-flickr.jpg","contentUrl":"https:\/\/www.humanium.org\/en\/wp-content\/uploads\/2012\/03\/fillette-en-rose-vauvau-flickr.jpg"},{"@type":"BreadcrumbList","@id":"https:\/\/www.humanium.org\/de\/liechtenstein\/#breadcrumb","itemListElement":[{"@type":"ListItem","position":1,"name":"Home","item":"https:\/\/www.humanium.org\/de\/"},{"@type":"ListItem","position":2,"name":"Kinder in Liechtenstein"}]},{"@type":"WebSite","@id":"https:\/\/www.humanium.org\/de\/#website","url":"https:\/\/www.humanium.org\/de\/","name":"Humanium","description":"Kinder zuerst!","potentialAction":[{"@type":"SearchAction","target":{"@type":"EntryPoint","urlTemplate":"https:\/\/www.humanium.org\/de\/?s={search_term_string}"},"query-input":{"@type":"PropertyValueSpecification","valueRequired":true,"valueName":"search_term_string"}}],"inLanguage":"de"}]}},"_links":{"self":[{"href":"https:\/\/www.humanium.org\/de\/wp-json\/wp\/v2\/pages\/6314","targetHints":{"allow":["GET"]}}],"collection":[{"href":"https:\/\/www.humanium.org\/de\/wp-json\/wp\/v2\/pages"}],"about":[{"href":"https:\/\/www.humanium.org\/de\/wp-json\/wp\/v2\/types\/page"}],"author":[{"embeddable":true,"href":"https:\/\/www.humanium.org\/de\/wp-json\/wp\/v2\/users\/1"}],"replies":[{"embeddable":true,"href":"https:\/\/www.humanium.org\/de\/wp-json\/wp\/v2\/comments?post=6314"}],"version-history":[{"count":3,"href":"https:\/\/www.humanium.org\/de\/wp-json\/wp\/v2\/pages\/6314\/revisions"}],"predecessor-version":[{"id":20143,"href":"https:\/\/www.humanium.org\/de\/wp-json\/wp\/v2\/pages\/6314\/revisions\/20143"}],"wp:attachment":[{"href":"https:\/\/www.humanium.org\/de\/wp-json\/wp\/v2\/media?parent=6314"}],"curies":[{"name":"wp","href":"https:\/\/api.w.org\/{rel}","templated":true}]}}