{"id":6318,"date":"2016-04-14T21:32:35","date_gmt":"2016-04-14T21:32:35","guid":{"rendered":"http:\/\/www.humanium.org\/de\/?page_id=6318"},"modified":"2025-12-05T17:10:45","modified_gmt":"2025-12-05T17:10:45","slug":"ukraine","status":"publish","type":"page","link":"https:\/\/www.humanium.org\/de\/ukraine\/","title":{"rendered":"Kinder in der Ukraine"},"content":{"rendered":"<h1>Kinder in der Ukraine<\/h1>\n<h2>Die Verwirklichung der Kinderrechte in der Ukraine<\/h2>\n<p style=\"text-align: center;\"><img loading=\"lazy\" decoding=\"async\" class=\"alignnone size-full wp-image-4113\" title=\"Ein M\u00e4dchen in der Ukraine \u00a9 Effendi (flickr)\" src=\"https:\/\/www.humanium.org\/en\/wp-content\/uploads\/2011\/10\/tbass-effendi-fillette-flickr-notouche.jpg\" alt=\"\" width=\"267\" height=\"200\" \/> <img loading=\"lazy\" decoding=\"async\" class=\"alignnone size-full wp-image-4114\" title=\"Ein Junge in der Ukraine \u00a9 Tbass effendi (flickr)\" src=\"https:\/\/www.humanium.org\/en\/wp-content\/uploads\/2011\/10\/tbass-effendi-garcon-flickr-notouche.jpg\" alt=\"\" width=\"267\" height=\"200\" \/><\/p>\n<p>Es bestehen weiterhin gewisse Probleme, die Auswirkungen auf das Wohl der ukrainischen Kinder haben. Da die Ukraine die internationale Kinderrechtskonvention ratifiziert hat, ist die Regierung verpflichtet, mehr zu tun, um eine L\u00f6sung f\u00fcr diese Probleme zu finden.<\/p>\n<h3>Hauptprobleme, mit denen die Kinder in der Ukraine konfrontiert sind:<\/h3>\n<p><strong><a href=\"https:\/\/www.humanium.org\/de\/armut\/\">Armut<\/a><\/strong><\/p>\n<p>Ungef\u00e4hr 35% der ukrainischen Bev\u00f6lkerung leben in Armut. Das Land hat vor kurzem die Notwendigkeit der Unterst\u00fctzung f\u00fcr Familien und Kinder und der Verbesserung ihrer Situation unterstrichen. Armut hat weiterhin Auswirkungen auf das Wohlergehen der Kinder und wie sie ihre Rechte genie\u00dfen k\u00f6nnen. Die wirtschaftliche Situation belastet viele Familien, insbesondere wenn sie Kinder im Alter von unter drei Jahren haben.<\/p>\n<p><strong><a href=\"https:\/\/www.humanium.org\/de\/das-recht-auf-gesundheit\/\">Gesundheit<\/a><\/strong><\/p>\n<p>Theoretisch wird die Gesundheitsversorgung in der Ukraine kostenlos erbracht. In der Praxis ist dies jedoch nicht der Fall. Die Kosten sind hoch und die Leistungen selbst sind nicht ausreichend zug\u00e4nglich. Infolgedessen erhalten nicht alle Kinder die<img loading=\"lazy\" decoding=\"async\" class=\"size-full wp-image-4119 alignright\" title=\"Es bestehen weiterhin gewisse Probleme im ukrainischen Gesundheitswesen. \u00a9 World Bank Photo Collection (flickr)\" src=\"https:\/\/www.humanium.org\/en\/wp-content\/uploads\/2011\/10\/sante-world-bank-photo-collection-flickr-notouch.jpg\" alt=\"\" width=\"215\" height=\"161\" \/> ben\u00f6tigte Versorgung. Dies trifft besonders auf Kinder zu, die auf dem Land leben oder deren Familien arm sind.<\/p>\n<p>Unter den ukrainischen Kindern treten gewisse anhaltende gesundheitliche Probleme auf. Die Kindersterblichkeitsrate ist einer der h\u00f6chsten in diesem Teil der Welt. Das Land hat versucht, die Schwangerschafts- und Neugeborenenversorgung zu verbessern, um die Geburtenrate zu steigern. Es muss trotzdem noch mehr unternommen werden, damit das Land den Bed\u00fcrfnissen der Bev\u00f6lkerung nachkommen kann, besonders im l\u00e4ndlichen Raum.<\/p>\n<p><strong><a href=\"https:\/\/www.humanium.org\/de\/kinder-und-aids\/\">AIDS<\/a><\/strong><\/p>\n<p>Die Verbreitung von AIDS stellt weiterhin eine Herausforderung f\u00fcr das ukrainische Gesundheitswesen dar. Das Problem bleibt trotz der Anstrengungen hinsichtlich der Verhinderung von AIDS und der Ma\u00dfnahmen zur Sensibilisierung f\u00fcr den Virus bestehen. Die Mutter-Kind-\u00dcbertragung des Virus wurde eigentlich \u00fcberhaupt nicht verringert.<\/p>\n<p>Kinder, die mit AIDS leben, erhalten nicht die ben\u00f6tigte Versorgung. Dar\u00fcber hinaus unterliegen diese Kinder zahlreichen Formen von Diskriminierung aufgrund ihrer Krankheit.<\/p>\n<p><strong><a href=\"https:\/\/www.humanium.org\/de\/misshandlung\/\">Misshandlung und Gewalt<\/a><\/strong><\/p>\n<p><img loading=\"lazy\" decoding=\"async\" class=\"alignright size-full wp-image-4121\" title=\"Kindesmisshandlung bleibt in Familien in der Ukraine ein Problem. \u00a9 Saritarobinson (flickr)\" src=\"https:\/\/www.humanium.org\/en\/wp-content\/uploads\/2011\/10\/violence-saritarobinson-flickr1.jpg\" alt=\"\" width=\"138\" height=\"200\" \/>Die Anzahl der Kinder, die in der Ukraine Opfer von Gewalt werden, ist ein erheblicher Grund zur Besorgnis. Die Gewalt selbst hat verschiedene Formen und kommt in verschiedenen Umfeldern vor.<\/p>\n<p>Von der Polizei festgenommene Minderj\u00e4hrige werden nicht richtig vor Misshandlungen gesch\u00fctzt. Es gab viele Berichte \u00fcber k\u00f6rperliche \u00dcbergriffe gegen festgenommene Kinder. Eine nicht unerhebliche Anzahl dieser Vorw\u00fcrfe betreffen Misshandlungen durch vernehmende Beamte. In manchen F\u00e4llen setzten die Beh\u00f6rden sogar Folterma\u00dfnahmen zur Erlangung von Gest\u00e4ndnissen ein.<\/p>\n<p>Die K\u00f6rperstrafe ist eine weitere besorgniserregende Form der Gewalt. Die Anwendung der K\u00f6rperstrafe ist in der Ukraine zwar gesetzlich verboten, kommt aber trotzdem weiterhin vor. Die K\u00f6rperstrafe wird \u00fcblicherweise in der Schule oder zuhause eingesetzt, und die betroffenen Kinder sind sich oft unsicher, ob sie eine Anzeige erstatten wollen.<\/p>\n<p><strong><a href=\"https:\/\/www.humanium.org\/de\/kinder-mit-behinderung\/\">Kinder mit Behinderungen<\/a><\/strong><\/p>\n<p>In der Ukraine leiden Kinder mit Behinderungen oft unter Diskriminierung. Sie werden als krank betrachtet und wie Ausgesto\u00dfene behandelt. Demzufolge k\u00f6nnen sie ihre Rechte nicht voll genie\u00dfen. Schon in sehr jungen Jahren werden sie in Sondereinrichtungen verbracht und k\u00f6nnen nicht ohne weiteres auf Bildung und Sozial- oder Gesundheitsdienstleistungen zugreifen. Die negative Einstellung der ukrainischen Gesellschaft gegen\u00fcber Kindern mit Behinderungen tr\u00e4gt zu ihrer Isolation bei und hat eine abtr\u00e4gliche Wirkung auf ihr Wohl und ihre Entwicklung.<\/p>\n<p><strong><a href=\"https:\/\/www.humanium.org\/de\/diskriminierung\/\">Diskriminierung<\/a><\/strong><\/p>\n<p><img loading=\"lazy\" decoding=\"async\" class=\"alignright size-full wp-image-4124\" title=\"Viele ukrainische Kinder sind Opfer der Diskriminierung. \u00a9Quentin (flickr)\" src=\"https:\/\/www.humanium.org\/en\/wp-content\/uploads\/2011\/10\/discrimination-quentin-flickr.jpg\" alt=\"\" width=\"128\" height=\"190\" \/>In der Ukraine wachsen Rassismus und Fremdenfeindlichkeit. Die Welle der Diskriminierung hat haupts\u00e4chlich Auswirkungen auf die Kinder von Minderheiten (vor allem Roma-Kinder), Fl\u00fcchtlingskinder, kranke und arme Kinder sowie Kinder mit Behinderungen.<\/p>\n<p>Diese Diskriminierung macht sich auf mehreren Ebenen bemerkbar: Einerseits werden diese Kinder Gegenstand von mancherlei &#8211; mitunter gewaltt\u00e4tigen &#8211; \u00dcbergriffen seitens anderer Mitglieder der Gesellschaft, und andererseits sto\u00dfen ihre Versuche, ihre Rechte oder Sozialleistungen unter denselben staatlichen Beihilfen wie andere in Anspruch zu nehmen, auf allerlei Hindernisse.<\/p>\n<p><strong><a href=\"https:\/\/www.humanium.org\/de\/kinderarbeit-2\/\">Kinderarbeit<\/a><\/strong><\/p>\n<p>Sch\u00e4tzungen gehen davon aus, dass fast 8% der ukrainischen Kinder arbeiten. Die schlimmsten Formen der Arbeit sind durch nationale Gesetze verboten. Dennoch ist die Zahl der illegal besch\u00e4ftigten Kinder sehr beunruhigend. Manche Kinder arbeiten in Kohlebergwerken, wo erb\u00e4rmliche und extrem gef\u00e4hrliche Bedingungen herrschen. Andere werden in den Sexhandel hineingezogen und von Prostitutions- und Pornografienetzwerken verheizt.<\/p>\n<p><strong><a href=\"https:\/\/www.humanium.org\/de\/recht-bildung\/\">Bildung<\/a><\/strong><\/p>\n<p><img loading=\"lazy\" decoding=\"async\" class=\"alignright size-full wp-image-4125\" title=\"\u2022 Zugang zur Bildung kann in manchen l\u00e4ndlichen Gebieten schwierig sein. \u00a9 Tbass effendi (flickr)\" src=\"https:\/\/www.humanium.org\/en\/wp-content\/uploads\/2011\/10\/tbass-effendi-ecoloe-flickr-notouche.jpg\" alt=\"\" width=\"240\" height=\"180\" \/>Die Mehrheit der ukrainischen Kinder besucht eine Schule. Das Bildungssystem muss jedoch dringend verbessert werden. Wegen der fehlenden Infrastrukturen ist in l\u00e4ndlichen Regionen der Zugang zur Schule sehr schwierig. Die Anzahl der Vorschuleinrichtungen nimmt immer mehr ab und sie sind nur 61% der Kinder zug\u00e4nglich. Au\u00dferdem sind die vorhandenen Infrastrukturen veraltet und in einem schlechten Zustand.<\/p>\n<p><strong><a href=\"https:\/\/www.humanium.org\/de\/strasenkinder\/\">Stra\u00dfenkinder<\/a><\/strong><\/p>\n<p>Vom ukrainischen Staat wird anerkannt, dass das Ph\u00e4nomen der Stra\u00dfenkinder ein \u201eschwerwiegendes\u201c Problem darstellt. Ihre Anzahl ist besorgniserregend und die Bedingungen, unter denen sie leben, sind sehr unsicher. Ganz sich selbst \u00fcberlassen, besuchen diese Kinder keine Schule, haben nur schlechten Zugang zu medizinischer Versorgung und verf\u00fcgen \u00fcber keine angemessene Unterkunft. Viele von ihnen sind durch Drogenkonsum und davon hervorgerufene verschiedene Krankheiten gef\u00e4hrdet (HIV usw.).<\/p>\n<p><strong>Umwelt<\/strong><\/p>\n<p><img loading=\"lazy\" decoding=\"async\" class=\"alignright size-full wp-image-4128\" title=\"\u2022 Die Atomkatastrophe von Tschernobyl hat weiterhin Auswirkungen auf ukrainische Kinder. \u00a9 Ssmarta (flickr)\" src=\"https:\/\/www.humanium.org\/en\/wp-content\/uploads\/2011\/10\/environment-ssmarta-flickr-notouch.jpg\" alt=\"\" width=\"253\" height=\"190\" \/>Kinder haben das Recht, in einer gesunden Umgebung aufzuwachsen. Es besteht jedoch noch immer ein besorgniserregendes Problem f\u00fcr die Gesundheit der ukrainischen Kinder: der Fallout nach der Katastrophe von Tschernobyl. Die Folgen dieses tragischen Ereignisses sind bis heute noch nicht \u00fcberstanden; laut einigen UN-Mitgliedern \u201esteht in Hinblick auf die menschliche Gesundheit das Schlimmste erst noch bevor.\u201c<\/p>\n<p>Millionen von Kindern sind von dieser Katastrophe betroffen, die weiterhin Probleme f\u00fcr ihre Gesundheit verursacht: Missbildungen, vorzeitiges Altern, Lungenentz\u00fcndungen&#8230;<\/p>\n","protected":false},"excerpt":{"rendered":"<p>Kinder in der Ukraine Die Verwirklichung der Kinderrechte in der Ukraine Es bestehen weiterhin gewisse Probleme, die Auswirkungen auf das Wohl der ukrainischen Kinder haben. Da die Ukraine die internationale Kinderrechtskonvention ratifiziert hat, ist die Regierung verpflichtet, mehr zu tun, um eine L\u00f6sung f\u00fcr diese Probleme zu finden. Hauptprobleme, mit denen die Kinder in der [&hellip;]<\/p>\n","protected":false},"author":1,"featured_media":0,"parent":0,"menu_order":0,"comment_status":"closed","ping_status":"closed","template":"","meta":{"footnotes":""},"class_list":["post-6318","page","type-page","status-publish","hentry"],"yoast_head":"<!-- This site is optimized with the Yoast SEO plugin v26.5 - https:\/\/yoast.com\/wordpress\/plugins\/seo\/ -->\n<title>Kinder in der Ukraine - Humanium<\/title>\n<meta name=\"description\" content=\"Da die Ukraine die internationale Kinderrechtskonvention ratifiziert hat, ist die Regierung verpflichtet, mehr zu tun, um L\u00f6sung f\u00fcr die Probleme zu finden.\" \/>\n<meta name=\"robots\" content=\"index, follow, max-snippet:-1, max-image-preview:large, max-video-preview:-1\" \/>\n<link rel=\"canonical\" href=\"https:\/\/www.humanium.org\/de\/ukraine\/\" \/>\n<meta property=\"og:locale\" content=\"de_DE\" \/>\n<meta property=\"og:type\" content=\"article\" \/>\n<meta property=\"og:title\" content=\"Kinder in der Ukraine - Humanium\" \/>\n<meta property=\"og:description\" content=\"Da die Ukraine die internationale Kinderrechtskonvention ratifiziert hat, ist die Regierung verpflichtet, mehr zu tun, um L\u00f6sung f\u00fcr die Probleme zu finden.\" \/>\n<meta property=\"og:url\" content=\"https:\/\/www.humanium.org\/de\/ukraine\/\" \/>\n<meta property=\"og:site_name\" content=\"Humanium\" \/>\n<meta property=\"article:modified_time\" content=\"2025-12-05T17:10:45+00:00\" \/>\n<meta name=\"twitter:card\" content=\"summary_large_image\" \/>\n<meta name=\"twitter:label1\" content=\"Gesch\u00e4tzte Lesezeit\" \/>\n\t<meta name=\"twitter:data1\" content=\"7\u00a0Minuten\" \/>\n<script type=\"application\/ld+json\" class=\"yoast-schema-graph\">{\"@context\":\"https:\/\/schema.org\",\"@graph\":[{\"@type\":\"WebPage\",\"@id\":\"https:\/\/www.humanium.org\/de\/ukraine\/\",\"url\":\"https:\/\/www.humanium.org\/de\/ukraine\/\",\"name\":\"Kinder in der Ukraine - Humanium\",\"isPartOf\":{\"@id\":\"https:\/\/www.humanium.org\/de\/#website\"},\"primaryImageOfPage\":{\"@id\":\"https:\/\/www.humanium.org\/de\/ukraine\/#primaryimage\"},\"image\":{\"@id\":\"https:\/\/www.humanium.org\/de\/ukraine\/#primaryimage\"},\"thumbnailUrl\":\"https:\/\/www.humanium.org\/en\/wp-content\/uploads\/2011\/10\/tbass-effendi-fillette-flickr-notouche.jpg\",\"datePublished\":\"2016-04-14T21:32:35+00:00\",\"dateModified\":\"2025-12-05T17:10:45+00:00\",\"description\":\"Da die Ukraine die internationale Kinderrechtskonvention ratifiziert hat, ist die Regierung verpflichtet, mehr zu tun, um L\u00f6sung f\u00fcr die Probleme zu finden.\",\"breadcrumb\":{\"@id\":\"https:\/\/www.humanium.org\/de\/ukraine\/#breadcrumb\"},\"inLanguage\":\"de\",\"potentialAction\":[{\"@type\":\"ReadAction\",\"target\":[\"https:\/\/www.humanium.org\/de\/ukraine\/\"]}]},{\"@type\":\"ImageObject\",\"inLanguage\":\"de\",\"@id\":\"https:\/\/www.humanium.org\/de\/ukraine\/#primaryimage\",\"url\":\"https:\/\/www.humanium.org\/en\/wp-content\/uploads\/2011\/10\/tbass-effendi-fillette-flickr-notouche.jpg\",\"contentUrl\":\"https:\/\/www.humanium.org\/en\/wp-content\/uploads\/2011\/10\/tbass-effendi-fillette-flickr-notouche.jpg\"},{\"@type\":\"BreadcrumbList\",\"@id\":\"https:\/\/www.humanium.org\/de\/ukraine\/#breadcrumb\",\"itemListElement\":[{\"@type\":\"ListItem\",\"position\":1,\"name\":\"Home\",\"item\":\"https:\/\/www.humanium.org\/de\/\"},{\"@type\":\"ListItem\",\"position\":2,\"name\":\"Kinder in der Ukraine\"}]},{\"@type\":\"WebSite\",\"@id\":\"https:\/\/www.humanium.org\/de\/#website\",\"url\":\"https:\/\/www.humanium.org\/de\/\",\"name\":\"Humanium\",\"description\":\"Kinder zuerst!\",\"potentialAction\":[{\"@type\":\"SearchAction\",\"target\":{\"@type\":\"EntryPoint\",\"urlTemplate\":\"https:\/\/www.humanium.org\/de\/?s={search_term_string}\"},\"query-input\":{\"@type\":\"PropertyValueSpecification\",\"valueRequired\":true,\"valueName\":\"search_term_string\"}}],\"inLanguage\":\"de\"}]}<\/script>\n<!-- \/ Yoast SEO plugin. -->","yoast_head_json":{"title":"Kinder in der Ukraine - Humanium","description":"Da die Ukraine die internationale Kinderrechtskonvention ratifiziert hat, ist die Regierung verpflichtet, mehr zu tun, um L\u00f6sung f\u00fcr die Probleme zu finden.","robots":{"index":"index","follow":"follow","max-snippet":"max-snippet:-1","max-image-preview":"max-image-preview:large","max-video-preview":"max-video-preview:-1"},"canonical":"https:\/\/www.humanium.org\/de\/ukraine\/","og_locale":"de_DE","og_type":"article","og_title":"Kinder in der Ukraine - Humanium","og_description":"Da die Ukraine die internationale Kinderrechtskonvention ratifiziert hat, ist die Regierung verpflichtet, mehr zu tun, um L\u00f6sung f\u00fcr die Probleme zu finden.","og_url":"https:\/\/www.humanium.org\/de\/ukraine\/","og_site_name":"Humanium","article_modified_time":"2025-12-05T17:10:45+00:00","twitter_card":"summary_large_image","twitter_misc":{"Gesch\u00e4tzte Lesezeit":"7\u00a0Minuten"},"schema":{"@context":"https:\/\/schema.org","@graph":[{"@type":"WebPage","@id":"https:\/\/www.humanium.org\/de\/ukraine\/","url":"https:\/\/www.humanium.org\/de\/ukraine\/","name":"Kinder in der Ukraine - Humanium","isPartOf":{"@id":"https:\/\/www.humanium.org\/de\/#website"},"primaryImageOfPage":{"@id":"https:\/\/www.humanium.org\/de\/ukraine\/#primaryimage"},"image":{"@id":"https:\/\/www.humanium.org\/de\/ukraine\/#primaryimage"},"thumbnailUrl":"https:\/\/www.humanium.org\/en\/wp-content\/uploads\/2011\/10\/tbass-effendi-fillette-flickr-notouche.jpg","datePublished":"2016-04-14T21:32:35+00:00","dateModified":"2025-12-05T17:10:45+00:00","description":"Da die Ukraine die internationale Kinderrechtskonvention ratifiziert hat, ist die Regierung verpflichtet, mehr zu tun, um L\u00f6sung f\u00fcr die Probleme zu finden.","breadcrumb":{"@id":"https:\/\/www.humanium.org\/de\/ukraine\/#breadcrumb"},"inLanguage":"de","potentialAction":[{"@type":"ReadAction","target":["https:\/\/www.humanium.org\/de\/ukraine\/"]}]},{"@type":"ImageObject","inLanguage":"de","@id":"https:\/\/www.humanium.org\/de\/ukraine\/#primaryimage","url":"https:\/\/www.humanium.org\/en\/wp-content\/uploads\/2011\/10\/tbass-effendi-fillette-flickr-notouche.jpg","contentUrl":"https:\/\/www.humanium.org\/en\/wp-content\/uploads\/2011\/10\/tbass-effendi-fillette-flickr-notouche.jpg"},{"@type":"BreadcrumbList","@id":"https:\/\/www.humanium.org\/de\/ukraine\/#breadcrumb","itemListElement":[{"@type":"ListItem","position":1,"name":"Home","item":"https:\/\/www.humanium.org\/de\/"},{"@type":"ListItem","position":2,"name":"Kinder in der Ukraine"}]},{"@type":"WebSite","@id":"https:\/\/www.humanium.org\/de\/#website","url":"https:\/\/www.humanium.org\/de\/","name":"Humanium","description":"Kinder zuerst!","potentialAction":[{"@type":"SearchAction","target":{"@type":"EntryPoint","urlTemplate":"https:\/\/www.humanium.org\/de\/?s={search_term_string}"},"query-input":{"@type":"PropertyValueSpecification","valueRequired":true,"valueName":"search_term_string"}}],"inLanguage":"de"}]}},"_links":{"self":[{"href":"https:\/\/www.humanium.org\/de\/wp-json\/wp\/v2\/pages\/6318","targetHints":{"allow":["GET"]}}],"collection":[{"href":"https:\/\/www.humanium.org\/de\/wp-json\/wp\/v2\/pages"}],"about":[{"href":"https:\/\/www.humanium.org\/de\/wp-json\/wp\/v2\/types\/page"}],"author":[{"embeddable":true,"href":"https:\/\/www.humanium.org\/de\/wp-json\/wp\/v2\/users\/1"}],"replies":[{"embeddable":true,"href":"https:\/\/www.humanium.org\/de\/wp-json\/wp\/v2\/comments?post=6318"}],"version-history":[{"count":3,"href":"https:\/\/www.humanium.org\/de\/wp-json\/wp\/v2\/pages\/6318\/revisions"}],"predecessor-version":[{"id":20170,"href":"https:\/\/www.humanium.org\/de\/wp-json\/wp\/v2\/pages\/6318\/revisions\/20170"}],"wp:attachment":[{"href":"https:\/\/www.humanium.org\/de\/wp-json\/wp\/v2\/media?parent=6318"}],"curies":[{"name":"wp","href":"https:\/\/api.w.org\/{rel}","templated":true}]}}