{"id":6346,"date":"2016-04-15T19:12:21","date_gmt":"2016-04-15T19:12:21","guid":{"rendered":"http:\/\/www.humanium.org\/de\/?page_id=6346"},"modified":"2025-12-06T06:25:55","modified_gmt":"2025-12-06T06:25:55","slug":"hilfsprojekte-ruanda","status":"publish","type":"page","link":"https:\/\/www.humanium.org\/de\/hilfsprojekte-ruanda\/","title":{"rendered":"Hilfsprojekte f\u00fcr Kinder in Ruanda"},"content":{"rendered":"<h1>Hilfsprojekte f\u00fcr Kinder in Ruanda<\/h1>\n<table>\n<tbody>\n<tr>\n<td>\n<h2><a href=\"https:\/\/www.humanium.org\/de\/wp-content\/uploads\/2016\/04\/20150811_142212-1.jpg\"><img loading=\"lazy\" decoding=\"async\" class=\" wp-image-7293 alignright\" src=\"https:\/\/www.humanium.org\/de\/wp-content\/uploads\/2016\/04\/20150811_142212-1-300x169.jpg\" alt=\"20150811_142212\" width=\"197\" height=\"111\" \/><\/a>Umsetzung von Kinderrechte in Ruwanda<\/h2>\n<p>Unser Projekt zielt darauf ab, Gemeindevorsteher \u00fcber Kinderrechte aufzukl\u00e4ren und so mehr Aufmerksamkeit innerhalb der Gemeinschaften zu schaffen.<\/p>\n<p><strong>Ort:\u00a0<\/strong>Kamonyi \u2013 Ruhango \u2013 Nyanza und Gatsibo, Ruanda<br \/>\n<strong>Partner:<\/strong>\u00a0AVSI<br \/>\n<strong>Beg\u00fcnstigte des Projekts:<\/strong>\u00a084.000 Kinder<br \/>\n<strong>Zugewiesene Summe:<\/strong>\u00a073.000\u00a0EUR<br \/>\n<strong>Jahr:<\/strong>\u00a02016-2018<\/td>\n<\/tr>\n<\/tbody>\n<\/table>\n<table>\n<tbody>\n<tr>\n<td>\n<h2>Projekt, dass durch Wandern Bewusstsein wecken soll in der Region Byumba \u2013 November 2015<\/h2>\n<p>Das Solidarit\u00e4tswanderprojekt durch die D\u00f6rfer dieser benachteiligten Gegend zielt darauf ab das Bewusstsein f\u00fcr Kinderrechte zu wecken, in Zusammenarbeit mit Erwachsenen und Dorfvorstehern, um die Lebensbedingungen der Kinder zu verbessern.<\/td>\n<\/tr>\n<\/tbody>\n<\/table>\n<table>\n<tbody>\n<tr>\n<td>\n<h2>Wasserprojekt in Ruanda<\/h2>\n<h2><a href=\"https:\/\/www.humanium.org\/de\/wp-content\/uploads\/2016\/04\/shutterstock_430886956.jpg\"><img loading=\"lazy\" decoding=\"async\" class=\"wp-image-7416 alignright\" src=\"https:\/\/www.humanium.org\/de\/wp-content\/uploads\/2016\/04\/shutterstock_430886956-300x200.jpg\" alt=\"\" width=\"200\" height=\"133\" srcset=\"https:\/\/www.humanium.org\/de\/wp-content\/uploads\/2016\/04\/shutterstock_430886956-300x200.jpg 300w, https:\/\/www.humanium.org\/de\/wp-content\/uploads\/2016\/04\/shutterstock_430886956-768x511.jpg 768w, https:\/\/www.humanium.org\/de\/wp-content\/uploads\/2016\/04\/shutterstock_430886956-1024x681.jpg 1024w, https:\/\/www.humanium.org\/de\/wp-content\/uploads\/2016\/04\/shutterstock_430886956-830x552.jpg 830w, https:\/\/www.humanium.org\/de\/wp-content\/uploads\/2016\/04\/shutterstock_430886956-230x153.jpg 230w, https:\/\/www.humanium.org\/de\/wp-content\/uploads\/2016\/04\/shutterstock_430886956-350x233.jpg 350w, https:\/\/www.humanium.org\/de\/wp-content\/uploads\/2016\/04\/shutterstock_430886956-480x319.jpg 480w, https:\/\/www.humanium.org\/de\/wp-content\/uploads\/2016\/04\/shutterstock_430886956-272x182.jpg 272w\" sizes=\"auto, (max-width: 200px) 100vw, 200px\" \/><\/a><\/h2>\n<p>Das Ziel unseres Projekts ist, die Bev\u00f6lkerung der Verwaltungsbereiche Muko, Muhura Remera und Rugarama in den Distrikten Gatsibo und Gicumbi mit sauberem Wasser zu versorgen.<\/p>\n<p><strong>Ort:\u00a0<\/strong>Distrikte Gatsibo und Gicumbi<br \/>\n<strong>Partner:<\/strong>\u00a0AVSI<br \/>\n<strong>Beg\u00fcnstigte des Projekts:<\/strong>\u00a03.771 Haushalte oder 15.811 Menschen<br \/>\n<strong>Jahr:<\/strong>\u00a01 Jahr<\/p>\n<\/td>\n<\/tr>\n<\/tbody>\n<\/table>\n<table>\n<tbody>\n<tr>\n<td><\/td>\n<\/tr>\n<\/tbody>\n<\/table>\n","protected":false},"excerpt":{"rendered":"<p>Hilfsprojekte f\u00fcr Kinder in Ruanda Umsetzung von Kinderrechte in Ruwanda Unser Projekt zielt darauf ab, Gemeindevorsteher \u00fcber Kinderrechte aufzukl\u00e4ren und so mehr Aufmerksamkeit innerhalb der Gemeinschaften zu schaffen. Ort:\u00a0Kamonyi \u2013 Ruhango \u2013 Nyanza und Gatsibo, Ruanda Partner:\u00a0AVSI Beg\u00fcnstigte des Projekts:\u00a084.000 Kinder Zugewiesene Summe:\u00a073.000\u00a0EUR Jahr:\u00a02016-2018 Projekt, dass durch Wandern Bewusstsein wecken soll in der Region Byumba [&hellip;]<\/p>\n","protected":false},"author":1,"featured_media":0,"parent":0,"menu_order":0,"comment_status":"closed","ping_status":"closed","template":"","meta":{"footnotes":""},"class_list":["post-6346","page","type-page","status-publish","hentry"],"yoast_head":"<!-- This site is optimized with the Yoast SEO plugin v26.5 - https:\/\/yoast.com\/wordpress\/plugins\/seo\/ -->\n<title>Hilfsprojekte f\u00fcr Kinder in Ruanda - Humanium<\/title>\n<meta name=\"robots\" content=\"index, follow, max-snippet:-1, max-image-preview:large, max-video-preview:-1\" \/>\n<link rel=\"canonical\" href=\"https:\/\/www.humanium.org\/de\/hilfsprojekte-ruanda\/\" \/>\n<meta property=\"og:locale\" content=\"de_DE\" \/>\n<meta property=\"og:type\" content=\"article\" \/>\n<meta property=\"og:title\" content=\"Hilfsprojekte f\u00fcr Kinder in Ruanda - Humanium\" \/>\n<meta property=\"og:description\" content=\"Hilfsprojekte f\u00fcr Kinder in Ruanda Umsetzung von Kinderrechte in Ruwanda Unser Projekt zielt darauf ab, Gemeindevorsteher \u00fcber Kinderrechte aufzukl\u00e4ren und so mehr Aufmerksamkeit innerhalb der Gemeinschaften zu schaffen. Ort:\u00a0Kamonyi \u2013 Ruhango \u2013 Nyanza und Gatsibo, Ruanda Partner:\u00a0AVSI Beg\u00fcnstigte des Projekts:\u00a084.000 Kinder Zugewiesene Summe:\u00a073.000\u00a0EUR Jahr:\u00a02016-2018 Projekt, dass durch Wandern Bewusstsein wecken soll in der Region Byumba [&hellip;]\" \/>\n<meta property=\"og:url\" content=\"https:\/\/www.humanium.org\/de\/hilfsprojekte-ruanda\/\" \/>\n<meta property=\"og:site_name\" content=\"Humanium\" \/>\n<meta property=\"article:modified_time\" content=\"2025-12-06T06:25:55+00:00\" \/>\n<meta property=\"og:image\" content=\"https:\/\/www.humanium.org\/de\/wp-content\/uploads\/2016\/04\/20150811_142212-1024x576.jpg\" \/>\n\t<meta property=\"og:image:width\" content=\"1024\" \/>\n\t<meta property=\"og:image:height\" content=\"576\" \/>\n\t<meta property=\"og:image:type\" content=\"image\/jpeg\" \/>\n<meta name=\"twitter:card\" content=\"summary_large_image\" \/>\n<meta name=\"twitter:label1\" content=\"Gesch\u00e4tzte Lesezeit\" \/>\n\t<meta name=\"twitter:data1\" content=\"1\u00a0Minute\" \/>\n<script type=\"application\/ld+json\" class=\"yoast-schema-graph\">{\"@context\":\"https:\/\/schema.org\",\"@graph\":[{\"@type\":\"WebPage\",\"@id\":\"https:\/\/www.humanium.org\/de\/hilfsprojekte-ruanda\/\",\"url\":\"https:\/\/www.humanium.org\/de\/hilfsprojekte-ruanda\/\",\"name\":\"Hilfsprojekte f\u00fcr Kinder in Ruanda - Humanium\",\"isPartOf\":{\"@id\":\"https:\/\/www.humanium.org\/de\/#website\"},\"primaryImageOfPage\":{\"@id\":\"https:\/\/www.humanium.org\/de\/hilfsprojekte-ruanda\/#primaryimage\"},\"image\":{\"@id\":\"https:\/\/www.humanium.org\/de\/hilfsprojekte-ruanda\/#primaryimage\"},\"thumbnailUrl\":\"https:\/\/www.humanium.org\/de\/wp-content\/uploads\/2016\/04\/20150811_142212-1-300x169.jpg\",\"datePublished\":\"2016-04-15T19:12:21+00:00\",\"dateModified\":\"2025-12-06T06:25:55+00:00\",\"breadcrumb\":{\"@id\":\"https:\/\/www.humanium.org\/de\/hilfsprojekte-ruanda\/#breadcrumb\"},\"inLanguage\":\"de\",\"potentialAction\":[{\"@type\":\"ReadAction\",\"target\":[\"https:\/\/www.humanium.org\/de\/hilfsprojekte-ruanda\/\"]}]},{\"@type\":\"ImageObject\",\"inLanguage\":\"de\",\"@id\":\"https:\/\/www.humanium.org\/de\/hilfsprojekte-ruanda\/#primaryimage\",\"url\":\"https:\/\/www.humanium.org\/de\/wp-content\/uploads\/2016\/04\/20150811_142212-1.jpg\",\"contentUrl\":\"https:\/\/www.humanium.org\/de\/wp-content\/uploads\/2016\/04\/20150811_142212-1.jpg\",\"width\":3264,\"height\":1836},{\"@type\":\"BreadcrumbList\",\"@id\":\"https:\/\/www.humanium.org\/de\/hilfsprojekte-ruanda\/#breadcrumb\",\"itemListElement\":[{\"@type\":\"ListItem\",\"position\":1,\"name\":\"Home\",\"item\":\"https:\/\/www.humanium.org\/de\/\"},{\"@type\":\"ListItem\",\"position\":2,\"name\":\"Hilfsprojekte f\u00fcr Kinder in Ruanda\"}]},{\"@type\":\"WebSite\",\"@id\":\"https:\/\/www.humanium.org\/de\/#website\",\"url\":\"https:\/\/www.humanium.org\/de\/\",\"name\":\"Humanium\",\"description\":\"Kinder zuerst!\",\"potentialAction\":[{\"@type\":\"SearchAction\",\"target\":{\"@type\":\"EntryPoint\",\"urlTemplate\":\"https:\/\/www.humanium.org\/de\/?s={search_term_string}\"},\"query-input\":{\"@type\":\"PropertyValueSpecification\",\"valueRequired\":true,\"valueName\":\"search_term_string\"}}],\"inLanguage\":\"de\"}]}<\/script>\n<!-- \/ Yoast SEO plugin. -->","yoast_head_json":{"title":"Hilfsprojekte f\u00fcr Kinder in Ruanda - Humanium","robots":{"index":"index","follow":"follow","max-snippet":"max-snippet:-1","max-image-preview":"max-image-preview:large","max-video-preview":"max-video-preview:-1"},"canonical":"https:\/\/www.humanium.org\/de\/hilfsprojekte-ruanda\/","og_locale":"de_DE","og_type":"article","og_title":"Hilfsprojekte f\u00fcr Kinder in Ruanda - Humanium","og_description":"Hilfsprojekte f\u00fcr Kinder in Ruanda Umsetzung von Kinderrechte in Ruwanda Unser Projekt zielt darauf ab, Gemeindevorsteher \u00fcber Kinderrechte aufzukl\u00e4ren und so mehr Aufmerksamkeit innerhalb der Gemeinschaften zu schaffen. Ort:\u00a0Kamonyi \u2013 Ruhango \u2013 Nyanza und Gatsibo, Ruanda Partner:\u00a0AVSI Beg\u00fcnstigte des Projekts:\u00a084.000 Kinder Zugewiesene Summe:\u00a073.000\u00a0EUR Jahr:\u00a02016-2018 Projekt, dass durch Wandern Bewusstsein wecken soll in der Region Byumba [&hellip;]","og_url":"https:\/\/www.humanium.org\/de\/hilfsprojekte-ruanda\/","og_site_name":"Humanium","article_modified_time":"2025-12-06T06:25:55+00:00","og_image":[{"width":1024,"height":576,"url":"https:\/\/www.humanium.org\/de\/wp-content\/uploads\/2016\/04\/20150811_142212-1024x576.jpg","type":"image\/jpeg"}],"twitter_card":"summary_large_image","twitter_misc":{"Gesch\u00e4tzte Lesezeit":"1\u00a0Minute"},"schema":{"@context":"https:\/\/schema.org","@graph":[{"@type":"WebPage","@id":"https:\/\/www.humanium.org\/de\/hilfsprojekte-ruanda\/","url":"https:\/\/www.humanium.org\/de\/hilfsprojekte-ruanda\/","name":"Hilfsprojekte f\u00fcr Kinder in Ruanda - Humanium","isPartOf":{"@id":"https:\/\/www.humanium.org\/de\/#website"},"primaryImageOfPage":{"@id":"https:\/\/www.humanium.org\/de\/hilfsprojekte-ruanda\/#primaryimage"},"image":{"@id":"https:\/\/www.humanium.org\/de\/hilfsprojekte-ruanda\/#primaryimage"},"thumbnailUrl":"https:\/\/www.humanium.org\/de\/wp-content\/uploads\/2016\/04\/20150811_142212-1-300x169.jpg","datePublished":"2016-04-15T19:12:21+00:00","dateModified":"2025-12-06T06:25:55+00:00","breadcrumb":{"@id":"https:\/\/www.humanium.org\/de\/hilfsprojekte-ruanda\/#breadcrumb"},"inLanguage":"de","potentialAction":[{"@type":"ReadAction","target":["https:\/\/www.humanium.org\/de\/hilfsprojekte-ruanda\/"]}]},{"@type":"ImageObject","inLanguage":"de","@id":"https:\/\/www.humanium.org\/de\/hilfsprojekte-ruanda\/#primaryimage","url":"https:\/\/www.humanium.org\/de\/wp-content\/uploads\/2016\/04\/20150811_142212-1.jpg","contentUrl":"https:\/\/www.humanium.org\/de\/wp-content\/uploads\/2016\/04\/20150811_142212-1.jpg","width":3264,"height":1836},{"@type":"BreadcrumbList","@id":"https:\/\/www.humanium.org\/de\/hilfsprojekte-ruanda\/#breadcrumb","itemListElement":[{"@type":"ListItem","position":1,"name":"Home","item":"https:\/\/www.humanium.org\/de\/"},{"@type":"ListItem","position":2,"name":"Hilfsprojekte f\u00fcr Kinder in Ruanda"}]},{"@type":"WebSite","@id":"https:\/\/www.humanium.org\/de\/#website","url":"https:\/\/www.humanium.org\/de\/","name":"Humanium","description":"Kinder zuerst!","potentialAction":[{"@type":"SearchAction","target":{"@type":"EntryPoint","urlTemplate":"https:\/\/www.humanium.org\/de\/?s={search_term_string}"},"query-input":{"@type":"PropertyValueSpecification","valueRequired":true,"valueName":"search_term_string"}}],"inLanguage":"de"}]}},"_links":{"self":[{"href":"https:\/\/www.humanium.org\/de\/wp-json\/wp\/v2\/pages\/6346","targetHints":{"allow":["GET"]}}],"collection":[{"href":"https:\/\/www.humanium.org\/de\/wp-json\/wp\/v2\/pages"}],"about":[{"href":"https:\/\/www.humanium.org\/de\/wp-json\/wp\/v2\/types\/page"}],"author":[{"embeddable":true,"href":"https:\/\/www.humanium.org\/de\/wp-json\/wp\/v2\/users\/1"}],"replies":[{"embeddable":true,"href":"https:\/\/www.humanium.org\/de\/wp-json\/wp\/v2\/comments?post=6346"}],"version-history":[{"count":7,"href":"https:\/\/www.humanium.org\/de\/wp-json\/wp\/v2\/pages\/6346\/revisions"}],"predecessor-version":[{"id":20845,"href":"https:\/\/www.humanium.org\/de\/wp-json\/wp\/v2\/pages\/6346\/revisions\/20845"}],"wp:attachment":[{"href":"https:\/\/www.humanium.org\/de\/wp-json\/wp\/v2\/media?parent=6346"}],"curies":[{"name":"wp","href":"https:\/\/api.w.org\/{rel}","templated":true}]}}