{"id":6357,"date":"2016-04-19T13:21:42","date_gmt":"2016-04-19T13:21:42","guid":{"rendered":"http:\/\/www.humanium.org\/de\/?page_id=6357"},"modified":"2025-12-06T06:25:56","modified_gmt":"2025-12-06T06:25:56","slug":"italien","status":"publish","type":"page","link":"https:\/\/www.humanium.org\/de\/italien\/","title":{"rendered":"Kinder in Italien"},"content":{"rendered":"<h1>Kinder in Italien<\/h1>\n<h2>Die Verwirklichung der Kinderrechte in Italien<\/h2>\n<p style=\"text-align: center;\"><img loading=\"lazy\" decoding=\"async\" class=\"size-full wp-image-14198 alignnone\" title=\"Italianisches M\u00e4dchen \u00a9 Ma.co (flickr)\" src=\"https:\/\/www.humanium.org\/fr\/wp-content\/uploads\/2011\/09\/fillette-maco-flickr.jpg\" alt=\"\" width=\"242\" height=\"200\" \/>\u00a0<a href=\"https:\/\/www.humanium.org\/en\/wp-content\/uploads\/2011\/11\/FB_IMG_1454349980209-1.jpg\" rel=\"attachment wp-att-19220\"><img loading=\"lazy\" decoding=\"async\" class=\"alignnone wp-image-19220\" src=\"https:\/\/www.humanium.org\/en\/wp-content\/uploads\/2011\/11\/FB_IMG_1454349980209-1-169x300.jpg\" alt=\"FB_IMG_1454349980209 (1)\" width=\"113\" height=\"201\" \/><\/a><\/p>\n<p>Italien ist eines der Gr\u00fcndungsl\u00e4nder des gemeinsamen europ\u00e4ischen Marktes; aktuell durchlebt es jedoch eine sozio\u00f6konomische Krise. Das Land hat gro\u00dfe Fortschritte im Bereich der Rechte der Kinder gemacht. Nichtsdestotrotz wird die Zukunft f\u00fcr die Kinder auf der Halbinsel kontinuierlich durch eine Vielzahl von Problemen auf die Probe gestellt: Armut, Kinderarbeit, Diskriminierung, sowie fehlende \u00dcbersicht und inad\u00e4quate Unterst\u00fctzung f\u00fcr Fl\u00fcchtlinge innerhalb der Grenzen.<\/p>\n<h3>Grunds\u00e4tzliche Probleme f\u00fcr Kinder in Italien:<\/h3>\n<p><strong><a href=\"https:\/\/www.humanium.org\/de\/armut\/\">Armut<\/a><\/strong><\/p>\n<p><img loading=\"lazy\" decoding=\"async\" class=\"alignright size-medium wp-image-14472\" title=\"Die Armut im S\u00fcden Italiens ist schlimmer als im Norden. \u00a9 Lorca56 (flickr)\" src=\"https:\/\/www.humanium.org\/fr\/wp-content\/uploads\/2011\/09\/pauvrete-lorca56-flickr-300x204.jpg\" alt=\"\" width=\"234\" height=\"158\" \/><\/p>\n<p>Jeder siebte Einwohner Italiens lebt in \u201crelativer Armut\u201d und jeder Zwanzigste in \u201cabsoluter Armut\u201d (der letzte Begriff ist definiert als die Unf\u00e4higkeit lebensn\u00f6tige G\u00fcter und Dienstleistungen zu erwerben, welche f\u00fcr ein absolutes Lebensminimum notwendig sind).<\/p>\n<p>Unter Italiens Kinder ist das Armutsrisiko extrem hoch. In der Tat sind etwa 25% der italienischen Kinder vom Armutsrisiko bedroht; im Gegensatz zu einem Durchschnitt von 20% in anderen L\u00e4ndern der Europ\u00e4ischen Union. Die Anzahl der Kinder pro Haushalt hat einen erheblichen Einfluss auf das Risikolevel: f\u00fcr ein Einzelkind liegt das Risiko auf Armut bei etwa 7%, f\u00fcr ein Kind mit Br\u00fcdern und Schwestern steigt das Risiko auf 30%.<\/p>\n<p>Das Risiko f\u00fcr ein Kind in Italien arm zu sein ist etwa 1.5 mal h\u00f6her als f\u00fcr sein Pendant in Frankreich. Es besteht ein dringender Bedarf die Situation hinsichtlich der politischen, \u00f6konomischen und sozialen Situation in Italien zu verbessern und allen Kindern eine tats\u00e4chliche Chance zur effektiven Aus\u00fcbung ihrer fundamentalen Rechte zu bieten.<\/p>\n<p><strong><a href=\"https:\/\/www.humanium.org\/de\/kinderarbeit-2\/\">Kinderarbeit<\/a><\/strong><\/p>\n<p><img loading=\"lazy\" decoding=\"async\" class=\"alignright size-medium wp-image-14473\" title=\"Arbeit ist nicht zwingend gleich Vergn\u00fcgen f\u00fcr die italienische Jugend. youth \u00a9 Susy (flickr)\" src=\"https:\/\/www.humanium.org\/fr\/wp-content\/uploads\/2011\/09\/travail-susy-noretouch-flickr-300x225.jpg\" alt=\"\" width=\"244\" height=\"183\" \/>In Italien, vor allem im S\u00fcden des Landes, suchen sich zehntausende Kinder aus benachteiligten sozialen Schichten Jobs, um ihre Familie beim \u00dcberleben zu unterst\u00fctzen. Dies stellt eine Verletzung der CRC Artikel 32 dar. Diese Kinder arbeiten mehrere Stunden pro Tag nach der Schule (einige gehen nicht zur Schule); auch an Wochenenden oder in den Ferien. In den meisten F\u00e4llen werden sie in der Gastronomie eingesetzt, aber auch in der Landwirtschaft, dem Handelssektor und im Baugewerbe. Die Stunden sind anstrengend und manchmal sind sie verpflichtet sehr fr\u00fch aufzuwachen. Diese Art von Leben zwingt manche von ihnen der Mafia beizutreten.<\/p>\n<p><strong>Kinder und kriminelle Organisationen<\/strong><\/p>\n<p>Kriminelle Organisationen rekrutieren zahlreiche Jugendliche und nutzen sie f\u00fcr illegale Aktivit\u00e4ten wie den Drogenhandel. Viele dieser Jugendlichen, insbesondere im S\u00fcden, sind aus Bezirken, wo Arbeitslosigkeit und Gewalt vorherrschen.<\/p>\n<p>Diese Jugendlichen kommen aus armen Familien, haben oft die Schule abgebrochen und kennen nur \u201edas Gesetz des Dschungel\u201d. Die Mafia gibt ihnen wonach sie suchen: Identit\u00e4t, Zugeh\u00f6rigkeit zu einer Gruppe, Respekt und Wohlstand. Dank der Ausstrahlung des Mafiaf\u00fchrers, sehen sie solche M\u00e4nner schnell als ihre Vorbilder und Vertrauen ihnen. Die j\u00fcngsten Kinder finden sich bald reduziert zu stehlen und betteln, w\u00e4hrend die M\u00e4dchen zur Prostitution gezwungen werden.<\/p>\n<p><strong><a href=\"https:\/\/www.humanium.org\/de\/vertriebene-kinder\/\">Fl\u00fcchtlingskinder<\/a><\/strong><\/p>\n<p><img loading=\"lazy\" decoding=\"async\" class=\"alignright size-medium wp-image-14474\" title=\"Die Situation eines jeden Fl\u00fcchtlingskindes ist schwierig. \u00a9 Michel Cannone (flickr)\" src=\"https:\/\/www.humanium.org\/fr\/wp-content\/uploads\/2011\/09\/refugies-michelcannone-flickr-300x300.jpg\" alt=\"\" width=\"187\" height=\"187\" \/>Italien sieht einer starken Welle der Immigration, grunds\u00e4tzlich bestehend aus Menschen aus Asien und Afrika, entgegen. Momentan hat der Zufluss durch Unruhen in Nordafrika sich erh\u00f6ht. Diese Migranten oder Fl\u00fcchtlinge kommen in Gruppen an, begleitet von ihren Kindern.<\/p>\n<p>Oft kommen sie mit dem Boot an und die j\u00fcngsten, sowie die schw\u00e4chsten und gef\u00e4hrdetsten, unter ihnen sind h\u00e4ufig dehydriert und leiden an den Konsequenzen des Hungers. Manche von ihnen sterben als Konsequenz.<\/p>\n<p>Auch ist es nicht der Fall, dass sich ihre Situation unbedingt verbessert, wenn sie in Italien angekommen sind. Manchmal fehlen ihnen die richtigen Ausweispapiere &#8211; was es schwierig macht ihr Alter zu bestimmen. Tats\u00e4chlich ist es oft der Fall, dass Fl\u00fcchtlingskinder nie offiziell in ihrem Herkunftsland registriert wurden. Dar\u00fcber hinaus sind die Bedingungen der italienischen Fl\u00fcchtlingslager bedauerlich. Kinder enden in schlecht angepassten Zentren, die ihre Bed\u00fcrfnisse nicht erf\u00fcllen: demzufolge werden ihre Grundrechte nicht geachtet.<\/p>\n<p><strong><a href=\"https:\/\/www.humanium.org\/de\/focusdiskriminierung\/\">Diskriminierung<\/a><\/strong><\/p>\n<p><img loading=\"lazy\" decoding=\"async\" class=\"alignright size-medium wp-image-14475\" title=\"Jedes Kind hat das Recht zu existieren und wahrgenommen zu werden. \u00a9 Marg (flickr)\" src=\"https:\/\/www.humanium.org\/fr\/wp-content\/uploads\/2011\/09\/discrimination-marg-flickr-300x199.jpg\" alt=\"\" width=\"250\" height=\"166\" \/>Die Menschenrechtsorganisation Amnesty International ist besorgt \u00fcber Italiens Klima in Bezug auf Intoleranz und Diskriminierung. Kinderfl\u00fcchtlinge sind h\u00e4ufig unsichtbar f\u00fcr die Augen der Gesellschaft. Die Autorit\u00e4ten nehmen sie nicht wahr; diejenigen, die ihre Rechte verteidigen sollten, sehen sie nicht und die Medien erw\u00e4hnen sie nur in Zusammenhang mit kriminellen Aktivit\u00e4ten. Dennoch: sie existieren. Etwa 800.000 solcher Kinder leben in Italien; nicht weniger als 60% wurden in Italien geboren, sind dort aufgewachsen, zur Schule gegangen und sprechen die nationale Sprache. Dennoch, legal gesehen, sind sie keine Italiener, weil eine Staatsb\u00fcrgerschaft durch Geburtsrecht auf der Halbinsel nicht existiert.<\/p>\n<p>Solche Jugendlichen sind Opfer vieler Formen von Diskriminierung und Exklusion. Im Hinblick auf die Schule zum Beispiel haben 45% Schwierigkeiten mit ihren Studien. Italien muss diese Kinder besser in die Gesellschaft integrieren und ihnen eine reale Identit\u00e4t bieten.<\/p>\n<div id=\"toggle\"><\/div>\n<div id=\"temoignage_box\" style=\"display: none;\">\n<h3>Stories of children<\/h3>\n<p>Be the first one to testify !<em><br \/>\n<\/em><\/p>\n<p style=\"text-align: center; margin-top: 18px;\"><strong>Add a testimony<\/strong><\/p>\n<\/div>\n<div id=\"toggle\"><\/div>\n<div id=\"perception_box\" style=\"display: none;\">\n<h3 style=\"margin-top: 18px;\">Child in the Culture of the Country<\/h3>\n<p style=\"text-align: center;\"><em><strong>\u201cOne must hope because one must live\u201d<\/strong><\/em><br \/>\n(Italian Proverb)<\/p>\n<p><strong><em>Il camicino della fortuna<\/em><\/strong>: This is a small silk shirt that is given to the future mother when she announces that she is pregnant. This miniature gift expresses hope that child\u2019s life will be full of good fortune and opulence.<\/p>\n<p>Another tradition involves the husband tying a ribbon to the door through which the mother and baby will pass upon return from the maternity ward and to inform the neighbors. The ribbon is blue for male infants and pink for female infants.<\/p>\n<p><em><img loading=\"lazy\" decoding=\"async\" class=\"alignright size-medium wp-image-14476\" title=\"Ein Kind in einer sehr \u00fcberzeugenden Befana-Verkleidung. \u00a9 Narice28 (flickr)\" src=\"https:\/\/www.humanium.org\/fr\/wp-content\/uploads\/2011\/09\/befana-narice28-flickr-225x300.jpg\" alt=\"\" width=\"141\" height=\"189\" \/><\/em><strong><em>La Befana<\/em><\/strong>:\u00a0 This is a character from Italian folklore.\u00a0 Legend has it that on the Eve of Epiphany (January 5) Befana drops in on every home where children reside.\u00a0 A sock is hung near the fireplace or a window. Those children who have been good will find that their sock is full of caramels or chocolates, whereas bad children will find that theirs is full of coal.<\/p>\n<p style=\"text-align: center;\"><strong>Add an information<\/strong><\/p>\n<\/div>\n<p><strong>Kinder in der Kultur des Landes<\/strong><\/p>\n<p>\u201eMan muss hoffen, weil man leben muss.\u201d (Italienisches Sprichwort)<\/p>\n<ul>\n<li><em>Ilcamicinodellafortuna<\/em>: Dies ist ein kleines Seidenhemd, welches zur zuk\u00fcnftigen Mutter gegeben wird, sobald sie die Schwangerschaft verk\u00fcndet. Das kleine Geschenk bringt Hoffnung zum Ausdruck und steht daf\u00fcr, dass das Leben des Kindes voll von Gl\u00fcck und Reichtum sein wird.<\/li>\n<\/ul>\n<ul>\n<li>Eine andere Tradition beinhaltet, dass der Ehemann ein Band an die T\u00fcr bindet, wodurch Mutter und Baby nach der Entbindung passieren werden und so die Nachbarn informieren. Das Band ist blau f\u00fcr m\u00e4nnliche und rosa f\u00fcr weibliche S\u00e4uglinge.<\/li>\n<\/ul>\n<ul>\n<li><em>La Befana<\/em>: Dies ist ein Zeichen der italienischen Folklore. Die Legende besagt, dass am Vorabend der Epiphanie (5. Januar) Befana in jedes Haus geht, in dem Kinder wohnen. Eine Socke wird neben dem Kamin oder Fenster aufgeh\u00e4ngt. Kinder, welche gut gewesen sind, werden ihre Socke gef\u00fcllt mit Karamell und Schokolade finden; die schlechten Kinder bekommen lediglich Kohle.<\/li>\n<\/ul>\n<div id=\"toggle\"><\/div>\n<div id=\"cide_box\" style=\"display: none;\">\n<h3 style=\"margin-top: 18px;\">Adhesion to the CRC<\/h3>\n<p><strong>The international <a href=\"https:\/\/www.humanium.org\/en\/convention\/\">Convention on the Rights of the Child<\/a> (CRC) is the first legally binding international instrument of children\u2019s rights protection.<\/strong><\/p>\n<p><strong>Date of signature: <\/strong>26 January 1990<br \/>\n<em>The signature shows state&#8217;s intent to examine the treaty on the national level and its willingness to ratify it.<\/em><\/p>\n<p><strong>Date of ratification: <\/strong>6 September 1991<br \/>\n<em>The ratification signifies that a State accepts to be legally bound to the clauses of the Convention.<\/em><\/p>\n<p><strong>Declarations and Reservations :<\/strong><\/p>\n<p>Italy has voiced several objections to some of the reservations raised by other countries that have applied for and\/or are members of the CRC.\u00a0 Italy disapproves of the too general conditions posed by Syria and doubts that Qatar is really committed to the cause of children\u2019s rights. Similar objections have been raised with regard to Botswana and Singapore.<\/p>\n<\/div>\n<p><strong>Beitritt des Landes zum \u00dcbereinkommen \u00fcber die Rechte des Kindes<\/strong><\/p>\n<p>Datum der Signatur: 26. Januar 1990<\/p>\n<p>Datum der Ratifizierung: 6. September 1991<\/p>\n<p>Erkl\u00e4rungen, Einw\u00e4nde und Vorbehalte: Italien hat einige Einw\u00e4nde gegen die Vorbehalte anderer L\u00e4nder ge\u00e4u\u00dfert. Italien missbilligt die allgemeinen Bedingungen in Syrien und zweifelt, dass in Katar wirklich die Ursachen der Verletzung der Kinderrechte angegangen werden. \u00c4hnliche Einw\u00e4nde wurden im Hinblick auf Botswana und Singapur erh\u00f6ht.<\/p>\n","protected":false},"excerpt":{"rendered":"<p>Kinder in Italien Die Verwirklichung der Kinderrechte in Italien \u00a0 Italien ist eines der Gr\u00fcndungsl\u00e4nder des gemeinsamen europ\u00e4ischen Marktes; aktuell durchlebt es jedoch eine sozio\u00f6konomische Krise. Das Land hat gro\u00dfe Fortschritte im Bereich der Rechte der Kinder gemacht. Nichtsdestotrotz wird die Zukunft f\u00fcr die Kinder auf der Halbinsel kontinuierlich durch eine Vielzahl von Problemen auf [&hellip;]<\/p>\n","protected":false},"author":1,"featured_media":0,"parent":0,"menu_order":0,"comment_status":"closed","ping_status":"closed","template":"","meta":{"footnotes":""},"class_list":["post-6357","page","type-page","status-publish","hentry"],"yoast_head":"<!-- This site is optimized with the Yoast SEO plugin v26.5 - https:\/\/yoast.com\/wordpress\/plugins\/seo\/ -->\n<title>Kinder in Italien - Humanium<\/title>\n<meta name=\"description\" content=\"Das Land hat gro\u00dfe Fortschritte im Bereich der Rechte der Kinder gemacht. Nichtsdestotrotz wird die Zukunft f\u00fcr die Kinder auf die Probe gestellt.\" \/>\n<meta name=\"robots\" content=\"index, follow, max-snippet:-1, max-image-preview:large, max-video-preview:-1\" \/>\n<link rel=\"canonical\" href=\"https:\/\/www.humanium.org\/de\/italien\/\" \/>\n<meta property=\"og:locale\" content=\"de_DE\" \/>\n<meta property=\"og:type\" content=\"article\" \/>\n<meta property=\"og:title\" content=\"Kinder in Italien - Humanium\" \/>\n<meta property=\"og:description\" content=\"Das Land hat gro\u00dfe Fortschritte im Bereich der Rechte der Kinder gemacht. Nichtsdestotrotz wird die Zukunft f\u00fcr die Kinder auf die Probe gestellt.\" \/>\n<meta property=\"og:url\" content=\"https:\/\/www.humanium.org\/de\/italien\/\" \/>\n<meta property=\"og:site_name\" content=\"Humanium\" \/>\n<meta property=\"article:modified_time\" content=\"2025-12-06T06:25:56+00:00\" \/>\n<meta name=\"twitter:card\" content=\"summary_large_image\" \/>\n<meta name=\"twitter:label1\" content=\"Gesch\u00e4tzte Lesezeit\" \/>\n\t<meta name=\"twitter:data1\" content=\"9\u00a0Minuten\" \/>\n<script type=\"application\/ld+json\" class=\"yoast-schema-graph\">{\"@context\":\"https:\/\/schema.org\",\"@graph\":[{\"@type\":\"WebPage\",\"@id\":\"https:\/\/www.humanium.org\/de\/italien\/\",\"url\":\"https:\/\/www.humanium.org\/de\/italien\/\",\"name\":\"Kinder in Italien - Humanium\",\"isPartOf\":{\"@id\":\"https:\/\/www.humanium.org\/de\/#website\"},\"primaryImageOfPage\":{\"@id\":\"https:\/\/www.humanium.org\/de\/italien\/#primaryimage\"},\"image\":{\"@id\":\"https:\/\/www.humanium.org\/de\/italien\/#primaryimage\"},\"thumbnailUrl\":\"https:\/\/www.humanium.org\/fr\/wp-content\/uploads\/2011\/09\/fillette-maco-flickr.jpg\",\"datePublished\":\"2016-04-19T13:21:42+00:00\",\"dateModified\":\"2025-12-06T06:25:56+00:00\",\"description\":\"Das Land hat gro\u00dfe Fortschritte im Bereich der Rechte der Kinder gemacht. Nichtsdestotrotz wird die Zukunft f\u00fcr die Kinder auf die Probe gestellt.\",\"breadcrumb\":{\"@id\":\"https:\/\/www.humanium.org\/de\/italien\/#breadcrumb\"},\"inLanguage\":\"de\",\"potentialAction\":[{\"@type\":\"ReadAction\",\"target\":[\"https:\/\/www.humanium.org\/de\/italien\/\"]}]},{\"@type\":\"ImageObject\",\"inLanguage\":\"de\",\"@id\":\"https:\/\/www.humanium.org\/de\/italien\/#primaryimage\",\"url\":\"https:\/\/www.humanium.org\/fr\/wp-content\/uploads\/2011\/09\/fillette-maco-flickr.jpg\",\"contentUrl\":\"https:\/\/www.humanium.org\/fr\/wp-content\/uploads\/2011\/09\/fillette-maco-flickr.jpg\"},{\"@type\":\"BreadcrumbList\",\"@id\":\"https:\/\/www.humanium.org\/de\/italien\/#breadcrumb\",\"itemListElement\":[{\"@type\":\"ListItem\",\"position\":1,\"name\":\"Home\",\"item\":\"https:\/\/www.humanium.org\/de\/\"},{\"@type\":\"ListItem\",\"position\":2,\"name\":\"Kinder in Italien\"}]},{\"@type\":\"WebSite\",\"@id\":\"https:\/\/www.humanium.org\/de\/#website\",\"url\":\"https:\/\/www.humanium.org\/de\/\",\"name\":\"Humanium\",\"description\":\"Kinder zuerst!\",\"potentialAction\":[{\"@type\":\"SearchAction\",\"target\":{\"@type\":\"EntryPoint\",\"urlTemplate\":\"https:\/\/www.humanium.org\/de\/?s={search_term_string}\"},\"query-input\":{\"@type\":\"PropertyValueSpecification\",\"valueRequired\":true,\"valueName\":\"search_term_string\"}}],\"inLanguage\":\"de\"}]}<\/script>\n<!-- \/ Yoast SEO plugin. -->","yoast_head_json":{"title":"Kinder in Italien - Humanium","description":"Das Land hat gro\u00dfe Fortschritte im Bereich der Rechte der Kinder gemacht. Nichtsdestotrotz wird die Zukunft f\u00fcr die Kinder auf die Probe gestellt.","robots":{"index":"index","follow":"follow","max-snippet":"max-snippet:-1","max-image-preview":"max-image-preview:large","max-video-preview":"max-video-preview:-1"},"canonical":"https:\/\/www.humanium.org\/de\/italien\/","og_locale":"de_DE","og_type":"article","og_title":"Kinder in Italien - Humanium","og_description":"Das Land hat gro\u00dfe Fortschritte im Bereich der Rechte der Kinder gemacht. Nichtsdestotrotz wird die Zukunft f\u00fcr die Kinder auf die Probe gestellt.","og_url":"https:\/\/www.humanium.org\/de\/italien\/","og_site_name":"Humanium","article_modified_time":"2025-12-06T06:25:56+00:00","twitter_card":"summary_large_image","twitter_misc":{"Gesch\u00e4tzte Lesezeit":"9\u00a0Minuten"},"schema":{"@context":"https:\/\/schema.org","@graph":[{"@type":"WebPage","@id":"https:\/\/www.humanium.org\/de\/italien\/","url":"https:\/\/www.humanium.org\/de\/italien\/","name":"Kinder in Italien - Humanium","isPartOf":{"@id":"https:\/\/www.humanium.org\/de\/#website"},"primaryImageOfPage":{"@id":"https:\/\/www.humanium.org\/de\/italien\/#primaryimage"},"image":{"@id":"https:\/\/www.humanium.org\/de\/italien\/#primaryimage"},"thumbnailUrl":"https:\/\/www.humanium.org\/fr\/wp-content\/uploads\/2011\/09\/fillette-maco-flickr.jpg","datePublished":"2016-04-19T13:21:42+00:00","dateModified":"2025-12-06T06:25:56+00:00","description":"Das Land hat gro\u00dfe Fortschritte im Bereich der Rechte der Kinder gemacht. Nichtsdestotrotz wird die Zukunft f\u00fcr die Kinder auf die Probe gestellt.","breadcrumb":{"@id":"https:\/\/www.humanium.org\/de\/italien\/#breadcrumb"},"inLanguage":"de","potentialAction":[{"@type":"ReadAction","target":["https:\/\/www.humanium.org\/de\/italien\/"]}]},{"@type":"ImageObject","inLanguage":"de","@id":"https:\/\/www.humanium.org\/de\/italien\/#primaryimage","url":"https:\/\/www.humanium.org\/fr\/wp-content\/uploads\/2011\/09\/fillette-maco-flickr.jpg","contentUrl":"https:\/\/www.humanium.org\/fr\/wp-content\/uploads\/2011\/09\/fillette-maco-flickr.jpg"},{"@type":"BreadcrumbList","@id":"https:\/\/www.humanium.org\/de\/italien\/#breadcrumb","itemListElement":[{"@type":"ListItem","position":1,"name":"Home","item":"https:\/\/www.humanium.org\/de\/"},{"@type":"ListItem","position":2,"name":"Kinder in Italien"}]},{"@type":"WebSite","@id":"https:\/\/www.humanium.org\/de\/#website","url":"https:\/\/www.humanium.org\/de\/","name":"Humanium","description":"Kinder zuerst!","potentialAction":[{"@type":"SearchAction","target":{"@type":"EntryPoint","urlTemplate":"https:\/\/www.humanium.org\/de\/?s={search_term_string}"},"query-input":{"@type":"PropertyValueSpecification","valueRequired":true,"valueName":"search_term_string"}}],"inLanguage":"de"}]}},"_links":{"self":[{"href":"https:\/\/www.humanium.org\/de\/wp-json\/wp\/v2\/pages\/6357","targetHints":{"allow":["GET"]}}],"collection":[{"href":"https:\/\/www.humanium.org\/de\/wp-json\/wp\/v2\/pages"}],"about":[{"href":"https:\/\/www.humanium.org\/de\/wp-json\/wp\/v2\/types\/page"}],"author":[{"embeddable":true,"href":"https:\/\/www.humanium.org\/de\/wp-json\/wp\/v2\/users\/1"}],"replies":[{"embeddable":true,"href":"https:\/\/www.humanium.org\/de\/wp-json\/wp\/v2\/comments?post=6357"}],"version-history":[{"count":9,"href":"https:\/\/www.humanium.org\/de\/wp-json\/wp\/v2\/pages\/6357\/revisions"}],"predecessor-version":[{"id":20856,"href":"https:\/\/www.humanium.org\/de\/wp-json\/wp\/v2\/pages\/6357\/revisions\/20856"}],"wp:attachment":[{"href":"https:\/\/www.humanium.org\/de\/wp-json\/wp\/v2\/media?parent=6357"}],"curies":[{"name":"wp","href":"https:\/\/api.w.org\/{rel}","templated":true}]}}