{"id":6378,"date":"2016-04-19T13:57:32","date_gmt":"2016-04-19T13:57:32","guid":{"rendered":"http:\/\/www.humanium.org\/de\/?page_id=6378"},"modified":"2025-12-05T17:04:30","modified_gmt":"2025-12-05T17:04:30","slug":"island","status":"publish","type":"page","link":"https:\/\/www.humanium.org\/de\/island\/","title":{"rendered":"Kinder in Island"},"content":{"rendered":"<h1>Kinder in Island<\/h1>\n<h2>Die Verwirklichung der Kinderrechte in Island<\/h2>\n<p style=\"text-align: center;\">\u00a0<img loading=\"lazy\" decoding=\"async\" class=\"alignnone size-full wp-image-8679\" title=\"Kleiner isl\u00e4ndischer Junge \u00a9 Elena Litsova (gettyimage)\" src=\"https:\/\/www.humanium.org\/en\/wp-content\/uploads\/2012\/08\/gars-elena-litsova-gettyimage-e1345218469735.jpg\" alt=\"\" width=\"221\" height=\"200\" \/><\/p>\n<p>In den letzten Jahren hat sich die isl\u00e4ndische Regierung f\u00fcr den Schutz der Kinderrechte stark gemacht. Sie hat viele Ma\u00dfnahmen zum Schutz von Kindern verabschiedet und bei allen Entscheidungen, die Kinder betreffen, deren Interessen in den Mittelpunkt ger\u00fcckt. Trotzdem muss das Land noch immer einiges verbessern, vor allem mit Blick auf Rechtsprechung, die sexuelle Ausbeutung von Kindern und ihre bestm\u00f6gliche Versorgung.<\/p>\n<h3>Hauptprobleme, mit denen Kinder in Island konfrontiert sind:<\/h3>\n<p><strong>Finanzkrise und <a href=\"https:\/\/www.humanium.org\/de\/armut\/\">Armut<\/a><\/strong><\/p>\n<p><img loading=\"lazy\" decoding=\"async\" class=\"alignright wp-image-8680\" style=\"line-height: 24px;\" title=\"Viele Kinder leiden unter den Folgen der Krise \u00a9 SIGUR (flickr)\" src=\"https:\/\/www.humanium.org\/en\/wp-content\/uploads\/2012\/08\/pauvrete-SIGUR-flickr.jpg\" alt=\"\" width=\"120\" height=\"180\" \/>Nach dem Zusammenbruch des isl\u00e4ndischen Bankensystems im Jahre 2008 wurde das Land von einer schweren Finanzkrise ersch\u00fcttert. Der Staat k\u00fcrzte seine Ausgaben, viele Familien verarmten. Die Regierung bem\u00fchte sich, die Menschen zu unterst\u00fctzen, die am h\u00e4rtesten getroffen wurden, und seither hat es einige Verbesserungen gegeben. Doch viele Kinder mussten und m\u00fcssen sehr unter den Folgen der Krise leiden. In den Bereichen Bildung und medizinische Versorgung hat sich die Situation f\u00fcr sie verschlechtert.<\/p>\n<p>Die Sozialhilfen, mit denen die \u00e4rmsten Familien und Alleinerziehenden unterst\u00fctzt werden sollen, reichen nicht aus, um den Kindern eine angemessene Entwicklung zu erm\u00f6glichen. Auch die Versorgung behinderter Kinder hat sich seit der Krise verschlechtert. Besonders in Schulen fehlen oft die Mittel, um ihren besonderen Bed\u00fcrfnissen gerecht zu werden.<\/p>\n<p><a href=\"https:\/\/www.humanium.org\/de\/das-recht-auf-gesundheit\/\"><strong>Medizinische Versorgung<\/strong><\/a><\/p>\n<p><img loading=\"lazy\" decoding=\"async\" class=\"alignright wp-image-8681\" title=\"\u00dcbergewicht bei Kindern und Jugendlichen ist ein ernstzunehmendes Gesundheitsproblem geworden \u00a9 Jhenryrose (flickr)\" src=\"https:\/\/www.humanium.org\/en\/wp-content\/uploads\/2012\/08\/sante-obesite-jhenryrose-flickr.jpg\" alt=\"\" width=\"106\" height=\"160\" \/>Die medizinische Versorgung ist zwar in einigen Aspekten besser geworden, allerdings ist die Zahl der stark \u00fcbergewichtigen Kinder und Jugendlichen nach wie vor sehr hoch. Einer Studie von 2006 zufolge gelten 14,5% der Kinder im Alter von elf bis 15 Jahren als fettleibig oder \u00fcbergewichtig. Dieses unn\u00f6tige \u00dcbergewicht verursacht weitere ernsthafte Gesundheitsprobleme wie Herz-, Lungen- und Gelenkbeschwerden.<\/p>\n<p>Viele junge Isl\u00e4nder leiden au\u00dferdem an psychischen Problemen oder Verhaltensauff\u00e4lligkeiten wie Hyperaktivit\u00e4t. Die zunehmenden Patientenzahlen bringen das Fachpersonal an seine Kapazit\u00e4tsgrenzen, sodass es immer schwieriger wird, Behandlungstermine oder \u2013pl\u00e4tze zu bekommen. Daraus folgt au\u00dferdem in direkter Konsequenz, dass eine Behandlung der betroffenen Kinder immer h\u00e4ufiger \u00fcber Medikamente abgewickelt wird. Diese wiederum k\u00f6nnen negative Auswirkungen auf das Nervensystem haben.<\/p>\n<p>Auch die Zahl der Schwangerschaften und Schwangerschaftsabbr\u00fcche bei Teenagern zwischen 15 und 19 Jahren ist in Island relativ hoch (1,5% der M\u00e4dchen bekommen in diesem Alter ein Kind). Die Zahlen zeigen, dass die Aufkl\u00e4rungsarbeit verst\u00e4rkt und der Zugang zu Verh\u00fctungsmitteln vereinfacht werden muss.<\/p>\n<p><a href=\"https:\/\/www.humanium.org\/de\/kinder-im-justizsystem\/\"><strong>Rechtsprechung<\/strong><\/a><\/p>\n<p>Nicht immer erreichen den isl\u00e4ndischen Kinderrechtsbeauftragten einzelne Beschwerden. Kinder, die eine Verletzung ihrer Rechte anzeigen wollen, m\u00fcssen sich durch ein komplexes Beschwerdesystem verschiedener Regierungseinrichtungen arbeiten.<\/p>\n<p><img loading=\"lazy\" decoding=\"async\" class=\"alignright wp-image-8682\" title=\"F\u00fcr Kinder bleibt es schwierig, Verst\u00f6\u00dfe zu melden \u00a9 Aldenwicker (flickr)\" src=\"https:\/\/www.humanium.org\/en\/wp-content\/uploads\/2012\/08\/manif-droits-aldenwicker-flickr.jpg\" alt=\"\" width=\"167\" height=\"180\" \/>Auch werden Kinder, die als Zeugen aussagen, nicht immer korrekt behandelt und gesch\u00fctzt. Oft trauen sie sich deshalb nicht, auszusagen, was sie gesehen haben. Dar\u00fcber hinaus ist das Rechtssystem nicht optimal auf Minderj\u00e4hrige eingestellt. Deshalb ist nicht immer gew\u00e4hrleistet, dass w\u00e4hrend eines Prozesses im besten Interesse des Kindes verhandelt und entschieden wird.<\/p>\n<p>Island hat au\u00dferdem nach wie vor seinen Vorbehalt gegen Artikel 37 der Kinderrechtskonvention nicht zur\u00fcckgezogen. Darin geht es um die getrennte Unterbringung von Kindern und Minderj\u00e4hrigen in Vollzugsanstalten. Kinder unter 18 Jahren sind zusammen mit Erwachsenen untergebracht. Dadurch ist die Gefahr gro\u00df, dass sie Opfer von Aggressionen werden.<\/p>\n<p>Schlussendlich fehlt es auch an Hilfsangeboten f\u00fcr die Wiedereingliederung straff\u00e4llig gewordener Jugendlicher, die aus alternativen Erziehungsma\u00dfnahmen entlassen werden. Deshalb haben diese Kinder \u2013 ohne Anlaufstelle \u2013 oft Probleme, sich wieder in die Gesellschaft einzufinden.<\/p>\n<p><a href=\"https:\/\/www.humanium.org\/de\/gewalt\/\"><strong>Gewalt<\/strong><\/a><\/p>\n<p>Auch wenn in Island nicht viele Kinder selbst Opfer von Gewalt werden, so erleben sie doch oft Gewalt zwischen Erwachsenen. Vor dem Gesetzgeber gilt ein Kind erst dann als Opfer, wenn es selbst Ziel eines t\u00e4tlichen \u00dcbergriffs geworden ist. Gewalt zwischen Elternteilen findet deshalb in Sorgerechtsverhandlungen nur selten Ber\u00fccksichtigung. Dabei k\u00f6nnen solche Gewalterfahrungen schwerwiegende psychische Folgen f\u00fcr die Kinder haben.<\/p>\n<p><a href=\"https:\/\/www.humanium.org\/de\/kinderarbeit-2\/\"><strong>Kinderarbeit<\/strong><\/a><\/p>\n<p>In Island fangen viele Kinder sehr fr\u00fch an zu arbeiten, zum Teil schon mit 13 Jahren. Die Arbeitsbedingungen sind in der Regel in Ordnung. Es kommt aber in einigen F\u00e4llen zu nicht kindgerechten Arbeitsvereinbarungen, die lange Arbeitszeiten oder ernste Unfallrisiken zur Folge haben und durch die die Kinder potenziell Bel\u00e4stigungen ausgesetzt sind. Manchmal m\u00fcssen die Kinder in ihrem Job auch Verantwortung in einem Ausma\u00df \u00fcbernehmen, dem Kinder ihres Alters nicht gewachsen sind.<\/p>\n<p><a href=\"https:\/\/www.humanium.org\/de\/die-sexuelle-ausbeutung-von-kindern\/\"><strong>Sexuelle Ausbeutung<\/strong><\/a><\/p>\n<p><img loading=\"lazy\" decoding=\"async\" class=\"alignright size-full wp-image-8683\" title=\"Sexuelle \u00dcbergriffe auf Minderj\u00e4hrige werden nicht angemessen bestraft \u00a9 Gritt Matthias (flickr)\" src=\"https:\/\/www.humanium.org\/en\/wp-content\/uploads\/2012\/08\/exploitation-sexuelle-Gritt-Matthias.jpg\" alt=\"\" width=\"200\" height=\"133\" \/>Auch die letzten \u00c4nderungen der Strafgesetze, die Sexualdelikte betreffen, sch\u00fctzen Kinder zwischen 15 und 18 Jahren nicht ausreichend vor sexueller Ausbeutung. Vergewaltigungen und andere F\u00e4lle sexueller Bel\u00e4stigung Minderj\u00e4hriger werden nicht systematisch vor Gericht gebracht, und noch seltener kommt es zu Verurteilungen. In den letzten Jahren ist die Zahl der Anzeigen wegen Vergewaltigung gestiegen, die Zahl der Verurteilungen jedoch nicht. 70 Prozent der F\u00e4lle, die wegen Vergewaltigung (erwachsener und minderj\u00e4hriger Opfer) verhandelt wurden, wurden zwischen 2006 und 2009 abgeschlossen, ohne dass es eine Strafe f\u00fcr den T\u00e4ter gab.<\/p>\n<p>Hinzu kommt, dass minderj\u00e4hrige Prostituierte viel zu oft nicht als Opfer, sondern als Straft\u00e4ter betrachtet werden.<\/p>\n<p>Au\u00dferdem gibt es in Island das Prinzip der doppelten Kriminalisierung. Eine Straftat, die im Ausland begangen wurde, wird nur dann vom nationalen Justizsystem bestraft, wenn die Tat auch in dem Land, wo sie begangen wurde, einen Straftatbestand darstellt. Das schm\u00e4lert die M\u00f6glichkeiten, gegen Kinderhandel vorzugehen und Kinder vor Menschenh\u00e4ndlern, Prostitution und Pornografie zu sch\u00fctzen.<\/p>\n<p><strong>Umgang mit Ausl\u00e4ndern<\/strong><\/p>\n<p>In der letzten Zeit sind viele Migranten nach Island gekommen. Seitdem haben <a href=\"https:\/\/www.humanium.org\/de\/focusdiskriminierung\/\">Diskriminierung<\/a> und Rassismus gegen\u00fcber Ausl\u00e4ndern zugenommen. Da es keine Gesetze gibt, die dieses Thema regeln, ist es schwierig, diesen Anstieg zu stoppen.<\/p>\n<p>Besorgniserregend ist, dass die Zahl der Schulabbrecher mit Migrationshintergrund in den weiterf\u00fchrenden Schulen \u00fcberproportional hoch ist. Fehlende Unterst\u00fctzung beim Erlernen der isl\u00e4ndischen Sprache ist der Hauptgrund daf\u00fcr. Bei Kindern aus Migrantenfamilien besteht auch die Gefahr, dass sie sozial ausgegrenzt oder Teil einer Parallelgesellschaft werden und mit anderen Gesellschaftsgruppen in Konflikt geraten.<\/p>\n","protected":false},"excerpt":{"rendered":"<p>Kinder in Island Die Verwirklichung der Kinderrechte in Island \u00a0 In den letzten Jahren hat sich die isl\u00e4ndische Regierung f\u00fcr den Schutz der Kinderrechte stark gemacht. Sie hat viele Ma\u00dfnahmen zum Schutz von Kindern verabschiedet und bei allen Entscheidungen, die Kinder betreffen, deren Interessen in den Mittelpunkt ger\u00fcckt. Trotzdem muss das Land noch immer einiges [&hellip;]<\/p>\n","protected":false},"author":1,"featured_media":0,"parent":0,"menu_order":0,"comment_status":"closed","ping_status":"closed","template":"","meta":{"footnotes":""},"class_list":["post-6378","page","type-page","status-publish","hentry"],"yoast_head":"<!-- This site is optimized with the Yoast SEO plugin v26.5 - https:\/\/yoast.com\/wordpress\/plugins\/seo\/ -->\n<title>Kinder in Island - Humanium<\/title>\n<meta name=\"description\" content=\"In den letzten Jahren hat sich die isl\u00e4ndische Regierung f\u00fcr den Schutz der Kinderrechte gemacht. Trotzdem muss das Land noch immer einiges verbessern.\" \/>\n<meta name=\"robots\" content=\"index, follow, max-snippet:-1, max-image-preview:large, max-video-preview:-1\" \/>\n<link rel=\"canonical\" href=\"https:\/\/www.humanium.org\/de\/island\/\" \/>\n<meta property=\"og:locale\" content=\"de_DE\" \/>\n<meta property=\"og:type\" content=\"article\" \/>\n<meta property=\"og:title\" content=\"Kinder in Island - Humanium\" \/>\n<meta property=\"og:description\" content=\"In den letzten Jahren hat sich die isl\u00e4ndische Regierung f\u00fcr den Schutz der Kinderrechte gemacht. Trotzdem muss das Land noch immer einiges verbessern.\" \/>\n<meta property=\"og:url\" content=\"https:\/\/www.humanium.org\/de\/island\/\" \/>\n<meta property=\"og:site_name\" content=\"Humanium\" \/>\n<meta property=\"article:modified_time\" content=\"2025-12-05T17:04:30+00:00\" \/>\n<meta name=\"twitter:card\" content=\"summary_large_image\" \/>\n<meta name=\"twitter:label1\" content=\"Gesch\u00e4tzte Lesezeit\" \/>\n\t<meta name=\"twitter:data1\" content=\"7\u00a0Minuten\" \/>\n<script type=\"application\/ld+json\" class=\"yoast-schema-graph\">{\"@context\":\"https:\/\/schema.org\",\"@graph\":[{\"@type\":\"WebPage\",\"@id\":\"https:\/\/www.humanium.org\/de\/island\/\",\"url\":\"https:\/\/www.humanium.org\/de\/island\/\",\"name\":\"Kinder in Island - Humanium\",\"isPartOf\":{\"@id\":\"https:\/\/www.humanium.org\/de\/#website\"},\"primaryImageOfPage\":{\"@id\":\"https:\/\/www.humanium.org\/de\/island\/#primaryimage\"},\"image\":{\"@id\":\"https:\/\/www.humanium.org\/de\/island\/#primaryimage\"},\"thumbnailUrl\":\"https:\/\/www.humanium.org\/en\/wp-content\/uploads\/2012\/08\/gars-elena-litsova-gettyimage-e1345218469735.jpg\",\"datePublished\":\"2016-04-19T13:57:32+00:00\",\"dateModified\":\"2025-12-05T17:04:30+00:00\",\"description\":\"In den letzten Jahren hat sich die isl\u00e4ndische Regierung f\u00fcr den Schutz der Kinderrechte gemacht. Trotzdem muss das Land noch immer einiges verbessern.\",\"breadcrumb\":{\"@id\":\"https:\/\/www.humanium.org\/de\/island\/#breadcrumb\"},\"inLanguage\":\"de\",\"potentialAction\":[{\"@type\":\"ReadAction\",\"target\":[\"https:\/\/www.humanium.org\/de\/island\/\"]}]},{\"@type\":\"ImageObject\",\"inLanguage\":\"de\",\"@id\":\"https:\/\/www.humanium.org\/de\/island\/#primaryimage\",\"url\":\"https:\/\/www.humanium.org\/en\/wp-content\/uploads\/2012\/08\/gars-elena-litsova-gettyimage-e1345218469735.jpg\",\"contentUrl\":\"https:\/\/www.humanium.org\/en\/wp-content\/uploads\/2012\/08\/gars-elena-litsova-gettyimage-e1345218469735.jpg\"},{\"@type\":\"BreadcrumbList\",\"@id\":\"https:\/\/www.humanium.org\/de\/island\/#breadcrumb\",\"itemListElement\":[{\"@type\":\"ListItem\",\"position\":1,\"name\":\"Home\",\"item\":\"https:\/\/www.humanium.org\/de\/\"},{\"@type\":\"ListItem\",\"position\":2,\"name\":\"Kinder in Island\"}]},{\"@type\":\"WebSite\",\"@id\":\"https:\/\/www.humanium.org\/de\/#website\",\"url\":\"https:\/\/www.humanium.org\/de\/\",\"name\":\"Humanium\",\"description\":\"Kinder zuerst!\",\"potentialAction\":[{\"@type\":\"SearchAction\",\"target\":{\"@type\":\"EntryPoint\",\"urlTemplate\":\"https:\/\/www.humanium.org\/de\/?s={search_term_string}\"},\"query-input\":{\"@type\":\"PropertyValueSpecification\",\"valueRequired\":true,\"valueName\":\"search_term_string\"}}],\"inLanguage\":\"de\"}]}<\/script>\n<!-- \/ Yoast SEO plugin. -->","yoast_head_json":{"title":"Kinder in Island - Humanium","description":"In den letzten Jahren hat sich die isl\u00e4ndische Regierung f\u00fcr den Schutz der Kinderrechte gemacht. Trotzdem muss das Land noch immer einiges verbessern.","robots":{"index":"index","follow":"follow","max-snippet":"max-snippet:-1","max-image-preview":"max-image-preview:large","max-video-preview":"max-video-preview:-1"},"canonical":"https:\/\/www.humanium.org\/de\/island\/","og_locale":"de_DE","og_type":"article","og_title":"Kinder in Island - Humanium","og_description":"In den letzten Jahren hat sich die isl\u00e4ndische Regierung f\u00fcr den Schutz der Kinderrechte gemacht. Trotzdem muss das Land noch immer einiges verbessern.","og_url":"https:\/\/www.humanium.org\/de\/island\/","og_site_name":"Humanium","article_modified_time":"2025-12-05T17:04:30+00:00","twitter_card":"summary_large_image","twitter_misc":{"Gesch\u00e4tzte Lesezeit":"7\u00a0Minuten"},"schema":{"@context":"https:\/\/schema.org","@graph":[{"@type":"WebPage","@id":"https:\/\/www.humanium.org\/de\/island\/","url":"https:\/\/www.humanium.org\/de\/island\/","name":"Kinder in Island - Humanium","isPartOf":{"@id":"https:\/\/www.humanium.org\/de\/#website"},"primaryImageOfPage":{"@id":"https:\/\/www.humanium.org\/de\/island\/#primaryimage"},"image":{"@id":"https:\/\/www.humanium.org\/de\/island\/#primaryimage"},"thumbnailUrl":"https:\/\/www.humanium.org\/en\/wp-content\/uploads\/2012\/08\/gars-elena-litsova-gettyimage-e1345218469735.jpg","datePublished":"2016-04-19T13:57:32+00:00","dateModified":"2025-12-05T17:04:30+00:00","description":"In den letzten Jahren hat sich die isl\u00e4ndische Regierung f\u00fcr den Schutz der Kinderrechte gemacht. Trotzdem muss das Land noch immer einiges verbessern.","breadcrumb":{"@id":"https:\/\/www.humanium.org\/de\/island\/#breadcrumb"},"inLanguage":"de","potentialAction":[{"@type":"ReadAction","target":["https:\/\/www.humanium.org\/de\/island\/"]}]},{"@type":"ImageObject","inLanguage":"de","@id":"https:\/\/www.humanium.org\/de\/island\/#primaryimage","url":"https:\/\/www.humanium.org\/en\/wp-content\/uploads\/2012\/08\/gars-elena-litsova-gettyimage-e1345218469735.jpg","contentUrl":"https:\/\/www.humanium.org\/en\/wp-content\/uploads\/2012\/08\/gars-elena-litsova-gettyimage-e1345218469735.jpg"},{"@type":"BreadcrumbList","@id":"https:\/\/www.humanium.org\/de\/island\/#breadcrumb","itemListElement":[{"@type":"ListItem","position":1,"name":"Home","item":"https:\/\/www.humanium.org\/de\/"},{"@type":"ListItem","position":2,"name":"Kinder in Island"}]},{"@type":"WebSite","@id":"https:\/\/www.humanium.org\/de\/#website","url":"https:\/\/www.humanium.org\/de\/","name":"Humanium","description":"Kinder zuerst!","potentialAction":[{"@type":"SearchAction","target":{"@type":"EntryPoint","urlTemplate":"https:\/\/www.humanium.org\/de\/?s={search_term_string}"},"query-input":{"@type":"PropertyValueSpecification","valueRequired":true,"valueName":"search_term_string"}}],"inLanguage":"de"}]}},"_links":{"self":[{"href":"https:\/\/www.humanium.org\/de\/wp-json\/wp\/v2\/pages\/6378","targetHints":{"allow":["GET"]}}],"collection":[{"href":"https:\/\/www.humanium.org\/de\/wp-json\/wp\/v2\/pages"}],"about":[{"href":"https:\/\/www.humanium.org\/de\/wp-json\/wp\/v2\/types\/page"}],"author":[{"embeddable":true,"href":"https:\/\/www.humanium.org\/de\/wp-json\/wp\/v2\/users\/1"}],"replies":[{"embeddable":true,"href":"https:\/\/www.humanium.org\/de\/wp-json\/wp\/v2\/comments?post=6378"}],"version-history":[{"count":4,"href":"https:\/\/www.humanium.org\/de\/wp-json\/wp\/v2\/pages\/6378\/revisions"}],"predecessor-version":[{"id":20148,"href":"https:\/\/www.humanium.org\/de\/wp-json\/wp\/v2\/pages\/6378\/revisions\/20148"}],"wp:attachment":[{"href":"https:\/\/www.humanium.org\/de\/wp-json\/wp\/v2\/media?parent=6378"}],"curies":[{"name":"wp","href":"https:\/\/api.w.org\/{rel}","templated":true}]}}