{"id":6445,"date":"2016-04-25T20:15:42","date_gmt":"2016-04-25T20:15:42","guid":{"rendered":"http:\/\/www.humanium.org\/de\/?page_id=6445"},"modified":"2025-12-05T17:11:23","modified_gmt":"2025-12-05T17:11:23","slug":"serbien","status":"publish","type":"page","link":"https:\/\/www.humanium.org\/de\/serbien\/","title":{"rendered":"Kinder in Serbien"},"content":{"rendered":"<h1>Kinder in Serbien<\/h1>\n<h2>Die Verwirklichung der\u00a0Kinderrechte in Serbien<\/h2>\n<p><center><img decoding=\"async\" class=\"alignnone wp-image-4323\" title=\"M\u00e4dchen aus Serbien \u00a9 Tibo (flickr)\" src=\"https:\/\/www.humanium.org\/en\/wp-content\/uploads\/2011\/10\/serbie-fille-photo-de-tibo-flickr.jpg\" alt=\"\" \/>\u00a0\u00a0\u00a0 <img loading=\"lazy\" decoding=\"async\" class=\"alignnone size-full wp-image-4322\" title=\"Jungge aus Serbien \u00a9 Metaleks (flickr)\" src=\"https:\/\/www.humanium.org\/en\/wp-content\/uploads\/2011\/10\/serbie-garcon-metaleks-flickr.jpg\" alt=\"\" width=\"124\" height=\"200\" \/><\/center>Trotz anhaltender politischer Unruhen schneidet Serbien im Vergleich gut ab: Hinsichtlich der Gesundheit und Bildung der Kinder sind solide Fortschritte zu verzeichnen. Dagegen gibt es noch immer ernste Probleme mit Armut, sozialer Ausgrenzung und Diskriminierung. Die serbische Regierung hat zur Bek\u00e4mpfung des Problems ein nationales Kinderschutzsystem eingerichtet.<\/p>\n<h3>Hauptrobleme der Kinder in Serbien:<\/h3>\n<p><strong><a href=\"https:\/\/www.humanium.org\/en\/poor-children\/\">Armut<\/a><\/strong><\/p>\n<p><img loading=\"lazy\" decoding=\"async\" class=\"alignright size-full wp-image-4334\" title=\"Viele Kinder leben unterhalb der Armutsgrenze \u00a9 Fotoda (flickr)\" src=\"https:\/\/www.humanium.org\/en\/wp-content\/uploads\/2011\/10\/serbie-pauvrete-fotoda-flickr.jpg\" alt=\"\" width=\"87\" height=\"136\" \/>Aufgrund der weltweiten Wirtschaftskrise, aber auch durch den \u00dcbergang der serbischen Gesellschaft, hat die Armut in Serbien zugenommen. \u00dcber 150.000 Kinder leben unterhalb der Armutsgrenze; am st\u00e4rksten sind von dieser Situation Kinder in l\u00e4ndlichen Gebieten und insbesondere Roma betroffen.<\/p>\n<p><strong><a href=\"https:\/\/www.humanium.org\/en\/abuse\/\">Kindesmisshandlung<\/a><\/strong><\/p>\n<p>Viele serbische Kinder werden missbraucht, vernachl\u00e4ssigt oder sogar ausgebeutet. Indessen gibt es keine statistischen Daten zu diesem Thema. Au\u00dferdem wurde von der Regierung kein offizielles Beschwerdeverfahren eingerichtet.<\/p>\n<p><strong><a href=\"https:\/\/www.humanium.org\/de\/das-recht-auf-gesundheit\/\">Das Recht auf Gesundheit<\/a><\/strong><\/p>\n<p><img loading=\"lazy\" decoding=\"async\" class=\"alignright size-full wp-image-4333\" title=\"Es gibt in Serbien Unterschiede bei der Gesundheitsversorgung. \u00a9 Olivier Soret\" src=\"https:\/\/www.humanium.org\/en\/wp-content\/uploads\/2011\/10\/bolivie-sante-olivier-soret.jpg\" alt=\"\" width=\"150\" height=\"200\" \/>In Serbien ist die Kindersterblichkeit unter f\u00fcnf Jahren mit 7\u2030 relativ niedrig. Bei den Roma-Kindern betr\u00e4gt die Kindersterblichkeit jedoch \u00fcber 20\u2030. Somit gibt es in Serbien Unterschiede in der Gesundheitsversorgung.<\/p>\n<p>Au\u00dferdem leidet Serbien trotz der Verbesserung des Gesundheitssystems an einem Mangel an finanziellen Ressourcen. Dies macht es zum einen schwierig, Krankenh\u00e4user zu unterhalten, und zum andern demotiviert es die Angestellten dieser Einrichtungen. Die medizinische Versorgung ist daher gef\u00e4hrdet.<\/p>\n<p>Dar\u00fcber hinaus ist ein gro\u00dfer Prozentsatz von Jugendlichen von AIDS betroffen. Die Krankheit wird bei ihnen oftmals erst in den letzten Stadien erkannt. Die zust\u00e4ndigen Beh\u00f6rden stellen nahezu keine Informationen zum Ansteckungsprozess oder zu Verh\u00fctungsmitteln bereit.<\/p>\n<p><strong><a href=\"https:\/\/www.humanium.org\/de\/focusdiskriminierung\/\">Das Recht auf Nicht-Diskriminierung<\/a><\/strong><\/p>\n<p><img loading=\"lazy\" decoding=\"async\" class=\"alignright size-full wp-image-4335\" title=\"Die Roma leiden unter Formen von Diskriminierung, insbesondere in den Bereichen Gesundheit, Bildung, Unterkunft usw. \u00a9 Zarko Drincic (flickr)\" src=\"https:\/\/www.humanium.org\/en\/wp-content\/uploads\/2011\/10\/serbie-discrimination-zarko-drincic.flickr.jpg\" alt=\"\" width=\"200\" height=\"150\" \/>Obwohl die serbischen Rechtsvorschriften Kindern ein Recht auf Nicht-Diskriminierung garantieren, werden viele Jugendliche in l\u00e4ndlichen Regionen und Regionen mit dem gr\u00f6\u00dften Entwicklungsr\u00fcckstand, genauso wie Jugendliche einiger Minderheiten, ungleich behandelt.<\/p>\n<p>Auch heute noch werden behinderte Kinder nicht wie andere angesehen. Sie werden h\u00e4ufig aus ihren Familien entfernt und in Einrichtungen gebracht. In vielen F\u00e4llen werden die Kinder nicht von spezialisiertem Pflegepersonal betreut und sind nicht in das Bildungssystem eingebunden. Hinzu kommt, dass sie h\u00e4ufiger vernachl\u00e4ssigt, misshandelt oder Opfer von Gewalt werden.<\/p>\n<p>Im \u00dcbrigen leiden Roma ebenso unter Formen von Diskriminierung, insbesondere in den Bereichen Gesundheit, Bildung, Unterkunft usw. Sie werden oft von Polizei und B\u00fcrgern misshandelt, schikaniert oder beschimpft.<\/p>\n<p>Auch verweigern ihnen \u00c4rzte bei Arztbesuchen oft medizinische Behandlungen. Ihre Gesundheitsprobleme, die besonders durch ihre schlechten Wohnverh\u00e4ltnisse verursacht werden, k\u00f6nnen sich somit nicht verbessern.<\/p>\n<p>Jedoch hat die Regierung ein Programm zum sozialen Schutz der Roma-Kinder entwickelt, um deren Situation zu verbessern.<\/p>\n<p><strong><a href=\"https:\/\/www.humanium.org\/de\/kinderheirat\/\">Kinderheirat<\/a><\/strong><\/p>\n<p>In einigen Gemeinschaften, besonders bei den Romas in S\u00fcd- und Ostserbien, gibt es noch immer Kinderheirat: Manchmal heiraten Jugendliche im Alter zwischen 14 und 18 Jahren. Dennoch hat die Zahl der Kinderheiraten bei Romas in den letzten Jahren abgenommen, w\u00e4hrend die Zahl der Heiraten bei serbischen Kindern zugenommen hat.<\/p>\n<p><strong><a href=\"https:\/\/www.humanium.org\/de\/recht-auf-identitat\/\">Das Recht auf Identit\u00e4t<\/a><\/strong><\/p>\n<p><img loading=\"lazy\" decoding=\"async\" class=\"alignright size-full wp-image-4336\" title=\"Nicht alle Geburten der Roma-Kinder werden den Beh\u00f6rden gemeldet. \u00a9 Perecca (flickr)\" src=\"https:\/\/www.humanium.org\/en\/wp-content\/uploads\/2011\/10\/serbie-identite-perecca-flickr.jpg\" alt=\"\" width=\"158\" height=\"200\" \/>Nicht alle Geburten der Roma-Kinder werden den Beh\u00f6rden gemeldet. Daher k\u00f6nnen diese Kinder ohne Geburtsurkunde ihr Recht auf Identit\u00e4t nicht geltend machen. So werden sie von der Gesellschaft nicht als vollwertiges Mitglied anerkannt und k\u00f6nnen ihre Rechte folglich nicht durchsetzen. Sie bleiben f\u00fcr die Allgemeinheit somit unsichtbar.<\/p>\n<p>Dar\u00fcber hinaus sind die nicht registrierten Kinder nicht vor Missbrauch wie Zwangsarbeit, Prostitution, Fr\u00fchverheiratung, Drogenschmuggel, Menschenhandel usw. gesch\u00fctzt.<\/p>\n<p><strong><a href=\"https:\/\/www.humanium.org\/de\/vertriebene-kinder\/\">Fl\u00fcchtlingskinder<\/a><\/strong><\/p>\n<p><img loading=\"lazy\" decoding=\"async\" class=\"alignright size-full wp-image-4337\" title=\"Serbien beheimatet eine der gr\u00f6\u00dften gefl\u00fcchteten und vertriebenen Bev\u00f6lkerungsgruppen in Europa. \u00a9 Magne g (flickr)\" src=\"https:\/\/www.humanium.org\/en\/wp-content\/uploads\/2011\/10\/serbie-refugie-magne-g-flickr.jpg\" alt=\"\" width=\"164\" height=\"200\" \/>Infolge der Konflikte in den 90er Jahren, beheimatet Serbien eine der gr\u00f6\u00dften gefl\u00fcchteten und vertriebenen Bev\u00f6lkerungsgruppen in Europa (Kosovo, Kroatien, Bosnien-Herzegowina usw.).<\/p>\n<p>Im Allgemeinen wohnen diese Familien mit ihren Kindern in speziellen Aufnahmezentren. Jedoch werden sie teilweise vor\u00fcbergehend auch in alten Wohngeb\u00e4uden ohne Wasser und Strom untergebracht. So werden ihre Rechte auf Gesundheit und auf eine angemessene Unterkunft in einigen serbischen Regionen noch immer verletzt.<\/p>\n<p><a href=\"https:\/\/www.humanium.org\/de\/kinder-im-justizsystem\/\"><strong>Inhaftierung Minderj\u00e4hriger<\/strong><\/a><\/p>\n<p>Serbische Kinder, die mit dem Gesetz in Konflikt geraten, sind h\u00e4ufig Opfer. Sie werden straff\u00e4llig aufgrund finanzieller oder famili\u00e4rer Schwierigkeiten (Missbrauch, Vernachl\u00e4ssigung usw.). Anstatt dass sie Hilfe erhalten, werden diese Jugendlichen h\u00e4ufig ausgeschlossen und werden kriminell.<\/p>\n<p>Im serbischen Jugendstrafrecht werden die Richtlinien und Empfehlungen der UN nicht ber\u00fccksichtigt. Es weist daher gro\u00dfe Probleme auf. Jedoch hat der Staat in Zusammenarbeit mit internationalen Organisationen ein Programm zur Reformierung des Jugendstrafrechts entwickelt, um die Rechte der Kinder zu wahren, die in Konflikt mit dem Gesetz kommen.<\/p>\n","protected":false},"excerpt":{"rendered":"<p>Kinder in Serbien Die Verwirklichung der\u00a0Kinderrechte in Serbien \u00a0\u00a0\u00a0 Trotz anhaltender politischer Unruhen schneidet Serbien im Vergleich gut ab: Hinsichtlich der Gesundheit und Bildung der Kinder sind solide Fortschritte zu verzeichnen. Dagegen gibt es noch immer ernste Probleme mit Armut, sozialer Ausgrenzung und Diskriminierung. Die serbische Regierung hat zur Bek\u00e4mpfung des Problems ein nationales Kinderschutzsystem [&hellip;]<\/p>\n","protected":false},"author":1,"featured_media":0,"parent":0,"menu_order":0,"comment_status":"closed","ping_status":"closed","template":"","meta":{"footnotes":""},"class_list":["post-6445","page","type-page","status-publish","hentry"],"yoast_head":"<!-- This site is optimized with the Yoast SEO plugin v26.5 - https:\/\/yoast.com\/wordpress\/plugins\/seo\/ -->\n<title>Kinder in Serbien - Humanium<\/title>\n<meta name=\"description\" content=\"Trotz anhaltender politischer Unruhen schneidet Serbien gut ab: Hinsichtlich der Gesundheit und Bildung der Kinder sind solide Fortschritte zu verzeichnen.\" \/>\n<meta name=\"robots\" content=\"index, follow, max-snippet:-1, max-image-preview:large, max-video-preview:-1\" \/>\n<link rel=\"canonical\" href=\"https:\/\/www.humanium.org\/de\/serbien\/\" \/>\n<meta property=\"og:locale\" content=\"de_DE\" \/>\n<meta property=\"og:type\" content=\"article\" \/>\n<meta property=\"og:title\" content=\"Kinder in Serbien - Humanium\" \/>\n<meta property=\"og:description\" content=\"Trotz anhaltender politischer Unruhen schneidet Serbien gut ab: Hinsichtlich der Gesundheit und Bildung der Kinder sind solide Fortschritte zu verzeichnen.\" \/>\n<meta property=\"og:url\" content=\"https:\/\/www.humanium.org\/de\/serbien\/\" \/>\n<meta property=\"og:site_name\" content=\"Humanium\" \/>\n<meta property=\"article:modified_time\" content=\"2025-12-05T17:11:23+00:00\" \/>\n<meta name=\"twitter:card\" content=\"summary_large_image\" \/>\n<meta name=\"twitter:label1\" content=\"Gesch\u00e4tzte Lesezeit\" \/>\n\t<meta name=\"twitter:data1\" content=\"6\u00a0Minuten\" \/>\n<script type=\"application\/ld+json\" class=\"yoast-schema-graph\">{\"@context\":\"https:\/\/schema.org\",\"@graph\":[{\"@type\":\"WebPage\",\"@id\":\"https:\/\/www.humanium.org\/de\/serbien\/\",\"url\":\"https:\/\/www.humanium.org\/de\/serbien\/\",\"name\":\"Kinder in Serbien - Humanium\",\"isPartOf\":{\"@id\":\"https:\/\/www.humanium.org\/de\/#website\"},\"primaryImageOfPage\":{\"@id\":\"https:\/\/www.humanium.org\/de\/serbien\/#primaryimage\"},\"image\":{\"@id\":\"https:\/\/www.humanium.org\/de\/serbien\/#primaryimage\"},\"thumbnailUrl\":\"https:\/\/www.humanium.org\/en\/wp-content\/uploads\/2011\/10\/serbie-fille-photo-de-tibo-flickr.jpg\",\"datePublished\":\"2016-04-25T20:15:42+00:00\",\"dateModified\":\"2025-12-05T17:11:23+00:00\",\"description\":\"Trotz anhaltender politischer Unruhen schneidet Serbien gut ab: Hinsichtlich der Gesundheit und Bildung der Kinder sind solide Fortschritte zu verzeichnen.\",\"breadcrumb\":{\"@id\":\"https:\/\/www.humanium.org\/de\/serbien\/#breadcrumb\"},\"inLanguage\":\"de\",\"potentialAction\":[{\"@type\":\"ReadAction\",\"target\":[\"https:\/\/www.humanium.org\/de\/serbien\/\"]}]},{\"@type\":\"ImageObject\",\"inLanguage\":\"de\",\"@id\":\"https:\/\/www.humanium.org\/de\/serbien\/#primaryimage\",\"url\":\"https:\/\/www.humanium.org\/en\/wp-content\/uploads\/2011\/10\/serbie-fille-photo-de-tibo-flickr.jpg\",\"contentUrl\":\"https:\/\/www.humanium.org\/en\/wp-content\/uploads\/2011\/10\/serbie-fille-photo-de-tibo-flickr.jpg\"},{\"@type\":\"BreadcrumbList\",\"@id\":\"https:\/\/www.humanium.org\/de\/serbien\/#breadcrumb\",\"itemListElement\":[{\"@type\":\"ListItem\",\"position\":1,\"name\":\"Home\",\"item\":\"https:\/\/www.humanium.org\/de\/\"},{\"@type\":\"ListItem\",\"position\":2,\"name\":\"Kinder in Serbien\"}]},{\"@type\":\"WebSite\",\"@id\":\"https:\/\/www.humanium.org\/de\/#website\",\"url\":\"https:\/\/www.humanium.org\/de\/\",\"name\":\"Humanium\",\"description\":\"Kinder zuerst!\",\"potentialAction\":[{\"@type\":\"SearchAction\",\"target\":{\"@type\":\"EntryPoint\",\"urlTemplate\":\"https:\/\/www.humanium.org\/de\/?s={search_term_string}\"},\"query-input\":{\"@type\":\"PropertyValueSpecification\",\"valueRequired\":true,\"valueName\":\"search_term_string\"}}],\"inLanguage\":\"de\"}]}<\/script>\n<!-- \/ Yoast SEO plugin. -->","yoast_head_json":{"title":"Kinder in Serbien - Humanium","description":"Trotz anhaltender politischer Unruhen schneidet Serbien gut ab: Hinsichtlich der Gesundheit und Bildung der Kinder sind solide Fortschritte zu verzeichnen.","robots":{"index":"index","follow":"follow","max-snippet":"max-snippet:-1","max-image-preview":"max-image-preview:large","max-video-preview":"max-video-preview:-1"},"canonical":"https:\/\/www.humanium.org\/de\/serbien\/","og_locale":"de_DE","og_type":"article","og_title":"Kinder in Serbien - Humanium","og_description":"Trotz anhaltender politischer Unruhen schneidet Serbien gut ab: Hinsichtlich der Gesundheit und Bildung der Kinder sind solide Fortschritte zu verzeichnen.","og_url":"https:\/\/www.humanium.org\/de\/serbien\/","og_site_name":"Humanium","article_modified_time":"2025-12-05T17:11:23+00:00","twitter_card":"summary_large_image","twitter_misc":{"Gesch\u00e4tzte Lesezeit":"6\u00a0Minuten"},"schema":{"@context":"https:\/\/schema.org","@graph":[{"@type":"WebPage","@id":"https:\/\/www.humanium.org\/de\/serbien\/","url":"https:\/\/www.humanium.org\/de\/serbien\/","name":"Kinder in Serbien - Humanium","isPartOf":{"@id":"https:\/\/www.humanium.org\/de\/#website"},"primaryImageOfPage":{"@id":"https:\/\/www.humanium.org\/de\/serbien\/#primaryimage"},"image":{"@id":"https:\/\/www.humanium.org\/de\/serbien\/#primaryimage"},"thumbnailUrl":"https:\/\/www.humanium.org\/en\/wp-content\/uploads\/2011\/10\/serbie-fille-photo-de-tibo-flickr.jpg","datePublished":"2016-04-25T20:15:42+00:00","dateModified":"2025-12-05T17:11:23+00:00","description":"Trotz anhaltender politischer Unruhen schneidet Serbien gut ab: Hinsichtlich der Gesundheit und Bildung der Kinder sind solide Fortschritte zu verzeichnen.","breadcrumb":{"@id":"https:\/\/www.humanium.org\/de\/serbien\/#breadcrumb"},"inLanguage":"de","potentialAction":[{"@type":"ReadAction","target":["https:\/\/www.humanium.org\/de\/serbien\/"]}]},{"@type":"ImageObject","inLanguage":"de","@id":"https:\/\/www.humanium.org\/de\/serbien\/#primaryimage","url":"https:\/\/www.humanium.org\/en\/wp-content\/uploads\/2011\/10\/serbie-fille-photo-de-tibo-flickr.jpg","contentUrl":"https:\/\/www.humanium.org\/en\/wp-content\/uploads\/2011\/10\/serbie-fille-photo-de-tibo-flickr.jpg"},{"@type":"BreadcrumbList","@id":"https:\/\/www.humanium.org\/de\/serbien\/#breadcrumb","itemListElement":[{"@type":"ListItem","position":1,"name":"Home","item":"https:\/\/www.humanium.org\/de\/"},{"@type":"ListItem","position":2,"name":"Kinder in Serbien"}]},{"@type":"WebSite","@id":"https:\/\/www.humanium.org\/de\/#website","url":"https:\/\/www.humanium.org\/de\/","name":"Humanium","description":"Kinder zuerst!","potentialAction":[{"@type":"SearchAction","target":{"@type":"EntryPoint","urlTemplate":"https:\/\/www.humanium.org\/de\/?s={search_term_string}"},"query-input":{"@type":"PropertyValueSpecification","valueRequired":true,"valueName":"search_term_string"}}],"inLanguage":"de"}]}},"_links":{"self":[{"href":"https:\/\/www.humanium.org\/de\/wp-json\/wp\/v2\/pages\/6445","targetHints":{"allow":["GET"]}}],"collection":[{"href":"https:\/\/www.humanium.org\/de\/wp-json\/wp\/v2\/pages"}],"about":[{"href":"https:\/\/www.humanium.org\/de\/wp-json\/wp\/v2\/types\/page"}],"author":[{"embeddable":true,"href":"https:\/\/www.humanium.org\/de\/wp-json\/wp\/v2\/users\/1"}],"replies":[{"embeddable":true,"href":"https:\/\/www.humanium.org\/de\/wp-json\/wp\/v2\/comments?post=6445"}],"version-history":[{"count":3,"href":"https:\/\/www.humanium.org\/de\/wp-json\/wp\/v2\/pages\/6445\/revisions"}],"predecessor-version":[{"id":20176,"href":"https:\/\/www.humanium.org\/de\/wp-json\/wp\/v2\/pages\/6445\/revisions\/20176"}],"wp:attachment":[{"href":"https:\/\/www.humanium.org\/de\/wp-json\/wp\/v2\/media?parent=6445"}],"curies":[{"name":"wp","href":"https:\/\/api.w.org\/{rel}","templated":true}]}}