{"id":6448,"date":"2016-04-26T11:27:53","date_gmt":"2016-04-26T11:27:53","guid":{"rendered":"http:\/\/www.humanium.org\/de\/?page_id=6448"},"modified":"2025-12-05T16:51:20","modified_gmt":"2025-12-05T16:51:20","slug":"myanmar","status":"publish","type":"page","link":"https:\/\/www.humanium.org\/de\/myanmar\/","title":{"rendered":"Kinder in Myanmar"},"content":{"rendered":"<h1 style=\"text-align: left;\" align=\"center\">Kinder in Myanmar<\/h1>\n<h2 style=\"text-align: left;\" align=\"center\">Die Verwirklichung der Kinderrechte in Myanmar<\/h2>\n<p style=\"text-align: center;\"><img loading=\"lazy\" decoding=\"async\" class=\"alignnone size-full wp-image-14032\" title=\"Girl from Myanmar \u00a9 Francis Deport (flickr)\" src=\"https:\/\/www.humanium.org\/fr\/wp-content\/uploads\/2011\/09\/fillette-francis-deport-flickr.jpg\" alt=\"\" width=\"188\" height=\"200\" \/> <img loading=\"lazy\" decoding=\"async\" class=\"alignnone size-full wp-image-14031\" title=\"Boy from Myanmar \u00a9 Worak (flickr)\" src=\"https:\/\/www.humanium.org\/fr\/wp-content\/uploads\/2011\/09\/garcon-worak-flickr.jpg\" alt=\"\" width=\"133\" height=\"200\" \/><\/p>\n<p>Anfang der sechziger Jahre war Myanmar eines der wohlhabendsten L\u00e4nder in S\u00fcdasien. Seit 1962 begann jedoch eine Milit\u00e4rjunta das Land zu regieren, durch dass es zu einem der \u00e4rmsten L\u00e4nder der Welt wurde. Es verwundert deshalb nicht, dass den Rechten der Kinder sehr wenig Respekt entgegengebracht wird.<\/p>\n<h3>Probleme, mit denen die Kinder in Myanmar konfrontiert sind:<\/h3>\n<p><strong><a href=\"https:\/\/www.humanium.org\/de\/armut\/\">Armut<\/a><\/strong><\/p>\n<p><img loading=\"lazy\" decoding=\"async\" class=\"alignright size-full wp-image-14051\" title=\"Poverty principally affects children in rural areas \u00a9 z\u00e9rox (flickr).\" src=\"https:\/\/www.humanium.org\/fr\/wp-content\/uploads\/2011\/09\/pauvrete-zero-x-flickr.jpg\" alt=\"\" width=\"216\" height=\"169\" \/><\/p>\n<p>Myanmar leidet unter struktureller <a href=\"https:\/\/www.humanium.org\/de\/kinderarmut\/\">Armut<\/a>.\u00a0 32% der Bev\u00f6lkerung lebt unterhalb der Armutsgrenze. Das Bruttoinlandsprodukt (BIP) betr\u00e4gt beispielsweise $1.25 pro Einwohner.<\/p>\n<p>Diese Art der <a href=\"https:\/\/www.humanium.org\/de\/kinderarmut\/\">Armut<\/a> verhindert, dass Kinder ihre grundlegendsten Rechte genie\u00dfen k\u00f6nnen. Kinder aus l\u00e4ndlichen Gebieten sind besonders hart betroffen.<\/p>\n<p><strong><a href=\"https:\/\/www.humanium.org\/de\/das-recht-auf-gesundheit\/\">Gesundheitsprobleme<\/a><br \/>\n<\/strong><\/p>\n<p>Der Mangel an medizinischem Equipment und kompetentem Personal hat einen erheblichen Einfluss auf die <a href=\"https:\/\/www.humanium.org\/de\/das-recht-auf-gesundheit\/\">Gesundheit<\/a> der Kinder, insbesondere f\u00fcr Kinder aus armen Familien. In der Tat sterben etwa 70% der Kinder in Myanmar, <a href=\"https:\/\/www.humanium.org\/de\/kindersterblichkeit\/\">bevor sie das Alter von 5 Jahren erreichen<\/a>.<\/p>\n<p>Andere alarmierende Indikatoren f\u00fcr Gesundheit sind etwa Mangelerscheinungen (oft von Geburt an vorhanden) und <a href=\"https:\/\/www.humanium.org\/de\/kinder-und-aids\/\">AIDS<\/a> (oft von der Mutter auf das Kind \u00fcbertragen). Es wird gesch\u00e4tzt, dass zahlreiche Kinder an beiden Problemen leiden.<\/p>\n<p>F\u00fcr eine Verbesserung des Rechts zu Gesundheit ist es entscheidend, dass das Risiko der von der Mutter zum Kind \u00fcbertragenen HIV-Infektionen beseitigt werden muss.<\/p>\n<p><strong><a href=\"https:\/\/www.humanium.org\/de\/recht-bildung\/\">Mangelnde Schulbildung<\/a><\/strong><\/p>\n<p><img loading=\"lazy\" decoding=\"async\" class=\"alignright size-full wp-image-14052\" title=\"20% of Myanmar\u2019s children are uneducated \u00a9 Atti la (flickr)\" src=\"https:\/\/www.humanium.org\/fr\/wp-content\/uploads\/2011\/09\/education-atti-la-no-retouch-flickr.jpg\" alt=\"\" width=\"217\" height=\"145\" \/>Schulbildung ist kostenlos und Pflicht bis zum Alter von 10 Jahren. Dies liegt jedoch weit unter dem internationalen Durchschnitt. Es wird gesch\u00e4tzt, dass 20% der Kinder in Myanmar keine Schulbildung besitzen.<br \/>\nDie Regierung stellt keine wirklichen Mittel f\u00fcr <a href=\"https:\/\/www.humanium.org\/de\/recht-bildung\/\">Bildung<\/a>, zur Verf\u00fcgung und die Eltern sind nicht immer in der Lage, die Ausbildung ihrer Kinder zu finanzieren.<\/p>\n<p><strong>Gewalt<\/strong><\/p>\n<p>Die Kinder in Myanmar werden regelm\u00e4\u00dfig Opfer von physischer, sexueller und psychischer Gewalt.<\/p>\n<p>Gewalt gegen Kinder geschieht sehr h\u00e4ufig im Zusammenhang mit dem bewaffneten Konflikt, der in Myanmar herrscht. Aufgrund dieser beklagenswerten Situation ist es umso schwieriger, Strukturen zu schaffen, die sich an den Bed\u00fcrfnissen der Kinder orientieren.<\/p>\n<p><strong><a href=\"https:\/\/www.humanium.org\/de\/kinderarbeit-2\/\">Kinderarbeit<\/a><\/strong><\/p>\n<p><img loading=\"lazy\" decoding=\"async\" class=\"alignright size-full wp-image-14053\" title=\"Certain children are obliged to work in order to support their families \u00a9 Francis Deport (flickr)\" src=\"https:\/\/www.humanium.org\/fr\/wp-content\/uploads\/2011\/09\/travail-francis-deport-flickr.jpg\" alt=\"\" width=\"171\" height=\"161\" \/>Kinder aus armen Familien sind die Hauptopfer von Kinderarbeit. Viele von ihnen sind gezwungen Arbeit zu finden, um den Bedarf ihrer Familien zu unterst\u00fctzen.<\/p>\n<p>Oft sind sie <a href=\"https:\/\/www.humanium.org\/de\/kinderarbeit-2\/\">gezwungen,<\/a> in Bergwerken, auf Baustellen oder als Haushaltshilfe zu arbeiten. Diese Arbeiten gef\u00e4hrden ihre <a href=\"https:\/\/www.humanium.org\/de\/das-recht-auf-gesundheit\/\">Gesundheit<\/a> und haben einen negativen Effekt auf ihre k\u00f6rperliche und seelische Entwicklung.<\/p>\n<p><strong><a href=\"https:\/\/www.humanium.org\/de\/vertriebene-kinder\/\">Vertriebene Kinder<\/a><\/strong><\/p>\n<p>In Myanmar haben wirtschaftliche Schwierigkeiten und der bewaffnete Konflikt ca. 500.000 Menschen dazu gezwungen, aus ihren H\u00e4usern zu fliehen. Die Situation ist alarmierend: Mehr als ein Drittel der <a href=\"https:\/\/www.humanium.org\/de\/vertriebene-kinder\/\">Vertriebenen<\/a> \u00a0sind Kinder.<\/p>\n<p>Als Zeugen von Gr\u00e4ueltaten und manchmal als Opfer von Gewalt erleben diese Kinder einen intensiven und stressigen Alltag.\u00a0 Obdachlos und ohne <a href=\"https:\/\/www.humanium.org\/de\/recht-bildung\/\">Zugang zu Schulbildung<\/a> und den grundlegenden sozialen Dienstleistungen brauchen sie ganz dringend Schutz. In diesem Punkt muss viel getan werden.<\/p>\n<p><strong><a href=\"https:\/\/www.humanium.org\/de\/kindersoldaten\/\">Kindersoldaten<\/a><\/strong><\/p>\n<p><img loading=\"lazy\" decoding=\"async\" class=\"alignright size-full wp-image-14054\" title=\"Numerous children, some of them no older than 14, are enrolled in the army, much to their detriment \u00a9 Jr Trauben (flickr)\" src=\"https:\/\/www.humanium.org\/fr\/wp-content\/uploads\/2011\/09\/soldat-jr-trauben-flickr.jpg\" alt=\"\" width=\"179\" height=\"200\" \/>Das Mindestalter f\u00fcr die Aufnahme in die Armee ist 18 Jahre. Dennoch werden oft 14-j\u00e4hrige Kinder entf\u00fchrt und gezwungen gegen ethnische Rebellen zu k\u00e4mpfen.<\/p>\n<p>Diese Kinder verbringen ihre Tage in Trainingslagern, in denen die Bedingungen absolut schrecklich sind: Es herrscht Gewalt, Dreck, Nahrungsmangel, usw. Einige von ihnen fl\u00fcchten aus den Lagern, doch sie tun dies auf eigene Gefahr.<\/p>\n<p><strong><a href=\"https:\/\/www.humanium.org\/de\/recht-auf-identitat\/\">Identit\u00e4t<\/a><\/strong><\/p>\n<p>65% der Geburten in Myanmar sind nicht offiziell gemeldet. L\u00e4ndliche Regionen sind besonders von diesem Problem betroffen, da die Hebammen Geburten formlos anzeigen.<\/p>\n<p>Nur sehr wenige Geburten werden an die zust\u00e4ndigen Beh\u00f6rden gemeldet, deshalb existieren viele Kinder <a href=\"https:\/\/www.humanium.org\/de\/staatenlos-und-unsichtbar\/\">in der Gesellschaft nicht offiziell<\/a>.<\/p>\n","protected":false},"excerpt":{"rendered":"<p>Kinder in Myanmar Die Verwirklichung der Kinderrechte in Myanmar Anfang der sechziger Jahre war Myanmar eines der wohlhabendsten L\u00e4nder in S\u00fcdasien. Seit 1962 begann jedoch eine Milit\u00e4rjunta das Land zu regieren, durch dass es zu einem der \u00e4rmsten L\u00e4nder der Welt wurde. Es verwundert deshalb nicht, dass den Rechten der Kinder sehr wenig Respekt entgegengebracht [&hellip;]<\/p>\n","protected":false},"author":1,"featured_media":0,"parent":0,"menu_order":0,"comment_status":"closed","ping_status":"closed","template":"","meta":{"footnotes":""},"class_list":["post-6448","page","type-page","status-publish","hentry"],"yoast_head":"<!-- This site is optimized with the Yoast SEO plugin v26.5 - https:\/\/yoast.com\/wordpress\/plugins\/seo\/ -->\n<title>Kinder in Myanmar - Humanium<\/title>\n<meta name=\"description\" content=\"Seit 1962 begann jedoch eine Milit\u00e4rjunta Myanmar zu regieren. Es verwundert nicht, dass den Rechten der Kinder sehr wenig Respekt entgegengebracht wird.\" \/>\n<meta name=\"robots\" content=\"index, follow, max-snippet:-1, max-image-preview:large, max-video-preview:-1\" \/>\n<link rel=\"canonical\" href=\"https:\/\/www.humanium.org\/de\/myanmar\/\" \/>\n<meta property=\"og:locale\" content=\"de_DE\" \/>\n<meta property=\"og:type\" content=\"article\" \/>\n<meta property=\"og:title\" content=\"Kinder in Myanmar - Humanium\" \/>\n<meta property=\"og:description\" content=\"Seit 1962 begann jedoch eine Milit\u00e4rjunta Myanmar zu regieren. Es verwundert nicht, dass den Rechten der Kinder sehr wenig Respekt entgegengebracht wird.\" \/>\n<meta property=\"og:url\" content=\"https:\/\/www.humanium.org\/de\/myanmar\/\" \/>\n<meta property=\"og:site_name\" content=\"Humanium\" \/>\n<meta property=\"article:modified_time\" content=\"2025-12-05T16:51:20+00:00\" \/>\n<meta name=\"twitter:card\" content=\"summary_large_image\" \/>\n<meta name=\"twitter:label1\" content=\"Gesch\u00e4tzte Lesezeit\" \/>\n\t<meta name=\"twitter:data1\" content=\"5\u00a0Minuten\" \/>\n<script type=\"application\/ld+json\" class=\"yoast-schema-graph\">{\"@context\":\"https:\/\/schema.org\",\"@graph\":[{\"@type\":\"WebPage\",\"@id\":\"https:\/\/www.humanium.org\/de\/myanmar\/\",\"url\":\"https:\/\/www.humanium.org\/de\/myanmar\/\",\"name\":\"Kinder in Myanmar - Humanium\",\"isPartOf\":{\"@id\":\"https:\/\/www.humanium.org\/de\/#website\"},\"primaryImageOfPage\":{\"@id\":\"https:\/\/www.humanium.org\/de\/myanmar\/#primaryimage\"},\"image\":{\"@id\":\"https:\/\/www.humanium.org\/de\/myanmar\/#primaryimage\"},\"thumbnailUrl\":\"https:\/\/www.humanium.org\/fr\/wp-content\/uploads\/2011\/09\/fillette-francis-deport-flickr.jpg\",\"datePublished\":\"2016-04-26T11:27:53+00:00\",\"dateModified\":\"2025-12-05T16:51:20+00:00\",\"description\":\"Seit 1962 begann jedoch eine Milit\u00e4rjunta Myanmar zu regieren. Es verwundert nicht, dass den Rechten der Kinder sehr wenig Respekt entgegengebracht wird.\",\"breadcrumb\":{\"@id\":\"https:\/\/www.humanium.org\/de\/myanmar\/#breadcrumb\"},\"inLanguage\":\"de\",\"potentialAction\":[{\"@type\":\"ReadAction\",\"target\":[\"https:\/\/www.humanium.org\/de\/myanmar\/\"]}]},{\"@type\":\"ImageObject\",\"inLanguage\":\"de\",\"@id\":\"https:\/\/www.humanium.org\/de\/myanmar\/#primaryimage\",\"url\":\"https:\/\/www.humanium.org\/fr\/wp-content\/uploads\/2011\/09\/fillette-francis-deport-flickr.jpg\",\"contentUrl\":\"https:\/\/www.humanium.org\/fr\/wp-content\/uploads\/2011\/09\/fillette-francis-deport-flickr.jpg\"},{\"@type\":\"BreadcrumbList\",\"@id\":\"https:\/\/www.humanium.org\/de\/myanmar\/#breadcrumb\",\"itemListElement\":[{\"@type\":\"ListItem\",\"position\":1,\"name\":\"Home\",\"item\":\"https:\/\/www.humanium.org\/de\/\"},{\"@type\":\"ListItem\",\"position\":2,\"name\":\"Kinder in Myanmar\"}]},{\"@type\":\"WebSite\",\"@id\":\"https:\/\/www.humanium.org\/de\/#website\",\"url\":\"https:\/\/www.humanium.org\/de\/\",\"name\":\"Humanium\",\"description\":\"Kinder zuerst!\",\"potentialAction\":[{\"@type\":\"SearchAction\",\"target\":{\"@type\":\"EntryPoint\",\"urlTemplate\":\"https:\/\/www.humanium.org\/de\/?s={search_term_string}\"},\"query-input\":{\"@type\":\"PropertyValueSpecification\",\"valueRequired\":true,\"valueName\":\"search_term_string\"}}],\"inLanguage\":\"de\"}]}<\/script>\n<!-- \/ Yoast SEO plugin. -->","yoast_head_json":{"title":"Kinder in Myanmar - Humanium","description":"Seit 1962 begann jedoch eine Milit\u00e4rjunta Myanmar zu regieren. Es verwundert nicht, dass den Rechten der Kinder sehr wenig Respekt entgegengebracht wird.","robots":{"index":"index","follow":"follow","max-snippet":"max-snippet:-1","max-image-preview":"max-image-preview:large","max-video-preview":"max-video-preview:-1"},"canonical":"https:\/\/www.humanium.org\/de\/myanmar\/","og_locale":"de_DE","og_type":"article","og_title":"Kinder in Myanmar - Humanium","og_description":"Seit 1962 begann jedoch eine Milit\u00e4rjunta Myanmar zu regieren. Es verwundert nicht, dass den Rechten der Kinder sehr wenig Respekt entgegengebracht wird.","og_url":"https:\/\/www.humanium.org\/de\/myanmar\/","og_site_name":"Humanium","article_modified_time":"2025-12-05T16:51:20+00:00","twitter_card":"summary_large_image","twitter_misc":{"Gesch\u00e4tzte Lesezeit":"5\u00a0Minuten"},"schema":{"@context":"https:\/\/schema.org","@graph":[{"@type":"WebPage","@id":"https:\/\/www.humanium.org\/de\/myanmar\/","url":"https:\/\/www.humanium.org\/de\/myanmar\/","name":"Kinder in Myanmar - Humanium","isPartOf":{"@id":"https:\/\/www.humanium.org\/de\/#website"},"primaryImageOfPage":{"@id":"https:\/\/www.humanium.org\/de\/myanmar\/#primaryimage"},"image":{"@id":"https:\/\/www.humanium.org\/de\/myanmar\/#primaryimage"},"thumbnailUrl":"https:\/\/www.humanium.org\/fr\/wp-content\/uploads\/2011\/09\/fillette-francis-deport-flickr.jpg","datePublished":"2016-04-26T11:27:53+00:00","dateModified":"2025-12-05T16:51:20+00:00","description":"Seit 1962 begann jedoch eine Milit\u00e4rjunta Myanmar zu regieren. Es verwundert nicht, dass den Rechten der Kinder sehr wenig Respekt entgegengebracht wird.","breadcrumb":{"@id":"https:\/\/www.humanium.org\/de\/myanmar\/#breadcrumb"},"inLanguage":"de","potentialAction":[{"@type":"ReadAction","target":["https:\/\/www.humanium.org\/de\/myanmar\/"]}]},{"@type":"ImageObject","inLanguage":"de","@id":"https:\/\/www.humanium.org\/de\/myanmar\/#primaryimage","url":"https:\/\/www.humanium.org\/fr\/wp-content\/uploads\/2011\/09\/fillette-francis-deport-flickr.jpg","contentUrl":"https:\/\/www.humanium.org\/fr\/wp-content\/uploads\/2011\/09\/fillette-francis-deport-flickr.jpg"},{"@type":"BreadcrumbList","@id":"https:\/\/www.humanium.org\/de\/myanmar\/#breadcrumb","itemListElement":[{"@type":"ListItem","position":1,"name":"Home","item":"https:\/\/www.humanium.org\/de\/"},{"@type":"ListItem","position":2,"name":"Kinder in Myanmar"}]},{"@type":"WebSite","@id":"https:\/\/www.humanium.org\/de\/#website","url":"https:\/\/www.humanium.org\/de\/","name":"Humanium","description":"Kinder zuerst!","potentialAction":[{"@type":"SearchAction","target":{"@type":"EntryPoint","urlTemplate":"https:\/\/www.humanium.org\/de\/?s={search_term_string}"},"query-input":{"@type":"PropertyValueSpecification","valueRequired":true,"valueName":"search_term_string"}}],"inLanguage":"de"}]}},"_links":{"self":[{"href":"https:\/\/www.humanium.org\/de\/wp-json\/wp\/v2\/pages\/6448","targetHints":{"allow":["GET"]}}],"collection":[{"href":"https:\/\/www.humanium.org\/de\/wp-json\/wp\/v2\/pages"}],"about":[{"href":"https:\/\/www.humanium.org\/de\/wp-json\/wp\/v2\/types\/page"}],"author":[{"embeddable":true,"href":"https:\/\/www.humanium.org\/de\/wp-json\/wp\/v2\/users\/1"}],"replies":[{"embeddable":true,"href":"https:\/\/www.humanium.org\/de\/wp-json\/wp\/v2\/comments?post=6448"}],"version-history":[{"count":3,"href":"https:\/\/www.humanium.org\/de\/wp-json\/wp\/v2\/pages\/6448\/revisions"}],"predecessor-version":[{"id":20092,"href":"https:\/\/www.humanium.org\/de\/wp-json\/wp\/v2\/pages\/6448\/revisions\/20092"}],"wp:attachment":[{"href":"https:\/\/www.humanium.org\/de\/wp-json\/wp\/v2\/media?parent=6448"}],"curies":[{"name":"wp","href":"https:\/\/api.w.org\/{rel}","templated":true}]}}