{"id":6483,"date":"2016-04-27T11:04:59","date_gmt":"2016-04-27T11:04:59","guid":{"rendered":"http:\/\/www.humanium.org\/de\/?page_id=6483"},"modified":"2025-12-05T16:57:26","modified_gmt":"2025-12-05T16:57:26","slug":"tuvalu","status":"publish","type":"page","link":"https:\/\/www.humanium.org\/de\/tuvalu\/","title":{"rendered":"Kinder auf Tuvalu"},"content":{"rendered":"<h1>Kinder auf Tuvalu<\/h1>\n<h2>Die Verwirklichung der Kinderrechte auf Tuvalu<\/h2>\n<p style=\"text-align: center;\"><img loading=\"lazy\" decoding=\"async\" class=\"alignnone wp-image-13001\" title=\"Girl of Tuvalu\u00a9Joe-Strangelight (flickr)\" src=\"https:\/\/www.humanium.org\/en\/wp-content\/uploads\/2013\/03\/Joe-Strangelight-girl3-300x199.jpg\" alt=\"\" width=\"240\" height=\"200\" \/>\u00a0<img loading=\"lazy\" decoding=\"async\" class=\"alignnone wp-image-12999\" title=\"Boy of Tuvalu\u00a9Helena-Jinx (flickr)\" src=\"https:\/\/www.humanium.org\/en\/wp-content\/uploads\/2013\/03\/Helena-Jinx-boy2-300x225.jpg\" alt=\"\" width=\"240\" height=\"200\" \/><\/p>\n<p>Tuvalu, ein Inselstaat im Pazifischen Ozean, ist f\u00fcr viele Menschen sehr idyllisch. Doch das paradiesische Bild steht den Gefahren des Klimawandels gegen\u00fcber. Trotz einer sp\u00fcrbaren Verbesserung der Situation hinsichtlich der Kinderrechte in dem Archipel, ist diese noch nicht perfekt. Die Fortschritte bez\u00fcglich des Bildungs- und Gesundheitswesens lassen noch zu w\u00fcnschen \u00fcbrig und gro\u00dfe entwicklungspolitische Herausforderungen m\u00fcssen bew\u00e4ltigt werden.<\/p>\n<h3>Hauptprobleme, mit denen die Kinder auf Tuvalu konfrontiert sind:<\/h3>\n<p><strong>Klimawandel<\/strong><\/p>\n<p><img loading=\"lazy\" decoding=\"async\" class=\"alignright wp-image-12998\" title=\"350.org-Tuvalu\" src=\"https:\/\/www.humanium.org\/en\/wp-content\/uploads\/2013\/03\/350.org-Tuvalu-300x225.jpg\" alt=\"\" width=\"300\" height=\"200\" \/>Nach der Konferenz in Kopenhagen im Jahr 2009 wurde Tuvalu das internationale<\/p>\n<p>Symbol f\u00fcr die Folgen des Klimawandels. Die schlimmsten Probleme f\u00fcr Kinder, die heute in Tuvalu leben, stehen in direktem Zusammenhang mit der globalen Erw\u00e4rmung und dem Anstieg des Meeresspiegels. Diese betreffen sie sehr direkt. Sie sind die \u201eKinder des Klimawandels\u201c: Die erste Generation, die der sehr realen M\u00f6glichkeit des Verlusts ihres Landes durch den Anstieg des Meeresspiegels ins Auge sehen muss. Durch den Klimawandel k\u00f6nnten diese Kinder k\u00fcnftige Klimafl\u00fcchtlinge werden.<\/p>\n<p>Von Tag zu Tag beobachten die Kinder von Tuvalu wie ihre Str\u00e4nde verschwinden. Die Wellen entwurzeln Kokospalmen auf den Inseln und das Korallenriff verf\u00e4llt mehr und mehr. Bis 2050 wird es nach Ansicht einiger Experten die Inseln von Tuvalu nicht mehr geben.<\/p>\n<p><img loading=\"lazy\" decoding=\"async\" class=\"alignright wp-image-13002\" title=\"Kids playing in the waves, the day after the storm on Funafuti, Tuvalu\u00a9 Ecoflo (flickr)\" src=\"https:\/\/www.humanium.org\/en\/wp-content\/uploads\/2013\/03\/Kids-playing-in-the-waves-the-day-after-the-storm-on-FunafutiTuvalu-Ecoflo.jpg\" alt=\"\" width=\"250\" height=\"200\" \/>Die Realit\u00e4t, die die tuvaluischen Kinder heute erleben, ist beunruhigend: Trinkwasser wird immer weniger und muss importiert werden. F\u00fcr Ihre Bed\u00fcrfnisse sind die Einwohner Tuvalus vollst\u00e4ndig von Regenwasserspeichern abh\u00e4ngig. Auf der landwirtschaftlichen Ebene wird der Anbau von traditionellem Gem\u00fcse (Pulaka und Taro) immer schwieriger, weil der Boden mehr und mehr versalzt. Der Meeresspiegel steigt weiter an.<\/p>\n<p>Krankheiten, die sich \u00fcber das Wasser verbreiten, treten immer h\u00e4ufiger bei \u00dcberschwemmungen, bei hohen Gezeiten oder Zyklonen auf.<\/p>\n<p>Die Artenvielfalt ist bedroht, vor allem die Korallenriffe und die Meeresflora und -fauna. Diese sensiblen \u00d6kosysteme m\u00fcssen gesch\u00fctzt werden, um das Aussterben von Arten zu vermeiden.<\/p>\n<p>Dar\u00fcber hinaus sorgt die Erh\u00f6hung der Temperaturen von Ozeanwasser f\u00fcr eine erhebliche Reduzierung der Ressourcen von Muscheln und Fischen. Wenn man ber\u00fccksichtigt, dass die Einwohner von Tuvalu im Durchschnitt 500 Gramm Fisch pro Person pro Tag essen, h\u00e4tte eine Verringerung der Ressource verheerende Auswirkungen, nicht nur auf die Nahrungsquelle, sondern auch f\u00fcr die Entwicklung der Kinder.<\/p>\n<p>Der Klimawandel, der so allt\u00e4glich f\u00fcr die Kinder von Tuvalu ist, bringt die Grundlagen des menschlichen Lebens in Gefahr. Er bedroht ihre Gesundheit und ihre nat\u00fcrliche Umwelt, indem der Zugang zu Wasser, Nahrung und Land immer weiter eingeschr\u00e4nkt wird.<\/p>\n<p><strong>Bildung<\/strong><\/p>\n<p>Der Staat Tuvalu versucht die Bildung f\u00fcr die Kinder im Land zu verbessern. Wichtige Schritte wurden seit 2002 zugunsten der Kinder unternommen, insbesondere im Hinblick auf die Verbesserung der Bildungsqualit\u00e4t.<\/p>\n<p>Bildungsreformen begann 1991 mit einigen Initiativen: Die Grundschulzeit wurde von sechs auf acht Jahre erh\u00f6ht, anschlie\u00dfend erhalten die Kinder eine obligatorische, sekund\u00e4re Schulbildung von zwei Jahren, ohne eine selektive Aufnahmepr\u00fcfung bestehen zu m\u00fcssen.<\/p>\n<p><img loading=\"lazy\" decoding=\"async\" class=\"alignright size-full wp-image-13003\" title=\"Children at the Nauti School \u00a9 UKinFiji (flickr)\" src=\"https:\/\/www.humanium.org\/en\/wp-content\/uploads\/2013\/03\/UKinFiji.jpg\" alt=\"\" width=\"240\" height=\"160\" \/>Weiterf\u00fchrender Unterricht ist zug\u00e4nglich f\u00fcr diejenigen, die die F\u00e4higkeit und den Willen zur Fortsetzung ihrer Ausbildung besitzen. Der Lehrplan wurde komplett \u00fcberarbeitet, um sicherzustellen, dass die kulturellen Werte und die Sprache von Tuvalu beibehalten werden und um eine gerechte Balance zwischen den wissenschaftlichen und technischen Disziplinen zu gew\u00e4hrleisten.<\/p>\n<p>Tuvalu ist in 9 Inseln und Atolle unterteilt. Man kann sich leicht die Schwierigkeiten vorstellen, die sich durch die Geografie der Inseln in Bezug auf die Verf\u00fcgbarkeit von Lehrern, Geb\u00e4uden und Materialien ergeben. Trotzdem ist der Schulbesuch f\u00fcr alle Kinder ab dem Alter von 6 bis 16 Jahren obligatorisch. Die Grundschule ist kostenlos. Es gibt zw\u00f6lf Grundschulen, neun kostenlose staatliche Schulen und drei konfessionelle Schulen, die die Zahlung einer kleinen Anmeldegeb\u00fchr verlangen.<\/p>\n<p>Dennoch gibt es weiterhin einige Probleme. Die Standards und Werte der Alphabetisierung in den Grundschulen variieren stark von einer Schule zur anderen. Die Ursachen f\u00fcr diese Abweichungen sind mit der Tatsache verbunden, dass die Lehrer nicht immer ausreichend geschult sind, ein Mangel an Ressourcen und eine mangelnde Motivation bei Sch\u00fclern und Lehrern vorliegen. 83 % der Lehrer f\u00fcr Grundschulen und weiterf\u00fchrende Schulen werden in regionalen Zentren in Fidschi, Samoa und Tonga ausgebildet. Die Grundschule in der Hauptstadt ist \u00fcberf\u00fcllt: Es gibt 630 Kinder im Verh\u00e4ltnis zu nur 19 Lehrern.<\/p>\n<p>Au\u00dferdem hat Tuvalu nur zwei weiterf\u00fchrende Schulen auf den Inseln Funafuti und Vaitupu, was bedeutet, dass jedes Kind, das anderswo im Land lebt, seine Heimat verlassen und im Internat leben muss.<\/p>\n<p><strong>Gesundheit<\/strong><\/p>\n<p>Laut eines PNUD-Berichts von 2011 ist die Lebenserwartung bei der Geburt in Tuvalu 67,2 Jahre und die Sterblichkeitsrate f\u00fcr Kinder, die j\u00fcnger als 5 Jahre alt sind, betr\u00e4gt 35 pro 1000 Geburten im Jahr 2011. Einige gesundheitliche Probleme erregen weiterhin aufgrund des Umfangs ihrer Auswirkungen auf die Gesellschaft und besonders f\u00fcr Kinder Besorgnis. Die Zunahme der Diabetesf\u00e4lle bei Kindern und die steigenden negativen Auswirkungen von HIV und <a href=\"https:\/\/www.humanium.org\/de\/kinder-und-aids\/\">AIDS<\/a> auf Familien sind zwei Beispiele.<\/p>\n<p><strong>Armut<\/strong><\/p>\n<p><img loading=\"lazy\" decoding=\"async\" class=\"alignright size-full wp-image-13000\" title=\"\u00a9 joe-strangelight (flickr)\" src=\"https:\/\/www.humanium.org\/en\/wp-content\/uploads\/2013\/03\/joe-strangelight.jpg\" alt=\"\" width=\"240\" height=\"160\" \/>Obwohl es sehr wenig absolute Armut auf der Insel gibt, treten gro\u00dfe Ungleichheiten bei den Familieneinkommen im gesamten Gebiet auf. Kinder aus armen Familien sind die Ersten, die mit Diskriminierung, Schulabbr\u00fcchen und gesundheitlichen Problemen konfrontiert sind.<\/p>\n<p>In Tuvalu ist die Verbesserung des Wohlergehens von Kindern nicht das Problem von nur einer Person, sondern ein Anliegen f\u00fcr alle. Eine der zahlreichen Herausforderungen, die Tuvalu bew\u00e4ltigen muss, ist die Verbesserung der Koordination zwischen den verschiedenen Ministerien und Abteilungen zu allen Fragen, in denen es um Kinder geht.<\/p>\n","protected":false},"excerpt":{"rendered":"<p>Kinder auf Tuvalu Die Verwirklichung der Kinderrechte auf Tuvalu \u00a0 Tuvalu, ein Inselstaat im Pazifischen Ozean, ist f\u00fcr viele Menschen sehr idyllisch. Doch das paradiesische Bild steht den Gefahren des Klimawandels gegen\u00fcber. Trotz einer sp\u00fcrbaren Verbesserung der Situation hinsichtlich der Kinderrechte in dem Archipel, ist diese noch nicht perfekt. Die Fortschritte bez\u00fcglich des Bildungs- und [&hellip;]<\/p>\n","protected":false},"author":1,"featured_media":0,"parent":0,"menu_order":0,"comment_status":"closed","ping_status":"closed","template":"","meta":{"footnotes":""},"class_list":["post-6483","page","type-page","status-publish","hentry"],"yoast_head":"<!-- This site is optimized with the Yoast SEO plugin v26.5 - https:\/\/yoast.com\/wordpress\/plugins\/seo\/ -->\n<title>Kinder auf Tuvalu - Humanium<\/title>\n<meta name=\"description\" content=\"Trotz einer sp\u00fcrbaren Verbesserung der Situation hinsichtlich der Kinderrechte auf Tuvalu, diese Situation ist noch nicht perfekt.\" \/>\n<meta name=\"robots\" content=\"index, follow, max-snippet:-1, max-image-preview:large, max-video-preview:-1\" \/>\n<link rel=\"canonical\" href=\"https:\/\/www.humanium.org\/de\/tuvalu\/\" \/>\n<meta property=\"og:locale\" content=\"de_DE\" \/>\n<meta property=\"og:type\" content=\"article\" \/>\n<meta property=\"og:title\" content=\"Kinder auf Tuvalu - Humanium\" \/>\n<meta property=\"og:description\" content=\"Trotz einer sp\u00fcrbaren Verbesserung der Situation hinsichtlich der Kinderrechte auf Tuvalu, diese Situation ist noch nicht perfekt.\" \/>\n<meta property=\"og:url\" content=\"https:\/\/www.humanium.org\/de\/tuvalu\/\" \/>\n<meta property=\"og:site_name\" content=\"Humanium\" \/>\n<meta property=\"article:modified_time\" content=\"2025-12-05T16:57:26+00:00\" \/>\n<meta name=\"twitter:card\" content=\"summary_large_image\" \/>\n<meta name=\"twitter:label1\" content=\"Gesch\u00e4tzte Lesezeit\" \/>\n\t<meta name=\"twitter:data1\" content=\"7\u00a0Minuten\" \/>\n<script type=\"application\/ld+json\" class=\"yoast-schema-graph\">{\"@context\":\"https:\/\/schema.org\",\"@graph\":[{\"@type\":\"WebPage\",\"@id\":\"https:\/\/www.humanium.org\/de\/tuvalu\/\",\"url\":\"https:\/\/www.humanium.org\/de\/tuvalu\/\",\"name\":\"Kinder auf Tuvalu - Humanium\",\"isPartOf\":{\"@id\":\"https:\/\/www.humanium.org\/de\/#website\"},\"primaryImageOfPage\":{\"@id\":\"https:\/\/www.humanium.org\/de\/tuvalu\/#primaryimage\"},\"image\":{\"@id\":\"https:\/\/www.humanium.org\/de\/tuvalu\/#primaryimage\"},\"thumbnailUrl\":\"https:\/\/www.humanium.org\/en\/wp-content\/uploads\/2013\/03\/Joe-Strangelight-girl3-300x199.jpg\",\"datePublished\":\"2016-04-27T11:04:59+00:00\",\"dateModified\":\"2025-12-05T16:57:26+00:00\",\"description\":\"Trotz einer sp\u00fcrbaren Verbesserung der Situation hinsichtlich der Kinderrechte auf Tuvalu, diese Situation ist noch nicht perfekt.\",\"breadcrumb\":{\"@id\":\"https:\/\/www.humanium.org\/de\/tuvalu\/#breadcrumb\"},\"inLanguage\":\"de\",\"potentialAction\":[{\"@type\":\"ReadAction\",\"target\":[\"https:\/\/www.humanium.org\/de\/tuvalu\/\"]}]},{\"@type\":\"ImageObject\",\"inLanguage\":\"de\",\"@id\":\"https:\/\/www.humanium.org\/de\/tuvalu\/#primaryimage\",\"url\":\"https:\/\/www.humanium.org\/en\/wp-content\/uploads\/2013\/03\/Joe-Strangelight-girl3-300x199.jpg\",\"contentUrl\":\"https:\/\/www.humanium.org\/en\/wp-content\/uploads\/2013\/03\/Joe-Strangelight-girl3-300x199.jpg\"},{\"@type\":\"BreadcrumbList\",\"@id\":\"https:\/\/www.humanium.org\/de\/tuvalu\/#breadcrumb\",\"itemListElement\":[{\"@type\":\"ListItem\",\"position\":1,\"name\":\"Home\",\"item\":\"https:\/\/www.humanium.org\/de\/\"},{\"@type\":\"ListItem\",\"position\":2,\"name\":\"Kinder auf Tuvalu\"}]},{\"@type\":\"WebSite\",\"@id\":\"https:\/\/www.humanium.org\/de\/#website\",\"url\":\"https:\/\/www.humanium.org\/de\/\",\"name\":\"Humanium\",\"description\":\"Kinder zuerst!\",\"potentialAction\":[{\"@type\":\"SearchAction\",\"target\":{\"@type\":\"EntryPoint\",\"urlTemplate\":\"https:\/\/www.humanium.org\/de\/?s={search_term_string}\"},\"query-input\":{\"@type\":\"PropertyValueSpecification\",\"valueRequired\":true,\"valueName\":\"search_term_string\"}}],\"inLanguage\":\"de\"}]}<\/script>\n<!-- \/ Yoast SEO plugin. -->","yoast_head_json":{"title":"Kinder auf Tuvalu - Humanium","description":"Trotz einer sp\u00fcrbaren Verbesserung der Situation hinsichtlich der Kinderrechte auf Tuvalu, diese Situation ist noch nicht perfekt.","robots":{"index":"index","follow":"follow","max-snippet":"max-snippet:-1","max-image-preview":"max-image-preview:large","max-video-preview":"max-video-preview:-1"},"canonical":"https:\/\/www.humanium.org\/de\/tuvalu\/","og_locale":"de_DE","og_type":"article","og_title":"Kinder auf Tuvalu - Humanium","og_description":"Trotz einer sp\u00fcrbaren Verbesserung der Situation hinsichtlich der Kinderrechte auf Tuvalu, diese Situation ist noch nicht perfekt.","og_url":"https:\/\/www.humanium.org\/de\/tuvalu\/","og_site_name":"Humanium","article_modified_time":"2025-12-05T16:57:26+00:00","twitter_card":"summary_large_image","twitter_misc":{"Gesch\u00e4tzte Lesezeit":"7\u00a0Minuten"},"schema":{"@context":"https:\/\/schema.org","@graph":[{"@type":"WebPage","@id":"https:\/\/www.humanium.org\/de\/tuvalu\/","url":"https:\/\/www.humanium.org\/de\/tuvalu\/","name":"Kinder auf Tuvalu - Humanium","isPartOf":{"@id":"https:\/\/www.humanium.org\/de\/#website"},"primaryImageOfPage":{"@id":"https:\/\/www.humanium.org\/de\/tuvalu\/#primaryimage"},"image":{"@id":"https:\/\/www.humanium.org\/de\/tuvalu\/#primaryimage"},"thumbnailUrl":"https:\/\/www.humanium.org\/en\/wp-content\/uploads\/2013\/03\/Joe-Strangelight-girl3-300x199.jpg","datePublished":"2016-04-27T11:04:59+00:00","dateModified":"2025-12-05T16:57:26+00:00","description":"Trotz einer sp\u00fcrbaren Verbesserung der Situation hinsichtlich der Kinderrechte auf Tuvalu, diese Situation ist noch nicht perfekt.","breadcrumb":{"@id":"https:\/\/www.humanium.org\/de\/tuvalu\/#breadcrumb"},"inLanguage":"de","potentialAction":[{"@type":"ReadAction","target":["https:\/\/www.humanium.org\/de\/tuvalu\/"]}]},{"@type":"ImageObject","inLanguage":"de","@id":"https:\/\/www.humanium.org\/de\/tuvalu\/#primaryimage","url":"https:\/\/www.humanium.org\/en\/wp-content\/uploads\/2013\/03\/Joe-Strangelight-girl3-300x199.jpg","contentUrl":"https:\/\/www.humanium.org\/en\/wp-content\/uploads\/2013\/03\/Joe-Strangelight-girl3-300x199.jpg"},{"@type":"BreadcrumbList","@id":"https:\/\/www.humanium.org\/de\/tuvalu\/#breadcrumb","itemListElement":[{"@type":"ListItem","position":1,"name":"Home","item":"https:\/\/www.humanium.org\/de\/"},{"@type":"ListItem","position":2,"name":"Kinder auf Tuvalu"}]},{"@type":"WebSite","@id":"https:\/\/www.humanium.org\/de\/#website","url":"https:\/\/www.humanium.org\/de\/","name":"Humanium","description":"Kinder zuerst!","potentialAction":[{"@type":"SearchAction","target":{"@type":"EntryPoint","urlTemplate":"https:\/\/www.humanium.org\/de\/?s={search_term_string}"},"query-input":{"@type":"PropertyValueSpecification","valueRequired":true,"valueName":"search_term_string"}}],"inLanguage":"de"}]}},"_links":{"self":[{"href":"https:\/\/www.humanium.org\/de\/wp-json\/wp\/v2\/pages\/6483","targetHints":{"allow":["GET"]}}],"collection":[{"href":"https:\/\/www.humanium.org\/de\/wp-json\/wp\/v2\/pages"}],"about":[{"href":"https:\/\/www.humanium.org\/de\/wp-json\/wp\/v2\/types\/page"}],"author":[{"embeddable":true,"href":"https:\/\/www.humanium.org\/de\/wp-json\/wp\/v2\/users\/1"}],"replies":[{"embeddable":true,"href":"https:\/\/www.humanium.org\/de\/wp-json\/wp\/v2\/comments?post=6483"}],"version-history":[{"count":3,"href":"https:\/\/www.humanium.org\/de\/wp-json\/wp\/v2\/pages\/6483\/revisions"}],"predecessor-version":[{"id":20119,"href":"https:\/\/www.humanium.org\/de\/wp-json\/wp\/v2\/pages\/6483\/revisions\/20119"}],"wp:attachment":[{"href":"https:\/\/www.humanium.org\/de\/wp-json\/wp\/v2\/media?parent=6483"}],"curies":[{"name":"wp","href":"https:\/\/api.w.org\/{rel}","templated":true}]}}